{"id":1002,"date":"2022-06-08T13:43:12","date_gmt":"2022-06-08T13:43:12","guid":{"rendered":"https:\/\/inclusivemap.ca\/qui-nous-sommes\/"},"modified":"2025-11-07T23:37:18","modified_gmt":"2025-11-07T23:37:18","slug":"qui-nous-sommes","status":"publish","type":"page","link":"https:\/\/inclusivemap.ca\/fr\/qui-nous-sommes\/","title":{"rendered":"Qui nous sommes"},"content":{"rendered":"\n<p>Notre partenariat est principalement compos\u00e9 de personnes provenant de trois provinces (Qu\u00e9bec, Ontario, Colombie-Britannique), ainsi que de collaborateurs internationaux issus de diff\u00e9rents domaines, notamment: <\/p>\n\n<ul class=\"wp-block-list\">\n<li>Chercheurs universitaires \u00e0 diff\u00e9rents stades de carri\u00e8re<\/li>\n\n\n\n<li>Partenaires communautaires \/ commerciaux<\/li>\n\n\n\n<li>Partenaires gouvernementaux<\/li>\n\n\n\n<li>Partenaires universitaires\/autorit\u00e9s sanitaires<\/li>\n<\/ul>\n\n<p>Tous les partenaires collaborent pour r\u00e9pondre aux questions de recherche soulev\u00e9es par la communaut\u00e9 et \u00e9laborer des mesures visant \u00e0 accro\u00eetre la mobilit\u00e9, l&rsquo;acc\u00e8s et la participation des personnes ayant des incapacit\u00e9s au Canada et aux \u00c9tats-Unis.<\/p>\n\n<p>Pour en savoir plus, consultez nos pages <a href=\"https:\/\/inclusivemap.ca\/fr\/organization_type\/partenaires-des-organismes-communautaires\/\">Partenaires des organismes communautaires<\/a>, <a href=\"https:\/\/inclusivemap.ca\/fr\/organization_type\/partenaires-municipaux\/\">Partenaires municipaux<\/a>, <a href=\"https:\/\/inclusivemap.ca\/fr\/organization_type\/partenaires-academiques\/\">Partenaires acad\u00e9miques<\/a> et <a href=\"https:\/\/inclusivemap.ca\/person\/\">Personnes<\/a>.<\/p>\n\n<p>Le projet MAP est reconnaissant du soutien apport\u00e9 par <a href=\"https:\/\/www.ulaval.ca\/en\">l&rsquo;Universit\u00e9 Laval,<\/a> <a href=\"https:\/\/www.uic.edu\/\">University of Illinois Chicago<\/a>, <a href=\"https:\/\/www.sfu.ca\/\">Simon Fraser University,<\/a> et <a href=\"https:\/\/www.ubc.ca\/\">University of British Columbia<\/a>.<\/p>\n\n<p class=\"has-text-align-center\"><strong>Localisations de nos partenaires<\/strong><\/p>\n\n<div class=\"wp-block-group\"><div class=\"wp-block-group__inner-container is-layout-constrained wp-block-group-is-layout-constrained\"><div class=\"mapa\"><iframe loading=\"lazy\" src=\"https:\/\/www.google.com\/maps\/d\/u\/1\/embed?mid=1mp5LkYzsPiH8-2vP9LzfmyhxY1BWTWo&ehbc=2E312F\" width=\"640\" height=\"480\" style=\"border:0;\"><\/iframe><\/div>\n<\/div><\/div>\n","protected":false},"excerpt":{"rendered":"<p>Notre partenariat est principalement compos\u00e9 de personnes provenant de trois provinces (Qu\u00e9bec, Ontario, Colombie-Britannique), ainsi que de collaborateurs internationaux issus de diff\u00e9rents domaines, notamment: Tous les partenaires collaborent pour r\u00e9pondre aux questions de recherche soulev\u00e9es par la communaut\u00e9 et \u00e9laborer des mesures visant \u00e0 accro\u00eetre la mobilit\u00e9, l&rsquo;acc\u00e8s et la participation des personnes ayant des<a class=\"more-link\" href=\"https:\/\/inclusivemap.ca\/fr\/qui-nous-sommes\/\">Poursuivre la lecture de <span class=\"screen-reader-text\">\u00ab\u00a0Qui nous sommes\u00a0\u00bb<\/span><\/a><\/p>\n","protected":false},"author":1,"featured_media":0,"parent":0,"menu_order":0,"comment_status":"closed","ping_status":"closed","template":"","meta":{"_acf_changed":false,"inline_featured_image":false,"footnotes":""},"publication_categories":[],"class_list":["post-1002","page","type-page","status-publish","hentry","entry"],"acf":[],"yoast_head":"<!-- This site is optimized with the Yoast SEO plugin v26.9 - https:\/\/yoast.com\/product\/yoast-seo-wordpress\/ -->\n<title>Qui nous sommes - Inclusivemap<\/title>\n<meta name=\"robots\" content=\"index, follow, max-snippet:-1, max-image-preview:large, max-video-preview:-1\" \/>\n<link rel=\"canonical\" href=\"https:\/\/inclusivemap.ca\/fr\/qui-nous-sommes\/\" \/>\n<meta property=\"og:locale\" content=\"fr_FR\" \/>\n<meta property=\"og:type\" content=\"article\" \/>\n<meta property=\"og:title\" content=\"Qui nous sommes - Inclusivemap\" \/>\n<meta property=\"og:description\" content=\"Notre partenariat est principalement compos\u00e9 de personnes provenant de trois provinces (Qu\u00e9bec, Ontario, Colombie-Britannique), ainsi que de collaborateurs internationaux issus de diff\u00e9rents domaines, notamment: Tous les partenaires collaborent pour r\u00e9pondre aux questions de recherche soulev\u00e9es par la communaut\u00e9 et \u00e9laborer des mesures visant \u00e0 accro\u00eetre la mobilit\u00e9, l&rsquo;acc\u00e8s et la participation des personnes ayant desPoursuivre la lecture de &quot;Qui nous sommes&quot;\" \/>\n<meta property=\"og:url\" content=\"https:\/\/inclusivemap.ca\/fr\/qui-nous-sommes\/\" \/>\n<meta property=\"og:site_name\" content=\"Inclusivemap\" \/>\n<meta property=\"article:modified_time\" content=\"2025-11-07T23:37:18+00:00\" \/>\n<meta name=\"twitter:card\" content=\"summary_large_image\" \/>\n<meta name=\"twitter:label1\" content=\"Dur\u00e9e de lecture estim\u00e9e\" \/>\n\t<meta name=\"twitter:data1\" content=\"1 minute\" \/>\n<script type=\"application\/ld+json\" class=\"yoast-schema-graph\">{\"@context\":\"https:\/\/schema.org\",\"@graph\":[{\"@type\":\"WebPage\",\"@id\":\"https:\/\/inclusivemap.ca\/fr\/qui-nous-sommes\/\",\"url\":\"https:\/\/inclusivemap.ca\/fr\/qui-nous-sommes\/\",\"name\":\"Qui nous sommes - Inclusivemap\",\"isPartOf\":{\"@id\":\"https:\/\/inclusivemap.ca\/fr\/#website\"},\"datePublished\":\"2022-06-08T13:43:12+00:00\",\"dateModified\":\"2025-11-07T23:37:18+00:00\",\"breadcrumb\":{\"@id\":\"https:\/\/inclusivemap.ca\/fr\/qui-nous-sommes\/#breadcrumb\"},\"inLanguage\":\"fr-FR\",\"potentialAction\":[{\"@type\":\"ReadAction\",\"target\":[\"https:\/\/inclusivemap.ca\/fr\/qui-nous-sommes\/\"]}]},{\"@type\":\"BreadcrumbList\",\"@id\":\"https:\/\/inclusivemap.ca\/fr\/qui-nous-sommes\/#breadcrumb\",\"itemListElement\":[{\"@type\":\"ListItem\",\"position\":1,\"name\":\"Home\",\"item\":\"https:\/\/inclusivemap.ca\/fr\/\"},{\"@type\":\"ListItem\",\"position\":2,\"name\":\"Qui nous sommes\"}]},{\"@type\":\"WebSite\",\"@id\":\"https:\/\/inclusivemap.ca\/fr\/#website\",\"url\":\"https:\/\/inclusivemap.ca\/fr\/\",\"name\":\"Inclusivemap\",\"description\":\"MAP \u2013 Mobility | Access | Participation\",\"publisher\":{\"@id\":\"https:\/\/inclusivemap.ca\/fr\/#organization\"},\"potentialAction\":[{\"@type\":\"SearchAction\",\"target\":{\"@type\":\"EntryPoint\",\"urlTemplate\":\"https:\/\/inclusivemap.ca\/fr\/?s={search_term_string}\"},\"query-input\":{\"@type\":\"PropertyValueSpecification\",\"valueRequired\":true,\"valueName\":\"search_term_string\"}}],\"inLanguage\":\"fr-FR\"},{\"@type\":\"Organization\",\"@id\":\"https:\/\/inclusivemap.ca\/fr\/#organization\",\"name\":\"Inclusivemap\",\"url\":\"https:\/\/inclusivemap.ca\/fr\/\",\"logo\":{\"@type\":\"ImageObject\",\"inLanguage\":\"fr-FR\",\"@id\":\"https:\/\/inclusivemap.ca\/fr\/#\/schema\/logo\/image\/\",\"url\":\"https:\/\/inclusivemap.ca\/wp-content\/uploads\/2022\/07\/map_bigprint_lighterblue.png\",\"contentUrl\":\"https:\/\/inclusivemap.ca\/wp-content\/uploads\/2022\/07\/map_bigprint_lighterblue.png\",\"width\":8348,\"height\":4563,\"caption\":\"Inclusivemap\"},\"image\":{\"@id\":\"https:\/\/inclusivemap.ca\/fr\/#\/schema\/logo\/image\/\"}}]}<\/script>\n<!-- \/ Yoast SEO plugin. -->","yoast_head_json":{"title":"Qui nous sommes - Inclusivemap","robots":{"index":"index","follow":"follow","max-snippet":"max-snippet:-1","max-image-preview":"max-image-preview:large","max-video-preview":"max-video-preview:-1"},"canonical":"https:\/\/inclusivemap.ca\/fr\/qui-nous-sommes\/","og_locale":"fr_FR","og_type":"article","og_title":"Qui nous sommes - Inclusivemap","og_description":"Notre partenariat est principalement compos\u00e9 de personnes provenant de trois provinces (Qu\u00e9bec, Ontario, Colombie-Britannique), ainsi que de collaborateurs internationaux issus de diff\u00e9rents domaines, notamment: Tous les partenaires collaborent pour r\u00e9pondre aux questions de recherche soulev\u00e9es par la communaut\u00e9 et \u00e9laborer des mesures visant \u00e0 accro\u00eetre la mobilit\u00e9, l&rsquo;acc\u00e8s et la participation des personnes ayant desPoursuivre la lecture de \"Qui nous sommes\"","og_url":"https:\/\/inclusivemap.ca\/fr\/qui-nous-sommes\/","og_site_name":"Inclusivemap","article_modified_time":"2025-11-07T23:37:18+00:00","twitter_card":"summary_large_image","twitter_misc":{"Dur\u00e9e de lecture estim\u00e9e":"1 minute"},"schema":{"@context":"https:\/\/schema.org","@graph":[{"@type":"WebPage","@id":"https:\/\/inclusivemap.ca\/fr\/qui-nous-sommes\/","url":"https:\/\/inclusivemap.ca\/fr\/qui-nous-sommes\/","name":"Qui nous sommes - Inclusivemap","isPartOf":{"@id":"https:\/\/inclusivemap.ca\/fr\/#website"},"datePublished":"2022-06-08T13:43:12+00:00","dateModified":"2025-11-07T23:37:18+00:00","breadcrumb":{"@id":"https:\/\/inclusivemap.ca\/fr\/qui-nous-sommes\/#breadcrumb"},"inLanguage":"fr-FR","potentialAction":[{"@type":"ReadAction","target":["https:\/\/inclusivemap.ca\/fr\/qui-nous-sommes\/"]}]},{"@type":"BreadcrumbList","@id":"https:\/\/inclusivemap.ca\/fr\/qui-nous-sommes\/#breadcrumb","itemListElement":[{"@type":"ListItem","position":1,"name":"Home","item":"https:\/\/inclusivemap.ca\/fr\/"},{"@type":"ListItem","position":2,"name":"Qui nous sommes"}]},{"@type":"WebSite","@id":"https:\/\/inclusivemap.ca\/fr\/#website","url":"https:\/\/inclusivemap.ca\/fr\/","name":"Inclusivemap","description":"MAP \u2013 Mobility | Access | Participation","publisher":{"@id":"https:\/\/inclusivemap.ca\/fr\/#organization"},"potentialAction":[{"@type":"SearchAction","target":{"@type":"EntryPoint","urlTemplate":"https:\/\/inclusivemap.ca\/fr\/?s={search_term_string}"},"query-input":{"@type":"PropertyValueSpecification","valueRequired":true,"valueName":"search_term_string"}}],"inLanguage":"fr-FR"},{"@type":"Organization","@id":"https:\/\/inclusivemap.ca\/fr\/#organization","name":"Inclusivemap","url":"https:\/\/inclusivemap.ca\/fr\/","logo":{"@type":"ImageObject","inLanguage":"fr-FR","@id":"https:\/\/inclusivemap.ca\/fr\/#\/schema\/logo\/image\/","url":"https:\/\/inclusivemap.ca\/wp-content\/uploads\/2022\/07\/map_bigprint_lighterblue.png","contentUrl":"https:\/\/inclusivemap.ca\/wp-content\/uploads\/2022\/07\/map_bigprint_lighterblue.png","width":8348,"height":4563,"caption":"Inclusivemap"},"image":{"@id":"https:\/\/inclusivemap.ca\/fr\/#\/schema\/logo\/image\/"}}]}},"_links":{"self":[{"href":"https:\/\/inclusivemap.ca\/fr\/wp-json\/wp\/v2\/pages\/1002","targetHints":{"allow":["GET"]}}],"collection":[{"href":"https:\/\/inclusivemap.ca\/fr\/wp-json\/wp\/v2\/pages"}],"about":[{"href":"https:\/\/inclusivemap.ca\/fr\/wp-json\/wp\/v2\/types\/page"}],"author":[{"embeddable":true,"href":"https:\/\/inclusivemap.ca\/fr\/wp-json\/wp\/v2\/users\/1"}],"replies":[{"embeddable":true,"href":"https:\/\/inclusivemap.ca\/fr\/wp-json\/wp\/v2\/comments?post=1002"}],"version-history":[{"count":5,"href":"https:\/\/inclusivemap.ca\/fr\/wp-json\/wp\/v2\/pages\/1002\/revisions"}],"predecessor-version":[{"id":5970,"href":"https:\/\/inclusivemap.ca\/fr\/wp-json\/wp\/v2\/pages\/1002\/revisions\/5970"}],"wp:attachment":[{"href":"https:\/\/inclusivemap.ca\/fr\/wp-json\/wp\/v2\/media?parent=1002"}],"wp:term":[{"taxonomy":"publication_categories","embeddable":true,"href":"https:\/\/inclusivemap.ca\/fr\/wp-json\/wp\/v2\/publication_categories?post=1002"}],"curies":[{"name":"wp","href":"https:\/\/api.w.org\/{rel}","templated":true}]}}