{"id":1048,"date":"2022-06-08T13:50:08","date_gmt":"2022-06-08T13:50:08","guid":{"rendered":"https:\/\/inclusivemap.ca\/impliquez-vous\/"},"modified":"2025-11-13T00:41:02","modified_gmt":"2025-11-13T00:41:02","slug":"impliquez-vous","status":"publish","type":"page","link":"https:\/\/inclusivemap.ca\/fr\/impliquez-vous\/","title":{"rendered":"Impliquez-Vous"},"content":{"rendered":"\n<p class=\"has-text-align-left\"><strong>Souhaitez-vous vous impliquer dans MAP?<\/strong><\/p>\n\n\n\n<p>Si vous souhaitez en savoir plus sur MAP et comment vous impliquer, veuillez contacter <strong>mortenson.lab@ubc.ca.<\/strong><\/p>\n\n\n\n<p>Nous vous invitons \u00e0 vous joindre \u00e0 nous en tant que :<\/p>\n\n\n\n<ul class=\"wp-block-list\">\n<li>Membres de la communaut\u00e9 des personnes avec une incapacit\u00e9<\/li>\n\n\n\n<li>Organisation communautaire<\/li>\n\n\n\n<li>Municipalit\u00e9<\/li>\n\n\n\n<li>Chercheur universitaire<\/li>\n\n\n\n<li>\u00c9tudiant \/ b\u00e9n\u00e9vole<\/li>\n<\/ul>\n\n\n\n<p>Si vous \u00eates une personne avec des incapacit\u00e9s ou une personne \u00e2g\u00e9e et que vous souhaitez participer \u00e0 des recherches, veuillez nous envoyer un courriel et demander \u00e0 \u00eatre ajout\u00e9 \u00e0 la liste de recrutement de l\u2019\u00e9tude.<\/p>\n\n\n\n<p>D\u00e9couvrez les possibilit\u00e9s actuelles de participer \u00e0 nos recherches !<\/p>\n\n\n\n<div class=\"wp-block-buttons is-layout-flex wp-block-buttons-is-layout-flex\">\n<div class=\"wp-block-button\"><a class=\"wp-block-button__link wp-element-button\" href=\"https:\/\/inclusivemap.ca\/fr\/participer-a-nos-recherches\/\">Participer \u00e0 nos recherches<\/a><\/div>\n<\/div>\n\n\n\n<p>N\u2019h\u00e9sitez pas \u00e0 consulter notre site Web et \u00e0 nous suivre sur <a href=\"https:\/\/www.facebook.com\/inclusiveMAPca\/\" target=\"_blank\" rel=\"noreferrer noopener\">Facebook<\/a>, <a href=\"https:\/\/twitter.com\/inclusivemap\">X<\/a> , et <a href=\"https:\/\/www.instagram.com\/inclusivemap\/\" target=\"_blank\" rel=\"noreferrer noopener\">Instagram<\/a> pour toutes les mises \u00e0 jour.<\/p>\n\n\n<div class=\"wp-block-image is-resized\">\n<figure class=\"aligncenter size-large\"><img decoding=\"async\" src=\"https:\/\/inclusivemap.ca\/wp-content\/uploads\/2021\/11\/Picture1-1024x1016.png\" alt=\"\" class=\"wp-image-363\"\/><figcaption class=\"wp-element-caption\">A person walking with a cane<\/figcaption><\/figure>\n<\/div>\n\n\n<div class=\"wp-block-contact-form-7-contact-form-selector\">\n<div class=\"wpcf7 no-js\" id=\"wpcf7-f1598-o1\" lang=\"fr-FR\" dir=\"ltr\" data-wpcf7-id=\"1598\">\n<div class=\"screen-reader-response\"><p role=\"status\" aria-live=\"polite\" aria-atomic=\"true\"><\/p> <ul><\/ul><\/div>\n<form action=\"\/fr\/wp-json\/wp\/v2\/pages\/1048#wpcf7-f1598-o1\" method=\"post\" class=\"wpcf7-form init\" aria-label=\"Formulaire de contact\" novalidate=\"novalidate\" data-status=\"init\">\n<fieldset class=\"hidden-fields-container\"><input type=\"hidden\" name=\"_wpcf7\" value=\"1598\" \/><input type=\"hidden\" name=\"_wpcf7_version\" value=\"6.1.4\" \/><input type=\"hidden\" name=\"_wpcf7_locale\" value=\"fr_FR\" \/><input type=\"hidden\" name=\"_wpcf7_unit_tag\" value=\"wpcf7-f1598-o1\" \/><input type=\"hidden\" name=\"_wpcf7_container_post\" value=\"0\" \/><input type=\"hidden\" name=\"_wpcf7_posted_data_hash\" value=\"\" \/><input type=\"hidden\" name=\"_wpcf7dtx_version\" value=\"5.0.4\" \/><input type=\"hidden\" name=\"_wpcf7_recaptcha_response\" value=\"\" \/>\n<\/fieldset>\n<p><label> Nom<br \/>\n<span class=\"wpcf7-form-control-wrap\" data-name=\"your-name\"><input size=\"40\" maxlength=\"400\" class=\"wpcf7-form-control wpcf7-text wpcf7-validates-as-required\" aria-required=\"true\" aria-invalid=\"false\" value=\"\" type=\"text\" name=\"your-name\" \/><\/span> <\/label>\n<\/p>\n<p><label> Courriel<br \/>\n<span class=\"wpcf7-form-control-wrap\" data-name=\"your-email\"><input size=\"40\" maxlength=\"400\" class=\"wpcf7-form-control wpcf7-email wpcf7-validates-as-required wpcf7-text wpcf7-validates-as-email\" aria-required=\"true\" aria-invalid=\"false\" value=\"\" type=\"email\" name=\"your-email\" \/><\/span> <\/label>\n<\/p>\n<p><label> \u00c0 propos de quel sujet, aimeriez-vous obtenir plus d\u2019information?<br \/>\n<span class=\"wpcf7-form-control-wrap\" data-name=\"your-message\"><textarea cols=\"40\" rows=\"10\" maxlength=\"2000\" class=\"wpcf7-form-control wpcf7-textarea wpcf7-validates-as-required\" aria-required=\"true\" aria-invalid=\"false\" name=\"your-message\"><\/textarea><\/span> <\/label>\n<\/p>\n<p><strong>Participation recherch\u00e9e<\/strong><br \/>\n<span class=\"wpcf7-form-control-wrap\" data-name=\"your-want\"><span class=\"wpcf7-form-control wpcf7-checkbox wpcf7-validates-as-required\"><span class=\"wpcf7-list-item first\"><label><input type=\"checkbox\" name=\"your-want[]\" value=\"Souhaitez-vous participer \u00e0 des recherches?\" \/><span class=\"wpcf7-list-item-label\">Souhaitez-vous participer \u00e0 des recherches?<\/span><\/label><\/span><span class=\"wpcf7-list-item\"><label><input type=\"checkbox\" name=\"your-want[]\" value=\"Souhaiteriez-vous participer au projet d&#039;\u00e9quipe en tant que chercheur\/\u00e9tudiant\/partenaire communautaire?\" \/><span class=\"wpcf7-list-item-label\">Souhaiteriez-vous participer au projet d&#039;\u00e9quipe en tant que chercheur\/\u00e9tudiant\/partenaire communautaire?<\/span><\/label><\/span><span class=\"wpcf7-list-item last\"><label><input type=\"checkbox\" name=\"your-want[]\" value=\"Autre\" \/><span class=\"wpcf7-list-item-label\">Autre<\/span><\/label><\/span><\/span><\/span>\n<\/p>\n<p><strong>Projets d'int\u00e9r\u00eat<\/strong><br \/>\n<span class=\"wpcf7-form-control-wrap post_select-978\"><select class=\"wpcf7-form-control wpcf7-select post\" aria-required=\"true\" aria-invalid=\"false\" allow-clear=\"false\" search-box=\"true\" multiple=\"multiple\" name=\"post_select-978[]\" placeholder=\"&mdash; S\u00e9lectionner &mdash;\"><option value=\"Website Accessibility for People with Traumatic Brain Injury\" data-id=\"1307\">Website Accessibility for People with Traumatic Brain Injury<\/option><option value=\"Une plateforme pour accompagner des personnes vivant avec des incapacit\u00e9s vers un loisir autonome en plein air\" data-id=\"5634\">Une plateforme pour accompagner des personnes vivant avec des incapacit\u00e9s vers un loisir autonome en plein air<\/option><option value=\"Une application mobile pour apprendre aux gens \u00e0 adapter et \u00e0 utiliser correctement les aides \u00e0 la marche (ICanWALK\u00a9)\" data-id=\"3961\">Une application mobile pour apprendre aux gens \u00e0 adapter et \u00e0 utiliser correctement les aides \u00e0 la marche (ICanWALK\u00a9)<\/option><option value=\"Understanding the Experiences of\u202fPeople with Disabilities Utilizing Taxi and Rideshare Services\" data-id=\"2471\">Understanding the Experiences of\u202fPeople with Disabilities Utilizing Taxi and Rideshare Services<\/option><option value=\"Stakeholder&#039;s Walkability\/Wheelability Audit in Neighbourhoods (SWAN) Tool Development for People with Sensory and Cognitive Disabilities\" data-id=\"1306\">Stakeholder&#039;s Walkability\/Wheelability Audit in Neighbourhoods (SWAN) Tool Development for People with Sensory and Cognitive Disabilities<\/option><option value=\"Social Network Analysis\" data-id=\"1311\">Social Network Analysis<\/option><option value=\"Sidewalk Infrastructure Project\" data-id=\"3562\">Sidewalk Infrastructure Project<\/option><option value=\"Service d&#039;accompagnement en mobilit\u00e9 int\u00e9gr\u00e9e (SAMI)\" data-id=\"1310\">Service d&#039;accompagnement en mobilit\u00e9 int\u00e9gr\u00e9e (SAMI)<\/option><option value=\"Ressources d&#039;information climatique li\u00e9s \u00e0 la sant\u00e9 afin d&#039;accro\u00eetre la r\u00e9silience des communaut\u00e9s vuln\u00e9rables dans les centres urbains\" data-id=\"4048\">Ressources d&#039;information climatique li\u00e9s \u00e0 la sant\u00e9 afin d&#039;accro\u00eetre la r\u00e9silience des communaut\u00e9s vuln\u00e9rables dans les centres urbains<\/option><option value=\"iPASS-\u00e2ge. Incendies : Pr\u00e9vention, Accessibilit\u00e9 et S\u00e9curit\u00e9 pour les personnes \u00e2g\u00e9es\" data-id=\"4182\">iPASS-\u00e2ge. Incendies : Pr\u00e9vention, Accessibilit\u00e9 et S\u00e9curit\u00e9 pour les personnes \u00e2g\u00e9es<\/option><option value=\"Intersectional Sensitivity Training for Service Providers\" data-id=\"1308\">Intersectional Sensitivity Training for Service Providers<\/option><option value=\"Inclusive Airports: Toward inclusive accessibility in Canadian\u202fairports\" data-id=\"4045\">Inclusive Airports: Toward inclusive accessibility in Canadian\u202fairports<\/option><option value=\"Improving Wayfinding Skills Among People with Disabilities\" data-id=\"3985\">Improving Wayfinding Skills Among People with Disabilities<\/option><option value=\"Identification des facilitateurs et des obstacles \u00e0 l&#039;utilisation des transports publics adapt\u00e9s par les personnes \u00e9ligibles accompagn\u00e9es d&#039;un enfant \u00e2g\u00e9 de 5 ans ou moins\" data-id=\"3888\">Identification des facilitateurs et des obstacles \u00e0 l&#039;utilisation des transports publics adapt\u00e9s par les personnes \u00e9ligibles accompagn\u00e9es d&#039;un enfant \u00e2g\u00e9 de 5 ans ou moins<\/option><option value=\"Engineering Solutions for Outdoor Accessibility\" data-id=\"1317\">Engineering Solutions for Outdoor Accessibility<\/option><option value=\"Discrepancy Awareness\u202fTraining to Change Attitudes Toward Disability\" data-id=\"4077\">Discrepancy Awareness\u202fTraining to Change Attitudes Toward Disability<\/option><option value=\"D\u00e9veloppement D&#039;Indicateurs De L&#039;utilisation Des Transports Publics\" data-id=\"1312\">D\u00e9veloppement D&#039;Indicateurs De L&#039;utilisation Des Transports Publics<\/option><option value=\"Cycle Lane Infrastructure Project\" data-id=\"978\">Cycle Lane Infrastructure Project<\/option><option value=\"AXS2Fly : Bienvenue \u00e0 bord\" data-id=\"5814\">AXS2Fly : Bienvenue \u00e0 bord<\/option><option value=\"AXS-Patrimoine : Pour une Conciliation Harmonieuse Entre nos B\u00e2timents Patrimoniaux et L&#039;Accessibilit\u00e9 Inclusive\" data-id=\"4189\">AXS-Patrimoine : Pour une Conciliation Harmonieuse Entre nos B\u00e2timents Patrimoniaux et L&#039;Accessibilit\u00e9 Inclusive<\/option><option value=\"Active Transportation Policy Analysis\" data-id=\"1313\">Active Transportation Policy Analysis<\/option><option value=\"Active Transportation Policy Analysis\" data-id=\"2802\">Active Transportation Policy Analysis<\/option><option value=\"Accessibility of the Built Environment for People with Disabilities: Best Practices and Knowledge Mobilization Challenges in a Municipal Organization\" data-id=\"1315\">Accessibility of the Built Environment for People with Disabilities: Best Practices and Knowledge Mobilization Challenges in a Municipal Organization<\/option><option value=\"Accessibility Advisory Committees\/Disability Advocacy on a Local Level\" data-id=\"1309\">Accessibility Advisory Committees\/Disability Advocacy on a Local Level<\/option><option value=\"Access to Fly:\u202fDevelopment\u202fof user-based recommendations to support air travel for people with SCI\" data-id=\"3236\">Access to Fly:\u202fDevelopment\u202fof user-based recommendations to support air travel for people with SCI<\/option><option value=\"Access to community services for people with disabilities or loss of autonomy (PWD) since the COVID-19 pandemic:\u202fa research-action study\" data-id=\"3238\">Access to community services for people with disabilities or loss of autonomy (PWD) since the COVID-19 pandemic:\u202fa research-action study<\/option><option value=\"A community-based system for sharing\u202fRecreational Assistive Devices\u202f(RAD)\" data-id=\"2473\">A community-based system for sharing\u202fRecreational Assistive Devices\u202f(RAD)<\/option><\/select><\/span>\n<\/p>\n<p><input class=\"wpcf7-form-control wpcf7-submit has-spinner\" type=\"submit\" value=\"Soumettre\" \/>\n<\/p><div class=\"wpcf7-response-output\" aria-hidden=\"true\"><\/div>\n<\/form>\n<\/div>\n<\/div>\n","protected":false},"excerpt":{"rendered":"<p>Souhaitez-vous vous impliquer dans MAP? Si vous souhaitez en savoir plus sur MAP et comment vous impliquer, veuillez contacter mortenson.lab@ubc.ca. Nous vous invitons \u00e0 vous joindre \u00e0 nous en tant que : Si vous \u00eates une personne avec des incapacit\u00e9s ou une personne \u00e2g\u00e9e et que vous souhaitez participer \u00e0 des recherches, veuillez nous envoyer<a class=\"more-link\" href=\"https:\/\/inclusivemap.ca\/fr\/impliquez-vous\/\">Poursuivre la lecture de <span class=\"screen-reader-text\">\u00ab\u00a0Impliquez-Vous\u00a0\u00bb<\/span><\/a><\/p>\n","protected":false},"author":1,"featured_media":0,"parent":0,"menu_order":0,"comment_status":"closed","ping_status":"closed","template":"","meta":{"_acf_changed":false,"inline_featured_image":false,"footnotes":""},"publication_categories":[],"class_list":["post-1048","page","type-page","status-publish","hentry","entry"],"acf":[],"yoast_head":"<!-- This site is optimized with the Yoast SEO plugin v26.9 - https:\/\/yoast.com\/product\/yoast-seo-wordpress\/ -->\n<title>Impliquez-Vous - Inclusivemap<\/title>\n<meta name=\"robots\" content=\"index, follow, max-snippet:-1, max-image-preview:large, max-video-preview:-1\" \/>\n<link rel=\"canonical\" href=\"https:\/\/inclusivemap.ca\/fr\/impliquez-vous\/\" \/>\n<meta property=\"og:locale\" content=\"fr_FR\" \/>\n<meta property=\"og:type\" content=\"article\" \/>\n<meta property=\"og:title\" content=\"Impliquez-Vous - Inclusivemap\" \/>\n<meta property=\"og:description\" content=\"Souhaitez-vous vous impliquer dans MAP? Si vous souhaitez en savoir plus sur MAP et comment vous impliquer, veuillez contacter mortenson.lab@ubc.ca. Nous vous invitons \u00e0 vous joindre \u00e0 nous en tant que : Si vous \u00eates une personne avec des incapacit\u00e9s ou une personne \u00e2g\u00e9e et que vous souhaitez participer \u00e0 des recherches, veuillez nous envoyerPoursuivre la lecture de &quot;Impliquez-Vous&quot;\" \/>\n<meta property=\"og:url\" content=\"https:\/\/inclusivemap.ca\/fr\/impliquez-vous\/\" \/>\n<meta property=\"og:site_name\" content=\"Inclusivemap\" \/>\n<meta property=\"article:modified_time\" content=\"2025-11-13T00:41:02+00:00\" \/>\n<meta name=\"twitter:card\" content=\"summary_large_image\" \/>\n<meta name=\"twitter:label1\" content=\"Dur\u00e9e de lecture estim\u00e9e\" \/>\n\t<meta name=\"twitter:data1\" content=\"1 minute\" \/>\n<script type=\"application\/ld+json\" class=\"yoast-schema-graph\">{\"@context\":\"https:\/\/schema.org\",\"@graph\":[{\"@type\":\"WebPage\",\"@id\":\"https:\/\/inclusivemap.ca\/fr\/impliquez-vous\/\",\"url\":\"https:\/\/inclusivemap.ca\/fr\/impliquez-vous\/\",\"name\":\"Impliquez-Vous - Inclusivemap\",\"isPartOf\":{\"@id\":\"https:\/\/inclusivemap.ca\/fr\/#website\"},\"primaryImageOfPage\":{\"@id\":\"https:\/\/inclusivemap.ca\/fr\/impliquez-vous\/#primaryimage\"},\"image\":{\"@id\":\"https:\/\/inclusivemap.ca\/fr\/impliquez-vous\/#primaryimage\"},\"thumbnailUrl\":\"https:\/\/inclusivemap.ca\/wp-content\/uploads\/2021\/11\/Picture1-1024x1016.png\",\"datePublished\":\"2022-06-08T13:50:08+00:00\",\"dateModified\":\"2025-11-13T00:41:02+00:00\",\"breadcrumb\":{\"@id\":\"https:\/\/inclusivemap.ca\/fr\/impliquez-vous\/#breadcrumb\"},\"inLanguage\":\"fr-FR\",\"potentialAction\":[{\"@type\":\"ReadAction\",\"target\":[\"https:\/\/inclusivemap.ca\/fr\/impliquez-vous\/\"]}]},{\"@type\":\"ImageObject\",\"inLanguage\":\"fr-FR\",\"@id\":\"https:\/\/inclusivemap.ca\/fr\/impliquez-vous\/#primaryimage\",\"url\":\"https:\/\/inclusivemap.ca\/wp-content\/uploads\/2021\/11\/Picture1-1024x1016.png\",\"contentUrl\":\"https:\/\/inclusivemap.ca\/wp-content\/uploads\/2021\/11\/Picture1-1024x1016.png\"},{\"@type\":\"BreadcrumbList\",\"@id\":\"https:\/\/inclusivemap.ca\/fr\/impliquez-vous\/#breadcrumb\",\"itemListElement\":[{\"@type\":\"ListItem\",\"position\":1,\"name\":\"Home\",\"item\":\"https:\/\/inclusivemap.ca\/fr\/\"},{\"@type\":\"ListItem\",\"position\":2,\"name\":\"Impliquez-Vous\"}]},{\"@type\":\"WebSite\",\"@id\":\"https:\/\/inclusivemap.ca\/fr\/#website\",\"url\":\"https:\/\/inclusivemap.ca\/fr\/\",\"name\":\"Inclusivemap\",\"description\":\"MAP \u2013 Mobility | Access | Participation\",\"publisher\":{\"@id\":\"https:\/\/inclusivemap.ca\/fr\/#organization\"},\"potentialAction\":[{\"@type\":\"SearchAction\",\"target\":{\"@type\":\"EntryPoint\",\"urlTemplate\":\"https:\/\/inclusivemap.ca\/fr\/?s={search_term_string}\"},\"query-input\":{\"@type\":\"PropertyValueSpecification\",\"valueRequired\":true,\"valueName\":\"search_term_string\"}}],\"inLanguage\":\"fr-FR\"},{\"@type\":\"Organization\",\"@id\":\"https:\/\/inclusivemap.ca\/fr\/#organization\",\"name\":\"Inclusivemap\",\"url\":\"https:\/\/inclusivemap.ca\/fr\/\",\"logo\":{\"@type\":\"ImageObject\",\"inLanguage\":\"fr-FR\",\"@id\":\"https:\/\/inclusivemap.ca\/fr\/#\/schema\/logo\/image\/\",\"url\":\"https:\/\/inclusivemap.ca\/wp-content\/uploads\/2022\/07\/map_bigprint_lighterblue.png\",\"contentUrl\":\"https:\/\/inclusivemap.ca\/wp-content\/uploads\/2022\/07\/map_bigprint_lighterblue.png\",\"width\":8348,\"height\":4563,\"caption\":\"Inclusivemap\"},\"image\":{\"@id\":\"https:\/\/inclusivemap.ca\/fr\/#\/schema\/logo\/image\/\"}}]}<\/script>\n<!-- \/ Yoast SEO plugin. -->","yoast_head_json":{"title":"Impliquez-Vous - Inclusivemap","robots":{"index":"index","follow":"follow","max-snippet":"max-snippet:-1","max-image-preview":"max-image-preview:large","max-video-preview":"max-video-preview:-1"},"canonical":"https:\/\/inclusivemap.ca\/fr\/impliquez-vous\/","og_locale":"fr_FR","og_type":"article","og_title":"Impliquez-Vous - Inclusivemap","og_description":"Souhaitez-vous vous impliquer dans MAP? Si vous souhaitez en savoir plus sur MAP et comment vous impliquer, veuillez contacter mortenson.lab@ubc.ca. Nous vous invitons \u00e0 vous joindre \u00e0 nous en tant que : Si vous \u00eates une personne avec des incapacit\u00e9s ou une personne \u00e2g\u00e9e et que vous souhaitez participer \u00e0 des recherches, veuillez nous envoyerPoursuivre la lecture de \"Impliquez-Vous\"","og_url":"https:\/\/inclusivemap.ca\/fr\/impliquez-vous\/","og_site_name":"Inclusivemap","article_modified_time":"2025-11-13T00:41:02+00:00","twitter_card":"summary_large_image","twitter_misc":{"Dur\u00e9e de lecture estim\u00e9e":"1 minute"},"schema":{"@context":"https:\/\/schema.org","@graph":[{"@type":"WebPage","@id":"https:\/\/inclusivemap.ca\/fr\/impliquez-vous\/","url":"https:\/\/inclusivemap.ca\/fr\/impliquez-vous\/","name":"Impliquez-Vous - Inclusivemap","isPartOf":{"@id":"https:\/\/inclusivemap.ca\/fr\/#website"},"primaryImageOfPage":{"@id":"https:\/\/inclusivemap.ca\/fr\/impliquez-vous\/#primaryimage"},"image":{"@id":"https:\/\/inclusivemap.ca\/fr\/impliquez-vous\/#primaryimage"},"thumbnailUrl":"https:\/\/inclusivemap.ca\/wp-content\/uploads\/2021\/11\/Picture1-1024x1016.png","datePublished":"2022-06-08T13:50:08+00:00","dateModified":"2025-11-13T00:41:02+00:00","breadcrumb":{"@id":"https:\/\/inclusivemap.ca\/fr\/impliquez-vous\/#breadcrumb"},"inLanguage":"fr-FR","potentialAction":[{"@type":"ReadAction","target":["https:\/\/inclusivemap.ca\/fr\/impliquez-vous\/"]}]},{"@type":"ImageObject","inLanguage":"fr-FR","@id":"https:\/\/inclusivemap.ca\/fr\/impliquez-vous\/#primaryimage","url":"https:\/\/inclusivemap.ca\/wp-content\/uploads\/2021\/11\/Picture1-1024x1016.png","contentUrl":"https:\/\/inclusivemap.ca\/wp-content\/uploads\/2021\/11\/Picture1-1024x1016.png"},{"@type":"BreadcrumbList","@id":"https:\/\/inclusivemap.ca\/fr\/impliquez-vous\/#breadcrumb","itemListElement":[{"@type":"ListItem","position":1,"name":"Home","item":"https:\/\/inclusivemap.ca\/fr\/"},{"@type":"ListItem","position":2,"name":"Impliquez-Vous"}]},{"@type":"WebSite","@id":"https:\/\/inclusivemap.ca\/fr\/#website","url":"https:\/\/inclusivemap.ca\/fr\/","name":"Inclusivemap","description":"MAP \u2013 Mobility | Access | Participation","publisher":{"@id":"https:\/\/inclusivemap.ca\/fr\/#organization"},"potentialAction":[{"@type":"SearchAction","target":{"@type":"EntryPoint","urlTemplate":"https:\/\/inclusivemap.ca\/fr\/?s={search_term_string}"},"query-input":{"@type":"PropertyValueSpecification","valueRequired":true,"valueName":"search_term_string"}}],"inLanguage":"fr-FR"},{"@type":"Organization","@id":"https:\/\/inclusivemap.ca\/fr\/#organization","name":"Inclusivemap","url":"https:\/\/inclusivemap.ca\/fr\/","logo":{"@type":"ImageObject","inLanguage":"fr-FR","@id":"https:\/\/inclusivemap.ca\/fr\/#\/schema\/logo\/image\/","url":"https:\/\/inclusivemap.ca\/wp-content\/uploads\/2022\/07\/map_bigprint_lighterblue.png","contentUrl":"https:\/\/inclusivemap.ca\/wp-content\/uploads\/2022\/07\/map_bigprint_lighterblue.png","width":8348,"height":4563,"caption":"Inclusivemap"},"image":{"@id":"https:\/\/inclusivemap.ca\/fr\/#\/schema\/logo\/image\/"}}]}},"_links":{"self":[{"href":"https:\/\/inclusivemap.ca\/fr\/wp-json\/wp\/v2\/pages\/1048","targetHints":{"allow":["GET"]}}],"collection":[{"href":"https:\/\/inclusivemap.ca\/fr\/wp-json\/wp\/v2\/pages"}],"about":[{"href":"https:\/\/inclusivemap.ca\/fr\/wp-json\/wp\/v2\/types\/page"}],"author":[{"embeddable":true,"href":"https:\/\/inclusivemap.ca\/fr\/wp-json\/wp\/v2\/users\/1"}],"replies":[{"embeddable":true,"href":"https:\/\/inclusivemap.ca\/fr\/wp-json\/wp\/v2\/comments?post=1048"}],"version-history":[{"count":10,"href":"https:\/\/inclusivemap.ca\/fr\/wp-json\/wp\/v2\/pages\/1048\/revisions"}],"predecessor-version":[{"id":6080,"href":"https:\/\/inclusivemap.ca\/fr\/wp-json\/wp\/v2\/pages\/1048\/revisions\/6080"}],"wp:attachment":[{"href":"https:\/\/inclusivemap.ca\/fr\/wp-json\/wp\/v2\/media?parent=1048"}],"wp:term":[{"taxonomy":"publication_categories","embeddable":true,"href":"https:\/\/inclusivemap.ca\/fr\/wp-json\/wp\/v2\/publication_categories?post=1048"}],"curies":[{"name":"wp","href":"https:\/\/api.w.org\/{rel}","templated":true}]}}