{"id":1227,"date":"2022-06-07T12:39:27","date_gmt":"2022-06-07T12:39:27","guid":{"rendered":"https:\/\/inclusivemap.ca\/formation\/"},"modified":"2024-11-27T17:49:03","modified_gmt":"2024-11-27T17:49:03","slug":"formation","status":"publish","type":"page","link":"https:\/\/inclusivemap.ca\/fr\/formation\/","title":{"rendered":"Formation"},"content":{"rendered":"<div class=\"wp-block-image\">\n<figure class=\"aligncenter size-full is-resized\"><img loading=\"lazy\" decoding=\"async\" width=\"1280\" height=\"854\" src=\"https:\/\/inclusivemap.ca\/wp-content\/uploads\/2024\/08\/pexels-fauxels-3183197.jpg\" alt=\"Groupe de personnes assises autour d'une table et travaillant sur leur ordinateur portable\" class=\"wp-image-4033\" style=\"width:494px;height:auto\" srcset=\"https:\/\/inclusivemap.ca\/wp-content\/uploads\/2024\/08\/pexels-fauxels-3183197.jpg 1280w, https:\/\/inclusivemap.ca\/wp-content\/uploads\/2024\/08\/pexels-fauxels-3183197-300x200.jpg 300w, https:\/\/inclusivemap.ca\/wp-content\/uploads\/2024\/08\/pexels-fauxels-3183197-1024x683.jpg 1024w, https:\/\/inclusivemap.ca\/wp-content\/uploads\/2024\/08\/pexels-fauxels-3183197-768x512.jpg 768w, https:\/\/inclusivemap.ca\/wp-content\/uploads\/2024\/08\/pexels-fauxels-3183197-400x267.jpg 400w\" sizes=\"auto, (max-width: 1280px) 100vw, 1280px\" \/><figcaption class=\"wp-element-caption\">Un groupe de personnes assises et travaillant autour d&rsquo;une table.<\/figcaption><\/figure>\n<\/div>\n\n\n<p>Le partenariat MAP rassemble des personnes issues d&rsquo;horizons professionnels et personnels divers. Cette richesse d&rsquo;exp\u00e9riences et de connaissances cr\u00e9e un environnement qui favorise les opportunit\u00e9s de croissance et d&rsquo;apprentissage. Au sein du partenariat, les membres de l&rsquo;\u00e9quipe de projet collaborent et s&rsquo;appuient sur l&rsquo;expertise de chacun. Les membres de la communaut\u00e9, les partenaires organisationnels et municipaux apportent des connaissances pr\u00e9cieuses et des exemples de la vie r\u00e9elle aux concepts de recherche. Le personnel comprend des \u00e9tudiants, des professionnels en d\u00e9but de carri\u00e8re et des professionnels exp\u00e9riment\u00e9s. \u00c0 tous les niveaux, les membres de l&rsquo;\u00e9quipe b\u00e9n\u00e9ficient de possibilit\u00e9s de mentorat, de supervision et de formation. La MAP offre des possibilit\u00e9s de formation par le biais du certificat d&rsquo;excellence pour la participation \u00e0 l&rsquo;acc\u00e8s \u00e0 la mobilit\u00e9 (MAP-CE).<\/p>\n\n\n\n<p><strong>Mobilit\u00e9 Acc\u00e8s Participation Certificate d&rsquo;Excellence (MAP-CE)<\/strong><\/p>\n\n\n\n<figure class=\"wp-block-image size-large is-resized\"><img loading=\"lazy\" decoding=\"async\" width=\"1024\" height=\"823\" src=\"https:\/\/inclusivemap.ca\/wp-content\/uploads\/2024\/05\/map-ce-logo-transparent-smaller-1024x823.png\" alt=\"\" class=\"wp-image-3430\" style=\"width:491px;height:auto\" srcset=\"https:\/\/inclusivemap.ca\/wp-content\/uploads\/2024\/05\/map-ce-logo-transparent-smaller-1024x823.png 1024w, https:\/\/inclusivemap.ca\/wp-content\/uploads\/2024\/05\/map-ce-logo-transparent-smaller-300x241.png 300w, https:\/\/inclusivemap.ca\/wp-content\/uploads\/2024\/05\/map-ce-logo-transparent-smaller-768x617.png 768w, https:\/\/inclusivemap.ca\/wp-content\/uploads\/2024\/05\/map-ce-logo-transparent-smaller-1536x1235.png 1536w, https:\/\/inclusivemap.ca\/wp-content\/uploads\/2024\/05\/map-ce-logo-transparent-smaller-400x322.png 400w, https:\/\/inclusivemap.ca\/wp-content\/uploads\/2024\/05\/map-ce-logo-transparent-smaller-1568x1261.png 1568w, https:\/\/inclusivemap.ca\/wp-content\/uploads\/2024\/05\/map-ce-logo-transparent-smaller.png 2000w\" sizes=\"auto, (max-width: 1024px) 100vw, 1024px\" \/><figcaption class=\"wp-element-caption\">Logo Mobilit\u00e9 Acc\u00e8s Participation Certificate d&rsquo;Excellence (MAP-CE) <\/figcaption><\/figure>\n\n\n\n<p>Le programme de certification MAP vise \u00e0 offrir des possibilit\u00e9s d&rsquo;apprentissage \u00e0 tous les stagiaires et au personnel de recherche de chaque site (UBC, SFU et Laval). Le certificat vise \u00e0 informer les \u00e9tudiants sur le partenariat MAP et \u00e0 renforcer les comp\u00e9tences en mati\u00e8re de recherche dans le contexte des principes fondamentaux du MAP : Mobilit\u00e9, acc\u00e8s et participation des personnes avec des incapacit\u00e9s au Canada. Ce programme de certificat comprend quatre modules :<\/p>\n\n\n\n<p><strong>Qu&rsquo;est-ce que MAP ?<\/strong> Pour en savoir plus sur l&rsquo;approche de MAP en mati\u00e8re d&rsquo;am\u00e9lioration de l&rsquo;accessibilit\u00e9 des communaut\u00e9s.<\/p>\n\n\n\n<p><strong>S&rsquo;impliquer dans MAP :<\/strong> D\u00e9couvrez les nombreuses fa\u00e7ons de vous impliquer et de naviguer dans les ressources de formation de MAP.<\/p>\n\n\n\n<p><strong>Quelle est votre place dans MAP ?<\/strong> Entrez en contact avec d&rsquo;autres \u00e9tudiants et d\u00e9couvrez comment vous pouvez tirer parti de vos perspectives uniques dans MAP.<\/p>\n\n\n\n<p><strong>Activit\u00e9s d&rsquo;apprentissage MAP-CE :<\/strong> D\u00e9veloppez votre apprentissage en participant \u00e0 des ateliers guid\u00e9s par nos quatre objectifs d&rsquo;apprentissage :<\/p>\n\n\n\n<div class=\"wp-block-media-text is-stacked-on-mobile\"><figure class=\"wp-block-media-text__media\"><img decoding=\"async\" src=\"https:\/\/inclusivemap.ca\/wp-content\/uploads\/2024\/11\/FR-MAPCE.png\" alt=\"\" class=\"wp-image-4006 size-full\"\/><\/figure><div class=\"wp-block-media-text__content\">\n<ol class=\"wp-block-list\">\n<li><strong>Comp\u00e9tences en mati\u00e8re de partenariat:<\/strong> Acqu\u00e9rir des comp\u00e9tences en mati\u00e8re de partenariat, notamment pour travailler en collaboration avec des partenaires communautaires et municipaux.<\/li>\n\n\n\n<li><strong>Sensibilisation au handicap:<\/strong> Se sensibiliser aux r\u00e9alit\u00e9s qui englobent l&rsquo;accessibilit\u00e9 et le handicap. Acqu\u00e9rir les comp\u00e9tences n\u00e9cessaires pour promouvoir l&rsquo;inclusion et la justice en mati\u00e8re de handicap.<\/li>\n\n\n\n<li><strong>Respect, accessibilit\u00e9, inclusion, durabilit\u00e9, \u00e9quit\u00e9, diversit\u00e9 (RAISED):<\/strong> Apprendre \u00e0 participer \u00e0 la recherche sur le handicap dans une perspective intersectionnelle.<\/li>\n\n\n\n<li><strong>L&rsquo;application inclusive des connaissances :<\/strong> D\u00e9couvrez des solutions innovantes en mati\u00e8re d&rsquo;application des connaissances et rendez l&rsquo;application des connaissances facilement accessible \u00e0 la communaut\u00e9 et aux parties prenantes concern\u00e9es.<\/li>\n<\/ol>\n<\/div><\/div>\n\n\n\n<p>Les membres de l&rsquo;\u00e9quipe MAP peuvent acc\u00e9der au programme de formation MAP-CE par l&rsquo;interm\u00e9diaire de la plateforme d&rsquo;enseignement et d&rsquo;apprentissage Canvas de l&rsquo;Universit\u00e9 de la Colombie-Britannique (UBC)<\/p>\n","protected":false},"excerpt":{"rendered":"<p>Le partenariat MAP rassemble des personnes issues d&rsquo;horizons professionnels et personnels divers. Cette richesse d&rsquo;exp\u00e9riences et de connaissances cr\u00e9e un environnement qui favorise les opportunit\u00e9s de croissance et d&rsquo;apprentissage. Au sein du partenariat, les membres de l&rsquo;\u00e9quipe de projet collaborent et s&rsquo;appuient sur l&rsquo;expertise de chacun. Les membres de la communaut\u00e9, les partenaires organisationnels et<a class=\"more-link\" href=\"https:\/\/inclusivemap.ca\/fr\/formation\/\">Poursuivre la lecture de <span class=\"screen-reader-text\">\u00ab\u00a0Formation\u00a0\u00bb<\/span><\/a><\/p>\n","protected":false},"author":1,"featured_media":0,"parent":0,"menu_order":0,"comment_status":"closed","ping_status":"closed","template":"","meta":{"_acf_changed":false,"inline_featured_image":false,"footnotes":""},"publication_categories":[],"class_list":["post-1227","page","type-page","status-publish","hentry","entry"],"acf":[],"yoast_head":"<!-- This site is optimized with the Yoast SEO plugin v26.9 - https:\/\/yoast.com\/product\/yoast-seo-wordpress\/ -->\n<title>Formation - Inclusivemap<\/title>\n<meta name=\"robots\" content=\"index, follow, max-snippet:-1, max-image-preview:large, max-video-preview:-1\" \/>\n<link rel=\"canonical\" href=\"https:\/\/inclusivemap.ca\/fr\/formation\/\" \/>\n<meta property=\"og:locale\" content=\"fr_FR\" \/>\n<meta property=\"og:type\" content=\"article\" \/>\n<meta property=\"og:title\" content=\"Formation - Inclusivemap\" \/>\n<meta property=\"og:description\" content=\"Le partenariat MAP rassemble des personnes issues d&rsquo;horizons professionnels et personnels divers. Cette richesse d&rsquo;exp\u00e9riences et de connaissances cr\u00e9e un environnement qui favorise les opportunit\u00e9s de croissance et d&rsquo;apprentissage. Au sein du partenariat, les membres de l&rsquo;\u00e9quipe de projet collaborent et s&rsquo;appuient sur l&rsquo;expertise de chacun. Les membres de la communaut\u00e9, les partenaires organisationnels etPoursuivre la lecture de &quot;Formation&quot;\" \/>\n<meta property=\"og:url\" content=\"https:\/\/inclusivemap.ca\/fr\/formation\/\" \/>\n<meta property=\"og:site_name\" content=\"Inclusivemap\" \/>\n<meta property=\"article:modified_time\" content=\"2024-11-27T17:49:03+00:00\" \/>\n<meta property=\"og:image\" content=\"https:\/\/inclusivemap.ca\/wp-content\/uploads\/2024\/08\/pexels-fauxels-3183197.jpg\" \/>\n\t<meta property=\"og:image:width\" content=\"1280\" \/>\n\t<meta property=\"og:image:height\" content=\"854\" \/>\n\t<meta property=\"og:image:type\" content=\"image\/jpeg\" \/>\n<meta name=\"twitter:card\" content=\"summary_large_image\" \/>\n<meta name=\"twitter:label1\" content=\"Dur\u00e9e de lecture estim\u00e9e\" \/>\n\t<meta name=\"twitter:data1\" content=\"3 minutes\" \/>\n<script type=\"application\/ld+json\" class=\"yoast-schema-graph\">{\"@context\":\"https:\/\/schema.org\",\"@graph\":[{\"@type\":\"WebPage\",\"@id\":\"https:\/\/inclusivemap.ca\/fr\/formation\/\",\"url\":\"https:\/\/inclusivemap.ca\/fr\/formation\/\",\"name\":\"Formation - Inclusivemap\",\"isPartOf\":{\"@id\":\"https:\/\/inclusivemap.ca\/fr\/#website\"},\"primaryImageOfPage\":{\"@id\":\"https:\/\/inclusivemap.ca\/fr\/formation\/#primaryimage\"},\"image\":{\"@id\":\"https:\/\/inclusivemap.ca\/fr\/formation\/#primaryimage\"},\"thumbnailUrl\":\"https:\/\/inclusivemap.ca\/wp-content\/uploads\/2024\/08\/pexels-fauxels-3183197.jpg\",\"datePublished\":\"2022-06-07T12:39:27+00:00\",\"dateModified\":\"2024-11-27T17:49:03+00:00\",\"breadcrumb\":{\"@id\":\"https:\/\/inclusivemap.ca\/fr\/formation\/#breadcrumb\"},\"inLanguage\":\"fr-FR\",\"potentialAction\":[{\"@type\":\"ReadAction\",\"target\":[\"https:\/\/inclusivemap.ca\/fr\/formation\/\"]}]},{\"@type\":\"ImageObject\",\"inLanguage\":\"fr-FR\",\"@id\":\"https:\/\/inclusivemap.ca\/fr\/formation\/#primaryimage\",\"url\":\"https:\/\/inclusivemap.ca\/wp-content\/uploads\/2024\/08\/pexels-fauxels-3183197.jpg\",\"contentUrl\":\"https:\/\/inclusivemap.ca\/wp-content\/uploads\/2024\/08\/pexels-fauxels-3183197.jpg\"},{\"@type\":\"BreadcrumbList\",\"@id\":\"https:\/\/inclusivemap.ca\/fr\/formation\/#breadcrumb\",\"itemListElement\":[{\"@type\":\"ListItem\",\"position\":1,\"name\":\"Home\",\"item\":\"https:\/\/inclusivemap.ca\/fr\/\"},{\"@type\":\"ListItem\",\"position\":2,\"name\":\"Formation\"}]},{\"@type\":\"WebSite\",\"@id\":\"https:\/\/inclusivemap.ca\/fr\/#website\",\"url\":\"https:\/\/inclusivemap.ca\/fr\/\",\"name\":\"Inclusivemap\",\"description\":\"MAP \u2013 Mobility | Access | Participation\",\"publisher\":{\"@id\":\"https:\/\/inclusivemap.ca\/fr\/#organization\"},\"potentialAction\":[{\"@type\":\"SearchAction\",\"target\":{\"@type\":\"EntryPoint\",\"urlTemplate\":\"https:\/\/inclusivemap.ca\/fr\/?s={search_term_string}\"},\"query-input\":{\"@type\":\"PropertyValueSpecification\",\"valueRequired\":true,\"valueName\":\"search_term_string\"}}],\"inLanguage\":\"fr-FR\"},{\"@type\":\"Organization\",\"@id\":\"https:\/\/inclusivemap.ca\/fr\/#organization\",\"name\":\"Inclusivemap\",\"url\":\"https:\/\/inclusivemap.ca\/fr\/\",\"logo\":{\"@type\":\"ImageObject\",\"inLanguage\":\"fr-FR\",\"@id\":\"https:\/\/inclusivemap.ca\/fr\/#\/schema\/logo\/image\/\",\"url\":\"https:\/\/inclusivemap.ca\/wp-content\/uploads\/2022\/07\/map_bigprint_lighterblue.png\",\"contentUrl\":\"https:\/\/inclusivemap.ca\/wp-content\/uploads\/2022\/07\/map_bigprint_lighterblue.png\",\"width\":8348,\"height\":4563,\"caption\":\"Inclusivemap\"},\"image\":{\"@id\":\"https:\/\/inclusivemap.ca\/fr\/#\/schema\/logo\/image\/\"}}]}<\/script>\n<!-- \/ Yoast SEO plugin. -->","yoast_head_json":{"title":"Formation - Inclusivemap","robots":{"index":"index","follow":"follow","max-snippet":"max-snippet:-1","max-image-preview":"max-image-preview:large","max-video-preview":"max-video-preview:-1"},"canonical":"https:\/\/inclusivemap.ca\/fr\/formation\/","og_locale":"fr_FR","og_type":"article","og_title":"Formation - Inclusivemap","og_description":"Le partenariat MAP rassemble des personnes issues d&rsquo;horizons professionnels et personnels divers. Cette richesse d&rsquo;exp\u00e9riences et de connaissances cr\u00e9e un environnement qui favorise les opportunit\u00e9s de croissance et d&rsquo;apprentissage. Au sein du partenariat, les membres de l&rsquo;\u00e9quipe de projet collaborent et s&rsquo;appuient sur l&rsquo;expertise de chacun. Les membres de la communaut\u00e9, les partenaires organisationnels etPoursuivre la lecture de \"Formation\"","og_url":"https:\/\/inclusivemap.ca\/fr\/formation\/","og_site_name":"Inclusivemap","article_modified_time":"2024-11-27T17:49:03+00:00","og_image":[{"width":1280,"height":854,"url":"https:\/\/inclusivemap.ca\/wp-content\/uploads\/2024\/08\/pexels-fauxels-3183197.jpg","type":"image\/jpeg"}],"twitter_card":"summary_large_image","twitter_misc":{"Dur\u00e9e de lecture estim\u00e9e":"3 minutes"},"schema":{"@context":"https:\/\/schema.org","@graph":[{"@type":"WebPage","@id":"https:\/\/inclusivemap.ca\/fr\/formation\/","url":"https:\/\/inclusivemap.ca\/fr\/formation\/","name":"Formation - Inclusivemap","isPartOf":{"@id":"https:\/\/inclusivemap.ca\/fr\/#website"},"primaryImageOfPage":{"@id":"https:\/\/inclusivemap.ca\/fr\/formation\/#primaryimage"},"image":{"@id":"https:\/\/inclusivemap.ca\/fr\/formation\/#primaryimage"},"thumbnailUrl":"https:\/\/inclusivemap.ca\/wp-content\/uploads\/2024\/08\/pexels-fauxels-3183197.jpg","datePublished":"2022-06-07T12:39:27+00:00","dateModified":"2024-11-27T17:49:03+00:00","breadcrumb":{"@id":"https:\/\/inclusivemap.ca\/fr\/formation\/#breadcrumb"},"inLanguage":"fr-FR","potentialAction":[{"@type":"ReadAction","target":["https:\/\/inclusivemap.ca\/fr\/formation\/"]}]},{"@type":"ImageObject","inLanguage":"fr-FR","@id":"https:\/\/inclusivemap.ca\/fr\/formation\/#primaryimage","url":"https:\/\/inclusivemap.ca\/wp-content\/uploads\/2024\/08\/pexels-fauxels-3183197.jpg","contentUrl":"https:\/\/inclusivemap.ca\/wp-content\/uploads\/2024\/08\/pexels-fauxels-3183197.jpg"},{"@type":"BreadcrumbList","@id":"https:\/\/inclusivemap.ca\/fr\/formation\/#breadcrumb","itemListElement":[{"@type":"ListItem","position":1,"name":"Home","item":"https:\/\/inclusivemap.ca\/fr\/"},{"@type":"ListItem","position":2,"name":"Formation"}]},{"@type":"WebSite","@id":"https:\/\/inclusivemap.ca\/fr\/#website","url":"https:\/\/inclusivemap.ca\/fr\/","name":"Inclusivemap","description":"MAP \u2013 Mobility | Access | Participation","publisher":{"@id":"https:\/\/inclusivemap.ca\/fr\/#organization"},"potentialAction":[{"@type":"SearchAction","target":{"@type":"EntryPoint","urlTemplate":"https:\/\/inclusivemap.ca\/fr\/?s={search_term_string}"},"query-input":{"@type":"PropertyValueSpecification","valueRequired":true,"valueName":"search_term_string"}}],"inLanguage":"fr-FR"},{"@type":"Organization","@id":"https:\/\/inclusivemap.ca\/fr\/#organization","name":"Inclusivemap","url":"https:\/\/inclusivemap.ca\/fr\/","logo":{"@type":"ImageObject","inLanguage":"fr-FR","@id":"https:\/\/inclusivemap.ca\/fr\/#\/schema\/logo\/image\/","url":"https:\/\/inclusivemap.ca\/wp-content\/uploads\/2022\/07\/map_bigprint_lighterblue.png","contentUrl":"https:\/\/inclusivemap.ca\/wp-content\/uploads\/2022\/07\/map_bigprint_lighterblue.png","width":8348,"height":4563,"caption":"Inclusivemap"},"image":{"@id":"https:\/\/inclusivemap.ca\/fr\/#\/schema\/logo\/image\/"}}]}},"_links":{"self":[{"href":"https:\/\/inclusivemap.ca\/fr\/wp-json\/wp\/v2\/pages\/1227","targetHints":{"allow":["GET"]}}],"collection":[{"href":"https:\/\/inclusivemap.ca\/fr\/wp-json\/wp\/v2\/pages"}],"about":[{"href":"https:\/\/inclusivemap.ca\/fr\/wp-json\/wp\/v2\/types\/page"}],"author":[{"embeddable":true,"href":"https:\/\/inclusivemap.ca\/fr\/wp-json\/wp\/v2\/users\/1"}],"replies":[{"embeddable":true,"href":"https:\/\/inclusivemap.ca\/fr\/wp-json\/wp\/v2\/comments?post=1227"}],"version-history":[{"count":6,"href":"https:\/\/inclusivemap.ca\/fr\/wp-json\/wp\/v2\/pages\/1227\/revisions"}],"predecessor-version":[{"id":4793,"href":"https:\/\/inclusivemap.ca\/fr\/wp-json\/wp\/v2\/pages\/1227\/revisions\/4793"}],"wp:attachment":[{"href":"https:\/\/inclusivemap.ca\/fr\/wp-json\/wp\/v2\/media?parent=1227"}],"wp:term":[{"taxonomy":"publication_categories","embeddable":true,"href":"https:\/\/inclusivemap.ca\/fr\/wp-json\/wp\/v2\/publication_categories?post=1227"}],"curies":[{"name":"wp","href":"https:\/\/api.w.org\/{rel}","templated":true}]}}