{"id":1383,"date":"2023-01-03T20:17:14","date_gmt":"2023-01-03T20:17:14","guid":{"rendered":"https:\/\/inclusivemap.ca\/la-bourse-chapman-et-innovation-ci\/"},"modified":"2023-02-23T01:43:59","modified_gmt":"2023-02-23T01:43:59","slug":"la-bourse-chapman-et-innovation-ci","status":"publish","type":"page","link":"https:\/\/inclusivemap.ca\/fr\/la-bourse-chapman-et-innovation-ci\/","title":{"rendered":"La bourse Chapman et Innovation (C&amp;I)"},"content":{"rendered":"<div class=\"wp-block-image\">\n<figure class=\"aligncenter\"><img decoding=\"async\" src=\"https:\/\/inclusivemap.ca\/wp-content\/uploads\/2021\/10\/UBCLogo_BlueRGB300-1.png\" alt=\"logo de UBC\" class=\"wp-image-263\"\/><figcaption class=\"wp-element-caption\">logo de UBC<\/figcaption><\/figure><\/div>\n<p>UBC logo La bourse Chapman et Innovation (C&amp;I) est con\u00e7ue pour aider les \u00e9tudiants de premier cycle et de ma\u00eetrise \u00e0 travailler avec un partenaire communautaire de la Colombie-Britannique pour tester une nouvelle id\u00e9e et prendre l\u2019initiative de s\u2019attaquer aux probl\u00e8mes sociaux et environnementaux qui touchent les populations sous-repr\u00e9sent\u00e9es dans leurs communaut\u00e9s. Les \u00e9tudiants nationaux et internationaux peuvent \u00e9galement poser leur candidature. Les candidats peuvent demander des fonds allant de 1 500 \u00e0 10 000 dollars. La date limite de candidature est le dimanche 5 f\u00e9vrier 2023, \u00e0 23h59. <a href=\"https:\/\/ccel.ubc.ca\/chapman-and-innovation-grants\/\">Pour plus d&rsquo;informations<\/a><\/p>\n\n<div class=\"wp-block-buttons alignwide is-layout-flex wp-block-buttons-is-layout-flex\">\n<div class=\"wp-block-button aligncenter has-custom-width wp-block-button__width-50 has-custom-font-size is-style-outline has-small-font-size is-style-outline--1\"><a class=\"wp-block-button__link has-primary-color has-tertiary-background-color has-text-color has-background wp-element-button\" href=\"https:\/\/inclusivemap.ca\/fr\/bulletin\/map-bulletin-numero-1\/\">Retour \u00e0 la newsletter<\/a><\/div>\n<\/div>\n","protected":false},"excerpt":{"rendered":"<p>UBC logo La bourse Chapman et Innovation (C&amp;I) est con\u00e7ue pour aider les \u00e9tudiants de premier cycle et de ma\u00eetrise \u00e0 travailler avec un partenaire communautaire de la Colombie-Britannique pour tester une nouvelle id\u00e9e et prendre l\u2019initiative de s\u2019attaquer aux probl\u00e8mes sociaux et environnementaux qui touchent les populations sous-repr\u00e9sent\u00e9es dans leurs communaut\u00e9s. Les \u00e9tudiants nationaux<a class=\"more-link\" href=\"https:\/\/inclusivemap.ca\/fr\/la-bourse-chapman-et-innovation-ci\/\">Poursuivre la lecture de <span class=\"screen-reader-text\">\u00ab\u00a0La bourse Chapman et Innovation (C&amp;I)\u00a0\u00bb<\/span><\/a><\/p>\n","protected":false},"author":6,"featured_media":0,"parent":0,"menu_order":0,"comment_status":"closed","ping_status":"closed","template":"","meta":{"_acf_changed":false,"inline_featured_image":false,"footnotes":""},"publication_categories":[],"class_list":["post-1383","page","type-page","status-publish","hentry","entry"],"acf":[],"yoast_head":"<!-- This site is optimized with the Yoast SEO plugin v26.9 - https:\/\/yoast.com\/product\/yoast-seo-wordpress\/ -->\n<title>La bourse Chapman et Innovation (C&amp;I) - Inclusivemap<\/title>\n<meta name=\"robots\" content=\"index, follow, max-snippet:-1, max-image-preview:large, max-video-preview:-1\" \/>\n<link rel=\"canonical\" href=\"https:\/\/inclusivemap.ca\/fr\/la-bourse-chapman-et-innovation-ci\/\" \/>\n<meta property=\"og:locale\" content=\"fr_FR\" \/>\n<meta property=\"og:type\" content=\"article\" \/>\n<meta property=\"og:title\" content=\"La bourse Chapman et Innovation (C&amp;I) - Inclusivemap\" \/>\n<meta property=\"og:description\" content=\"UBC logo La bourse Chapman et Innovation (C&amp;I) est con\u00e7ue pour aider les \u00e9tudiants de premier cycle et de ma\u00eetrise \u00e0 travailler avec un partenaire communautaire de la Colombie-Britannique pour tester une nouvelle id\u00e9e et prendre l\u2019initiative de s\u2019attaquer aux probl\u00e8mes sociaux et environnementaux qui touchent les populations sous-repr\u00e9sent\u00e9es dans leurs communaut\u00e9s. Les \u00e9tudiants nationauxPoursuivre la lecture de &quot;La bourse Chapman et Innovation (C&amp;I)&quot;\" \/>\n<meta property=\"og:url\" content=\"https:\/\/inclusivemap.ca\/fr\/la-bourse-chapman-et-innovation-ci\/\" \/>\n<meta property=\"og:site_name\" content=\"Inclusivemap\" \/>\n<meta property=\"article:modified_time\" content=\"2023-02-23T01:43:59+00:00\" \/>\n<meta property=\"og:image\" content=\"https:\/\/inclusivemap.ca\/wp-content\/uploads\/2021\/10\/UBCLogo_BlueRGB300-1.png\" \/>\n<meta name=\"twitter:card\" content=\"summary_large_image\" \/>\n<meta name=\"twitter:label1\" content=\"Dur\u00e9e de lecture estim\u00e9e\" \/>\n\t<meta name=\"twitter:data1\" content=\"1 minute\" \/>\n<script type=\"application\/ld+json\" class=\"yoast-schema-graph\">{\"@context\":\"https:\/\/schema.org\",\"@graph\":[{\"@type\":\"WebPage\",\"@id\":\"https:\/\/inclusivemap.ca\/fr\/la-bourse-chapman-et-innovation-ci\/\",\"url\":\"https:\/\/inclusivemap.ca\/fr\/la-bourse-chapman-et-innovation-ci\/\",\"name\":\"La bourse Chapman et Innovation (C&amp;I) - Inclusivemap\",\"isPartOf\":{\"@id\":\"https:\/\/inclusivemap.ca\/fr\/#website\"},\"primaryImageOfPage\":{\"@id\":\"https:\/\/inclusivemap.ca\/fr\/la-bourse-chapman-et-innovation-ci\/#primaryimage\"},\"image\":{\"@id\":\"https:\/\/inclusivemap.ca\/fr\/la-bourse-chapman-et-innovation-ci\/#primaryimage\"},\"thumbnailUrl\":\"https:\/\/inclusivemap.ca\/wp-content\/uploads\/2021\/10\/UBCLogo_BlueRGB300-1.png\",\"datePublished\":\"2023-01-03T20:17:14+00:00\",\"dateModified\":\"2023-02-23T01:43:59+00:00\",\"breadcrumb\":{\"@id\":\"https:\/\/inclusivemap.ca\/fr\/la-bourse-chapman-et-innovation-ci\/#breadcrumb\"},\"inLanguage\":\"fr-FR\",\"potentialAction\":[{\"@type\":\"ReadAction\",\"target\":[\"https:\/\/inclusivemap.ca\/fr\/la-bourse-chapman-et-innovation-ci\/\"]}]},{\"@type\":\"ImageObject\",\"inLanguage\":\"fr-FR\",\"@id\":\"https:\/\/inclusivemap.ca\/fr\/la-bourse-chapman-et-innovation-ci\/#primaryimage\",\"url\":\"https:\/\/inclusivemap.ca\/wp-content\/uploads\/2021\/10\/UBCLogo_BlueRGB300-1.png\",\"contentUrl\":\"https:\/\/inclusivemap.ca\/wp-content\/uploads\/2021\/10\/UBCLogo_BlueRGB300-1.png\"},{\"@type\":\"BreadcrumbList\",\"@id\":\"https:\/\/inclusivemap.ca\/fr\/la-bourse-chapman-et-innovation-ci\/#breadcrumb\",\"itemListElement\":[{\"@type\":\"ListItem\",\"position\":1,\"name\":\"Home\",\"item\":\"https:\/\/inclusivemap.ca\/fr\/\"},{\"@type\":\"ListItem\",\"position\":2,\"name\":\"La bourse Chapman et Innovation (C&amp;I)\"}]},{\"@type\":\"WebSite\",\"@id\":\"https:\/\/inclusivemap.ca\/fr\/#website\",\"url\":\"https:\/\/inclusivemap.ca\/fr\/\",\"name\":\"Inclusivemap\",\"description\":\"MAP \u2013 Mobility | Access | Participation\",\"publisher\":{\"@id\":\"https:\/\/inclusivemap.ca\/fr\/#organization\"},\"potentialAction\":[{\"@type\":\"SearchAction\",\"target\":{\"@type\":\"EntryPoint\",\"urlTemplate\":\"https:\/\/inclusivemap.ca\/fr\/?s={search_term_string}\"},\"query-input\":{\"@type\":\"PropertyValueSpecification\",\"valueRequired\":true,\"valueName\":\"search_term_string\"}}],\"inLanguage\":\"fr-FR\"},{\"@type\":\"Organization\",\"@id\":\"https:\/\/inclusivemap.ca\/fr\/#organization\",\"name\":\"Inclusivemap\",\"url\":\"https:\/\/inclusivemap.ca\/fr\/\",\"logo\":{\"@type\":\"ImageObject\",\"inLanguage\":\"fr-FR\",\"@id\":\"https:\/\/inclusivemap.ca\/fr\/#\/schema\/logo\/image\/\",\"url\":\"https:\/\/inclusivemap.ca\/wp-content\/uploads\/2022\/07\/map_bigprint_lighterblue.png\",\"contentUrl\":\"https:\/\/inclusivemap.ca\/wp-content\/uploads\/2022\/07\/map_bigprint_lighterblue.png\",\"width\":8348,\"height\":4563,\"caption\":\"Inclusivemap\"},\"image\":{\"@id\":\"https:\/\/inclusivemap.ca\/fr\/#\/schema\/logo\/image\/\"}}]}<\/script>\n<!-- \/ Yoast SEO plugin. -->","yoast_head_json":{"title":"La bourse Chapman et Innovation (C&amp;I) - Inclusivemap","robots":{"index":"index","follow":"follow","max-snippet":"max-snippet:-1","max-image-preview":"max-image-preview:large","max-video-preview":"max-video-preview:-1"},"canonical":"https:\/\/inclusivemap.ca\/fr\/la-bourse-chapman-et-innovation-ci\/","og_locale":"fr_FR","og_type":"article","og_title":"La bourse Chapman et Innovation (C&amp;I) - Inclusivemap","og_description":"UBC logo La bourse Chapman et Innovation (C&amp;I) est con\u00e7ue pour aider les \u00e9tudiants de premier cycle et de ma\u00eetrise \u00e0 travailler avec un partenaire communautaire de la Colombie-Britannique pour tester une nouvelle id\u00e9e et prendre l\u2019initiative de s\u2019attaquer aux probl\u00e8mes sociaux et environnementaux qui touchent les populations sous-repr\u00e9sent\u00e9es dans leurs communaut\u00e9s. Les \u00e9tudiants nationauxPoursuivre la lecture de \"La bourse Chapman et Innovation (C&amp;I)\"","og_url":"https:\/\/inclusivemap.ca\/fr\/la-bourse-chapman-et-innovation-ci\/","og_site_name":"Inclusivemap","article_modified_time":"2023-02-23T01:43:59+00:00","og_image":[{"url":"https:\/\/inclusivemap.ca\/wp-content\/uploads\/2021\/10\/UBCLogo_BlueRGB300-1.png","type":"","width":"","height":""}],"twitter_card":"summary_large_image","twitter_misc":{"Dur\u00e9e de lecture estim\u00e9e":"1 minute"},"schema":{"@context":"https:\/\/schema.org","@graph":[{"@type":"WebPage","@id":"https:\/\/inclusivemap.ca\/fr\/la-bourse-chapman-et-innovation-ci\/","url":"https:\/\/inclusivemap.ca\/fr\/la-bourse-chapman-et-innovation-ci\/","name":"La bourse Chapman et Innovation (C&amp;I) - Inclusivemap","isPartOf":{"@id":"https:\/\/inclusivemap.ca\/fr\/#website"},"primaryImageOfPage":{"@id":"https:\/\/inclusivemap.ca\/fr\/la-bourse-chapman-et-innovation-ci\/#primaryimage"},"image":{"@id":"https:\/\/inclusivemap.ca\/fr\/la-bourse-chapman-et-innovation-ci\/#primaryimage"},"thumbnailUrl":"https:\/\/inclusivemap.ca\/wp-content\/uploads\/2021\/10\/UBCLogo_BlueRGB300-1.png","datePublished":"2023-01-03T20:17:14+00:00","dateModified":"2023-02-23T01:43:59+00:00","breadcrumb":{"@id":"https:\/\/inclusivemap.ca\/fr\/la-bourse-chapman-et-innovation-ci\/#breadcrumb"},"inLanguage":"fr-FR","potentialAction":[{"@type":"ReadAction","target":["https:\/\/inclusivemap.ca\/fr\/la-bourse-chapman-et-innovation-ci\/"]}]},{"@type":"ImageObject","inLanguage":"fr-FR","@id":"https:\/\/inclusivemap.ca\/fr\/la-bourse-chapman-et-innovation-ci\/#primaryimage","url":"https:\/\/inclusivemap.ca\/wp-content\/uploads\/2021\/10\/UBCLogo_BlueRGB300-1.png","contentUrl":"https:\/\/inclusivemap.ca\/wp-content\/uploads\/2021\/10\/UBCLogo_BlueRGB300-1.png"},{"@type":"BreadcrumbList","@id":"https:\/\/inclusivemap.ca\/fr\/la-bourse-chapman-et-innovation-ci\/#breadcrumb","itemListElement":[{"@type":"ListItem","position":1,"name":"Home","item":"https:\/\/inclusivemap.ca\/fr\/"},{"@type":"ListItem","position":2,"name":"La bourse Chapman et Innovation (C&amp;I)"}]},{"@type":"WebSite","@id":"https:\/\/inclusivemap.ca\/fr\/#website","url":"https:\/\/inclusivemap.ca\/fr\/","name":"Inclusivemap","description":"MAP \u2013 Mobility | Access | Participation","publisher":{"@id":"https:\/\/inclusivemap.ca\/fr\/#organization"},"potentialAction":[{"@type":"SearchAction","target":{"@type":"EntryPoint","urlTemplate":"https:\/\/inclusivemap.ca\/fr\/?s={search_term_string}"},"query-input":{"@type":"PropertyValueSpecification","valueRequired":true,"valueName":"search_term_string"}}],"inLanguage":"fr-FR"},{"@type":"Organization","@id":"https:\/\/inclusivemap.ca\/fr\/#organization","name":"Inclusivemap","url":"https:\/\/inclusivemap.ca\/fr\/","logo":{"@type":"ImageObject","inLanguage":"fr-FR","@id":"https:\/\/inclusivemap.ca\/fr\/#\/schema\/logo\/image\/","url":"https:\/\/inclusivemap.ca\/wp-content\/uploads\/2022\/07\/map_bigprint_lighterblue.png","contentUrl":"https:\/\/inclusivemap.ca\/wp-content\/uploads\/2022\/07\/map_bigprint_lighterblue.png","width":8348,"height":4563,"caption":"Inclusivemap"},"image":{"@id":"https:\/\/inclusivemap.ca\/fr\/#\/schema\/logo\/image\/"}}]}},"_links":{"self":[{"href":"https:\/\/inclusivemap.ca\/fr\/wp-json\/wp\/v2\/pages\/1383","targetHints":{"allow":["GET"]}}],"collection":[{"href":"https:\/\/inclusivemap.ca\/fr\/wp-json\/wp\/v2\/pages"}],"about":[{"href":"https:\/\/inclusivemap.ca\/fr\/wp-json\/wp\/v2\/types\/page"}],"author":[{"embeddable":true,"href":"https:\/\/inclusivemap.ca\/fr\/wp-json\/wp\/v2\/users\/6"}],"replies":[{"embeddable":true,"href":"https:\/\/inclusivemap.ca\/fr\/wp-json\/wp\/v2\/comments?post=1383"}],"version-history":[{"count":1,"href":"https:\/\/inclusivemap.ca\/fr\/wp-json\/wp\/v2\/pages\/1383\/revisions"}],"predecessor-version":[{"id":1384,"href":"https:\/\/inclusivemap.ca\/fr\/wp-json\/wp\/v2\/pages\/1383\/revisions\/1384"}],"wp:attachment":[{"href":"https:\/\/inclusivemap.ca\/fr\/wp-json\/wp\/v2\/media?parent=1383"}],"wp:term":[{"taxonomy":"publication_categories","embeddable":true,"href":"https:\/\/inclusivemap.ca\/fr\/wp-json\/wp\/v2\/publication_categories?post=1383"}],"curies":[{"name":"wp","href":"https:\/\/api.w.org\/{rel}","templated":true}]}}