{"id":1385,"date":"2023-01-03T20:16:17","date_gmt":"2023-01-03T20:16:17","guid":{"rendered":"https:\/\/inclusivemap.ca\/la-bourse-connect-to-community-c2c\/"},"modified":"2023-02-23T01:45:21","modified_gmt":"2023-02-23T01:45:21","slug":"la-bourse-connect-to-community-c2c","status":"publish","type":"page","link":"https:\/\/inclusivemap.ca\/fr\/la-bourse-connect-to-community-c2c\/","title":{"rendered":"La bourse \u00abConnect to Community\u00bb (C2C)"},"content":{"rendered":"<div class=\"wp-block-image\">\n<figure class=\"aligncenter\"><img decoding=\"async\" src=\"https:\/\/inclusivemap.ca\/wp-content\/uploads\/2021\/10\/UBCLogo_BlueRGB300-1.png\" alt=\"logo de UBC\" class=\"wp-image-263\"\/><figcaption class=\"wp-element-caption\">logo de UBC<\/figcaption><\/figure><\/div>\n<p>La bourse \u00abConnect to Community\u00bb (C2C) offre aux \u00e9tudiants de premier cycle et de ma\u00eetrise de l\u2019Universit\u00e9 de la Colombie-Britannique la possibilit\u00e9 de r\u00e9aliser un projet significatif en partenariat avec une organisation communautaire locale \u00e0 but non lucratif. Con\u00e7ue comme une introduction \u00e0 l\u2019exp\u00e9rience des demandes de subventions, cette bourse se veut une occasion d\u2019apprentissage dynamique. Elle met les \u00e9tudiants au d\u00e9fi d\u2019apprendre depuis le processus de demande jusqu\u2019\u00e0 l\u2019ach\u00e8vement du projet, sans craindre d\u2019\u00e9chouer. Nous encourageons les \u00e9tudiants et les partenaires communautaires \u00e0 tester de nouvelles id\u00e9es. Les \u00e9tudiants nationaux et internationaux peuvent \u00e9galement poser leur candidature. Les candidats peuvent demander des fonds allant de 200 \u00e0 1 500 dollars canadiens. La date limite de candidature est le dimanche 5 f\u00e9vrier 2023, \u00e0 23h59. <a href=\"https:\/\/ccel.ubc.ca\/connect-to-community-grant\/\">Pour plus d&rsquo;informations<\/a><\/p>\n\n<div class=\"wp-block-buttons alignwide is-layout-flex wp-block-buttons-is-layout-flex\">\n<div class=\"wp-block-button aligncenter has-custom-width wp-block-button__width-50 has-custom-font-size is-style-outline has-small-font-size is-style-outline--1\"><a class=\"wp-block-button__link has-primary-color has-tertiary-background-color has-text-color has-background wp-element-button\" href=\"https:\/\/inclusivemap.ca\/fr\/bulletin\/map-bulletin-numero-1\/\">Retour \u00e0 la newsletter<\/a><\/div>\n<\/div>\n","protected":false},"excerpt":{"rendered":"<p>La bourse \u00abConnect to Community\u00bb (C2C) offre aux \u00e9tudiants de premier cycle et de ma\u00eetrise de l\u2019Universit\u00e9 de la Colombie-Britannique la possibilit\u00e9 de r\u00e9aliser un projet significatif en partenariat avec une organisation communautaire locale \u00e0 but non lucratif. Con\u00e7ue comme une introduction \u00e0 l\u2019exp\u00e9rience des demandes de subventions, cette bourse se veut une occasion d\u2019apprentissage<a class=\"more-link\" href=\"https:\/\/inclusivemap.ca\/fr\/la-bourse-connect-to-community-c2c\/\">Poursuivre la lecture de <span class=\"screen-reader-text\">\u00ab\u00a0La bourse \u00abConnect to Community\u00bb (C2C)\u00a0\u00bb<\/span><\/a><\/p>\n","protected":false},"author":6,"featured_media":0,"parent":0,"menu_order":0,"comment_status":"closed","ping_status":"closed","template":"","meta":{"_acf_changed":false,"inline_featured_image":false,"footnotes":""},"publication_categories":[],"class_list":["post-1385","page","type-page","status-publish","hentry","entry"],"acf":[],"yoast_head":"<!-- This site is optimized with the Yoast SEO plugin v26.9 - https:\/\/yoast.com\/product\/yoast-seo-wordpress\/ -->\n<title>La bourse \u00abConnect to Community\u00bb (C2C) - Inclusivemap<\/title>\n<meta name=\"robots\" content=\"index, follow, max-snippet:-1, max-image-preview:large, max-video-preview:-1\" \/>\n<link rel=\"canonical\" href=\"https:\/\/inclusivemap.ca\/fr\/la-bourse-connect-to-community-c2c\/\" \/>\n<meta property=\"og:locale\" content=\"fr_FR\" \/>\n<meta property=\"og:type\" content=\"article\" \/>\n<meta property=\"og:title\" content=\"La bourse \u00abConnect to Community\u00bb (C2C) - Inclusivemap\" \/>\n<meta property=\"og:description\" content=\"La bourse \u00abConnect to Community\u00bb (C2C) offre aux \u00e9tudiants de premier cycle et de ma\u00eetrise de l\u2019Universit\u00e9 de la Colombie-Britannique la possibilit\u00e9 de r\u00e9aliser un projet significatif en partenariat avec une organisation communautaire locale \u00e0 but non lucratif. Con\u00e7ue comme une introduction \u00e0 l\u2019exp\u00e9rience des demandes de subventions, cette bourse se veut une occasion d\u2019apprentissagePoursuivre la lecture de &quot;La bourse \u00abConnect to Community\u00bb (C2C)&quot;\" \/>\n<meta property=\"og:url\" content=\"https:\/\/inclusivemap.ca\/fr\/la-bourse-connect-to-community-c2c\/\" \/>\n<meta property=\"og:site_name\" content=\"Inclusivemap\" \/>\n<meta property=\"article:modified_time\" content=\"2023-02-23T01:45:21+00:00\" \/>\n<meta property=\"og:image\" content=\"https:\/\/inclusivemap.ca\/wp-content\/uploads\/2021\/10\/UBCLogo_BlueRGB300-1.png\" \/>\n<meta name=\"twitter:card\" content=\"summary_large_image\" \/>\n<meta name=\"twitter:label1\" content=\"Dur\u00e9e de lecture estim\u00e9e\" \/>\n\t<meta name=\"twitter:data1\" content=\"1 minute\" \/>\n<script type=\"application\/ld+json\" class=\"yoast-schema-graph\">{\"@context\":\"https:\/\/schema.org\",\"@graph\":[{\"@type\":\"WebPage\",\"@id\":\"https:\/\/inclusivemap.ca\/fr\/la-bourse-connect-to-community-c2c\/\",\"url\":\"https:\/\/inclusivemap.ca\/fr\/la-bourse-connect-to-community-c2c\/\",\"name\":\"La bourse \u00abConnect to Community\u00bb (C2C) - Inclusivemap\",\"isPartOf\":{\"@id\":\"https:\/\/inclusivemap.ca\/fr\/#website\"},\"primaryImageOfPage\":{\"@id\":\"https:\/\/inclusivemap.ca\/fr\/la-bourse-connect-to-community-c2c\/#primaryimage\"},\"image\":{\"@id\":\"https:\/\/inclusivemap.ca\/fr\/la-bourse-connect-to-community-c2c\/#primaryimage\"},\"thumbnailUrl\":\"https:\/\/inclusivemap.ca\/wp-content\/uploads\/2021\/10\/UBCLogo_BlueRGB300-1.png\",\"datePublished\":\"2023-01-03T20:16:17+00:00\",\"dateModified\":\"2023-02-23T01:45:21+00:00\",\"breadcrumb\":{\"@id\":\"https:\/\/inclusivemap.ca\/fr\/la-bourse-connect-to-community-c2c\/#breadcrumb\"},\"inLanguage\":\"fr-FR\",\"potentialAction\":[{\"@type\":\"ReadAction\",\"target\":[\"https:\/\/inclusivemap.ca\/fr\/la-bourse-connect-to-community-c2c\/\"]}]},{\"@type\":\"ImageObject\",\"inLanguage\":\"fr-FR\",\"@id\":\"https:\/\/inclusivemap.ca\/fr\/la-bourse-connect-to-community-c2c\/#primaryimage\",\"url\":\"https:\/\/inclusivemap.ca\/wp-content\/uploads\/2021\/10\/UBCLogo_BlueRGB300-1.png\",\"contentUrl\":\"https:\/\/inclusivemap.ca\/wp-content\/uploads\/2021\/10\/UBCLogo_BlueRGB300-1.png\"},{\"@type\":\"BreadcrumbList\",\"@id\":\"https:\/\/inclusivemap.ca\/fr\/la-bourse-connect-to-community-c2c\/#breadcrumb\",\"itemListElement\":[{\"@type\":\"ListItem\",\"position\":1,\"name\":\"Home\",\"item\":\"https:\/\/inclusivemap.ca\/fr\/\"},{\"@type\":\"ListItem\",\"position\":2,\"name\":\"La bourse \u00abConnect to Community\u00bb (C2C)\"}]},{\"@type\":\"WebSite\",\"@id\":\"https:\/\/inclusivemap.ca\/fr\/#website\",\"url\":\"https:\/\/inclusivemap.ca\/fr\/\",\"name\":\"Inclusivemap\",\"description\":\"MAP \u2013 Mobility | Access | Participation\",\"publisher\":{\"@id\":\"https:\/\/inclusivemap.ca\/fr\/#organization\"},\"potentialAction\":[{\"@type\":\"SearchAction\",\"target\":{\"@type\":\"EntryPoint\",\"urlTemplate\":\"https:\/\/inclusivemap.ca\/fr\/?s={search_term_string}\"},\"query-input\":{\"@type\":\"PropertyValueSpecification\",\"valueRequired\":true,\"valueName\":\"search_term_string\"}}],\"inLanguage\":\"fr-FR\"},{\"@type\":\"Organization\",\"@id\":\"https:\/\/inclusivemap.ca\/fr\/#organization\",\"name\":\"Inclusivemap\",\"url\":\"https:\/\/inclusivemap.ca\/fr\/\",\"logo\":{\"@type\":\"ImageObject\",\"inLanguage\":\"fr-FR\",\"@id\":\"https:\/\/inclusivemap.ca\/fr\/#\/schema\/logo\/image\/\",\"url\":\"https:\/\/inclusivemap.ca\/wp-content\/uploads\/2022\/07\/map_bigprint_lighterblue.png\",\"contentUrl\":\"https:\/\/inclusivemap.ca\/wp-content\/uploads\/2022\/07\/map_bigprint_lighterblue.png\",\"width\":8348,\"height\":4563,\"caption\":\"Inclusivemap\"},\"image\":{\"@id\":\"https:\/\/inclusivemap.ca\/fr\/#\/schema\/logo\/image\/\"}}]}<\/script>\n<!-- \/ Yoast SEO plugin. -->","yoast_head_json":{"title":"La bourse \u00abConnect to Community\u00bb (C2C) - Inclusivemap","robots":{"index":"index","follow":"follow","max-snippet":"max-snippet:-1","max-image-preview":"max-image-preview:large","max-video-preview":"max-video-preview:-1"},"canonical":"https:\/\/inclusivemap.ca\/fr\/la-bourse-connect-to-community-c2c\/","og_locale":"fr_FR","og_type":"article","og_title":"La bourse \u00abConnect to Community\u00bb (C2C) - Inclusivemap","og_description":"La bourse \u00abConnect to Community\u00bb (C2C) offre aux \u00e9tudiants de premier cycle et de ma\u00eetrise de l\u2019Universit\u00e9 de la Colombie-Britannique la possibilit\u00e9 de r\u00e9aliser un projet significatif en partenariat avec une organisation communautaire locale \u00e0 but non lucratif. Con\u00e7ue comme une introduction \u00e0 l\u2019exp\u00e9rience des demandes de subventions, cette bourse se veut une occasion d\u2019apprentissagePoursuivre la lecture de \"La bourse \u00abConnect to Community\u00bb (C2C)\"","og_url":"https:\/\/inclusivemap.ca\/fr\/la-bourse-connect-to-community-c2c\/","og_site_name":"Inclusivemap","article_modified_time":"2023-02-23T01:45:21+00:00","og_image":[{"url":"https:\/\/inclusivemap.ca\/wp-content\/uploads\/2021\/10\/UBCLogo_BlueRGB300-1.png","type":"","width":"","height":""}],"twitter_card":"summary_large_image","twitter_misc":{"Dur\u00e9e de lecture estim\u00e9e":"1 minute"},"schema":{"@context":"https:\/\/schema.org","@graph":[{"@type":"WebPage","@id":"https:\/\/inclusivemap.ca\/fr\/la-bourse-connect-to-community-c2c\/","url":"https:\/\/inclusivemap.ca\/fr\/la-bourse-connect-to-community-c2c\/","name":"La bourse \u00abConnect to Community\u00bb (C2C) - Inclusivemap","isPartOf":{"@id":"https:\/\/inclusivemap.ca\/fr\/#website"},"primaryImageOfPage":{"@id":"https:\/\/inclusivemap.ca\/fr\/la-bourse-connect-to-community-c2c\/#primaryimage"},"image":{"@id":"https:\/\/inclusivemap.ca\/fr\/la-bourse-connect-to-community-c2c\/#primaryimage"},"thumbnailUrl":"https:\/\/inclusivemap.ca\/wp-content\/uploads\/2021\/10\/UBCLogo_BlueRGB300-1.png","datePublished":"2023-01-03T20:16:17+00:00","dateModified":"2023-02-23T01:45:21+00:00","breadcrumb":{"@id":"https:\/\/inclusivemap.ca\/fr\/la-bourse-connect-to-community-c2c\/#breadcrumb"},"inLanguage":"fr-FR","potentialAction":[{"@type":"ReadAction","target":["https:\/\/inclusivemap.ca\/fr\/la-bourse-connect-to-community-c2c\/"]}]},{"@type":"ImageObject","inLanguage":"fr-FR","@id":"https:\/\/inclusivemap.ca\/fr\/la-bourse-connect-to-community-c2c\/#primaryimage","url":"https:\/\/inclusivemap.ca\/wp-content\/uploads\/2021\/10\/UBCLogo_BlueRGB300-1.png","contentUrl":"https:\/\/inclusivemap.ca\/wp-content\/uploads\/2021\/10\/UBCLogo_BlueRGB300-1.png"},{"@type":"BreadcrumbList","@id":"https:\/\/inclusivemap.ca\/fr\/la-bourse-connect-to-community-c2c\/#breadcrumb","itemListElement":[{"@type":"ListItem","position":1,"name":"Home","item":"https:\/\/inclusivemap.ca\/fr\/"},{"@type":"ListItem","position":2,"name":"La bourse \u00abConnect to Community\u00bb (C2C)"}]},{"@type":"WebSite","@id":"https:\/\/inclusivemap.ca\/fr\/#website","url":"https:\/\/inclusivemap.ca\/fr\/","name":"Inclusivemap","description":"MAP \u2013 Mobility | Access | Participation","publisher":{"@id":"https:\/\/inclusivemap.ca\/fr\/#organization"},"potentialAction":[{"@type":"SearchAction","target":{"@type":"EntryPoint","urlTemplate":"https:\/\/inclusivemap.ca\/fr\/?s={search_term_string}"},"query-input":{"@type":"PropertyValueSpecification","valueRequired":true,"valueName":"search_term_string"}}],"inLanguage":"fr-FR"},{"@type":"Organization","@id":"https:\/\/inclusivemap.ca\/fr\/#organization","name":"Inclusivemap","url":"https:\/\/inclusivemap.ca\/fr\/","logo":{"@type":"ImageObject","inLanguage":"fr-FR","@id":"https:\/\/inclusivemap.ca\/fr\/#\/schema\/logo\/image\/","url":"https:\/\/inclusivemap.ca\/wp-content\/uploads\/2022\/07\/map_bigprint_lighterblue.png","contentUrl":"https:\/\/inclusivemap.ca\/wp-content\/uploads\/2022\/07\/map_bigprint_lighterblue.png","width":8348,"height":4563,"caption":"Inclusivemap"},"image":{"@id":"https:\/\/inclusivemap.ca\/fr\/#\/schema\/logo\/image\/"}}]}},"_links":{"self":[{"href":"https:\/\/inclusivemap.ca\/fr\/wp-json\/wp\/v2\/pages\/1385","targetHints":{"allow":["GET"]}}],"collection":[{"href":"https:\/\/inclusivemap.ca\/fr\/wp-json\/wp\/v2\/pages"}],"about":[{"href":"https:\/\/inclusivemap.ca\/fr\/wp-json\/wp\/v2\/types\/page"}],"author":[{"embeddable":true,"href":"https:\/\/inclusivemap.ca\/fr\/wp-json\/wp\/v2\/users\/6"}],"replies":[{"embeddable":true,"href":"https:\/\/inclusivemap.ca\/fr\/wp-json\/wp\/v2\/comments?post=1385"}],"version-history":[{"count":1,"href":"https:\/\/inclusivemap.ca\/fr\/wp-json\/wp\/v2\/pages\/1385\/revisions"}],"predecessor-version":[{"id":1386,"href":"https:\/\/inclusivemap.ca\/fr\/wp-json\/wp\/v2\/pages\/1385\/revisions\/1386"}],"wp:attachment":[{"href":"https:\/\/inclusivemap.ca\/fr\/wp-json\/wp\/v2\/media?parent=1385"}],"wp:term":[{"taxonomy":"publication_categories","embeddable":true,"href":"https:\/\/inclusivemap.ca\/fr\/wp-json\/wp\/v2\/publication_categories?post=1385"}],"curies":[{"name":"wp","href":"https:\/\/api.w.org\/{rel}","templated":true}]}}