{"id":1387,"date":"2023-01-03T20:14:16","date_gmt":"2023-01-03T20:14:16","guid":{"rendered":"https:\/\/inclusivemap.ca\/la-bourse-de-doctorat-ross-c-purse\/"},"modified":"2023-05-11T22:15:06","modified_gmt":"2023-05-11T22:15:06","slug":"la-bourse-de-doctorat-ross-c-purse","status":"publish","type":"page","link":"https:\/\/inclusivemap.ca\/fr\/la-bourse-de-doctorat-ross-c-purse\/","title":{"rendered":"La bourse de doctorat Ross C. Purse"},"content":{"rendered":"<div class=\"wp-block-image\">\n<figure class=\"aligncenter size-full\"><img loading=\"lazy\" decoding=\"async\" width=\"400\" height=\"399\" src=\"https:\/\/inclusivemap.ca\/wp-content\/uploads\/2022\/07\/cnib-social-media-default-facebook-e1680894007602.png\" alt=\"\" class=\"wp-image-861\" srcset=\"https:\/\/inclusivemap.ca\/wp-content\/uploads\/2022\/07\/cnib-social-media-default-facebook-e1680894007602.png 400w, https:\/\/inclusivemap.ca\/wp-content\/uploads\/2022\/07\/cnib-social-media-default-facebook-e1680894007602-80x80.png 80w, https:\/\/inclusivemap.ca\/wp-content\/uploads\/2022\/07\/cnib-social-media-default-facebook-e1680894007602-150x150.png 150w, https:\/\/inclusivemap.ca\/wp-content\/uploads\/2022\/07\/cnib-social-media-default-facebook-e1680894007602-300x300.png 300w\" sizes=\"auto, (max-width: 400px) 100vw, 400px\" \/><figcaption class=\"wp-element-caption\">Logo de l\u2019Institut national canadien pour les aveugles (INCA)<\/figcaption><\/figure>\n<\/div>\n\n\n<p>L\u2019Institut national canadien pour les aveugles (INCA) administre chaque ann\u00e9e la bourse de doctorat Ross C. Purse et l\u2019attribue \u00e0 un \u00e9tudiant m\u00e9ritant qui effectue des recherches dans le domaine des sciences de la vision (tout projet, toutes disciplines confondues, ax\u00e9 sur la compr\u00e9hension de la qualit\u00e9 de vie des personnes ayant une perte de vision, ou qui a un impact sur la communaut\u00e9 des personnes ayant une perte de vision).<\/p>\n\n\n\n<p>T\u00e9l\u00e9chargez le formulaire de candidature ci-dessous.<\/p>\n\n\n\n<div class=\"wp-block-file\"><a id=\"wp-block-file--media-9e81df99-f41a-4b13-a25f-d4fe4565c245\" href=\"https:\/\/inclusivemap.ca\/wp-content\/uploads\/2023\/01\/CNIB_Research_Ross_C_Purse_Doctoral_Fellowship_Application.docx\">CNIB_Research_Ross_C_Purse_Doctoral_Fellowship_Application<\/a><a href=\"https:\/\/inclusivemap.ca\/wp-content\/uploads\/2023\/01\/CNIB_Research_Ross_C_Purse_Doctoral_Fellowship_Application.docx\" class=\"wp-block-file__button wp-element-button\" download aria-describedby=\"wp-block-file--media-9e81df99-f41a-4b13-a25f-d4fe4565c245\">T\u00e9l\u00e9chargez<\/a><\/div>\n\n\n\n<div class=\"wp-block-buttons alignwide is-layout-flex wp-block-buttons-is-layout-flex\">\n<div class=\"wp-block-button has-custom-width wp-block-button__width-25 has-custom-font-size aligncenter is-style-outline has-small-font-size is-style-outline--1\"><a class=\"wp-block-button__link has-primary-color has-tertiary-background-color has-text-color has-background wp-element-button\" href=\"https:\/\/inclusivemap.ca\/fr\/bulletin\/map-bulletin-numero-1\/\">Retour \u00e0 la newsletter<\/a><\/div>\n<\/div>\n","protected":false},"excerpt":{"rendered":"<p>L\u2019Institut national canadien pour les aveugles (INCA) administre chaque ann\u00e9e la bourse de doctorat Ross C. Purse et l\u2019attribue \u00e0 un \u00e9tudiant m\u00e9ritant qui effectue des recherches dans le domaine des sciences de la vision (tout projet, toutes disciplines confondues, ax\u00e9 sur la compr\u00e9hension de la qualit\u00e9 de vie des personnes ayant une perte de<a class=\"more-link\" href=\"https:\/\/inclusivemap.ca\/fr\/la-bourse-de-doctorat-ross-c-purse\/\">Poursuivre la lecture de <span class=\"screen-reader-text\">\u00ab\u00a0La bourse de doctorat Ross C. Purse\u00a0\u00bb<\/span><\/a><\/p>\n","protected":false},"author":6,"featured_media":0,"parent":0,"menu_order":0,"comment_status":"closed","ping_status":"closed","template":"","meta":{"_acf_changed":false,"inline_featured_image":false,"footnotes":""},"publication_categories":[],"class_list":["post-1387","page","type-page","status-publish","hentry","entry"],"acf":[],"yoast_head":"<!-- This site is optimized with the Yoast SEO plugin v26.9 - https:\/\/yoast.com\/product\/yoast-seo-wordpress\/ -->\n<title>La bourse de doctorat Ross C. Purse - Inclusivemap<\/title>\n<meta name=\"robots\" content=\"index, follow, max-snippet:-1, max-image-preview:large, max-video-preview:-1\" \/>\n<link rel=\"canonical\" href=\"https:\/\/inclusivemap.ca\/fr\/la-bourse-de-doctorat-ross-c-purse\/\" \/>\n<meta property=\"og:locale\" content=\"fr_FR\" \/>\n<meta property=\"og:type\" content=\"article\" \/>\n<meta property=\"og:title\" content=\"La bourse de doctorat Ross C. Purse - Inclusivemap\" \/>\n<meta property=\"og:description\" content=\"L\u2019Institut national canadien pour les aveugles (INCA) administre chaque ann\u00e9e la bourse de doctorat Ross C. Purse et l\u2019attribue \u00e0 un \u00e9tudiant m\u00e9ritant qui effectue des recherches dans le domaine des sciences de la vision (tout projet, toutes disciplines confondues, ax\u00e9 sur la compr\u00e9hension de la qualit\u00e9 de vie des personnes ayant une perte dePoursuivre la lecture de &quot;La bourse de doctorat Ross C. Purse&quot;\" \/>\n<meta property=\"og:url\" content=\"https:\/\/inclusivemap.ca\/fr\/la-bourse-de-doctorat-ross-c-purse\/\" \/>\n<meta property=\"og:site_name\" content=\"Inclusivemap\" \/>\n<meta property=\"article:modified_time\" content=\"2023-05-11T22:15:06+00:00\" \/>\n<meta property=\"og:image\" content=\"https:\/\/inclusivemap.ca\/wp-content\/uploads\/2022\/07\/cnib-social-media-default-facebook-e1680894007602.png\" \/>\n<meta name=\"twitter:card\" content=\"summary_large_image\" \/>\n<meta name=\"twitter:label1\" content=\"Dur\u00e9e de lecture estim\u00e9e\" \/>\n\t<meta name=\"twitter:data1\" content=\"1 minute\" \/>\n<script type=\"application\/ld+json\" class=\"yoast-schema-graph\">{\"@context\":\"https:\/\/schema.org\",\"@graph\":[{\"@type\":\"WebPage\",\"@id\":\"https:\/\/inclusivemap.ca\/fr\/la-bourse-de-doctorat-ross-c-purse\/\",\"url\":\"https:\/\/inclusivemap.ca\/fr\/la-bourse-de-doctorat-ross-c-purse\/\",\"name\":\"La bourse de doctorat Ross C. Purse - Inclusivemap\",\"isPartOf\":{\"@id\":\"https:\/\/inclusivemap.ca\/fr\/#website\"},\"primaryImageOfPage\":{\"@id\":\"https:\/\/inclusivemap.ca\/fr\/la-bourse-de-doctorat-ross-c-purse\/#primaryimage\"},\"image\":{\"@id\":\"https:\/\/inclusivemap.ca\/fr\/la-bourse-de-doctorat-ross-c-purse\/#primaryimage\"},\"thumbnailUrl\":\"https:\/\/inclusivemap.ca\/wp-content\/uploads\/2022\/07\/cnib-social-media-default-facebook-e1680894007602.png\",\"datePublished\":\"2023-01-03T20:14:16+00:00\",\"dateModified\":\"2023-05-11T22:15:06+00:00\",\"breadcrumb\":{\"@id\":\"https:\/\/inclusivemap.ca\/fr\/la-bourse-de-doctorat-ross-c-purse\/#breadcrumb\"},\"inLanguage\":\"fr-FR\",\"potentialAction\":[{\"@type\":\"ReadAction\",\"target\":[\"https:\/\/inclusivemap.ca\/fr\/la-bourse-de-doctorat-ross-c-purse\/\"]}]},{\"@type\":\"ImageObject\",\"inLanguage\":\"fr-FR\",\"@id\":\"https:\/\/inclusivemap.ca\/fr\/la-bourse-de-doctorat-ross-c-purse\/#primaryimage\",\"url\":\"https:\/\/inclusivemap.ca\/wp-content\/uploads\/2022\/07\/cnib-social-media-default-facebook-e1680894007602.png\",\"contentUrl\":\"https:\/\/inclusivemap.ca\/wp-content\/uploads\/2022\/07\/cnib-social-media-default-facebook-e1680894007602.png\"},{\"@type\":\"BreadcrumbList\",\"@id\":\"https:\/\/inclusivemap.ca\/fr\/la-bourse-de-doctorat-ross-c-purse\/#breadcrumb\",\"itemListElement\":[{\"@type\":\"ListItem\",\"position\":1,\"name\":\"Home\",\"item\":\"https:\/\/inclusivemap.ca\/fr\/\"},{\"@type\":\"ListItem\",\"position\":2,\"name\":\"La bourse de doctorat Ross C. Purse\"}]},{\"@type\":\"WebSite\",\"@id\":\"https:\/\/inclusivemap.ca\/fr\/#website\",\"url\":\"https:\/\/inclusivemap.ca\/fr\/\",\"name\":\"Inclusivemap\",\"description\":\"MAP \u2013 Mobility | Access | Participation\",\"publisher\":{\"@id\":\"https:\/\/inclusivemap.ca\/fr\/#organization\"},\"potentialAction\":[{\"@type\":\"SearchAction\",\"target\":{\"@type\":\"EntryPoint\",\"urlTemplate\":\"https:\/\/inclusivemap.ca\/fr\/?s={search_term_string}\"},\"query-input\":{\"@type\":\"PropertyValueSpecification\",\"valueRequired\":true,\"valueName\":\"search_term_string\"}}],\"inLanguage\":\"fr-FR\"},{\"@type\":\"Organization\",\"@id\":\"https:\/\/inclusivemap.ca\/fr\/#organization\",\"name\":\"Inclusivemap\",\"url\":\"https:\/\/inclusivemap.ca\/fr\/\",\"logo\":{\"@type\":\"ImageObject\",\"inLanguage\":\"fr-FR\",\"@id\":\"https:\/\/inclusivemap.ca\/fr\/#\/schema\/logo\/image\/\",\"url\":\"https:\/\/inclusivemap.ca\/wp-content\/uploads\/2022\/07\/map_bigprint_lighterblue.png\",\"contentUrl\":\"https:\/\/inclusivemap.ca\/wp-content\/uploads\/2022\/07\/map_bigprint_lighterblue.png\",\"width\":8348,\"height\":4563,\"caption\":\"Inclusivemap\"},\"image\":{\"@id\":\"https:\/\/inclusivemap.ca\/fr\/#\/schema\/logo\/image\/\"}}]}<\/script>\n<!-- \/ Yoast SEO plugin. -->","yoast_head_json":{"title":"La bourse de doctorat Ross C. Purse - Inclusivemap","robots":{"index":"index","follow":"follow","max-snippet":"max-snippet:-1","max-image-preview":"max-image-preview:large","max-video-preview":"max-video-preview:-1"},"canonical":"https:\/\/inclusivemap.ca\/fr\/la-bourse-de-doctorat-ross-c-purse\/","og_locale":"fr_FR","og_type":"article","og_title":"La bourse de doctorat Ross C. Purse - Inclusivemap","og_description":"L\u2019Institut national canadien pour les aveugles (INCA) administre chaque ann\u00e9e la bourse de doctorat Ross C. Purse et l\u2019attribue \u00e0 un \u00e9tudiant m\u00e9ritant qui effectue des recherches dans le domaine des sciences de la vision (tout projet, toutes disciplines confondues, ax\u00e9 sur la compr\u00e9hension de la qualit\u00e9 de vie des personnes ayant une perte dePoursuivre la lecture de \"La bourse de doctorat Ross C. Purse\"","og_url":"https:\/\/inclusivemap.ca\/fr\/la-bourse-de-doctorat-ross-c-purse\/","og_site_name":"Inclusivemap","article_modified_time":"2023-05-11T22:15:06+00:00","og_image":[{"url":"https:\/\/inclusivemap.ca\/wp-content\/uploads\/2022\/07\/cnib-social-media-default-facebook-e1680894007602.png","type":"","width":"","height":""}],"twitter_card":"summary_large_image","twitter_misc":{"Dur\u00e9e de lecture estim\u00e9e":"1 minute"},"schema":{"@context":"https:\/\/schema.org","@graph":[{"@type":"WebPage","@id":"https:\/\/inclusivemap.ca\/fr\/la-bourse-de-doctorat-ross-c-purse\/","url":"https:\/\/inclusivemap.ca\/fr\/la-bourse-de-doctorat-ross-c-purse\/","name":"La bourse de doctorat Ross C. Purse - Inclusivemap","isPartOf":{"@id":"https:\/\/inclusivemap.ca\/fr\/#website"},"primaryImageOfPage":{"@id":"https:\/\/inclusivemap.ca\/fr\/la-bourse-de-doctorat-ross-c-purse\/#primaryimage"},"image":{"@id":"https:\/\/inclusivemap.ca\/fr\/la-bourse-de-doctorat-ross-c-purse\/#primaryimage"},"thumbnailUrl":"https:\/\/inclusivemap.ca\/wp-content\/uploads\/2022\/07\/cnib-social-media-default-facebook-e1680894007602.png","datePublished":"2023-01-03T20:14:16+00:00","dateModified":"2023-05-11T22:15:06+00:00","breadcrumb":{"@id":"https:\/\/inclusivemap.ca\/fr\/la-bourse-de-doctorat-ross-c-purse\/#breadcrumb"},"inLanguage":"fr-FR","potentialAction":[{"@type":"ReadAction","target":["https:\/\/inclusivemap.ca\/fr\/la-bourse-de-doctorat-ross-c-purse\/"]}]},{"@type":"ImageObject","inLanguage":"fr-FR","@id":"https:\/\/inclusivemap.ca\/fr\/la-bourse-de-doctorat-ross-c-purse\/#primaryimage","url":"https:\/\/inclusivemap.ca\/wp-content\/uploads\/2022\/07\/cnib-social-media-default-facebook-e1680894007602.png","contentUrl":"https:\/\/inclusivemap.ca\/wp-content\/uploads\/2022\/07\/cnib-social-media-default-facebook-e1680894007602.png"},{"@type":"BreadcrumbList","@id":"https:\/\/inclusivemap.ca\/fr\/la-bourse-de-doctorat-ross-c-purse\/#breadcrumb","itemListElement":[{"@type":"ListItem","position":1,"name":"Home","item":"https:\/\/inclusivemap.ca\/fr\/"},{"@type":"ListItem","position":2,"name":"La bourse de doctorat Ross C. Purse"}]},{"@type":"WebSite","@id":"https:\/\/inclusivemap.ca\/fr\/#website","url":"https:\/\/inclusivemap.ca\/fr\/","name":"Inclusivemap","description":"MAP \u2013 Mobility | Access | Participation","publisher":{"@id":"https:\/\/inclusivemap.ca\/fr\/#organization"},"potentialAction":[{"@type":"SearchAction","target":{"@type":"EntryPoint","urlTemplate":"https:\/\/inclusivemap.ca\/fr\/?s={search_term_string}"},"query-input":{"@type":"PropertyValueSpecification","valueRequired":true,"valueName":"search_term_string"}}],"inLanguage":"fr-FR"},{"@type":"Organization","@id":"https:\/\/inclusivemap.ca\/fr\/#organization","name":"Inclusivemap","url":"https:\/\/inclusivemap.ca\/fr\/","logo":{"@type":"ImageObject","inLanguage":"fr-FR","@id":"https:\/\/inclusivemap.ca\/fr\/#\/schema\/logo\/image\/","url":"https:\/\/inclusivemap.ca\/wp-content\/uploads\/2022\/07\/map_bigprint_lighterblue.png","contentUrl":"https:\/\/inclusivemap.ca\/wp-content\/uploads\/2022\/07\/map_bigprint_lighterblue.png","width":8348,"height":4563,"caption":"Inclusivemap"},"image":{"@id":"https:\/\/inclusivemap.ca\/fr\/#\/schema\/logo\/image\/"}}]}},"_links":{"self":[{"href":"https:\/\/inclusivemap.ca\/fr\/wp-json\/wp\/v2\/pages\/1387","targetHints":{"allow":["GET"]}}],"collection":[{"href":"https:\/\/inclusivemap.ca\/fr\/wp-json\/wp\/v2\/pages"}],"about":[{"href":"https:\/\/inclusivemap.ca\/fr\/wp-json\/wp\/v2\/types\/page"}],"author":[{"embeddable":true,"href":"https:\/\/inclusivemap.ca\/fr\/wp-json\/wp\/v2\/users\/6"}],"replies":[{"embeddable":true,"href":"https:\/\/inclusivemap.ca\/fr\/wp-json\/wp\/v2\/comments?post=1387"}],"version-history":[{"count":2,"href":"https:\/\/inclusivemap.ca\/fr\/wp-json\/wp\/v2\/pages\/1387\/revisions"}],"predecessor-version":[{"id":1722,"href":"https:\/\/inclusivemap.ca\/fr\/wp-json\/wp\/v2\/pages\/1387\/revisions\/1722"}],"wp:attachment":[{"href":"https:\/\/inclusivemap.ca\/fr\/wp-json\/wp\/v2\/media?parent=1387"}],"wp:term":[{"taxonomy":"publication_categories","embeddable":true,"href":"https:\/\/inclusivemap.ca\/fr\/wp-json\/wp\/v2\/publication_categories?post=1387"}],"curies":[{"name":"wp","href":"https:\/\/api.w.org\/{rel}","templated":true}]}}