{"id":1389,"date":"2023-01-03T20:03:29","date_gmt":"2023-01-03T20:03:29","guid":{"rendered":"https:\/\/inclusivemap.ca\/pleins-feux-sur-le-projet-map-projet-dinfrastructure-de-pistes-cyclables\/"},"modified":"2024-11-26T01:24:54","modified_gmt":"2024-11-26T01:24:54","slug":"pleins-feux-sur-le-projet-map-projet-dinfrastructure-de-pistes-cyclables","status":"publish","type":"page","link":"https:\/\/inclusivemap.ca\/fr\/pleins-feux-sur-le-projet-map-projet-dinfrastructure-de-pistes-cyclables\/","title":{"rendered":"Pleins feux sur le projet MAP : Projet d\u2019infrastructure de pistes cyclables"},"content":{"rendered":"\n<p><em>Par: Janice Chan and Jessie Hall<\/em><\/p>\n\n\n<div class=\"wp-block-image\">\n<figure class=\"aligncenter size-full is-resized\"><img loading=\"lazy\" decoding=\"async\" width=\"437\" height=\"437\" src=\"https:\/\/inclusivemap.ca\/wp-content\/uploads\/2023\/01\/Cycle-Lane.jpg\" alt=\"\" class=\"wp-image-1169\" style=\"width:400px\" srcset=\"https:\/\/inclusivemap.ca\/wp-content\/uploads\/2023\/01\/Cycle-Lane.jpg 437w, https:\/\/inclusivemap.ca\/wp-content\/uploads\/2023\/01\/Cycle-Lane-300x300.jpg 300w, https:\/\/inclusivemap.ca\/wp-content\/uploads\/2023\/01\/Cycle-Lane-150x150.jpg 150w\" sizes=\"auto, (max-width: 437px) 100vw, 437px\" \/><figcaption class=\"wp-element-caption\">Photo par <a href=\"https:\/\/unsplash.com\/@rasmusgerdin?utm_source=unsplash&amp;utm_medium=referral&amp;utm_content=creditCopyText\">Rasmus Gerdin<\/a> sur <a href=\"https:\/\/unsplash.com\/s\/photos\/mobility-devices?utm_source=unsplash&amp;utm_medium=referral&amp;utm_content=creditCopyText\">Unsplash<\/a><\/figcaption><\/figure>\n<\/div>\n\n\n<p>Vous aimez faire du v\u00e9lo ? Que diriez-vous d\u2019utiliser les r\u00e9seaux de pistes cyclables du Grand Vancouver ? Nous le faisons certainement, mais vous \u00eates-vous d\u00e9j\u00e0 demand\u00e9 qui peut b\u00e9n\u00e9ficier des infrastructures cyclables ? \u00c0 l\u2019heure actuelle, dans le Grand Vancouver, les personnes qui utilisent des aides \u00e0 la mobilit\u00e9 sur roues, comme les fauteuils roulants manuels ou \u00e9lectriques ainsi que les aides \u00e0 la mobilit\u00e9 de type scooter, ne sont pas officiellement autoris\u00e9es \u00e0 utiliser les voies cyclables. Cependant, de nombreux utilisateurs d\u2019appareils de mobilit\u00e9 \u00e9prouvent des difficult\u00e9s \u00e0 utiliser les trottoirs en raison de la fissuration du rev\u00eatement, de l\u2019absence de bateau pav\u00e9 sur les trottoirs ainsi que d\u2019autres obstructions. Quelle serait une alternative plus s\u00e9curitaire pour ces utilisateurs ? Les pistes cyclables !<\/p>\n\n\n\n<p>Les r\u00e9glementations relatives aux pistes cyclables varient consid\u00e9rablement selon l\u2019endroit o\u00f9 vous vivez. Aux Pays-Bas, les personnes avec des incapacit\u00e9s peuvent l\u00e9galement utiliser divers dispositifs de mobilit\u00e9 sur les pistes cyclables. Aux Pays-Bas, les aides \u00e0 la mobilit\u00e9 de type scooter peuvent acc\u00e9der aux r\u00e9seaux cyclables \u00e9tendus \u00e0 une vitesse de 30 km\/heure et les voies pi\u00e9tonnes \u00e0 une vitesse de 6 km\/heure. Le fait de r\u00e9guler la vitesse des aides \u00e0 la mobilit\u00e9 en fonction de la vitesse habituelle des autres usagers des sentiers permet d\u2019assurer la s\u00e9curit\u00e9 de tous et de donner aux personnes qui utilisent des \u00e9quipements adapt\u00e9s une plus grande libert\u00e9 en mati\u00e8re de transport [1].<\/p>\n\n\n\n<p>Maintenant que nous savons que les infrastructures cyclables inclusives existent, nous devons nous interroger sur le degr\u00e9 d\u2019acc\u00e8s et de libert\u00e9 ici en Colombie-Britannique. La ville de Victoria a r\u00e9cemment demand\u00e9 \u00e0 la province d\u2019autoriser officiellement les fauteuils roulants \u00e9lectriques et les aides \u00e0 la mobilit\u00e9s de type scooter \u00e0 circuler dans les pistes cyclables de la ville. L\u2019utilisation des trottoirs peut non seulement \u00eatre g\u00eanante, mais aussi dangereuse. Dans un article paru en octobre 2021 dans le <em>\u00ab Times Colonist \u00bb<\/em>, Peter Foran explique comment il est tomb\u00e9 de son fauteuil roulant \u00e9lectrique et s\u2019est cass\u00e9 la hanche en roulant sur un trottoir in\u00e9gal [2]. Ainsi, l\u2019objectif de ce mouvement est d\u2019am\u00e9liorer l\u2019accessibilit\u00e9 des personnes avec des incapacit\u00e9s et \u00e0 mobilit\u00e9 r\u00e9duite en \u00e9largissant les options de transport.<\/p>\n\n\n\n<p>Pour de nombreuses personnes avec des incapacit\u00e9s, ce qui est n\u00e9cessaire pour faciliter l\u2019utilisation s\u00fbre et accessible des pistes cyclables va au-del\u00e0 de la modification des r\u00e8glements. Dans un r\u00e9cent article paru dans <em>\u00abThe Tyee\u00bb<\/em>, sept r\u00e9sidents avec des incapacit\u00e9s de la Colombie-Britannique ont partag\u00e9 leurs exp\u00e9riences et leur expertise sur la fa\u00e7on de rendre la marche, le cyclisme et l\u2019utilisation d\u2019aide \u00e0 la mobilit\u00e9 sur roues plus accessibles et s\u00e9curitaires pour tous les utilisateurs. Selon Jacques Courteau, r\u00e9sident de Vancouver et utilisateur d\u2019un fauteuil roulant motoris\u00e9, il est souvent beaucoup plus s\u00e9curitaire pour lui d\u2019utiliser les pistes cyclables plut\u00f4t que les trottoirs. Il lui semble \u00e9galement que les cyclistes n\u2019y sont pas r\u00e9fractaires, du moment qu\u2019il respecte les m\u00eames r\u00e8gles qu\u2019eux. Naomi Wilde, une r\u00e9sidente de Victoria et cycliste ayant des incapacit\u00e9s, a soulign\u00e9 que les utilisateurs de la piste cyclable pourraient supposer qu\u2019un cycliste ayant des incapacit\u00e9s ne suit pas les r\u00e8gles de fa\u00e7on d\u00e9lib\u00e9r\u00e9e (comme par exemple ne pas se d\u00e9placer lorsqu&rsquo;un cycliste actionne sa sonnette), au lieu de r\u00e9aliser qu\u2019il pourrait ne pas \u00eatre en mesure de suivre ces r\u00e8gles en raison d\u2019une incapacit\u00e9 (par exemple ne pas \u00eatre en mesure d\u2019entendre la sonnette). Par cons\u00e9quent, la cr\u00e9ation d\u2019un environnement s\u00fbr et inclusif pour tous les usagers des pistes cyclables doit adopter de multiples approches, y compris l\u2019\u00e9laboration de r\u00e8glements inclusifs et l\u2019\u00e9ducation des usagers au fait que certains usagers pr\u00e9sentent des incapacit\u00e9s et pourraient avoir besoin d\u2019adaptation pour suivre les r\u00e8gles g\u00e9n\u00e9rales de la route [3].<\/p>\n\n\n\n<p>Alors, quelles sont les prochaines \u00e9tapes au niveau des infrastructure cyclable et de ses r\u00e8glements en Colombie-Britannique ? C\u2019est l\u00e0 que nous intervenons ! Le Partenariat Mobilit\u00e9, Acc\u00e8s, Participation (MAP) a un nouveau projet passionnant, appel\u00e9 \u00abProjet d\u2019infrastructure de pistes cyclables\u00bb, qui explore les exp\u00e9riences de mobilit\u00e9 des utilisateurs d\u2019appareils \u00e0 roues et des cyclistes qui utilisent les voies urbaines.<\/p>\n\n\n\n<p>Nous avons discut\u00e9 avec Tyrone Scales, un doctorant participant \u00e0 ce projet pour savoir pourquoi cette recherche est importante pour lui :<\/p>\n\n\n\n<figure class=\"wp-block-image\" id=\"attachment_877\"><img decoding=\"async\" src=\"https:\/\/inclusivemap.ca\/wp-content\/uploads\/2021\/11\/Picture8-1-300x300.jpg\" alt=\"\" class=\"wp-image-877\"\/><figcaption class=\"wp-element-caption\">Tyrone Scales<\/figcaption><\/figure>\n\n\n\n<p><em>\u00ab Cette recherche est importante pour moi, tant sur le plan professionnel que personnel. J\u2019ai travaill\u00e9 avec des personnes avec des incapacit\u00e9s qui utilisent des aides \u00e0 la mobilit\u00e9 \u00e0 roues et j\u2019ai un partenaire qui utilise un fauteuil roulant \u00e9lectrique. J\u2019ai vu des gens emprunter des trottoirs en mauvais \u00e9tat ou inexistants pour se d\u00e9placer et j\u2019ai \u00e9t\u00e9 t\u00e9moin d\u2019interactions positives et n\u00e9gatives lorsqu\u2019ils pr\u00e9f\u00e8rent ou doivent utiliser un autre moyen que le trottoir. Bien qu\u2019ils ne soient pas autoris\u00e9s \u00e0 utiliser les pistes cyclables officiellement en Colombie-Britannique, les utilisateurs d\u2019appareils de mobilit\u00e9 et les autres pi\u00e9tons sont autoris\u00e9s \u00e0 utiliser la chauss\u00e9e par la Motor Vehicle Act lorsqu\u2019il n\u2019y a pas de trottoir raisonnablement praticable. Je suis int\u00e9ress\u00e9 \u00e0 observer comment ce projet peut fournir une occasion d\u2019examiner pourquoi les utilisateurs peuvent avoir des pr\u00e9f\u00e9rences dans la fa\u00e7on dont ils s\u2019engagent avec l\u2019infrastructure cycliste lorsque de telles obstructions sont pr\u00e9sentes, ainsi que de mieux informer comment am\u00e9liorer la s\u00e9curit\u00e9 et les liens de ces infrastructures pour les utilisateurs d\u2019aide \u00e0 la mobilit\u00e9 et les autres utilisateurs. \u00bb <\/em><strong>\u2013 <\/strong><a href=\"https:\/\/inclusivemap.ca\/team-members\/\"><strong><em>Tyrone Scales<\/em><\/strong><\/a><\/p>\n\n\n\n<p>Au fur et \u00e0 mesure que les villes int\u00e8grent des moyens de transport durables dans leur d\u00e9veloppement urbain, des conceptions inclusives et universelles doivent \u00eatre maintenues afin d\u2019assurer l\u2019accessibilit\u00e9 aux personnes avec des incapacit\u00e9s. Afin d\u2019am\u00e9liorer ces r\u00e9seaux de transport et les normes d\u2019accessibilit\u00e9, le projet \u00abCycle Lane\u00bb collabore avec des membres de cette communaut\u00e9, mais \u00e9galement des cyclistes, des organisations communautaires, dont <a href=\"https:\/\/www.best.bc.ca\/\">BEST BC<\/a> et <a href=\"https:\/\/bikehub.ca\/\">HUB Cycling<\/a>, et des responsables municipaux de Vancouver et de Burnaby. En explorant les exp\u00e9riences des utilisateurs d\u2019appareils \u00e0 roues et des cyclistes avec des incapacit\u00e9s, nous esp\u00e9rons am\u00e9liorer les voies urbaines existantes, orienter les politiques futures, identifier les domaines de recherche future et informer le grand public sur la fa\u00e7on dont les personnes ayant avec des incapacit\u00e9s utilisent, et aimeraient utiliser, les voies urbaines pour acc\u00e9der \u00e0 leurs communaut\u00e9s.<\/p>\n\n\n\n<p>Si vous souhaitez en savoir plus sur les \u00e9quipements adapt\u00e9s et l\u2019utilisation des pistes cyclables au niveau international, consultez les liens suivants !<\/p>\n\n\n\n<ul class=\"wp-block-list\">\n<li><a href=\"http:\/\/www.copenhagenize.com\/2011\/06\/pain-and-pleasure.html\">Cycling with Disabilities and Injuries in Copenhagen: A Photo Portfolio<\/a><\/li>\n\n\n\n<li><a href=\"https:\/\/wheelsforwellbeing.org.uk\/wp-content\/uploads\/2019\/12\/FINAL-v3.pdf\">Wheels for Wellbeing: A Guide to Inclusive Cycling<\/a><\/li>\n<\/ul>\n\n\n\n<p>Si vous souhaitez en savoir plus sur les \u00e9quipements adapt\u00e9s et l\u2019utilisation des pistes cyclables au niveau international, consultez les liens suivants ! Nous vous enverrons bient\u00f4t plus d\u2019informations \u00e0 ce sujet !<\/p>\n\n\n\n<p><strong>References<\/strong><\/p>\n\n\n\n<ol class=\"wp-block-list\">\n<li>https:\/\/bicycledutch.wordpress.com\/2012\/12\/06\/who-else-benefits-from-the-dutch-cycling-infrastructure\/<\/li>\n\n\n\n<li>https:\/\/www.timescolonist.com\/local-news\/victoria-wants-motorized-wheelchairs-mobility-scooters-to-be-able-to-use-bike-lanes-4692927<\/li>\n\n\n\n<li>https:\/\/thetyee.ca\/News\/2022\/10\/06\/If-Bike-Lanes-Worked-Better-Disability-Community\/<\/li>\n<\/ol>\n\n\n\n<div class=\"wp-block-buttons alignwide has-custom-font-size has-normal-font-size is-layout-flex wp-block-buttons-is-layout-flex\">\n<div class=\"wp-block-button has-custom-width wp-block-button__width-25 aligncenter is-style-outline is-style-outline--1\"><a class=\"wp-block-button__link has-primary-color has-tertiary-background-color has-text-color has-background wp-element-button\" href=\"https:\/\/inclusivemap.ca\/fr\/bulletin\/map-bulletin-numero-1\/\">Retour \u00e0 la newsletter<\/a><\/div>\n<\/div>\n","protected":false},"excerpt":{"rendered":"<p>Par: Janice Chan and Jessie Hall Vous aimez faire du v\u00e9lo ? Que diriez-vous d\u2019utiliser les r\u00e9seaux de pistes cyclables du Grand Vancouver ? Nous le faisons certainement, mais vous \u00eates-vous d\u00e9j\u00e0 demand\u00e9 qui peut b\u00e9n\u00e9ficier des infrastructures cyclables ? \u00c0 l\u2019heure actuelle, dans le Grand Vancouver, les personnes qui utilisent des aides \u00e0 la<a class=\"more-link\" href=\"https:\/\/inclusivemap.ca\/fr\/pleins-feux-sur-le-projet-map-projet-dinfrastructure-de-pistes-cyclables\/\">Poursuivre la lecture de <span class=\"screen-reader-text\">\u00ab\u00a0Pleins feux sur le projet MAP : Projet d\u2019infrastructure de pistes cyclables\u00a0\u00bb<\/span><\/a><\/p>\n","protected":false},"author":6,"featured_media":0,"parent":0,"menu_order":0,"comment_status":"closed","ping_status":"closed","template":"","meta":{"_acf_changed":false,"inline_featured_image":false,"footnotes":""},"publication_categories":[],"class_list":["post-1389","page","type-page","status-publish","hentry","entry"],"acf":[],"yoast_head":"<!-- This site is optimized with the Yoast SEO plugin v26.9 - https:\/\/yoast.com\/product\/yoast-seo-wordpress\/ -->\n<title>Pleins feux sur le projet MAP : Projet d\u2019infrastructure de pistes cyclables - Inclusivemap<\/title>\n<meta name=\"robots\" content=\"index, follow, max-snippet:-1, max-image-preview:large, max-video-preview:-1\" \/>\n<link rel=\"canonical\" href=\"https:\/\/inclusivemap.ca\/fr\/pleins-feux-sur-le-projet-map-projet-dinfrastructure-de-pistes-cyclables\/\" \/>\n<meta property=\"og:locale\" content=\"fr_FR\" \/>\n<meta property=\"og:type\" content=\"article\" \/>\n<meta property=\"og:title\" content=\"Pleins feux sur le projet MAP : Projet d\u2019infrastructure de pistes cyclables - Inclusivemap\" \/>\n<meta property=\"og:description\" content=\"Par: Janice Chan and Jessie Hall Vous aimez faire du v\u00e9lo ? Que diriez-vous d\u2019utiliser les r\u00e9seaux de pistes cyclables du Grand Vancouver ? Nous le faisons certainement, mais vous \u00eates-vous d\u00e9j\u00e0 demand\u00e9 qui peut b\u00e9n\u00e9ficier des infrastructures cyclables ? \u00c0 l\u2019heure actuelle, dans le Grand Vancouver, les personnes qui utilisent des aides \u00e0 laPoursuivre la lecture de &quot;Pleins feux sur le projet MAP : Projet d\u2019infrastructure de pistes cyclables&quot;\" \/>\n<meta property=\"og:url\" content=\"https:\/\/inclusivemap.ca\/fr\/pleins-feux-sur-le-projet-map-projet-dinfrastructure-de-pistes-cyclables\/\" \/>\n<meta property=\"og:site_name\" content=\"Inclusivemap\" \/>\n<meta property=\"article:modified_time\" content=\"2024-11-26T01:24:54+00:00\" \/>\n<meta property=\"og:image\" content=\"https:\/\/inclusivemap.ca\/wp-content\/uploads\/2023\/01\/Cycle-Lane.jpg\" \/>\n\t<meta property=\"og:image:width\" content=\"437\" \/>\n\t<meta property=\"og:image:height\" content=\"437\" \/>\n\t<meta property=\"og:image:type\" content=\"image\/jpeg\" \/>\n<meta name=\"twitter:card\" content=\"summary_large_image\" \/>\n<meta name=\"twitter:label1\" content=\"Dur\u00e9e de lecture estim\u00e9e\" \/>\n\t<meta name=\"twitter:data1\" content=\"6 minutes\" \/>\n<script type=\"application\/ld+json\" class=\"yoast-schema-graph\">{\"@context\":\"https:\/\/schema.org\",\"@graph\":[{\"@type\":\"WebPage\",\"@id\":\"https:\/\/inclusivemap.ca\/fr\/pleins-feux-sur-le-projet-map-projet-dinfrastructure-de-pistes-cyclables\/\",\"url\":\"https:\/\/inclusivemap.ca\/fr\/pleins-feux-sur-le-projet-map-projet-dinfrastructure-de-pistes-cyclables\/\",\"name\":\"Pleins feux sur le projet MAP : Projet d\u2019infrastructure de pistes cyclables - Inclusivemap\",\"isPartOf\":{\"@id\":\"https:\/\/inclusivemap.ca\/fr\/#website\"},\"primaryImageOfPage\":{\"@id\":\"https:\/\/inclusivemap.ca\/fr\/pleins-feux-sur-le-projet-map-projet-dinfrastructure-de-pistes-cyclables\/#primaryimage\"},\"image\":{\"@id\":\"https:\/\/inclusivemap.ca\/fr\/pleins-feux-sur-le-projet-map-projet-dinfrastructure-de-pistes-cyclables\/#primaryimage\"},\"thumbnailUrl\":\"https:\/\/inclusivemap.ca\/wp-content\/uploads\/2023\/01\/Cycle-Lane.jpg\",\"datePublished\":\"2023-01-03T20:03:29+00:00\",\"dateModified\":\"2024-11-26T01:24:54+00:00\",\"breadcrumb\":{\"@id\":\"https:\/\/inclusivemap.ca\/fr\/pleins-feux-sur-le-projet-map-projet-dinfrastructure-de-pistes-cyclables\/#breadcrumb\"},\"inLanguage\":\"fr-FR\",\"potentialAction\":[{\"@type\":\"ReadAction\",\"target\":[\"https:\/\/inclusivemap.ca\/fr\/pleins-feux-sur-le-projet-map-projet-dinfrastructure-de-pistes-cyclables\/\"]}]},{\"@type\":\"ImageObject\",\"inLanguage\":\"fr-FR\",\"@id\":\"https:\/\/inclusivemap.ca\/fr\/pleins-feux-sur-le-projet-map-projet-dinfrastructure-de-pistes-cyclables\/#primaryimage\",\"url\":\"https:\/\/inclusivemap.ca\/wp-content\/uploads\/2023\/01\/Cycle-Lane.jpg\",\"contentUrl\":\"https:\/\/inclusivemap.ca\/wp-content\/uploads\/2023\/01\/Cycle-Lane.jpg\"},{\"@type\":\"BreadcrumbList\",\"@id\":\"https:\/\/inclusivemap.ca\/fr\/pleins-feux-sur-le-projet-map-projet-dinfrastructure-de-pistes-cyclables\/#breadcrumb\",\"itemListElement\":[{\"@type\":\"ListItem\",\"position\":1,\"name\":\"Home\",\"item\":\"https:\/\/inclusivemap.ca\/fr\/\"},{\"@type\":\"ListItem\",\"position\":2,\"name\":\"Pleins feux sur le projet MAP : Projet d\u2019infrastructure de pistes cyclables\"}]},{\"@type\":\"WebSite\",\"@id\":\"https:\/\/inclusivemap.ca\/fr\/#website\",\"url\":\"https:\/\/inclusivemap.ca\/fr\/\",\"name\":\"Inclusivemap\",\"description\":\"MAP \u2013 Mobility | Access | Participation\",\"publisher\":{\"@id\":\"https:\/\/inclusivemap.ca\/fr\/#organization\"},\"potentialAction\":[{\"@type\":\"SearchAction\",\"target\":{\"@type\":\"EntryPoint\",\"urlTemplate\":\"https:\/\/inclusivemap.ca\/fr\/?s={search_term_string}\"},\"query-input\":{\"@type\":\"PropertyValueSpecification\",\"valueRequired\":true,\"valueName\":\"search_term_string\"}}],\"inLanguage\":\"fr-FR\"},{\"@type\":\"Organization\",\"@id\":\"https:\/\/inclusivemap.ca\/fr\/#organization\",\"name\":\"Inclusivemap\",\"url\":\"https:\/\/inclusivemap.ca\/fr\/\",\"logo\":{\"@type\":\"ImageObject\",\"inLanguage\":\"fr-FR\",\"@id\":\"https:\/\/inclusivemap.ca\/fr\/#\/schema\/logo\/image\/\",\"url\":\"https:\/\/inclusivemap.ca\/wp-content\/uploads\/2022\/07\/map_bigprint_lighterblue.png\",\"contentUrl\":\"https:\/\/inclusivemap.ca\/wp-content\/uploads\/2022\/07\/map_bigprint_lighterblue.png\",\"width\":8348,\"height\":4563,\"caption\":\"Inclusivemap\"},\"image\":{\"@id\":\"https:\/\/inclusivemap.ca\/fr\/#\/schema\/logo\/image\/\"}}]}<\/script>\n<!-- \/ Yoast SEO plugin. -->","yoast_head_json":{"title":"Pleins feux sur le projet MAP : Projet d\u2019infrastructure de pistes cyclables - Inclusivemap","robots":{"index":"index","follow":"follow","max-snippet":"max-snippet:-1","max-image-preview":"max-image-preview:large","max-video-preview":"max-video-preview:-1"},"canonical":"https:\/\/inclusivemap.ca\/fr\/pleins-feux-sur-le-projet-map-projet-dinfrastructure-de-pistes-cyclables\/","og_locale":"fr_FR","og_type":"article","og_title":"Pleins feux sur le projet MAP : Projet d\u2019infrastructure de pistes cyclables - Inclusivemap","og_description":"Par: Janice Chan and Jessie Hall Vous aimez faire du v\u00e9lo ? Que diriez-vous d\u2019utiliser les r\u00e9seaux de pistes cyclables du Grand Vancouver ? Nous le faisons certainement, mais vous \u00eates-vous d\u00e9j\u00e0 demand\u00e9 qui peut b\u00e9n\u00e9ficier des infrastructures cyclables ? \u00c0 l\u2019heure actuelle, dans le Grand Vancouver, les personnes qui utilisent des aides \u00e0 laPoursuivre la lecture de \"Pleins feux sur le projet MAP : Projet d\u2019infrastructure de pistes cyclables\"","og_url":"https:\/\/inclusivemap.ca\/fr\/pleins-feux-sur-le-projet-map-projet-dinfrastructure-de-pistes-cyclables\/","og_site_name":"Inclusivemap","article_modified_time":"2024-11-26T01:24:54+00:00","og_image":[{"width":437,"height":437,"url":"https:\/\/inclusivemap.ca\/wp-content\/uploads\/2023\/01\/Cycle-Lane.jpg","type":"image\/jpeg"}],"twitter_card":"summary_large_image","twitter_misc":{"Dur\u00e9e de lecture estim\u00e9e":"6 minutes"},"schema":{"@context":"https:\/\/schema.org","@graph":[{"@type":"WebPage","@id":"https:\/\/inclusivemap.ca\/fr\/pleins-feux-sur-le-projet-map-projet-dinfrastructure-de-pistes-cyclables\/","url":"https:\/\/inclusivemap.ca\/fr\/pleins-feux-sur-le-projet-map-projet-dinfrastructure-de-pistes-cyclables\/","name":"Pleins feux sur le projet MAP : Projet d\u2019infrastructure de pistes cyclables - Inclusivemap","isPartOf":{"@id":"https:\/\/inclusivemap.ca\/fr\/#website"},"primaryImageOfPage":{"@id":"https:\/\/inclusivemap.ca\/fr\/pleins-feux-sur-le-projet-map-projet-dinfrastructure-de-pistes-cyclables\/#primaryimage"},"image":{"@id":"https:\/\/inclusivemap.ca\/fr\/pleins-feux-sur-le-projet-map-projet-dinfrastructure-de-pistes-cyclables\/#primaryimage"},"thumbnailUrl":"https:\/\/inclusivemap.ca\/wp-content\/uploads\/2023\/01\/Cycle-Lane.jpg","datePublished":"2023-01-03T20:03:29+00:00","dateModified":"2024-11-26T01:24:54+00:00","breadcrumb":{"@id":"https:\/\/inclusivemap.ca\/fr\/pleins-feux-sur-le-projet-map-projet-dinfrastructure-de-pistes-cyclables\/#breadcrumb"},"inLanguage":"fr-FR","potentialAction":[{"@type":"ReadAction","target":["https:\/\/inclusivemap.ca\/fr\/pleins-feux-sur-le-projet-map-projet-dinfrastructure-de-pistes-cyclables\/"]}]},{"@type":"ImageObject","inLanguage":"fr-FR","@id":"https:\/\/inclusivemap.ca\/fr\/pleins-feux-sur-le-projet-map-projet-dinfrastructure-de-pistes-cyclables\/#primaryimage","url":"https:\/\/inclusivemap.ca\/wp-content\/uploads\/2023\/01\/Cycle-Lane.jpg","contentUrl":"https:\/\/inclusivemap.ca\/wp-content\/uploads\/2023\/01\/Cycle-Lane.jpg"},{"@type":"BreadcrumbList","@id":"https:\/\/inclusivemap.ca\/fr\/pleins-feux-sur-le-projet-map-projet-dinfrastructure-de-pistes-cyclables\/#breadcrumb","itemListElement":[{"@type":"ListItem","position":1,"name":"Home","item":"https:\/\/inclusivemap.ca\/fr\/"},{"@type":"ListItem","position":2,"name":"Pleins feux sur le projet MAP : Projet d\u2019infrastructure de pistes cyclables"}]},{"@type":"WebSite","@id":"https:\/\/inclusivemap.ca\/fr\/#website","url":"https:\/\/inclusivemap.ca\/fr\/","name":"Inclusivemap","description":"MAP \u2013 Mobility | Access | Participation","publisher":{"@id":"https:\/\/inclusivemap.ca\/fr\/#organization"},"potentialAction":[{"@type":"SearchAction","target":{"@type":"EntryPoint","urlTemplate":"https:\/\/inclusivemap.ca\/fr\/?s={search_term_string}"},"query-input":{"@type":"PropertyValueSpecification","valueRequired":true,"valueName":"search_term_string"}}],"inLanguage":"fr-FR"},{"@type":"Organization","@id":"https:\/\/inclusivemap.ca\/fr\/#organization","name":"Inclusivemap","url":"https:\/\/inclusivemap.ca\/fr\/","logo":{"@type":"ImageObject","inLanguage":"fr-FR","@id":"https:\/\/inclusivemap.ca\/fr\/#\/schema\/logo\/image\/","url":"https:\/\/inclusivemap.ca\/wp-content\/uploads\/2022\/07\/map_bigprint_lighterblue.png","contentUrl":"https:\/\/inclusivemap.ca\/wp-content\/uploads\/2022\/07\/map_bigprint_lighterblue.png","width":8348,"height":4563,"caption":"Inclusivemap"},"image":{"@id":"https:\/\/inclusivemap.ca\/fr\/#\/schema\/logo\/image\/"}}]}},"_links":{"self":[{"href":"https:\/\/inclusivemap.ca\/fr\/wp-json\/wp\/v2\/pages\/1389","targetHints":{"allow":["GET"]}}],"collection":[{"href":"https:\/\/inclusivemap.ca\/fr\/wp-json\/wp\/v2\/pages"}],"about":[{"href":"https:\/\/inclusivemap.ca\/fr\/wp-json\/wp\/v2\/types\/page"}],"author":[{"embeddable":true,"href":"https:\/\/inclusivemap.ca\/fr\/wp-json\/wp\/v2\/users\/6"}],"replies":[{"embeddable":true,"href":"https:\/\/inclusivemap.ca\/fr\/wp-json\/wp\/v2\/comments?post=1389"}],"version-history":[{"count":5,"href":"https:\/\/inclusivemap.ca\/fr\/wp-json\/wp\/v2\/pages\/1389\/revisions"}],"predecessor-version":[{"id":4774,"href":"https:\/\/inclusivemap.ca\/fr\/wp-json\/wp\/v2\/pages\/1389\/revisions\/4774"}],"wp:attachment":[{"href":"https:\/\/inclusivemap.ca\/fr\/wp-json\/wp\/v2\/media?parent=1389"}],"wp:term":[{"taxonomy":"publication_categories","embeddable":true,"href":"https:\/\/inclusivemap.ca\/fr\/wp-json\/wp\/v2\/publication_categories?post=1389"}],"curies":[{"name":"wp","href":"https:\/\/api.w.org\/{rel}","templated":true}]}}