{"id":1393,"date":"2023-01-03T20:11:19","date_gmt":"2023-01-03T20:11:19","guid":{"rendered":"https:\/\/inclusivemap.ca\/mise-a-jour-des-partenaires-silver-harbor-seniors-activity-centre\/"},"modified":"2024-11-26T01:26:50","modified_gmt":"2024-11-26T01:26:50","slug":"mise-a-jour-des-partenaires-silver-harbor-seniors-activity-centre","status":"publish","type":"page","link":"https:\/\/inclusivemap.ca\/fr\/mise-a-jour-des-partenaires-silver-harbor-seniors-activity-centre\/","title":{"rendered":"Mise \u00e0 jour des partenaires : Silver Harbor Senior\u2019s Activity Centre"},"content":{"rendered":"\n<figure class=\"wp-block-image size-full\"><img loading=\"lazy\" decoding=\"async\" width=\"400\" height=\"400\" src=\"https:\/\/inclusivemap.ca\/wp-content\/uploads\/2023\/01\/300789701_1056555378465732_7138466151913698690_n-e1680894063294.jpg\" alt=\"\" class=\"wp-image-1177\" srcset=\"https:\/\/inclusivemap.ca\/wp-content\/uploads\/2023\/01\/300789701_1056555378465732_7138466151913698690_n-e1680894063294.jpg 400w, https:\/\/inclusivemap.ca\/wp-content\/uploads\/2023\/01\/300789701_1056555378465732_7138466151913698690_n-e1680894063294-80x80.jpg 80w, https:\/\/inclusivemap.ca\/wp-content\/uploads\/2023\/01\/300789701_1056555378465732_7138466151913698690_n-e1680894063294-150x150.jpg 150w, https:\/\/inclusivemap.ca\/wp-content\/uploads\/2023\/01\/300789701_1056555378465732_7138466151913698690_n-e1680894063294-300x300.jpg 300w\" sizes=\"auto, (max-width: 400px) 100vw, 400px\" \/><\/figure>\n\n\n\n<p>Le Silver Harbour Seniors \u2018 Activity Centre est situ\u00e9 \u00e0 North Vancouver et est un lieu de rassemblement pour les personnes \u00e2g\u00e9es de la r\u00e9gion. Le Centre offre plus de 60 programmes et services diff\u00e9rents pour les a\u00een\u00e9s, y compris des activit\u00e9s soutenant la sant\u00e9 physique et le bien-\u00eatre, la nutrition, la sant\u00e9 cognitive et mentale, l\u2019apprentissage tout au long de la vie, la cr\u00e9ativit\u00e9 artistique et bien plus encore; nous sommes \u00e9galement un partenaire communautaire du Partenariat MAP. <\/p>\n\n\n\n<p>Notre participation a MAP s\u2019est concentr\u00e9e sur le travail tr\u00e8s pratique consistant \u00e0 recruter des personnes \u00e2g\u00e9es pour divers projets de MAP, tels que des audits de marchabilit\u00e9 de quartier ax\u00e9s sur la mobilit\u00e9, l\u2019audition et\/ou la d\u00e9mence. Plus largement, cependant, notre participation \u00e0 ce partenariat a contribu\u00e9 \u00e0 assurer l\u2019efficacit\u00e9, l\u2019applicabilit\u00e9 et l\u2019utilit\u00e9 de la recherche universitaire dans la communaut\u00e9, ce qui facilite \u00e0 son tour l\u2019am\u00e9lioration de la qualit\u00e9 de vie, la participation et l\u2019inclusion des personnes \u00e2g\u00e9es avec des incapacit\u00e9s et \u00e0 mobilit\u00e9 r\u00e9duite dans la communaut\u00e9.<\/p>\n\n\n\n<div class=\"wp-block-buttons alignwide is-layout-flex wp-block-buttons-is-layout-flex\">\n<div class=\"wp-block-button has-custom-width wp-block-button__width-50 has-custom-font-size aligncenter is-style-outline has-small-font-size is-style-outline--1\"><a class=\"wp-block-button__link has-primary-color has-tertiary-background-color has-text-color has-background wp-element-button\" href=\"https:\/\/inclusivemap.ca\/newsletter\/map-newsletter-issue-1\/\">Retour \u00e0 la newsletter<\/a><\/div>\n<\/div>\n","protected":false},"excerpt":{"rendered":"<p>Le Silver Harbour Seniors \u2018 Activity Centre est situ\u00e9 \u00e0 North Vancouver et est un lieu de rassemblement pour les personnes \u00e2g\u00e9es de la r\u00e9gion. Le Centre offre plus de 60 programmes et services diff\u00e9rents pour les a\u00een\u00e9s, y compris des activit\u00e9s soutenant la sant\u00e9 physique et le bien-\u00eatre, la nutrition, la sant\u00e9 cognitive et<a class=\"more-link\" href=\"https:\/\/inclusivemap.ca\/fr\/mise-a-jour-des-partenaires-silver-harbor-seniors-activity-centre\/\">Poursuivre la lecture de <span class=\"screen-reader-text\">\u00ab\u00a0Mise \u00e0 jour des partenaires : Silver Harbor Senior\u2019s Activity Centre\u00a0\u00bb<\/span><\/a><\/p>\n","protected":false},"author":6,"featured_media":0,"parent":0,"menu_order":0,"comment_status":"closed","ping_status":"closed","template":"","meta":{"_acf_changed":false,"inline_featured_image":false,"footnotes":""},"publication_categories":[],"class_list":["post-1393","page","type-page","status-publish","hentry","entry"],"acf":[],"yoast_head":"<!-- This site is optimized with the Yoast SEO plugin v26.9 - https:\/\/yoast.com\/product\/yoast-seo-wordpress\/ -->\n<title>Mise \u00e0 jour des partenaires : Silver Harbor Senior\u2019s Activity Centre - Inclusivemap<\/title>\n<meta name=\"robots\" content=\"index, follow, max-snippet:-1, max-image-preview:large, max-video-preview:-1\" \/>\n<link rel=\"canonical\" href=\"https:\/\/inclusivemap.ca\/fr\/mise-a-jour-des-partenaires-silver-harbor-seniors-activity-centre\/\" \/>\n<meta property=\"og:locale\" content=\"fr_FR\" \/>\n<meta property=\"og:type\" content=\"article\" \/>\n<meta property=\"og:title\" content=\"Mise \u00e0 jour des partenaires : Silver Harbor Senior\u2019s Activity Centre - Inclusivemap\" \/>\n<meta property=\"og:description\" content=\"Le Silver Harbour Seniors \u2018 Activity Centre est situ\u00e9 \u00e0 North Vancouver et est un lieu de rassemblement pour les personnes \u00e2g\u00e9es de la r\u00e9gion. Le Centre offre plus de 60 programmes et services diff\u00e9rents pour les a\u00een\u00e9s, y compris des activit\u00e9s soutenant la sant\u00e9 physique et le bien-\u00eatre, la nutrition, la sant\u00e9 cognitive etPoursuivre la lecture de &quot;Mise \u00e0 jour des partenaires : Silver Harbor Senior\u2019s Activity Centre&quot;\" \/>\n<meta property=\"og:url\" content=\"https:\/\/inclusivemap.ca\/fr\/mise-a-jour-des-partenaires-silver-harbor-seniors-activity-centre\/\" \/>\n<meta property=\"og:site_name\" content=\"Inclusivemap\" \/>\n<meta property=\"article:modified_time\" content=\"2024-11-26T01:26:50+00:00\" \/>\n<meta property=\"og:image\" content=\"https:\/\/inclusivemap.ca\/wp-content\/uploads\/2023\/01\/300789701_1056555378465732_7138466151913698690_n-e1680894063294.jpg\" \/>\n\t<meta property=\"og:image:width\" content=\"400\" \/>\n\t<meta property=\"og:image:height\" content=\"400\" \/>\n\t<meta property=\"og:image:type\" content=\"image\/jpeg\" \/>\n<meta name=\"twitter:card\" content=\"summary_large_image\" \/>\n<meta name=\"twitter:label1\" content=\"Dur\u00e9e de lecture estim\u00e9e\" \/>\n\t<meta name=\"twitter:data1\" content=\"1 minute\" \/>\n<script type=\"application\/ld+json\" class=\"yoast-schema-graph\">{\"@context\":\"https:\/\/schema.org\",\"@graph\":[{\"@type\":\"WebPage\",\"@id\":\"https:\/\/inclusivemap.ca\/fr\/mise-a-jour-des-partenaires-silver-harbor-seniors-activity-centre\/\",\"url\":\"https:\/\/inclusivemap.ca\/fr\/mise-a-jour-des-partenaires-silver-harbor-seniors-activity-centre\/\",\"name\":\"Mise \u00e0 jour des partenaires : Silver Harbor Senior\u2019s Activity Centre - Inclusivemap\",\"isPartOf\":{\"@id\":\"https:\/\/inclusivemap.ca\/fr\/#website\"},\"primaryImageOfPage\":{\"@id\":\"https:\/\/inclusivemap.ca\/fr\/mise-a-jour-des-partenaires-silver-harbor-seniors-activity-centre\/#primaryimage\"},\"image\":{\"@id\":\"https:\/\/inclusivemap.ca\/fr\/mise-a-jour-des-partenaires-silver-harbor-seniors-activity-centre\/#primaryimage\"},\"thumbnailUrl\":\"https:\/\/inclusivemap.ca\/wp-content\/uploads\/2023\/01\/300789701_1056555378465732_7138466151913698690_n-e1680894063294.jpg\",\"datePublished\":\"2023-01-03T20:11:19+00:00\",\"dateModified\":\"2024-11-26T01:26:50+00:00\",\"breadcrumb\":{\"@id\":\"https:\/\/inclusivemap.ca\/fr\/mise-a-jour-des-partenaires-silver-harbor-seniors-activity-centre\/#breadcrumb\"},\"inLanguage\":\"fr-FR\",\"potentialAction\":[{\"@type\":\"ReadAction\",\"target\":[\"https:\/\/inclusivemap.ca\/fr\/mise-a-jour-des-partenaires-silver-harbor-seniors-activity-centre\/\"]}]},{\"@type\":\"ImageObject\",\"inLanguage\":\"fr-FR\",\"@id\":\"https:\/\/inclusivemap.ca\/fr\/mise-a-jour-des-partenaires-silver-harbor-seniors-activity-centre\/#primaryimage\",\"url\":\"https:\/\/inclusivemap.ca\/wp-content\/uploads\/2023\/01\/300789701_1056555378465732_7138466151913698690_n-e1680894063294.jpg\",\"contentUrl\":\"https:\/\/inclusivemap.ca\/wp-content\/uploads\/2023\/01\/300789701_1056555378465732_7138466151913698690_n-e1680894063294.jpg\"},{\"@type\":\"BreadcrumbList\",\"@id\":\"https:\/\/inclusivemap.ca\/fr\/mise-a-jour-des-partenaires-silver-harbor-seniors-activity-centre\/#breadcrumb\",\"itemListElement\":[{\"@type\":\"ListItem\",\"position\":1,\"name\":\"Home\",\"item\":\"https:\/\/inclusivemap.ca\/fr\/\"},{\"@type\":\"ListItem\",\"position\":2,\"name\":\"Mise \u00e0 jour des partenaires : Silver Harbor Senior\u2019s Activity Centre\"}]},{\"@type\":\"WebSite\",\"@id\":\"https:\/\/inclusivemap.ca\/fr\/#website\",\"url\":\"https:\/\/inclusivemap.ca\/fr\/\",\"name\":\"Inclusivemap\",\"description\":\"MAP \u2013 Mobility | Access | Participation\",\"publisher\":{\"@id\":\"https:\/\/inclusivemap.ca\/fr\/#organization\"},\"potentialAction\":[{\"@type\":\"SearchAction\",\"target\":{\"@type\":\"EntryPoint\",\"urlTemplate\":\"https:\/\/inclusivemap.ca\/fr\/?s={search_term_string}\"},\"query-input\":{\"@type\":\"PropertyValueSpecification\",\"valueRequired\":true,\"valueName\":\"search_term_string\"}}],\"inLanguage\":\"fr-FR\"},{\"@type\":\"Organization\",\"@id\":\"https:\/\/inclusivemap.ca\/fr\/#organization\",\"name\":\"Inclusivemap\",\"url\":\"https:\/\/inclusivemap.ca\/fr\/\",\"logo\":{\"@type\":\"ImageObject\",\"inLanguage\":\"fr-FR\",\"@id\":\"https:\/\/inclusivemap.ca\/fr\/#\/schema\/logo\/image\/\",\"url\":\"https:\/\/inclusivemap.ca\/wp-content\/uploads\/2022\/07\/map_bigprint_lighterblue.png\",\"contentUrl\":\"https:\/\/inclusivemap.ca\/wp-content\/uploads\/2022\/07\/map_bigprint_lighterblue.png\",\"width\":8348,\"height\":4563,\"caption\":\"Inclusivemap\"},\"image\":{\"@id\":\"https:\/\/inclusivemap.ca\/fr\/#\/schema\/logo\/image\/\"}}]}<\/script>\n<!-- \/ Yoast SEO plugin. -->","yoast_head_json":{"title":"Mise \u00e0 jour des partenaires : Silver Harbor Senior\u2019s Activity Centre - Inclusivemap","robots":{"index":"index","follow":"follow","max-snippet":"max-snippet:-1","max-image-preview":"max-image-preview:large","max-video-preview":"max-video-preview:-1"},"canonical":"https:\/\/inclusivemap.ca\/fr\/mise-a-jour-des-partenaires-silver-harbor-seniors-activity-centre\/","og_locale":"fr_FR","og_type":"article","og_title":"Mise \u00e0 jour des partenaires : Silver Harbor Senior\u2019s Activity Centre - Inclusivemap","og_description":"Le Silver Harbour Seniors \u2018 Activity Centre est situ\u00e9 \u00e0 North Vancouver et est un lieu de rassemblement pour les personnes \u00e2g\u00e9es de la r\u00e9gion. Le Centre offre plus de 60 programmes et services diff\u00e9rents pour les a\u00een\u00e9s, y compris des activit\u00e9s soutenant la sant\u00e9 physique et le bien-\u00eatre, la nutrition, la sant\u00e9 cognitive etPoursuivre la lecture de \"Mise \u00e0 jour des partenaires : Silver Harbor Senior\u2019s Activity Centre\"","og_url":"https:\/\/inclusivemap.ca\/fr\/mise-a-jour-des-partenaires-silver-harbor-seniors-activity-centre\/","og_site_name":"Inclusivemap","article_modified_time":"2024-11-26T01:26:50+00:00","og_image":[{"width":400,"height":400,"url":"https:\/\/inclusivemap.ca\/wp-content\/uploads\/2023\/01\/300789701_1056555378465732_7138466151913698690_n-e1680894063294.jpg","type":"image\/jpeg"}],"twitter_card":"summary_large_image","twitter_misc":{"Dur\u00e9e de lecture estim\u00e9e":"1 minute"},"schema":{"@context":"https:\/\/schema.org","@graph":[{"@type":"WebPage","@id":"https:\/\/inclusivemap.ca\/fr\/mise-a-jour-des-partenaires-silver-harbor-seniors-activity-centre\/","url":"https:\/\/inclusivemap.ca\/fr\/mise-a-jour-des-partenaires-silver-harbor-seniors-activity-centre\/","name":"Mise \u00e0 jour des partenaires : Silver Harbor Senior\u2019s Activity Centre - Inclusivemap","isPartOf":{"@id":"https:\/\/inclusivemap.ca\/fr\/#website"},"primaryImageOfPage":{"@id":"https:\/\/inclusivemap.ca\/fr\/mise-a-jour-des-partenaires-silver-harbor-seniors-activity-centre\/#primaryimage"},"image":{"@id":"https:\/\/inclusivemap.ca\/fr\/mise-a-jour-des-partenaires-silver-harbor-seniors-activity-centre\/#primaryimage"},"thumbnailUrl":"https:\/\/inclusivemap.ca\/wp-content\/uploads\/2023\/01\/300789701_1056555378465732_7138466151913698690_n-e1680894063294.jpg","datePublished":"2023-01-03T20:11:19+00:00","dateModified":"2024-11-26T01:26:50+00:00","breadcrumb":{"@id":"https:\/\/inclusivemap.ca\/fr\/mise-a-jour-des-partenaires-silver-harbor-seniors-activity-centre\/#breadcrumb"},"inLanguage":"fr-FR","potentialAction":[{"@type":"ReadAction","target":["https:\/\/inclusivemap.ca\/fr\/mise-a-jour-des-partenaires-silver-harbor-seniors-activity-centre\/"]}]},{"@type":"ImageObject","inLanguage":"fr-FR","@id":"https:\/\/inclusivemap.ca\/fr\/mise-a-jour-des-partenaires-silver-harbor-seniors-activity-centre\/#primaryimage","url":"https:\/\/inclusivemap.ca\/wp-content\/uploads\/2023\/01\/300789701_1056555378465732_7138466151913698690_n-e1680894063294.jpg","contentUrl":"https:\/\/inclusivemap.ca\/wp-content\/uploads\/2023\/01\/300789701_1056555378465732_7138466151913698690_n-e1680894063294.jpg"},{"@type":"BreadcrumbList","@id":"https:\/\/inclusivemap.ca\/fr\/mise-a-jour-des-partenaires-silver-harbor-seniors-activity-centre\/#breadcrumb","itemListElement":[{"@type":"ListItem","position":1,"name":"Home","item":"https:\/\/inclusivemap.ca\/fr\/"},{"@type":"ListItem","position":2,"name":"Mise \u00e0 jour des partenaires : Silver Harbor Senior\u2019s Activity Centre"}]},{"@type":"WebSite","@id":"https:\/\/inclusivemap.ca\/fr\/#website","url":"https:\/\/inclusivemap.ca\/fr\/","name":"Inclusivemap","description":"MAP \u2013 Mobility | Access | Participation","publisher":{"@id":"https:\/\/inclusivemap.ca\/fr\/#organization"},"potentialAction":[{"@type":"SearchAction","target":{"@type":"EntryPoint","urlTemplate":"https:\/\/inclusivemap.ca\/fr\/?s={search_term_string}"},"query-input":{"@type":"PropertyValueSpecification","valueRequired":true,"valueName":"search_term_string"}}],"inLanguage":"fr-FR"},{"@type":"Organization","@id":"https:\/\/inclusivemap.ca\/fr\/#organization","name":"Inclusivemap","url":"https:\/\/inclusivemap.ca\/fr\/","logo":{"@type":"ImageObject","inLanguage":"fr-FR","@id":"https:\/\/inclusivemap.ca\/fr\/#\/schema\/logo\/image\/","url":"https:\/\/inclusivemap.ca\/wp-content\/uploads\/2022\/07\/map_bigprint_lighterblue.png","contentUrl":"https:\/\/inclusivemap.ca\/wp-content\/uploads\/2022\/07\/map_bigprint_lighterblue.png","width":8348,"height":4563,"caption":"Inclusivemap"},"image":{"@id":"https:\/\/inclusivemap.ca\/fr\/#\/schema\/logo\/image\/"}}]}},"_links":{"self":[{"href":"https:\/\/inclusivemap.ca\/fr\/wp-json\/wp\/v2\/pages\/1393","targetHints":{"allow":["GET"]}}],"collection":[{"href":"https:\/\/inclusivemap.ca\/fr\/wp-json\/wp\/v2\/pages"}],"about":[{"href":"https:\/\/inclusivemap.ca\/fr\/wp-json\/wp\/v2\/types\/page"}],"author":[{"embeddable":true,"href":"https:\/\/inclusivemap.ca\/fr\/wp-json\/wp\/v2\/users\/6"}],"replies":[{"embeddable":true,"href":"https:\/\/inclusivemap.ca\/fr\/wp-json\/wp\/v2\/comments?post=1393"}],"version-history":[{"count":3,"href":"https:\/\/inclusivemap.ca\/fr\/wp-json\/wp\/v2\/pages\/1393\/revisions"}],"predecessor-version":[{"id":4777,"href":"https:\/\/inclusivemap.ca\/fr\/wp-json\/wp\/v2\/pages\/1393\/revisions\/4777"}],"wp:attachment":[{"href":"https:\/\/inclusivemap.ca\/fr\/wp-json\/wp\/v2\/media?parent=1393"}],"wp:term":[{"taxonomy":"publication_categories","embeddable":true,"href":"https:\/\/inclusivemap.ca\/fr\/wp-json\/wp\/v2\/publication_categories?post=1393"}],"curies":[{"name":"wp","href":"https:\/\/api.w.org\/{rel}","templated":true}]}}