{"id":1395,"date":"2023-01-03T20:05:00","date_gmt":"2023-01-03T20:05:00","guid":{"rendered":"https:\/\/inclusivemap.ca\/rendez-vous-avec-himani\/"},"modified":"2024-11-26T01:25:28","modified_gmt":"2024-11-26T01:25:28","slug":"rendez-vous-avec-himani","status":"publish","type":"page","link":"https:\/\/inclusivemap.ca\/fr\/rendez-vous-avec-himani\/","title":{"rendered":"Rendez-Vous Avec Himani"},"content":{"rendered":"<div class=\"wp-block-image\">\n<figure class=\"aligncenter is-resized\"><img decoding=\"async\" src=\"https:\/\/inclusivemap.ca\/wp-content\/uploads\/2021\/11\/Picture1-1-e1662229873216.png\" alt=\"\" class=\"wp-image-847\" style=\"width:400px\"\/><\/figure>\n<\/div>\n\n\n<p><strong>Nom:<\/strong> Himani Prajapati<\/p>\n\n\n\n<p><strong>Role: <\/strong>Graduate Research Assistant<\/p>\n\n\n\n<p><strong>1) D\u2019o\u00f9 venez-vous et o\u00f9 \u00e9tudiez-vous ? <\/strong><br>Je viens d\u2019Ahmedabad, en Inde. Je fais un doctorat en Sciences de la r\u00e9adaptation \u00e0 University of British Columbia . <\/p>\n\n\n\n<p><strong>2) Qu\u2019est-ce qui vous motive \u00e0 rendre le monde plus accessible ? <\/strong><br>Mon exp\u00e9rience en physioth\u00e9rapie m\u2019a toujours inspir\u00e9 \u00e0 comprendre ce que signifie l\u2019accessibilit\u00e9 et \u00e0 trouver les moyens d\u2019am\u00e9liorer l\u2019accessibilit\u00e9. Je pense que c\u2019est un sujet tr\u00e8s important \u00e0 consid\u00e9rer car l\u2019am\u00e9lioration de l\u2019accessibilit\u00e9 motive les gens \u00e0 s\u2019impliquer davantage dans le travail ou l\u2019activit\u00e9 qu\u2019ils font, am\u00e9liorant ainsi la participation. <\/p>\n\n\n\n<p><strong>3) Dans un langage court et simple, d\u00e9crivez votre projet de recherche ou le projet sur lequel vous travaillez. <\/strong><br>Actuellement, je travaille sur les installations de transport\/barri\u00e8res dans les compagnies a\u00e9riennes pour les personnes avec des incapacit\u00e9s.<\/p>\n\n\n\n<p><strong>4) Quel est votre talent cach\u00e9 et votre plus grande qualit\u00e9 ? <\/strong><br>Mon talent cach\u00e9 est le dessin bien que \u00e7a fait un bout que je n\u2019aie rien dessin\u00e9. <\/p>\n\n\n\n<p><strong>5) Quelle est la meilleure fa\u00e7on de vous faire sourire? <\/strong><br>\u00c9couter de la musique! <\/p>\n\n\n\n<p><strong>6) Qu\u2019est-ce que vous aimez faire pendant ton temps libre ? <\/strong><br>J\u2019aime me promener en pleine nature! J\u2019aime aussi jouer au badminton pendant mon temps libre. <br><br><strong>7) Quel endroit dans le monde r\u00eavez-vous de visiter? <\/strong><br>Il y en a tellement mais visiter l\u2019Allemagne est mon r\u00eave. <\/p>\n\n\n\n<p><strong>8) Quel est le livre ou le film qui vous a le plus inspir\u00e9 ? <\/strong><br>Film-La Th\u00e9orie de l\u2019Univers <\/p>\n\n\n\n<p><strong>9) Si vous pouviez d\u00eener avec un chercheur\/scientifique\/clinicien\/personne connue, qui serait-ce et pourquoi ? <\/strong><br>Je voudrais d\u00eener avec: auteur Deepak Chopra. Il pr\u00e9conise la m\u00e9decine alternative et les moyens de prendre soin de la sant\u00e9 psychologique. <\/p>\n\n\n\n<div class=\"wp-block-buttons alignwide is-layout-flex wp-block-buttons-is-layout-flex\">\n<div class=\"wp-block-button has-custom-width wp-block-button__width-50 has-custom-font-size aligncenter has-small-font-size\"><a class=\"wp-block-button__link has-primary-color has-tertiary-background-color has-text-color has-background wp-element-button\" href=\"https:\/\/inclusivemap.ca\/newsletter\/map-newsletter-issue-1\/\">Retour \u00e0 la newsletter<\/a><\/div>\n<\/div>\n","protected":false},"excerpt":{"rendered":"<p>Nom: Himani Prajapati Role: Graduate Research Assistant 1) D\u2019o\u00f9 venez-vous et o\u00f9 \u00e9tudiez-vous ? Je viens d\u2019Ahmedabad, en Inde. Je fais un doctorat en Sciences de la r\u00e9adaptation \u00e0 University of British Columbia . 2) Qu\u2019est-ce qui vous motive \u00e0 rendre le monde plus accessible ? Mon exp\u00e9rience en physioth\u00e9rapie m\u2019a toujours inspir\u00e9 \u00e0 comprendre<a class=\"more-link\" href=\"https:\/\/inclusivemap.ca\/fr\/rendez-vous-avec-himani\/\">Poursuivre la lecture de <span class=\"screen-reader-text\">\u00ab\u00a0Rendez-Vous Avec Himani\u00a0\u00bb<\/span><\/a><\/p>\n","protected":false},"author":6,"featured_media":0,"parent":0,"menu_order":0,"comment_status":"closed","ping_status":"closed","template":"","meta":{"_acf_changed":false,"inline_featured_image":false,"footnotes":""},"publication_categories":[],"class_list":["post-1395","page","type-page","status-publish","hentry","entry"],"acf":[],"yoast_head":"<!-- This site is optimized with the Yoast SEO plugin v26.9 - https:\/\/yoast.com\/product\/yoast-seo-wordpress\/ -->\n<title>Rendez-Vous Avec Himani - Inclusivemap<\/title>\n<meta name=\"robots\" content=\"index, follow, max-snippet:-1, max-image-preview:large, max-video-preview:-1\" \/>\n<link rel=\"canonical\" href=\"https:\/\/inclusivemap.ca\/fr\/rendez-vous-avec-himani\/\" \/>\n<meta property=\"og:locale\" content=\"fr_FR\" \/>\n<meta property=\"og:type\" content=\"article\" \/>\n<meta property=\"og:title\" content=\"Rendez-Vous Avec Himani - Inclusivemap\" \/>\n<meta property=\"og:description\" content=\"Nom: Himani Prajapati Role: Graduate Research Assistant 1) D\u2019o\u00f9 venez-vous et o\u00f9 \u00e9tudiez-vous ? Je viens d\u2019Ahmedabad, en Inde. Je fais un doctorat en Sciences de la r\u00e9adaptation \u00e0 University of British Columbia . 2) Qu\u2019est-ce qui vous motive \u00e0 rendre le monde plus accessible ? Mon exp\u00e9rience en physioth\u00e9rapie m\u2019a toujours inspir\u00e9 \u00e0 comprendrePoursuivre la lecture de &quot;Rendez-Vous Avec Himani&quot;\" \/>\n<meta property=\"og:url\" content=\"https:\/\/inclusivemap.ca\/fr\/rendez-vous-avec-himani\/\" \/>\n<meta property=\"og:site_name\" content=\"Inclusivemap\" \/>\n<meta property=\"article:modified_time\" content=\"2024-11-26T01:25:28+00:00\" \/>\n<meta name=\"twitter:card\" content=\"summary_large_image\" \/>\n<meta name=\"twitter:label1\" content=\"Dur\u00e9e de lecture estim\u00e9e\" \/>\n\t<meta name=\"twitter:data1\" content=\"2 minutes\" \/>\n<script type=\"application\/ld+json\" class=\"yoast-schema-graph\">{\"@context\":\"https:\/\/schema.org\",\"@graph\":[{\"@type\":\"WebPage\",\"@id\":\"https:\/\/inclusivemap.ca\/fr\/rendez-vous-avec-himani\/\",\"url\":\"https:\/\/inclusivemap.ca\/fr\/rendez-vous-avec-himani\/\",\"name\":\"Rendez-Vous Avec Himani - Inclusivemap\",\"isPartOf\":{\"@id\":\"https:\/\/inclusivemap.ca\/fr\/#website\"},\"primaryImageOfPage\":{\"@id\":\"https:\/\/inclusivemap.ca\/fr\/rendez-vous-avec-himani\/#primaryimage\"},\"image\":{\"@id\":\"https:\/\/inclusivemap.ca\/fr\/rendez-vous-avec-himani\/#primaryimage\"},\"thumbnailUrl\":\"https:\/\/inclusivemap.ca\/wp-content\/uploads\/2021\/11\/Picture1-1-e1662229873216.png\",\"datePublished\":\"2023-01-03T20:05:00+00:00\",\"dateModified\":\"2024-11-26T01:25:28+00:00\",\"breadcrumb\":{\"@id\":\"https:\/\/inclusivemap.ca\/fr\/rendez-vous-avec-himani\/#breadcrumb\"},\"inLanguage\":\"fr-FR\",\"potentialAction\":[{\"@type\":\"ReadAction\",\"target\":[\"https:\/\/inclusivemap.ca\/fr\/rendez-vous-avec-himani\/\"]}]},{\"@type\":\"ImageObject\",\"inLanguage\":\"fr-FR\",\"@id\":\"https:\/\/inclusivemap.ca\/fr\/rendez-vous-avec-himani\/#primaryimage\",\"url\":\"https:\/\/inclusivemap.ca\/wp-content\/uploads\/2021\/11\/Picture1-1-e1662229873216.png\",\"contentUrl\":\"https:\/\/inclusivemap.ca\/wp-content\/uploads\/2021\/11\/Picture1-1-e1662229873216.png\"},{\"@type\":\"BreadcrumbList\",\"@id\":\"https:\/\/inclusivemap.ca\/fr\/rendez-vous-avec-himani\/#breadcrumb\",\"itemListElement\":[{\"@type\":\"ListItem\",\"position\":1,\"name\":\"Home\",\"item\":\"https:\/\/inclusivemap.ca\/fr\/\"},{\"@type\":\"ListItem\",\"position\":2,\"name\":\"Rendez-Vous Avec Himani\"}]},{\"@type\":\"WebSite\",\"@id\":\"https:\/\/inclusivemap.ca\/fr\/#website\",\"url\":\"https:\/\/inclusivemap.ca\/fr\/\",\"name\":\"Inclusivemap\",\"description\":\"MAP \u2013 Mobility | Access | Participation\",\"publisher\":{\"@id\":\"https:\/\/inclusivemap.ca\/fr\/#organization\"},\"potentialAction\":[{\"@type\":\"SearchAction\",\"target\":{\"@type\":\"EntryPoint\",\"urlTemplate\":\"https:\/\/inclusivemap.ca\/fr\/?s={search_term_string}\"},\"query-input\":{\"@type\":\"PropertyValueSpecification\",\"valueRequired\":true,\"valueName\":\"search_term_string\"}}],\"inLanguage\":\"fr-FR\"},{\"@type\":\"Organization\",\"@id\":\"https:\/\/inclusivemap.ca\/fr\/#organization\",\"name\":\"Inclusivemap\",\"url\":\"https:\/\/inclusivemap.ca\/fr\/\",\"logo\":{\"@type\":\"ImageObject\",\"inLanguage\":\"fr-FR\",\"@id\":\"https:\/\/inclusivemap.ca\/fr\/#\/schema\/logo\/image\/\",\"url\":\"https:\/\/inclusivemap.ca\/wp-content\/uploads\/2022\/07\/map_bigprint_lighterblue.png\",\"contentUrl\":\"https:\/\/inclusivemap.ca\/wp-content\/uploads\/2022\/07\/map_bigprint_lighterblue.png\",\"width\":8348,\"height\":4563,\"caption\":\"Inclusivemap\"},\"image\":{\"@id\":\"https:\/\/inclusivemap.ca\/fr\/#\/schema\/logo\/image\/\"}}]}<\/script>\n<!-- \/ Yoast SEO plugin. -->","yoast_head_json":{"title":"Rendez-Vous Avec Himani - Inclusivemap","robots":{"index":"index","follow":"follow","max-snippet":"max-snippet:-1","max-image-preview":"max-image-preview:large","max-video-preview":"max-video-preview:-1"},"canonical":"https:\/\/inclusivemap.ca\/fr\/rendez-vous-avec-himani\/","og_locale":"fr_FR","og_type":"article","og_title":"Rendez-Vous Avec Himani - Inclusivemap","og_description":"Nom: Himani Prajapati Role: Graduate Research Assistant 1) D\u2019o\u00f9 venez-vous et o\u00f9 \u00e9tudiez-vous ? Je viens d\u2019Ahmedabad, en Inde. Je fais un doctorat en Sciences de la r\u00e9adaptation \u00e0 University of British Columbia . 2) Qu\u2019est-ce qui vous motive \u00e0 rendre le monde plus accessible ? Mon exp\u00e9rience en physioth\u00e9rapie m\u2019a toujours inspir\u00e9 \u00e0 comprendrePoursuivre la lecture de \"Rendez-Vous Avec Himani\"","og_url":"https:\/\/inclusivemap.ca\/fr\/rendez-vous-avec-himani\/","og_site_name":"Inclusivemap","article_modified_time":"2024-11-26T01:25:28+00:00","twitter_card":"summary_large_image","twitter_misc":{"Dur\u00e9e de lecture estim\u00e9e":"2 minutes"},"schema":{"@context":"https:\/\/schema.org","@graph":[{"@type":"WebPage","@id":"https:\/\/inclusivemap.ca\/fr\/rendez-vous-avec-himani\/","url":"https:\/\/inclusivemap.ca\/fr\/rendez-vous-avec-himani\/","name":"Rendez-Vous Avec Himani - Inclusivemap","isPartOf":{"@id":"https:\/\/inclusivemap.ca\/fr\/#website"},"primaryImageOfPage":{"@id":"https:\/\/inclusivemap.ca\/fr\/rendez-vous-avec-himani\/#primaryimage"},"image":{"@id":"https:\/\/inclusivemap.ca\/fr\/rendez-vous-avec-himani\/#primaryimage"},"thumbnailUrl":"https:\/\/inclusivemap.ca\/wp-content\/uploads\/2021\/11\/Picture1-1-e1662229873216.png","datePublished":"2023-01-03T20:05:00+00:00","dateModified":"2024-11-26T01:25:28+00:00","breadcrumb":{"@id":"https:\/\/inclusivemap.ca\/fr\/rendez-vous-avec-himani\/#breadcrumb"},"inLanguage":"fr-FR","potentialAction":[{"@type":"ReadAction","target":["https:\/\/inclusivemap.ca\/fr\/rendez-vous-avec-himani\/"]}]},{"@type":"ImageObject","inLanguage":"fr-FR","@id":"https:\/\/inclusivemap.ca\/fr\/rendez-vous-avec-himani\/#primaryimage","url":"https:\/\/inclusivemap.ca\/wp-content\/uploads\/2021\/11\/Picture1-1-e1662229873216.png","contentUrl":"https:\/\/inclusivemap.ca\/wp-content\/uploads\/2021\/11\/Picture1-1-e1662229873216.png"},{"@type":"BreadcrumbList","@id":"https:\/\/inclusivemap.ca\/fr\/rendez-vous-avec-himani\/#breadcrumb","itemListElement":[{"@type":"ListItem","position":1,"name":"Home","item":"https:\/\/inclusivemap.ca\/fr\/"},{"@type":"ListItem","position":2,"name":"Rendez-Vous Avec Himani"}]},{"@type":"WebSite","@id":"https:\/\/inclusivemap.ca\/fr\/#website","url":"https:\/\/inclusivemap.ca\/fr\/","name":"Inclusivemap","description":"MAP \u2013 Mobility | Access | Participation","publisher":{"@id":"https:\/\/inclusivemap.ca\/fr\/#organization"},"potentialAction":[{"@type":"SearchAction","target":{"@type":"EntryPoint","urlTemplate":"https:\/\/inclusivemap.ca\/fr\/?s={search_term_string}"},"query-input":{"@type":"PropertyValueSpecification","valueRequired":true,"valueName":"search_term_string"}}],"inLanguage":"fr-FR"},{"@type":"Organization","@id":"https:\/\/inclusivemap.ca\/fr\/#organization","name":"Inclusivemap","url":"https:\/\/inclusivemap.ca\/fr\/","logo":{"@type":"ImageObject","inLanguage":"fr-FR","@id":"https:\/\/inclusivemap.ca\/fr\/#\/schema\/logo\/image\/","url":"https:\/\/inclusivemap.ca\/wp-content\/uploads\/2022\/07\/map_bigprint_lighterblue.png","contentUrl":"https:\/\/inclusivemap.ca\/wp-content\/uploads\/2022\/07\/map_bigprint_lighterblue.png","width":8348,"height":4563,"caption":"Inclusivemap"},"image":{"@id":"https:\/\/inclusivemap.ca\/fr\/#\/schema\/logo\/image\/"}}]}},"_links":{"self":[{"href":"https:\/\/inclusivemap.ca\/fr\/wp-json\/wp\/v2\/pages\/1395","targetHints":{"allow":["GET"]}}],"collection":[{"href":"https:\/\/inclusivemap.ca\/fr\/wp-json\/wp\/v2\/pages"}],"about":[{"href":"https:\/\/inclusivemap.ca\/fr\/wp-json\/wp\/v2\/types\/page"}],"author":[{"embeddable":true,"href":"https:\/\/inclusivemap.ca\/fr\/wp-json\/wp\/v2\/users\/6"}],"replies":[{"embeddable":true,"href":"https:\/\/inclusivemap.ca\/fr\/wp-json\/wp\/v2\/comments?post=1395"}],"version-history":[{"count":3,"href":"https:\/\/inclusivemap.ca\/fr\/wp-json\/wp\/v2\/pages\/1395\/revisions"}],"predecessor-version":[{"id":4775,"href":"https:\/\/inclusivemap.ca\/fr\/wp-json\/wp\/v2\/pages\/1395\/revisions\/4775"}],"wp:attachment":[{"href":"https:\/\/inclusivemap.ca\/fr\/wp-json\/wp\/v2\/media?parent=1395"}],"wp:term":[{"taxonomy":"publication_categories","embeddable":true,"href":"https:\/\/inclusivemap.ca\/fr\/wp-json\/wp\/v2\/publication_categories?post=1395"}],"curies":[{"name":"wp","href":"https:\/\/api.w.org\/{rel}","templated":true}]}}