{"id":1399,"date":"2023-01-03T20:09:34","date_gmt":"2023-01-03T20:09:34","guid":{"rendered":"https:\/\/inclusivemap.ca\/developpement-dune-plateforme-daccompagnement-au-loisir-autonome-en-plein-air-destinee-aux-personnes-ayant-des-incapacites-etude-recrute\/"},"modified":"2023-02-23T02:28:16","modified_gmt":"2023-02-23T02:28:16","slug":"developpement-dune-plateforme-daccompagnement-au-loisir-autonome-en-plein-air-destinee-aux-personnes-ayant-des-incapacites-etude-recrute","status":"publish","type":"page","link":"https:\/\/inclusivemap.ca\/fr\/developpement-dune-plateforme-daccompagnement-au-loisir-autonome-en-plein-air-destinee-aux-personnes-ayant-des-incapacites-etude-recrute\/","title":{"rendered":"\u201cD\u00e9veloppement d\u2019une plateforme d\u2019accompagnement au loisir autonome en plein air destin\u00e9e aux personnes ayant des incapacit\u00e9s\u201d \u00e9tude recrute!"},"content":{"rendered":"\n<p>Le \u201cD\u00e9veloppement d\u2019une plateforme d\u2019accompagnement au loisir autonome en plein air destin\u00e9e aux personnes ayant des incapacit\u00e9s\u201d \u00e9tude recrute! L\u2019\u00e9quipe de recherche du Dr. Fran\u00e7ois Routhier de l\u2019Universit\u00e9 Laval et l\u2019Association R\u00e9gionale de Loisir pour Personnes Handicap\u00e9es de la Capitale-National (ARLPH 03) dirigent en collaboration un projet de recherche pour mettre sur pied et \u00e9valuer une plateforme de jumelage entre accompagnateur et personne avec incapacit\u00e9(s) pour des activit\u00e9s de plein air adapt\u00e9. T\u00e9l\u00e9chargez le formulaire ci-dessous pour plus d\u2019informations :<\/p>\n\n<div class=\"wp-block-file\"><a id=\"wp-block-file--media-fcd7ace0-5cec-4f5c-a68b-b04267988a5b\" href=\"https:\/\/inclusivemap.ca\/wp-content\/uploads\/2023\/01\/Affiche_recrutement1_accompagnateur-sensoriel.docx\">Affiche_recrutement1_accompagnateur-sensoriel<\/a><a href=\"https:\/\/inclusivemap.ca\/wp-content\/uploads\/2023\/01\/Affiche_recrutement1_accompagnateur-sensoriel.docx\" class=\"wp-block-file__button wp-element-button\" download=\"\" aria-describedby=\"wp-block-file--media-fcd7ace0-5cec-4f5c-a68b-b04267988a5b\">T\u00e9l\u00e9chargez<\/a><\/div>\n","protected":false},"excerpt":{"rendered":"<p>Le \u201cD\u00e9veloppement d\u2019une plateforme d\u2019accompagnement au loisir autonome en plein air destin\u00e9e aux personnes ayant des incapacit\u00e9s\u201d \u00e9tude recrute! L\u2019\u00e9quipe de recherche du Dr. Fran\u00e7ois Routhier de l\u2019Universit\u00e9 Laval et l\u2019Association R\u00e9gionale de Loisir pour Personnes Handicap\u00e9es de la Capitale-National (ARLPH 03) dirigent en collaboration un projet de recherche pour mettre sur pied et \u00e9valuer<a class=\"more-link\" href=\"https:\/\/inclusivemap.ca\/fr\/developpement-dune-plateforme-daccompagnement-au-loisir-autonome-en-plein-air-destinee-aux-personnes-ayant-des-incapacites-etude-recrute\/\">Poursuivre la lecture de <span class=\"screen-reader-text\">\u00ab\u00a0\u201cD\u00e9veloppement d\u2019une plateforme d\u2019accompagnement au loisir autonome en plein air destin\u00e9e aux personnes ayant des incapacit\u00e9s\u201d \u00e9tude recrute!\u00a0\u00bb<\/span><\/a><\/p>\n","protected":false},"author":6,"featured_media":0,"parent":0,"menu_order":0,"comment_status":"closed","ping_status":"closed","template":"","meta":{"_acf_changed":false,"inline_featured_image":false,"footnotes":""},"publication_categories":[],"class_list":["post-1399","page","type-page","status-publish","hentry","entry"],"acf":[],"yoast_head":"<!-- This site is optimized with the Yoast SEO plugin v26.9 - https:\/\/yoast.com\/product\/yoast-seo-wordpress\/ -->\n<title>\u201cD\u00e9veloppement d\u2019une plateforme d\u2019accompagnement au loisir autonome en plein air destin\u00e9e aux personnes ayant des incapacit\u00e9s\u201d \u00e9tude recrute! - Inclusivemap<\/title>\n<meta name=\"robots\" content=\"index, follow, max-snippet:-1, max-image-preview:large, max-video-preview:-1\" \/>\n<link rel=\"canonical\" href=\"https:\/\/inclusivemap.ca\/fr\/developpement-dune-plateforme-daccompagnement-au-loisir-autonome-en-plein-air-destinee-aux-personnes-ayant-des-incapacites-etude-recrute\/\" \/>\n<meta property=\"og:locale\" content=\"fr_FR\" \/>\n<meta property=\"og:type\" content=\"article\" \/>\n<meta property=\"og:title\" content=\"\u201cD\u00e9veloppement d\u2019une plateforme d\u2019accompagnement au loisir autonome en plein air destin\u00e9e aux personnes ayant des incapacit\u00e9s\u201d \u00e9tude recrute! - Inclusivemap\" \/>\n<meta property=\"og:description\" content=\"Le \u201cD\u00e9veloppement d\u2019une plateforme d\u2019accompagnement au loisir autonome en plein air destin\u00e9e aux personnes ayant des incapacit\u00e9s\u201d \u00e9tude recrute! L\u2019\u00e9quipe de recherche du Dr. Fran\u00e7ois Routhier de l\u2019Universit\u00e9 Laval et l\u2019Association R\u00e9gionale de Loisir pour Personnes Handicap\u00e9es de la Capitale-National (ARLPH 03) dirigent en collaboration un projet de recherche pour mettre sur pied et \u00e9valuerPoursuivre la lecture de &quot;\u201cD\u00e9veloppement d\u2019une plateforme d\u2019accompagnement au loisir autonome en plein air destin\u00e9e aux personnes ayant des incapacit\u00e9s\u201d \u00e9tude recrute!&quot;\" \/>\n<meta property=\"og:url\" content=\"https:\/\/inclusivemap.ca\/fr\/developpement-dune-plateforme-daccompagnement-au-loisir-autonome-en-plein-air-destinee-aux-personnes-ayant-des-incapacites-etude-recrute\/\" \/>\n<meta property=\"og:site_name\" content=\"Inclusivemap\" \/>\n<meta property=\"article:modified_time\" content=\"2023-02-23T02:28:16+00:00\" \/>\n<meta name=\"twitter:card\" content=\"summary_large_image\" \/>\n<script type=\"application\/ld+json\" class=\"yoast-schema-graph\">{\"@context\":\"https:\/\/schema.org\",\"@graph\":[{\"@type\":\"WebPage\",\"@id\":\"https:\/\/inclusivemap.ca\/fr\/developpement-dune-plateforme-daccompagnement-au-loisir-autonome-en-plein-air-destinee-aux-personnes-ayant-des-incapacites-etude-recrute\/\",\"url\":\"https:\/\/inclusivemap.ca\/fr\/developpement-dune-plateforme-daccompagnement-au-loisir-autonome-en-plein-air-destinee-aux-personnes-ayant-des-incapacites-etude-recrute\/\",\"name\":\"\u201cD\u00e9veloppement d\u2019une plateforme d\u2019accompagnement au loisir autonome en plein air destin\u00e9e aux personnes ayant des incapacit\u00e9s\u201d \u00e9tude recrute! - Inclusivemap\",\"isPartOf\":{\"@id\":\"https:\/\/inclusivemap.ca\/fr\/#website\"},\"datePublished\":\"2023-01-03T20:09:34+00:00\",\"dateModified\":\"2023-02-23T02:28:16+00:00\",\"breadcrumb\":{\"@id\":\"https:\/\/inclusivemap.ca\/fr\/developpement-dune-plateforme-daccompagnement-au-loisir-autonome-en-plein-air-destinee-aux-personnes-ayant-des-incapacites-etude-recrute\/#breadcrumb\"},\"inLanguage\":\"fr-FR\",\"potentialAction\":[{\"@type\":\"ReadAction\",\"target\":[\"https:\/\/inclusivemap.ca\/fr\/developpement-dune-plateforme-daccompagnement-au-loisir-autonome-en-plein-air-destinee-aux-personnes-ayant-des-incapacites-etude-recrute\/\"]}]},{\"@type\":\"BreadcrumbList\",\"@id\":\"https:\/\/inclusivemap.ca\/fr\/developpement-dune-plateforme-daccompagnement-au-loisir-autonome-en-plein-air-destinee-aux-personnes-ayant-des-incapacites-etude-recrute\/#breadcrumb\",\"itemListElement\":[{\"@type\":\"ListItem\",\"position\":1,\"name\":\"Home\",\"item\":\"https:\/\/inclusivemap.ca\/fr\/\"},{\"@type\":\"ListItem\",\"position\":2,\"name\":\"\u201cD\u00e9veloppement d\u2019une plateforme d\u2019accompagnement au loisir autonome en plein air destin\u00e9e aux personnes ayant des incapacit\u00e9s\u201d \u00e9tude recrute!\"}]},{\"@type\":\"WebSite\",\"@id\":\"https:\/\/inclusivemap.ca\/fr\/#website\",\"url\":\"https:\/\/inclusivemap.ca\/fr\/\",\"name\":\"Inclusivemap\",\"description\":\"MAP \u2013 Mobility | Access | Participation\",\"publisher\":{\"@id\":\"https:\/\/inclusivemap.ca\/fr\/#organization\"},\"potentialAction\":[{\"@type\":\"SearchAction\",\"target\":{\"@type\":\"EntryPoint\",\"urlTemplate\":\"https:\/\/inclusivemap.ca\/fr\/?s={search_term_string}\"},\"query-input\":{\"@type\":\"PropertyValueSpecification\",\"valueRequired\":true,\"valueName\":\"search_term_string\"}}],\"inLanguage\":\"fr-FR\"},{\"@type\":\"Organization\",\"@id\":\"https:\/\/inclusivemap.ca\/fr\/#organization\",\"name\":\"Inclusivemap\",\"url\":\"https:\/\/inclusivemap.ca\/fr\/\",\"logo\":{\"@type\":\"ImageObject\",\"inLanguage\":\"fr-FR\",\"@id\":\"https:\/\/inclusivemap.ca\/fr\/#\/schema\/logo\/image\/\",\"url\":\"https:\/\/inclusivemap.ca\/wp-content\/uploads\/2022\/07\/map_bigprint_lighterblue.png\",\"contentUrl\":\"https:\/\/inclusivemap.ca\/wp-content\/uploads\/2022\/07\/map_bigprint_lighterblue.png\",\"width\":8348,\"height\":4563,\"caption\":\"Inclusivemap\"},\"image\":{\"@id\":\"https:\/\/inclusivemap.ca\/fr\/#\/schema\/logo\/image\/\"}}]}<\/script>\n<!-- \/ Yoast SEO plugin. -->","yoast_head_json":{"title":"\u201cD\u00e9veloppement d\u2019une plateforme d\u2019accompagnement au loisir autonome en plein air destin\u00e9e aux personnes ayant des incapacit\u00e9s\u201d \u00e9tude recrute! - Inclusivemap","robots":{"index":"index","follow":"follow","max-snippet":"max-snippet:-1","max-image-preview":"max-image-preview:large","max-video-preview":"max-video-preview:-1"},"canonical":"https:\/\/inclusivemap.ca\/fr\/developpement-dune-plateforme-daccompagnement-au-loisir-autonome-en-plein-air-destinee-aux-personnes-ayant-des-incapacites-etude-recrute\/","og_locale":"fr_FR","og_type":"article","og_title":"\u201cD\u00e9veloppement d\u2019une plateforme d\u2019accompagnement au loisir autonome en plein air destin\u00e9e aux personnes ayant des incapacit\u00e9s\u201d \u00e9tude recrute! - Inclusivemap","og_description":"Le \u201cD\u00e9veloppement d\u2019une plateforme d\u2019accompagnement au loisir autonome en plein air destin\u00e9e aux personnes ayant des incapacit\u00e9s\u201d \u00e9tude recrute! L\u2019\u00e9quipe de recherche du Dr. Fran\u00e7ois Routhier de l\u2019Universit\u00e9 Laval et l\u2019Association R\u00e9gionale de Loisir pour Personnes Handicap\u00e9es de la Capitale-National (ARLPH 03) dirigent en collaboration un projet de recherche pour mettre sur pied et \u00e9valuerPoursuivre la lecture de \"\u201cD\u00e9veloppement d\u2019une plateforme d\u2019accompagnement au loisir autonome en plein air destin\u00e9e aux personnes ayant des incapacit\u00e9s\u201d \u00e9tude recrute!\"","og_url":"https:\/\/inclusivemap.ca\/fr\/developpement-dune-plateforme-daccompagnement-au-loisir-autonome-en-plein-air-destinee-aux-personnes-ayant-des-incapacites-etude-recrute\/","og_site_name":"Inclusivemap","article_modified_time":"2023-02-23T02:28:16+00:00","twitter_card":"summary_large_image","schema":{"@context":"https:\/\/schema.org","@graph":[{"@type":"WebPage","@id":"https:\/\/inclusivemap.ca\/fr\/developpement-dune-plateforme-daccompagnement-au-loisir-autonome-en-plein-air-destinee-aux-personnes-ayant-des-incapacites-etude-recrute\/","url":"https:\/\/inclusivemap.ca\/fr\/developpement-dune-plateforme-daccompagnement-au-loisir-autonome-en-plein-air-destinee-aux-personnes-ayant-des-incapacites-etude-recrute\/","name":"\u201cD\u00e9veloppement d\u2019une plateforme d\u2019accompagnement au loisir autonome en plein air destin\u00e9e aux personnes ayant des incapacit\u00e9s\u201d \u00e9tude recrute! - Inclusivemap","isPartOf":{"@id":"https:\/\/inclusivemap.ca\/fr\/#website"},"datePublished":"2023-01-03T20:09:34+00:00","dateModified":"2023-02-23T02:28:16+00:00","breadcrumb":{"@id":"https:\/\/inclusivemap.ca\/fr\/developpement-dune-plateforme-daccompagnement-au-loisir-autonome-en-plein-air-destinee-aux-personnes-ayant-des-incapacites-etude-recrute\/#breadcrumb"},"inLanguage":"fr-FR","potentialAction":[{"@type":"ReadAction","target":["https:\/\/inclusivemap.ca\/fr\/developpement-dune-plateforme-daccompagnement-au-loisir-autonome-en-plein-air-destinee-aux-personnes-ayant-des-incapacites-etude-recrute\/"]}]},{"@type":"BreadcrumbList","@id":"https:\/\/inclusivemap.ca\/fr\/developpement-dune-plateforme-daccompagnement-au-loisir-autonome-en-plein-air-destinee-aux-personnes-ayant-des-incapacites-etude-recrute\/#breadcrumb","itemListElement":[{"@type":"ListItem","position":1,"name":"Home","item":"https:\/\/inclusivemap.ca\/fr\/"},{"@type":"ListItem","position":2,"name":"\u201cD\u00e9veloppement d\u2019une plateforme d\u2019accompagnement au loisir autonome en plein air destin\u00e9e aux personnes ayant des incapacit\u00e9s\u201d \u00e9tude recrute!"}]},{"@type":"WebSite","@id":"https:\/\/inclusivemap.ca\/fr\/#website","url":"https:\/\/inclusivemap.ca\/fr\/","name":"Inclusivemap","description":"MAP \u2013 Mobility | Access | Participation","publisher":{"@id":"https:\/\/inclusivemap.ca\/fr\/#organization"},"potentialAction":[{"@type":"SearchAction","target":{"@type":"EntryPoint","urlTemplate":"https:\/\/inclusivemap.ca\/fr\/?s={search_term_string}"},"query-input":{"@type":"PropertyValueSpecification","valueRequired":true,"valueName":"search_term_string"}}],"inLanguage":"fr-FR"},{"@type":"Organization","@id":"https:\/\/inclusivemap.ca\/fr\/#organization","name":"Inclusivemap","url":"https:\/\/inclusivemap.ca\/fr\/","logo":{"@type":"ImageObject","inLanguage":"fr-FR","@id":"https:\/\/inclusivemap.ca\/fr\/#\/schema\/logo\/image\/","url":"https:\/\/inclusivemap.ca\/wp-content\/uploads\/2022\/07\/map_bigprint_lighterblue.png","contentUrl":"https:\/\/inclusivemap.ca\/wp-content\/uploads\/2022\/07\/map_bigprint_lighterblue.png","width":8348,"height":4563,"caption":"Inclusivemap"},"image":{"@id":"https:\/\/inclusivemap.ca\/fr\/#\/schema\/logo\/image\/"}}]}},"_links":{"self":[{"href":"https:\/\/inclusivemap.ca\/fr\/wp-json\/wp\/v2\/pages\/1399","targetHints":{"allow":["GET"]}}],"collection":[{"href":"https:\/\/inclusivemap.ca\/fr\/wp-json\/wp\/v2\/pages"}],"about":[{"href":"https:\/\/inclusivemap.ca\/fr\/wp-json\/wp\/v2\/types\/page"}],"author":[{"embeddable":true,"href":"https:\/\/inclusivemap.ca\/fr\/wp-json\/wp\/v2\/users\/6"}],"replies":[{"embeddable":true,"href":"https:\/\/inclusivemap.ca\/fr\/wp-json\/wp\/v2\/comments?post=1399"}],"version-history":[{"count":1,"href":"https:\/\/inclusivemap.ca\/fr\/wp-json\/wp\/v2\/pages\/1399\/revisions"}],"predecessor-version":[{"id":1400,"href":"https:\/\/inclusivemap.ca\/fr\/wp-json\/wp\/v2\/pages\/1399\/revisions\/1400"}],"wp:attachment":[{"href":"https:\/\/inclusivemap.ca\/fr\/wp-json\/wp\/v2\/media?parent=1399"}],"wp:term":[{"taxonomy":"publication_categories","embeddable":true,"href":"https:\/\/inclusivemap.ca\/fr\/wp-json\/wp\/v2\/publication_categories?post=1399"}],"curies":[{"name":"wp","href":"https:\/\/api.w.org\/{rel}","templated":true}]}}