{"id":1401,"date":"2023-01-03T20:08:13","date_gmt":"2023-01-03T20:08:13","guid":{"rendered":"https:\/\/inclusivemap.ca\/le-projet-swan-recrute\/"},"modified":"2023-02-23T02:31:21","modified_gmt":"2023-02-23T02:31:21","slug":"le-projet-swan-recrute","status":"publish","type":"page","link":"https:\/\/inclusivemap.ca\/fr\/le-projet-swan-recrute\/","title":{"rendered":"Le projet SWAN recrute!"},"content":{"rendered":"\n<p><strong>Gagnez 75 $en participant \u00e0 une entrevue!<\/strong> Le projet SWAN est \u00e0 la recherche de participants \u00e0 la recherche pour effectuer une v\u00e9rification de quartier.<\/p>\n\n<p>Dur\u00e9e: Environ 3 heures <\/p>\n\n<p>Marque d\u2019appr\u00e9ciation: $75 <\/p>\n\n<p>Qui peut participer? Les personnes ayant une d\u00e9ficience visuelle qui pourraient ou non utiliser des aides visuelles (\u00e0 l\u2019exclusion des probl\u00e8mes qui peuvent \u00eatre corrig\u00e9s \u00e0 l\u2019aide d\u2019outils courants comme les lunettes)<\/p>\n\n<p>Qui peut participer? Qui sommes-nous? \u00c9quipe de recherche de la Dre Atiya Mahmood \u00e0 l\u2019Universit\u00e9 Simon Fraser<\/p>\n\n<p>Ceci est la page Web de notre \u00e9tude de recherche: <a rel=\"noreferrer noopener\" href=\"https:\/\/inclusivemap.ca\/swan\/\" target=\"_blank\">https:\/\/inclusivemap.ca\/swan\/<\/a><\/p>\n\n<p>Nous aimerions conna\u00eetre vos exp\u00e9riences de d\u00e9placement dans les quartiers afin que vos d\u00e9fis puissent \u00eatre am\u00e9lior\u00e9s! Veuillez nous contacter directement pour en savoir plus:<br\/><br\/>E-mail: <a href=\"mailto:MAPSFU@sfu.ca\">MAPSFU [at].CA<\/a><br\/>T\u00e9l\u00e9phone: (778) 782-7365<\/p>\n\n<p>Si vous ne savez pas si vous \u00eates admissible en tant que participant, nous sommes heureux de vous parler!<\/p>\n\n<div class=\"wp-block-buttons alignwide is-layout-flex wp-block-buttons-is-layout-flex\">\n<div class=\"wp-block-button aligncenter has-custom-width wp-block-button__width-50 has-custom-font-size is-style-outline has-small-font-size is-style-outline--1\"><a class=\"wp-block-button__link has-primary-color has-tertiary-background-color has-text-color has-background wp-element-button\" href=\"https:\/\/inclusivemap.ca\/newsletter\/map-newsletter-issue-1\/\">Retour a la newsletter<\/a><\/div>\n<\/div>\n","protected":false},"excerpt":{"rendered":"<p>Gagnez 75 $en participant \u00e0 une entrevue! Le projet SWAN est \u00e0 la recherche de participants \u00e0 la recherche pour effectuer une v\u00e9rification de quartier. Dur\u00e9e: Environ 3 heures Marque d\u2019appr\u00e9ciation: $75 Qui peut participer? Les personnes ayant une d\u00e9ficience visuelle qui pourraient ou non utiliser des aides visuelles (\u00e0 l\u2019exclusion des probl\u00e8mes qui peuvent<a class=\"more-link\" href=\"https:\/\/inclusivemap.ca\/fr\/le-projet-swan-recrute\/\">Poursuivre la lecture de <span class=\"screen-reader-text\">\u00ab\u00a0Le projet SWAN recrute!\u00a0\u00bb<\/span><\/a><\/p>\n","protected":false},"author":6,"featured_media":0,"parent":0,"menu_order":0,"comment_status":"closed","ping_status":"closed","template":"","meta":{"_acf_changed":false,"inline_featured_image":false,"footnotes":""},"publication_categories":[],"class_list":["post-1401","page","type-page","status-publish","hentry","entry"],"acf":[],"yoast_head":"<!-- This site is optimized with the Yoast SEO plugin v26.9 - https:\/\/yoast.com\/product\/yoast-seo-wordpress\/ -->\n<title>Le projet SWAN recrute! - Inclusivemap<\/title>\n<meta name=\"robots\" content=\"index, follow, max-snippet:-1, max-image-preview:large, max-video-preview:-1\" \/>\n<link rel=\"canonical\" href=\"https:\/\/inclusivemap.ca\/fr\/le-projet-swan-recrute\/\" \/>\n<meta property=\"og:locale\" content=\"fr_FR\" \/>\n<meta property=\"og:type\" content=\"article\" \/>\n<meta property=\"og:title\" content=\"Le projet SWAN recrute! - Inclusivemap\" \/>\n<meta property=\"og:description\" content=\"Gagnez 75 $en participant \u00e0 une entrevue! Le projet SWAN est \u00e0 la recherche de participants \u00e0 la recherche pour effectuer une v\u00e9rification de quartier. Dur\u00e9e: Environ 3 heures Marque d\u2019appr\u00e9ciation: $75 Qui peut participer? Les personnes ayant une d\u00e9ficience visuelle qui pourraient ou non utiliser des aides visuelles (\u00e0 l\u2019exclusion des probl\u00e8mes qui peuventPoursuivre la lecture de &quot;Le projet SWAN recrute!&quot;\" \/>\n<meta property=\"og:url\" content=\"https:\/\/inclusivemap.ca\/fr\/le-projet-swan-recrute\/\" \/>\n<meta property=\"og:site_name\" content=\"Inclusivemap\" \/>\n<meta property=\"article:modified_time\" content=\"2023-02-23T02:31:21+00:00\" \/>\n<meta name=\"twitter:card\" content=\"summary_large_image\" \/>\n<meta name=\"twitter:label1\" content=\"Dur\u00e9e de lecture estim\u00e9e\" \/>\n\t<meta name=\"twitter:data1\" content=\"1 minute\" \/>\n<script type=\"application\/ld+json\" class=\"yoast-schema-graph\">{\"@context\":\"https:\/\/schema.org\",\"@graph\":[{\"@type\":\"WebPage\",\"@id\":\"https:\/\/inclusivemap.ca\/fr\/le-projet-swan-recrute\/\",\"url\":\"https:\/\/inclusivemap.ca\/fr\/le-projet-swan-recrute\/\",\"name\":\"Le projet SWAN recrute! - Inclusivemap\",\"isPartOf\":{\"@id\":\"https:\/\/inclusivemap.ca\/fr\/#website\"},\"datePublished\":\"2023-01-03T20:08:13+00:00\",\"dateModified\":\"2023-02-23T02:31:21+00:00\",\"breadcrumb\":{\"@id\":\"https:\/\/inclusivemap.ca\/fr\/le-projet-swan-recrute\/#breadcrumb\"},\"inLanguage\":\"fr-FR\",\"potentialAction\":[{\"@type\":\"ReadAction\",\"target\":[\"https:\/\/inclusivemap.ca\/fr\/le-projet-swan-recrute\/\"]}]},{\"@type\":\"BreadcrumbList\",\"@id\":\"https:\/\/inclusivemap.ca\/fr\/le-projet-swan-recrute\/#breadcrumb\",\"itemListElement\":[{\"@type\":\"ListItem\",\"position\":1,\"name\":\"Home\",\"item\":\"https:\/\/inclusivemap.ca\/fr\/\"},{\"@type\":\"ListItem\",\"position\":2,\"name\":\"Le projet SWAN recrute!\"}]},{\"@type\":\"WebSite\",\"@id\":\"https:\/\/inclusivemap.ca\/fr\/#website\",\"url\":\"https:\/\/inclusivemap.ca\/fr\/\",\"name\":\"Inclusivemap\",\"description\":\"MAP \u2013 Mobility | Access | Participation\",\"publisher\":{\"@id\":\"https:\/\/inclusivemap.ca\/fr\/#organization\"},\"potentialAction\":[{\"@type\":\"SearchAction\",\"target\":{\"@type\":\"EntryPoint\",\"urlTemplate\":\"https:\/\/inclusivemap.ca\/fr\/?s={search_term_string}\"},\"query-input\":{\"@type\":\"PropertyValueSpecification\",\"valueRequired\":true,\"valueName\":\"search_term_string\"}}],\"inLanguage\":\"fr-FR\"},{\"@type\":\"Organization\",\"@id\":\"https:\/\/inclusivemap.ca\/fr\/#organization\",\"name\":\"Inclusivemap\",\"url\":\"https:\/\/inclusivemap.ca\/fr\/\",\"logo\":{\"@type\":\"ImageObject\",\"inLanguage\":\"fr-FR\",\"@id\":\"https:\/\/inclusivemap.ca\/fr\/#\/schema\/logo\/image\/\",\"url\":\"https:\/\/inclusivemap.ca\/wp-content\/uploads\/2022\/07\/map_bigprint_lighterblue.png\",\"contentUrl\":\"https:\/\/inclusivemap.ca\/wp-content\/uploads\/2022\/07\/map_bigprint_lighterblue.png\",\"width\":8348,\"height\":4563,\"caption\":\"Inclusivemap\"},\"image\":{\"@id\":\"https:\/\/inclusivemap.ca\/fr\/#\/schema\/logo\/image\/\"}}]}<\/script>\n<!-- \/ Yoast SEO plugin. -->","yoast_head_json":{"title":"Le projet SWAN recrute! - Inclusivemap","robots":{"index":"index","follow":"follow","max-snippet":"max-snippet:-1","max-image-preview":"max-image-preview:large","max-video-preview":"max-video-preview:-1"},"canonical":"https:\/\/inclusivemap.ca\/fr\/le-projet-swan-recrute\/","og_locale":"fr_FR","og_type":"article","og_title":"Le projet SWAN recrute! - Inclusivemap","og_description":"Gagnez 75 $en participant \u00e0 une entrevue! Le projet SWAN est \u00e0 la recherche de participants \u00e0 la recherche pour effectuer une v\u00e9rification de quartier. Dur\u00e9e: Environ 3 heures Marque d\u2019appr\u00e9ciation: $75 Qui peut participer? Les personnes ayant une d\u00e9ficience visuelle qui pourraient ou non utiliser des aides visuelles (\u00e0 l\u2019exclusion des probl\u00e8mes qui peuventPoursuivre la lecture de \"Le projet SWAN recrute!\"","og_url":"https:\/\/inclusivemap.ca\/fr\/le-projet-swan-recrute\/","og_site_name":"Inclusivemap","article_modified_time":"2023-02-23T02:31:21+00:00","twitter_card":"summary_large_image","twitter_misc":{"Dur\u00e9e de lecture estim\u00e9e":"1 minute"},"schema":{"@context":"https:\/\/schema.org","@graph":[{"@type":"WebPage","@id":"https:\/\/inclusivemap.ca\/fr\/le-projet-swan-recrute\/","url":"https:\/\/inclusivemap.ca\/fr\/le-projet-swan-recrute\/","name":"Le projet SWAN recrute! - Inclusivemap","isPartOf":{"@id":"https:\/\/inclusivemap.ca\/fr\/#website"},"datePublished":"2023-01-03T20:08:13+00:00","dateModified":"2023-02-23T02:31:21+00:00","breadcrumb":{"@id":"https:\/\/inclusivemap.ca\/fr\/le-projet-swan-recrute\/#breadcrumb"},"inLanguage":"fr-FR","potentialAction":[{"@type":"ReadAction","target":["https:\/\/inclusivemap.ca\/fr\/le-projet-swan-recrute\/"]}]},{"@type":"BreadcrumbList","@id":"https:\/\/inclusivemap.ca\/fr\/le-projet-swan-recrute\/#breadcrumb","itemListElement":[{"@type":"ListItem","position":1,"name":"Home","item":"https:\/\/inclusivemap.ca\/fr\/"},{"@type":"ListItem","position":2,"name":"Le projet SWAN recrute!"}]},{"@type":"WebSite","@id":"https:\/\/inclusivemap.ca\/fr\/#website","url":"https:\/\/inclusivemap.ca\/fr\/","name":"Inclusivemap","description":"MAP \u2013 Mobility | Access | Participation","publisher":{"@id":"https:\/\/inclusivemap.ca\/fr\/#organization"},"potentialAction":[{"@type":"SearchAction","target":{"@type":"EntryPoint","urlTemplate":"https:\/\/inclusivemap.ca\/fr\/?s={search_term_string}"},"query-input":{"@type":"PropertyValueSpecification","valueRequired":true,"valueName":"search_term_string"}}],"inLanguage":"fr-FR"},{"@type":"Organization","@id":"https:\/\/inclusivemap.ca\/fr\/#organization","name":"Inclusivemap","url":"https:\/\/inclusivemap.ca\/fr\/","logo":{"@type":"ImageObject","inLanguage":"fr-FR","@id":"https:\/\/inclusivemap.ca\/fr\/#\/schema\/logo\/image\/","url":"https:\/\/inclusivemap.ca\/wp-content\/uploads\/2022\/07\/map_bigprint_lighterblue.png","contentUrl":"https:\/\/inclusivemap.ca\/wp-content\/uploads\/2022\/07\/map_bigprint_lighterblue.png","width":8348,"height":4563,"caption":"Inclusivemap"},"image":{"@id":"https:\/\/inclusivemap.ca\/fr\/#\/schema\/logo\/image\/"}}]}},"_links":{"self":[{"href":"https:\/\/inclusivemap.ca\/fr\/wp-json\/wp\/v2\/pages\/1401","targetHints":{"allow":["GET"]}}],"collection":[{"href":"https:\/\/inclusivemap.ca\/fr\/wp-json\/wp\/v2\/pages"}],"about":[{"href":"https:\/\/inclusivemap.ca\/fr\/wp-json\/wp\/v2\/types\/page"}],"author":[{"embeddable":true,"href":"https:\/\/inclusivemap.ca\/fr\/wp-json\/wp\/v2\/users\/6"}],"replies":[{"embeddable":true,"href":"https:\/\/inclusivemap.ca\/fr\/wp-json\/wp\/v2\/comments?post=1401"}],"version-history":[{"count":1,"href":"https:\/\/inclusivemap.ca\/fr\/wp-json\/wp\/v2\/pages\/1401\/revisions"}],"predecessor-version":[{"id":1402,"href":"https:\/\/inclusivemap.ca\/fr\/wp-json\/wp\/v2\/pages\/1401\/revisions\/1402"}],"wp:attachment":[{"href":"https:\/\/inclusivemap.ca\/fr\/wp-json\/wp\/v2\/media?parent=1401"}],"wp:term":[{"taxonomy":"publication_categories","embeddable":true,"href":"https:\/\/inclusivemap.ca\/fr\/wp-json\/wp\/v2\/publication_categories?post=1401"}],"curies":[{"name":"wp","href":"https:\/\/api.w.org\/{rel}","templated":true}]}}