{"id":1483,"date":"2022-11-01T22:54:12","date_gmt":"2022-11-01T22:54:12","guid":{"rendered":"https:\/\/inclusivemap.ca\/swan-project\/"},"modified":"2023-04-07T06:34:24","modified_gmt":"2023-04-07T06:34:24","slug":"swan-project","status":"publish","type":"page","link":"https:\/\/inclusivemap.ca\/fr\/swan-project\/","title":{"rendered":"SWAN Project"},"content":{"rendered":"\n<figure class=\"wp-block-image size-large\"><img decoding=\"async\" src=\"https:\/\/inclusivemap.ca\/wp-content\/uploads\/2022\/11\/SWAN-Website-Banner-5-1024x512.png\" alt=\"\" class=\"wp-image-753\"\/><figcaption class=\"wp-element-caption\">\u00c0 quel point les rues de votre quartier sont-elles accessibles? Qu\u2019est-ce que le projet SWAN?<\/figcaption><\/figure>\n<p>Le projet SWAN de l&rsquo;Anglais Stakeholders Walkability \/ Wheelability Audit in Neighbourhoods (v\u00e9rification de l&rsquo;accessibilit\u00e9 dans les quartiers urbains) est dirig\u00e9 par la <a href=\"https:\/\/www.sfu.ca\/gerontology\/about\/people\/atiya-mahmood.html\">Dre Atiya Mahmood<\/a> de l\u2019Universit\u00e9 Simon Fraser dans le cadre du volet <a href=\"https:\/\/inclusivemap.ca\/project\/\">Accessibilit\u00e9 \u00e0 la navigation et \u00e0 l\u2019environnement pi\u00e9tonnier<\/a>.<\/p>\n\n<p>Ce projet est engag\u00e9 envers la collectivit\u00e9. Il vise \u00e0 sensibiliser les gens \u00e0 la mobilit\u00e9 et \u00e0 la participation \u00e0 travers l\u2019engagement de divers groupes d\u2019intervenants.<\/p>\n\n<p>SWAN vise \u00e0 : <\/p>\n\n<ul class=\"wp-block-list\">\n<li>Aider les personnes qui d\u00e9fendent l\u2019inclusivit\u00e9 des rues de leur quartier gr\u00e2ce \u00e0 des donn\u00e9es probantes qu\u2019elles recueillent elles-m\u00eames.<\/li>\n\n\n\n<li>Collaborer avec les municipalit\u00e9s pour am\u00e9liorer l\u2019environnement pi\u00e9tonnier.<\/li>\n<\/ul>\n\n<p>Dans cette \u00e9tude, les participants accomplissent deux t\u00e2ches :<\/p>\n\n<ol class=\"wp-block-list\">\n<li>Sonder\/analyser les barri\u00e8res et facilitateurs que pr\u00e9sente la rue \u00e0 l\u2019aide d\u2019une liste d\u00e9taill\u00e9e (l\u2019outil SWAN).<\/li>\n\n\n\n<li>Effectuer une entrevue apr\u00e8s avoir rempli la liste pour fournir des d\u00e9tails suppl\u00e9mentaires sur la fa\u00e7on dont les \u00e9l\u00e9ments de la liste ont une incidence sur leur accessibilit\u00e9.<\/li>\n<\/ol>\n\n<p>Nous recrutons actuellement des participants dans le cadre de ce projet pour les deux groupes suivants :<\/p>\n\n<p>1) les participants pr\u00e9sentant une mobilit\u00e9 r\u00e9duite<\/p>\n\n<p>2) les participants ayant une d\u00e9ficience auditive.<\/p>\n\n<p>Nous recrutons aussi activement des participants ayant une d\u00e9ficience visuelle. Nous commencerons la collecte de donn\u00e9es en mars 2023, vous pouvez communiquer avec nous d\u00e8s maintenant si vous souhaitez \u00eatre contact\u00e9.<\/p>\n\n<p>Pour de plus amples renseignements, communiquez avec nous \u00e0 MAPSFU[at]sfu.ca ou au 778-782-7635.<\/p>\n\n<p>Retrouvez-nous sur les m\u00e9dias sociaux via @InclusiveSWAN.<\/p>\n\n<div class=\"wp-block-columns is-layout-flex wp-container-core-columns-is-layout-9d6595d7 wp-block-columns-is-layout-flex\">\n<div class=\"wp-block-column is-layout-flow wp-block-column-is-layout-flow\">\n<figure class=\"wp-block-image size-full is-resized\"><a href=\"https:\/\/inclusivemap.ca\/fr\/recherche-et-actualites-sur-le-swan\/\"><img decoding=\"async\" src=\"https:\/\/inclusivemap.ca\/wp-content\/uploads\/2022\/11\/SWAN-news-and-research.png\" alt=\"\" class=\"wp-image-756\" width=\"400\" srcset=\"https:\/\/inclusivemap.ca\/wp-content\/uploads\/2022\/11\/SWAN-news-and-research.png 727w, https:\/\/inclusivemap.ca\/wp-content\/uploads\/2022\/11\/SWAN-news-and-research-400x267.png 400w, https:\/\/inclusivemap.ca\/wp-content\/uploads\/2022\/11\/SWAN-news-and-research-300x201.png 300w\" sizes=\"(max-width: 727px) 100vw, 727px\" \/><\/a><figcaption class=\"wp-element-caption\">Nouveaut\u00e9s et recherches<\/figcaption><\/figure><\/div>\n\n\n\n<div class=\"wp-block-column is-layout-flow wp-block-column-is-layout-flow\">\n<figure class=\"wp-block-image size-full is-resized\"><a href=\"https:\/\/inclusivemap.ca\/fr\/contactez-nous-swan\/\"><img decoding=\"async\" src=\"https:\/\/inclusivemap.ca\/wp-content\/uploads\/2022\/11\/SWAN-contact.png\" alt=\"\" class=\"wp-image-758\" width=\"400\" srcset=\"https:\/\/inclusivemap.ca\/wp-content\/uploads\/2022\/11\/SWAN-contact.png 315w, https:\/\/inclusivemap.ca\/wp-content\/uploads\/2022\/11\/SWAN-contact-300x202.png 300w\" sizes=\"(max-width: 315px) 100vw, 315px\" \/><\/a><figcaption class=\"wp-element-caption\">Contactez-nous<\/figcaption><\/figure><\/div>\n<\/div>\n\n<div class=\"wp-block-column is-layout-flow wp-block-column-is-layout-flow\">\n<div class=\"wp-block-columns is-layout-flex wp-container-core-columns-is-layout-9d6595d7 wp-block-columns-is-layout-flex\">\n<div class=\"wp-block-column is-layout-flow wp-block-column-is-layout-flow\">\n<figure class=\"wp-block-embed is-type-rich is-provider-twitter wp-block-embed-twitter\"><div class=\"wp-block-embed__wrapper\">\r\n<a class=\"twitter-timeline\" data-width=\"620\" data-height=\"930\" data-dnt=\"true\" href=\"https:\/\/twitter.com\/InclusiveSWAN?ref_src=twsrc%5Etfw\">Tweets by InclusiveSWAN<\/a><script async src=\"https:\/\/platform.twitter.com\/widgets.js\" charset=\"utf-8\"><\/script>\r\n<\/div><\/figure>\r\n<\/div>\n\n\n\n<div class=\"wp-block-column is-layout-flow wp-block-column-is-layout-flow\">\n<figure class=\"wp-block-image size-full\"><img loading=\"lazy\" decoding=\"async\" width=\"669\" height=\"828\" src=\"https:\/\/inclusivemap.ca\/wp-content\/uploads\/2022\/11\/SWAN-page-walking.png\" alt=\"\" class=\"wp-image-763\" srcset=\"https:\/\/inclusivemap.ca\/wp-content\/uploads\/2022\/11\/SWAN-page-walking.png 669w, https:\/\/inclusivemap.ca\/wp-content\/uploads\/2022\/11\/SWAN-page-walking-400x495.png 400w, https:\/\/inclusivemap.ca\/wp-content\/uploads\/2022\/11\/SWAN-page-walking-242x300.png 242w\" sizes=\"auto, (max-width: 669px) 100vw, 669px\" \/><figcaption class=\"wp-element-caption\">Personne utilisant une canne pour traverser la rue<\/figcaption><\/figure><\/div>\n<\/div>\n<\/div>\n\n<p>Les membres actuels de l\u2019\u00e9quipe sont\u00a0: Bahareh Kardeh, Farinaz Rikhtehgaran, Aislynn Sharrock, Chris Ngo, Jennifer Wu, Niloofar Hedayati et Mohammadreza Mirbastegan. <em><a href=\"https:\/\/inclusivemap.ca\/person\/\">Pour en savoir plus sur notre \u00e9quipe, consultez la page des membres de l\u2019\u00e9quipe MAP ici.<\/a><\/em><\/p>\n\n<p>Les anciens membres de l\u2019\u00e9quipe sont\u00a0: Hailey-Thomas Ford, Kishore Seetharaman, Mike Prescott, Alison Chung, Juanita Mora et Jonas Roth.<\/p>\n\n<div class=\"wp-block-buttons is-layout-flex wp-block-buttons-is-layout-flex\">\n<div class=\"wp-block-button aligncenter\"><a class=\"wp-block-button__link wp-element-button\" href=\"https:\/\/drive.google.com\/file\/d\/1KM46ut7dc65i4cPawGa0PArYnsAwi7q5\/view\">Cliquez ici pour acc\u00e9der aux notes r\u00e9capitulatives du Forum interactif des intervenants<\/a><\/div>\n<\/div>\n","protected":false},"excerpt":{"rendered":"<p>Le projet SWAN de l&rsquo;Anglais Stakeholders Walkability \/ Wheelability Audit in Neighbourhoods (v\u00e9rification de l&rsquo;accessibilit\u00e9 dans les quartiers urbains) est dirig\u00e9 par la Dre Atiya Mahmood de l\u2019Universit\u00e9 Simon Fraser dans le cadre du volet Accessibilit\u00e9 \u00e0 la navigation et \u00e0 l\u2019environnement pi\u00e9tonnier. Ce projet est engag\u00e9 envers la collectivit\u00e9. Il vise \u00e0 sensibiliser les<a class=\"more-link\" href=\"https:\/\/inclusivemap.ca\/fr\/swan-project\/\">Poursuivre la lecture de <span class=\"screen-reader-text\">\u00ab\u00a0SWAN Project\u00a0\u00bb<\/span><\/a><\/p>\n","protected":false},"author":7,"featured_media":0,"parent":0,"menu_order":0,"comment_status":"closed","ping_status":"closed","template":"","meta":{"_acf_changed":false,"inline_featured_image":false,"footnotes":""},"publication_categories":[],"class_list":["post-1483","page","type-page","status-publish","hentry","entry"],"acf":[],"yoast_head":"<!-- This site is optimized with the Yoast SEO plugin v26.9 - https:\/\/yoast.com\/product\/yoast-seo-wordpress\/ -->\n<title>SWAN Project - Inclusivemap<\/title>\n<meta name=\"robots\" content=\"index, follow, max-snippet:-1, max-image-preview:large, max-video-preview:-1\" \/>\n<link rel=\"canonical\" href=\"https:\/\/inclusivemap.ca\/fr\/swan-project\/\" \/>\n<meta property=\"og:locale\" content=\"fr_FR\" \/>\n<meta property=\"og:type\" content=\"article\" \/>\n<meta property=\"og:title\" content=\"SWAN Project - Inclusivemap\" \/>\n<meta property=\"og:description\" content=\"Le projet SWAN de l&rsquo;Anglais Stakeholders Walkability \/ Wheelability Audit in Neighbourhoods (v\u00e9rification de l&rsquo;accessibilit\u00e9 dans les quartiers urbains) est dirig\u00e9 par la Dre Atiya Mahmood de l\u2019Universit\u00e9 Simon Fraser dans le cadre du volet Accessibilit\u00e9 \u00e0 la navigation et \u00e0 l\u2019environnement pi\u00e9tonnier. Ce projet est engag\u00e9 envers la collectivit\u00e9. Il vise \u00e0 sensibiliser lesPoursuivre la lecture de &quot;SWAN Project&quot;\" \/>\n<meta property=\"og:url\" content=\"https:\/\/inclusivemap.ca\/fr\/swan-project\/\" \/>\n<meta property=\"og:site_name\" content=\"Inclusivemap\" \/>\n<meta property=\"article:modified_time\" content=\"2023-04-07T06:34:24+00:00\" \/>\n<meta property=\"og:image\" content=\"https:\/\/inclusivemap.ca\/wp-content\/uploads\/2022\/11\/SWAN-Website-Banner-5-1024x512.png\" \/>\n<meta name=\"twitter:card\" content=\"summary_large_image\" \/>\n<meta name=\"twitter:label1\" content=\"Dur\u00e9e de lecture estim\u00e9e\" \/>\n\t<meta name=\"twitter:data1\" content=\"2 minutes\" \/>\n<script type=\"application\/ld+json\" class=\"yoast-schema-graph\">{\"@context\":\"https:\/\/schema.org\",\"@graph\":[{\"@type\":\"WebPage\",\"@id\":\"https:\/\/inclusivemap.ca\/fr\/swan-project\/\",\"url\":\"https:\/\/inclusivemap.ca\/fr\/swan-project\/\",\"name\":\"SWAN Project - Inclusivemap\",\"isPartOf\":{\"@id\":\"https:\/\/inclusivemap.ca\/fr\/#website\"},\"primaryImageOfPage\":{\"@id\":\"https:\/\/inclusivemap.ca\/fr\/swan-project\/#primaryimage\"},\"image\":{\"@id\":\"https:\/\/inclusivemap.ca\/fr\/swan-project\/#primaryimage\"},\"thumbnailUrl\":\"https:\/\/inclusivemap.ca\/wp-content\/uploads\/2022\/11\/SWAN-Website-Banner-5-1024x512.png\",\"datePublished\":\"2022-11-01T22:54:12+00:00\",\"dateModified\":\"2023-04-07T06:34:24+00:00\",\"breadcrumb\":{\"@id\":\"https:\/\/inclusivemap.ca\/fr\/swan-project\/#breadcrumb\"},\"inLanguage\":\"fr-FR\",\"potentialAction\":[{\"@type\":\"ReadAction\",\"target\":[\"https:\/\/inclusivemap.ca\/fr\/swan-project\/\"]}]},{\"@type\":\"ImageObject\",\"inLanguage\":\"fr-FR\",\"@id\":\"https:\/\/inclusivemap.ca\/fr\/swan-project\/#primaryimage\",\"url\":\"https:\/\/inclusivemap.ca\/wp-content\/uploads\/2022\/11\/SWAN-Website-Banner-5-1024x512.png\",\"contentUrl\":\"https:\/\/inclusivemap.ca\/wp-content\/uploads\/2022\/11\/SWAN-Website-Banner-5-1024x512.png\"},{\"@type\":\"BreadcrumbList\",\"@id\":\"https:\/\/inclusivemap.ca\/fr\/swan-project\/#breadcrumb\",\"itemListElement\":[{\"@type\":\"ListItem\",\"position\":1,\"name\":\"Home\",\"item\":\"https:\/\/inclusivemap.ca\/fr\/\"},{\"@type\":\"ListItem\",\"position\":2,\"name\":\"SWAN Project\"}]},{\"@type\":\"WebSite\",\"@id\":\"https:\/\/inclusivemap.ca\/fr\/#website\",\"url\":\"https:\/\/inclusivemap.ca\/fr\/\",\"name\":\"Inclusivemap\",\"description\":\"MAP \u2013 Mobility | Access | Participation\",\"publisher\":{\"@id\":\"https:\/\/inclusivemap.ca\/fr\/#organization\"},\"potentialAction\":[{\"@type\":\"SearchAction\",\"target\":{\"@type\":\"EntryPoint\",\"urlTemplate\":\"https:\/\/inclusivemap.ca\/fr\/?s={search_term_string}\"},\"query-input\":{\"@type\":\"PropertyValueSpecification\",\"valueRequired\":true,\"valueName\":\"search_term_string\"}}],\"inLanguage\":\"fr-FR\"},{\"@type\":\"Organization\",\"@id\":\"https:\/\/inclusivemap.ca\/fr\/#organization\",\"name\":\"Inclusivemap\",\"url\":\"https:\/\/inclusivemap.ca\/fr\/\",\"logo\":{\"@type\":\"ImageObject\",\"inLanguage\":\"fr-FR\",\"@id\":\"https:\/\/inclusivemap.ca\/fr\/#\/schema\/logo\/image\/\",\"url\":\"https:\/\/inclusivemap.ca\/wp-content\/uploads\/2022\/07\/map_bigprint_lighterblue.png\",\"contentUrl\":\"https:\/\/inclusivemap.ca\/wp-content\/uploads\/2022\/07\/map_bigprint_lighterblue.png\",\"width\":8348,\"height\":4563,\"caption\":\"Inclusivemap\"},\"image\":{\"@id\":\"https:\/\/inclusivemap.ca\/fr\/#\/schema\/logo\/image\/\"}}]}<\/script>\n<!-- \/ Yoast SEO plugin. -->","yoast_head_json":{"title":"SWAN Project - Inclusivemap","robots":{"index":"index","follow":"follow","max-snippet":"max-snippet:-1","max-image-preview":"max-image-preview:large","max-video-preview":"max-video-preview:-1"},"canonical":"https:\/\/inclusivemap.ca\/fr\/swan-project\/","og_locale":"fr_FR","og_type":"article","og_title":"SWAN Project - Inclusivemap","og_description":"Le projet SWAN de l&rsquo;Anglais Stakeholders Walkability \/ Wheelability Audit in Neighbourhoods (v\u00e9rification de l&rsquo;accessibilit\u00e9 dans les quartiers urbains) est dirig\u00e9 par la Dre Atiya Mahmood de l\u2019Universit\u00e9 Simon Fraser dans le cadre du volet Accessibilit\u00e9 \u00e0 la navigation et \u00e0 l\u2019environnement pi\u00e9tonnier. Ce projet est engag\u00e9 envers la collectivit\u00e9. Il vise \u00e0 sensibiliser lesPoursuivre la lecture de \"SWAN Project\"","og_url":"https:\/\/inclusivemap.ca\/fr\/swan-project\/","og_site_name":"Inclusivemap","article_modified_time":"2023-04-07T06:34:24+00:00","og_image":[{"url":"https:\/\/inclusivemap.ca\/wp-content\/uploads\/2022\/11\/SWAN-Website-Banner-5-1024x512.png","type":"","width":"","height":""}],"twitter_card":"summary_large_image","twitter_misc":{"Dur\u00e9e de lecture estim\u00e9e":"2 minutes"},"schema":{"@context":"https:\/\/schema.org","@graph":[{"@type":"WebPage","@id":"https:\/\/inclusivemap.ca\/fr\/swan-project\/","url":"https:\/\/inclusivemap.ca\/fr\/swan-project\/","name":"SWAN Project - Inclusivemap","isPartOf":{"@id":"https:\/\/inclusivemap.ca\/fr\/#website"},"primaryImageOfPage":{"@id":"https:\/\/inclusivemap.ca\/fr\/swan-project\/#primaryimage"},"image":{"@id":"https:\/\/inclusivemap.ca\/fr\/swan-project\/#primaryimage"},"thumbnailUrl":"https:\/\/inclusivemap.ca\/wp-content\/uploads\/2022\/11\/SWAN-Website-Banner-5-1024x512.png","datePublished":"2022-11-01T22:54:12+00:00","dateModified":"2023-04-07T06:34:24+00:00","breadcrumb":{"@id":"https:\/\/inclusivemap.ca\/fr\/swan-project\/#breadcrumb"},"inLanguage":"fr-FR","potentialAction":[{"@type":"ReadAction","target":["https:\/\/inclusivemap.ca\/fr\/swan-project\/"]}]},{"@type":"ImageObject","inLanguage":"fr-FR","@id":"https:\/\/inclusivemap.ca\/fr\/swan-project\/#primaryimage","url":"https:\/\/inclusivemap.ca\/wp-content\/uploads\/2022\/11\/SWAN-Website-Banner-5-1024x512.png","contentUrl":"https:\/\/inclusivemap.ca\/wp-content\/uploads\/2022\/11\/SWAN-Website-Banner-5-1024x512.png"},{"@type":"BreadcrumbList","@id":"https:\/\/inclusivemap.ca\/fr\/swan-project\/#breadcrumb","itemListElement":[{"@type":"ListItem","position":1,"name":"Home","item":"https:\/\/inclusivemap.ca\/fr\/"},{"@type":"ListItem","position":2,"name":"SWAN Project"}]},{"@type":"WebSite","@id":"https:\/\/inclusivemap.ca\/fr\/#website","url":"https:\/\/inclusivemap.ca\/fr\/","name":"Inclusivemap","description":"MAP \u2013 Mobility | Access | Participation","publisher":{"@id":"https:\/\/inclusivemap.ca\/fr\/#organization"},"potentialAction":[{"@type":"SearchAction","target":{"@type":"EntryPoint","urlTemplate":"https:\/\/inclusivemap.ca\/fr\/?s={search_term_string}"},"query-input":{"@type":"PropertyValueSpecification","valueRequired":true,"valueName":"search_term_string"}}],"inLanguage":"fr-FR"},{"@type":"Organization","@id":"https:\/\/inclusivemap.ca\/fr\/#organization","name":"Inclusivemap","url":"https:\/\/inclusivemap.ca\/fr\/","logo":{"@type":"ImageObject","inLanguage":"fr-FR","@id":"https:\/\/inclusivemap.ca\/fr\/#\/schema\/logo\/image\/","url":"https:\/\/inclusivemap.ca\/wp-content\/uploads\/2022\/07\/map_bigprint_lighterblue.png","contentUrl":"https:\/\/inclusivemap.ca\/wp-content\/uploads\/2022\/07\/map_bigprint_lighterblue.png","width":8348,"height":4563,"caption":"Inclusivemap"},"image":{"@id":"https:\/\/inclusivemap.ca\/fr\/#\/schema\/logo\/image\/"}}]}},"_links":{"self":[{"href":"https:\/\/inclusivemap.ca\/fr\/wp-json\/wp\/v2\/pages\/1483","targetHints":{"allow":["GET"]}}],"collection":[{"href":"https:\/\/inclusivemap.ca\/fr\/wp-json\/wp\/v2\/pages"}],"about":[{"href":"https:\/\/inclusivemap.ca\/fr\/wp-json\/wp\/v2\/types\/page"}],"author":[{"embeddable":true,"href":"https:\/\/inclusivemap.ca\/fr\/wp-json\/wp\/v2\/users\/7"}],"replies":[{"embeddable":true,"href":"https:\/\/inclusivemap.ca\/fr\/wp-json\/wp\/v2\/comments?post=1483"}],"version-history":[{"count":5,"href":"https:\/\/inclusivemap.ca\/fr\/wp-json\/wp\/v2\/pages\/1483\/revisions"}],"predecessor-version":[{"id":1495,"href":"https:\/\/inclusivemap.ca\/fr\/wp-json\/wp\/v2\/pages\/1483\/revisions\/1495"}],"wp:attachment":[{"href":"https:\/\/inclusivemap.ca\/fr\/wp-json\/wp\/v2\/media?parent=1483"}],"wp:term":[{"taxonomy":"publication_categories","embeddable":true,"href":"https:\/\/inclusivemap.ca\/fr\/wp-json\/wp\/v2\/publication_categories?post=1483"}],"curies":[{"name":"wp","href":"https:\/\/api.w.org\/{rel}","templated":true}]}}