{"id":1887,"date":"2023-07-19T17:09:46","date_gmt":"2023-07-19T17:09:46","guid":{"rendered":"https:\/\/inclusivemap.ca\/?page_id=1887"},"modified":"2024-11-27T23:29:30","modified_gmt":"2024-11-27T23:29:30","slug":"rendez-vous-avec-farinaz","status":"publish","type":"page","link":"https:\/\/inclusivemap.ca\/fr\/rendez-vous-avec-farinaz\/","title":{"rendered":"Rendez-Vous Avec Farinaz"},"content":{"rendered":"\n<div class=\"wp-block-columns is-layout-flex wp-container-core-columns-is-layout-9d6595d7 wp-block-columns-is-layout-flex\">\n<div class=\"wp-block-column is-layout-flow wp-block-column-is-layout-flow\" style=\"flex-basis:33.33%\">\n<figure class=\"wp-block-image size-full\"><img loading=\"lazy\" decoding=\"async\" width=\"300\" height=\"300\" src=\"https:\/\/inclusivemap.ca\/wp-content\/uploads\/2022\/07\/Farinaz.jpeg\" alt=\"\" class=\"wp-image-585\" srcset=\"https:\/\/inclusivemap.ca\/wp-content\/uploads\/2022\/07\/Farinaz.jpeg 300w, https:\/\/inclusivemap.ca\/wp-content\/uploads\/2022\/07\/Farinaz-150x150.jpeg 150w, https:\/\/inclusivemap.ca\/wp-content\/uploads\/2022\/07\/Farinaz-80x80.jpeg 80w\" sizes=\"auto, (max-width: 300px) 100vw, 300px\" \/><figcaption class=\"wp-element-caption\">Farinaz Rikhtehgaran<\/figcaption><\/figure>\n<\/div>\n\n\n\n<div class=\"wp-block-column is-layout-flow wp-block-column-is-layout-flow\" style=\"flex-basis:66.66%\">\n<p><strong>Nom : <\/strong>Farinaz Rikhtehgaran<\/p>\n\n\n\n<p><strong>R\u00f4le dans l\u2019\u00e9quipe MAP<\/strong>\u00a0:\u00a0Je suis une assistante de recherche dipl\u00f4m\u00e9 travaillant sous la supervision du Dr Atiya Mahmood sur le projet SWAN (Stakeholders\u2019 walkability\/wheelability audit in quarters).<\/p>\n<\/div>\n<\/div>\n\n\n\n<p><strong>1) D&rsquo;o\u00f9 venez-vous et o\u00f9\/qu&rsquo;\u00e9tudiez-vous&nbsp;? <\/strong><\/p>\n\n\n\n<p>Je viens d&rsquo;Iran et j&rsquo;ai r\u00e9cemment d\u00e9m\u00e9nag\u00e9 au Canada en ao\u00fbt 2021 pour poursuivre ma deuxi\u00e8me ma\u00eetrise en g\u00e9rontologie \u00e0 l&rsquo;Universit\u00e9 Simon Fraser. Auparavant, j&rsquo;ai \u00e9tudi\u00e9 l&rsquo;urbanisme et le design, et actuellement, je travaille sur les aspects li\u00e9s \u00e0 la marche des villes adapt\u00e9es aux personnes \u00e2g\u00e9es.<\/p>\n\n\n\n<p><strong>2) Qu&rsquo;est-ce qui vous motive \u00e0 rendre le monde plus accessible ? <\/strong><\/p>\n\n\n\n<p>Je crois que tout le monde m\u00e9rite une vie d\u00e9cente et a droit \u00e0 la ville, quel que soit son niveau de capacit\u00e9s. Comme le dit David Harvey, le droit \u00e0 la ville ne consiste pas seulement \u00e0 acc\u00e9der \u00e0 ce qui existe d\u00e9j\u00e0, mais \u00e0 le changer. Je veux changer notre perspective sur la fa\u00e7on dont nous cr\u00e9ons nos villes, car nous avons tendance \u00e0 les concevoir pour des hommes jeunes et en bonne sant\u00e9. Mais nous devons consid\u00e9rer tous les groupes qui vivent dans les villes, utilisent les espaces publics et contribuent \u00e0 nos vies. Nous m\u00e9ritons tous d&rsquo;\u00eatre accueillis dans toutes les zones urbaines.<\/p>\n\n\n\n<p><strong>3) Dans un langage court et simple, d\u00e9crivez votre projet de recherche ou le projet sur lequel vous travaillez.<\/strong><\/p>\n\n\n\n<p>Mon projet de recherche pour ma ma\u00eetrise en g\u00e9rontologie porte sur l&rsquo;identification des obstacles et des facilitateurs \u00e0 la marche pour les immigrants adultes \u00e2g\u00e9s dans les quartiers urbains. Je vais concevoir une \u00e9tude pilote comparative pour explorer les similitudes et les diff\u00e9rences entre le comportement de marche des adultes \u00e2g\u00e9s canadiens et iraniens dans la r\u00e9gion m\u00e9tropolitaine de Vancouver afin d&rsquo;aider \u00e0 \u00e9liminer les obstacles et \u00e0 favoriser les facilitateurs.<\/p>\n\n\n\n<p>Dans le projet SWAN, nous explorons l\u2019impact des environnements de quartier sur la mobilit\u00e9 et la participation sociale des personnes avec des incapacit\u00e9s sensorielles et cognitives \u00e0 l\u2019aide de l\u2019outil SWAN. Le projet utilise une approche communautaire o\u00f9 les personnes avec des incapacit\u00e9s avec des exp\u00e9riences v\u00e9cues sont impliqu\u00e9es en tant que co-chercheurs dans le d\u00e9veloppement d\u2019outils, la collecte de donn\u00e9es et les efforts de mobilisation des connaissances.<\/p>\n\n\n\n<p><strong>4) Quel est ton talent cach\u00e9 et ta plus grande qualit\u00e9 ?<\/strong><\/p>\n\n\n\n<p>\u00c9tant donn\u00e9 que je suis un designer urbain et que j&rsquo;adore concevoir des graphismes, mon talent cach\u00e9 serait le graphisme. J&rsquo;aime transmettre des significations, des concepts ou des processus complexes \u00e0 travers des illustrations visuelles dans mes pr\u00e9sentations. Ma plus grande qualit\u00e9 est ma pers\u00e9v\u00e9rance dans la r\u00e9alisation de mes r\u00eaves. Par exemple, j&rsquo;ai toujours aim\u00e9 \u00e9tudier dans un pays d\u00e9velopp\u00e9 pour acqu\u00e9rir des connaissances et des exp\u00e9riences de vie de haute qualit\u00e9 et je suis ici maintenant\u202f! <\/p>\n\n\n\n<p><strong>5) Quelle est la meilleure fa\u00e7on de vous faire sourire ?<\/strong><\/p>\n\n\n\n<p>Le mieux serait de m&rsquo;organiser une f\u00eate surtout avec des cadeaux ! J&rsquo;aime les surprises ! ?<\/p>\n\n\n\n<p><strong>6) Qu&rsquo;est-ce que tu aimes faire pendant ton temps libre ?<\/strong><\/p>\n\n\n\n<p>Je suis encore tr\u00e8s nouveau \u00e0 Vancouver et au Canada. Donc, pendant mon temps libre, je fais souvent des visites de sites dans diff\u00e9rents quartiers ou sentiers locaux pour voir comment les gens vivent diff\u00e9remment ici par rapport \u00e0 mon pays d&rsquo;origine.<\/p>\n\n\n\n<p><strong>7) Quel endroit du monde r\u00eavez-vous de visiter ?<\/strong><\/p>\n\n\n\n<p>Je r\u00eave de visiter Paris pour prendre des millions de photos avec la Tour Eiffel, boire un caf\u00e9 dans les caf\u00e9s, me promener sur les Champs-Elys\u00e9es et profiter de l&rsquo;ambiance de la ville. M\u00eame regarder des photos de Paris me remonte le moral !<\/p>\n\n\n\n<p><strong>8) Quel est le meilleur livre que vous ayez lu ou le meilleur film que vous ayez vu qui vous ait inspir\u00e9 ?<\/strong><\/p>\n\n\n\n<p>L&rsquo;un des films qui m&rsquo;a fait r\u00e9fl\u00e9chir profond\u00e9ment sur le sens de la vie humaine et le jeu de la politique est \u00ab D\u00e9ni cosmique \u00bb, r\u00e9alis\u00e9 par Adam McKay et jou\u00e9 par mon acteur pr\u00e9f\u00e9r\u00e9, Leonardo DiCaprio. Ce film montre la fin de la vie sur terre due \u00e0 la collision d&rsquo;une gigantesque m\u00e9t\u00e9orite avec la plan\u00e8te. Il d\u00e9peint le d\u00e9clin de l&rsquo;humanit\u00e9 et nous rappelle de prendre la vie facile et d&rsquo;en profiter.<\/p>\n\n\n\n<p><strong>9) Si vous pouviez d\u00eener avec un chercheur\/scientifique\/clinicien\/personne connu, qui serait-ce et pourquoi&nbsp;?<\/strong><\/p>\n\n\n\n<p>Si je pouvais voyager dans le temps, j&rsquo;aimerais d\u00eener avec Jane Jacobs. C&rsquo;est une journaliste am\u00e9ricaine qui a d&rsquo;abord commenc\u00e9 \u00e0 critiquer la conception des espaces urbains favorable \u00e0 l&rsquo;automobile et repoussant les pi\u00e9tons \u00e0 la marge. J&rsquo;ai aim\u00e9 lire son livre le plus connu, D\u00e9clin et survie des grandes villes am\u00e9ricaines, o\u00f9 elle fait ses critiques \u00e0 l&rsquo;urbanisme rationaliste des ann\u00e9es 1950-60. J&rsquo;aimerais pouvoir en entendre plus d&rsquo;elle-m\u00eame. <\/p>\n\n\n\n<div class=\"wp-block-buttons is-content-justification-center is-layout-flex wp-container-core-buttons-is-layout-16018d1d wp-block-buttons-is-layout-flex\">\n<div class=\"wp-block-button has-custom-width wp-block-button__width-100 has-custom-font-size has-small-font-size\"><a class=\"wp-block-button__link has-background-color has-tertiary-background-color has-text-color has-background wp-element-button\" href=\"https:\/\/inclusivemap.ca\/fr\/?post_type=newsletter&amp;p=2014\" style=\"padding-top:var(--wp--preset--spacing--50);padding-right:var(--wp--preset--spacing--50);padding-bottom:var(--wp--preset--spacing--50);padding-left:var(--wp--preset--spacing--50)\">Retour \u00e0 la newsletter<\/a><\/div>\n<\/div>\n","protected":false},"excerpt":{"rendered":"<p>Nom : Farinaz Rikhtehgaran R\u00f4le dans l\u2019\u00e9quipe MAP\u00a0:\u00a0Je suis une assistante de recherche dipl\u00f4m\u00e9 travaillant sous la supervision du Dr Atiya Mahmood sur le projet SWAN (Stakeholders\u2019 walkability\/wheelability audit in quarters). 1) D&rsquo;o\u00f9 venez-vous et o\u00f9\/qu&rsquo;\u00e9tudiez-vous&nbsp;? Je viens d&rsquo;Iran et j&rsquo;ai r\u00e9cemment d\u00e9m\u00e9nag\u00e9 au Canada en ao\u00fbt 2021 pour poursuivre ma deuxi\u00e8me ma\u00eetrise en g\u00e9rontologie<a class=\"more-link\" href=\"https:\/\/inclusivemap.ca\/fr\/rendez-vous-avec-farinaz\/\">Poursuivre la lecture de <span class=\"screen-reader-text\">\u00ab\u00a0Rendez-Vous Avec Farinaz\u00a0\u00bb<\/span><\/a><\/p>\n","protected":false},"author":6,"featured_media":0,"parent":0,"menu_order":0,"comment_status":"closed","ping_status":"closed","template":"","meta":{"_acf_changed":false,"inline_featured_image":false,"footnotes":""},"publication_categories":[],"class_list":["post-1887","page","type-page","status-publish","hentry","entry"],"acf":[],"yoast_head":"<!-- This site is optimized with the Yoast SEO plugin v26.9 - https:\/\/yoast.com\/product\/yoast-seo-wordpress\/ -->\n<title>Rendez-Vous Avec Farinaz - Inclusivemap<\/title>\n<meta name=\"robots\" content=\"index, follow, max-snippet:-1, max-image-preview:large, max-video-preview:-1\" \/>\n<link rel=\"canonical\" href=\"https:\/\/inclusivemap.ca\/fr\/rendez-vous-avec-farinaz\/\" \/>\n<meta property=\"og:locale\" content=\"fr_FR\" \/>\n<meta property=\"og:type\" content=\"article\" \/>\n<meta property=\"og:title\" content=\"Rendez-Vous Avec Farinaz - Inclusivemap\" \/>\n<meta property=\"og:description\" content=\"Nom : Farinaz Rikhtehgaran R\u00f4le dans l\u2019\u00e9quipe MAP\u00a0:\u00a0Je suis une assistante de recherche dipl\u00f4m\u00e9 travaillant sous la supervision du Dr Atiya Mahmood sur le projet SWAN (Stakeholders\u2019 walkability\/wheelability audit in quarters). 1) D&rsquo;o\u00f9 venez-vous et o\u00f9\/qu&rsquo;\u00e9tudiez-vous&nbsp;? Je viens d&rsquo;Iran et j&rsquo;ai r\u00e9cemment d\u00e9m\u00e9nag\u00e9 au Canada en ao\u00fbt 2021 pour poursuivre ma deuxi\u00e8me ma\u00eetrise en g\u00e9rontologiePoursuivre la lecture de &quot;Rendez-Vous Avec Farinaz&quot;\" \/>\n<meta property=\"og:url\" content=\"https:\/\/inclusivemap.ca\/fr\/rendez-vous-avec-farinaz\/\" \/>\n<meta property=\"og:site_name\" content=\"Inclusivemap\" \/>\n<meta property=\"article:modified_time\" content=\"2024-11-27T23:29:30+00:00\" \/>\n<meta property=\"og:image\" content=\"https:\/\/inclusivemap.ca\/wp-content\/uploads\/2022\/07\/Farinaz.jpeg\" \/>\n\t<meta property=\"og:image:width\" content=\"300\" \/>\n\t<meta property=\"og:image:height\" content=\"300\" \/>\n\t<meta property=\"og:image:type\" content=\"image\/jpeg\" \/>\n<meta name=\"twitter:card\" content=\"summary_large_image\" \/>\n<meta name=\"twitter:label1\" content=\"Dur\u00e9e de lecture estim\u00e9e\" \/>\n\t<meta name=\"twitter:data1\" content=\"4 minutes\" \/>\n<script type=\"application\/ld+json\" class=\"yoast-schema-graph\">{\"@context\":\"https:\/\/schema.org\",\"@graph\":[{\"@type\":\"WebPage\",\"@id\":\"https:\/\/inclusivemap.ca\/fr\/rendez-vous-avec-farinaz\/\",\"url\":\"https:\/\/inclusivemap.ca\/fr\/rendez-vous-avec-farinaz\/\",\"name\":\"Rendez-Vous Avec Farinaz - Inclusivemap\",\"isPartOf\":{\"@id\":\"https:\/\/inclusivemap.ca\/fr\/#website\"},\"primaryImageOfPage\":{\"@id\":\"https:\/\/inclusivemap.ca\/fr\/rendez-vous-avec-farinaz\/#primaryimage\"},\"image\":{\"@id\":\"https:\/\/inclusivemap.ca\/fr\/rendez-vous-avec-farinaz\/#primaryimage\"},\"thumbnailUrl\":\"https:\/\/inclusivemap.ca\/wp-content\/uploads\/2022\/07\/Farinaz.jpeg\",\"datePublished\":\"2023-07-19T17:09:46+00:00\",\"dateModified\":\"2024-11-27T23:29:30+00:00\",\"breadcrumb\":{\"@id\":\"https:\/\/inclusivemap.ca\/fr\/rendez-vous-avec-farinaz\/#breadcrumb\"},\"inLanguage\":\"fr-FR\",\"potentialAction\":[{\"@type\":\"ReadAction\",\"target\":[\"https:\/\/inclusivemap.ca\/fr\/rendez-vous-avec-farinaz\/\"]}]},{\"@type\":\"ImageObject\",\"inLanguage\":\"fr-FR\",\"@id\":\"https:\/\/inclusivemap.ca\/fr\/rendez-vous-avec-farinaz\/#primaryimage\",\"url\":\"https:\/\/inclusivemap.ca\/wp-content\/uploads\/2022\/07\/Farinaz.jpeg\",\"contentUrl\":\"https:\/\/inclusivemap.ca\/wp-content\/uploads\/2022\/07\/Farinaz.jpeg\"},{\"@type\":\"BreadcrumbList\",\"@id\":\"https:\/\/inclusivemap.ca\/fr\/rendez-vous-avec-farinaz\/#breadcrumb\",\"itemListElement\":[{\"@type\":\"ListItem\",\"position\":1,\"name\":\"Home\",\"item\":\"https:\/\/inclusivemap.ca\/fr\/\"},{\"@type\":\"ListItem\",\"position\":2,\"name\":\"Rendez-Vous Avec Farinaz\"}]},{\"@type\":\"WebSite\",\"@id\":\"https:\/\/inclusivemap.ca\/fr\/#website\",\"url\":\"https:\/\/inclusivemap.ca\/fr\/\",\"name\":\"Inclusivemap\",\"description\":\"MAP \u2013 Mobility | Access | Participation\",\"publisher\":{\"@id\":\"https:\/\/inclusivemap.ca\/fr\/#organization\"},\"potentialAction\":[{\"@type\":\"SearchAction\",\"target\":{\"@type\":\"EntryPoint\",\"urlTemplate\":\"https:\/\/inclusivemap.ca\/fr\/?s={search_term_string}\"},\"query-input\":{\"@type\":\"PropertyValueSpecification\",\"valueRequired\":true,\"valueName\":\"search_term_string\"}}],\"inLanguage\":\"fr-FR\"},{\"@type\":\"Organization\",\"@id\":\"https:\/\/inclusivemap.ca\/fr\/#organization\",\"name\":\"Inclusivemap\",\"url\":\"https:\/\/inclusivemap.ca\/fr\/\",\"logo\":{\"@type\":\"ImageObject\",\"inLanguage\":\"fr-FR\",\"@id\":\"https:\/\/inclusivemap.ca\/fr\/#\/schema\/logo\/image\/\",\"url\":\"https:\/\/inclusivemap.ca\/wp-content\/uploads\/2022\/07\/map_bigprint_lighterblue.png\",\"contentUrl\":\"https:\/\/inclusivemap.ca\/wp-content\/uploads\/2022\/07\/map_bigprint_lighterblue.png\",\"width\":8348,\"height\":4563,\"caption\":\"Inclusivemap\"},\"image\":{\"@id\":\"https:\/\/inclusivemap.ca\/fr\/#\/schema\/logo\/image\/\"}}]}<\/script>\n<!-- \/ Yoast SEO plugin. -->","yoast_head_json":{"title":"Rendez-Vous Avec Farinaz - Inclusivemap","robots":{"index":"index","follow":"follow","max-snippet":"max-snippet:-1","max-image-preview":"max-image-preview:large","max-video-preview":"max-video-preview:-1"},"canonical":"https:\/\/inclusivemap.ca\/fr\/rendez-vous-avec-farinaz\/","og_locale":"fr_FR","og_type":"article","og_title":"Rendez-Vous Avec Farinaz - Inclusivemap","og_description":"Nom : Farinaz Rikhtehgaran R\u00f4le dans l\u2019\u00e9quipe MAP\u00a0:\u00a0Je suis une assistante de recherche dipl\u00f4m\u00e9 travaillant sous la supervision du Dr Atiya Mahmood sur le projet SWAN (Stakeholders\u2019 walkability\/wheelability audit in quarters). 1) D&rsquo;o\u00f9 venez-vous et o\u00f9\/qu&rsquo;\u00e9tudiez-vous&nbsp;? Je viens d&rsquo;Iran et j&rsquo;ai r\u00e9cemment d\u00e9m\u00e9nag\u00e9 au Canada en ao\u00fbt 2021 pour poursuivre ma deuxi\u00e8me ma\u00eetrise en g\u00e9rontologiePoursuivre la lecture de \"Rendez-Vous Avec Farinaz\"","og_url":"https:\/\/inclusivemap.ca\/fr\/rendez-vous-avec-farinaz\/","og_site_name":"Inclusivemap","article_modified_time":"2024-11-27T23:29:30+00:00","og_image":[{"width":300,"height":300,"url":"https:\/\/inclusivemap.ca\/wp-content\/uploads\/2022\/07\/Farinaz.jpeg","type":"image\/jpeg"}],"twitter_card":"summary_large_image","twitter_misc":{"Dur\u00e9e de lecture estim\u00e9e":"4 minutes"},"schema":{"@context":"https:\/\/schema.org","@graph":[{"@type":"WebPage","@id":"https:\/\/inclusivemap.ca\/fr\/rendez-vous-avec-farinaz\/","url":"https:\/\/inclusivemap.ca\/fr\/rendez-vous-avec-farinaz\/","name":"Rendez-Vous Avec Farinaz - Inclusivemap","isPartOf":{"@id":"https:\/\/inclusivemap.ca\/fr\/#website"},"primaryImageOfPage":{"@id":"https:\/\/inclusivemap.ca\/fr\/rendez-vous-avec-farinaz\/#primaryimage"},"image":{"@id":"https:\/\/inclusivemap.ca\/fr\/rendez-vous-avec-farinaz\/#primaryimage"},"thumbnailUrl":"https:\/\/inclusivemap.ca\/wp-content\/uploads\/2022\/07\/Farinaz.jpeg","datePublished":"2023-07-19T17:09:46+00:00","dateModified":"2024-11-27T23:29:30+00:00","breadcrumb":{"@id":"https:\/\/inclusivemap.ca\/fr\/rendez-vous-avec-farinaz\/#breadcrumb"},"inLanguage":"fr-FR","potentialAction":[{"@type":"ReadAction","target":["https:\/\/inclusivemap.ca\/fr\/rendez-vous-avec-farinaz\/"]}]},{"@type":"ImageObject","inLanguage":"fr-FR","@id":"https:\/\/inclusivemap.ca\/fr\/rendez-vous-avec-farinaz\/#primaryimage","url":"https:\/\/inclusivemap.ca\/wp-content\/uploads\/2022\/07\/Farinaz.jpeg","contentUrl":"https:\/\/inclusivemap.ca\/wp-content\/uploads\/2022\/07\/Farinaz.jpeg"},{"@type":"BreadcrumbList","@id":"https:\/\/inclusivemap.ca\/fr\/rendez-vous-avec-farinaz\/#breadcrumb","itemListElement":[{"@type":"ListItem","position":1,"name":"Home","item":"https:\/\/inclusivemap.ca\/fr\/"},{"@type":"ListItem","position":2,"name":"Rendez-Vous Avec Farinaz"}]},{"@type":"WebSite","@id":"https:\/\/inclusivemap.ca\/fr\/#website","url":"https:\/\/inclusivemap.ca\/fr\/","name":"Inclusivemap","description":"MAP \u2013 Mobility | Access | Participation","publisher":{"@id":"https:\/\/inclusivemap.ca\/fr\/#organization"},"potentialAction":[{"@type":"SearchAction","target":{"@type":"EntryPoint","urlTemplate":"https:\/\/inclusivemap.ca\/fr\/?s={search_term_string}"},"query-input":{"@type":"PropertyValueSpecification","valueRequired":true,"valueName":"search_term_string"}}],"inLanguage":"fr-FR"},{"@type":"Organization","@id":"https:\/\/inclusivemap.ca\/fr\/#organization","name":"Inclusivemap","url":"https:\/\/inclusivemap.ca\/fr\/","logo":{"@type":"ImageObject","inLanguage":"fr-FR","@id":"https:\/\/inclusivemap.ca\/fr\/#\/schema\/logo\/image\/","url":"https:\/\/inclusivemap.ca\/wp-content\/uploads\/2022\/07\/map_bigprint_lighterblue.png","contentUrl":"https:\/\/inclusivemap.ca\/wp-content\/uploads\/2022\/07\/map_bigprint_lighterblue.png","width":8348,"height":4563,"caption":"Inclusivemap"},"image":{"@id":"https:\/\/inclusivemap.ca\/fr\/#\/schema\/logo\/image\/"}}]}},"_links":{"self":[{"href":"https:\/\/inclusivemap.ca\/fr\/wp-json\/wp\/v2\/pages\/1887","targetHints":{"allow":["GET"]}}],"collection":[{"href":"https:\/\/inclusivemap.ca\/fr\/wp-json\/wp\/v2\/pages"}],"about":[{"href":"https:\/\/inclusivemap.ca\/fr\/wp-json\/wp\/v2\/types\/page"}],"author":[{"embeddable":true,"href":"https:\/\/inclusivemap.ca\/fr\/wp-json\/wp\/v2\/users\/6"}],"replies":[{"embeddable":true,"href":"https:\/\/inclusivemap.ca\/fr\/wp-json\/wp\/v2\/comments?post=1887"}],"version-history":[{"count":7,"href":"https:\/\/inclusivemap.ca\/fr\/wp-json\/wp\/v2\/pages\/1887\/revisions"}],"predecessor-version":[{"id":4810,"href":"https:\/\/inclusivemap.ca\/fr\/wp-json\/wp\/v2\/pages\/1887\/revisions\/4810"}],"wp:attachment":[{"href":"https:\/\/inclusivemap.ca\/fr\/wp-json\/wp\/v2\/media?parent=1887"}],"wp:term":[{"taxonomy":"publication_categories","embeddable":true,"href":"https:\/\/inclusivemap.ca\/fr\/wp-json\/wp\/v2\/publication_categories?post=1887"}],"curies":[{"name":"wp","href":"https:\/\/api.w.org\/{rel}","templated":true}]}}