{"id":1898,"date":"2023-07-19T17:22:01","date_gmt":"2023-07-19T17:22:01","guid":{"rendered":"https:\/\/inclusivemap.ca\/?page_id=1898"},"modified":"2024-11-30T21:02:20","modified_gmt":"2024-11-30T21:02:20","slug":"mise-a-jour-du-partenaire-ex-aequo","status":"publish","type":"page","link":"https:\/\/inclusivemap.ca\/fr\/mise-a-jour-du-partenaire-ex-aequo\/","title":{"rendered":"Mise \u00e0 jour du partenaire: Ex aequo"},"content":{"rendered":"\n<div class=\"wp-block-columns is-layout-flex wp-container-core-columns-is-layout-9d6595d7 wp-block-columns-is-layout-flex\">\n<div class=\"wp-block-column is-layout-flow wp-block-column-is-layout-flow\" style=\"flex-basis:33.33%\">\n<figure class=\"wp-block-image size-full\"><img loading=\"lazy\" decoding=\"async\" width=\"400\" height=\"400\" src=\"https:\/\/inclusivemap.ca\/wp-content\/uploads\/2022\/12\/Ex-Aequo-logo.jpg\" alt=\"Logo Ex aequo\" class=\"wp-image-1685\" srcset=\"https:\/\/inclusivemap.ca\/wp-content\/uploads\/2022\/12\/Ex-Aequo-logo.jpg 400w, https:\/\/inclusivemap.ca\/wp-content\/uploads\/2022\/12\/Ex-Aequo-logo-150x150.jpg 150w, https:\/\/inclusivemap.ca\/wp-content\/uploads\/2022\/12\/Ex-Aequo-logo-300x300.jpg 300w, https:\/\/inclusivemap.ca\/wp-content\/uploads\/2022\/12\/Ex-Aequo-logo-80x80.jpg 80w\" sizes=\"auto, (max-width: 400px) 100vw, 400px\" \/><\/figure>\n<\/div>\n\n\n\n<div class=\"wp-block-column is-layout-flow wp-block-column-is-layout-flow\" style=\"flex-basis:66.66%\">\n<p>Fond\u00e9e en 1980, Ex aequo est une organisation qui promeut et d\u00e9fend les personnes \u00e0 mobilit\u00e9 r\u00e9duite. Elle promeut l&rsquo;accessibilit\u00e9 universelle comme cl\u00e9 de l&rsquo;inclusion sociale et \u0153uvre pour le transport, la parentalit\u00e9 en situation de handicap, la sant\u00e9 et l&rsquo;aide sociale, le logement, la participation citoyenne et la vie municipale.<\/p>\n<\/div>\n<\/div>\n\n\n\n<p>Au cours des derniers mois, dans le cadre du projet MAP (Mobilit\u00e9, Acc\u00e8s, Participation), nous avons initi\u00e9 le projet Identification des facilitateurs et des obstacles \u00e0 l&rsquo;utilisation du transport en commun adapt\u00e9 chez les parents \u00e0 mobilit\u00e9 r\u00e9duite. Nous avons r\u00e9uni des chercheurs (Krista Best, Paula Rushton, Claude Vincent) et d&rsquo;autres organismes \u0153uvrant avec des personnes avec des incapacit\u00e9s afin de d\u00e9velopper une compr\u00e9hension globale des besoins quotidiens et des \u00e9l\u00e9ments facilitateurs pour les parents avec des incapacit\u00e9s qui utilisent le transport en commun adapt\u00e9 et qui voyagent avec de jeunes enfants.<\/p>\n\n\n\n<p>Nous sommes confiants que cette recherche, dans le cadre de cette collaboration, va nous aider \u00e0 d\u00e9velopper la connaissance et la compr\u00e9hension d&rsquo;une r\u00e9alit\u00e9 que nous entendons au quotidien et, dans la mesure du possible, \u00e0 aider les parents avec des incapacit\u00e9s \u00e0 se faire entendre. De plus, la recherche va identifier des possibilit\u00e9s et des solutions concernant la mobilit\u00e9 des parents avec des incapacit\u00e9s.<\/p>\n\n\n\n<div class=\"wp-block-buttons is-content-justification-center is-layout-flex wp-container-core-buttons-is-layout-16018d1d wp-block-buttons-is-layout-flex\">\n<div class=\"wp-block-button has-custom-width wp-block-button__width-100 has-custom-font-size has-small-font-size\"><a class=\"wp-block-button__link has-background-color has-tertiary-background-color has-text-color has-background wp-element-button\" href=\"https:\/\/inclusivemap.ca\/fr\/?post_type=newsletter&amp;p=2014\" style=\"padding-top:var(--wp--preset--spacing--50);padding-right:var(--wp--preset--spacing--50);padding-bottom:var(--wp--preset--spacing--50);padding-left:var(--wp--preset--spacing--50)\">Retour \u00e0 l\u2019infolettre<\/a><\/div>\n<\/div>\n","protected":false},"excerpt":{"rendered":"<p>Fond\u00e9e en 1980, Ex aequo est une organisation qui promeut et d\u00e9fend les personnes \u00e0 mobilit\u00e9 r\u00e9duite. Elle promeut l&rsquo;accessibilit\u00e9 universelle comme cl\u00e9 de l&rsquo;inclusion sociale et \u0153uvre pour le transport, la parentalit\u00e9 en situation de handicap, la sant\u00e9 et l&rsquo;aide sociale, le logement, la participation citoyenne et la vie municipale. Au cours des derniers<a class=\"more-link\" href=\"https:\/\/inclusivemap.ca\/fr\/mise-a-jour-du-partenaire-ex-aequo\/\">Poursuivre la lecture de <span class=\"screen-reader-text\">\u00ab\u00a0Mise \u00e0 jour du partenaire: Ex aequo\u00a0\u00bb<\/span><\/a><\/p>\n","protected":false},"author":6,"featured_media":0,"parent":0,"menu_order":0,"comment_status":"closed","ping_status":"closed","template":"","meta":{"_acf_changed":false,"inline_featured_image":false,"footnotes":""},"publication_categories":[],"class_list":["post-1898","page","type-page","status-publish","hentry","entry"],"acf":[],"yoast_head":"<!-- This site is optimized with the Yoast SEO plugin v26.9 - https:\/\/yoast.com\/product\/yoast-seo-wordpress\/ -->\n<title>Mise \u00e0 jour du partenaire: Ex aequo - Inclusivemap<\/title>\n<meta name=\"robots\" content=\"index, follow, max-snippet:-1, max-image-preview:large, max-video-preview:-1\" \/>\n<link rel=\"canonical\" href=\"https:\/\/inclusivemap.ca\/fr\/mise-a-jour-du-partenaire-ex-aequo\/\" \/>\n<meta property=\"og:locale\" content=\"fr_FR\" \/>\n<meta property=\"og:type\" content=\"article\" \/>\n<meta property=\"og:title\" content=\"Mise \u00e0 jour du partenaire: Ex aequo - Inclusivemap\" \/>\n<meta property=\"og:description\" content=\"Fond\u00e9e en 1980, Ex aequo est une organisation qui promeut et d\u00e9fend les personnes \u00e0 mobilit\u00e9 r\u00e9duite. Elle promeut l&rsquo;accessibilit\u00e9 universelle comme cl\u00e9 de l&rsquo;inclusion sociale et \u0153uvre pour le transport, la parentalit\u00e9 en situation de handicap, la sant\u00e9 et l&rsquo;aide sociale, le logement, la participation citoyenne et la vie municipale. Au cours des derniersPoursuivre la lecture de &quot;Mise \u00e0 jour du partenaire: Ex aequo&quot;\" \/>\n<meta property=\"og:url\" content=\"https:\/\/inclusivemap.ca\/fr\/mise-a-jour-du-partenaire-ex-aequo\/\" \/>\n<meta property=\"og:site_name\" content=\"Inclusivemap\" \/>\n<meta property=\"article:modified_time\" content=\"2024-11-30T21:02:20+00:00\" \/>\n<meta property=\"og:image\" content=\"https:\/\/inclusivemap.ca\/wp-content\/uploads\/2022\/12\/Ex-Aequo-logo.jpg\" \/>\n\t<meta property=\"og:image:width\" content=\"400\" \/>\n\t<meta property=\"og:image:height\" content=\"400\" \/>\n\t<meta property=\"og:image:type\" content=\"image\/jpeg\" \/>\n<meta name=\"twitter:card\" content=\"summary_large_image\" \/>\n<meta name=\"twitter:label1\" content=\"Dur\u00e9e de lecture estim\u00e9e\" \/>\n\t<meta name=\"twitter:data1\" content=\"2 minutes\" \/>\n<script type=\"application\/ld+json\" class=\"yoast-schema-graph\">{\"@context\":\"https:\/\/schema.org\",\"@graph\":[{\"@type\":\"WebPage\",\"@id\":\"https:\/\/inclusivemap.ca\/fr\/mise-a-jour-du-partenaire-ex-aequo\/\",\"url\":\"https:\/\/inclusivemap.ca\/fr\/mise-a-jour-du-partenaire-ex-aequo\/\",\"name\":\"Mise \u00e0 jour du partenaire: Ex aequo - Inclusivemap\",\"isPartOf\":{\"@id\":\"https:\/\/inclusivemap.ca\/fr\/#website\"},\"primaryImageOfPage\":{\"@id\":\"https:\/\/inclusivemap.ca\/fr\/mise-a-jour-du-partenaire-ex-aequo\/#primaryimage\"},\"image\":{\"@id\":\"https:\/\/inclusivemap.ca\/fr\/mise-a-jour-du-partenaire-ex-aequo\/#primaryimage\"},\"thumbnailUrl\":\"https:\/\/inclusivemap.ca\/wp-content\/uploads\/2022\/12\/Ex-Aequo-logo.jpg\",\"datePublished\":\"2023-07-19T17:22:01+00:00\",\"dateModified\":\"2024-11-30T21:02:20+00:00\",\"breadcrumb\":{\"@id\":\"https:\/\/inclusivemap.ca\/fr\/mise-a-jour-du-partenaire-ex-aequo\/#breadcrumb\"},\"inLanguage\":\"fr-FR\",\"potentialAction\":[{\"@type\":\"ReadAction\",\"target\":[\"https:\/\/inclusivemap.ca\/fr\/mise-a-jour-du-partenaire-ex-aequo\/\"]}]},{\"@type\":\"ImageObject\",\"inLanguage\":\"fr-FR\",\"@id\":\"https:\/\/inclusivemap.ca\/fr\/mise-a-jour-du-partenaire-ex-aequo\/#primaryimage\",\"url\":\"https:\/\/inclusivemap.ca\/wp-content\/uploads\/2022\/12\/Ex-Aequo-logo.jpg\",\"contentUrl\":\"https:\/\/inclusivemap.ca\/wp-content\/uploads\/2022\/12\/Ex-Aequo-logo.jpg\"},{\"@type\":\"BreadcrumbList\",\"@id\":\"https:\/\/inclusivemap.ca\/fr\/mise-a-jour-du-partenaire-ex-aequo\/#breadcrumb\",\"itemListElement\":[{\"@type\":\"ListItem\",\"position\":1,\"name\":\"Home\",\"item\":\"https:\/\/inclusivemap.ca\/fr\/\"},{\"@type\":\"ListItem\",\"position\":2,\"name\":\"Mise \u00e0 jour du partenaire: Ex aequo\"}]},{\"@type\":\"WebSite\",\"@id\":\"https:\/\/inclusivemap.ca\/fr\/#website\",\"url\":\"https:\/\/inclusivemap.ca\/fr\/\",\"name\":\"Inclusivemap\",\"description\":\"MAP \u2013 Mobility | Access | Participation\",\"publisher\":{\"@id\":\"https:\/\/inclusivemap.ca\/fr\/#organization\"},\"potentialAction\":[{\"@type\":\"SearchAction\",\"target\":{\"@type\":\"EntryPoint\",\"urlTemplate\":\"https:\/\/inclusivemap.ca\/fr\/?s={search_term_string}\"},\"query-input\":{\"@type\":\"PropertyValueSpecification\",\"valueRequired\":true,\"valueName\":\"search_term_string\"}}],\"inLanguage\":\"fr-FR\"},{\"@type\":\"Organization\",\"@id\":\"https:\/\/inclusivemap.ca\/fr\/#organization\",\"name\":\"Inclusivemap\",\"url\":\"https:\/\/inclusivemap.ca\/fr\/\",\"logo\":{\"@type\":\"ImageObject\",\"inLanguage\":\"fr-FR\",\"@id\":\"https:\/\/inclusivemap.ca\/fr\/#\/schema\/logo\/image\/\",\"url\":\"https:\/\/inclusivemap.ca\/wp-content\/uploads\/2022\/07\/map_bigprint_lighterblue.png\",\"contentUrl\":\"https:\/\/inclusivemap.ca\/wp-content\/uploads\/2022\/07\/map_bigprint_lighterblue.png\",\"width\":8348,\"height\":4563,\"caption\":\"Inclusivemap\"},\"image\":{\"@id\":\"https:\/\/inclusivemap.ca\/fr\/#\/schema\/logo\/image\/\"}}]}<\/script>\n<!-- \/ Yoast SEO plugin. -->","yoast_head_json":{"title":"Mise \u00e0 jour du partenaire: Ex aequo - Inclusivemap","robots":{"index":"index","follow":"follow","max-snippet":"max-snippet:-1","max-image-preview":"max-image-preview:large","max-video-preview":"max-video-preview:-1"},"canonical":"https:\/\/inclusivemap.ca\/fr\/mise-a-jour-du-partenaire-ex-aequo\/","og_locale":"fr_FR","og_type":"article","og_title":"Mise \u00e0 jour du partenaire: Ex aequo - Inclusivemap","og_description":"Fond\u00e9e en 1980, Ex aequo est une organisation qui promeut et d\u00e9fend les personnes \u00e0 mobilit\u00e9 r\u00e9duite. Elle promeut l&rsquo;accessibilit\u00e9 universelle comme cl\u00e9 de l&rsquo;inclusion sociale et \u0153uvre pour le transport, la parentalit\u00e9 en situation de handicap, la sant\u00e9 et l&rsquo;aide sociale, le logement, la participation citoyenne et la vie municipale. Au cours des derniersPoursuivre la lecture de \"Mise \u00e0 jour du partenaire: Ex aequo\"","og_url":"https:\/\/inclusivemap.ca\/fr\/mise-a-jour-du-partenaire-ex-aequo\/","og_site_name":"Inclusivemap","article_modified_time":"2024-11-30T21:02:20+00:00","og_image":[{"width":400,"height":400,"url":"https:\/\/inclusivemap.ca\/wp-content\/uploads\/2022\/12\/Ex-Aequo-logo.jpg","type":"image\/jpeg"}],"twitter_card":"summary_large_image","twitter_misc":{"Dur\u00e9e de lecture estim\u00e9e":"2 minutes"},"schema":{"@context":"https:\/\/schema.org","@graph":[{"@type":"WebPage","@id":"https:\/\/inclusivemap.ca\/fr\/mise-a-jour-du-partenaire-ex-aequo\/","url":"https:\/\/inclusivemap.ca\/fr\/mise-a-jour-du-partenaire-ex-aequo\/","name":"Mise \u00e0 jour du partenaire: Ex aequo - Inclusivemap","isPartOf":{"@id":"https:\/\/inclusivemap.ca\/fr\/#website"},"primaryImageOfPage":{"@id":"https:\/\/inclusivemap.ca\/fr\/mise-a-jour-du-partenaire-ex-aequo\/#primaryimage"},"image":{"@id":"https:\/\/inclusivemap.ca\/fr\/mise-a-jour-du-partenaire-ex-aequo\/#primaryimage"},"thumbnailUrl":"https:\/\/inclusivemap.ca\/wp-content\/uploads\/2022\/12\/Ex-Aequo-logo.jpg","datePublished":"2023-07-19T17:22:01+00:00","dateModified":"2024-11-30T21:02:20+00:00","breadcrumb":{"@id":"https:\/\/inclusivemap.ca\/fr\/mise-a-jour-du-partenaire-ex-aequo\/#breadcrumb"},"inLanguage":"fr-FR","potentialAction":[{"@type":"ReadAction","target":["https:\/\/inclusivemap.ca\/fr\/mise-a-jour-du-partenaire-ex-aequo\/"]}]},{"@type":"ImageObject","inLanguage":"fr-FR","@id":"https:\/\/inclusivemap.ca\/fr\/mise-a-jour-du-partenaire-ex-aequo\/#primaryimage","url":"https:\/\/inclusivemap.ca\/wp-content\/uploads\/2022\/12\/Ex-Aequo-logo.jpg","contentUrl":"https:\/\/inclusivemap.ca\/wp-content\/uploads\/2022\/12\/Ex-Aequo-logo.jpg"},{"@type":"BreadcrumbList","@id":"https:\/\/inclusivemap.ca\/fr\/mise-a-jour-du-partenaire-ex-aequo\/#breadcrumb","itemListElement":[{"@type":"ListItem","position":1,"name":"Home","item":"https:\/\/inclusivemap.ca\/fr\/"},{"@type":"ListItem","position":2,"name":"Mise \u00e0 jour du partenaire: Ex aequo"}]},{"@type":"WebSite","@id":"https:\/\/inclusivemap.ca\/fr\/#website","url":"https:\/\/inclusivemap.ca\/fr\/","name":"Inclusivemap","description":"MAP \u2013 Mobility | Access | Participation","publisher":{"@id":"https:\/\/inclusivemap.ca\/fr\/#organization"},"potentialAction":[{"@type":"SearchAction","target":{"@type":"EntryPoint","urlTemplate":"https:\/\/inclusivemap.ca\/fr\/?s={search_term_string}"},"query-input":{"@type":"PropertyValueSpecification","valueRequired":true,"valueName":"search_term_string"}}],"inLanguage":"fr-FR"},{"@type":"Organization","@id":"https:\/\/inclusivemap.ca\/fr\/#organization","name":"Inclusivemap","url":"https:\/\/inclusivemap.ca\/fr\/","logo":{"@type":"ImageObject","inLanguage":"fr-FR","@id":"https:\/\/inclusivemap.ca\/fr\/#\/schema\/logo\/image\/","url":"https:\/\/inclusivemap.ca\/wp-content\/uploads\/2022\/07\/map_bigprint_lighterblue.png","contentUrl":"https:\/\/inclusivemap.ca\/wp-content\/uploads\/2022\/07\/map_bigprint_lighterblue.png","width":8348,"height":4563,"caption":"Inclusivemap"},"image":{"@id":"https:\/\/inclusivemap.ca\/fr\/#\/schema\/logo\/image\/"}}]}},"_links":{"self":[{"href":"https:\/\/inclusivemap.ca\/fr\/wp-json\/wp\/v2\/pages\/1898","targetHints":{"allow":["GET"]}}],"collection":[{"href":"https:\/\/inclusivemap.ca\/fr\/wp-json\/wp\/v2\/pages"}],"about":[{"href":"https:\/\/inclusivemap.ca\/fr\/wp-json\/wp\/v2\/types\/page"}],"author":[{"embeddable":true,"href":"https:\/\/inclusivemap.ca\/fr\/wp-json\/wp\/v2\/users\/6"}],"replies":[{"embeddable":true,"href":"https:\/\/inclusivemap.ca\/fr\/wp-json\/wp\/v2\/comments?post=1898"}],"version-history":[{"count":7,"href":"https:\/\/inclusivemap.ca\/fr\/wp-json\/wp\/v2\/pages\/1898\/revisions"}],"predecessor-version":[{"id":4838,"href":"https:\/\/inclusivemap.ca\/fr\/wp-json\/wp\/v2\/pages\/1898\/revisions\/4838"}],"wp:attachment":[{"href":"https:\/\/inclusivemap.ca\/fr\/wp-json\/wp\/v2\/media?parent=1898"}],"wp:term":[{"taxonomy":"publication_categories","embeddable":true,"href":"https:\/\/inclusivemap.ca\/fr\/wp-json\/wp\/v2\/publication_categories?post=1898"}],"curies":[{"name":"wp","href":"https:\/\/api.w.org\/{rel}","templated":true}]}}