{"id":1973,"date":"2023-08-02T20:23:22","date_gmt":"2023-08-02T20:23:22","guid":{"rendered":"https:\/\/inclusivemap.ca\/rendez-vous-avec-margaux\/"},"modified":"2023-08-08T17:04:20","modified_gmt":"2023-08-08T17:04:20","slug":"rendez-vous-avec-margaux","status":"publish","type":"page","link":"https:\/\/inclusivemap.ca\/fr\/rendez-vous-avec-margaux\/","title":{"rendered":"Rendez-Vous Avec Margaux"},"content":{"rendered":"\n<div class=\"wp-block-columns is-layout-flex wp-container-core-columns-is-layout-9d6595d7 wp-block-columns-is-layout-flex\">\n<div class=\"wp-block-column is-layout-flow wp-block-column-is-layout-flow\" style=\"flex-basis:33.33%\">\n<figure class=\"wp-block-image size-full\"><img loading=\"lazy\" decoding=\"async\" width=\"373\" height=\"373\" src=\"https:\/\/inclusivemap.ca\/wp-content\/uploads\/2022\/07\/MHebinck.jpeg\" alt=\"\" class=\"wp-image-603\" srcset=\"https:\/\/inclusivemap.ca\/wp-content\/uploads\/2022\/07\/MHebinck.jpeg 373w, https:\/\/inclusivemap.ca\/wp-content\/uploads\/2022\/07\/MHebinck-80x80.jpeg 80w, https:\/\/inclusivemap.ca\/wp-content\/uploads\/2022\/07\/MHebinck-150x150.jpeg 150w, https:\/\/inclusivemap.ca\/wp-content\/uploads\/2022\/07\/MHebinck-300x300.jpeg 300w\" sizes=\"auto, (max-width: 373px) 100vw, 373px\" \/><figcaption class=\"wp-element-caption\">Margaux Hebinck<\/figcaption><\/figure><\/div>\n\n\n\n<div class=\"wp-block-column is-layout-flow wp-block-column-is-layout-flow\" style=\"flex-basis:66.66%\">\n<p><strong>Nom:<\/strong> Margaux Hebinck<\/p>\n\n\n\n<p><strong>R\u00f4le dans l\u2019\u00e9quipe MAP : <\/strong>Assistant de recherche dipl\u00f4m\u00e9 \u00e0 Universit\u00e9 Laval<\/p>\n<\/div>\n<\/div>\n\n<p><strong><span class=\"TextRun SCXW204212765 BCX8\" lang=\"FR-CA\" xml:lang=\"FR-CA\" data-contrast=\"auto\"><span class=\"NormalTextRun SCXW204212765 BCX8\">1) D\u2019o\u00f9 <\/span><span class=\"NormalTextRun SpellingErrorV2Themed SCXW204212765 BCX8\">venez-vous<\/span><span class=\"NormalTextRun SCXW204212765 BCX8\"> et o\u00f9 \u00e9tudiez-vous ?\u00a0\u00a0<\/span><\/span><span class=\"EOP SCXW204212765 BCX8\" data-ccp-props=\"{&quot;201341983&quot;:0,&quot;335551550&quot;:6,&quot;335551620&quot;:6,&quot;335559739&quot;:160,&quot;335559740&quot;:257}\">\u00a0<\/span><\/strong><\/p>\n\n<p>Je suis originaire du Nord de la France, d\u2019une petite ville de p\u00eacheur situ\u00e9e au bord de la mer du Nord. Depuis bient\u00f4t deux ans, je vis \u00e0 Qu\u00e9bec o\u00f9 j\u2019\u00e9tudie \u00e0 l\u2019Universit\u00e9 Laval.  <\/p>\n\n<p><strong><span class=\"TextRun SCXW40160446 BCX8\" lang=\"FR-CA\" xml:lang=\"FR-CA\" data-contrast=\"auto\"><span class=\"NormalTextRun SCXW40160446 BCX8\">2) Qu\u2019est-ce qui vous motive \u00e0 rendre le monde plus accessible ?\u00a0\u00a0<\/span><\/span><span class=\"EOP SCXW40160446 BCX8\" data-ccp-props=\"{&quot;201341983&quot;:0,&quot;335551550&quot;:6,&quot;335551620&quot;:6,&quot;335559739&quot;:160,&quot;335559740&quot;:257}\">\u00a0<\/span><\/strong><\/p>\n\n<p>J\u2019ai grandi avec un petit fr\u00e8re pr\u00e9sentant une dyspraxie visuo-spatiale. J\u2019ai donc \u00e9t\u00e9 sensibilis\u00e9 tr\u00e8s jeune \u00e0 l\u2019inclusion et l\u2019accessibilit\u00e9 des personnes pr\u00e9sentant des incapacit\u00e9s. En d\u2019autres termes, mon orientation professionnelle a \u00e9norm\u00e9ment \u00e9t\u00e9 inspir\u00e9 par mon fr\u00e8re. Toujours en qu\u00eate de l\u2019aider \u00e0 s\u2019\u00e9panouir dans la vie de tous les jours (physiquement, psychologiquement et socialement parlant), je me suis vite rendue compte que je pouvais avoir un impact sur la vie des autres personnes. Alors pourquoi pas utiliser mon v\u00e9cu pour aider les autres ?! <\/p>\n\n<p><strong><span class=\"TextRun SCXW239509516 BCX8\" lang=\"FR-CA\" xml:lang=\"FR-CA\" data-contrast=\"auto\"><span class=\"NormalTextRun SCXW239509516 BCX8\">3) Dans un langage simple, d\u00e9cris ton projet de recherche\/le projet dans lequel tu collabores.\u202f\u202f<\/span><\/span><span class=\"EOP SCXW239509516 BCX8\" data-ccp-props=\"{&quot;201341983&quot;:0,&quot;335551550&quot;:6,&quot;335551620&quot;:6,&quot;335559739&quot;:160,&quot;335559740&quot;:257}\">\u00a0<\/span><\/strong><\/p>\n\n<p>Avec une expertise en activit\u00e9 physique adapt\u00e9e et un int\u00e9r\u00eat important pour la p\u00e9diatrie, c\u2019est tout naturellement que mon projet de doctorat s\u2019est tourn\u00e9 vers la participation en activit\u00e9 physique des enfants avec des incapacit\u00e9s physiques. Je cherche \u00e0 comprendre les m\u00e9canismes qui permettent leur participation, avec notamment ce qu\u2019on appelle la litt\u00e9ratie physique. Il s\u2019agit d\u2019un concept qui regroupe les \u00e9l\u00e9ments affectifs (confiance et motivation), physiques (habilet\u00e9s motrices fondamentales), cognitifs (connaissances et compr\u00e9hension) et comportementaux qui permettent d\u2019adopter un mode de vie sain et actif toute notre vie.  <\/p>\n\n<p>Pour mon projet, je me concentre dans un premier temps sur les acteurs permettant le d\u00e9veloppement de la litt\u00e9ratie physique chez les enfants avec des incapacit\u00e9s physiques (en l\u2019occurrence les cliniciens et les coachs sportifs) et dans un second temps, je me questionne sur la faisabilit\u00e9 des habilet\u00e9s motrices fondamentales chez ces enfants (sont-ils capables de r\u00e9aliser les t\u00e2ches d\u2019habilet\u00e9s motrices fondamentales ?).  <\/p>\n\n<p><strong><span class=\"TextRun SCXW198854084 BCX8\" lang=\"FR-CA\" xml:lang=\"FR-CA\" data-contrast=\"auto\"><span class=\"NormalTextRun SCXW198854084 BCX8\">4) Quel est votre talent cach\u00e9 et votre plus grande qualit\u00e9 ?\u00a0\u00a0<\/span><\/span><span class=\"EOP SCXW198854084 BCX8\" data-ccp-props=\"{&quot;201341983&quot;:0,&quot;335551550&quot;:6,&quot;335551620&quot;:6,&quot;335559739&quot;:160,&quot;335559740&quot;:257}\">\u00a0<\/span><\/strong><\/p>\n\n<p>Je ne pense pas avoir de r\u00e9el talent cach\u00e9. Concernant ma plus grande qualit\u00e9, j\u2019ai toujours eu du mal \u00e0 parler de moi et \u00e0 cibler ce que pourraient \u00eatre mes qualit\u00e9s. Cependant, la premi\u00e8re chose qui me vient en t\u00eate, c\u2019est l\u2019empathie. Que \u00e7a soit dans ma vie personnelle ou professionnelle, je suis une personne tr\u00e8s empathique. Ce qui est, \u00e0 mon sens, un avantage dans le milieu de la r\u00e9adaptation et aupr\u00e8s d\u2019une population pr\u00e9sentant des incapacit\u00e9s. Si je demande maintenant \u00e0 mes proches, on dit g\u00e9n\u00e9ralement de moi que je suis quelqu\u2019un de patiente et de g\u00e9n\u00e9reuse. Il est vrai que je suis facilement \u00e0 l\u2019\u00e9coute des autres et surtout, je ressens constamment le besoin d\u2019aider les autres, de prendre du temps pour eux.  <\/p>\n\n<p><strong><span class=\"TextRun SCXW203175429 BCX8\" lang=\"FR-CA\" xml:lang=\"FR-CA\" data-contrast=\"auto\"><span class=\"NormalTextRun SCXW203175429 BCX8\">5) Quelle est la meilleure fa\u00e7on de vous faire sourire ?\u00a0<\/span><\/span><span class=\"EOP SCXW203175429 BCX8\" data-ccp-props=\"{&quot;201341983&quot;:0,&quot;335551550&quot;:6,&quot;335551620&quot;:6,&quot;335559739&quot;:160,&quot;335559740&quot;:257}\">\u00a0<\/span><\/strong><\/p>\n\n<p>Je pense avoir le sourire facile et \u00eatre une personne qui se r\u00e9jouit avec des choses simples. S\u2019il fallait citer LA meilleure fa\u00e7on de me faire sourire, je dirais les moments avec les personnes que j\u2019aime (mon conjoint, ma famille, mes amis). Que \u00e7a soit autour d\u2019un caf\u00e9 ou d\u2019un bon repas (n\u2019oublions pas que je suis fran\u00e7aise), les moments avec mes proches sont vraiment les plus belles choses qui peuvent arriver dans ma vie.  <\/p>\n\n<p><strong><span class=\"TextRun SCXW93914590 BCX8\" lang=\"FR-CA\" xml:lang=\"FR-CA\" data-contrast=\"auto\"><span class=\"NormalTextRun SCXW93914590 BCX8\">6) Qu\u2019est-ce que vous aimez faire pendant votre temps libre ?\u00a0<\/span><\/span><span class=\"EOP SCXW93914590 BCX8\" data-ccp-props=\"{&quot;201341983&quot;:0,&quot;335551550&quot;:6,&quot;335551620&quot;:6,&quot;335559739&quot;:160,&quot;335559740&quot;:257}\">\u00a0<\/span><\/strong><\/p>\n\n<p>Pendant mon temps libre, je pratique de l\u2019activit\u00e9 physique (tennis, fitness, randonn\u00e9es et ski), j\u2019aime regarder des s\u00e9ries\/films et surtout, je suis une grande addicte de la lecture de romans. Ma grand-m\u00e8re m\u2019a donn\u00e9 le go\u00fbt de la lecture d\u00e8s que j\u2019ai su lire. Et depuis, je ne peux plus m\u2019en passer. Je trouve que cela permet de nous \u00e9vader, de d\u00e9velopper notre imagination mais \u00e9galement notre sens critique. Une v\u00e9ritable \u00e9chappatoire pour moi ! <\/p>\n\n<p><strong><span class=\"TextRun SCXW79317321 BCX8\" lang=\"FR-CA\" xml:lang=\"FR-CA\" data-contrast=\"auto\"><span class=\"NormalTextRun SCXW79317321 BCX8\">7) Quel endroit dans le monde r\u00eavez-vous de visiter ?<\/span><\/span><span class=\"EOP SCXW79317321 BCX8\" data-ccp-props=\"{&quot;201341983&quot;:0,&quot;335551550&quot;:6,&quot;335551620&quot;:6,&quot;335559739&quot;:160,&quot;335559740&quot;:257}\">\u00a0<\/span><\/strong><\/p>\n\n<p>Depuis de nombreuses ann\u00e9es, je r\u00eave de visiter l\u2019Italie. Ce pays est gorg\u00e9 d\u2019histoire. Que \u00e7a soit en lien avec l\u2019Antiquit\u00e9 ou encore la litt\u00e9rature (Rom\u00e9o et Juliette of course), je trouve ce pays tellement enrichissant et inspirant. De plus, \u00e9tant une grande romantique, j\u2019ai le sentiment que l\u2019Italie est le pays de l\u2019amour. Et bien s\u00fbr, n\u2019oublions pas la nourriture. Entre nous, qui n\u2019aime pas les p\u00e2tes et les pizzas ?? <\/p>\n\n<p><strong><span class=\"TextRun SCXW7701434 BCX8\" lang=\"FR-CA\" xml:lang=\"FR-CA\" data-contrast=\"auto\"><span class=\"NormalTextRun SCXW7701434 BCX8\">8) Quel est le livre ou le film qui vous a le plus inspir\u00e9 ?\u00a0<\/span><\/span><span class=\"EOP SCXW7701434 BCX8\" data-ccp-props=\"{&quot;201341983&quot;:0,&quot;335551550&quot;:6,&quot;335551620&quot;:6,&quot;335559739&quot;:160,&quot;335559740&quot;:257}\">\u00a0<\/span><\/strong><\/p>\n\n<p>Je suis une grande lectrice mais je lis g\u00e9n\u00e9ralement des romans policiers ou fantastiques. Les livres me permettent de m\u2019\u00e9vader et de d\u00e9crocher de mes tracas du quotidien. Il y en a beaucoup que j\u2019ai ador\u00e9 mais je n\u2019arrive pas \u00e0 d\u00e9terminer si l\u2019un d\u2019entre eux m\u2019a inspir\u00e9. Certains m\u2019ont pouss\u00e9 \u00e0 la r\u00e9flexion mais je ne suis pas certaine d\u2019en avoir un qui m\u2019inspire jusqu\u2019\u00e0 avoir un impact sur ma vie personnelle ou professionnelle.  <\/p>\n\n<p><span class=\"TextRun SCXW220762326 BCX8\" lang=\"FR-CA\" xml:lang=\"FR-CA\" data-contrast=\"auto\"><span class=\"NormalTextRun SCXW220762326 BCX8\">En revanche, concernant le film, je ne vais pas \u00eatre tr\u00e8s originale mais je vais dire <\/span><\/span><span class=\"TextRun SCXW220762326 BCX8\" lang=\"FR-CA\" xml:lang=\"FR-CA\" data-contrast=\"auto\"><span class=\"NormalTextRun SCXW220762326 BCX8\">N\u2019oublie jamais<\/span><\/span><span class=\"TextRun SCXW220762326 BCX8\" lang=\"FR-CA\" xml:lang=\"FR-CA\" data-contrast=\"auto\"><span class=\"NormalTextRun SCXW220762326 BCX8\"> (<\/span><\/span><span class=\"TextRun SCXW220762326 BCX8\" lang=\"FR-CA\" xml:lang=\"FR-CA\" data-contrast=\"auto\"><span class=\"NormalTextRun SCXW220762326 BCX8\">The Notebook<\/span><\/span><span class=\"TextRun SCXW220762326 BCX8\" lang=\"FR-CA\" xml:lang=\"FR-CA\" data-contrast=\"auto\"><span class=\"NormalTextRun SCXW220762326 BCX8\"> en version original) qui est une adaptation du livre de Nicholas Sparks, <\/span><\/span><span class=\"TextRun SCXW220762326 BCX8\" lang=\"FR-CA\" xml:lang=\"FR-CA\" data-contrast=\"auto\"><span class=\"NormalTextRun SCXW220762326 BCX8\">Les Pages de notre amour<\/span><\/span><span class=\"TextRun SCXW220762326 BCX8\" lang=\"FR-CA\" xml:lang=\"FR-CA\" data-contrast=\"auto\"><span class=\"NormalTextRun SCXW220762326 BCX8\">. Comme je disais pr\u00e9c\u00e9demment, je suis une grande romantique. Donc forc\u00e9ment, ce film m\u2019a beaucoup inspir\u00e9. Je trouve qu\u2019il illustre parfaitement la force de l\u2019amour qui peut tout surmonter, m\u00eame la maladie. De plus, dans les personnages, j\u2019y retrouve mes grands-parents qui sont, pour moi, un magnifique mod\u00e8le de combativit\u00e9 et de passion amoureuse. Dans ce monde, cette soci\u00e9t\u00e9 o\u00f9 l\u2019amour passe facilement au second plan, je trouve ce film plein d\u2019espoir et tr\u00e8s inspirant.<\/span><\/span><span class=\"EOP SCXW220762326 BCX8\" data-ccp-props=\"{&quot;201341983&quot;:0,&quot;335551550&quot;:6,&quot;335551620&quot;:6,&quot;335559739&quot;:160,&quot;335559740&quot;:257}\">\u00a0<\/span><\/p>\n\n<div class=\"wp-block-buttons is-content-justification-center is-layout-flex wp-container-core-buttons-is-layout-16018d1d wp-block-buttons-is-layout-flex\">\n<div class=\"wp-block-button has-custom-width wp-block-button__width-100 has-custom-font-size has-small-font-size\"><a class=\"wp-block-button__link has-background-color has-tertiary-background-color has-text-color has-background wp-element-button\" href=\"https:\/\/inclusivemap.ca\/fr\/?post_type=newsletter&amp;p=2014\" style=\"padding-top:var(--wp--preset--spacing--50);padding-right:var(--wp--preset--spacing--50);padding-bottom:var(--wp--preset--spacing--50);padding-left:var(--wp--preset--spacing--50)\">Retour \u00e0 l\u2019infolettre<\/a><\/div>\n<\/div>\n","protected":false},"excerpt":{"rendered":"<p>Nom: Margaux Hebinck R\u00f4le dans l\u2019\u00e9quipe MAP : Assistant de recherche dipl\u00f4m\u00e9 \u00e0 Universit\u00e9 Laval 1) D\u2019o\u00f9 venez-vous et o\u00f9 \u00e9tudiez-vous ?\u00a0\u00a0\u00a0 Je suis originaire du Nord de la France, d\u2019une petite ville de p\u00eacheur situ\u00e9e au bord de la mer du Nord. Depuis bient\u00f4t deux ans, je vis \u00e0 Qu\u00e9bec o\u00f9 j\u2019\u00e9tudie \u00e0 l\u2019Universit\u00e9<a class=\"more-link\" href=\"https:\/\/inclusivemap.ca\/fr\/rendez-vous-avec-margaux\/\">Poursuivre la lecture de <span class=\"screen-reader-text\">\u00ab\u00a0Rendez-Vous Avec Margaux\u00a0\u00bb<\/span><\/a><\/p>\n","protected":false},"author":6,"featured_media":0,"parent":0,"menu_order":0,"comment_status":"closed","ping_status":"closed","template":"","meta":{"_acf_changed":false,"inline_featured_image":false,"footnotes":""},"publication_categories":[],"class_list":["post-1973","page","type-page","status-publish","hentry","entry"],"acf":[],"yoast_head":"<!-- This site is optimized with the Yoast SEO plugin v26.9 - https:\/\/yoast.com\/product\/yoast-seo-wordpress\/ -->\n<title>Rendez-Vous Avec Margaux - Inclusivemap<\/title>\n<meta name=\"robots\" content=\"index, follow, max-snippet:-1, max-image-preview:large, max-video-preview:-1\" \/>\n<link rel=\"canonical\" href=\"https:\/\/inclusivemap.ca\/fr\/rendez-vous-avec-margaux\/\" \/>\n<meta property=\"og:locale\" content=\"fr_FR\" \/>\n<meta property=\"og:type\" content=\"article\" \/>\n<meta property=\"og:title\" content=\"Rendez-Vous Avec Margaux - Inclusivemap\" \/>\n<meta property=\"og:description\" content=\"Nom: Margaux Hebinck R\u00f4le dans l\u2019\u00e9quipe MAP : Assistant de recherche dipl\u00f4m\u00e9 \u00e0 Universit\u00e9 Laval 1) D\u2019o\u00f9 venez-vous et o\u00f9 \u00e9tudiez-vous ?\u00a0\u00a0\u00a0 Je suis originaire du Nord de la France, d\u2019une petite ville de p\u00eacheur situ\u00e9e au bord de la mer du Nord. Depuis bient\u00f4t deux ans, je vis \u00e0 Qu\u00e9bec o\u00f9 j\u2019\u00e9tudie \u00e0 l\u2019Universit\u00e9Poursuivre la lecture de &quot;Rendez-Vous Avec Margaux&quot;\" \/>\n<meta property=\"og:url\" content=\"https:\/\/inclusivemap.ca\/fr\/rendez-vous-avec-margaux\/\" \/>\n<meta property=\"og:site_name\" content=\"Inclusivemap\" \/>\n<meta property=\"article:modified_time\" content=\"2023-08-08T17:04:20+00:00\" \/>\n<meta property=\"og:image\" content=\"https:\/\/inclusivemap.ca\/wp-content\/uploads\/2022\/07\/MHebinck.jpeg\" \/>\n<meta name=\"twitter:card\" content=\"summary_large_image\" \/>\n<meta name=\"twitter:label1\" content=\"Dur\u00e9e de lecture estim\u00e9e\" \/>\n\t<meta name=\"twitter:data1\" content=\"5 minutes\" \/>\n<script type=\"application\/ld+json\" class=\"yoast-schema-graph\">{\"@context\":\"https:\/\/schema.org\",\"@graph\":[{\"@type\":\"WebPage\",\"@id\":\"https:\/\/inclusivemap.ca\/fr\/rendez-vous-avec-margaux\/\",\"url\":\"https:\/\/inclusivemap.ca\/fr\/rendez-vous-avec-margaux\/\",\"name\":\"Rendez-Vous Avec Margaux - Inclusivemap\",\"isPartOf\":{\"@id\":\"https:\/\/inclusivemap.ca\/fr\/#website\"},\"primaryImageOfPage\":{\"@id\":\"https:\/\/inclusivemap.ca\/fr\/rendez-vous-avec-margaux\/#primaryimage\"},\"image\":{\"@id\":\"https:\/\/inclusivemap.ca\/fr\/rendez-vous-avec-margaux\/#primaryimage\"},\"thumbnailUrl\":\"https:\/\/inclusivemap.ca\/wp-content\/uploads\/2022\/07\/MHebinck.jpeg\",\"datePublished\":\"2023-08-02T20:23:22+00:00\",\"dateModified\":\"2023-08-08T17:04:20+00:00\",\"breadcrumb\":{\"@id\":\"https:\/\/inclusivemap.ca\/fr\/rendez-vous-avec-margaux\/#breadcrumb\"},\"inLanguage\":\"fr-FR\",\"potentialAction\":[{\"@type\":\"ReadAction\",\"target\":[\"https:\/\/inclusivemap.ca\/fr\/rendez-vous-avec-margaux\/\"]}]},{\"@type\":\"ImageObject\",\"inLanguage\":\"fr-FR\",\"@id\":\"https:\/\/inclusivemap.ca\/fr\/rendez-vous-avec-margaux\/#primaryimage\",\"url\":\"https:\/\/inclusivemap.ca\/wp-content\/uploads\/2022\/07\/MHebinck.jpeg\",\"contentUrl\":\"https:\/\/inclusivemap.ca\/wp-content\/uploads\/2022\/07\/MHebinck.jpeg\"},{\"@type\":\"BreadcrumbList\",\"@id\":\"https:\/\/inclusivemap.ca\/fr\/rendez-vous-avec-margaux\/#breadcrumb\",\"itemListElement\":[{\"@type\":\"ListItem\",\"position\":1,\"name\":\"Home\",\"item\":\"https:\/\/inclusivemap.ca\/fr\/\"},{\"@type\":\"ListItem\",\"position\":2,\"name\":\"Rendez-Vous Avec Margaux\"}]},{\"@type\":\"WebSite\",\"@id\":\"https:\/\/inclusivemap.ca\/fr\/#website\",\"url\":\"https:\/\/inclusivemap.ca\/fr\/\",\"name\":\"Inclusivemap\",\"description\":\"MAP \u2013 Mobility | Access | Participation\",\"publisher\":{\"@id\":\"https:\/\/inclusivemap.ca\/fr\/#organization\"},\"potentialAction\":[{\"@type\":\"SearchAction\",\"target\":{\"@type\":\"EntryPoint\",\"urlTemplate\":\"https:\/\/inclusivemap.ca\/fr\/?s={search_term_string}\"},\"query-input\":{\"@type\":\"PropertyValueSpecification\",\"valueRequired\":true,\"valueName\":\"search_term_string\"}}],\"inLanguage\":\"fr-FR\"},{\"@type\":\"Organization\",\"@id\":\"https:\/\/inclusivemap.ca\/fr\/#organization\",\"name\":\"Inclusivemap\",\"url\":\"https:\/\/inclusivemap.ca\/fr\/\",\"logo\":{\"@type\":\"ImageObject\",\"inLanguage\":\"fr-FR\",\"@id\":\"https:\/\/inclusivemap.ca\/fr\/#\/schema\/logo\/image\/\",\"url\":\"https:\/\/inclusivemap.ca\/wp-content\/uploads\/2022\/07\/map_bigprint_lighterblue.png\",\"contentUrl\":\"https:\/\/inclusivemap.ca\/wp-content\/uploads\/2022\/07\/map_bigprint_lighterblue.png\",\"width\":8348,\"height\":4563,\"caption\":\"Inclusivemap\"},\"image\":{\"@id\":\"https:\/\/inclusivemap.ca\/fr\/#\/schema\/logo\/image\/\"}}]}<\/script>\n<!-- \/ Yoast SEO plugin. -->","yoast_head_json":{"title":"Rendez-Vous Avec Margaux - Inclusivemap","robots":{"index":"index","follow":"follow","max-snippet":"max-snippet:-1","max-image-preview":"max-image-preview:large","max-video-preview":"max-video-preview:-1"},"canonical":"https:\/\/inclusivemap.ca\/fr\/rendez-vous-avec-margaux\/","og_locale":"fr_FR","og_type":"article","og_title":"Rendez-Vous Avec Margaux - Inclusivemap","og_description":"Nom: Margaux Hebinck R\u00f4le dans l\u2019\u00e9quipe MAP : Assistant de recherche dipl\u00f4m\u00e9 \u00e0 Universit\u00e9 Laval 1) D\u2019o\u00f9 venez-vous et o\u00f9 \u00e9tudiez-vous ?\u00a0\u00a0\u00a0 Je suis originaire du Nord de la France, d\u2019une petite ville de p\u00eacheur situ\u00e9e au bord de la mer du Nord. Depuis bient\u00f4t deux ans, je vis \u00e0 Qu\u00e9bec o\u00f9 j\u2019\u00e9tudie \u00e0 l\u2019Universit\u00e9Poursuivre la lecture de \"Rendez-Vous Avec Margaux\"","og_url":"https:\/\/inclusivemap.ca\/fr\/rendez-vous-avec-margaux\/","og_site_name":"Inclusivemap","article_modified_time":"2023-08-08T17:04:20+00:00","og_image":[{"url":"https:\/\/inclusivemap.ca\/wp-content\/uploads\/2022\/07\/MHebinck.jpeg","type":"","width":"","height":""}],"twitter_card":"summary_large_image","twitter_misc":{"Dur\u00e9e de lecture estim\u00e9e":"5 minutes"},"schema":{"@context":"https:\/\/schema.org","@graph":[{"@type":"WebPage","@id":"https:\/\/inclusivemap.ca\/fr\/rendez-vous-avec-margaux\/","url":"https:\/\/inclusivemap.ca\/fr\/rendez-vous-avec-margaux\/","name":"Rendez-Vous Avec Margaux - Inclusivemap","isPartOf":{"@id":"https:\/\/inclusivemap.ca\/fr\/#website"},"primaryImageOfPage":{"@id":"https:\/\/inclusivemap.ca\/fr\/rendez-vous-avec-margaux\/#primaryimage"},"image":{"@id":"https:\/\/inclusivemap.ca\/fr\/rendez-vous-avec-margaux\/#primaryimage"},"thumbnailUrl":"https:\/\/inclusivemap.ca\/wp-content\/uploads\/2022\/07\/MHebinck.jpeg","datePublished":"2023-08-02T20:23:22+00:00","dateModified":"2023-08-08T17:04:20+00:00","breadcrumb":{"@id":"https:\/\/inclusivemap.ca\/fr\/rendez-vous-avec-margaux\/#breadcrumb"},"inLanguage":"fr-FR","potentialAction":[{"@type":"ReadAction","target":["https:\/\/inclusivemap.ca\/fr\/rendez-vous-avec-margaux\/"]}]},{"@type":"ImageObject","inLanguage":"fr-FR","@id":"https:\/\/inclusivemap.ca\/fr\/rendez-vous-avec-margaux\/#primaryimage","url":"https:\/\/inclusivemap.ca\/wp-content\/uploads\/2022\/07\/MHebinck.jpeg","contentUrl":"https:\/\/inclusivemap.ca\/wp-content\/uploads\/2022\/07\/MHebinck.jpeg"},{"@type":"BreadcrumbList","@id":"https:\/\/inclusivemap.ca\/fr\/rendez-vous-avec-margaux\/#breadcrumb","itemListElement":[{"@type":"ListItem","position":1,"name":"Home","item":"https:\/\/inclusivemap.ca\/fr\/"},{"@type":"ListItem","position":2,"name":"Rendez-Vous Avec Margaux"}]},{"@type":"WebSite","@id":"https:\/\/inclusivemap.ca\/fr\/#website","url":"https:\/\/inclusivemap.ca\/fr\/","name":"Inclusivemap","description":"MAP \u2013 Mobility | Access | Participation","publisher":{"@id":"https:\/\/inclusivemap.ca\/fr\/#organization"},"potentialAction":[{"@type":"SearchAction","target":{"@type":"EntryPoint","urlTemplate":"https:\/\/inclusivemap.ca\/fr\/?s={search_term_string}"},"query-input":{"@type":"PropertyValueSpecification","valueRequired":true,"valueName":"search_term_string"}}],"inLanguage":"fr-FR"},{"@type":"Organization","@id":"https:\/\/inclusivemap.ca\/fr\/#organization","name":"Inclusivemap","url":"https:\/\/inclusivemap.ca\/fr\/","logo":{"@type":"ImageObject","inLanguage":"fr-FR","@id":"https:\/\/inclusivemap.ca\/fr\/#\/schema\/logo\/image\/","url":"https:\/\/inclusivemap.ca\/wp-content\/uploads\/2022\/07\/map_bigprint_lighterblue.png","contentUrl":"https:\/\/inclusivemap.ca\/wp-content\/uploads\/2022\/07\/map_bigprint_lighterblue.png","width":8348,"height":4563,"caption":"Inclusivemap"},"image":{"@id":"https:\/\/inclusivemap.ca\/fr\/#\/schema\/logo\/image\/"}}]}},"_links":{"self":[{"href":"https:\/\/inclusivemap.ca\/fr\/wp-json\/wp\/v2\/pages\/1973","targetHints":{"allow":["GET"]}}],"collection":[{"href":"https:\/\/inclusivemap.ca\/fr\/wp-json\/wp\/v2\/pages"}],"about":[{"href":"https:\/\/inclusivemap.ca\/fr\/wp-json\/wp\/v2\/types\/page"}],"author":[{"embeddable":true,"href":"https:\/\/inclusivemap.ca\/fr\/wp-json\/wp\/v2\/users\/6"}],"replies":[{"embeddable":true,"href":"https:\/\/inclusivemap.ca\/fr\/wp-json\/wp\/v2\/comments?post=1973"}],"version-history":[{"count":4,"href":"https:\/\/inclusivemap.ca\/fr\/wp-json\/wp\/v2\/pages\/1973\/revisions"}],"predecessor-version":[{"id":2051,"href":"https:\/\/inclusivemap.ca\/fr\/wp-json\/wp\/v2\/pages\/1973\/revisions\/2051"}],"wp:attachment":[{"href":"https:\/\/inclusivemap.ca\/fr\/wp-json\/wp\/v2\/media?parent=1973"}],"wp:term":[{"taxonomy":"publication_categories","embeddable":true,"href":"https:\/\/inclusivemap.ca\/fr\/wp-json\/wp\/v2\/publication_categories?post=1973"}],"curies":[{"name":"wp","href":"https:\/\/api.w.org\/{rel}","templated":true}]}}