{"id":1975,"date":"2023-08-01T17:24:28","date_gmt":"2023-08-01T17:24:28","guid":{"rendered":"https:\/\/inclusivemap.ca\/mise-a-jour-du-partenaire-rad-society\/"},"modified":"2023-08-08T17:03:55","modified_gmt":"2023-08-08T17:03:55","slug":"mise-a-jour-du-partenaire-rad-society","status":"publish","type":"page","link":"https:\/\/inclusivemap.ca\/fr\/mise-a-jour-du-partenaire-rad-society\/","title":{"rendered":"Mise \u00e0 jour du partenaire: RAD Society"},"content":{"rendered":"\n<div class=\"wp-block-columns is-layout-flex wp-container-core-columns-is-layout-9d6595d7 wp-block-columns-is-layout-flex\">\n<div class=\"wp-block-column is-layout-flow wp-block-column-is-layout-flow\" style=\"flex-basis:33.33%\">\n<figure class=\"wp-block-image size-full\"><img loading=\"lazy\" decoding=\"async\" width=\"400\" height=\"400\" src=\"https:\/\/inclusivemap.ca\/wp-content\/uploads\/2023\/08\/RAD-Society-Logo-1.jpg\" alt=\"\" class=\"wp-image-1963\" srcset=\"https:\/\/inclusivemap.ca\/wp-content\/uploads\/2023\/08\/RAD-Society-Logo-1.jpg 400w, https:\/\/inclusivemap.ca\/wp-content\/uploads\/2023\/08\/RAD-Society-Logo-1-80x80.jpg 80w, https:\/\/inclusivemap.ca\/wp-content\/uploads\/2023\/08\/RAD-Society-Logo-1-150x150.jpg 150w, https:\/\/inclusivemap.ca\/wp-content\/uploads\/2023\/08\/RAD-Society-Logo-1-300x300.jpg 300w\" sizes=\"auto, (max-width: 400px) 100vw, 400px\" \/><figcaption class=\"wp-element-caption\">Logo de RAD Society<\/figcaption><\/figure><\/div>\n\n\n\n<div class=\"wp-block-column is-layout-flow wp-block-column-is-layout-flow\" style=\"flex-basis:66.66%\">\n<p>L\u2019\u00e9tude sur les dispositifs d\u2019adaptation r\u00e9cr\u00e9atifs (RAD) vise \u00e0 d\u00e9velopper un programme qui pr\u00eate des dispositifs d\u2019adaptation aux personnes \u00e0 mobilit\u00e9 r\u00e9duite, leur permettant de participer \u00e0 des activit\u00e9s r\u00e9cr\u00e9atives de plein air. L\u2019\u00e9tude comporte trois phases principales : comprendre les besoins des utilisateurs d\u2019appareils adaptatifs, d\u00e9velopper une application mobile et une installation de stockage, connues sous le nom de GearBox, \u00e0 Langford, en Colombie-Britannique, et \u00e9valuer les exp\u00e9riences des participants.<\/p>\n<\/div>\n<\/div>\n\n<p>RAD collabore avec diverses organisations, y compris la RAD Society, un organisme de bienfaisance vou\u00e9 \u00e0 la cr\u00e9ation de loisirs de plein air pour les personnes \u00e0 mobilit\u00e9 r\u00e9duite gr\u00e2ce \u00e0 un inventaire d\u2019\u00e9quipements adapt\u00e9s de plein air. RAD travaille \u00e9galement avec UBC (University of British Columbia) pour installer une boite de vitesses sur le campus. Parmi les autres partenaires, citons la Coalition canadienne des amput\u00e9s, Spinal Cord Injury BC, Power to Be, Wallace &amp; Carey Distribution &amp; Logistics et la Ville de Langford. La RAD reste ouverte \u00e0 de nouveaux partenaires communautaires et municipaux, favorisant un r\u00e9seau de soutien pour accroitre son impact.<\/p>\n\n<p>Le partenariat de RAD avec MAP implique de se connecter aux r\u00e9seaux existants, de faciliter l\u2019application des connaissances et d\u2019adopter les meilleures pratiques en mati\u00e8re d\u2019engagement communautaire. Gr\u00e2ce \u00e0 cela, les partenaires s\u2019assurent que la recherche universitaire est efficace, applicable et utile \u00e0 la communaut\u00e9. L\u2019objectif est d\u2019am\u00e9liorer la qualit\u00e9 de vie, la participation et l\u2019inclusion des personnes \u00e0 mobilit\u00e9 r\u00e9duite<\/p>\n\n<div class=\"wp-block-buttons is-content-justification-center is-layout-flex wp-container-core-buttons-is-layout-16018d1d wp-block-buttons-is-layout-flex\">\n<div class=\"wp-block-button has-custom-width wp-block-button__width-100 has-custom-font-size has-small-font-size\"><a class=\"wp-block-button__link has-background-color has-tertiary-background-color has-text-color has-background wp-element-button\" href=\"https:\/\/inclusivemap.ca\/fr\/?post_type=newsletter&amp;p=2014\" style=\"padding-top:var(--wp--preset--spacing--50);padding-right:var(--wp--preset--spacing--50);padding-bottom:var(--wp--preset--spacing--50);padding-left:var(--wp--preset--spacing--50)\">Retour \u00e0 l\u2019infolettre<\/a><\/div>\n<\/div>\n","protected":false},"excerpt":{"rendered":"<p>L\u2019\u00e9tude sur les dispositifs d\u2019adaptation r\u00e9cr\u00e9atifs (RAD) vise \u00e0 d\u00e9velopper un programme qui pr\u00eate des dispositifs d\u2019adaptation aux personnes \u00e0 mobilit\u00e9 r\u00e9duite, leur permettant de participer \u00e0 des activit\u00e9s r\u00e9cr\u00e9atives de plein air. L\u2019\u00e9tude comporte trois phases principales : comprendre les besoins des utilisateurs d\u2019appareils adaptatifs, d\u00e9velopper une application mobile et une installation de stockage,<a class=\"more-link\" href=\"https:\/\/inclusivemap.ca\/fr\/mise-a-jour-du-partenaire-rad-society\/\">Poursuivre la lecture de <span class=\"screen-reader-text\">\u00ab\u00a0Mise \u00e0 jour du partenaire: RAD Society\u00a0\u00bb<\/span><\/a><\/p>\n","protected":false},"author":6,"featured_media":0,"parent":0,"menu_order":0,"comment_status":"closed","ping_status":"closed","template":"","meta":{"_acf_changed":false,"inline_featured_image":false,"footnotes":""},"publication_categories":[],"class_list":["post-1975","page","type-page","status-publish","hentry","entry"],"acf":[],"yoast_head":"<!-- This site is optimized with the Yoast SEO plugin v26.9 - https:\/\/yoast.com\/product\/yoast-seo-wordpress\/ -->\n<title>Mise \u00e0 jour du partenaire: RAD Society - Inclusivemap<\/title>\n<meta name=\"robots\" content=\"index, follow, max-snippet:-1, max-image-preview:large, max-video-preview:-1\" \/>\n<link rel=\"canonical\" href=\"https:\/\/inclusivemap.ca\/fr\/mise-a-jour-du-partenaire-rad-society\/\" \/>\n<meta property=\"og:locale\" content=\"fr_FR\" \/>\n<meta property=\"og:type\" content=\"article\" \/>\n<meta property=\"og:title\" content=\"Mise \u00e0 jour du partenaire: RAD Society - Inclusivemap\" \/>\n<meta property=\"og:description\" content=\"L\u2019\u00e9tude sur les dispositifs d\u2019adaptation r\u00e9cr\u00e9atifs (RAD) vise \u00e0 d\u00e9velopper un programme qui pr\u00eate des dispositifs d\u2019adaptation aux personnes \u00e0 mobilit\u00e9 r\u00e9duite, leur permettant de participer \u00e0 des activit\u00e9s r\u00e9cr\u00e9atives de plein air. L\u2019\u00e9tude comporte trois phases principales : comprendre les besoins des utilisateurs d\u2019appareils adaptatifs, d\u00e9velopper une application mobile et une installation de stockage,Poursuivre la lecture de &quot;Mise \u00e0 jour du partenaire: RAD Society&quot;\" \/>\n<meta property=\"og:url\" content=\"https:\/\/inclusivemap.ca\/fr\/mise-a-jour-du-partenaire-rad-society\/\" \/>\n<meta property=\"og:site_name\" content=\"Inclusivemap\" \/>\n<meta property=\"article:modified_time\" content=\"2023-08-08T17:03:55+00:00\" \/>\n<meta property=\"og:image\" content=\"https:\/\/inclusivemap.ca\/wp-content\/uploads\/2023\/08\/RAD-Society-Logo-1.jpg\" \/>\n<meta name=\"twitter:card\" content=\"summary_large_image\" \/>\n<meta name=\"twitter:label1\" content=\"Dur\u00e9e de lecture estim\u00e9e\" \/>\n\t<meta name=\"twitter:data1\" content=\"1 minute\" \/>\n<script type=\"application\/ld+json\" class=\"yoast-schema-graph\">{\"@context\":\"https:\/\/schema.org\",\"@graph\":[{\"@type\":\"WebPage\",\"@id\":\"https:\/\/inclusivemap.ca\/fr\/mise-a-jour-du-partenaire-rad-society\/\",\"url\":\"https:\/\/inclusivemap.ca\/fr\/mise-a-jour-du-partenaire-rad-society\/\",\"name\":\"Mise \u00e0 jour du partenaire: RAD Society - Inclusivemap\",\"isPartOf\":{\"@id\":\"https:\/\/inclusivemap.ca\/fr\/#website\"},\"primaryImageOfPage\":{\"@id\":\"https:\/\/inclusivemap.ca\/fr\/mise-a-jour-du-partenaire-rad-society\/#primaryimage\"},\"image\":{\"@id\":\"https:\/\/inclusivemap.ca\/fr\/mise-a-jour-du-partenaire-rad-society\/#primaryimage\"},\"thumbnailUrl\":\"https:\/\/inclusivemap.ca\/wp-content\/uploads\/2023\/08\/RAD-Society-Logo-1.jpg\",\"datePublished\":\"2023-08-01T17:24:28+00:00\",\"dateModified\":\"2023-08-08T17:03:55+00:00\",\"breadcrumb\":{\"@id\":\"https:\/\/inclusivemap.ca\/fr\/mise-a-jour-du-partenaire-rad-society\/#breadcrumb\"},\"inLanguage\":\"fr-FR\",\"potentialAction\":[{\"@type\":\"ReadAction\",\"target\":[\"https:\/\/inclusivemap.ca\/fr\/mise-a-jour-du-partenaire-rad-society\/\"]}]},{\"@type\":\"ImageObject\",\"inLanguage\":\"fr-FR\",\"@id\":\"https:\/\/inclusivemap.ca\/fr\/mise-a-jour-du-partenaire-rad-society\/#primaryimage\",\"url\":\"https:\/\/inclusivemap.ca\/wp-content\/uploads\/2023\/08\/RAD-Society-Logo-1.jpg\",\"contentUrl\":\"https:\/\/inclusivemap.ca\/wp-content\/uploads\/2023\/08\/RAD-Society-Logo-1.jpg\"},{\"@type\":\"BreadcrumbList\",\"@id\":\"https:\/\/inclusivemap.ca\/fr\/mise-a-jour-du-partenaire-rad-society\/#breadcrumb\",\"itemListElement\":[{\"@type\":\"ListItem\",\"position\":1,\"name\":\"Home\",\"item\":\"https:\/\/inclusivemap.ca\/fr\/\"},{\"@type\":\"ListItem\",\"position\":2,\"name\":\"Mise \u00e0 jour du partenaire: RAD Society\"}]},{\"@type\":\"WebSite\",\"@id\":\"https:\/\/inclusivemap.ca\/fr\/#website\",\"url\":\"https:\/\/inclusivemap.ca\/fr\/\",\"name\":\"Inclusivemap\",\"description\":\"MAP \u2013 Mobility | Access | Participation\",\"publisher\":{\"@id\":\"https:\/\/inclusivemap.ca\/fr\/#organization\"},\"potentialAction\":[{\"@type\":\"SearchAction\",\"target\":{\"@type\":\"EntryPoint\",\"urlTemplate\":\"https:\/\/inclusivemap.ca\/fr\/?s={search_term_string}\"},\"query-input\":{\"@type\":\"PropertyValueSpecification\",\"valueRequired\":true,\"valueName\":\"search_term_string\"}}],\"inLanguage\":\"fr-FR\"},{\"@type\":\"Organization\",\"@id\":\"https:\/\/inclusivemap.ca\/fr\/#organization\",\"name\":\"Inclusivemap\",\"url\":\"https:\/\/inclusivemap.ca\/fr\/\",\"logo\":{\"@type\":\"ImageObject\",\"inLanguage\":\"fr-FR\",\"@id\":\"https:\/\/inclusivemap.ca\/fr\/#\/schema\/logo\/image\/\",\"url\":\"https:\/\/inclusivemap.ca\/wp-content\/uploads\/2022\/07\/map_bigprint_lighterblue.png\",\"contentUrl\":\"https:\/\/inclusivemap.ca\/wp-content\/uploads\/2022\/07\/map_bigprint_lighterblue.png\",\"width\":8348,\"height\":4563,\"caption\":\"Inclusivemap\"},\"image\":{\"@id\":\"https:\/\/inclusivemap.ca\/fr\/#\/schema\/logo\/image\/\"}}]}<\/script>\n<!-- \/ Yoast SEO plugin. -->","yoast_head_json":{"title":"Mise \u00e0 jour du partenaire: RAD Society - Inclusivemap","robots":{"index":"index","follow":"follow","max-snippet":"max-snippet:-1","max-image-preview":"max-image-preview:large","max-video-preview":"max-video-preview:-1"},"canonical":"https:\/\/inclusivemap.ca\/fr\/mise-a-jour-du-partenaire-rad-society\/","og_locale":"fr_FR","og_type":"article","og_title":"Mise \u00e0 jour du partenaire: RAD Society - Inclusivemap","og_description":"L\u2019\u00e9tude sur les dispositifs d\u2019adaptation r\u00e9cr\u00e9atifs (RAD) vise \u00e0 d\u00e9velopper un programme qui pr\u00eate des dispositifs d\u2019adaptation aux personnes \u00e0 mobilit\u00e9 r\u00e9duite, leur permettant de participer \u00e0 des activit\u00e9s r\u00e9cr\u00e9atives de plein air. L\u2019\u00e9tude comporte trois phases principales : comprendre les besoins des utilisateurs d\u2019appareils adaptatifs, d\u00e9velopper une application mobile et une installation de stockage,Poursuivre la lecture de \"Mise \u00e0 jour du partenaire: RAD Society\"","og_url":"https:\/\/inclusivemap.ca\/fr\/mise-a-jour-du-partenaire-rad-society\/","og_site_name":"Inclusivemap","article_modified_time":"2023-08-08T17:03:55+00:00","og_image":[{"url":"https:\/\/inclusivemap.ca\/wp-content\/uploads\/2023\/08\/RAD-Society-Logo-1.jpg","type":"","width":"","height":""}],"twitter_card":"summary_large_image","twitter_misc":{"Dur\u00e9e de lecture estim\u00e9e":"1 minute"},"schema":{"@context":"https:\/\/schema.org","@graph":[{"@type":"WebPage","@id":"https:\/\/inclusivemap.ca\/fr\/mise-a-jour-du-partenaire-rad-society\/","url":"https:\/\/inclusivemap.ca\/fr\/mise-a-jour-du-partenaire-rad-society\/","name":"Mise \u00e0 jour du partenaire: RAD Society - Inclusivemap","isPartOf":{"@id":"https:\/\/inclusivemap.ca\/fr\/#website"},"primaryImageOfPage":{"@id":"https:\/\/inclusivemap.ca\/fr\/mise-a-jour-du-partenaire-rad-society\/#primaryimage"},"image":{"@id":"https:\/\/inclusivemap.ca\/fr\/mise-a-jour-du-partenaire-rad-society\/#primaryimage"},"thumbnailUrl":"https:\/\/inclusivemap.ca\/wp-content\/uploads\/2023\/08\/RAD-Society-Logo-1.jpg","datePublished":"2023-08-01T17:24:28+00:00","dateModified":"2023-08-08T17:03:55+00:00","breadcrumb":{"@id":"https:\/\/inclusivemap.ca\/fr\/mise-a-jour-du-partenaire-rad-society\/#breadcrumb"},"inLanguage":"fr-FR","potentialAction":[{"@type":"ReadAction","target":["https:\/\/inclusivemap.ca\/fr\/mise-a-jour-du-partenaire-rad-society\/"]}]},{"@type":"ImageObject","inLanguage":"fr-FR","@id":"https:\/\/inclusivemap.ca\/fr\/mise-a-jour-du-partenaire-rad-society\/#primaryimage","url":"https:\/\/inclusivemap.ca\/wp-content\/uploads\/2023\/08\/RAD-Society-Logo-1.jpg","contentUrl":"https:\/\/inclusivemap.ca\/wp-content\/uploads\/2023\/08\/RAD-Society-Logo-1.jpg"},{"@type":"BreadcrumbList","@id":"https:\/\/inclusivemap.ca\/fr\/mise-a-jour-du-partenaire-rad-society\/#breadcrumb","itemListElement":[{"@type":"ListItem","position":1,"name":"Home","item":"https:\/\/inclusivemap.ca\/fr\/"},{"@type":"ListItem","position":2,"name":"Mise \u00e0 jour du partenaire: RAD Society"}]},{"@type":"WebSite","@id":"https:\/\/inclusivemap.ca\/fr\/#website","url":"https:\/\/inclusivemap.ca\/fr\/","name":"Inclusivemap","description":"MAP \u2013 Mobility | Access | Participation","publisher":{"@id":"https:\/\/inclusivemap.ca\/fr\/#organization"},"potentialAction":[{"@type":"SearchAction","target":{"@type":"EntryPoint","urlTemplate":"https:\/\/inclusivemap.ca\/fr\/?s={search_term_string}"},"query-input":{"@type":"PropertyValueSpecification","valueRequired":true,"valueName":"search_term_string"}}],"inLanguage":"fr-FR"},{"@type":"Organization","@id":"https:\/\/inclusivemap.ca\/fr\/#organization","name":"Inclusivemap","url":"https:\/\/inclusivemap.ca\/fr\/","logo":{"@type":"ImageObject","inLanguage":"fr-FR","@id":"https:\/\/inclusivemap.ca\/fr\/#\/schema\/logo\/image\/","url":"https:\/\/inclusivemap.ca\/wp-content\/uploads\/2022\/07\/map_bigprint_lighterblue.png","contentUrl":"https:\/\/inclusivemap.ca\/wp-content\/uploads\/2022\/07\/map_bigprint_lighterblue.png","width":8348,"height":4563,"caption":"Inclusivemap"},"image":{"@id":"https:\/\/inclusivemap.ca\/fr\/#\/schema\/logo\/image\/"}}]}},"_links":{"self":[{"href":"https:\/\/inclusivemap.ca\/fr\/wp-json\/wp\/v2\/pages\/1975","targetHints":{"allow":["GET"]}}],"collection":[{"href":"https:\/\/inclusivemap.ca\/fr\/wp-json\/wp\/v2\/pages"}],"about":[{"href":"https:\/\/inclusivemap.ca\/fr\/wp-json\/wp\/v2\/types\/page"}],"author":[{"embeddable":true,"href":"https:\/\/inclusivemap.ca\/fr\/wp-json\/wp\/v2\/users\/6"}],"replies":[{"embeddable":true,"href":"https:\/\/inclusivemap.ca\/fr\/wp-json\/wp\/v2\/comments?post=1975"}],"version-history":[{"count":4,"href":"https:\/\/inclusivemap.ca\/fr\/wp-json\/wp\/v2\/pages\/1975\/revisions"}],"predecessor-version":[{"id":2045,"href":"https:\/\/inclusivemap.ca\/fr\/wp-json\/wp\/v2\/pages\/1975\/revisions\/2045"}],"wp:attachment":[{"href":"https:\/\/inclusivemap.ca\/fr\/wp-json\/wp\/v2\/media?parent=1975"}],"wp:term":[{"taxonomy":"publication_categories","embeddable":true,"href":"https:\/\/inclusivemap.ca\/fr\/wp-json\/wp\/v2\/publication_categories?post=1975"}],"curies":[{"name":"wp","href":"https:\/\/api.w.org\/{rel}","templated":true}]}}