{"id":3034,"date":"2024-03-05T21:25:53","date_gmt":"2024-03-05T21:25:53","guid":{"rendered":"https:\/\/inclusivemap.ca\/?page_id=3034"},"modified":"2024-11-27T23:25:35","modified_gmt":"2024-11-27T23:25:35","slug":"rendez-vous-avec-daryl","status":"publish","type":"page","link":"https:\/\/inclusivemap.ca\/fr\/rendez-vous-avec-daryl\/","title":{"rendered":"Rendez-Vous Avec Daryl"},"content":{"rendered":"\n<div class=\"wp-block-media-text is-stacked-on-mobile\"><figure class=\"wp-block-media-text__media\"><img loading=\"lazy\" decoding=\"async\" width=\"524\" height=\"498\" src=\"https:\/\/inclusivemap.ca\/wp-content\/uploads\/2024\/03\/YaoSelfie.jpg\" alt=\"\" class=\"wp-image-3036 size-full\" srcset=\"https:\/\/inclusivemap.ca\/wp-content\/uploads\/2024\/03\/YaoSelfie.jpg 524w, https:\/\/inclusivemap.ca\/wp-content\/uploads\/2024\/03\/YaoSelfie-400x380.jpg 400w, https:\/\/inclusivemap.ca\/wp-content\/uploads\/2024\/03\/YaoSelfie-300x285.jpg 300w\" sizes=\"auto, (max-width: 524px) 100vw, 524px\" \/><\/figure><div class=\"wp-block-media-text__content\">\n<p><strong>Nom :<\/strong> Daryl Yao<\/p>\n\n\n\n<p><strong>R\u00f4le :<\/strong> Je suis assistante de recherche dipl\u00f4m\u00e9e sous la supervision du Dr Delphine Labb\u00e9. Nous travaillons sur l&rsquo;analyse des politiques de transport actif et sur le projet \u00ab\u00a0Access to Fly\u00a0\u00bb.<\/p>\n<\/div><\/div>\n\n\n\n<p><strong>1) D&rsquo;o\u00f9 venez-vous et o\u00f9 avez-vous \u00e9tudi\u00e9 ?<\/strong> Je suis originaire de la petite \u00eele de Cebu, aux Philippines. Elle est connue pour ses belles plages et sa vie marine. En ao\u00fbt 2021, j&rsquo;ai d\u00e9m\u00e9nag\u00e9 aux \u00c9tats-Unis d&rsquo;Am\u00e9rique pour poursuivre mon doctorat en \u00e9tudes sur les incapacit\u00e9s \u00e0 l&rsquo;universit\u00e9 de l&rsquo;Illinois-Chicago.<\/p>\n\n\n\n<p><strong> Qu&rsquo;est-ce qui vous motive \u00e0 rendre le monde plus accessible ?<\/strong> Ma cousine (qui a une incapacit\u00e9) et les nombreux clients avec des incapacit\u00e9s que j&rsquo;ai eus lorsque j&rsquo;\u00e9tais ergoth\u00e9rapeute sont ma principale motivation pour rendre le monde plus accessible. Les communaut\u00e9s ne sont tout simplement pas con\u00e7ues pour eux. Je me souviens du sentiment de ne pas pouvoir faire grand-chose pour eux en tant que clinicien afin de leur permettre de retourner au travail et de faire partie de leur communaut\u00e9. Quelle que soit l&rsquo;intervention que nous faisons, il n&rsquo;y a tout simplement pas d&rsquo;opportunit\u00e9 pour eux s&rsquo;ils ne peuvent pas se d\u00e9placer comme leurs pairs qui n&rsquo;ont pas d&rsquo;incapacit\u00e9.<\/p>\n\n\n\n<p><strong>3) Dans un langage simple, d\u00e9crivez votre projet de recherche\/le projet auquel vous collaborez.<\/strong><\/p>\n\n\n\n<p>Dans le cadre de ma th\u00e8se de doctorat, j&rsquo;examinerai les politiques relatives aux droits des personnes avec des incapacit\u00e9s aux Philippines et leur r\u00f4le dans l&rsquo;\u00e9laboration des exp\u00e9riences v\u00e9cues par les Philippins avec des incapacit\u00e9s. Je proc\u00e9derai donc \u00e0 un examen des politiques pour voir quelles sont les dispositions existantes et j&rsquo;interrogerai ensuite des personnes avec des incapacit\u00e9s pour savoir si elles pensent que leurs droits sont respect\u00e9s.<\/p>\n\n\n\n<p>En ce qui concerne l&rsquo;analyse de la politique de transport actif, nous avons recueilli les politiques relatives \u00e0 l&rsquo;acc\u00e8s aux transports publics. Nous avons examin\u00e9 les dispositions de ces politiques, la population cible et ce qui est exclu.<\/p>\n\n\n\n<p>Enfin, le projet \u00ab\u00a0Access to Fly\u00a0\u00bb comporte trois phases. Nous en sommes actuellement \u00e0 la phase 1, au cours de laquelle nous avons pass\u00e9 en revue la documentation existante sur l&rsquo;exp\u00e9rience des personnes avec des incapacit\u00e9s en mati\u00e8re de transport a\u00e9rien. Nous nous pr\u00e9parons actuellement \u00e0 la phase 2, au cours de laquelle nous interrogerons les voyageurs avec des incapacit\u00e9s sur leur exp\u00e9rience du transport a\u00e9rien et le personnel des compagnies a\u00e9riennes sur leur exp\u00e9rience des voyageurs avec des incapacit\u00e9s, afin de formuler des recommandations de formation pour am\u00e9liorer les services.<\/p>\n\n\n\n<p><strong>4) Quels sont vos talents cach\u00e9s et vos plus grandes qualit\u00e9s ?<\/strong><\/p>\n\n\n\n<p>Je ne sais pas si c&rsquo;est un talent cach\u00e9, mais je fais de bonnes blagues de p\u00e8re (subjectivement parlant. Lol.). En tout cas, c&rsquo;\u00e9tait assez bon pour faire rire ma partenaire. Quant \u00e0 ma plus grande qualit\u00e9, je pense que c&rsquo;est ma passion pour la d\u00e9couverte et l&rsquo;apprentissage de nouvelles choses. Je suppose que c&rsquo;est la raison pour laquelle je poursuis un doctorat. De plus, j&rsquo;ai d\u00e9lib\u00e9r\u00e9ment choisi le domaine d&rsquo;\u00e9tudes et les programmes qui n&rsquo;existent pas aux Philippines, car je sais que c&rsquo;est dans ces domaines que j&rsquo;ai beaucoup \u00e0 apprendre.<\/p>\n\n\n\n<p><strong>5) Quelle est la meilleure fa\u00e7on de se faire sourire ? <\/strong><\/p>\n\n\n\n<p>La nourriture ! La bonne nourriture me fait toujours sourire. C&rsquo;est encore mieux si c&rsquo;est gratuit !<\/p>\n\n\n\n<p><strong>6) Qu&rsquo;aimez-vous faire pendant vos loisirs ?<\/strong><\/p>\n\n\n\n<p>Pendant mon temps libre, je pr\u00e9f\u00e8re rester \u00e0 la maison. J&rsquo;aime jouer aux jeux vid\u00e9o et aux jeux de soci\u00e9t\u00e9. De temps en temps, j&rsquo;aime aussi apprendre \u00e0 cuisiner un nouveau plat.<\/p>\n\n\n\n<p><strong>7) Quel endroit du monde r\u00eavez-vous de visiter ?<\/strong><\/p>\n\n\n\n<p>J&rsquo;ai d\u00e9j\u00e0 visit\u00e9 la destination de mes r\u00eaves, le Japon. J&rsquo;y ai fait mon master. En grandissant, j&rsquo;\u00e9tais un grand fan d&rsquo;anime et de manga, alors il fallait absolument que je voie le Japon ! Je ne me lasserais jamais de visiter le Japon (m\u00eame si je ne me vois pas \u00e9migrer et y vivre \u00e0 long terme).<\/p>\n\n\n\n<p><strong>8) Quel est le livre que vous avez lu ou le film que vous avez regard\u00e9 qui vous a le plus inspir\u00e9\/marqu\u00e9 ? <\/strong><\/p>\n\n\n\n<p>Un film qui m\u2019a inspir\u00e9 est un film de Bollywood intitul\u00e9 \u00ab\u00a0Like Stars on Earth (Every Child is Special)\u00a0\u00bb. Ce film est sorti en 2007. J\u2019\u00e9tais encore \u00e0 l&rsquo;\u00e9cole secondaire et je me souviens de la projection de ce film. J\u2019ai \u00e9t\u00e9 stup\u00e9faite de voir comment l\u2019enseignant inventait de nouvelles m\u00e9thodes d\u2019enseignement pour r\u00e9pondre aux besoins d\u2019un enfant dyslexique. Pour moi, il s\u2019agissait du tout premier film ax\u00e9 sur la question de l&rsquo;incapacit\u00e9 et de l\u2019accessibilit\u00e9. Ce film m\u2019a fait prendre conscience du nombre d\u2019enfants avec des incapacit\u00e9s qui sont victimes d&rsquo;intimidation et qualifi\u00e9s d\u2019incomp\u00e9tents simplement parce que la soci\u00e9t\u00e9 ne comprend pas leurs exp\u00e9riences et ne tient pas compte de leurs besoins.<\/p>\n\n\n\n<p><strong>8) Si vous pouviez d\u00eener avec un chercheur\/scientifique\/clinicien\/personne connu, qui serait-il et pourquoi ?<\/strong><\/p>\n\n\n\n<p>Je ne r\u00eaverais pas d&rsquo;un r\u00eave \u00e9norme. Je voudrais simplement d\u00eener avec Karen Whaley Hammell, de l&rsquo;universit\u00e9 de Colombie-Britannique. Son travail a eu un impact consid\u00e9rable sur mes ann\u00e9es de formation en tant qu&rsquo;ergoth\u00e9rapeute. Son travail sur le maintien d&rsquo;un scepticisme sain \u00e0 l&rsquo;\u00e9gard de l&rsquo;ergoth\u00e9rapie m&rsquo;a incit\u00e9 \u00e0 r\u00e9fl\u00e9chir honn\u00eatement et \u00e0 remettre en question des choses qui sont souvent consid\u00e9r\u00e9es comme des v\u00e9rit\u00e9s absolues. Cela m&rsquo;a \u00e9galement incit\u00e9 \u00e0 aspirer \u00e0 devenir universitaire.<\/p>\n\n\n\n<div class=\"wp-block-buttons alignwide is-layout-flex wp-block-buttons-is-layout-flex\">\n<div class=\"wp-block-button has-custom-width wp-block-button__width-50 has-custom-font-size aligncenter is-style-outline has-small-font-size is-style-outline--1\"><a class=\"wp-block-button__link has-primary-color has-tertiary-background-color has-text-color has-background wp-element-button\" href=\"https:\/\/inclusivemap.ca\/newsletter\/map-newsletter-issue-3\/\">Retour a la newsletter<\/a><\/div>\n<\/div>\n","protected":false},"excerpt":{"rendered":"<p>Nom : Daryl Yao R\u00f4le : Je suis assistante de recherche dipl\u00f4m\u00e9e sous la supervision du Dr Delphine Labb\u00e9. Nous travaillons sur l&rsquo;analyse des politiques de transport actif et sur le projet \u00ab\u00a0Access to Fly\u00a0\u00bb. 1) D&rsquo;o\u00f9 venez-vous et o\u00f9 avez-vous \u00e9tudi\u00e9 ? Je suis originaire de la petite \u00eele de Cebu, aux Philippines. Elle<a class=\"more-link\" href=\"https:\/\/inclusivemap.ca\/fr\/rendez-vous-avec-daryl\/\">Poursuivre la lecture de <span class=\"screen-reader-text\">\u00ab\u00a0Rendez-Vous Avec Daryl\u00a0\u00bb<\/span><\/a><\/p>\n","protected":false},"author":6,"featured_media":0,"parent":0,"menu_order":0,"comment_status":"closed","ping_status":"closed","template":"","meta":{"_acf_changed":false,"inline_featured_image":false,"footnotes":""},"publication_categories":[],"class_list":["post-3034","page","type-page","status-publish","hentry","entry"],"acf":[],"yoast_head":"<!-- This site is optimized with the Yoast SEO plugin v26.9 - https:\/\/yoast.com\/product\/yoast-seo-wordpress\/ -->\n<title>Rendez-Vous Avec Daryl - Inclusivemap<\/title>\n<meta name=\"robots\" content=\"index, follow, max-snippet:-1, max-image-preview:large, max-video-preview:-1\" \/>\n<link rel=\"canonical\" href=\"https:\/\/inclusivemap.ca\/fr\/rendez-vous-avec-daryl\/\" \/>\n<meta property=\"og:locale\" content=\"fr_FR\" \/>\n<meta property=\"og:type\" content=\"article\" \/>\n<meta property=\"og:title\" content=\"Rendez-Vous Avec Daryl - Inclusivemap\" \/>\n<meta property=\"og:description\" content=\"Nom : Daryl Yao R\u00f4le : Je suis assistante de recherche dipl\u00f4m\u00e9e sous la supervision du Dr Delphine Labb\u00e9. Nous travaillons sur l&rsquo;analyse des politiques de transport actif et sur le projet \u00ab\u00a0Access to Fly\u00a0\u00bb. 1) D&rsquo;o\u00f9 venez-vous et o\u00f9 avez-vous \u00e9tudi\u00e9 ? Je suis originaire de la petite \u00eele de Cebu, aux Philippines. EllePoursuivre la lecture de &quot;Rendez-Vous Avec Daryl&quot;\" \/>\n<meta property=\"og:url\" content=\"https:\/\/inclusivemap.ca\/fr\/rendez-vous-avec-daryl\/\" \/>\n<meta property=\"og:site_name\" content=\"Inclusivemap\" \/>\n<meta property=\"article:modified_time\" content=\"2024-11-27T23:25:35+00:00\" \/>\n<meta property=\"og:image\" content=\"https:\/\/inclusivemap.ca\/wp-content\/uploads\/2024\/03\/YaoSelfie.jpg\" \/>\n\t<meta property=\"og:image:width\" content=\"524\" \/>\n\t<meta property=\"og:image:height\" content=\"498\" \/>\n\t<meta property=\"og:image:type\" content=\"image\/jpeg\" \/>\n<meta name=\"twitter:card\" content=\"summary_large_image\" \/>\n<meta name=\"twitter:label1\" content=\"Dur\u00e9e de lecture estim\u00e9e\" \/>\n\t<meta name=\"twitter:data1\" content=\"4 minutes\" \/>\n<script type=\"application\/ld+json\" class=\"yoast-schema-graph\">{\"@context\":\"https:\/\/schema.org\",\"@graph\":[{\"@type\":\"WebPage\",\"@id\":\"https:\/\/inclusivemap.ca\/fr\/rendez-vous-avec-daryl\/\",\"url\":\"https:\/\/inclusivemap.ca\/fr\/rendez-vous-avec-daryl\/\",\"name\":\"Rendez-Vous Avec Daryl - Inclusivemap\",\"isPartOf\":{\"@id\":\"https:\/\/inclusivemap.ca\/fr\/#website\"},\"primaryImageOfPage\":{\"@id\":\"https:\/\/inclusivemap.ca\/fr\/rendez-vous-avec-daryl\/#primaryimage\"},\"image\":{\"@id\":\"https:\/\/inclusivemap.ca\/fr\/rendez-vous-avec-daryl\/#primaryimage\"},\"thumbnailUrl\":\"https:\/\/inclusivemap.ca\/wp-content\/uploads\/2024\/03\/YaoSelfie.jpg\",\"datePublished\":\"2024-03-05T21:25:53+00:00\",\"dateModified\":\"2024-11-27T23:25:35+00:00\",\"breadcrumb\":{\"@id\":\"https:\/\/inclusivemap.ca\/fr\/rendez-vous-avec-daryl\/#breadcrumb\"},\"inLanguage\":\"fr-FR\",\"potentialAction\":[{\"@type\":\"ReadAction\",\"target\":[\"https:\/\/inclusivemap.ca\/fr\/rendez-vous-avec-daryl\/\"]}]},{\"@type\":\"ImageObject\",\"inLanguage\":\"fr-FR\",\"@id\":\"https:\/\/inclusivemap.ca\/fr\/rendez-vous-avec-daryl\/#primaryimage\",\"url\":\"https:\/\/inclusivemap.ca\/wp-content\/uploads\/2024\/03\/YaoSelfie.jpg\",\"contentUrl\":\"https:\/\/inclusivemap.ca\/wp-content\/uploads\/2024\/03\/YaoSelfie.jpg\"},{\"@type\":\"BreadcrumbList\",\"@id\":\"https:\/\/inclusivemap.ca\/fr\/rendez-vous-avec-daryl\/#breadcrumb\",\"itemListElement\":[{\"@type\":\"ListItem\",\"position\":1,\"name\":\"Home\",\"item\":\"https:\/\/inclusivemap.ca\/fr\/\"},{\"@type\":\"ListItem\",\"position\":2,\"name\":\"Rendez-Vous Avec Daryl\"}]},{\"@type\":\"WebSite\",\"@id\":\"https:\/\/inclusivemap.ca\/fr\/#website\",\"url\":\"https:\/\/inclusivemap.ca\/fr\/\",\"name\":\"Inclusivemap\",\"description\":\"MAP \u2013 Mobility | Access | Participation\",\"publisher\":{\"@id\":\"https:\/\/inclusivemap.ca\/fr\/#organization\"},\"potentialAction\":[{\"@type\":\"SearchAction\",\"target\":{\"@type\":\"EntryPoint\",\"urlTemplate\":\"https:\/\/inclusivemap.ca\/fr\/?s={search_term_string}\"},\"query-input\":{\"@type\":\"PropertyValueSpecification\",\"valueRequired\":true,\"valueName\":\"search_term_string\"}}],\"inLanguage\":\"fr-FR\"},{\"@type\":\"Organization\",\"@id\":\"https:\/\/inclusivemap.ca\/fr\/#organization\",\"name\":\"Inclusivemap\",\"url\":\"https:\/\/inclusivemap.ca\/fr\/\",\"logo\":{\"@type\":\"ImageObject\",\"inLanguage\":\"fr-FR\",\"@id\":\"https:\/\/inclusivemap.ca\/fr\/#\/schema\/logo\/image\/\",\"url\":\"https:\/\/inclusivemap.ca\/wp-content\/uploads\/2022\/07\/map_bigprint_lighterblue.png\",\"contentUrl\":\"https:\/\/inclusivemap.ca\/wp-content\/uploads\/2022\/07\/map_bigprint_lighterblue.png\",\"width\":8348,\"height\":4563,\"caption\":\"Inclusivemap\"},\"image\":{\"@id\":\"https:\/\/inclusivemap.ca\/fr\/#\/schema\/logo\/image\/\"}}]}<\/script>\n<!-- \/ Yoast SEO plugin. -->","yoast_head_json":{"title":"Rendez-Vous Avec Daryl - Inclusivemap","robots":{"index":"index","follow":"follow","max-snippet":"max-snippet:-1","max-image-preview":"max-image-preview:large","max-video-preview":"max-video-preview:-1"},"canonical":"https:\/\/inclusivemap.ca\/fr\/rendez-vous-avec-daryl\/","og_locale":"fr_FR","og_type":"article","og_title":"Rendez-Vous Avec Daryl - Inclusivemap","og_description":"Nom : Daryl Yao R\u00f4le : Je suis assistante de recherche dipl\u00f4m\u00e9e sous la supervision du Dr Delphine Labb\u00e9. Nous travaillons sur l&rsquo;analyse des politiques de transport actif et sur le projet \u00ab\u00a0Access to Fly\u00a0\u00bb. 1) D&rsquo;o\u00f9 venez-vous et o\u00f9 avez-vous \u00e9tudi\u00e9 ? Je suis originaire de la petite \u00eele de Cebu, aux Philippines. EllePoursuivre la lecture de \"Rendez-Vous Avec Daryl\"","og_url":"https:\/\/inclusivemap.ca\/fr\/rendez-vous-avec-daryl\/","og_site_name":"Inclusivemap","article_modified_time":"2024-11-27T23:25:35+00:00","og_image":[{"width":524,"height":498,"url":"https:\/\/inclusivemap.ca\/wp-content\/uploads\/2024\/03\/YaoSelfie.jpg","type":"image\/jpeg"}],"twitter_card":"summary_large_image","twitter_misc":{"Dur\u00e9e de lecture estim\u00e9e":"4 minutes"},"schema":{"@context":"https:\/\/schema.org","@graph":[{"@type":"WebPage","@id":"https:\/\/inclusivemap.ca\/fr\/rendez-vous-avec-daryl\/","url":"https:\/\/inclusivemap.ca\/fr\/rendez-vous-avec-daryl\/","name":"Rendez-Vous Avec Daryl - Inclusivemap","isPartOf":{"@id":"https:\/\/inclusivemap.ca\/fr\/#website"},"primaryImageOfPage":{"@id":"https:\/\/inclusivemap.ca\/fr\/rendez-vous-avec-daryl\/#primaryimage"},"image":{"@id":"https:\/\/inclusivemap.ca\/fr\/rendez-vous-avec-daryl\/#primaryimage"},"thumbnailUrl":"https:\/\/inclusivemap.ca\/wp-content\/uploads\/2024\/03\/YaoSelfie.jpg","datePublished":"2024-03-05T21:25:53+00:00","dateModified":"2024-11-27T23:25:35+00:00","breadcrumb":{"@id":"https:\/\/inclusivemap.ca\/fr\/rendez-vous-avec-daryl\/#breadcrumb"},"inLanguage":"fr-FR","potentialAction":[{"@type":"ReadAction","target":["https:\/\/inclusivemap.ca\/fr\/rendez-vous-avec-daryl\/"]}]},{"@type":"ImageObject","inLanguage":"fr-FR","@id":"https:\/\/inclusivemap.ca\/fr\/rendez-vous-avec-daryl\/#primaryimage","url":"https:\/\/inclusivemap.ca\/wp-content\/uploads\/2024\/03\/YaoSelfie.jpg","contentUrl":"https:\/\/inclusivemap.ca\/wp-content\/uploads\/2024\/03\/YaoSelfie.jpg"},{"@type":"BreadcrumbList","@id":"https:\/\/inclusivemap.ca\/fr\/rendez-vous-avec-daryl\/#breadcrumb","itemListElement":[{"@type":"ListItem","position":1,"name":"Home","item":"https:\/\/inclusivemap.ca\/fr\/"},{"@type":"ListItem","position":2,"name":"Rendez-Vous Avec Daryl"}]},{"@type":"WebSite","@id":"https:\/\/inclusivemap.ca\/fr\/#website","url":"https:\/\/inclusivemap.ca\/fr\/","name":"Inclusivemap","description":"MAP \u2013 Mobility | Access | Participation","publisher":{"@id":"https:\/\/inclusivemap.ca\/fr\/#organization"},"potentialAction":[{"@type":"SearchAction","target":{"@type":"EntryPoint","urlTemplate":"https:\/\/inclusivemap.ca\/fr\/?s={search_term_string}"},"query-input":{"@type":"PropertyValueSpecification","valueRequired":true,"valueName":"search_term_string"}}],"inLanguage":"fr-FR"},{"@type":"Organization","@id":"https:\/\/inclusivemap.ca\/fr\/#organization","name":"Inclusivemap","url":"https:\/\/inclusivemap.ca\/fr\/","logo":{"@type":"ImageObject","inLanguage":"fr-FR","@id":"https:\/\/inclusivemap.ca\/fr\/#\/schema\/logo\/image\/","url":"https:\/\/inclusivemap.ca\/wp-content\/uploads\/2022\/07\/map_bigprint_lighterblue.png","contentUrl":"https:\/\/inclusivemap.ca\/wp-content\/uploads\/2022\/07\/map_bigprint_lighterblue.png","width":8348,"height":4563,"caption":"Inclusivemap"},"image":{"@id":"https:\/\/inclusivemap.ca\/fr\/#\/schema\/logo\/image\/"}}]}},"_links":{"self":[{"href":"https:\/\/inclusivemap.ca\/fr\/wp-json\/wp\/v2\/pages\/3034","targetHints":{"allow":["GET"]}}],"collection":[{"href":"https:\/\/inclusivemap.ca\/fr\/wp-json\/wp\/v2\/pages"}],"about":[{"href":"https:\/\/inclusivemap.ca\/fr\/wp-json\/wp\/v2\/types\/page"}],"author":[{"embeddable":true,"href":"https:\/\/inclusivemap.ca\/fr\/wp-json\/wp\/v2\/users\/6"}],"replies":[{"embeddable":true,"href":"https:\/\/inclusivemap.ca\/fr\/wp-json\/wp\/v2\/comments?post=3034"}],"version-history":[{"count":6,"href":"https:\/\/inclusivemap.ca\/fr\/wp-json\/wp\/v2\/pages\/3034\/revisions"}],"predecessor-version":[{"id":4807,"href":"https:\/\/inclusivemap.ca\/fr\/wp-json\/wp\/v2\/pages\/3034\/revisions\/4807"}],"wp:attachment":[{"href":"https:\/\/inclusivemap.ca\/fr\/wp-json\/wp\/v2\/media?parent=3034"}],"wp:term":[{"taxonomy":"publication_categories","embeddable":true,"href":"https:\/\/inclusivemap.ca\/fr\/wp-json\/wp\/v2\/publication_categories?post=3034"}],"curies":[{"name":"wp","href":"https:\/\/api.w.org\/{rel}","templated":true}]}}