{"id":3257,"date":"2024-03-09T23:40:02","date_gmt":"2024-03-09T23:40:02","guid":{"rendered":"https:\/\/inclusivemap.ca\/identification-des-facilitateurs-et-des-obstacles-a-lutilisation-des-transports-publics-adaptes-par-les-personnes-eligibles-accompagnees-dun-enfant-age-de-5-ans-ou-moins-infographie\/"},"modified":"2024-03-27T23:28:00","modified_gmt":"2024-03-27T23:28:00","slug":"identification-des-facilitateurs-et-des-obstacles-a-lutilisation-des-transports-publics-adaptes-par-les-personnes-eligibles-accompagnees-dun-enfant-age-de-5-ans-ou-moins-infographie","status":"publish","type":"page","link":"https:\/\/inclusivemap.ca\/fr\/identification-des-facilitateurs-et-des-obstacles-a-lutilisation-des-transports-publics-adaptes-par-les-personnes-eligibles-accompagnees-dun-enfant-age-de-5-ans-ou-moins-infographie\/","title":{"rendered":"Identification des facilitateurs et des obstacles \u00e0 l&rsquo;utilisation des transports publics adapt\u00e9s par les personnes \u00e9ligibles accompagn\u00e9es d&rsquo;un enfant \u00e2g\u00e9 de 5 ans ou moins Infographie"},"content":{"rendered":"\n<div data-wp-interactive=\"core\/file\" class=\"wp-block-file\"><object data-wp-bind--hidden=\"!state.hasPdfPreview\" hidden class=\"wp-block-file__embed\" data=\"https:\/\/inclusivemap.ca\/wp-content\/uploads\/2024\/03\/FR-Resultats-preliminaires-TAP.pdf\" type=\"application\/pdf\" style=\"width:100%;height:600px\" aria-label=\"Contenu embarqu\u00e9 FR-Resultats-preliminaires-TAP.\"><\/object><a id=\"wp-block-file--media-d4db8b53-e759-4487-8fac-0558c4ba320b\" href=\"https:\/\/inclusivemap.ca\/wp-content\/uploads\/2024\/03\/FR-Resultats-preliminaires-TAP.pdf\">FR-Resultats-preliminaires-TAP<\/a><a href=\"https:\/\/inclusivemap.ca\/wp-content\/uploads\/2024\/03\/FR-Resultats-preliminaires-TAP.pdf\" class=\"wp-block-file__button wp-element-button\" download aria-describedby=\"wp-block-file--media-d4db8b53-e759-4487-8fac-0558c4ba320b\">T\u00e9l\u00e9chargez<\/a><\/div>\n","protected":false},"excerpt":{"rendered":"","protected":false},"author":6,"featured_media":0,"parent":0,"menu_order":0,"comment_status":"closed","ping_status":"closed","template":"","meta":{"_acf_changed":false,"inline_featured_image":false,"footnotes":""},"publication_categories":[],"class_list":["post-3257","page","type-page","status-publish","hentry","entry"],"acf":[],"yoast_head":"<!-- This site is optimized with the Yoast SEO plugin v26.9 - https:\/\/yoast.com\/product\/yoast-seo-wordpress\/ -->\n<title>Identification des facilitateurs et des obstacles \u00e0 l&#039;utilisation des transports publics adapt\u00e9s par les personnes \u00e9ligibles accompagn\u00e9es d&#039;un enfant \u00e2g\u00e9 de 5 ans ou moins Infographie - Inclusivemap<\/title>\n<meta name=\"robots\" content=\"index, follow, max-snippet:-1, max-image-preview:large, max-video-preview:-1\" \/>\n<link rel=\"canonical\" href=\"https:\/\/inclusivemap.ca\/fr\/identification-des-facilitateurs-et-des-obstacles-a-lutilisation-des-transports-publics-adaptes-par-les-personnes-eligibles-accompagnees-dun-enfant-age-de-5-ans-ou-moins-infographie\/\" \/>\n<meta property=\"og:locale\" content=\"fr_FR\" \/>\n<meta property=\"og:type\" content=\"article\" \/>\n<meta property=\"og:title\" content=\"Identification des facilitateurs et des obstacles \u00e0 l&#039;utilisation des transports publics adapt\u00e9s par les personnes \u00e9ligibles accompagn\u00e9es d&#039;un enfant \u00e2g\u00e9 de 5 ans ou moins Infographie - Inclusivemap\" \/>\n<meta property=\"og:url\" content=\"https:\/\/inclusivemap.ca\/fr\/identification-des-facilitateurs-et-des-obstacles-a-lutilisation-des-transports-publics-adaptes-par-les-personnes-eligibles-accompagnees-dun-enfant-age-de-5-ans-ou-moins-infographie\/\" \/>\n<meta property=\"og:site_name\" content=\"Inclusivemap\" \/>\n<meta property=\"article:modified_time\" content=\"2024-03-27T23:28:00+00:00\" \/>\n<meta name=\"twitter:card\" content=\"summary_large_image\" \/>\n<meta name=\"twitter:label1\" content=\"Dur\u00e9e de lecture estim\u00e9e\" \/>\n\t<meta name=\"twitter:data1\" content=\"1 minute\" \/>\n<script type=\"application\/ld+json\" class=\"yoast-schema-graph\">{\"@context\":\"https:\/\/schema.org\",\"@graph\":[{\"@type\":\"WebPage\",\"@id\":\"https:\/\/inclusivemap.ca\/fr\/identification-des-facilitateurs-et-des-obstacles-a-lutilisation-des-transports-publics-adaptes-par-les-personnes-eligibles-accompagnees-dun-enfant-age-de-5-ans-ou-moins-infographie\/\",\"url\":\"https:\/\/inclusivemap.ca\/fr\/identification-des-facilitateurs-et-des-obstacles-a-lutilisation-des-transports-publics-adaptes-par-les-personnes-eligibles-accompagnees-dun-enfant-age-de-5-ans-ou-moins-infographie\/\",\"name\":\"Identification des facilitateurs et des obstacles \u00e0 l'utilisation des transports publics adapt\u00e9s par les personnes \u00e9ligibles accompagn\u00e9es d'un enfant \u00e2g\u00e9 de 5 ans ou moins Infographie - Inclusivemap\",\"isPartOf\":{\"@id\":\"https:\/\/inclusivemap.ca\/fr\/#website\"},\"datePublished\":\"2024-03-09T23:40:02+00:00\",\"dateModified\":\"2024-03-27T23:28:00+00:00\",\"breadcrumb\":{\"@id\":\"https:\/\/inclusivemap.ca\/fr\/identification-des-facilitateurs-et-des-obstacles-a-lutilisation-des-transports-publics-adaptes-par-les-personnes-eligibles-accompagnees-dun-enfant-age-de-5-ans-ou-moins-infographie\/#breadcrumb\"},\"inLanguage\":\"fr-FR\",\"potentialAction\":[{\"@type\":\"ReadAction\",\"target\":[\"https:\/\/inclusivemap.ca\/fr\/identification-des-facilitateurs-et-des-obstacles-a-lutilisation-des-transports-publics-adaptes-par-les-personnes-eligibles-accompagnees-dun-enfant-age-de-5-ans-ou-moins-infographie\/\"]}]},{\"@type\":\"BreadcrumbList\",\"@id\":\"https:\/\/inclusivemap.ca\/fr\/identification-des-facilitateurs-et-des-obstacles-a-lutilisation-des-transports-publics-adaptes-par-les-personnes-eligibles-accompagnees-dun-enfant-age-de-5-ans-ou-moins-infographie\/#breadcrumb\",\"itemListElement\":[{\"@type\":\"ListItem\",\"position\":1,\"name\":\"Home\",\"item\":\"https:\/\/inclusivemap.ca\/fr\/\"},{\"@type\":\"ListItem\",\"position\":2,\"name\":\"Identification des facilitateurs et des obstacles \u00e0 l&#8217;utilisation des transports publics adapt\u00e9s par les personnes \u00e9ligibles accompagn\u00e9es d&#8217;un enfant \u00e2g\u00e9 de 5 ans ou moins Infographie\"}]},{\"@type\":\"WebSite\",\"@id\":\"https:\/\/inclusivemap.ca\/fr\/#website\",\"url\":\"https:\/\/inclusivemap.ca\/fr\/\",\"name\":\"Inclusivemap\",\"description\":\"MAP \u2013 Mobility | Access | Participation\",\"publisher\":{\"@id\":\"https:\/\/inclusivemap.ca\/fr\/#organization\"},\"potentialAction\":[{\"@type\":\"SearchAction\",\"target\":{\"@type\":\"EntryPoint\",\"urlTemplate\":\"https:\/\/inclusivemap.ca\/fr\/?s={search_term_string}\"},\"query-input\":{\"@type\":\"PropertyValueSpecification\",\"valueRequired\":true,\"valueName\":\"search_term_string\"}}],\"inLanguage\":\"fr-FR\"},{\"@type\":\"Organization\",\"@id\":\"https:\/\/inclusivemap.ca\/fr\/#organization\",\"name\":\"Inclusivemap\",\"url\":\"https:\/\/inclusivemap.ca\/fr\/\",\"logo\":{\"@type\":\"ImageObject\",\"inLanguage\":\"fr-FR\",\"@id\":\"https:\/\/inclusivemap.ca\/fr\/#\/schema\/logo\/image\/\",\"url\":\"https:\/\/inclusivemap.ca\/wp-content\/uploads\/2022\/07\/map_bigprint_lighterblue.png\",\"contentUrl\":\"https:\/\/inclusivemap.ca\/wp-content\/uploads\/2022\/07\/map_bigprint_lighterblue.png\",\"width\":8348,\"height\":4563,\"caption\":\"Inclusivemap\"},\"image\":{\"@id\":\"https:\/\/inclusivemap.ca\/fr\/#\/schema\/logo\/image\/\"}}]}<\/script>\n<!-- \/ Yoast SEO plugin. -->","yoast_head_json":{"title":"Identification des facilitateurs et des obstacles \u00e0 l'utilisation des transports publics adapt\u00e9s par les personnes \u00e9ligibles accompagn\u00e9es d'un enfant \u00e2g\u00e9 de 5 ans ou moins Infographie - Inclusivemap","robots":{"index":"index","follow":"follow","max-snippet":"max-snippet:-1","max-image-preview":"max-image-preview:large","max-video-preview":"max-video-preview:-1"},"canonical":"https:\/\/inclusivemap.ca\/fr\/identification-des-facilitateurs-et-des-obstacles-a-lutilisation-des-transports-publics-adaptes-par-les-personnes-eligibles-accompagnees-dun-enfant-age-de-5-ans-ou-moins-infographie\/","og_locale":"fr_FR","og_type":"article","og_title":"Identification des facilitateurs et des obstacles \u00e0 l'utilisation des transports publics adapt\u00e9s par les personnes \u00e9ligibles accompagn\u00e9es d'un enfant \u00e2g\u00e9 de 5 ans ou moins Infographie - Inclusivemap","og_url":"https:\/\/inclusivemap.ca\/fr\/identification-des-facilitateurs-et-des-obstacles-a-lutilisation-des-transports-publics-adaptes-par-les-personnes-eligibles-accompagnees-dun-enfant-age-de-5-ans-ou-moins-infographie\/","og_site_name":"Inclusivemap","article_modified_time":"2024-03-27T23:28:00+00:00","twitter_card":"summary_large_image","twitter_misc":{"Dur\u00e9e de lecture estim\u00e9e":"1 minute"},"schema":{"@context":"https:\/\/schema.org","@graph":[{"@type":"WebPage","@id":"https:\/\/inclusivemap.ca\/fr\/identification-des-facilitateurs-et-des-obstacles-a-lutilisation-des-transports-publics-adaptes-par-les-personnes-eligibles-accompagnees-dun-enfant-age-de-5-ans-ou-moins-infographie\/","url":"https:\/\/inclusivemap.ca\/fr\/identification-des-facilitateurs-et-des-obstacles-a-lutilisation-des-transports-publics-adaptes-par-les-personnes-eligibles-accompagnees-dun-enfant-age-de-5-ans-ou-moins-infographie\/","name":"Identification des facilitateurs et des obstacles \u00e0 l'utilisation des transports publics adapt\u00e9s par les personnes \u00e9ligibles accompagn\u00e9es d'un enfant \u00e2g\u00e9 de 5 ans ou moins Infographie - Inclusivemap","isPartOf":{"@id":"https:\/\/inclusivemap.ca\/fr\/#website"},"datePublished":"2024-03-09T23:40:02+00:00","dateModified":"2024-03-27T23:28:00+00:00","breadcrumb":{"@id":"https:\/\/inclusivemap.ca\/fr\/identification-des-facilitateurs-et-des-obstacles-a-lutilisation-des-transports-publics-adaptes-par-les-personnes-eligibles-accompagnees-dun-enfant-age-de-5-ans-ou-moins-infographie\/#breadcrumb"},"inLanguage":"fr-FR","potentialAction":[{"@type":"ReadAction","target":["https:\/\/inclusivemap.ca\/fr\/identification-des-facilitateurs-et-des-obstacles-a-lutilisation-des-transports-publics-adaptes-par-les-personnes-eligibles-accompagnees-dun-enfant-age-de-5-ans-ou-moins-infographie\/"]}]},{"@type":"BreadcrumbList","@id":"https:\/\/inclusivemap.ca\/fr\/identification-des-facilitateurs-et-des-obstacles-a-lutilisation-des-transports-publics-adaptes-par-les-personnes-eligibles-accompagnees-dun-enfant-age-de-5-ans-ou-moins-infographie\/#breadcrumb","itemListElement":[{"@type":"ListItem","position":1,"name":"Home","item":"https:\/\/inclusivemap.ca\/fr\/"},{"@type":"ListItem","position":2,"name":"Identification des facilitateurs et des obstacles \u00e0 l&#8217;utilisation des transports publics adapt\u00e9s par les personnes \u00e9ligibles accompagn\u00e9es d&#8217;un enfant \u00e2g\u00e9 de 5 ans ou moins Infographie"}]},{"@type":"WebSite","@id":"https:\/\/inclusivemap.ca\/fr\/#website","url":"https:\/\/inclusivemap.ca\/fr\/","name":"Inclusivemap","description":"MAP \u2013 Mobility | Access | Participation","publisher":{"@id":"https:\/\/inclusivemap.ca\/fr\/#organization"},"potentialAction":[{"@type":"SearchAction","target":{"@type":"EntryPoint","urlTemplate":"https:\/\/inclusivemap.ca\/fr\/?s={search_term_string}"},"query-input":{"@type":"PropertyValueSpecification","valueRequired":true,"valueName":"search_term_string"}}],"inLanguage":"fr-FR"},{"@type":"Organization","@id":"https:\/\/inclusivemap.ca\/fr\/#organization","name":"Inclusivemap","url":"https:\/\/inclusivemap.ca\/fr\/","logo":{"@type":"ImageObject","inLanguage":"fr-FR","@id":"https:\/\/inclusivemap.ca\/fr\/#\/schema\/logo\/image\/","url":"https:\/\/inclusivemap.ca\/wp-content\/uploads\/2022\/07\/map_bigprint_lighterblue.png","contentUrl":"https:\/\/inclusivemap.ca\/wp-content\/uploads\/2022\/07\/map_bigprint_lighterblue.png","width":8348,"height":4563,"caption":"Inclusivemap"},"image":{"@id":"https:\/\/inclusivemap.ca\/fr\/#\/schema\/logo\/image\/"}}]}},"_links":{"self":[{"href":"https:\/\/inclusivemap.ca\/fr\/wp-json\/wp\/v2\/pages\/3257","targetHints":{"allow":["GET"]}}],"collection":[{"href":"https:\/\/inclusivemap.ca\/fr\/wp-json\/wp\/v2\/pages"}],"about":[{"href":"https:\/\/inclusivemap.ca\/fr\/wp-json\/wp\/v2\/types\/page"}],"author":[{"embeddable":true,"href":"https:\/\/inclusivemap.ca\/fr\/wp-json\/wp\/v2\/users\/6"}],"replies":[{"embeddable":true,"href":"https:\/\/inclusivemap.ca\/fr\/wp-json\/wp\/v2\/comments?post=3257"}],"version-history":[{"count":2,"href":"https:\/\/inclusivemap.ca\/fr\/wp-json\/wp\/v2\/pages\/3257\/revisions"}],"predecessor-version":[{"id":3259,"href":"https:\/\/inclusivemap.ca\/fr\/wp-json\/wp\/v2\/pages\/3257\/revisions\/3259"}],"wp:attachment":[{"href":"https:\/\/inclusivemap.ca\/fr\/wp-json\/wp\/v2\/media?parent=3257"}],"wp:term":[{"taxonomy":"publication_categories","embeddable":true,"href":"https:\/\/inclusivemap.ca\/fr\/wp-json\/wp\/v2\/publication_categories?post=3257"}],"curies":[{"name":"wp","href":"https:\/\/api.w.org\/{rel}","templated":true}]}}