{"id":3499,"date":"2024-06-12T23:30:12","date_gmt":"2024-06-12T23:30:12","guid":{"rendered":"https:\/\/inclusivemap.ca\/?page_id=3499"},"modified":"2024-11-20T00:04:47","modified_gmt":"2024-11-20T00:04:47","slug":"rendez-vous-avec-niloofar","status":"publish","type":"page","link":"https:\/\/inclusivemap.ca\/fr\/rendez-vous-avec-niloofar\/","title":{"rendered":"Rendez-Vous Avec Niloofar"},"content":{"rendered":"\n<div class=\"wp-block-media-text is-stacked-on-mobile\"><figure class=\"wp-block-media-text__media\"><img loading=\"lazy\" decoding=\"async\" width=\"400\" height=\"400\" src=\"https:\/\/inclusivemap.ca\/wp-content\/uploads\/2023\/04\/SWAN_Niloofar-Hedayati-1-e1692911240671.png\" alt=\"Un clich\u00e9 de Niloofar Hedayati\" class=\"wp-image-1616 size-full\" srcset=\"https:\/\/inclusivemap.ca\/wp-content\/uploads\/2023\/04\/SWAN_Niloofar-Hedayati-1-e1692911240671.png 400w, https:\/\/inclusivemap.ca\/wp-content\/uploads\/2023\/04\/SWAN_Niloofar-Hedayati-1-e1692911240671-150x150.png 150w, https:\/\/inclusivemap.ca\/wp-content\/uploads\/2023\/04\/SWAN_Niloofar-Hedayati-1-e1692911240671-300x300.png 300w, https:\/\/inclusivemap.ca\/wp-content\/uploads\/2023\/04\/SWAN_Niloofar-Hedayati-1-e1692911240671-80x80.png 80w\" sizes=\"auto, (max-width: 400px) 100vw, 400px\" \/><\/figure><div class=\"wp-block-media-text__content\">\n<p><strong>Nom :<\/strong> Niloofar<\/p>\n\n\n\n<p><strong>R\u00f4le :<\/strong> Je suis la coordinatrice du projet SWAN (Stakeholders&rsquo; walkability\/wheelability audit in neighbourhoods).<\/p>\n<\/div><\/div>\n\n<p><strong>1) D&rsquo;o\u00f9 venez-vous et o\u00f9 avez-vous \u00e9tudi\u00e9 ?<\/strong><\/p>\n\n<p>J&rsquo;ai r\u00e9cemment quitt\u00e9 l&rsquo;Iran pour m&rsquo;installer au Canada et je poursuis actuellement mon deuxi\u00e8me master en g\u00e9rontologie \u00e0 la SFU. Mes \u00e9tudes ant\u00e9rieures comprennent une licence et une ma\u00eetrise en architecture, et je me concentre maintenant sur la cr\u00e9ation d&rsquo;environnements b\u00e2tis adapt\u00e9s aux personnes \u00e2g\u00e9es.<\/p>\n\n<p> <strong>2) Qu\u2019est-ce qui vous motive \u00e0 rendre le monde plus accessible ?<\/strong> <\/p>\n\n<p>Ce qui me pousse vraiment \u00e0 rendre le monde plus accessible, c&rsquo;est ma croyance en l&rsquo;\u00e9galit\u00e9 des droits pour tous. Dans mon pays d&rsquo;origine, j&rsquo;ai observ\u00e9 un nombre important de personnes \u00e2g\u00e9es et de personnes avec des incapacit\u00e9s qui sont cach\u00e9es de la soci\u00e9t\u00e9 parce qu&rsquo;elles ne peuvent pas s&rsquo;orienter facilement dans le monde qui les entoure. Cette exp\u00e9rience m&rsquo;a profond\u00e9ment marqu\u00e9e et a nourri ma passion pour la d\u00e9fense du changement. Je suis fermement convaincue que tout le monde, en particulier les personnes \u00e2g\u00e9es, m\u00e9rite d&rsquo;\u00eatre vu et int\u00e9gr\u00e9, et je m&rsquo;engage \u00e0 cr\u00e9er une soci\u00e9t\u00e9 plus inclusive o\u00f9 tout le monde peut s&rsquo;\u00e9panouir.<\/p>\n\n<p><strong>3) Dans un langage simple, d\u00e9cris ton projet de recherche\/le projet dans lequel tu collabores. <\/strong><\/p>\n\n<p>Dans le cadre du projet SWAN, nous \u00e9tudions comment les environnements de quartier affectent la mobilit\u00e9 et l&rsquo;engagement social des personnes avec des incapacit\u00e9 sensoriels et cognitifs \u00e0 l&rsquo;aide de l&rsquo;outil SWAN. Ce projet utilise une approche communautaire, impliquant des personnes ayant v\u00e9cu des exp\u00e9riences des incapacit\u00e9s en tant que co-chercheurs dans le d\u00e9veloppement de l&rsquo;outil, la collecte de donn\u00e9es et le partage des connaissances. Par ailleurs, dans le cadre de mon propre projet de master, je me concentre sur la connectivit\u00e9 sociale des personnes atteintes de d\u00e9mence et vivant dans des \u00e9tablissements de soins de longue dur\u00e9e. Plus pr\u00e9cis\u00e9ment, j&rsquo;\u00e9tudie le r\u00f4le de l&rsquo;environnement physique dans la facilitation ou l&rsquo;entrave des interactions sociales entre les r\u00e9sidents.<\/p>\n\n<p><strong>4) Quel est votre talent cach\u00e9 et votre plus grande qualit\u00e9 ? <\/strong> <\/p>\n\n<p>Mon talent personnel et cach\u00e9 est ma capacit\u00e9 \u00e0 \u00e9crire des po\u00e8mes qui r\u00e9sonnent avec des \u00e9motions et des exp\u00e9riences. Je le fais uniquement pour le plaisir qu&rsquo;il me procure, en me plongeant dans la beaut\u00e9 de la langue et de l&rsquo;expression. Quant \u00e0 ma plus grande qualit\u00e9, je dirais que c&rsquo;est mon empathie. Je comprends profond\u00e9ment les exp\u00e9riences des autres et je m&rsquo;y identifie, ce qui alimente ma volont\u00e9 d&rsquo;avoir un impact positif sur leur vie.<\/p>\n\n<p><strong>5) Quelle est la meilleure fa\u00e7on de vous faire sourire ?<\/strong><\/p>\n\n<p>La meilleure fa\u00e7on de me faire sourire est de manger de la bonne nourriture. Qu&rsquo;il s&rsquo;agisse d&rsquo;essayer un nouveau plat dans un restaurant local ou de pr\u00e9parer un repas maison avec ses proches, la nourriture a une fa\u00e7on particuli\u00e8re d&rsquo;apporter de la joie \u00e0 ma journ\u00e9e.<\/p>\n\n<p><strong>6) Qu&rsquo;aimez-vous faire pendant vos loisirs ?<\/strong><\/p>\n\n<p>Pendant mon temps libre, j&rsquo;aime explorer la ville, me promener tranquillement pour d\u00e9couvrir de nouveaux endroits et des lieux int\u00e9ressants. J&rsquo;aime \u00e9galement \u00e9couter des podcasts et des livres audio, me plonger dans des histoires fascinantes et apprendre de nouvelles choses. En outre, j&rsquo;\u00e9prouve un grand plaisir \u00e0 lire des biographies, \u00e0 me plonger dans la vie et l&rsquo;exp\u00e9rience d&rsquo;individus remarquables.<\/p>\n\n<p><strong>7) Quel endroit du monde r\u00eavez-vous de visiter ?<\/strong><\/p>\n\n<p>Il y a tant d&rsquo;endroits dans le monde que je r\u00eave de visiter, car l&rsquo;un de mes plus grands r\u00eaves est de voyager dans le monde entier. En ce moment, j&rsquo;ai tr\u00e8s envie de visiter le Japon pour m&rsquo;impr\u00e9gner de sa culture et de ses traditions. J&rsquo;ai \u00e9galement envie d&rsquo;explorer l&rsquo;Europe, avec sa riche histoire et ses diverses cultures.<\/p>\n\n<p><strong>8) Quel est le livre ou le film qui vous a le plus inspir\u00e9 ? <\/strong><\/p>\n\n<p>L&rsquo;un des films que j&rsquo;ai vus et qui m&rsquo;a vraiment inspir\u00e9 est \u00ab\u00a0Green Book\u00a0\u00bb. Ce film, bas\u00e9 sur une histoire vraie, retrace l&rsquo;amiti\u00e9 improbable entre un videur italo-am\u00e9ricain de la classe ouvri\u00e8re et un pianiste afro-am\u00e9ricain lors d&rsquo;une tourn\u00e9e de concerts dans le Sud des \u00c9tats-Unis des ann\u00e9es 1960. Il s&rsquo;agit d&rsquo;une histoire puissante sur le d\u00e9passement des pr\u00e9jug\u00e9s, l&rsquo;\u00e9tablissement de liens authentiques et le pouvoir transformateur de l&#8217;empathie et de la compr\u00e9hension. Le livre vert a eu un impact durable sur moi, me rappelant l&rsquo;importance de l&#8217;empathie et de l&rsquo;\u00e9limination des barri\u00e8res.<\/p>\n\n<p>En ce qui concerne le livre, \u00ab\u00a0Un homme appel\u00e9 Ove\u00a0\u00bb de Fredrik Backman est l&rsquo;un de ceux qui m&rsquo;ont le plus inspir\u00e9. Ce roman retrace l&rsquo;histoire d&rsquo;Ove, un homme grincheux mais attachant qui trouve une nouvelle raison d&rsquo;\u00eatre de mani\u00e8re inattendue. Il s&rsquo;agit d&rsquo;une histoire r\u00e9confortante sur les liens humains, le pouvoir de la communaut\u00e9 et la beaut\u00e9 des secondes chances. Un homme appel\u00e9 Ove\u00a0\u00bb a touch\u00e9 mon c\u0153ur et m&rsquo;a rappel\u00e9 l&rsquo;impact profond que la gentillesse et la compassion peuvent avoir sur nos vies.<\/p>\n\n<p><strong>9) Si vous pouviez d\u00eener avec un chercheur\/scientifique\/clinicien\/personne connu, qui serait-il et pourquoi ?<\/strong><\/p>\n\n<p>Si je pouvais d\u00eener avec un chercheur connu du pass\u00e9, je choisirais Edward T. Hall. Hall \u00e9tait un anthropologue r\u00e9put\u00e9 pour ses travaux dans le domaine de la communication interculturelle et de la compr\u00e9hension des diff\u00e9rences culturelles. Ses th\u00e9ories sur la prox\u00e9mique et l\u2019impact de la culture sur la communication ont eu une influence profonde sur mon propre travail. J\u2019aurais aim\u00e9 avoir l\u2019occasion de discuter avec lui des nuances de la communication interculturelle, de l\u2019importance de la sensibilisation culturelle et de la mani\u00e8re dont nous pouvons combler les foss\u00e9s entre les diff\u00e9rentes cultures pour un monde plus interconnect\u00e9.   <br\/><\/p>\n\n<div class=\"wp-block-buttons alignwide is-layout-flex wp-block-buttons-is-layout-flex\">\n<div class=\"wp-block-button has-custom-width wp-block-button__width-50 has-custom-font-size aligncenter is-style-outline has-small-font-size is-style-outline--1\"><a class=\"wp-block-button__link has-primary-color has-tertiary-background-color has-text-color has-background has-link-color wp-element-button\" href=\"https:\/\/inclusivemap.ca\/fr\/bulletin\/bulletin-dinformation-numero-4\/\" style=\"padding-top:var(--wp--preset--spacing--50);padding-bottom:var(--wp--preset--spacing--50)\">Retour a la newsletter<\/a><\/div>\n<\/div>\n","protected":false},"excerpt":{"rendered":"<p>Nom : Niloofar R\u00f4le : Je suis la coordinatrice du projet SWAN (Stakeholders&rsquo; walkability\/wheelability audit in neighbourhoods). 1) D&rsquo;o\u00f9 venez-vous et o\u00f9 avez-vous \u00e9tudi\u00e9 ? J&rsquo;ai r\u00e9cemment quitt\u00e9 l&rsquo;Iran pour m&rsquo;installer au Canada et je poursuis actuellement mon deuxi\u00e8me master en g\u00e9rontologie \u00e0 la SFU. Mes \u00e9tudes ant\u00e9rieures comprennent une licence et une ma\u00eetrise en<a class=\"more-link\" href=\"https:\/\/inclusivemap.ca\/fr\/rendez-vous-avec-niloofar\/\">Poursuivre la lecture de <span class=\"screen-reader-text\">\u00ab\u00a0Rendez-Vous Avec Niloofar\u00a0\u00bb<\/span><\/a><\/p>\n","protected":false},"author":6,"featured_media":0,"parent":0,"menu_order":0,"comment_status":"closed","ping_status":"closed","template":"","meta":{"_acf_changed":false,"inline_featured_image":false,"footnotes":""},"publication_categories":[],"class_list":["post-3499","page","type-page","status-publish","hentry","entry"],"acf":[],"yoast_head":"<!-- This site is optimized with the Yoast SEO plugin v26.9 - https:\/\/yoast.com\/product\/yoast-seo-wordpress\/ -->\n<title>Rendez-Vous Avec Niloofar - Inclusivemap<\/title>\n<meta name=\"robots\" content=\"index, follow, max-snippet:-1, max-image-preview:large, max-video-preview:-1\" \/>\n<link rel=\"canonical\" href=\"https:\/\/inclusivemap.ca\/fr\/rendez-vous-avec-niloofar\/\" \/>\n<meta property=\"og:locale\" content=\"fr_FR\" \/>\n<meta property=\"og:type\" content=\"article\" \/>\n<meta property=\"og:title\" content=\"Rendez-Vous Avec Niloofar - Inclusivemap\" \/>\n<meta property=\"og:description\" content=\"Nom : Niloofar R\u00f4le : Je suis la coordinatrice du projet SWAN (Stakeholders&rsquo; walkability\/wheelability audit in neighbourhoods). 1) D&rsquo;o\u00f9 venez-vous et o\u00f9 avez-vous \u00e9tudi\u00e9 ? J&rsquo;ai r\u00e9cemment quitt\u00e9 l&rsquo;Iran pour m&rsquo;installer au Canada et je poursuis actuellement mon deuxi\u00e8me master en g\u00e9rontologie \u00e0 la SFU. Mes \u00e9tudes ant\u00e9rieures comprennent une licence et une ma\u00eetrise enPoursuivre la lecture de &quot;Rendez-Vous Avec Niloofar&quot;\" \/>\n<meta property=\"og:url\" content=\"https:\/\/inclusivemap.ca\/fr\/rendez-vous-avec-niloofar\/\" \/>\n<meta property=\"og:site_name\" content=\"Inclusivemap\" \/>\n<meta property=\"article:modified_time\" content=\"2024-11-20T00:04:47+00:00\" \/>\n<meta property=\"og:image\" content=\"https:\/\/inclusivemap.ca\/wp-content\/uploads\/2023\/04\/SWAN_Niloofar-Hedayati-1-e1692911240671.png\" \/>\n\t<meta property=\"og:image:width\" content=\"400\" \/>\n\t<meta property=\"og:image:height\" content=\"400\" \/>\n\t<meta property=\"og:image:type\" content=\"image\/png\" \/>\n<meta name=\"twitter:card\" content=\"summary_large_image\" \/>\n<meta name=\"twitter:label1\" content=\"Dur\u00e9e de lecture estim\u00e9e\" \/>\n\t<meta name=\"twitter:data1\" content=\"5 minutes\" \/>\n<script type=\"application\/ld+json\" class=\"yoast-schema-graph\">{\"@context\":\"https:\/\/schema.org\",\"@graph\":[{\"@type\":\"WebPage\",\"@id\":\"https:\/\/inclusivemap.ca\/fr\/rendez-vous-avec-niloofar\/\",\"url\":\"https:\/\/inclusivemap.ca\/fr\/rendez-vous-avec-niloofar\/\",\"name\":\"Rendez-Vous Avec Niloofar - Inclusivemap\",\"isPartOf\":{\"@id\":\"https:\/\/inclusivemap.ca\/fr\/#website\"},\"primaryImageOfPage\":{\"@id\":\"https:\/\/inclusivemap.ca\/fr\/rendez-vous-avec-niloofar\/#primaryimage\"},\"image\":{\"@id\":\"https:\/\/inclusivemap.ca\/fr\/rendez-vous-avec-niloofar\/#primaryimage\"},\"thumbnailUrl\":\"https:\/\/inclusivemap.ca\/wp-content\/uploads\/2023\/04\/SWAN_Niloofar-Hedayati-1-e1692911240671.png\",\"datePublished\":\"2024-06-12T23:30:12+00:00\",\"dateModified\":\"2024-11-20T00:04:47+00:00\",\"breadcrumb\":{\"@id\":\"https:\/\/inclusivemap.ca\/fr\/rendez-vous-avec-niloofar\/#breadcrumb\"},\"inLanguage\":\"fr-FR\",\"potentialAction\":[{\"@type\":\"ReadAction\",\"target\":[\"https:\/\/inclusivemap.ca\/fr\/rendez-vous-avec-niloofar\/\"]}]},{\"@type\":\"ImageObject\",\"inLanguage\":\"fr-FR\",\"@id\":\"https:\/\/inclusivemap.ca\/fr\/rendez-vous-avec-niloofar\/#primaryimage\",\"url\":\"https:\/\/inclusivemap.ca\/wp-content\/uploads\/2023\/04\/SWAN_Niloofar-Hedayati-1-e1692911240671.png\",\"contentUrl\":\"https:\/\/inclusivemap.ca\/wp-content\/uploads\/2023\/04\/SWAN_Niloofar-Hedayati-1-e1692911240671.png\"},{\"@type\":\"BreadcrumbList\",\"@id\":\"https:\/\/inclusivemap.ca\/fr\/rendez-vous-avec-niloofar\/#breadcrumb\",\"itemListElement\":[{\"@type\":\"ListItem\",\"position\":1,\"name\":\"Home\",\"item\":\"https:\/\/inclusivemap.ca\/fr\/\"},{\"@type\":\"ListItem\",\"position\":2,\"name\":\"Rendez-Vous Avec Niloofar\"}]},{\"@type\":\"WebSite\",\"@id\":\"https:\/\/inclusivemap.ca\/fr\/#website\",\"url\":\"https:\/\/inclusivemap.ca\/fr\/\",\"name\":\"Inclusivemap\",\"description\":\"MAP \u2013 Mobility | Access | Participation\",\"publisher\":{\"@id\":\"https:\/\/inclusivemap.ca\/fr\/#organization\"},\"potentialAction\":[{\"@type\":\"SearchAction\",\"target\":{\"@type\":\"EntryPoint\",\"urlTemplate\":\"https:\/\/inclusivemap.ca\/fr\/?s={search_term_string}\"},\"query-input\":{\"@type\":\"PropertyValueSpecification\",\"valueRequired\":true,\"valueName\":\"search_term_string\"}}],\"inLanguage\":\"fr-FR\"},{\"@type\":\"Organization\",\"@id\":\"https:\/\/inclusivemap.ca\/fr\/#organization\",\"name\":\"Inclusivemap\",\"url\":\"https:\/\/inclusivemap.ca\/fr\/\",\"logo\":{\"@type\":\"ImageObject\",\"inLanguage\":\"fr-FR\",\"@id\":\"https:\/\/inclusivemap.ca\/fr\/#\/schema\/logo\/image\/\",\"url\":\"https:\/\/inclusivemap.ca\/wp-content\/uploads\/2022\/07\/map_bigprint_lighterblue.png\",\"contentUrl\":\"https:\/\/inclusivemap.ca\/wp-content\/uploads\/2022\/07\/map_bigprint_lighterblue.png\",\"width\":8348,\"height\":4563,\"caption\":\"Inclusivemap\"},\"image\":{\"@id\":\"https:\/\/inclusivemap.ca\/fr\/#\/schema\/logo\/image\/\"}}]}<\/script>\n<!-- \/ Yoast SEO plugin. -->","yoast_head_json":{"title":"Rendez-Vous Avec Niloofar - Inclusivemap","robots":{"index":"index","follow":"follow","max-snippet":"max-snippet:-1","max-image-preview":"max-image-preview:large","max-video-preview":"max-video-preview:-1"},"canonical":"https:\/\/inclusivemap.ca\/fr\/rendez-vous-avec-niloofar\/","og_locale":"fr_FR","og_type":"article","og_title":"Rendez-Vous Avec Niloofar - Inclusivemap","og_description":"Nom : Niloofar R\u00f4le : Je suis la coordinatrice du projet SWAN (Stakeholders&rsquo; walkability\/wheelability audit in neighbourhoods). 1) D&rsquo;o\u00f9 venez-vous et o\u00f9 avez-vous \u00e9tudi\u00e9 ? J&rsquo;ai r\u00e9cemment quitt\u00e9 l&rsquo;Iran pour m&rsquo;installer au Canada et je poursuis actuellement mon deuxi\u00e8me master en g\u00e9rontologie \u00e0 la SFU. Mes \u00e9tudes ant\u00e9rieures comprennent une licence et une ma\u00eetrise enPoursuivre la lecture de \"Rendez-Vous Avec Niloofar\"","og_url":"https:\/\/inclusivemap.ca\/fr\/rendez-vous-avec-niloofar\/","og_site_name":"Inclusivemap","article_modified_time":"2024-11-20T00:04:47+00:00","og_image":[{"width":400,"height":400,"url":"https:\/\/inclusivemap.ca\/wp-content\/uploads\/2023\/04\/SWAN_Niloofar-Hedayati-1-e1692911240671.png","type":"image\/png"}],"twitter_card":"summary_large_image","twitter_misc":{"Dur\u00e9e de lecture estim\u00e9e":"5 minutes"},"schema":{"@context":"https:\/\/schema.org","@graph":[{"@type":"WebPage","@id":"https:\/\/inclusivemap.ca\/fr\/rendez-vous-avec-niloofar\/","url":"https:\/\/inclusivemap.ca\/fr\/rendez-vous-avec-niloofar\/","name":"Rendez-Vous Avec Niloofar - Inclusivemap","isPartOf":{"@id":"https:\/\/inclusivemap.ca\/fr\/#website"},"primaryImageOfPage":{"@id":"https:\/\/inclusivemap.ca\/fr\/rendez-vous-avec-niloofar\/#primaryimage"},"image":{"@id":"https:\/\/inclusivemap.ca\/fr\/rendez-vous-avec-niloofar\/#primaryimage"},"thumbnailUrl":"https:\/\/inclusivemap.ca\/wp-content\/uploads\/2023\/04\/SWAN_Niloofar-Hedayati-1-e1692911240671.png","datePublished":"2024-06-12T23:30:12+00:00","dateModified":"2024-11-20T00:04:47+00:00","breadcrumb":{"@id":"https:\/\/inclusivemap.ca\/fr\/rendez-vous-avec-niloofar\/#breadcrumb"},"inLanguage":"fr-FR","potentialAction":[{"@type":"ReadAction","target":["https:\/\/inclusivemap.ca\/fr\/rendez-vous-avec-niloofar\/"]}]},{"@type":"ImageObject","inLanguage":"fr-FR","@id":"https:\/\/inclusivemap.ca\/fr\/rendez-vous-avec-niloofar\/#primaryimage","url":"https:\/\/inclusivemap.ca\/wp-content\/uploads\/2023\/04\/SWAN_Niloofar-Hedayati-1-e1692911240671.png","contentUrl":"https:\/\/inclusivemap.ca\/wp-content\/uploads\/2023\/04\/SWAN_Niloofar-Hedayati-1-e1692911240671.png"},{"@type":"BreadcrumbList","@id":"https:\/\/inclusivemap.ca\/fr\/rendez-vous-avec-niloofar\/#breadcrumb","itemListElement":[{"@type":"ListItem","position":1,"name":"Home","item":"https:\/\/inclusivemap.ca\/fr\/"},{"@type":"ListItem","position":2,"name":"Rendez-Vous Avec Niloofar"}]},{"@type":"WebSite","@id":"https:\/\/inclusivemap.ca\/fr\/#website","url":"https:\/\/inclusivemap.ca\/fr\/","name":"Inclusivemap","description":"MAP \u2013 Mobility | Access | Participation","publisher":{"@id":"https:\/\/inclusivemap.ca\/fr\/#organization"},"potentialAction":[{"@type":"SearchAction","target":{"@type":"EntryPoint","urlTemplate":"https:\/\/inclusivemap.ca\/fr\/?s={search_term_string}"},"query-input":{"@type":"PropertyValueSpecification","valueRequired":true,"valueName":"search_term_string"}}],"inLanguage":"fr-FR"},{"@type":"Organization","@id":"https:\/\/inclusivemap.ca\/fr\/#organization","name":"Inclusivemap","url":"https:\/\/inclusivemap.ca\/fr\/","logo":{"@type":"ImageObject","inLanguage":"fr-FR","@id":"https:\/\/inclusivemap.ca\/fr\/#\/schema\/logo\/image\/","url":"https:\/\/inclusivemap.ca\/wp-content\/uploads\/2022\/07\/map_bigprint_lighterblue.png","contentUrl":"https:\/\/inclusivemap.ca\/wp-content\/uploads\/2022\/07\/map_bigprint_lighterblue.png","width":8348,"height":4563,"caption":"Inclusivemap"},"image":{"@id":"https:\/\/inclusivemap.ca\/fr\/#\/schema\/logo\/image\/"}}]}},"_links":{"self":[{"href":"https:\/\/inclusivemap.ca\/fr\/wp-json\/wp\/v2\/pages\/3499","targetHints":{"allow":["GET"]}}],"collection":[{"href":"https:\/\/inclusivemap.ca\/fr\/wp-json\/wp\/v2\/pages"}],"about":[{"href":"https:\/\/inclusivemap.ca\/fr\/wp-json\/wp\/v2\/types\/page"}],"author":[{"embeddable":true,"href":"https:\/\/inclusivemap.ca\/fr\/wp-json\/wp\/v2\/users\/6"}],"replies":[{"embeddable":true,"href":"https:\/\/inclusivemap.ca\/fr\/wp-json\/wp\/v2\/comments?post=3499"}],"version-history":[{"count":45,"href":"https:\/\/inclusivemap.ca\/fr\/wp-json\/wp\/v2\/pages\/3499\/revisions"}],"predecessor-version":[{"id":4705,"href":"https:\/\/inclusivemap.ca\/fr\/wp-json\/wp\/v2\/pages\/3499\/revisions\/4705"}],"wp:attachment":[{"href":"https:\/\/inclusivemap.ca\/fr\/wp-json\/wp\/v2\/media?parent=3499"}],"wp:term":[{"taxonomy":"publication_categories","embeddable":true,"href":"https:\/\/inclusivemap.ca\/fr\/wp-json\/wp\/v2\/publication_categories?post=3499"}],"curies":[{"name":"wp","href":"https:\/\/api.w.org\/{rel}","templated":true}]}}