{"id":3542,"date":"2024-06-18T21:31:31","date_gmt":"2024-06-18T21:31:31","guid":{"rendered":"https:\/\/inclusivemap.ca\/les-membres-de-lequipe-map-ont-participe-a-la-conference-increase-bc-le-17-avril-2024\/"},"modified":"2024-06-18T21:36:14","modified_gmt":"2024-06-18T21:36:14","slug":"les-membres-de-lequipe-map-ont-participe-a-la-conference-increase-bc-le-17-avril-2024","status":"publish","type":"page","link":"https:\/\/inclusivemap.ca\/fr\/les-membres-de-lequipe-map-ont-participe-a-la-conference-increase-bc-le-17-avril-2024\/","title":{"rendered":"Les membres de l&rsquo;\u00e9quipe MAP ont particip\u00e9 \u00e0 la conf\u00e9rence INCREASE BC le 17 avril 2024 !"},"content":{"rendered":"\n<p>D\u00e9couvrez quelques photos des membres de l&rsquo;\u00e9quipe participant \u00e0 la conf\u00e9rence :<\/p>\n\n<figure class=\"wp-block-image size-large is-resized\"><img loading=\"lazy\" decoding=\"async\" width=\"1024\" height=\"724\" src=\"https:\/\/inclusivemap.ca\/wp-content\/uploads\/2024\/05\/INCREASE-BC-2024-04-17-at-5.58.46-PM-1024x724.jpeg\" alt=\"\" class=\"wp-image-3308\" style=\"width:618px;height:auto\" srcset=\"https:\/\/inclusivemap.ca\/wp-content\/uploads\/2024\/05\/INCREASE-BC-2024-04-17-at-5.58.46-PM-1024x724.jpeg 1024w, https:\/\/inclusivemap.ca\/wp-content\/uploads\/2024\/05\/INCREASE-BC-2024-04-17-at-5.58.46-PM-400x283.jpeg 400w, https:\/\/inclusivemap.ca\/wp-content\/uploads\/2024\/05\/INCREASE-BC-2024-04-17-at-5.58.46-PM-300x212.jpeg 300w, https:\/\/inclusivemap.ca\/wp-content\/uploads\/2024\/05\/INCREASE-BC-2024-04-17-at-5.58.46-PM-768x543.jpeg 768w, https:\/\/inclusivemap.ca\/wp-content\/uploads\/2024\/05\/INCREASE-BC-2024-04-17-at-5.58.46-PM.jpeg 1094w\" sizes=\"auto, (max-width: 1024px) 100vw, 1024px\" \/><figcaption class=\"wp-element-caption\">Membres de l&rsquo;\u00e9quipe MAP \u00e0 la conf\u00e9rence Increase BC le 17 avril 2024. Rang\u00e9e du haut, de gauche \u00e0 droite : Ben Mortenson, Jessie Hall, Janice Chan, Tyrone Scales, Sobhan Poormasjedi. Rang\u00e9e du bas, de gauche \u00e0 droite : Jodine Perkins, Sophia Sauvageau, Gillian Bever.<\/figcaption><\/figure>\n<figure class=\"wp-block-image size-large is-resized\"><img loading=\"lazy\" decoding=\"async\" width=\"1024\" height=\"498\" src=\"https:\/\/inclusivemap.ca\/wp-content\/uploads\/2024\/05\/INCREASE-BC-Cycle-Lane-1024x498.jpeg\" alt=\"\" class=\"wp-image-3310\" style=\"width:618px;height:auto\" srcset=\"https:\/\/inclusivemap.ca\/wp-content\/uploads\/2024\/05\/INCREASE-BC-Cycle-Lane-1024x498.jpeg 1024w, https:\/\/inclusivemap.ca\/wp-content\/uploads\/2024\/05\/INCREASE-BC-Cycle-Lane-400x195.jpeg 400w, https:\/\/inclusivemap.ca\/wp-content\/uploads\/2024\/05\/INCREASE-BC-Cycle-Lane-300x146.jpeg 300w, https:\/\/inclusivemap.ca\/wp-content\/uploads\/2024\/05\/INCREASE-BC-Cycle-Lane-768x374.jpeg 768w, https:\/\/inclusivemap.ca\/wp-content\/uploads\/2024\/05\/INCREASE-BC-Cycle-Lane-1536x747.jpeg 1536w, https:\/\/inclusivemap.ca\/wp-content\/uploads\/2024\/05\/INCREASE-BC-Cycle-Lane-1568x763.jpeg 1568w, https:\/\/inclusivemap.ca\/wp-content\/uploads\/2024\/05\/INCREASE-BC-Cycle-Lane.jpeg 2048w\" sizes=\"auto, (max-width: 1024px) 100vw, 1024px\" \/><figcaption class=\"wp-element-caption\">Les membres du projet Cycle Lane posant \u00e0 c\u00f4t\u00e9 de leur affiche. De gauche \u00e0 droite : Gillian Bever, Ben Mortenson, Tyrone Scales, Jodine Perkins, Jessie Hall, Janice Chan.<\/figcaption><\/figure>\n<figure class=\"wp-block-image size-large is-resized\"><img loading=\"lazy\" decoding=\"async\" width=\"1024\" height=\"768\" src=\"https:\/\/inclusivemap.ca\/wp-content\/uploads\/2024\/06\/WhatsApp-Image-2024-05-16-at-9.07.04-AM-1024x768.jpeg\" alt=\"\" class=\"wp-image-3479\" style=\"width:614px;height:auto\" srcset=\"https:\/\/inclusivemap.ca\/wp-content\/uploads\/2024\/06\/WhatsApp-Image-2024-05-16-at-9.07.04-AM-1024x768.jpeg 1024w, https:\/\/inclusivemap.ca\/wp-content\/uploads\/2024\/06\/WhatsApp-Image-2024-05-16-at-9.07.04-AM-300x225.jpeg 300w, https:\/\/inclusivemap.ca\/wp-content\/uploads\/2024\/06\/WhatsApp-Image-2024-05-16-at-9.07.04-AM-768x576.jpeg 768w, https:\/\/inclusivemap.ca\/wp-content\/uploads\/2024\/06\/WhatsApp-Image-2024-05-16-at-9.07.04-AM-1536x1152.jpeg 1536w, https:\/\/inclusivemap.ca\/wp-content\/uploads\/2024\/06\/WhatsApp-Image-2024-05-16-at-9.07.04-AM-400x300.jpeg 400w, https:\/\/inclusivemap.ca\/wp-content\/uploads\/2024\/06\/WhatsApp-Image-2024-05-16-at-9.07.04-AM-1568x1176.jpeg 1568w, https:\/\/inclusivemap.ca\/wp-content\/uploads\/2024\/06\/WhatsApp-Image-2024-05-16-at-9.07.04-AM.jpeg 2048w\" sizes=\"auto, (max-width: 1024px) 100vw, 1024px\" \/><figcaption class=\"wp-element-caption\">Membres du laboratoire Matters \u00e0 c\u00f4t\u00e9 de l&rsquo;une des photos de Pegah lors de la conf\u00e9rence INCREASE BC. De gauche \u00e0 droite : Brittany Pousett, Adit Dhariwal, Gordon Tao, Bill Miller, Pegah Derakhshan, Himani Vaishnav, Ethan Simpson.<\/figcaption><\/figure>","protected":false},"excerpt":{"rendered":"<p>D\u00e9couvrez quelques photos des membres de l&rsquo;\u00e9quipe participant \u00e0 la conf\u00e9rence :<\/p>\n","protected":false},"author":6,"featured_media":0,"parent":0,"menu_order":0,"comment_status":"closed","ping_status":"closed","template":"","meta":{"_acf_changed":false,"inline_featured_image":false,"footnotes":""},"publication_categories":[],"class_list":["post-3542","page","type-page","status-publish","hentry","entry"],"acf":[],"yoast_head":"<!-- This site is optimized with the Yoast SEO plugin v26.9 - https:\/\/yoast.com\/product\/yoast-seo-wordpress\/ -->\n<title>Les membres de l&#039;\u00e9quipe MAP ont particip\u00e9 \u00e0 la conf\u00e9rence INCREASE BC le 17 avril 2024 ! - Inclusivemap<\/title>\n<meta name=\"robots\" content=\"index, follow, max-snippet:-1, max-image-preview:large, max-video-preview:-1\" \/>\n<link rel=\"canonical\" href=\"https:\/\/inclusivemap.ca\/fr\/les-membres-de-lequipe-map-ont-participe-a-la-conference-increase-bc-le-17-avril-2024\/\" \/>\n<meta property=\"og:locale\" content=\"fr_FR\" \/>\n<meta property=\"og:type\" content=\"article\" \/>\n<meta property=\"og:title\" content=\"Les membres de l&#039;\u00e9quipe MAP ont particip\u00e9 \u00e0 la conf\u00e9rence INCREASE BC le 17 avril 2024 ! - Inclusivemap\" \/>\n<meta property=\"og:description\" content=\"D\u00e9couvrez quelques photos des membres de l&rsquo;\u00e9quipe participant \u00e0 la conf\u00e9rence :\" \/>\n<meta property=\"og:url\" content=\"https:\/\/inclusivemap.ca\/fr\/les-membres-de-lequipe-map-ont-participe-a-la-conference-increase-bc-le-17-avril-2024\/\" \/>\n<meta property=\"og:site_name\" content=\"Inclusivemap\" \/>\n<meta property=\"article:modified_time\" content=\"2024-06-18T21:36:14+00:00\" \/>\n<meta property=\"og:image\" content=\"https:\/\/inclusivemap.ca\/wp-content\/uploads\/2024\/05\/INCREASE-BC-2024-04-17-at-5.58.46-PM-1024x724.jpeg\" \/>\n<meta name=\"twitter:card\" content=\"summary_large_image\" \/>\n<meta name=\"twitter:label1\" content=\"Dur\u00e9e de lecture estim\u00e9e\" \/>\n\t<meta name=\"twitter:data1\" content=\"1 minute\" \/>\n<script type=\"application\/ld+json\" class=\"yoast-schema-graph\">{\"@context\":\"https:\/\/schema.org\",\"@graph\":[{\"@type\":\"WebPage\",\"@id\":\"https:\/\/inclusivemap.ca\/fr\/les-membres-de-lequipe-map-ont-participe-a-la-conference-increase-bc-le-17-avril-2024\/\",\"url\":\"https:\/\/inclusivemap.ca\/fr\/les-membres-de-lequipe-map-ont-participe-a-la-conference-increase-bc-le-17-avril-2024\/\",\"name\":\"Les membres de l'\u00e9quipe MAP ont particip\u00e9 \u00e0 la conf\u00e9rence INCREASE BC le 17 avril 2024 ! - Inclusivemap\",\"isPartOf\":{\"@id\":\"https:\/\/inclusivemap.ca\/fr\/#website\"},\"primaryImageOfPage\":{\"@id\":\"https:\/\/inclusivemap.ca\/fr\/les-membres-de-lequipe-map-ont-participe-a-la-conference-increase-bc-le-17-avril-2024\/#primaryimage\"},\"image\":{\"@id\":\"https:\/\/inclusivemap.ca\/fr\/les-membres-de-lequipe-map-ont-participe-a-la-conference-increase-bc-le-17-avril-2024\/#primaryimage\"},\"thumbnailUrl\":\"https:\/\/inclusivemap.ca\/wp-content\/uploads\/2024\/05\/INCREASE-BC-2024-04-17-at-5.58.46-PM-1024x724.jpeg\",\"datePublished\":\"2024-06-18T21:31:31+00:00\",\"dateModified\":\"2024-06-18T21:36:14+00:00\",\"breadcrumb\":{\"@id\":\"https:\/\/inclusivemap.ca\/fr\/les-membres-de-lequipe-map-ont-participe-a-la-conference-increase-bc-le-17-avril-2024\/#breadcrumb\"},\"inLanguage\":\"fr-FR\",\"potentialAction\":[{\"@type\":\"ReadAction\",\"target\":[\"https:\/\/inclusivemap.ca\/fr\/les-membres-de-lequipe-map-ont-participe-a-la-conference-increase-bc-le-17-avril-2024\/\"]}]},{\"@type\":\"ImageObject\",\"inLanguage\":\"fr-FR\",\"@id\":\"https:\/\/inclusivemap.ca\/fr\/les-membres-de-lequipe-map-ont-participe-a-la-conference-increase-bc-le-17-avril-2024\/#primaryimage\",\"url\":\"https:\/\/inclusivemap.ca\/wp-content\/uploads\/2024\/05\/INCREASE-BC-2024-04-17-at-5.58.46-PM-1024x724.jpeg\",\"contentUrl\":\"https:\/\/inclusivemap.ca\/wp-content\/uploads\/2024\/05\/INCREASE-BC-2024-04-17-at-5.58.46-PM-1024x724.jpeg\"},{\"@type\":\"BreadcrumbList\",\"@id\":\"https:\/\/inclusivemap.ca\/fr\/les-membres-de-lequipe-map-ont-participe-a-la-conference-increase-bc-le-17-avril-2024\/#breadcrumb\",\"itemListElement\":[{\"@type\":\"ListItem\",\"position\":1,\"name\":\"Home\",\"item\":\"https:\/\/inclusivemap.ca\/fr\/\"},{\"@type\":\"ListItem\",\"position\":2,\"name\":\"Les membres de l&#8217;\u00e9quipe MAP ont particip\u00e9 \u00e0 la conf\u00e9rence INCREASE BC le 17 avril 2024 !\"}]},{\"@type\":\"WebSite\",\"@id\":\"https:\/\/inclusivemap.ca\/fr\/#website\",\"url\":\"https:\/\/inclusivemap.ca\/fr\/\",\"name\":\"Inclusivemap\",\"description\":\"MAP \u2013 Mobility | Access | Participation\",\"publisher\":{\"@id\":\"https:\/\/inclusivemap.ca\/fr\/#organization\"},\"potentialAction\":[{\"@type\":\"SearchAction\",\"target\":{\"@type\":\"EntryPoint\",\"urlTemplate\":\"https:\/\/inclusivemap.ca\/fr\/?s={search_term_string}\"},\"query-input\":{\"@type\":\"PropertyValueSpecification\",\"valueRequired\":true,\"valueName\":\"search_term_string\"}}],\"inLanguage\":\"fr-FR\"},{\"@type\":\"Organization\",\"@id\":\"https:\/\/inclusivemap.ca\/fr\/#organization\",\"name\":\"Inclusivemap\",\"url\":\"https:\/\/inclusivemap.ca\/fr\/\",\"logo\":{\"@type\":\"ImageObject\",\"inLanguage\":\"fr-FR\",\"@id\":\"https:\/\/inclusivemap.ca\/fr\/#\/schema\/logo\/image\/\",\"url\":\"https:\/\/inclusivemap.ca\/wp-content\/uploads\/2022\/07\/map_bigprint_lighterblue.png\",\"contentUrl\":\"https:\/\/inclusivemap.ca\/wp-content\/uploads\/2022\/07\/map_bigprint_lighterblue.png\",\"width\":8348,\"height\":4563,\"caption\":\"Inclusivemap\"},\"image\":{\"@id\":\"https:\/\/inclusivemap.ca\/fr\/#\/schema\/logo\/image\/\"}}]}<\/script>\n<!-- \/ Yoast SEO plugin. -->","yoast_head_json":{"title":"Les membres de l'\u00e9quipe MAP ont particip\u00e9 \u00e0 la conf\u00e9rence INCREASE BC le 17 avril 2024 ! - Inclusivemap","robots":{"index":"index","follow":"follow","max-snippet":"max-snippet:-1","max-image-preview":"max-image-preview:large","max-video-preview":"max-video-preview:-1"},"canonical":"https:\/\/inclusivemap.ca\/fr\/les-membres-de-lequipe-map-ont-participe-a-la-conference-increase-bc-le-17-avril-2024\/","og_locale":"fr_FR","og_type":"article","og_title":"Les membres de l'\u00e9quipe MAP ont particip\u00e9 \u00e0 la conf\u00e9rence INCREASE BC le 17 avril 2024 ! - Inclusivemap","og_description":"D\u00e9couvrez quelques photos des membres de l&rsquo;\u00e9quipe participant \u00e0 la conf\u00e9rence :","og_url":"https:\/\/inclusivemap.ca\/fr\/les-membres-de-lequipe-map-ont-participe-a-la-conference-increase-bc-le-17-avril-2024\/","og_site_name":"Inclusivemap","article_modified_time":"2024-06-18T21:36:14+00:00","og_image":[{"url":"https:\/\/inclusivemap.ca\/wp-content\/uploads\/2024\/05\/INCREASE-BC-2024-04-17-at-5.58.46-PM-1024x724.jpeg","type":"","width":"","height":""}],"twitter_card":"summary_large_image","twitter_misc":{"Dur\u00e9e de lecture estim\u00e9e":"1 minute"},"schema":{"@context":"https:\/\/schema.org","@graph":[{"@type":"WebPage","@id":"https:\/\/inclusivemap.ca\/fr\/les-membres-de-lequipe-map-ont-participe-a-la-conference-increase-bc-le-17-avril-2024\/","url":"https:\/\/inclusivemap.ca\/fr\/les-membres-de-lequipe-map-ont-participe-a-la-conference-increase-bc-le-17-avril-2024\/","name":"Les membres de l'\u00e9quipe MAP ont particip\u00e9 \u00e0 la conf\u00e9rence INCREASE BC le 17 avril 2024 ! - Inclusivemap","isPartOf":{"@id":"https:\/\/inclusivemap.ca\/fr\/#website"},"primaryImageOfPage":{"@id":"https:\/\/inclusivemap.ca\/fr\/les-membres-de-lequipe-map-ont-participe-a-la-conference-increase-bc-le-17-avril-2024\/#primaryimage"},"image":{"@id":"https:\/\/inclusivemap.ca\/fr\/les-membres-de-lequipe-map-ont-participe-a-la-conference-increase-bc-le-17-avril-2024\/#primaryimage"},"thumbnailUrl":"https:\/\/inclusivemap.ca\/wp-content\/uploads\/2024\/05\/INCREASE-BC-2024-04-17-at-5.58.46-PM-1024x724.jpeg","datePublished":"2024-06-18T21:31:31+00:00","dateModified":"2024-06-18T21:36:14+00:00","breadcrumb":{"@id":"https:\/\/inclusivemap.ca\/fr\/les-membres-de-lequipe-map-ont-participe-a-la-conference-increase-bc-le-17-avril-2024\/#breadcrumb"},"inLanguage":"fr-FR","potentialAction":[{"@type":"ReadAction","target":["https:\/\/inclusivemap.ca\/fr\/les-membres-de-lequipe-map-ont-participe-a-la-conference-increase-bc-le-17-avril-2024\/"]}]},{"@type":"ImageObject","inLanguage":"fr-FR","@id":"https:\/\/inclusivemap.ca\/fr\/les-membres-de-lequipe-map-ont-participe-a-la-conference-increase-bc-le-17-avril-2024\/#primaryimage","url":"https:\/\/inclusivemap.ca\/wp-content\/uploads\/2024\/05\/INCREASE-BC-2024-04-17-at-5.58.46-PM-1024x724.jpeg","contentUrl":"https:\/\/inclusivemap.ca\/wp-content\/uploads\/2024\/05\/INCREASE-BC-2024-04-17-at-5.58.46-PM-1024x724.jpeg"},{"@type":"BreadcrumbList","@id":"https:\/\/inclusivemap.ca\/fr\/les-membres-de-lequipe-map-ont-participe-a-la-conference-increase-bc-le-17-avril-2024\/#breadcrumb","itemListElement":[{"@type":"ListItem","position":1,"name":"Home","item":"https:\/\/inclusivemap.ca\/fr\/"},{"@type":"ListItem","position":2,"name":"Les membres de l&#8217;\u00e9quipe MAP ont particip\u00e9 \u00e0 la conf\u00e9rence INCREASE BC le 17 avril 2024 !"}]},{"@type":"WebSite","@id":"https:\/\/inclusivemap.ca\/fr\/#website","url":"https:\/\/inclusivemap.ca\/fr\/","name":"Inclusivemap","description":"MAP \u2013 Mobility | Access | Participation","publisher":{"@id":"https:\/\/inclusivemap.ca\/fr\/#organization"},"potentialAction":[{"@type":"SearchAction","target":{"@type":"EntryPoint","urlTemplate":"https:\/\/inclusivemap.ca\/fr\/?s={search_term_string}"},"query-input":{"@type":"PropertyValueSpecification","valueRequired":true,"valueName":"search_term_string"}}],"inLanguage":"fr-FR"},{"@type":"Organization","@id":"https:\/\/inclusivemap.ca\/fr\/#organization","name":"Inclusivemap","url":"https:\/\/inclusivemap.ca\/fr\/","logo":{"@type":"ImageObject","inLanguage":"fr-FR","@id":"https:\/\/inclusivemap.ca\/fr\/#\/schema\/logo\/image\/","url":"https:\/\/inclusivemap.ca\/wp-content\/uploads\/2022\/07\/map_bigprint_lighterblue.png","contentUrl":"https:\/\/inclusivemap.ca\/wp-content\/uploads\/2022\/07\/map_bigprint_lighterblue.png","width":8348,"height":4563,"caption":"Inclusivemap"},"image":{"@id":"https:\/\/inclusivemap.ca\/fr\/#\/schema\/logo\/image\/"}}]}},"_links":{"self":[{"href":"https:\/\/inclusivemap.ca\/fr\/wp-json\/wp\/v2\/pages\/3542","targetHints":{"allow":["GET"]}}],"collection":[{"href":"https:\/\/inclusivemap.ca\/fr\/wp-json\/wp\/v2\/pages"}],"about":[{"href":"https:\/\/inclusivemap.ca\/fr\/wp-json\/wp\/v2\/types\/page"}],"author":[{"embeddable":true,"href":"https:\/\/inclusivemap.ca\/fr\/wp-json\/wp\/v2\/users\/6"}],"replies":[{"embeddable":true,"href":"https:\/\/inclusivemap.ca\/fr\/wp-json\/wp\/v2\/comments?post=3542"}],"version-history":[{"count":1,"href":"https:\/\/inclusivemap.ca\/fr\/wp-json\/wp\/v2\/pages\/3542\/revisions"}],"predecessor-version":[{"id":3543,"href":"https:\/\/inclusivemap.ca\/fr\/wp-json\/wp\/v2\/pages\/3542\/revisions\/3543"}],"wp:attachment":[{"href":"https:\/\/inclusivemap.ca\/fr\/wp-json\/wp\/v2\/media?parent=3542"}],"wp:term":[{"taxonomy":"publication_categories","embeddable":true,"href":"https:\/\/inclusivemap.ca\/fr\/wp-json\/wp\/v2\/publication_categories?post=3542"}],"curies":[{"name":"wp","href":"https:\/\/api.w.org\/{rel}","templated":true}]}}