{"id":3570,"date":"2024-05-08T00:09:34","date_gmt":"2024-05-08T00:09:34","guid":{"rendered":"https:\/\/inclusivemap.ca\/nouvelles-et-annonces\/"},"modified":"2024-11-08T18:30:14","modified_gmt":"2024-11-08T18:30:14","slug":"nouvelles-et-annonces","status":"publish","type":"page","link":"https:\/\/inclusivemap.ca\/fr\/nouvelles-et-annonces\/","title":{"rendered":"Nouvelles et annonces"},"content":{"rendered":"\n<p>Les membres de l&rsquo;\u00e9quipe MAP n&rsquo;ont pas ch\u00f4m\u00e9 ces derniers mois ! En savoir plus sur les nouveaux partenariats, les pr\u00e9sentations de conf\u00e9rences, la mobilisation des connaissances, l&rsquo;attribution de subventions et bien d&rsquo;autres choses encore !<\/p>\n\n\n\n<figure class=\"wp-block-gallery has-nested-images columns-default is-cropped wp-block-gallery-1 is-layout-flex wp-block-gallery-is-layout-flex\">\n<figure class=\"wp-block-image size-large\"><img loading=\"lazy\" decoding=\"async\" width=\"1024\" height=\"682\" data-id=\"3526\" src=\"https:\/\/inclusivemap.ca\/wp-content\/uploads\/2024\/06\/NEWRepar-2024-171-1024x682.jpg\" alt=\"\" class=\"wp-image-3526\" srcset=\"https:\/\/inclusivemap.ca\/wp-content\/uploads\/2024\/06\/NEWRepar-2024-171-1024x682.jpg 1024w, https:\/\/inclusivemap.ca\/wp-content\/uploads\/2024\/06\/NEWRepar-2024-171-300x200.jpg 300w, https:\/\/inclusivemap.ca\/wp-content\/uploads\/2024\/06\/NEWRepar-2024-171-768x511.jpg 768w, https:\/\/inclusivemap.ca\/wp-content\/uploads\/2024\/06\/NEWRepar-2024-171-1536x1022.jpg 1536w, https:\/\/inclusivemap.ca\/wp-content\/uploads\/2024\/06\/NEWRepar-2024-171-400x266.jpg 400w, https:\/\/inclusivemap.ca\/wp-content\/uploads\/2024\/06\/NEWRepar-2024-171-1568x1044.jpg 1568w, https:\/\/inclusivemap.ca\/wp-content\/uploads\/2024\/06\/NEWRepar-2024-171.jpg 2048w\" sizes=\"auto, (max-width: 1024px) 100vw, 1024px\" \/><\/figure>\n\n\n\n<figure class=\"wp-block-image size-large\"><img loading=\"lazy\" decoding=\"async\" width=\"1024\" height=\"682\" data-id=\"3530\" src=\"https:\/\/inclusivemap.ca\/wp-content\/uploads\/2024\/06\/New3-1024x682.jpg\" alt=\"\" class=\"wp-image-3530\" srcset=\"https:\/\/inclusivemap.ca\/wp-content\/uploads\/2024\/06\/New3-1024x682.jpg 1024w, https:\/\/inclusivemap.ca\/wp-content\/uploads\/2024\/06\/New3-300x200.jpg 300w, https:\/\/inclusivemap.ca\/wp-content\/uploads\/2024\/06\/New3-768x511.jpg 768w, https:\/\/inclusivemap.ca\/wp-content\/uploads\/2024\/06\/New3-1536x1022.jpg 1536w, https:\/\/inclusivemap.ca\/wp-content\/uploads\/2024\/06\/New3-400x266.jpg 400w, https:\/\/inclusivemap.ca\/wp-content\/uploads\/2024\/06\/New3-1568x1044.jpg 1568w, https:\/\/inclusivemap.ca\/wp-content\/uploads\/2024\/06\/New3.jpg 2048w\" sizes=\"auto, (max-width: 1024px) 100vw, 1024px\" \/><\/figure>\n\n\n\n<figure class=\"wp-block-image size-large\"><img loading=\"lazy\" decoding=\"async\" width=\"1024\" height=\"682\" data-id=\"3532\" src=\"https:\/\/inclusivemap.ca\/wp-content\/uploads\/2024\/06\/new4-1024x682.jpg\" alt=\"\" class=\"wp-image-3532\" srcset=\"https:\/\/inclusivemap.ca\/wp-content\/uploads\/2024\/06\/new4-1024x682.jpg 1024w, https:\/\/inclusivemap.ca\/wp-content\/uploads\/2024\/06\/new4-300x200.jpg 300w, https:\/\/inclusivemap.ca\/wp-content\/uploads\/2024\/06\/new4-768x511.jpg 768w, https:\/\/inclusivemap.ca\/wp-content\/uploads\/2024\/06\/new4-1536x1022.jpg 1536w, https:\/\/inclusivemap.ca\/wp-content\/uploads\/2024\/06\/new4-400x266.jpg 400w, https:\/\/inclusivemap.ca\/wp-content\/uploads\/2024\/06\/new4-1568x1044.jpg 1568w, https:\/\/inclusivemap.ca\/wp-content\/uploads\/2024\/06\/new4.jpg 2048w\" sizes=\"auto, (max-width: 1024px) 100vw, 1024px\" \/><\/figure>\n<\/figure>\n\n\n\n<h2 class=\"wp-block-heading\">Partenariats<\/h2>\n\n\n\n<ul class=\"wp-block-list\">\n<li>L&rsquo;\u00e9quipe <a href=\"https:\/\/inclusivemap.ca\/fr\/project\/acces-a-lavion-developpement-de-recommandations-basees-sur-lutilisateur-pour-aider-les-personnes-atteintes-de-lesions-medullaires-a-voyager-en-avion\/\">Acc\u00e8s \u00e0 l&rsquo;avion<\/a> est heureuse d&rsquo;annoncer un nouveau partenariat avec \u00ab Paralyzed Veterans of America&nbsp;\u00bb! Pour en savoir plus sur le travail qu&rsquo;ils accomplissent en mati\u00e8re d&rsquo;accessibilit\u00e9 des transports a\u00e9riens, consultez leur site Web <a href=\"https:\/\/pva.org\/\">ICI<\/a>.<\/li>\n\n\n\n<li>Le <a href=\"https:\/\/inclusivemap.ca\/fr\/project\/projet-dinfrastructure-de-trottoirs\/\">projet Sidewalk<\/a> s&rsquo;associe \u00e0 la <a href=\"https:\/\/burnabynh.ca\/\">Burnaby Neighbourhood House<\/a> pour structurer la collecte de donn\u00e9es avec le groupe de leadership des jeunes, ainsi qu&rsquo;avec les adultes plus \u00e2g\u00e9s.<\/li>\n<\/ul>\n\n\n\n<h2 class=\"wp-block-heading\">Subventions<\/h2>\n\n\n\n<ul class=\"wp-block-list\">\n<li>Le projet ICAN WALK a \u00e9t\u00e9 r\u00e9compens\u00e9 par le FRQS 2024-2026, cat\u00e9gorie Postdoctorat. Le projet a \u00e9t\u00e9 class\u00e9 2e sur 21 par le comit\u00e9 de s\u00e9lection du FRQS ! F\u00e9licitations \u00e0 <a href=\"https:\/\/inclusivemap.ca\/fr\/person\/felix-nindorera\/\">Felix Nindorera<\/a>, <a href=\"https:\/\/inclusivemap.ca\/fr\/person\/krista-best\/\">Krista Best<\/a>, <a href=\"https:\/\/inclusivemap.ca\/fr\/person\/bill-miller\/\">Bill Miller<\/a> et <a href=\"https:\/\/inclusivemap.ca\/fr\/person\/francois-routhier\/\">Fran\u00e7ois Routhier<\/a> !<\/li>\n\n\n\n<li>L&rsquo;\u00e9quipe du <a href=\"https:\/\/inclusivemap.ca\/fr\/project\/projet-dinfrastructure-de-trottoirs\/\">projet Sidewalk<\/a> a re\u00e7u une subvention du CRSH dans le cadre du programme Partnership Engage afin de poursuivre la cartographie des quartiers qu&rsquo;elle a entam\u00e9e l&rsquo;\u00e9t\u00e9 dernier dans la ville de Burnaby !<\/li>\n<\/ul>\n\n\n\n<h2 class=\"wp-block-heading\">Mobilisation des connaissances<\/h2>\n\n\n\n<ul class=\"wp-block-list\">\n<li>F\u00e9licitations \u00e0 Atiya Mahmood et aux membres de l&rsquo;\u00e9quipe MAP SFU pour le d\u00e9veloppement de <strong>GERO 840 <\/strong>: Le cours \u00ab Developing Inclusive Urban Streetscape \u00bb qui a \u00e9t\u00e9 offert comme cours de deuxi\u00e8me cycle en g\u00e9rontologie au printemps 2024.\n<ul class=\"wp-block-list\">\n<li>Les \u00e9tudiants qui ont suivi le cours ont r\u00e9dig\u00e9 un rapport qu&rsquo;ils ont pr\u00e9sent\u00e9 \u00e0 la ville de Vancouver. Une vid\u00e9o de pr\u00e9sentation a \u00e9t\u00e9 d\u00e9velopp\u00e9e comme outil de mobilisation des connaissances. Lire le rapport et regarder la vid\u00e9o <a href=\"https:\/\/inclusivemap.ca\/fr\/stepping-up-ameliorer-la-mobilite-urbaine-la-sante-et-linclusion-grace-a-linvestissement-dans-les-trottoirs-de-la-ville-de-vancouver\/\">ICI.<\/a><\/li>\n<\/ul>\n<\/li>\n<\/ul>\n\n\n\n<h2 class=\"wp-block-heading\">Conf\u00e9rences<\/h2>\n\n\n\n<ul class=\"wp-block-list\">\n<li>Les membres de l&rsquo;\u00e9quipe MAP ont particip\u00e9 au <a href=\"https:\/\/repar.ca\/3e-congres-quebecois-de-recherche-en-adaptation-readaptation-3rd-quebec-congress-in-adaptation-rehabilitation-research-2\/\">Congr\u00e8s REPAR<\/a> les 23 et 24 mai 2024<a href=\"https:\/\/inclusivemap.ca\/fr\/les-membres-de-lequipe-map-ont-participe-au-congres-repar-les-23-et-24-mai-2024\/\">.<\/a>\n<ul class=\"wp-block-list\">\n<li><a href=\"https:\/\/inclusivemap.ca\/fr\/person\/beatrice-ouellet\/\">B\u00e9atrice Ouellet<\/a>, <a href=\"https:\/\/inclusivemap.ca\/fr\/person\/marie-helene-verret-corriveau\/\">Marie-H\u00e9l\u00e8ne Verret-Corriveau<\/a>, Joanie B\u00e9dard, <a href=\"https:\/\/inclusivemap.ca\/fr\/person\/felix-nindorera\/\">F\u00e9lix Nindorera<\/a>, <a href=\"https:\/\/inclusivemap.ca\/fr\/person\/maelle-corcuff\/\">Ma\u00eblle Corcuff<\/a>, Claudel Mwaka, <a href=\"https:\/\/inclusivemap.ca\/fr\/person\/alicia-ruiz-rodrigo\/\">Alicia Ruiz Rodrigo<\/a> and <a href=\"https:\/\/inclusivemap.ca\/fr\/person\/margaux-hebinck\/\">Margaux Hebinck<\/a> participated in a poster session.<\/li>\n\n\n\n<li>F\u00e9licitations \u00e0 Joanie pour son affiche qui a \u00e9t\u00e9 \u00e9lue la meilleure par les participants \u00e0 la conf\u00e9rence !<\/li>\n\n\n\n<li><a href=\"https:\/\/inclusivemap.ca\/fr\/person\/krista-best\/\">Krista Best<\/a> a anim\u00e9 une activit\u00e9 \u00ab Dans l\u2019oeil du dragon \u00bb lors de la conf\u00e9rence !<\/li>\n\n\n\n<li><a href=\"https:\/\/inclusivemap.ca\/fr\/person\/ernesto-morales\/\">Ernesto Morales<\/a>, Laura Monetta et <a href=\"https:\/\/inclusivemap.ca\/fr\/person\/alicia-ruiz-rodrigo\/\">Alicia Ruiz Rodrigo<\/a> ont pr\u00e9sent\u00e9 <a href=\"https:\/\/inclusivemap.ca\/fr\/project\/historic-building-accessibility-standards\/\">AXC \u00e0 Heritage<\/a> !<\/li>\n<\/ul>\n<\/li>\n<\/ul>\n\n\n\n<div class=\"wp-block-buttons is-layout-flex wp-block-buttons-is-layout-flex\">\n<div class=\"wp-block-button\"><a class=\"wp-block-button__link wp-element-button\" href=\"https:\/\/inclusivemap.ca\/fr\/les-membres-de-lequipe-map-ont-participe-au-congres-repar-les-23-et-24-mai-2024\/\" target=\"_blank\" rel=\"noreferrer noopener\">D\u00e9couvrez les photos des membres de l&rsquo;\u00e9quipe MAP au Congr\u00e8s REPAR<\/a><\/div>\n<\/div>\n\n\n\n<ul class=\"wp-block-list\">\n<li>Les membres de l&rsquo;\u00e9quipe MAP ont particip\u00e9 au <a href=\"https:\/\/wfnr-congress.org\/\">congr\u00e8s mondial de neuror\u00e9habilitation<\/a> du 22 au 25 mai 2024.\n<ul class=\"wp-block-list\">\n<li>L&rsquo;\u00e9quipe <a href=\"https:\/\/inclusivemap.ca\/fr\/project\/un-systeme-communautaire-de-partage-dappareils-et-accessoires-fonctionnels-recreatifs-rad\/\">RAD<\/a> a pr\u00e9sent\u00e9 un poster sur les obstacles et les facilitateurs de l&rsquo;activit\u00e9 physique adaptative en plein air pour les personnes \u00e0 mobilit\u00e9 r\u00e9duite !<\/li>\n<\/ul>\n<\/li>\n\n\n\n<li>Les membres de l&rsquo;\u00e9quipe MAP ont particip\u00e9 \u00e0 la conf\u00e9rence <a href=\"https:\/\/agingsmart.ca\/event\/increase-bc-conference-2024\/\">INCREASE BC<\/a> le 17 avril 2024 !\n<ul class=\"wp-block-list\">\n<li>F\u00e9licitations \u00e0 <a href=\"https:\/\/inclusivemap.ca\/fr\/person\/pegah-derakhshan\/\">Pegah Derakhshan<\/a> qui a pr\u00e9sent\u00e9 deux posters :\n<ul class=\"wp-block-list\">\n<li>Am\u00e9liorer la participation et le soutien des personnes \u00e0 mobilit\u00e9 r\u00e9duite aux activit\u00e9s physiques de loisir.<\/li>\n\n\n\n<li>\u00c9valuation de la qualit\u00e9 des ressources COVID-19 actuellement d\u00e9velopp\u00e9es pour les personnes souffrant de l\u00e9sions de la moelle \u00e9pini\u00e8re<\/li>\n<\/ul>\n<\/li>\n\n\n\n<li>L&rsquo;\u00e9quipe du projet de piste cyclable a pr\u00e9sent\u00e9 un poster et s&rsquo;est vu d\u00e9cerner le deuxi\u00e8me prix du poster pour la session de l&rsquo;apr\u00e8s-midi. Un travail remarquable <a href=\"https:\/\/inclusivemap.ca\/fr\/person\/alfiya-battalova\/\">Alfiya Battalova<\/a>,&nbsp;<a href=\"https:\/\/inclusivemap.ca\/fr\/person\/tyrone-scales\/\">Tyrone Scales<\/a>,&nbsp;<a href=\"https:\/\/inclusivemap.ca\/fr\/person\/gillian-bever\/\">Gillian Bever<\/a>,&nbsp;<a href=\"https:\/\/inclusivemap.ca\/fr\/person\/janice-chan\/\">Janice&nbsp;Chan<\/a>,&nbsp;<a href=\"https:\/\/inclusivemap.ca\/fr\/person\/jessie-hall\/\">Jessie Hall<\/a>,&nbsp;<a href=\"https:\/\/inclusivemap.ca\/fr\/person\/bill-miller\/\">Bill Miller,<\/a>&nbsp;<a href=\"https:\/\/inclusivemap.ca\/fr\/person\/ben-mortenson\/\">Ben Mortenson<\/a>, and <a href=\"https:\/\/inclusivemap.ca\/fr\/person\/jodine-perkins\/\">Jodine Perkins!<\/a><\/li>\n<\/ul>\n<\/li>\n<\/ul>\n\n\n\n<div class=\"wp-block-buttons is-layout-flex wp-block-buttons-is-layout-flex\">\n<div class=\"wp-block-button\"><a class=\"wp-block-button__link wp-element-button\" href=\"https:\/\/inclusivemap.ca\/fr\/les-membres-de-lequipe-map-ont-participe-a-la-conference-increase-bc-le-17-avril-2024\/\" target=\"_blank\" rel=\"noreferrer noopener\">D\u00e9couvrez les photos des membres de l&rsquo;\u00e9quipe MAP \u00e0 la conf\u00e9rence Increase BC<\/a><\/div>\n<\/div>\n\n\n\n<div class=\"wp-block-buttons is-layout-flex wp-block-buttons-is-layout-flex\">\n<div class=\"wp-block-button\"><a class=\"wp-block-button__link wp-element-button\" href=\"https:\/\/inclusivemap.ca\/fr\/bulletin\/bulletin-dinformation-numero-4\/\">Retour au bulletin d&rsquo;information<\/a><\/div>\n<\/div>\n","protected":false},"excerpt":{"rendered":"<p>Les membres de l&rsquo;\u00e9quipe MAP n&rsquo;ont pas ch\u00f4m\u00e9 ces derniers mois ! En savoir plus sur les nouveaux partenariats, les pr\u00e9sentations de conf\u00e9rences, la mobilisation des connaissances, l&rsquo;attribution de subventions et bien d&rsquo;autres choses encore ! Partenariats Subventions Mobilisation des connaissances Conf\u00e9rences<\/p>\n","protected":false},"author":6,"featured_media":0,"parent":0,"menu_order":0,"comment_status":"closed","ping_status":"closed","template":"","meta":{"_acf_changed":false,"inline_featured_image":false,"footnotes":""},"publication_categories":[],"class_list":["post-3570","page","type-page","status-publish","hentry","entry"],"acf":[],"yoast_head":"<!-- This site is optimized with the Yoast SEO plugin v26.9 - https:\/\/yoast.com\/product\/yoast-seo-wordpress\/ -->\n<title>Nouvelles et annonces - Inclusivemap<\/title>\n<meta name=\"robots\" content=\"index, follow, max-snippet:-1, max-image-preview:large, max-video-preview:-1\" \/>\n<link rel=\"canonical\" href=\"https:\/\/inclusivemap.ca\/fr\/nouvelles-et-annonces\/\" \/>\n<meta property=\"og:locale\" content=\"fr_FR\" \/>\n<meta property=\"og:type\" content=\"article\" \/>\n<meta property=\"og:title\" content=\"Nouvelles et annonces - Inclusivemap\" \/>\n<meta property=\"og:description\" content=\"Les membres de l&rsquo;\u00e9quipe MAP n&rsquo;ont pas ch\u00f4m\u00e9 ces derniers mois ! En savoir plus sur les nouveaux partenariats, les pr\u00e9sentations de conf\u00e9rences, la mobilisation des connaissances, l&rsquo;attribution de subventions et bien d&rsquo;autres choses encore ! Partenariats Subventions Mobilisation des connaissances Conf\u00e9rences\" \/>\n<meta property=\"og:url\" content=\"https:\/\/inclusivemap.ca\/fr\/nouvelles-et-annonces\/\" \/>\n<meta property=\"og:site_name\" content=\"Inclusivemap\" \/>\n<meta property=\"article:modified_time\" content=\"2024-11-08T18:30:14+00:00\" \/>\n<meta property=\"og:image\" content=\"https:\/\/inclusivemap.ca\/wp-content\/uploads\/2024\/06\/NEWRepar-2024-171.jpg\" \/>\n\t<meta property=\"og:image:width\" content=\"2048\" \/>\n\t<meta property=\"og:image:height\" content=\"1363\" \/>\n\t<meta property=\"og:image:type\" content=\"image\/jpeg\" \/>\n<meta name=\"twitter:card\" content=\"summary_large_image\" \/>\n<meta name=\"twitter:label1\" content=\"Dur\u00e9e de lecture estim\u00e9e\" \/>\n\t<meta name=\"twitter:data1\" content=\"3 minutes\" \/>\n<script type=\"application\/ld+json\" class=\"yoast-schema-graph\">{\"@context\":\"https:\/\/schema.org\",\"@graph\":[{\"@type\":\"WebPage\",\"@id\":\"https:\/\/inclusivemap.ca\/fr\/nouvelles-et-annonces\/\",\"url\":\"https:\/\/inclusivemap.ca\/fr\/nouvelles-et-annonces\/\",\"name\":\"Nouvelles et annonces - Inclusivemap\",\"isPartOf\":{\"@id\":\"https:\/\/inclusivemap.ca\/fr\/#website\"},\"primaryImageOfPage\":{\"@id\":\"https:\/\/inclusivemap.ca\/fr\/nouvelles-et-annonces\/#primaryimage\"},\"image\":{\"@id\":\"https:\/\/inclusivemap.ca\/fr\/nouvelles-et-annonces\/#primaryimage\"},\"thumbnailUrl\":\"https:\/\/inclusivemap.ca\/wp-content\/uploads\/2024\/06\/NEWRepar-2024-171-1024x682.jpg\",\"datePublished\":\"2024-05-08T00:09:34+00:00\",\"dateModified\":\"2024-11-08T18:30:14+00:00\",\"breadcrumb\":{\"@id\":\"https:\/\/inclusivemap.ca\/fr\/nouvelles-et-annonces\/#breadcrumb\"},\"inLanguage\":\"fr-FR\",\"potentialAction\":[{\"@type\":\"ReadAction\",\"target\":[\"https:\/\/inclusivemap.ca\/fr\/nouvelles-et-annonces\/\"]}]},{\"@type\":\"ImageObject\",\"inLanguage\":\"fr-FR\",\"@id\":\"https:\/\/inclusivemap.ca\/fr\/nouvelles-et-annonces\/#primaryimage\",\"url\":\"https:\/\/inclusivemap.ca\/wp-content\/uploads\/2024\/06\/NEWRepar-2024-171-1024x682.jpg\",\"contentUrl\":\"https:\/\/inclusivemap.ca\/wp-content\/uploads\/2024\/06\/NEWRepar-2024-171-1024x682.jpg\"},{\"@type\":\"BreadcrumbList\",\"@id\":\"https:\/\/inclusivemap.ca\/fr\/nouvelles-et-annonces\/#breadcrumb\",\"itemListElement\":[{\"@type\":\"ListItem\",\"position\":1,\"name\":\"Home\",\"item\":\"https:\/\/inclusivemap.ca\/fr\/\"},{\"@type\":\"ListItem\",\"position\":2,\"name\":\"Nouvelles et annonces\"}]},{\"@type\":\"WebSite\",\"@id\":\"https:\/\/inclusivemap.ca\/fr\/#website\",\"url\":\"https:\/\/inclusivemap.ca\/fr\/\",\"name\":\"Inclusivemap\",\"description\":\"MAP \u2013 Mobility | Access | Participation\",\"publisher\":{\"@id\":\"https:\/\/inclusivemap.ca\/fr\/#organization\"},\"potentialAction\":[{\"@type\":\"SearchAction\",\"target\":{\"@type\":\"EntryPoint\",\"urlTemplate\":\"https:\/\/inclusivemap.ca\/fr\/?s={search_term_string}\"},\"query-input\":{\"@type\":\"PropertyValueSpecification\",\"valueRequired\":true,\"valueName\":\"search_term_string\"}}],\"inLanguage\":\"fr-FR\"},{\"@type\":\"Organization\",\"@id\":\"https:\/\/inclusivemap.ca\/fr\/#organization\",\"name\":\"Inclusivemap\",\"url\":\"https:\/\/inclusivemap.ca\/fr\/\",\"logo\":{\"@type\":\"ImageObject\",\"inLanguage\":\"fr-FR\",\"@id\":\"https:\/\/inclusivemap.ca\/fr\/#\/schema\/logo\/image\/\",\"url\":\"https:\/\/inclusivemap.ca\/wp-content\/uploads\/2022\/07\/map_bigprint_lighterblue.png\",\"contentUrl\":\"https:\/\/inclusivemap.ca\/wp-content\/uploads\/2022\/07\/map_bigprint_lighterblue.png\",\"width\":8348,\"height\":4563,\"caption\":\"Inclusivemap\"},\"image\":{\"@id\":\"https:\/\/inclusivemap.ca\/fr\/#\/schema\/logo\/image\/\"}}]}<\/script>\n<!-- \/ Yoast SEO plugin. -->","yoast_head_json":{"title":"Nouvelles et annonces - Inclusivemap","robots":{"index":"index","follow":"follow","max-snippet":"max-snippet:-1","max-image-preview":"max-image-preview:large","max-video-preview":"max-video-preview:-1"},"canonical":"https:\/\/inclusivemap.ca\/fr\/nouvelles-et-annonces\/","og_locale":"fr_FR","og_type":"article","og_title":"Nouvelles et annonces - Inclusivemap","og_description":"Les membres de l&rsquo;\u00e9quipe MAP n&rsquo;ont pas ch\u00f4m\u00e9 ces derniers mois ! En savoir plus sur les nouveaux partenariats, les pr\u00e9sentations de conf\u00e9rences, la mobilisation des connaissances, l&rsquo;attribution de subventions et bien d&rsquo;autres choses encore ! Partenariats Subventions Mobilisation des connaissances Conf\u00e9rences","og_url":"https:\/\/inclusivemap.ca\/fr\/nouvelles-et-annonces\/","og_site_name":"Inclusivemap","article_modified_time":"2024-11-08T18:30:14+00:00","og_image":[{"width":2048,"height":1363,"url":"https:\/\/inclusivemap.ca\/wp-content\/uploads\/2024\/06\/NEWRepar-2024-171.jpg","type":"image\/jpeg"}],"twitter_card":"summary_large_image","twitter_misc":{"Dur\u00e9e de lecture estim\u00e9e":"3 minutes"},"schema":{"@context":"https:\/\/schema.org","@graph":[{"@type":"WebPage","@id":"https:\/\/inclusivemap.ca\/fr\/nouvelles-et-annonces\/","url":"https:\/\/inclusivemap.ca\/fr\/nouvelles-et-annonces\/","name":"Nouvelles et annonces - Inclusivemap","isPartOf":{"@id":"https:\/\/inclusivemap.ca\/fr\/#website"},"primaryImageOfPage":{"@id":"https:\/\/inclusivemap.ca\/fr\/nouvelles-et-annonces\/#primaryimage"},"image":{"@id":"https:\/\/inclusivemap.ca\/fr\/nouvelles-et-annonces\/#primaryimage"},"thumbnailUrl":"https:\/\/inclusivemap.ca\/wp-content\/uploads\/2024\/06\/NEWRepar-2024-171-1024x682.jpg","datePublished":"2024-05-08T00:09:34+00:00","dateModified":"2024-11-08T18:30:14+00:00","breadcrumb":{"@id":"https:\/\/inclusivemap.ca\/fr\/nouvelles-et-annonces\/#breadcrumb"},"inLanguage":"fr-FR","potentialAction":[{"@type":"ReadAction","target":["https:\/\/inclusivemap.ca\/fr\/nouvelles-et-annonces\/"]}]},{"@type":"ImageObject","inLanguage":"fr-FR","@id":"https:\/\/inclusivemap.ca\/fr\/nouvelles-et-annonces\/#primaryimage","url":"https:\/\/inclusivemap.ca\/wp-content\/uploads\/2024\/06\/NEWRepar-2024-171-1024x682.jpg","contentUrl":"https:\/\/inclusivemap.ca\/wp-content\/uploads\/2024\/06\/NEWRepar-2024-171-1024x682.jpg"},{"@type":"BreadcrumbList","@id":"https:\/\/inclusivemap.ca\/fr\/nouvelles-et-annonces\/#breadcrumb","itemListElement":[{"@type":"ListItem","position":1,"name":"Home","item":"https:\/\/inclusivemap.ca\/fr\/"},{"@type":"ListItem","position":2,"name":"Nouvelles et annonces"}]},{"@type":"WebSite","@id":"https:\/\/inclusivemap.ca\/fr\/#website","url":"https:\/\/inclusivemap.ca\/fr\/","name":"Inclusivemap","description":"MAP \u2013 Mobility | Access | Participation","publisher":{"@id":"https:\/\/inclusivemap.ca\/fr\/#organization"},"potentialAction":[{"@type":"SearchAction","target":{"@type":"EntryPoint","urlTemplate":"https:\/\/inclusivemap.ca\/fr\/?s={search_term_string}"},"query-input":{"@type":"PropertyValueSpecification","valueRequired":true,"valueName":"search_term_string"}}],"inLanguage":"fr-FR"},{"@type":"Organization","@id":"https:\/\/inclusivemap.ca\/fr\/#organization","name":"Inclusivemap","url":"https:\/\/inclusivemap.ca\/fr\/","logo":{"@type":"ImageObject","inLanguage":"fr-FR","@id":"https:\/\/inclusivemap.ca\/fr\/#\/schema\/logo\/image\/","url":"https:\/\/inclusivemap.ca\/wp-content\/uploads\/2022\/07\/map_bigprint_lighterblue.png","contentUrl":"https:\/\/inclusivemap.ca\/wp-content\/uploads\/2022\/07\/map_bigprint_lighterblue.png","width":8348,"height":4563,"caption":"Inclusivemap"},"image":{"@id":"https:\/\/inclusivemap.ca\/fr\/#\/schema\/logo\/image\/"}}]}},"_links":{"self":[{"href":"https:\/\/inclusivemap.ca\/fr\/wp-json\/wp\/v2\/pages\/3570","targetHints":{"allow":["GET"]}}],"collection":[{"href":"https:\/\/inclusivemap.ca\/fr\/wp-json\/wp\/v2\/pages"}],"about":[{"href":"https:\/\/inclusivemap.ca\/fr\/wp-json\/wp\/v2\/types\/page"}],"author":[{"embeddable":true,"href":"https:\/\/inclusivemap.ca\/fr\/wp-json\/wp\/v2\/users\/6"}],"replies":[{"embeddable":true,"href":"https:\/\/inclusivemap.ca\/fr\/wp-json\/wp\/v2\/comments?post=3570"}],"version-history":[{"count":32,"href":"https:\/\/inclusivemap.ca\/fr\/wp-json\/wp\/v2\/pages\/3570\/revisions"}],"predecessor-version":[{"id":4582,"href":"https:\/\/inclusivemap.ca\/fr\/wp-json\/wp\/v2\/pages\/3570\/revisions\/4582"}],"wp:attachment":[{"href":"https:\/\/inclusivemap.ca\/fr\/wp-json\/wp\/v2\/media?parent=3570"}],"wp:term":[{"taxonomy":"publication_categories","embeddable":true,"href":"https:\/\/inclusivemap.ca\/fr\/wp-json\/wp\/v2\/publication_categories?post=3570"}],"curies":[{"name":"wp","href":"https:\/\/api.w.org\/{rel}","templated":true}]}}