{"id":3725,"date":"2024-07-12T23:08:18","date_gmt":"2024-07-12T23:08:18","guid":{"rendered":"https:\/\/inclusivemap.ca\/reunion-nationale-map-2024-perspectives-communautaires-sur-les-modes-efficaces-dapplication-des-connaissances-kt\/"},"modified":"2024-11-06T23:37:38","modified_gmt":"2024-11-06T23:37:38","slug":"reunion-nationale-map-2024-perspectives-communautaires-sur-les-modes-efficaces-dapplication-des-connaissances-kt","status":"publish","type":"page","link":"https:\/\/inclusivemap.ca\/fr\/reunion-nationale-map-2024-perspectives-communautaires-sur-les-modes-efficaces-dapplication-des-connaissances-kt\/","title":{"rendered":"R\u00e9union nationale MAP 2024 : Perspectives communautaires sur les modes efficaces d&rsquo;application des connaissances (KT)."},"content":{"rendered":"\n<figure class=\"wp-block-gallery has-nested-images columns-default is-cropped wp-block-gallery-1 is-layout-flex wp-block-gallery-is-layout-flex\">\n<figure class=\"wp-block-image size-full\"><img loading=\"lazy\" decoding=\"async\" width=\"846\" height=\"429\" data-id=\"3879\" src=\"https:\/\/inclusivemap.ca\/wp-content\/uploads\/2024\/07\/frenchKT.jpg\" alt=\"\" class=\"wp-image-3879\" srcset=\"https:\/\/inclusivemap.ca\/wp-content\/uploads\/2024\/07\/frenchKT.jpg 846w, https:\/\/inclusivemap.ca\/wp-content\/uploads\/2024\/07\/frenchKT-300x152.jpg 300w, https:\/\/inclusivemap.ca\/wp-content\/uploads\/2024\/07\/frenchKT-768x389.jpg 768w, https:\/\/inclusivemap.ca\/wp-content\/uploads\/2024\/07\/frenchKT-400x203.jpg 400w\" sizes=\"auto, (max-width: 846px) 100vw, 846px\" \/><figcaption class=\"wp-element-caption\">perspectives d&rsquo;application des connaissances<\/figcaption><\/figure>\n<\/figure>\n\n\n\n<p>Le lundi 10 juin, les membres \u00e9tudiants et les partenaires de MAP se sont r\u00e9unis pour l&rsquo;atelier intitul\u00e9 : Mod\u00e8les et perspectives communautaires sur les modes efficaces d&rsquo;application des connaissances (AC). Les partenaires et les \u00e9tudiants se sont rencontr\u00e9s en personne et en ligne au Qu\u00e9bec et \u00e0 Vancouver. Une discussion informelle a eu lieu avec les partenaires communautaires afin d&rsquo;apprendre ce qui rend l&rsquo;application des connaissances (KT) efficace et comment elle peut aider \u00e0 r\u00e9pondre aux besoins et aux objectifs de l&rsquo;organisme partenaire. Voici quelques-unes des choses que nous avons apprises :\n<\/p>\n\n\n\n<p><strong>1) Le processus d&rsquo;application des connaissances devrait donner la priorit\u00e9 \u00e0 l&rsquo;\u00e9tablissement de relations et aux connaissances des partenaires communautaires.<\/strong> Les partenaires ont indiqu\u00e9 qu&rsquo;une KT r\u00e9ussie devrait impliquer une communication claire et appropri\u00e9e, la recherche de la confiance, une attitude positive, l&rsquo;\u00e9ducation, l&rsquo;\u00e9coute, le partage et l&rsquo;acc\u00e8s aux donn\u00e9es de recherche, la compr\u00e9hension mutuelle, un programme commun, une repr\u00e9sentation \u00e9quitable, un partenariat, des chercheurs soutenant les partenaires communautaires, une m\u00e9moire institutionnelle, la simplicit\u00e9, le travail d&rsquo;\u00e9quipe et la co-construction d&rsquo;outils.\n\n&nbsp;<\/p>\n\n\n\n<p><strong>2) Les produits et outils d&rsquo;application des connaissances doivent \u00eatre cibl\u00e9s et faciles \u00e0 comprendre.<\/strong> Les partenaires ont estim\u00e9 que KT devrait \u00eatre utile et significative pour les utilisateurs, applicable, reproductible, pratique et concr\u00e8te, cibl\u00e9e, adapt\u00e9e au public appropri\u00e9 (par exemple, l&rsquo;administration publique, les d\u00e9cideurs politiques), utiliser un vocabulaire appropri\u00e9, efficace, pertinente et r\u00e9pondre aux besoins existants.<\/p>\n\n\n\n<p><strong>3) L&rsquo;application des connaissances peut se faire \u00e0 l&rsquo;aide de diverses m\u00e9thodes pour atteindre diff\u00e9rents publics.<\/strong> Les partenaires ont sugg\u00e9r\u00e9 un certain nombre d&rsquo;approches, notamment des affiches, des pr\u00e9sentations lors de conf\u00e9rences, des formations, des campagnes et des r\u00e9sum\u00e9s des r\u00e9sultats de recherche.<\/p>\n\n\n\n<p><strong>4) Pour cr\u00e9er des produits d&rsquo;application des connaissances appropri\u00e9s, vous devez conna\u00eetre et comprendre votre public.<\/strong> Pour adapter correctement les connaissances \u00e0 l&rsquo;utilisateur, vous devez savoir ce que votre public cible souhaite savoir, quels sont ses besoins, ce qu&rsquo;il trouvera utile, ce qu&rsquo;il aura le temps de consommer, etc.<\/p>\n\n\n\n<p><strong>5) Pour que l&rsquo;application des connaissances soit couronn\u00e9e de succ\u00e8s, il convient de tenir compte du contexte et de veiller \u00e0 ce qu&rsquo;il soit favorable.<\/strong> Il est important de tenir compte du contexte social, politique, environnemental, culturel et organisationnel de votre KT. Par exemple, le sujet de recherche est-il d&rsquo;actualit\u00e9 dans les m\u00e9dias ? Y a-t-il des politiques et des r\u00e9glementations li\u00e9es \u00e0 la question qui sont en train de changer et pouvez-vous fournir votre AC au moment optimal pour avoir de l&rsquo;influence (sur l&rsquo;opinion publique, les d\u00e9cideurs politiques, etc.) ?<\/p>\n\n\n\n<p><strong>6) Planifier \u00e0 l&rsquo;avance avec les chercheurs et les partenaires communautaires.<\/strong> Reconna\u00eetre que chaque membre de l&rsquo;\u00e9quipe a ses propres comp\u00e9tences et exp\u00e9riences \u00e0 apporter. Valorisez ces exp\u00e9riences\/comp\u00e9tences dans le travail que vous effectuez en \u00e9quipe.<\/p>\n\n\n\n<p><strong>7) Apr\u00e8s avoir utilis\u00e9 l&rsquo;outil, vous devez \u00eatre en mesure d&rsquo;en analyser l&rsquo;impact.<\/strong> \u00c9valuer l&rsquo;utilit\u00e9 de l&rsquo;outil d&rsquo;KT afin de d\u00e9terminer ce qui a fonctionn\u00e9 et ce qui n&rsquo;a pas fonctionn\u00e9, afin de proc\u00e9der \u00e0 des ajustements ou d&rsquo;utiliser ces connaissances pour de futurs efforts de KT.<\/p>\n\n\n\n<p>Les participants ont \u00e9t\u00e9 invit\u00e9s \u00e0 utiliser Mentimeter (https:\/\/www.mentimeter.com\/) pour partager leurs id\u00e9es et faciliter la discussion. Vous pouvez consulter le compte rendu d\u00e9taill\u00e9 de la r\u00e9union dans le document suivant :<\/p>\n\n\n\n<div data-wp-interactive=\"core\/file\" class=\"wp-block-file\"><object data-wp-bind--hidden=\"!state.hasPdfPreview\" hidden class=\"wp-block-file__embed\" data=\"https:\/\/inclusivemap.ca\/wp-content\/uploads\/2024\/06\/MAP-Partner-KT-Perspectives-MentiMeter.pdf\" type=\"application\/pdf\" style=\"width:100%;height:600px\" aria-label=\"Contenu embarqu\u00e9 MAP-Partner-KT-Perspectives-MentiMeter.\"><\/object><a id=\"wp-block-file--media-d77cda39-ae93-4be4-9023-048b7dbad111\" href=\"https:\/\/inclusivemap.ca\/wp-content\/uploads\/2024\/06\/MAP-Partner-KT-Perspectives-MentiMeter.pdf\">MAP-Partner-KT-Perspectives-MentiMeter<\/a><a href=\"https:\/\/inclusivemap.ca\/wp-content\/uploads\/2024\/06\/MAP-Partner-KT-Perspectives-MentiMeter.pdf\" class=\"wp-block-file__button wp-element-button\" download aria-describedby=\"wp-block-file--media-d77cda39-ae93-4be4-9023-048b7dbad111\">T\u00e9l\u00e9chargez<\/a><\/div>\n\n\n\n<div class=\"wp-block-buttons is-layout-flex wp-block-buttons-is-layout-flex\">\n<div class=\"wp-block-button\"><a class=\"wp-block-button__link wp-element-button\" href=\"https:\/\/inclusivemap.ca\/fr\/bulletin\/bulletin-dinformation-numero-4\/\">Retour \u00e0 la lettre d&rsquo;information<\/a><\/div>\n<\/div>\n","protected":false},"excerpt":{"rendered":"<p>Le lundi 10 juin, les membres \u00e9tudiants et les partenaires de MAP se sont r\u00e9unis pour l&rsquo;atelier intitul\u00e9 : Mod\u00e8les et perspectives communautaires sur les modes efficaces d&rsquo;application des connaissances (AC). Les partenaires et les \u00e9tudiants se sont rencontr\u00e9s en personne et en ligne au Qu\u00e9bec et \u00e0 Vancouver. Une discussion informelle a eu lieu<a class=\"more-link\" href=\"https:\/\/inclusivemap.ca\/fr\/reunion-nationale-map-2024-perspectives-communautaires-sur-les-modes-efficaces-dapplication-des-connaissances-kt\/\">Poursuivre la lecture de <span class=\"screen-reader-text\">\u00ab\u00a0R\u00e9union nationale MAP 2024 : Perspectives communautaires sur les modes efficaces d&rsquo;application des connaissances (KT).\u00a0\u00bb<\/span><\/a><\/p>\n","protected":false},"author":6,"featured_media":0,"parent":0,"menu_order":0,"comment_status":"closed","ping_status":"closed","template":"","meta":{"_acf_changed":false,"inline_featured_image":false,"footnotes":""},"publication_categories":[],"class_list":["post-3725","page","type-page","status-publish","hentry","entry"],"acf":[],"yoast_head":"<!-- This site is optimized with the Yoast SEO plugin v26.9 - https:\/\/yoast.com\/product\/yoast-seo-wordpress\/ -->\n<title>R\u00e9union nationale MAP 2024 : Perspectives communautaires sur les modes efficaces d&#039;application des connaissances (KT). - Inclusivemap<\/title>\n<meta name=\"robots\" content=\"index, follow, max-snippet:-1, max-image-preview:large, max-video-preview:-1\" \/>\n<link rel=\"canonical\" href=\"https:\/\/inclusivemap.ca\/fr\/reunion-nationale-map-2024-perspectives-communautaires-sur-les-modes-efficaces-dapplication-des-connaissances-kt\/\" \/>\n<meta property=\"og:locale\" content=\"fr_FR\" \/>\n<meta property=\"og:type\" content=\"article\" \/>\n<meta property=\"og:title\" content=\"R\u00e9union nationale MAP 2024 : Perspectives communautaires sur les modes efficaces d&#039;application des connaissances (KT). - Inclusivemap\" \/>\n<meta property=\"og:description\" content=\"Le lundi 10 juin, les membres \u00e9tudiants et les partenaires de MAP se sont r\u00e9unis pour l&rsquo;atelier intitul\u00e9 : Mod\u00e8les et perspectives communautaires sur les modes efficaces d&rsquo;application des connaissances (AC). Les partenaires et les \u00e9tudiants se sont rencontr\u00e9s en personne et en ligne au Qu\u00e9bec et \u00e0 Vancouver. Une discussion informelle a eu lieuPoursuivre la lecture de &quot;R\u00e9union nationale MAP 2024 : Perspectives communautaires sur les modes efficaces d&rsquo;application des connaissances (KT).&quot;\" \/>\n<meta property=\"og:url\" content=\"https:\/\/inclusivemap.ca\/fr\/reunion-nationale-map-2024-perspectives-communautaires-sur-les-modes-efficaces-dapplication-des-connaissances-kt\/\" \/>\n<meta property=\"og:site_name\" content=\"Inclusivemap\" \/>\n<meta property=\"article:modified_time\" content=\"2024-11-06T23:37:38+00:00\" \/>\n<meta property=\"og:image\" content=\"https:\/\/inclusivemap.ca\/wp-content\/uploads\/2024\/07\/frenchKT.jpg\" \/>\n\t<meta property=\"og:image:width\" content=\"846\" \/>\n\t<meta property=\"og:image:height\" content=\"429\" \/>\n\t<meta property=\"og:image:type\" content=\"image\/jpeg\" \/>\n<meta name=\"twitter:card\" content=\"summary_large_image\" \/>\n<meta name=\"twitter:label1\" content=\"Dur\u00e9e de lecture estim\u00e9e\" \/>\n\t<meta name=\"twitter:data1\" content=\"3 minutes\" \/>\n<script type=\"application\/ld+json\" class=\"yoast-schema-graph\">{\"@context\":\"https:\/\/schema.org\",\"@graph\":[{\"@type\":\"WebPage\",\"@id\":\"https:\/\/inclusivemap.ca\/fr\/reunion-nationale-map-2024-perspectives-communautaires-sur-les-modes-efficaces-dapplication-des-connaissances-kt\/\",\"url\":\"https:\/\/inclusivemap.ca\/fr\/reunion-nationale-map-2024-perspectives-communautaires-sur-les-modes-efficaces-dapplication-des-connaissances-kt\/\",\"name\":\"R\u00e9union nationale MAP 2024 : Perspectives communautaires sur les modes efficaces d'application des connaissances (KT). - Inclusivemap\",\"isPartOf\":{\"@id\":\"https:\/\/inclusivemap.ca\/fr\/#website\"},\"primaryImageOfPage\":{\"@id\":\"https:\/\/inclusivemap.ca\/fr\/reunion-nationale-map-2024-perspectives-communautaires-sur-les-modes-efficaces-dapplication-des-connaissances-kt\/#primaryimage\"},\"image\":{\"@id\":\"https:\/\/inclusivemap.ca\/fr\/reunion-nationale-map-2024-perspectives-communautaires-sur-les-modes-efficaces-dapplication-des-connaissances-kt\/#primaryimage\"},\"thumbnailUrl\":\"https:\/\/inclusivemap.ca\/wp-content\/uploads\/2024\/07\/frenchKT.jpg\",\"datePublished\":\"2024-07-12T23:08:18+00:00\",\"dateModified\":\"2024-11-06T23:37:38+00:00\",\"breadcrumb\":{\"@id\":\"https:\/\/inclusivemap.ca\/fr\/reunion-nationale-map-2024-perspectives-communautaires-sur-les-modes-efficaces-dapplication-des-connaissances-kt\/#breadcrumb\"},\"inLanguage\":\"fr-FR\",\"potentialAction\":[{\"@type\":\"ReadAction\",\"target\":[\"https:\/\/inclusivemap.ca\/fr\/reunion-nationale-map-2024-perspectives-communautaires-sur-les-modes-efficaces-dapplication-des-connaissances-kt\/\"]}]},{\"@type\":\"ImageObject\",\"inLanguage\":\"fr-FR\",\"@id\":\"https:\/\/inclusivemap.ca\/fr\/reunion-nationale-map-2024-perspectives-communautaires-sur-les-modes-efficaces-dapplication-des-connaissances-kt\/#primaryimage\",\"url\":\"https:\/\/inclusivemap.ca\/wp-content\/uploads\/2024\/07\/frenchKT.jpg\",\"contentUrl\":\"https:\/\/inclusivemap.ca\/wp-content\/uploads\/2024\/07\/frenchKT.jpg\"},{\"@type\":\"BreadcrumbList\",\"@id\":\"https:\/\/inclusivemap.ca\/fr\/reunion-nationale-map-2024-perspectives-communautaires-sur-les-modes-efficaces-dapplication-des-connaissances-kt\/#breadcrumb\",\"itemListElement\":[{\"@type\":\"ListItem\",\"position\":1,\"name\":\"Home\",\"item\":\"https:\/\/inclusivemap.ca\/fr\/\"},{\"@type\":\"ListItem\",\"position\":2,\"name\":\"R\u00e9union nationale MAP 2024 : Perspectives communautaires sur les modes efficaces d&#8217;application des connaissances (KT).\"}]},{\"@type\":\"WebSite\",\"@id\":\"https:\/\/inclusivemap.ca\/fr\/#website\",\"url\":\"https:\/\/inclusivemap.ca\/fr\/\",\"name\":\"Inclusivemap\",\"description\":\"MAP \u2013 Mobility | Access | Participation\",\"publisher\":{\"@id\":\"https:\/\/inclusivemap.ca\/fr\/#organization\"},\"potentialAction\":[{\"@type\":\"SearchAction\",\"target\":{\"@type\":\"EntryPoint\",\"urlTemplate\":\"https:\/\/inclusivemap.ca\/fr\/?s={search_term_string}\"},\"query-input\":{\"@type\":\"PropertyValueSpecification\",\"valueRequired\":true,\"valueName\":\"search_term_string\"}}],\"inLanguage\":\"fr-FR\"},{\"@type\":\"Organization\",\"@id\":\"https:\/\/inclusivemap.ca\/fr\/#organization\",\"name\":\"Inclusivemap\",\"url\":\"https:\/\/inclusivemap.ca\/fr\/\",\"logo\":{\"@type\":\"ImageObject\",\"inLanguage\":\"fr-FR\",\"@id\":\"https:\/\/inclusivemap.ca\/fr\/#\/schema\/logo\/image\/\",\"url\":\"https:\/\/inclusivemap.ca\/wp-content\/uploads\/2022\/07\/map_bigprint_lighterblue.png\",\"contentUrl\":\"https:\/\/inclusivemap.ca\/wp-content\/uploads\/2022\/07\/map_bigprint_lighterblue.png\",\"width\":8348,\"height\":4563,\"caption\":\"Inclusivemap\"},\"image\":{\"@id\":\"https:\/\/inclusivemap.ca\/fr\/#\/schema\/logo\/image\/\"}}]}<\/script>\n<!-- \/ Yoast SEO plugin. -->","yoast_head_json":{"title":"R\u00e9union nationale MAP 2024 : Perspectives communautaires sur les modes efficaces d'application des connaissances (KT). - Inclusivemap","robots":{"index":"index","follow":"follow","max-snippet":"max-snippet:-1","max-image-preview":"max-image-preview:large","max-video-preview":"max-video-preview:-1"},"canonical":"https:\/\/inclusivemap.ca\/fr\/reunion-nationale-map-2024-perspectives-communautaires-sur-les-modes-efficaces-dapplication-des-connaissances-kt\/","og_locale":"fr_FR","og_type":"article","og_title":"R\u00e9union nationale MAP 2024 : Perspectives communautaires sur les modes efficaces d'application des connaissances (KT). - Inclusivemap","og_description":"Le lundi 10 juin, les membres \u00e9tudiants et les partenaires de MAP se sont r\u00e9unis pour l&rsquo;atelier intitul\u00e9 : Mod\u00e8les et perspectives communautaires sur les modes efficaces d&rsquo;application des connaissances (AC). Les partenaires et les \u00e9tudiants se sont rencontr\u00e9s en personne et en ligne au Qu\u00e9bec et \u00e0 Vancouver. Une discussion informelle a eu lieuPoursuivre la lecture de \"R\u00e9union nationale MAP 2024 : Perspectives communautaires sur les modes efficaces d&rsquo;application des connaissances (KT).\"","og_url":"https:\/\/inclusivemap.ca\/fr\/reunion-nationale-map-2024-perspectives-communautaires-sur-les-modes-efficaces-dapplication-des-connaissances-kt\/","og_site_name":"Inclusivemap","article_modified_time":"2024-11-06T23:37:38+00:00","og_image":[{"width":846,"height":429,"url":"https:\/\/inclusivemap.ca\/wp-content\/uploads\/2024\/07\/frenchKT.jpg","type":"image\/jpeg"}],"twitter_card":"summary_large_image","twitter_misc":{"Dur\u00e9e de lecture estim\u00e9e":"3 minutes"},"schema":{"@context":"https:\/\/schema.org","@graph":[{"@type":"WebPage","@id":"https:\/\/inclusivemap.ca\/fr\/reunion-nationale-map-2024-perspectives-communautaires-sur-les-modes-efficaces-dapplication-des-connaissances-kt\/","url":"https:\/\/inclusivemap.ca\/fr\/reunion-nationale-map-2024-perspectives-communautaires-sur-les-modes-efficaces-dapplication-des-connaissances-kt\/","name":"R\u00e9union nationale MAP 2024 : Perspectives communautaires sur les modes efficaces d'application des connaissances (KT). - Inclusivemap","isPartOf":{"@id":"https:\/\/inclusivemap.ca\/fr\/#website"},"primaryImageOfPage":{"@id":"https:\/\/inclusivemap.ca\/fr\/reunion-nationale-map-2024-perspectives-communautaires-sur-les-modes-efficaces-dapplication-des-connaissances-kt\/#primaryimage"},"image":{"@id":"https:\/\/inclusivemap.ca\/fr\/reunion-nationale-map-2024-perspectives-communautaires-sur-les-modes-efficaces-dapplication-des-connaissances-kt\/#primaryimage"},"thumbnailUrl":"https:\/\/inclusivemap.ca\/wp-content\/uploads\/2024\/07\/frenchKT.jpg","datePublished":"2024-07-12T23:08:18+00:00","dateModified":"2024-11-06T23:37:38+00:00","breadcrumb":{"@id":"https:\/\/inclusivemap.ca\/fr\/reunion-nationale-map-2024-perspectives-communautaires-sur-les-modes-efficaces-dapplication-des-connaissances-kt\/#breadcrumb"},"inLanguage":"fr-FR","potentialAction":[{"@type":"ReadAction","target":["https:\/\/inclusivemap.ca\/fr\/reunion-nationale-map-2024-perspectives-communautaires-sur-les-modes-efficaces-dapplication-des-connaissances-kt\/"]}]},{"@type":"ImageObject","inLanguage":"fr-FR","@id":"https:\/\/inclusivemap.ca\/fr\/reunion-nationale-map-2024-perspectives-communautaires-sur-les-modes-efficaces-dapplication-des-connaissances-kt\/#primaryimage","url":"https:\/\/inclusivemap.ca\/wp-content\/uploads\/2024\/07\/frenchKT.jpg","contentUrl":"https:\/\/inclusivemap.ca\/wp-content\/uploads\/2024\/07\/frenchKT.jpg"},{"@type":"BreadcrumbList","@id":"https:\/\/inclusivemap.ca\/fr\/reunion-nationale-map-2024-perspectives-communautaires-sur-les-modes-efficaces-dapplication-des-connaissances-kt\/#breadcrumb","itemListElement":[{"@type":"ListItem","position":1,"name":"Home","item":"https:\/\/inclusivemap.ca\/fr\/"},{"@type":"ListItem","position":2,"name":"R\u00e9union nationale MAP 2024 : Perspectives communautaires sur les modes efficaces d&#8217;application des connaissances (KT)."}]},{"@type":"WebSite","@id":"https:\/\/inclusivemap.ca\/fr\/#website","url":"https:\/\/inclusivemap.ca\/fr\/","name":"Inclusivemap","description":"MAP \u2013 Mobility | Access | Participation","publisher":{"@id":"https:\/\/inclusivemap.ca\/fr\/#organization"},"potentialAction":[{"@type":"SearchAction","target":{"@type":"EntryPoint","urlTemplate":"https:\/\/inclusivemap.ca\/fr\/?s={search_term_string}"},"query-input":{"@type":"PropertyValueSpecification","valueRequired":true,"valueName":"search_term_string"}}],"inLanguage":"fr-FR"},{"@type":"Organization","@id":"https:\/\/inclusivemap.ca\/fr\/#organization","name":"Inclusivemap","url":"https:\/\/inclusivemap.ca\/fr\/","logo":{"@type":"ImageObject","inLanguage":"fr-FR","@id":"https:\/\/inclusivemap.ca\/fr\/#\/schema\/logo\/image\/","url":"https:\/\/inclusivemap.ca\/wp-content\/uploads\/2022\/07\/map_bigprint_lighterblue.png","contentUrl":"https:\/\/inclusivemap.ca\/wp-content\/uploads\/2022\/07\/map_bigprint_lighterblue.png","width":8348,"height":4563,"caption":"Inclusivemap"},"image":{"@id":"https:\/\/inclusivemap.ca\/fr\/#\/schema\/logo\/image\/"}}]}},"_links":{"self":[{"href":"https:\/\/inclusivemap.ca\/fr\/wp-json\/wp\/v2\/pages\/3725","targetHints":{"allow":["GET"]}}],"collection":[{"href":"https:\/\/inclusivemap.ca\/fr\/wp-json\/wp\/v2\/pages"}],"about":[{"href":"https:\/\/inclusivemap.ca\/fr\/wp-json\/wp\/v2\/types\/page"}],"author":[{"embeddable":true,"href":"https:\/\/inclusivemap.ca\/fr\/wp-json\/wp\/v2\/users\/6"}],"replies":[{"embeddable":true,"href":"https:\/\/inclusivemap.ca\/fr\/wp-json\/wp\/v2\/comments?post=3725"}],"version-history":[{"count":17,"href":"https:\/\/inclusivemap.ca\/fr\/wp-json\/wp\/v2\/pages\/3725\/revisions"}],"predecessor-version":[{"id":4584,"href":"https:\/\/inclusivemap.ca\/fr\/wp-json\/wp\/v2\/pages\/3725\/revisions\/4584"}],"wp:attachment":[{"href":"https:\/\/inclusivemap.ca\/fr\/wp-json\/wp\/v2\/media?parent=3725"}],"wp:term":[{"taxonomy":"publication_categories","embeddable":true,"href":"https:\/\/inclusivemap.ca\/fr\/wp-json\/wp\/v2\/publication_categories?post=3725"}],"curies":[{"name":"wp","href":"https:\/\/api.w.org\/{rel}","templated":true}]}}