{"id":3889,"date":"2024-07-15T21:11:45","date_gmt":"2024-07-15T21:11:45","guid":{"rendered":"https:\/\/inclusivemap.ca\/atelier-pour-les-etudiants\/"},"modified":"2024-11-19T23:30:24","modified_gmt":"2024-11-19T23:30:24","slug":"atelier-pour-les-etudiants","status":"publish","type":"page","link":"https:\/\/inclusivemap.ca\/fr\/atelier-pour-les-etudiants\/","title":{"rendered":"Atelier pour les \u00e9tudiants"},"content":{"rendered":"\n<div class=\"wp-block-media-text is-stacked-on-mobile\" style=\"grid-template-columns:56% auto\"><figure class=\"wp-block-media-text__media\"><img decoding=\"async\" src=\"https:\/\/inclusivemap.ca\/wp-content\/uploads\/2024\/11\/Screen-Shot-2024-08-23-at-3.39.09-PM.png\" alt=\"Couverture avec le texte suivant : &quot;Transfert de connaissances, partage pour une meilleure compr\u00e9hension&quot;. par Joanie Bedard (Master of Science) MAP R\u00e9union nationale 2024\" class=\"wp-image-3619 size-full\"\/><\/figure><div class=\"wp-block-media-text__content\">\n<p>Le lundi 10 juin, les \u00e9tudiants et les partenaires du programme MAP se sont r\u00e9unis pour l&rsquo;atelier intitul\u00e9 : Mod\u00e8les et perspectives communautaires sur les modes efficaces d&rsquo;application des connaissances (AC). Apr\u00e8s avoir appris des partenaires communautaires ce qui rend le TC efficace, Joanie Bedard a fait une pr\u00e9sentation sur le processus de transfert de connaissances et les diff\u00e9rentes approches en la mati\u00e8re.<\/p>\n\n\n\n<div class=\"wp-block-buttons is-layout-flex wp-block-buttons-is-layout-flex\">\n<div class=\"wp-block-button\"><a class=\"wp-block-button__link wp-element-button\" href=\"https:\/\/inclusivemap.ca\/wp-content\/uploads\/2024\/06\/MAP2024_KT_JB_ENversion.pdf\" target=\"_blank\" rel=\"noreferrer noopener\">En savoir plus sur la pr\u00e9sentation<\/a><\/div>\n<\/div>\n<\/div><\/div>\n\n\n\n<p>Apr\u00e8s la pr\u00e9sentation, les \u00e9tudiants ont particip\u00e9 \u00e0 un atelier pratique avec des experts en AC (Joanie Bedard et <a href=\"https:\/\/inclusivemap.ca\/fr\/person\/krista-best\/\">Krista Best<\/a> au Qu\u00e9bec et <a href=\"https:\/\/www.sfu.ca\/sfunews\/stories\/2020\/02\/q-a-with-lupin-battersby-sfus-knowledge-mobilization-officer.html\">Lupin Battersby<\/a> \u00e0 Vancouver). Les \u00e9tudiants ont collabor\u00e9 en groupes pour r\u00e9fl\u00e9chir \u00e0 des produits, des outils et des processus d&rsquo;AC pour les projets de MAP auxquels ils participent. Ils ont ensuite \u00e9t\u00e9 invit\u00e9s \u00e0 r\u00e9pondre \u00e0 une s\u00e9rie de questions et \u00e0 pr\u00e9parer un PowerPoint \u00e0 pr\u00e9senter aux membres de l&rsquo;\u00e9quipe le 11 juin. Voici quelques-unes des pr\u00e9sentations qui ont \u00e9t\u00e9 cr\u00e9\u00e9es :   <\/p>\n\n\n\n<div class=\"wp-block-media-text is-stacked-on-mobile\" style=\"grid-template-columns:30% auto\"><figure class=\"wp-block-media-text__media\"><img loading=\"lazy\" decoding=\"async\" width=\"1024\" height=\"1024\" src=\"https:\/\/inclusivemap.ca\/wp-content\/uploads\/2024\/07\/Cycle-Lane-Graphic-smaller-1024x1024.jpg\" alt=\"\" class=\"wp-image-3732 size-full\" srcset=\"https:\/\/inclusivemap.ca\/wp-content\/uploads\/2024\/07\/Cycle-Lane-Graphic-smaller-1024x1024.jpg 1024w, https:\/\/inclusivemap.ca\/wp-content\/uploads\/2024\/07\/Cycle-Lane-Graphic-smaller-300x300.jpg 300w, https:\/\/inclusivemap.ca\/wp-content\/uploads\/2024\/07\/Cycle-Lane-Graphic-smaller-150x150.jpg 150w, https:\/\/inclusivemap.ca\/wp-content\/uploads\/2024\/07\/Cycle-Lane-Graphic-smaller-768x768.jpg 768w, https:\/\/inclusivemap.ca\/wp-content\/uploads\/2024\/07\/Cycle-Lane-Graphic-smaller-1536x1536.jpg 1536w, https:\/\/inclusivemap.ca\/wp-content\/uploads\/2024\/07\/Cycle-Lane-Graphic-smaller-2048x2048.jpg 2048w, https:\/\/inclusivemap.ca\/wp-content\/uploads\/2024\/07\/Cycle-Lane-Graphic-smaller-400x400.jpg 400w, https:\/\/inclusivemap.ca\/wp-content\/uploads\/2024\/07\/Cycle-Lane-Graphic-smaller-1568x1568.jpg 1568w, https:\/\/inclusivemap.ca\/wp-content\/uploads\/2024\/07\/Cycle-Lane-Graphic-smaller-80x80.jpg 80w\" sizes=\"auto, (max-width: 1024px) 100vw, 1024px\" \/><\/figure><div class=\"wp-block-media-text__content\">\n<p>Les \u00e9tudiants impliqu\u00e9s dans le <a href=\"https:\/\/inclusivemap.ca\/fr\/project\/fr-of-wheeled-device-and-adaptive-cycle-users-mobility-experiences-with-cycling-infrastructure\/\">projet de piste cyclable<\/a> ont discut\u00e9 des meilleures fa\u00e7ons de travailler avec les partenaires de recherche municipaux et communautaires.<\/p>\n\n\n\n<div class=\"wp-block-buttons is-layout-flex wp-block-buttons-is-layout-flex\">\n<div class=\"wp-block-button\"><a class=\"wp-block-button__link wp-element-button\" href=\"https:\/\/inclusivemap.ca\/wp-content\/uploads\/2024\/07\/Cycle-Lane-Project-June112024.pdf\" target=\"_blank\" rel=\"noreferrer noopener\">En savoir plus<\/a><\/div>\n<\/div>\n<\/div><\/div>\n\n\n\n<div class=\"wp-block-media-text is-stacked-on-mobile\" style=\"grid-template-columns:28% auto\"><figure class=\"wp-block-media-text__media\"><img loading=\"lazy\" decoding=\"async\" width=\"1008\" height=\"1024\" src=\"https:\/\/inclusivemap.ca\/wp-content\/uploads\/2024\/07\/forestfire-1008x1024.jpg\" alt=\"\" class=\"wp-image-3739 size-full\" srcset=\"https:\/\/inclusivemap.ca\/wp-content\/uploads\/2024\/07\/forestfire-1008x1024.jpg 1008w, https:\/\/inclusivemap.ca\/wp-content\/uploads\/2024\/07\/forestfire-295x300.jpg 295w, https:\/\/inclusivemap.ca\/wp-content\/uploads\/2024\/07\/forestfire-768x780.jpg 768w, https:\/\/inclusivemap.ca\/wp-content\/uploads\/2024\/07\/forestfire-400x406.jpg 400w, https:\/\/inclusivemap.ca\/wp-content\/uploads\/2024\/07\/forestfire-80x80.jpg 80w, https:\/\/inclusivemap.ca\/wp-content\/uploads\/2024\/07\/forestfire.jpg 1091w\" sizes=\"auto, (max-width: 1008px) 100vw, 1008px\" \/><\/figure><div class=\"wp-block-media-text__content\">\n<p>Sous la direction de <a href=\"https:\/\/inclusivemap.ca\/fr\/person\/farrukh-chishtie\/\">Farrukh Chishtie<\/a>, partenaire du programme MAP et \u00e9tudiant en doctorat, les \u00e9tudiants ont discut\u00e9 de l&rsquo;<a href=\"https:\/\/inclusivemap.ca\/fr\/project\/fourniture-de-services-dinformation-climatique-lies-a-la-sante-afin-daccroitre-la-resilience-des-communautes-vulnerables-dans-les-centres-urbains\/\">impact des catastrophes climatiques sur les personnes avec des incapacit\u00e9s<\/a> et de la possibilit\u00e9 de cr\u00e9er une bo\u00eete \u00e0 outils sur les catastrophes climatiques.<\/p>\n\n\n\n<div class=\"wp-block-buttons is-layout-flex wp-block-buttons-is-layout-flex\">\n<div class=\"wp-block-button\"><a class=\"wp-block-button__link wp-element-button\" href=\"https:\/\/inclusivemap.ca\/wp-content\/uploads\/2024\/07\/Climate-toolkit-June-11-2024-.pdf\" target=\"_blank\" rel=\"noreferrer noopener\">En savoir plus<\/a><\/div>\n<\/div>\n<\/div><\/div>\n\n\n\n<div class=\"wp-block-media-text is-stacked-on-mobile\" style=\"grid-template-columns:36% auto\"><figure class=\"wp-block-media-text__media\"><img loading=\"lazy\" decoding=\"async\" width=\"1294\" height=\"970\" src=\"https:\/\/inclusivemap.ca\/wp-content\/uploads\/2024\/11\/Capture-decran-le-2024-05-09-a-13.02.20.jpg\" alt=\"\" class=\"wp-image-3333 size-full\" srcset=\"https:\/\/inclusivemap.ca\/wp-content\/uploads\/2024\/11\/Capture-decran-le-2024-05-09-a-13.02.20.jpg 1294w, https:\/\/inclusivemap.ca\/wp-content\/uploads\/2024\/11\/Capture-decran-le-2024-05-09-a-13.02.20-300x225.jpg 300w, https:\/\/inclusivemap.ca\/wp-content\/uploads\/2024\/11\/Capture-decran-le-2024-05-09-a-13.02.20-1024x768.jpg 1024w, https:\/\/inclusivemap.ca\/wp-content\/uploads\/2024\/11\/Capture-decran-le-2024-05-09-a-13.02.20-768x576.jpg 768w, https:\/\/inclusivemap.ca\/wp-content\/uploads\/2024\/11\/Capture-decran-le-2024-05-09-a-13.02.20-400x300.jpg 400w\" sizes=\"auto, (max-width: 1294px) 100vw, 1294px\" \/><\/figure><div class=\"wp-block-media-text__content\">\n<p><a href=\"https:\/\/inclusivemap.ca\/fr\/person\/marie-helene-verret-corriveau\/\">Marie-H\u00e9l\u00e8ne<\/a>, \u00e9tudiante responsable, a parl\u00e9 du projet \u00a0\u00bb <a href=\"https:\/\/inclusivemap.ca\/fr\/project\/identification-des-facilitateurs-et-des-obstacles-a-lutilisation-des-transports-publics-adaptes-par-les-personnes-eligibles-accompagnees-dun-enfant-age-de-5-ans-ou-moins\/\">Transport adapt\u00e9 et parents\u00a0\u00bb<\/a> et des moyens de sensibiliser le grand public \u00e0 l&rsquo;aide de la musique.<\/p>\n\n\n\n<div class=\"wp-block-buttons is-layout-flex wp-block-buttons-is-layout-flex\">\n<div class=\"wp-block-button\"><a class=\"wp-block-button__link wp-element-button\" href=\"https:\/\/inclusivemap.ca\/wp-content\/uploads\/2024\/07\/Paratransit-June112024.pdf\" target=\"_blank\" rel=\"noreferrer noopener\">En savoir plus<\/a><\/div>\n\n\n\n<div class=\"wp-block-button\"><a class=\"wp-block-button__link wp-element-button\" href=\"https:\/\/www.youtube.com\/watch?v=rBWaemkDKdM\">\u00c9couter  <\/a><\/div>\n<\/div>\n<\/div><\/div>\n\n\n\n<div class=\"wp-block-buttons is-layout-flex wp-block-buttons-is-layout-flex\">\n<div class=\"wp-block-button\"><a class=\"wp-block-button__link wp-element-button\" href=\"https:\/\/inclusivemap.ca\/fr\/bulletin\/bulletin-dinformation-numero-4\/\">Retour \u00e0 la lettre d&rsquo;information<\/a><\/div>\n<\/div>\n\n\n\n<p><\/p>\n","protected":false},"excerpt":{"rendered":"<p>Apr\u00e8s la pr\u00e9sentation, les \u00e9tudiants ont particip\u00e9 \u00e0 un atelier pratique avec des experts en AC (Joanie Bedard et Krista Best au Qu\u00e9bec et Lupin Battersby \u00e0 Vancouver). Les \u00e9tudiants ont collabor\u00e9 en groupes pour r\u00e9fl\u00e9chir \u00e0 des produits, des outils et des processus d&rsquo;AC pour les projets de MAP auxquels ils participent. Ils ont<a class=\"more-link\" href=\"https:\/\/inclusivemap.ca\/fr\/atelier-pour-les-etudiants\/\">Poursuivre la lecture de <span class=\"screen-reader-text\">\u00ab\u00a0Atelier pour les \u00e9tudiants\u00a0\u00bb<\/span><\/a><\/p>\n","protected":false},"author":6,"featured_media":0,"parent":0,"menu_order":0,"comment_status":"closed","ping_status":"closed","template":"","meta":{"_acf_changed":false,"inline_featured_image":false,"footnotes":""},"publication_categories":[],"class_list":["post-3889","page","type-page","status-publish","hentry","entry"],"acf":[],"yoast_head":"<!-- This site is optimized with the Yoast SEO plugin v26.9 - https:\/\/yoast.com\/product\/yoast-seo-wordpress\/ -->\n<title>Atelier pour les \u00e9tudiants - Inclusivemap<\/title>\n<meta name=\"robots\" content=\"index, follow, max-snippet:-1, max-image-preview:large, max-video-preview:-1\" \/>\n<link rel=\"canonical\" href=\"https:\/\/inclusivemap.ca\/fr\/atelier-pour-les-etudiants\/\" \/>\n<meta property=\"og:locale\" content=\"fr_FR\" \/>\n<meta property=\"og:type\" content=\"article\" \/>\n<meta property=\"og:title\" content=\"Atelier pour les \u00e9tudiants - Inclusivemap\" \/>\n<meta property=\"og:description\" content=\"Apr\u00e8s la pr\u00e9sentation, les \u00e9tudiants ont particip\u00e9 \u00e0 un atelier pratique avec des experts en AC (Joanie Bedard et Krista Best au Qu\u00e9bec et Lupin Battersby \u00e0 Vancouver). Les \u00e9tudiants ont collabor\u00e9 en groupes pour r\u00e9fl\u00e9chir \u00e0 des produits, des outils et des processus d&rsquo;AC pour les projets de MAP auxquels ils participent. Ils ontPoursuivre la lecture de &quot;Atelier pour les \u00e9tudiants&quot;\" \/>\n<meta property=\"og:url\" content=\"https:\/\/inclusivemap.ca\/fr\/atelier-pour-les-etudiants\/\" \/>\n<meta property=\"og:site_name\" content=\"Inclusivemap\" \/>\n<meta property=\"article:modified_time\" content=\"2024-11-19T23:30:24+00:00\" \/>\n<meta property=\"og:image\" content=\"https:\/\/inclusivemap.ca\/wp-content\/uploads\/2024\/06\/Screen-Shot-2024-06-28-at-3.55.28-PM.png\" \/>\n\t<meta property=\"og:image:width\" content=\"819\" \/>\n\t<meta property=\"og:image:height\" content=\"454\" \/>\n\t<meta property=\"og:image:type\" content=\"image\/png\" \/>\n<meta name=\"twitter:card\" content=\"summary_large_image\" \/>\n<meta name=\"twitter:label1\" content=\"Dur\u00e9e de lecture estim\u00e9e\" \/>\n\t<meta name=\"twitter:data1\" content=\"2 minutes\" \/>\n<script type=\"application\/ld+json\" class=\"yoast-schema-graph\">{\"@context\":\"https:\/\/schema.org\",\"@graph\":[{\"@type\":\"WebPage\",\"@id\":\"https:\/\/inclusivemap.ca\/fr\/atelier-pour-les-etudiants\/\",\"url\":\"https:\/\/inclusivemap.ca\/fr\/atelier-pour-les-etudiants\/\",\"name\":\"Atelier pour les \u00e9tudiants - Inclusivemap\",\"isPartOf\":{\"@id\":\"https:\/\/inclusivemap.ca\/fr\/#website\"},\"primaryImageOfPage\":{\"@id\":\"https:\/\/inclusivemap.ca\/fr\/atelier-pour-les-etudiants\/#primaryimage\"},\"image\":{\"@id\":\"https:\/\/inclusivemap.ca\/fr\/atelier-pour-les-etudiants\/#primaryimage\"},\"thumbnailUrl\":\"https:\/\/inclusivemap.ca\/wp-content\/uploads\/2024\/11\/Screen-Shot-2024-08-23-at-3.39.09-PM.png\",\"datePublished\":\"2024-07-15T21:11:45+00:00\",\"dateModified\":\"2024-11-19T23:30:24+00:00\",\"breadcrumb\":{\"@id\":\"https:\/\/inclusivemap.ca\/fr\/atelier-pour-les-etudiants\/#breadcrumb\"},\"inLanguage\":\"fr-FR\",\"potentialAction\":[{\"@type\":\"ReadAction\",\"target\":[\"https:\/\/inclusivemap.ca\/fr\/atelier-pour-les-etudiants\/\"]}]},{\"@type\":\"ImageObject\",\"inLanguage\":\"fr-FR\",\"@id\":\"https:\/\/inclusivemap.ca\/fr\/atelier-pour-les-etudiants\/#primaryimage\",\"url\":\"https:\/\/inclusivemap.ca\/wp-content\/uploads\/2024\/11\/Screen-Shot-2024-08-23-at-3.39.09-PM.png\",\"contentUrl\":\"https:\/\/inclusivemap.ca\/wp-content\/uploads\/2024\/11\/Screen-Shot-2024-08-23-at-3.39.09-PM.png\"},{\"@type\":\"BreadcrumbList\",\"@id\":\"https:\/\/inclusivemap.ca\/fr\/atelier-pour-les-etudiants\/#breadcrumb\",\"itemListElement\":[{\"@type\":\"ListItem\",\"position\":1,\"name\":\"Home\",\"item\":\"https:\/\/inclusivemap.ca\/fr\/\"},{\"@type\":\"ListItem\",\"position\":2,\"name\":\"Atelier pour les \u00e9tudiants\"}]},{\"@type\":\"WebSite\",\"@id\":\"https:\/\/inclusivemap.ca\/fr\/#website\",\"url\":\"https:\/\/inclusivemap.ca\/fr\/\",\"name\":\"Inclusivemap\",\"description\":\"MAP \u2013 Mobility | Access | Participation\",\"publisher\":{\"@id\":\"https:\/\/inclusivemap.ca\/fr\/#organization\"},\"potentialAction\":[{\"@type\":\"SearchAction\",\"target\":{\"@type\":\"EntryPoint\",\"urlTemplate\":\"https:\/\/inclusivemap.ca\/fr\/?s={search_term_string}\"},\"query-input\":{\"@type\":\"PropertyValueSpecification\",\"valueRequired\":true,\"valueName\":\"search_term_string\"}}],\"inLanguage\":\"fr-FR\"},{\"@type\":\"Organization\",\"@id\":\"https:\/\/inclusivemap.ca\/fr\/#organization\",\"name\":\"Inclusivemap\",\"url\":\"https:\/\/inclusivemap.ca\/fr\/\",\"logo\":{\"@type\":\"ImageObject\",\"inLanguage\":\"fr-FR\",\"@id\":\"https:\/\/inclusivemap.ca\/fr\/#\/schema\/logo\/image\/\",\"url\":\"https:\/\/inclusivemap.ca\/wp-content\/uploads\/2022\/07\/map_bigprint_lighterblue.png\",\"contentUrl\":\"https:\/\/inclusivemap.ca\/wp-content\/uploads\/2022\/07\/map_bigprint_lighterblue.png\",\"width\":8348,\"height\":4563,\"caption\":\"Inclusivemap\"},\"image\":{\"@id\":\"https:\/\/inclusivemap.ca\/fr\/#\/schema\/logo\/image\/\"}}]}<\/script>\n<!-- \/ Yoast SEO plugin. -->","yoast_head_json":{"title":"Atelier pour les \u00e9tudiants - Inclusivemap","robots":{"index":"index","follow":"follow","max-snippet":"max-snippet:-1","max-image-preview":"max-image-preview:large","max-video-preview":"max-video-preview:-1"},"canonical":"https:\/\/inclusivemap.ca\/fr\/atelier-pour-les-etudiants\/","og_locale":"fr_FR","og_type":"article","og_title":"Atelier pour les \u00e9tudiants - Inclusivemap","og_description":"Apr\u00e8s la pr\u00e9sentation, les \u00e9tudiants ont particip\u00e9 \u00e0 un atelier pratique avec des experts en AC (Joanie Bedard et Krista Best au Qu\u00e9bec et Lupin Battersby \u00e0 Vancouver). Les \u00e9tudiants ont collabor\u00e9 en groupes pour r\u00e9fl\u00e9chir \u00e0 des produits, des outils et des processus d&rsquo;AC pour les projets de MAP auxquels ils participent. Ils ontPoursuivre la lecture de \"Atelier pour les \u00e9tudiants\"","og_url":"https:\/\/inclusivemap.ca\/fr\/atelier-pour-les-etudiants\/","og_site_name":"Inclusivemap","article_modified_time":"2024-11-19T23:30:24+00:00","og_image":[{"width":819,"height":454,"url":"https:\/\/inclusivemap.ca\/wp-content\/uploads\/2024\/06\/Screen-Shot-2024-06-28-at-3.55.28-PM.png","type":"image\/png"}],"twitter_card":"summary_large_image","twitter_misc":{"Dur\u00e9e de lecture estim\u00e9e":"2 minutes"},"schema":{"@context":"https:\/\/schema.org","@graph":[{"@type":"WebPage","@id":"https:\/\/inclusivemap.ca\/fr\/atelier-pour-les-etudiants\/","url":"https:\/\/inclusivemap.ca\/fr\/atelier-pour-les-etudiants\/","name":"Atelier pour les \u00e9tudiants - Inclusivemap","isPartOf":{"@id":"https:\/\/inclusivemap.ca\/fr\/#website"},"primaryImageOfPage":{"@id":"https:\/\/inclusivemap.ca\/fr\/atelier-pour-les-etudiants\/#primaryimage"},"image":{"@id":"https:\/\/inclusivemap.ca\/fr\/atelier-pour-les-etudiants\/#primaryimage"},"thumbnailUrl":"https:\/\/inclusivemap.ca\/wp-content\/uploads\/2024\/11\/Screen-Shot-2024-08-23-at-3.39.09-PM.png","datePublished":"2024-07-15T21:11:45+00:00","dateModified":"2024-11-19T23:30:24+00:00","breadcrumb":{"@id":"https:\/\/inclusivemap.ca\/fr\/atelier-pour-les-etudiants\/#breadcrumb"},"inLanguage":"fr-FR","potentialAction":[{"@type":"ReadAction","target":["https:\/\/inclusivemap.ca\/fr\/atelier-pour-les-etudiants\/"]}]},{"@type":"ImageObject","inLanguage":"fr-FR","@id":"https:\/\/inclusivemap.ca\/fr\/atelier-pour-les-etudiants\/#primaryimage","url":"https:\/\/inclusivemap.ca\/wp-content\/uploads\/2024\/11\/Screen-Shot-2024-08-23-at-3.39.09-PM.png","contentUrl":"https:\/\/inclusivemap.ca\/wp-content\/uploads\/2024\/11\/Screen-Shot-2024-08-23-at-3.39.09-PM.png"},{"@type":"BreadcrumbList","@id":"https:\/\/inclusivemap.ca\/fr\/atelier-pour-les-etudiants\/#breadcrumb","itemListElement":[{"@type":"ListItem","position":1,"name":"Home","item":"https:\/\/inclusivemap.ca\/fr\/"},{"@type":"ListItem","position":2,"name":"Atelier pour les \u00e9tudiants"}]},{"@type":"WebSite","@id":"https:\/\/inclusivemap.ca\/fr\/#website","url":"https:\/\/inclusivemap.ca\/fr\/","name":"Inclusivemap","description":"MAP \u2013 Mobility | Access | Participation","publisher":{"@id":"https:\/\/inclusivemap.ca\/fr\/#organization"},"potentialAction":[{"@type":"SearchAction","target":{"@type":"EntryPoint","urlTemplate":"https:\/\/inclusivemap.ca\/fr\/?s={search_term_string}"},"query-input":{"@type":"PropertyValueSpecification","valueRequired":true,"valueName":"search_term_string"}}],"inLanguage":"fr-FR"},{"@type":"Organization","@id":"https:\/\/inclusivemap.ca\/fr\/#organization","name":"Inclusivemap","url":"https:\/\/inclusivemap.ca\/fr\/","logo":{"@type":"ImageObject","inLanguage":"fr-FR","@id":"https:\/\/inclusivemap.ca\/fr\/#\/schema\/logo\/image\/","url":"https:\/\/inclusivemap.ca\/wp-content\/uploads\/2022\/07\/map_bigprint_lighterblue.png","contentUrl":"https:\/\/inclusivemap.ca\/wp-content\/uploads\/2022\/07\/map_bigprint_lighterblue.png","width":8348,"height":4563,"caption":"Inclusivemap"},"image":{"@id":"https:\/\/inclusivemap.ca\/fr\/#\/schema\/logo\/image\/"}}]}},"_links":{"self":[{"href":"https:\/\/inclusivemap.ca\/fr\/wp-json\/wp\/v2\/pages\/3889","targetHints":{"allow":["GET"]}}],"collection":[{"href":"https:\/\/inclusivemap.ca\/fr\/wp-json\/wp\/v2\/pages"}],"about":[{"href":"https:\/\/inclusivemap.ca\/fr\/wp-json\/wp\/v2\/types\/page"}],"author":[{"embeddable":true,"href":"https:\/\/inclusivemap.ca\/fr\/wp-json\/wp\/v2\/users\/6"}],"replies":[{"embeddable":true,"href":"https:\/\/inclusivemap.ca\/fr\/wp-json\/wp\/v2\/comments?post=3889"}],"version-history":[{"count":34,"href":"https:\/\/inclusivemap.ca\/fr\/wp-json\/wp\/v2\/pages\/3889\/revisions"}],"predecessor-version":[{"id":4702,"href":"https:\/\/inclusivemap.ca\/fr\/wp-json\/wp\/v2\/pages\/3889\/revisions\/4702"}],"wp:attachment":[{"href":"https:\/\/inclusivemap.ca\/fr\/wp-json\/wp\/v2\/media?parent=3889"}],"wp:term":[{"taxonomy":"publication_categories","embeddable":true,"href":"https:\/\/inclusivemap.ca\/fr\/wp-json\/wp\/v2\/publication_categories?post=3889"}],"curies":[{"name":"wp","href":"https:\/\/api.w.org\/{rel}","templated":true}]}}