{"id":3955,"date":"2024-07-19T20:33:32","date_gmt":"2024-07-19T20:33:32","guid":{"rendered":"https:\/\/inclusivemap.ca\/mise-a-jour-du-rad\/"},"modified":"2025-03-21T17:54:54","modified_gmt":"2025-03-21T17:54:54","slug":"mise-a-jour-du-rad","status":"publish","type":"page","link":"https:\/\/inclusivemap.ca\/fr\/mise-a-jour-du-rad\/","title":{"rendered":"Mise \u00e0 jour du RAD"},"content":{"rendered":"\n<figure class=\"wp-block-image alignwide size-full\"><img loading=\"lazy\" decoding=\"async\" width=\"816\" height=\"253\" src=\"https:\/\/inclusivemap.ca\/wp-content\/uploads\/2024\/07\/MAP-INFO-Newsletter.jpg\" alt=\"\" class=\"wp-image-3716\" srcset=\"https:\/\/inclusivemap.ca\/wp-content\/uploads\/2024\/07\/MAP-INFO-Newsletter.jpg 816w, https:\/\/inclusivemap.ca\/wp-content\/uploads\/2024\/07\/MAP-INFO-Newsletter-300x93.jpg 300w, https:\/\/inclusivemap.ca\/wp-content\/uploads\/2024\/07\/MAP-INFO-Newsletter-768x238.jpg 768w, https:\/\/inclusivemap.ca\/wp-content\/uploads\/2024\/07\/MAP-INFO-Newsletter-400x124.jpg 400w\" sizes=\"auto, (max-width: 816px) 100vw, 816px\" \/><\/figure>\n\n\n\n<h2 class=\"wp-block-heading\">F\u00e9vrier 2025<\/h2>\n\n\n\n<ul class=\"wp-block-list\">\n<li>La premi\u00e8re phase du projet RAD Gearbox, ax\u00e9e sur la compr\u00e9hension des besoins des individus, est termin\u00e9e.<\/li>\n<\/ul>\n\n\n\n<ul class=\"wp-block-list\">\n<li>Nous sommes heureux d&rsquo;annoncer le nouveau partenariat entre UBC Athletics &amp; Recreation et RAD. Dans le cadre de cette collaboration, la deuxi\u00e8me Gearbox sera disponible au centre de loisirs de l&rsquo;UBC. Le lancement est pr\u00e9vu pour le 28 f\u00e9vrier dans le but d&rsquo;am\u00e9liorer l&rsquo;accessibilit\u00e9 et la participation aux activit\u00e9s r\u00e9cr\u00e9atives adapt\u00e9es.<\/li>\n<\/ul>\n\n\n\n<ul class=\"wp-block-list\">\n<li>L&rsquo;\u00e9quipe de recherche du RAD a pr\u00e9sent\u00e9 ses conclusions lors de la conf\u00e9rence de l&rsquo;ACRM en octobre 2024 dans une session Spotlight, pr\u00e9sent\u00e9e par Pegah Derakhshan, soulignant l&rsquo;impact de l&rsquo;\u00e9quipement adapt\u00e9 sur la participation aux loisirs de plein air.<\/li>\n<\/ul>\n\n\n\n<ul class=\"wp-block-list\">\n<li>Nous \u00e9valuons actuellement la Gearbox \u00e0 Langford.<\/li>\n<\/ul>\n\n\n\n<h2 class=\"wp-block-heading\">juillet 2024<\/h2>\n\n\n\n<ul class=\"wp-block-list\">\n<li>Nous avons termin\u00e9 la collecte des donn\u00e9es pour la premi\u00e8re phase du projet, qui visait \u00e0 d\u00e9terminer les besoins, les int\u00e9r\u00eats et les d\u00e9fis des parties prenantes en ce qui concerne un programme de pr\u00eat d&rsquo;appareils d&rsquo;assistance pour les loisirs. La bo\u00eete \u00e0 outils RAD \u00e9t\u00e9 lanc\u00e9 en douceur le 1 juin 2024.<\/li>\n\n\n\n<li>Les r\u00e9sultats de la premi\u00e8re phase du projet ont \u00e9t\u00e9 pr\u00e9sent\u00e9s \u00e0 la conf\u00e9rence \u00ab&nbsp;Increase BC&nbsp;\u00bb sous le titre : \u00ab\u00a0Improving Participation and Support for Individuals with Mobility Impairments in Leisure-Time Physical Activities\u00a0\u00bb (Am\u00e9liorer la participation et le soutien des personnes \u00e0 mobilit\u00e9 r\u00e9duite dans les activit\u00e9s physiques de loisir). <\/li>\n\n\n\n<li>De plus, une \u00e9tude sur les obstacles et les facilitateurs de l&rsquo;activit\u00e9 physique adaptative en plein air pour les personnes \u00e0 mobilit\u00e9 r\u00e9duite a \u00e9t\u00e9 pr\u00e9sent\u00e9e sous forme de poster lors de la conf\u00e9rence de la CMNR.<\/li>\n<\/ul>\n\n\n\n<h2 class=\"wp-block-heading\">f\u00e9vrier 2024<\/h2>\n\n\n\n<ul class=\"wp-block-list\">\n<li>La premi\u00e8re phase, qui vise \u00e0 comprendre les d\u00e9fis et les besoins des personnes \u00e0 mobilit\u00e9 r\u00e9duite en mati\u00e8re de participation \u00e0 des activit\u00e9s r\u00e9cr\u00e9atives de plein air, est en cours. <\/li>\n\n\n\n<li>Pour ce projet, nous avons recrut\u00e9 21 participants souffrant d&rsquo;une l\u00e9sion de la moelle \u00e9pini\u00e8re et d&rsquo;autres incapacit\u00e9 moteurs, ainsi que 15 participants ayant perdu un membre inf\u00e9rieur. Nous analysons actuellement les donn\u00e9es.<\/li>\n\n\n\n<li> Nous pr\u00e9voyons le lancement en douceur de la bo\u00eete d\u2019entreposage RAD sur l&rsquo;\u00eele de Vancouver en avril 2024.<\/li>\n<\/ul>\n","protected":false},"excerpt":{"rendered":"<p>F\u00e9vrier 2025 juillet 2024 f\u00e9vrier 2024<\/p>\n","protected":false},"author":6,"featured_media":0,"parent":0,"menu_order":0,"comment_status":"closed","ping_status":"closed","template":"","meta":{"_acf_changed":false,"inline_featured_image":false,"footnotes":""},"publication_categories":[],"class_list":["post-3955","page","type-page","status-publish","hentry","entry"],"acf":[],"yoast_head":"<!-- This site is optimized with the Yoast SEO plugin v26.9 - https:\/\/yoast.com\/product\/yoast-seo-wordpress\/ -->\n<title>Mise \u00e0 jour du RAD - Inclusivemap<\/title>\n<meta name=\"robots\" content=\"index, follow, max-snippet:-1, max-image-preview:large, max-video-preview:-1\" \/>\n<link rel=\"canonical\" href=\"https:\/\/inclusivemap.ca\/fr\/mise-a-jour-du-rad\/\" \/>\n<meta property=\"og:locale\" content=\"fr_FR\" \/>\n<meta property=\"og:type\" content=\"article\" \/>\n<meta property=\"og:title\" content=\"Mise \u00e0 jour du RAD - Inclusivemap\" \/>\n<meta property=\"og:description\" content=\"F\u00e9vrier 2025 juillet 2024 f\u00e9vrier 2024\" \/>\n<meta property=\"og:url\" content=\"https:\/\/inclusivemap.ca\/fr\/mise-a-jour-du-rad\/\" \/>\n<meta property=\"og:site_name\" content=\"Inclusivemap\" \/>\n<meta property=\"article:modified_time\" content=\"2025-03-21T17:54:54+00:00\" \/>\n<meta property=\"og:image\" content=\"https:\/\/inclusivemap.ca\/wp-content\/uploads\/2024\/07\/MAP-INFO-Newsletter.jpg\" \/>\n\t<meta property=\"og:image:width\" content=\"816\" \/>\n\t<meta property=\"og:image:height\" content=\"253\" \/>\n\t<meta property=\"og:image:type\" content=\"image\/jpeg\" \/>\n<meta name=\"twitter:card\" content=\"summary_large_image\" \/>\n<meta name=\"twitter:label1\" content=\"Dur\u00e9e de lecture estim\u00e9e\" \/>\n\t<meta name=\"twitter:data1\" content=\"2 minutes\" \/>\n<script type=\"application\/ld+json\" class=\"yoast-schema-graph\">{\"@context\":\"https:\/\/schema.org\",\"@graph\":[{\"@type\":\"WebPage\",\"@id\":\"https:\/\/inclusivemap.ca\/fr\/mise-a-jour-du-rad\/\",\"url\":\"https:\/\/inclusivemap.ca\/fr\/mise-a-jour-du-rad\/\",\"name\":\"Mise \u00e0 jour du RAD - Inclusivemap\",\"isPartOf\":{\"@id\":\"https:\/\/inclusivemap.ca\/fr\/#website\"},\"primaryImageOfPage\":{\"@id\":\"https:\/\/inclusivemap.ca\/fr\/mise-a-jour-du-rad\/#primaryimage\"},\"image\":{\"@id\":\"https:\/\/inclusivemap.ca\/fr\/mise-a-jour-du-rad\/#primaryimage\"},\"thumbnailUrl\":\"https:\/\/inclusivemap.ca\/wp-content\/uploads\/2024\/07\/MAP-INFO-Newsletter.jpg\",\"datePublished\":\"2024-07-19T20:33:32+00:00\",\"dateModified\":\"2025-03-21T17:54:54+00:00\",\"breadcrumb\":{\"@id\":\"https:\/\/inclusivemap.ca\/fr\/mise-a-jour-du-rad\/#breadcrumb\"},\"inLanguage\":\"fr-FR\",\"potentialAction\":[{\"@type\":\"ReadAction\",\"target\":[\"https:\/\/inclusivemap.ca\/fr\/mise-a-jour-du-rad\/\"]}]},{\"@type\":\"ImageObject\",\"inLanguage\":\"fr-FR\",\"@id\":\"https:\/\/inclusivemap.ca\/fr\/mise-a-jour-du-rad\/#primaryimage\",\"url\":\"https:\/\/inclusivemap.ca\/wp-content\/uploads\/2024\/07\/MAP-INFO-Newsletter.jpg\",\"contentUrl\":\"https:\/\/inclusivemap.ca\/wp-content\/uploads\/2024\/07\/MAP-INFO-Newsletter.jpg\"},{\"@type\":\"BreadcrumbList\",\"@id\":\"https:\/\/inclusivemap.ca\/fr\/mise-a-jour-du-rad\/#breadcrumb\",\"itemListElement\":[{\"@type\":\"ListItem\",\"position\":1,\"name\":\"Home\",\"item\":\"https:\/\/inclusivemap.ca\/fr\/\"},{\"@type\":\"ListItem\",\"position\":2,\"name\":\"Mise \u00e0 jour du RAD\"}]},{\"@type\":\"WebSite\",\"@id\":\"https:\/\/inclusivemap.ca\/fr\/#website\",\"url\":\"https:\/\/inclusivemap.ca\/fr\/\",\"name\":\"Inclusivemap\",\"description\":\"MAP \u2013 Mobility | Access | Participation\",\"publisher\":{\"@id\":\"https:\/\/inclusivemap.ca\/fr\/#organization\"},\"potentialAction\":[{\"@type\":\"SearchAction\",\"target\":{\"@type\":\"EntryPoint\",\"urlTemplate\":\"https:\/\/inclusivemap.ca\/fr\/?s={search_term_string}\"},\"query-input\":{\"@type\":\"PropertyValueSpecification\",\"valueRequired\":true,\"valueName\":\"search_term_string\"}}],\"inLanguage\":\"fr-FR\"},{\"@type\":\"Organization\",\"@id\":\"https:\/\/inclusivemap.ca\/fr\/#organization\",\"name\":\"Inclusivemap\",\"url\":\"https:\/\/inclusivemap.ca\/fr\/\",\"logo\":{\"@type\":\"ImageObject\",\"inLanguage\":\"fr-FR\",\"@id\":\"https:\/\/inclusivemap.ca\/fr\/#\/schema\/logo\/image\/\",\"url\":\"https:\/\/inclusivemap.ca\/wp-content\/uploads\/2022\/07\/map_bigprint_lighterblue.png\",\"contentUrl\":\"https:\/\/inclusivemap.ca\/wp-content\/uploads\/2022\/07\/map_bigprint_lighterblue.png\",\"width\":8348,\"height\":4563,\"caption\":\"Inclusivemap\"},\"image\":{\"@id\":\"https:\/\/inclusivemap.ca\/fr\/#\/schema\/logo\/image\/\"}}]}<\/script>\n<!-- \/ Yoast SEO plugin. -->","yoast_head_json":{"title":"Mise \u00e0 jour du RAD - Inclusivemap","robots":{"index":"index","follow":"follow","max-snippet":"max-snippet:-1","max-image-preview":"max-image-preview:large","max-video-preview":"max-video-preview:-1"},"canonical":"https:\/\/inclusivemap.ca\/fr\/mise-a-jour-du-rad\/","og_locale":"fr_FR","og_type":"article","og_title":"Mise \u00e0 jour du RAD - Inclusivemap","og_description":"F\u00e9vrier 2025 juillet 2024 f\u00e9vrier 2024","og_url":"https:\/\/inclusivemap.ca\/fr\/mise-a-jour-du-rad\/","og_site_name":"Inclusivemap","article_modified_time":"2025-03-21T17:54:54+00:00","og_image":[{"width":816,"height":253,"url":"https:\/\/inclusivemap.ca\/wp-content\/uploads\/2024\/07\/MAP-INFO-Newsletter.jpg","type":"image\/jpeg"}],"twitter_card":"summary_large_image","twitter_misc":{"Dur\u00e9e de lecture estim\u00e9e":"2 minutes"},"schema":{"@context":"https:\/\/schema.org","@graph":[{"@type":"WebPage","@id":"https:\/\/inclusivemap.ca\/fr\/mise-a-jour-du-rad\/","url":"https:\/\/inclusivemap.ca\/fr\/mise-a-jour-du-rad\/","name":"Mise \u00e0 jour du RAD - Inclusivemap","isPartOf":{"@id":"https:\/\/inclusivemap.ca\/fr\/#website"},"primaryImageOfPage":{"@id":"https:\/\/inclusivemap.ca\/fr\/mise-a-jour-du-rad\/#primaryimage"},"image":{"@id":"https:\/\/inclusivemap.ca\/fr\/mise-a-jour-du-rad\/#primaryimage"},"thumbnailUrl":"https:\/\/inclusivemap.ca\/wp-content\/uploads\/2024\/07\/MAP-INFO-Newsletter.jpg","datePublished":"2024-07-19T20:33:32+00:00","dateModified":"2025-03-21T17:54:54+00:00","breadcrumb":{"@id":"https:\/\/inclusivemap.ca\/fr\/mise-a-jour-du-rad\/#breadcrumb"},"inLanguage":"fr-FR","potentialAction":[{"@type":"ReadAction","target":["https:\/\/inclusivemap.ca\/fr\/mise-a-jour-du-rad\/"]}]},{"@type":"ImageObject","inLanguage":"fr-FR","@id":"https:\/\/inclusivemap.ca\/fr\/mise-a-jour-du-rad\/#primaryimage","url":"https:\/\/inclusivemap.ca\/wp-content\/uploads\/2024\/07\/MAP-INFO-Newsletter.jpg","contentUrl":"https:\/\/inclusivemap.ca\/wp-content\/uploads\/2024\/07\/MAP-INFO-Newsletter.jpg"},{"@type":"BreadcrumbList","@id":"https:\/\/inclusivemap.ca\/fr\/mise-a-jour-du-rad\/#breadcrumb","itemListElement":[{"@type":"ListItem","position":1,"name":"Home","item":"https:\/\/inclusivemap.ca\/fr\/"},{"@type":"ListItem","position":2,"name":"Mise \u00e0 jour du RAD"}]},{"@type":"WebSite","@id":"https:\/\/inclusivemap.ca\/fr\/#website","url":"https:\/\/inclusivemap.ca\/fr\/","name":"Inclusivemap","description":"MAP \u2013 Mobility | Access | Participation","publisher":{"@id":"https:\/\/inclusivemap.ca\/fr\/#organization"},"potentialAction":[{"@type":"SearchAction","target":{"@type":"EntryPoint","urlTemplate":"https:\/\/inclusivemap.ca\/fr\/?s={search_term_string}"},"query-input":{"@type":"PropertyValueSpecification","valueRequired":true,"valueName":"search_term_string"}}],"inLanguage":"fr-FR"},{"@type":"Organization","@id":"https:\/\/inclusivemap.ca\/fr\/#organization","name":"Inclusivemap","url":"https:\/\/inclusivemap.ca\/fr\/","logo":{"@type":"ImageObject","inLanguage":"fr-FR","@id":"https:\/\/inclusivemap.ca\/fr\/#\/schema\/logo\/image\/","url":"https:\/\/inclusivemap.ca\/wp-content\/uploads\/2022\/07\/map_bigprint_lighterblue.png","contentUrl":"https:\/\/inclusivemap.ca\/wp-content\/uploads\/2022\/07\/map_bigprint_lighterblue.png","width":8348,"height":4563,"caption":"Inclusivemap"},"image":{"@id":"https:\/\/inclusivemap.ca\/fr\/#\/schema\/logo\/image\/"}}]}},"_links":{"self":[{"href":"https:\/\/inclusivemap.ca\/fr\/wp-json\/wp\/v2\/pages\/3955","targetHints":{"allow":["GET"]}}],"collection":[{"href":"https:\/\/inclusivemap.ca\/fr\/wp-json\/wp\/v2\/pages"}],"about":[{"href":"https:\/\/inclusivemap.ca\/fr\/wp-json\/wp\/v2\/types\/page"}],"author":[{"embeddable":true,"href":"https:\/\/inclusivemap.ca\/fr\/wp-json\/wp\/v2\/users\/6"}],"replies":[{"embeddable":true,"href":"https:\/\/inclusivemap.ca\/fr\/wp-json\/wp\/v2\/comments?post=3955"}],"version-history":[{"count":9,"href":"https:\/\/inclusivemap.ca\/fr\/wp-json\/wp\/v2\/pages\/3955\/revisions"}],"predecessor-version":[{"id":5177,"href":"https:\/\/inclusivemap.ca\/fr\/wp-json\/wp\/v2\/pages\/3955\/revisions\/5177"}],"wp:attachment":[{"href":"https:\/\/inclusivemap.ca\/fr\/wp-json\/wp\/v2\/media?parent=3955"}],"wp:term":[{"taxonomy":"publication_categories","embeddable":true,"href":"https:\/\/inclusivemap.ca\/fr\/wp-json\/wp\/v2\/publication_categories?post=3955"}],"curies":[{"name":"wp","href":"https:\/\/api.w.org\/{rel}","templated":true}]}}