{"id":3964,"date":"2024-07-16T23:35:43","date_gmt":"2024-07-16T23:35:43","guid":{"rendered":"https:\/\/inclusivemap.ca\/mise-a-jour-sur-le-transport-adapte-pour-les-parents\/"},"modified":"2025-10-15T17:23:20","modified_gmt":"2025-10-15T17:23:20","slug":"mise-a-jour-sur-le-transport-adapte-pour-les-parents","status":"publish","type":"page","link":"https:\/\/inclusivemap.ca\/fr\/mise-a-jour-sur-le-transport-adapte-pour-les-parents\/","title":{"rendered":"Mise \u00e0 jour sur le transport adapt\u00e9 pour les parents"},"content":{"rendered":"\n<figure class=\"wp-block-image size-full\"><img loading=\"lazy\" decoding=\"async\" width=\"816\" height=\"253\" src=\"https:\/\/inclusivemap.ca\/wp-content\/uploads\/2024\/07\/MAP-INFO-Newsletter.jpg\" alt=\"\" class=\"wp-image-3716\" srcset=\"https:\/\/inclusivemap.ca\/wp-content\/uploads\/2024\/07\/MAP-INFO-Newsletter.jpg 816w, https:\/\/inclusivemap.ca\/wp-content\/uploads\/2024\/07\/MAP-INFO-Newsletter-300x93.jpg 300w, https:\/\/inclusivemap.ca\/wp-content\/uploads\/2024\/07\/MAP-INFO-Newsletter-768x238.jpg 768w, https:\/\/inclusivemap.ca\/wp-content\/uploads\/2024\/07\/MAP-INFO-Newsletter-400x124.jpg 400w\" sizes=\"auto, (max-width: 816px) 100vw, 816px\" \/><\/figure>\n\n<h2 class=\"wp-block-heading\">Septembre 2025<\/h2>\n\n<ul class=\"wp-block-list\">\n<li>Une pr\u00e9sentation des r\u00e9sultats est pr\u00e9vue en novembre au Congr\u00e8s sur la r\u00e9adaptation \u00e0 la conduite automobile et le transport de l\u2019Association canadienne des ergoth\u00e9rapeutes<\/li>\n\n\n\n<li>Deux articles sont en \u00e9criture<\/li>\n\n\n\n<li> Une pr\u00e9sentation des r\u00e9sultats a \u00e9t\u00e9 faite lors de la conf\u00e9rence AAATE 2025.<\/li>\n\n\n\n<li> Une vid\u00e9o a \u00e9t\u00e9 r\u00e9alis\u00e9e pour l&rsquo;\u00e9dition 2025 de ComSciCon-Qc dans le cadre d&rsquo;un projet artistique.<\/li>\n<\/ul>\n\n<div class=\"wp-block-buttons is-layout-flex wp-block-buttons-is-layout-flex\">\n<div class=\"wp-block-button\"><a class=\"wp-block-button__link wp-element-button\" href=\"https:\/\/youtu.be\/0hLv7Wmf9Qg\">Regardez la vid\u00e9o!<\/a><\/div>\n<\/div>\n\n<h2 class=\"wp-block-heading\">F\u00e9vrier 2025 <\/h2>\n\n<ul class=\"wp-block-list\">\n<li>Identification des facilitateurs et obstacles \u00e0 l\u2019utilisation du transport adapt\u00e9 (TA) par des personnes admissibles au service au Qu\u00e9bec avec un enfant de 5 ans ou moins Gr\u00e2ce aux efforts de d\u00e9marchage des partenaires aupr\u00e8s de l\u2019Association du Transport Urbain du Qu\u00e9bec (ATUQ), une rencontre sera planifi\u00e9e au printemps 2025 pour pr\u00e9senter les r\u00e9sultats du projet de recherche. La d\u00e9l\u00e9gation choisie pour repr\u00e9senter le projet est Marie Turcotte (Ex aequo), L\u00e9vis-Simon Carpentier (Ex aequo), Nancy Turcotte (Clinique Parents Plus) et Marie-H\u00e9l\u00e8ne Verret-Corriveau (Cirris, PSVI, MAP).  <\/li>\n\n\n\n<li>L\u2019\u00e9quipe pr\u00e9sentera aux repr\u00e9sentants et membres de l\u2019ATUQ (STM, Exo, RTC, etc.) les obstacles et facilitateurs \u00e0 l\u2019utilisation du TA avec un enfant pour 1) d\u00e9montrer l\u2019augmentation de la charge mentale caus\u00e9e par les obstacles v\u00e9cus par les usagers-parents ainsi que 2) pr\u00e9senter les pratiques qui facilitent l\u2019utilisation du service afin qu\u2019elles soient implant\u00e9es chez tous les fournisseurs de service de TA au Qu\u00e9bec   <\/li>\n<\/ul>\n\n<h2 class=\"wp-block-heading\">juillet 2024<\/h2>\n\n<ul class=\"wp-block-list\">\n<li>Les donn\u00e9es pr\u00e9liminaires de la premi\u00e8re phase de la recherche, l&rsquo;enqu\u00eate en ligne au Qu\u00e9bec, rapportent que bien que les parents admissibles au transport adapt\u00e9 per\u00e7oivent davantage de facteurs facilitant l&rsquo;utilisation du transport adapt\u00e9, les obstacles \u00e0 son utilisation avec un enfant de moins de 5 ans sont plus incapacitants et entravent son utilisation. <\/li>\n<\/ul>\n\n<ul class=\"wp-block-list\">\n<li>Il existe des facilitateurs et des obstacles \u00e0 l&rsquo;utilisation du transport adapt\u00e9 \u00e0 tous les niveaux du mod\u00e8le socio-\u00e9cologique adapt\u00e9 de Khan, comme l&rsquo;indiquent les r\u00e9sultats pr\u00e9liminaires, tels que : et li\u00e9s aux attitudes et croyances envers les personnes avec des incapacit\u00e9s au niveau soci\u00e9tal.<\/li>\n<\/ul>\n\n<h2 class=\"wp-block-heading\">F\u00e9vrier 2024<\/h2>\n\n<ul class=\"wp-block-list\">\n<li>Le projet de recherche vise \u00e0 recueillir davantage de donn\u00e9es pour mieux comprendre la r\u00e9alit\u00e9 des usagers du transport adapt\u00e9 lorsqu&rsquo;ils sont accompagn\u00e9s d&rsquo;un enfant de 5 ans ou moins. <\/li>\n\n\n\n<li>Les partenaires, Ex aequo, RUTA Montr\u00e9al, Clinique Parents Plus et l&rsquo;\u00e9quipe de recherche collaborent \u00e9troitement pour faciliter la collecte de donn\u00e9es et montrer des r\u00e9sultats auxquels les utilisateurs pourront s&rsquo;identifier. <\/li>\n\n\n\n<li>La phase 1, une enqu\u00eate en ligne, est actuellement en cours et la phase 2, des groupes focalis\u00e9s, d\u00e9butera au printemps 2024. Une infographie a \u00e9t\u00e9 cr\u00e9\u00e9e pour pr\u00e9senter les r\u00e9sultats pr\u00e9liminaires de l&rsquo;enqu\u00eate.<\/li>\n<\/ul>\n","protected":false},"excerpt":{"rendered":"<p>Septembre 2025 F\u00e9vrier 2025 juillet 2024 F\u00e9vrier 2024<\/p>\n","protected":false},"author":6,"featured_media":0,"parent":0,"menu_order":0,"comment_status":"closed","ping_status":"closed","template":"","meta":{"_acf_changed":false,"inline_featured_image":false,"footnotes":""},"publication_categories":[],"class_list":["post-3964","page","type-page","status-publish","hentry","entry"],"acf":[],"yoast_head":"<!-- This site is optimized with the Yoast SEO plugin v26.9 - https:\/\/yoast.com\/product\/yoast-seo-wordpress\/ -->\n<title>Mise \u00e0 jour sur le transport adapt\u00e9 pour les parents - Inclusivemap<\/title>\n<meta name=\"robots\" content=\"index, follow, max-snippet:-1, max-image-preview:large, max-video-preview:-1\" \/>\n<link rel=\"canonical\" href=\"https:\/\/inclusivemap.ca\/fr\/mise-a-jour-sur-le-transport-adapte-pour-les-parents\/\" \/>\n<meta property=\"og:locale\" content=\"fr_FR\" \/>\n<meta property=\"og:type\" content=\"article\" \/>\n<meta property=\"og:title\" content=\"Mise \u00e0 jour sur le transport adapt\u00e9 pour les parents - Inclusivemap\" \/>\n<meta property=\"og:description\" content=\"Septembre 2025 F\u00e9vrier 2025 juillet 2024 F\u00e9vrier 2024\" \/>\n<meta property=\"og:url\" content=\"https:\/\/inclusivemap.ca\/fr\/mise-a-jour-sur-le-transport-adapte-pour-les-parents\/\" \/>\n<meta property=\"og:site_name\" content=\"Inclusivemap\" \/>\n<meta property=\"article:modified_time\" content=\"2025-10-15T17:23:20+00:00\" \/>\n<meta property=\"og:image\" content=\"https:\/\/inclusivemap.ca\/wp-content\/uploads\/2024\/07\/MAP-INFO-Newsletter.jpg\" \/>\n\t<meta property=\"og:image:width\" content=\"816\" \/>\n\t<meta property=\"og:image:height\" content=\"253\" \/>\n\t<meta property=\"og:image:type\" content=\"image\/jpeg\" \/>\n<meta name=\"twitter:card\" content=\"summary_large_image\" \/>\n<meta name=\"twitter:label1\" content=\"Dur\u00e9e de lecture estim\u00e9e\" \/>\n\t<meta name=\"twitter:data1\" content=\"2 minutes\" \/>\n<script type=\"application\/ld+json\" class=\"yoast-schema-graph\">{\"@context\":\"https:\/\/schema.org\",\"@graph\":[{\"@type\":\"WebPage\",\"@id\":\"https:\/\/inclusivemap.ca\/fr\/mise-a-jour-sur-le-transport-adapte-pour-les-parents\/\",\"url\":\"https:\/\/inclusivemap.ca\/fr\/mise-a-jour-sur-le-transport-adapte-pour-les-parents\/\",\"name\":\"Mise \u00e0 jour sur le transport adapt\u00e9 pour les parents - Inclusivemap\",\"isPartOf\":{\"@id\":\"https:\/\/inclusivemap.ca\/fr\/#website\"},\"primaryImageOfPage\":{\"@id\":\"https:\/\/inclusivemap.ca\/fr\/mise-a-jour-sur-le-transport-adapte-pour-les-parents\/#primaryimage\"},\"image\":{\"@id\":\"https:\/\/inclusivemap.ca\/fr\/mise-a-jour-sur-le-transport-adapte-pour-les-parents\/#primaryimage\"},\"thumbnailUrl\":\"https:\/\/inclusivemap.ca\/wp-content\/uploads\/2024\/07\/MAP-INFO-Newsletter.jpg\",\"datePublished\":\"2024-07-16T23:35:43+00:00\",\"dateModified\":\"2025-10-15T17:23:20+00:00\",\"breadcrumb\":{\"@id\":\"https:\/\/inclusivemap.ca\/fr\/mise-a-jour-sur-le-transport-adapte-pour-les-parents\/#breadcrumb\"},\"inLanguage\":\"fr-FR\",\"potentialAction\":[{\"@type\":\"ReadAction\",\"target\":[\"https:\/\/inclusivemap.ca\/fr\/mise-a-jour-sur-le-transport-adapte-pour-les-parents\/\"]}]},{\"@type\":\"ImageObject\",\"inLanguage\":\"fr-FR\",\"@id\":\"https:\/\/inclusivemap.ca\/fr\/mise-a-jour-sur-le-transport-adapte-pour-les-parents\/#primaryimage\",\"url\":\"https:\/\/inclusivemap.ca\/wp-content\/uploads\/2024\/07\/MAP-INFO-Newsletter.jpg\",\"contentUrl\":\"https:\/\/inclusivemap.ca\/wp-content\/uploads\/2024\/07\/MAP-INFO-Newsletter.jpg\"},{\"@type\":\"BreadcrumbList\",\"@id\":\"https:\/\/inclusivemap.ca\/fr\/mise-a-jour-sur-le-transport-adapte-pour-les-parents\/#breadcrumb\",\"itemListElement\":[{\"@type\":\"ListItem\",\"position\":1,\"name\":\"Home\",\"item\":\"https:\/\/inclusivemap.ca\/fr\/\"},{\"@type\":\"ListItem\",\"position\":2,\"name\":\"Mise \u00e0 jour sur le transport adapt\u00e9 pour les parents\"}]},{\"@type\":\"WebSite\",\"@id\":\"https:\/\/inclusivemap.ca\/fr\/#website\",\"url\":\"https:\/\/inclusivemap.ca\/fr\/\",\"name\":\"Inclusivemap\",\"description\":\"MAP \u2013 Mobility | Access | Participation\",\"publisher\":{\"@id\":\"https:\/\/inclusivemap.ca\/fr\/#organization\"},\"potentialAction\":[{\"@type\":\"SearchAction\",\"target\":{\"@type\":\"EntryPoint\",\"urlTemplate\":\"https:\/\/inclusivemap.ca\/fr\/?s={search_term_string}\"},\"query-input\":{\"@type\":\"PropertyValueSpecification\",\"valueRequired\":true,\"valueName\":\"search_term_string\"}}],\"inLanguage\":\"fr-FR\"},{\"@type\":\"Organization\",\"@id\":\"https:\/\/inclusivemap.ca\/fr\/#organization\",\"name\":\"Inclusivemap\",\"url\":\"https:\/\/inclusivemap.ca\/fr\/\",\"logo\":{\"@type\":\"ImageObject\",\"inLanguage\":\"fr-FR\",\"@id\":\"https:\/\/inclusivemap.ca\/fr\/#\/schema\/logo\/image\/\",\"url\":\"https:\/\/inclusivemap.ca\/wp-content\/uploads\/2022\/07\/map_bigprint_lighterblue.png\",\"contentUrl\":\"https:\/\/inclusivemap.ca\/wp-content\/uploads\/2022\/07\/map_bigprint_lighterblue.png\",\"width\":8348,\"height\":4563,\"caption\":\"Inclusivemap\"},\"image\":{\"@id\":\"https:\/\/inclusivemap.ca\/fr\/#\/schema\/logo\/image\/\"}}]}<\/script>\n<!-- \/ Yoast SEO plugin. -->","yoast_head_json":{"title":"Mise \u00e0 jour sur le transport adapt\u00e9 pour les parents - Inclusivemap","robots":{"index":"index","follow":"follow","max-snippet":"max-snippet:-1","max-image-preview":"max-image-preview:large","max-video-preview":"max-video-preview:-1"},"canonical":"https:\/\/inclusivemap.ca\/fr\/mise-a-jour-sur-le-transport-adapte-pour-les-parents\/","og_locale":"fr_FR","og_type":"article","og_title":"Mise \u00e0 jour sur le transport adapt\u00e9 pour les parents - Inclusivemap","og_description":"Septembre 2025 F\u00e9vrier 2025 juillet 2024 F\u00e9vrier 2024","og_url":"https:\/\/inclusivemap.ca\/fr\/mise-a-jour-sur-le-transport-adapte-pour-les-parents\/","og_site_name":"Inclusivemap","article_modified_time":"2025-10-15T17:23:20+00:00","og_image":[{"width":816,"height":253,"url":"https:\/\/inclusivemap.ca\/wp-content\/uploads\/2024\/07\/MAP-INFO-Newsletter.jpg","type":"image\/jpeg"}],"twitter_card":"summary_large_image","twitter_misc":{"Dur\u00e9e de lecture estim\u00e9e":"2 minutes"},"schema":{"@context":"https:\/\/schema.org","@graph":[{"@type":"WebPage","@id":"https:\/\/inclusivemap.ca\/fr\/mise-a-jour-sur-le-transport-adapte-pour-les-parents\/","url":"https:\/\/inclusivemap.ca\/fr\/mise-a-jour-sur-le-transport-adapte-pour-les-parents\/","name":"Mise \u00e0 jour sur le transport adapt\u00e9 pour les parents - Inclusivemap","isPartOf":{"@id":"https:\/\/inclusivemap.ca\/fr\/#website"},"primaryImageOfPage":{"@id":"https:\/\/inclusivemap.ca\/fr\/mise-a-jour-sur-le-transport-adapte-pour-les-parents\/#primaryimage"},"image":{"@id":"https:\/\/inclusivemap.ca\/fr\/mise-a-jour-sur-le-transport-adapte-pour-les-parents\/#primaryimage"},"thumbnailUrl":"https:\/\/inclusivemap.ca\/wp-content\/uploads\/2024\/07\/MAP-INFO-Newsletter.jpg","datePublished":"2024-07-16T23:35:43+00:00","dateModified":"2025-10-15T17:23:20+00:00","breadcrumb":{"@id":"https:\/\/inclusivemap.ca\/fr\/mise-a-jour-sur-le-transport-adapte-pour-les-parents\/#breadcrumb"},"inLanguage":"fr-FR","potentialAction":[{"@type":"ReadAction","target":["https:\/\/inclusivemap.ca\/fr\/mise-a-jour-sur-le-transport-adapte-pour-les-parents\/"]}]},{"@type":"ImageObject","inLanguage":"fr-FR","@id":"https:\/\/inclusivemap.ca\/fr\/mise-a-jour-sur-le-transport-adapte-pour-les-parents\/#primaryimage","url":"https:\/\/inclusivemap.ca\/wp-content\/uploads\/2024\/07\/MAP-INFO-Newsletter.jpg","contentUrl":"https:\/\/inclusivemap.ca\/wp-content\/uploads\/2024\/07\/MAP-INFO-Newsletter.jpg"},{"@type":"BreadcrumbList","@id":"https:\/\/inclusivemap.ca\/fr\/mise-a-jour-sur-le-transport-adapte-pour-les-parents\/#breadcrumb","itemListElement":[{"@type":"ListItem","position":1,"name":"Home","item":"https:\/\/inclusivemap.ca\/fr\/"},{"@type":"ListItem","position":2,"name":"Mise \u00e0 jour sur le transport adapt\u00e9 pour les parents"}]},{"@type":"WebSite","@id":"https:\/\/inclusivemap.ca\/fr\/#website","url":"https:\/\/inclusivemap.ca\/fr\/","name":"Inclusivemap","description":"MAP \u2013 Mobility | Access | Participation","publisher":{"@id":"https:\/\/inclusivemap.ca\/fr\/#organization"},"potentialAction":[{"@type":"SearchAction","target":{"@type":"EntryPoint","urlTemplate":"https:\/\/inclusivemap.ca\/fr\/?s={search_term_string}"},"query-input":{"@type":"PropertyValueSpecification","valueRequired":true,"valueName":"search_term_string"}}],"inLanguage":"fr-FR"},{"@type":"Organization","@id":"https:\/\/inclusivemap.ca\/fr\/#organization","name":"Inclusivemap","url":"https:\/\/inclusivemap.ca\/fr\/","logo":{"@type":"ImageObject","inLanguage":"fr-FR","@id":"https:\/\/inclusivemap.ca\/fr\/#\/schema\/logo\/image\/","url":"https:\/\/inclusivemap.ca\/wp-content\/uploads\/2022\/07\/map_bigprint_lighterblue.png","contentUrl":"https:\/\/inclusivemap.ca\/wp-content\/uploads\/2022\/07\/map_bigprint_lighterblue.png","width":8348,"height":4563,"caption":"Inclusivemap"},"image":{"@id":"https:\/\/inclusivemap.ca\/fr\/#\/schema\/logo\/image\/"}}]}},"_links":{"self":[{"href":"https:\/\/inclusivemap.ca\/fr\/wp-json\/wp\/v2\/pages\/3964","targetHints":{"allow":["GET"]}}],"collection":[{"href":"https:\/\/inclusivemap.ca\/fr\/wp-json\/wp\/v2\/pages"}],"about":[{"href":"https:\/\/inclusivemap.ca\/fr\/wp-json\/wp\/v2\/types\/page"}],"author":[{"embeddable":true,"href":"https:\/\/inclusivemap.ca\/fr\/wp-json\/wp\/v2\/users\/6"}],"replies":[{"embeddable":true,"href":"https:\/\/inclusivemap.ca\/fr\/wp-json\/wp\/v2\/comments?post=3964"}],"version-history":[{"count":7,"href":"https:\/\/inclusivemap.ca\/fr\/wp-json\/wp\/v2\/pages\/3964\/revisions"}],"predecessor-version":[{"id":5872,"href":"https:\/\/inclusivemap.ca\/fr\/wp-json\/wp\/v2\/pages\/3964\/revisions\/5872"}],"wp:attachment":[{"href":"https:\/\/inclusivemap.ca\/fr\/wp-json\/wp\/v2\/media?parent=3964"}],"wp:term":[{"taxonomy":"publication_categories","embeddable":true,"href":"https:\/\/inclusivemap.ca\/fr\/wp-json\/wp\/v2\/publication_categories?post=3964"}],"curies":[{"name":"wp","href":"https:\/\/api.w.org\/{rel}","templated":true}]}}