{"id":3969,"date":"2024-07-16T23:09:30","date_gmt":"2024-07-16T23:09:30","guid":{"rendered":"https:\/\/inclusivemap.ca\/mise-a-jour-de-linfrastructure-des-trottoirs\/"},"modified":"2025-10-15T17:26:27","modified_gmt":"2025-10-15T17:26:27","slug":"mise-a-jour-de-linfrastructure-des-trottoirs","status":"publish","type":"page","link":"https:\/\/inclusivemap.ca\/fr\/mise-a-jour-de-linfrastructure-des-trottoirs\/","title":{"rendered":"Mise \u00e0 jour de Project Sidewalk"},"content":{"rendered":"\n<figure class=\"wp-block-image alignwide size-full\"><img loading=\"lazy\" decoding=\"async\" width=\"816\" height=\"253\" src=\"https:\/\/inclusivemap.ca\/wp-content\/uploads\/2024\/07\/MAP-INFO-Newsletter.jpg\" alt=\"\" class=\"wp-image-3716\" srcset=\"https:\/\/inclusivemap.ca\/wp-content\/uploads\/2024\/07\/MAP-INFO-Newsletter.jpg 816w, https:\/\/inclusivemap.ca\/wp-content\/uploads\/2024\/07\/MAP-INFO-Newsletter-300x93.jpg 300w, https:\/\/inclusivemap.ca\/wp-content\/uploads\/2024\/07\/MAP-INFO-Newsletter-768x238.jpg 768w, https:\/\/inclusivemap.ca\/wp-content\/uploads\/2024\/07\/MAP-INFO-Newsletter-400x124.jpg 400w\" sizes=\"auto, (max-width: 816px) 100vw, 816px\" \/><\/figure>\n\n<h2 class=\"wp-block-heading\">Septembre 2025<\/h2>\n\n<ul class=\"wp-block-list\">\n<li>L&rsquo;\u00e9quipe travaille actuellement sur une publication bas\u00e9e sur les donn\u00e9es (collaboration entre SFU-gerontology, SFU Civic Innovation Lab, Project Sidewalk US group \u2013 Univ. Of Illinois, Chicago &amp; Washington University, et UBC). <\/li>\n<\/ul>\n\n<h2 class=\"wp-block-heading\">F\u00e9vrier 2025<\/h2>\n\n<ul class=\"wp-block-list\">\n<li>Les activit\u00e9s de collecte de donn\u00e9es sont termin\u00e9es pour tous les quartiers de Burnaby. <\/li>\n\n\n\n<li>L\u2019analyse des donn\u00e9es commencera bient\u00f4t avec les stagiaires de Mitacs Globalink Research au cours de l\u2019\u00e9t\u00e9 2025.<\/li>\n<\/ul>\n\n<h2 class=\"wp-block-heading\">juillet 2024<\/h2>\n\n<ul class=\"wp-block-list\">\n<li>L&rsquo;\u00e9quipe a re\u00e7u un financement du CRSH pour une subvention Partnership Engage afin de poursuivre la cartographie des quartiers commenc\u00e9e l&rsquo;\u00e9t\u00e9 dernier dans la ville de Burnaby. Nous allons commencer \u00e0 cartographier trois autres quartiers sur la plateforme Project Sidewalk. <\/li>\n\n\n\n<li>Nous travaillons en partenariat avec la \u00ab Burnaby Neighbourhood House \u00bb pour structurer la collecte de donn\u00e9es avec des groupes de jeunes leaders, ainsi qu&rsquo;avec des adultes plus \u00e2g\u00e9s (Ground truthing at hotspots) \u00e0 l&rsquo;aide de l&rsquo;outil SWAN.<\/li>\n<\/ul>\n\n<h2 class=\"wp-block-heading\">F\u00e9vrier 2024<\/h2>\n\n<ul class=\"wp-block-list\">\n<li>Ces derniers mois, nous nous sommes concentr\u00e9s sur la visualisation des donn\u00e9es dans le cadre du projet Sidewalk gr\u00e2ce \u00e0 l&rsquo;utilisation du syst\u00e8me d\u2019informations g\u00e9ographiques (SIG). En outre, nous avons organis\u00e9 des r\u00e9unions avec le personnel municipal de la Ville de Burnaby afin de proposer des sessions de formation sur la mani\u00e8re de collecter des donn\u00e9es sur l&rsquo;accessibilit\u00e9 des trottoirs \u00e0 l&rsquo;aide de la plateforme du projet Sidewalk. <\/li>\n\n\n\n<li>Une proposition de subvention (en collaboration avec le CIL) a \u00e9t\u00e9 soumise afin d&rsquo;obtenir un financement suppl\u00e9mentaire pour l\u2019implication communautaire dans la collecte de donn\u00e9es et la mobilisation des connaissances.<\/li>\n\n\n\n<li>Mise \u00e0 jour suppl\u00e9mentaire le 2 mars : L&rsquo;\u00e9quipe a re\u00e7u un financement du SSHRC pour une subvention de partenariat.<\/li>\n<\/ul>\n","protected":false},"excerpt":{"rendered":"<p>Septembre 2025 F\u00e9vrier 2025 juillet 2024 F\u00e9vrier 2024<\/p>\n","protected":false},"author":6,"featured_media":0,"parent":0,"menu_order":0,"comment_status":"closed","ping_status":"closed","template":"","meta":{"_acf_changed":false,"inline_featured_image":false,"footnotes":""},"publication_categories":[],"class_list":["post-3969","page","type-page","status-publish","hentry","entry"],"acf":[],"yoast_head":"<!-- This site is optimized with the Yoast SEO plugin v26.9 - https:\/\/yoast.com\/product\/yoast-seo-wordpress\/ -->\n<title>Mise \u00e0 jour de Project Sidewalk - Inclusivemap<\/title>\n<meta name=\"robots\" content=\"index, follow, max-snippet:-1, max-image-preview:large, max-video-preview:-1\" \/>\n<link rel=\"canonical\" href=\"https:\/\/inclusivemap.ca\/fr\/mise-a-jour-de-linfrastructure-des-trottoirs\/\" \/>\n<meta property=\"og:locale\" content=\"fr_FR\" \/>\n<meta property=\"og:type\" content=\"article\" \/>\n<meta property=\"og:title\" content=\"Mise \u00e0 jour de Project Sidewalk - Inclusivemap\" \/>\n<meta property=\"og:description\" content=\"Septembre 2025 F\u00e9vrier 2025 juillet 2024 F\u00e9vrier 2024\" \/>\n<meta property=\"og:url\" content=\"https:\/\/inclusivemap.ca\/fr\/mise-a-jour-de-linfrastructure-des-trottoirs\/\" \/>\n<meta property=\"og:site_name\" content=\"Inclusivemap\" \/>\n<meta property=\"article:modified_time\" content=\"2025-10-15T17:26:27+00:00\" \/>\n<meta property=\"og:image\" content=\"https:\/\/inclusivemap.ca\/wp-content\/uploads\/2024\/07\/MAP-INFO-Newsletter.jpg\" \/>\n\t<meta property=\"og:image:width\" content=\"816\" \/>\n\t<meta property=\"og:image:height\" content=\"253\" \/>\n\t<meta property=\"og:image:type\" content=\"image\/jpeg\" \/>\n<meta name=\"twitter:card\" content=\"summary_large_image\" \/>\n<meta name=\"twitter:label1\" content=\"Dur\u00e9e de lecture estim\u00e9e\" \/>\n\t<meta name=\"twitter:data1\" content=\"2 minutes\" \/>\n<script type=\"application\/ld+json\" class=\"yoast-schema-graph\">{\"@context\":\"https:\/\/schema.org\",\"@graph\":[{\"@type\":\"WebPage\",\"@id\":\"https:\/\/inclusivemap.ca\/fr\/mise-a-jour-de-linfrastructure-des-trottoirs\/\",\"url\":\"https:\/\/inclusivemap.ca\/fr\/mise-a-jour-de-linfrastructure-des-trottoirs\/\",\"name\":\"Mise \u00e0 jour de Project Sidewalk - Inclusivemap\",\"isPartOf\":{\"@id\":\"https:\/\/inclusivemap.ca\/fr\/#website\"},\"primaryImageOfPage\":{\"@id\":\"https:\/\/inclusivemap.ca\/fr\/mise-a-jour-de-linfrastructure-des-trottoirs\/#primaryimage\"},\"image\":{\"@id\":\"https:\/\/inclusivemap.ca\/fr\/mise-a-jour-de-linfrastructure-des-trottoirs\/#primaryimage\"},\"thumbnailUrl\":\"https:\/\/inclusivemap.ca\/wp-content\/uploads\/2024\/07\/MAP-INFO-Newsletter.jpg\",\"datePublished\":\"2024-07-16T23:09:30+00:00\",\"dateModified\":\"2025-10-15T17:26:27+00:00\",\"breadcrumb\":{\"@id\":\"https:\/\/inclusivemap.ca\/fr\/mise-a-jour-de-linfrastructure-des-trottoirs\/#breadcrumb\"},\"inLanguage\":\"fr-FR\",\"potentialAction\":[{\"@type\":\"ReadAction\",\"target\":[\"https:\/\/inclusivemap.ca\/fr\/mise-a-jour-de-linfrastructure-des-trottoirs\/\"]}]},{\"@type\":\"ImageObject\",\"inLanguage\":\"fr-FR\",\"@id\":\"https:\/\/inclusivemap.ca\/fr\/mise-a-jour-de-linfrastructure-des-trottoirs\/#primaryimage\",\"url\":\"https:\/\/inclusivemap.ca\/wp-content\/uploads\/2024\/07\/MAP-INFO-Newsletter.jpg\",\"contentUrl\":\"https:\/\/inclusivemap.ca\/wp-content\/uploads\/2024\/07\/MAP-INFO-Newsletter.jpg\"},{\"@type\":\"BreadcrumbList\",\"@id\":\"https:\/\/inclusivemap.ca\/fr\/mise-a-jour-de-linfrastructure-des-trottoirs\/#breadcrumb\",\"itemListElement\":[{\"@type\":\"ListItem\",\"position\":1,\"name\":\"Home\",\"item\":\"https:\/\/inclusivemap.ca\/fr\/\"},{\"@type\":\"ListItem\",\"position\":2,\"name\":\"Mise \u00e0 jour de Project Sidewalk\"}]},{\"@type\":\"WebSite\",\"@id\":\"https:\/\/inclusivemap.ca\/fr\/#website\",\"url\":\"https:\/\/inclusivemap.ca\/fr\/\",\"name\":\"Inclusivemap\",\"description\":\"MAP \u2013 Mobility | Access | Participation\",\"publisher\":{\"@id\":\"https:\/\/inclusivemap.ca\/fr\/#organization\"},\"potentialAction\":[{\"@type\":\"SearchAction\",\"target\":{\"@type\":\"EntryPoint\",\"urlTemplate\":\"https:\/\/inclusivemap.ca\/fr\/?s={search_term_string}\"},\"query-input\":{\"@type\":\"PropertyValueSpecification\",\"valueRequired\":true,\"valueName\":\"search_term_string\"}}],\"inLanguage\":\"fr-FR\"},{\"@type\":\"Organization\",\"@id\":\"https:\/\/inclusivemap.ca\/fr\/#organization\",\"name\":\"Inclusivemap\",\"url\":\"https:\/\/inclusivemap.ca\/fr\/\",\"logo\":{\"@type\":\"ImageObject\",\"inLanguage\":\"fr-FR\",\"@id\":\"https:\/\/inclusivemap.ca\/fr\/#\/schema\/logo\/image\/\",\"url\":\"https:\/\/inclusivemap.ca\/wp-content\/uploads\/2022\/07\/map_bigprint_lighterblue.png\",\"contentUrl\":\"https:\/\/inclusivemap.ca\/wp-content\/uploads\/2022\/07\/map_bigprint_lighterblue.png\",\"width\":8348,\"height\":4563,\"caption\":\"Inclusivemap\"},\"image\":{\"@id\":\"https:\/\/inclusivemap.ca\/fr\/#\/schema\/logo\/image\/\"}}]}<\/script>\n<!-- \/ Yoast SEO plugin. -->","yoast_head_json":{"title":"Mise \u00e0 jour de Project Sidewalk - Inclusivemap","robots":{"index":"index","follow":"follow","max-snippet":"max-snippet:-1","max-image-preview":"max-image-preview:large","max-video-preview":"max-video-preview:-1"},"canonical":"https:\/\/inclusivemap.ca\/fr\/mise-a-jour-de-linfrastructure-des-trottoirs\/","og_locale":"fr_FR","og_type":"article","og_title":"Mise \u00e0 jour de Project Sidewalk - Inclusivemap","og_description":"Septembre 2025 F\u00e9vrier 2025 juillet 2024 F\u00e9vrier 2024","og_url":"https:\/\/inclusivemap.ca\/fr\/mise-a-jour-de-linfrastructure-des-trottoirs\/","og_site_name":"Inclusivemap","article_modified_time":"2025-10-15T17:26:27+00:00","og_image":[{"width":816,"height":253,"url":"https:\/\/inclusivemap.ca\/wp-content\/uploads\/2024\/07\/MAP-INFO-Newsletter.jpg","type":"image\/jpeg"}],"twitter_card":"summary_large_image","twitter_misc":{"Dur\u00e9e de lecture estim\u00e9e":"2 minutes"},"schema":{"@context":"https:\/\/schema.org","@graph":[{"@type":"WebPage","@id":"https:\/\/inclusivemap.ca\/fr\/mise-a-jour-de-linfrastructure-des-trottoirs\/","url":"https:\/\/inclusivemap.ca\/fr\/mise-a-jour-de-linfrastructure-des-trottoirs\/","name":"Mise \u00e0 jour de Project Sidewalk - Inclusivemap","isPartOf":{"@id":"https:\/\/inclusivemap.ca\/fr\/#website"},"primaryImageOfPage":{"@id":"https:\/\/inclusivemap.ca\/fr\/mise-a-jour-de-linfrastructure-des-trottoirs\/#primaryimage"},"image":{"@id":"https:\/\/inclusivemap.ca\/fr\/mise-a-jour-de-linfrastructure-des-trottoirs\/#primaryimage"},"thumbnailUrl":"https:\/\/inclusivemap.ca\/wp-content\/uploads\/2024\/07\/MAP-INFO-Newsletter.jpg","datePublished":"2024-07-16T23:09:30+00:00","dateModified":"2025-10-15T17:26:27+00:00","breadcrumb":{"@id":"https:\/\/inclusivemap.ca\/fr\/mise-a-jour-de-linfrastructure-des-trottoirs\/#breadcrumb"},"inLanguage":"fr-FR","potentialAction":[{"@type":"ReadAction","target":["https:\/\/inclusivemap.ca\/fr\/mise-a-jour-de-linfrastructure-des-trottoirs\/"]}]},{"@type":"ImageObject","inLanguage":"fr-FR","@id":"https:\/\/inclusivemap.ca\/fr\/mise-a-jour-de-linfrastructure-des-trottoirs\/#primaryimage","url":"https:\/\/inclusivemap.ca\/wp-content\/uploads\/2024\/07\/MAP-INFO-Newsletter.jpg","contentUrl":"https:\/\/inclusivemap.ca\/wp-content\/uploads\/2024\/07\/MAP-INFO-Newsletter.jpg"},{"@type":"BreadcrumbList","@id":"https:\/\/inclusivemap.ca\/fr\/mise-a-jour-de-linfrastructure-des-trottoirs\/#breadcrumb","itemListElement":[{"@type":"ListItem","position":1,"name":"Home","item":"https:\/\/inclusivemap.ca\/fr\/"},{"@type":"ListItem","position":2,"name":"Mise \u00e0 jour de Project Sidewalk"}]},{"@type":"WebSite","@id":"https:\/\/inclusivemap.ca\/fr\/#website","url":"https:\/\/inclusivemap.ca\/fr\/","name":"Inclusivemap","description":"MAP \u2013 Mobility | Access | Participation","publisher":{"@id":"https:\/\/inclusivemap.ca\/fr\/#organization"},"potentialAction":[{"@type":"SearchAction","target":{"@type":"EntryPoint","urlTemplate":"https:\/\/inclusivemap.ca\/fr\/?s={search_term_string}"},"query-input":{"@type":"PropertyValueSpecification","valueRequired":true,"valueName":"search_term_string"}}],"inLanguage":"fr-FR"},{"@type":"Organization","@id":"https:\/\/inclusivemap.ca\/fr\/#organization","name":"Inclusivemap","url":"https:\/\/inclusivemap.ca\/fr\/","logo":{"@type":"ImageObject","inLanguage":"fr-FR","@id":"https:\/\/inclusivemap.ca\/fr\/#\/schema\/logo\/image\/","url":"https:\/\/inclusivemap.ca\/wp-content\/uploads\/2022\/07\/map_bigprint_lighterblue.png","contentUrl":"https:\/\/inclusivemap.ca\/wp-content\/uploads\/2022\/07\/map_bigprint_lighterblue.png","width":8348,"height":4563,"caption":"Inclusivemap"},"image":{"@id":"https:\/\/inclusivemap.ca\/fr\/#\/schema\/logo\/image\/"}}]}},"_links":{"self":[{"href":"https:\/\/inclusivemap.ca\/fr\/wp-json\/wp\/v2\/pages\/3969","targetHints":{"allow":["GET"]}}],"collection":[{"href":"https:\/\/inclusivemap.ca\/fr\/wp-json\/wp\/v2\/pages"}],"about":[{"href":"https:\/\/inclusivemap.ca\/fr\/wp-json\/wp\/v2\/types\/page"}],"author":[{"embeddable":true,"href":"https:\/\/inclusivemap.ca\/fr\/wp-json\/wp\/v2\/users\/6"}],"replies":[{"embeddable":true,"href":"https:\/\/inclusivemap.ca\/fr\/wp-json\/wp\/v2\/comments?post=3969"}],"version-history":[{"count":8,"href":"https:\/\/inclusivemap.ca\/fr\/wp-json\/wp\/v2\/pages\/3969\/revisions"}],"predecessor-version":[{"id":5873,"href":"https:\/\/inclusivemap.ca\/fr\/wp-json\/wp\/v2\/pages\/3969\/revisions\/5873"}],"wp:attachment":[{"href":"https:\/\/inclusivemap.ca\/fr\/wp-json\/wp\/v2\/media?parent=3969"}],"wp:term":[{"taxonomy":"publication_categories","embeddable":true,"href":"https:\/\/inclusivemap.ca\/fr\/wp-json\/wp\/v2\/publication_categories?post=3969"}],"curies":[{"name":"wp","href":"https:\/\/api.w.org\/{rel}","templated":true}]}}