{"id":3972,"date":"2024-07-19T22:02:26","date_gmt":"2024-07-19T22:02:26","guid":{"rendered":"https:\/\/inclusivemap.ca\/mise-a-jour-sur-les-taxis-et-le-covoiturage\/"},"modified":"2024-08-13T23:44:43","modified_gmt":"2024-08-13T23:44:43","slug":"mise-a-jour-sur-les-taxis-et-le-covoiturage","status":"publish","type":"page","link":"https:\/\/inclusivemap.ca\/fr\/mise-a-jour-sur-les-taxis-et-le-covoiturage\/","title":{"rendered":"Mise \u00e0 jour sur les taxis et le covoiturage"},"content":{"rendered":"\n<figure class=\"wp-block-image alignwide size-full\"><img loading=\"lazy\" decoding=\"async\" width=\"816\" height=\"253\" src=\"https:\/\/inclusivemap.ca\/wp-content\/uploads\/2024\/07\/MAP-INFO-Newsletter.jpg\" alt=\"\" class=\"wp-image-3716\" srcset=\"https:\/\/inclusivemap.ca\/wp-content\/uploads\/2024\/07\/MAP-INFO-Newsletter.jpg 816w, https:\/\/inclusivemap.ca\/wp-content\/uploads\/2024\/07\/MAP-INFO-Newsletter-300x93.jpg 300w, https:\/\/inclusivemap.ca\/wp-content\/uploads\/2024\/07\/MAP-INFO-Newsletter-768x238.jpg 768w, https:\/\/inclusivemap.ca\/wp-content\/uploads\/2024\/07\/MAP-INFO-Newsletter-400x124.jpg 400w\" sizes=\"auto, (max-width: 816px) 100vw, 816px\" \/><\/figure>\n<h2 class=\"wp-block-heading\">juillet 2024<\/h2>\n\n<ul class=\"wp-block-list\">\n<li>Olatioluwase travaille avec Marie-H\u00e9l\u00e8ne pour r\u00e9aliser une analyse conjointe de l&rsquo;\u00e9tude. Nous sommes actuellement en train de r\u00e9diger les r\u00e9sultats !<\/li>\n<\/ul>\n","protected":false},"excerpt":{"rendered":"<p>juillet 2024<\/p>\n","protected":false},"author":6,"featured_media":0,"parent":0,"menu_order":0,"comment_status":"closed","ping_status":"closed","template":"","meta":{"_acf_changed":false,"inline_featured_image":false,"footnotes":""},"publication_categories":[],"class_list":["post-3972","page","type-page","status-publish","hentry","entry"],"acf":[],"yoast_head":"<!-- This site is optimized with the Yoast SEO plugin v26.9 - https:\/\/yoast.com\/product\/yoast-seo-wordpress\/ -->\n<title>Mise \u00e0 jour sur les taxis et le covoiturage - Inclusivemap<\/title>\n<meta name=\"robots\" content=\"index, follow, max-snippet:-1, max-image-preview:large, max-video-preview:-1\" \/>\n<link rel=\"canonical\" href=\"https:\/\/inclusivemap.ca\/fr\/mise-a-jour-sur-les-taxis-et-le-covoiturage\/\" \/>\n<meta property=\"og:locale\" content=\"fr_FR\" \/>\n<meta property=\"og:type\" content=\"article\" \/>\n<meta property=\"og:title\" content=\"Mise \u00e0 jour sur les taxis et le covoiturage - Inclusivemap\" \/>\n<meta property=\"og:description\" content=\"juillet 2024\" \/>\n<meta property=\"og:url\" content=\"https:\/\/inclusivemap.ca\/fr\/mise-a-jour-sur-les-taxis-et-le-covoiturage\/\" \/>\n<meta property=\"og:site_name\" content=\"Inclusivemap\" \/>\n<meta property=\"article:modified_time\" content=\"2024-08-13T23:44:43+00:00\" \/>\n<meta property=\"og:image\" content=\"https:\/\/inclusivemap.ca\/wp-content\/uploads\/2024\/07\/MAP-INFO-Newsletter.jpg\" \/>\n<meta name=\"twitter:card\" content=\"summary_large_image\" \/>\n<script type=\"application\/ld+json\" class=\"yoast-schema-graph\">{\"@context\":\"https:\/\/schema.org\",\"@graph\":[{\"@type\":\"WebPage\",\"@id\":\"https:\/\/inclusivemap.ca\/fr\/mise-a-jour-sur-les-taxis-et-le-covoiturage\/\",\"url\":\"https:\/\/inclusivemap.ca\/fr\/mise-a-jour-sur-les-taxis-et-le-covoiturage\/\",\"name\":\"Mise \u00e0 jour sur les taxis et le covoiturage - Inclusivemap\",\"isPartOf\":{\"@id\":\"https:\/\/inclusivemap.ca\/fr\/#website\"},\"primaryImageOfPage\":{\"@id\":\"https:\/\/inclusivemap.ca\/fr\/mise-a-jour-sur-les-taxis-et-le-covoiturage\/#primaryimage\"},\"image\":{\"@id\":\"https:\/\/inclusivemap.ca\/fr\/mise-a-jour-sur-les-taxis-et-le-covoiturage\/#primaryimage\"},\"thumbnailUrl\":\"https:\/\/inclusivemap.ca\/wp-content\/uploads\/2024\/07\/MAP-INFO-Newsletter.jpg\",\"datePublished\":\"2024-07-19T22:02:26+00:00\",\"dateModified\":\"2024-08-13T23:44:43+00:00\",\"breadcrumb\":{\"@id\":\"https:\/\/inclusivemap.ca\/fr\/mise-a-jour-sur-les-taxis-et-le-covoiturage\/#breadcrumb\"},\"inLanguage\":\"fr-FR\",\"potentialAction\":[{\"@type\":\"ReadAction\",\"target\":[\"https:\/\/inclusivemap.ca\/fr\/mise-a-jour-sur-les-taxis-et-le-covoiturage\/\"]}]},{\"@type\":\"ImageObject\",\"inLanguage\":\"fr-FR\",\"@id\":\"https:\/\/inclusivemap.ca\/fr\/mise-a-jour-sur-les-taxis-et-le-covoiturage\/#primaryimage\",\"url\":\"https:\/\/inclusivemap.ca\/wp-content\/uploads\/2024\/07\/MAP-INFO-Newsletter.jpg\",\"contentUrl\":\"https:\/\/inclusivemap.ca\/wp-content\/uploads\/2024\/07\/MAP-INFO-Newsletter.jpg\"},{\"@type\":\"BreadcrumbList\",\"@id\":\"https:\/\/inclusivemap.ca\/fr\/mise-a-jour-sur-les-taxis-et-le-covoiturage\/#breadcrumb\",\"itemListElement\":[{\"@type\":\"ListItem\",\"position\":1,\"name\":\"Home\",\"item\":\"https:\/\/inclusivemap.ca\/fr\/\"},{\"@type\":\"ListItem\",\"position\":2,\"name\":\"Mise \u00e0 jour sur les taxis et le covoiturage\"}]},{\"@type\":\"WebSite\",\"@id\":\"https:\/\/inclusivemap.ca\/fr\/#website\",\"url\":\"https:\/\/inclusivemap.ca\/fr\/\",\"name\":\"Inclusivemap\",\"description\":\"MAP \u2013 Mobility | Access | Participation\",\"publisher\":{\"@id\":\"https:\/\/inclusivemap.ca\/fr\/#organization\"},\"potentialAction\":[{\"@type\":\"SearchAction\",\"target\":{\"@type\":\"EntryPoint\",\"urlTemplate\":\"https:\/\/inclusivemap.ca\/fr\/?s={search_term_string}\"},\"query-input\":{\"@type\":\"PropertyValueSpecification\",\"valueRequired\":true,\"valueName\":\"search_term_string\"}}],\"inLanguage\":\"fr-FR\"},{\"@type\":\"Organization\",\"@id\":\"https:\/\/inclusivemap.ca\/fr\/#organization\",\"name\":\"Inclusivemap\",\"url\":\"https:\/\/inclusivemap.ca\/fr\/\",\"logo\":{\"@type\":\"ImageObject\",\"inLanguage\":\"fr-FR\",\"@id\":\"https:\/\/inclusivemap.ca\/fr\/#\/schema\/logo\/image\/\",\"url\":\"https:\/\/inclusivemap.ca\/wp-content\/uploads\/2022\/07\/map_bigprint_lighterblue.png\",\"contentUrl\":\"https:\/\/inclusivemap.ca\/wp-content\/uploads\/2022\/07\/map_bigprint_lighterblue.png\",\"width\":8348,\"height\":4563,\"caption\":\"Inclusivemap\"},\"image\":{\"@id\":\"https:\/\/inclusivemap.ca\/fr\/#\/schema\/logo\/image\/\"}}]}<\/script>\n<!-- \/ Yoast SEO plugin. -->","yoast_head_json":{"title":"Mise \u00e0 jour sur les taxis et le covoiturage - Inclusivemap","robots":{"index":"index","follow":"follow","max-snippet":"max-snippet:-1","max-image-preview":"max-image-preview:large","max-video-preview":"max-video-preview:-1"},"canonical":"https:\/\/inclusivemap.ca\/fr\/mise-a-jour-sur-les-taxis-et-le-covoiturage\/","og_locale":"fr_FR","og_type":"article","og_title":"Mise \u00e0 jour sur les taxis et le covoiturage - Inclusivemap","og_description":"juillet 2024","og_url":"https:\/\/inclusivemap.ca\/fr\/mise-a-jour-sur-les-taxis-et-le-covoiturage\/","og_site_name":"Inclusivemap","article_modified_time":"2024-08-13T23:44:43+00:00","og_image":[{"url":"https:\/\/inclusivemap.ca\/wp-content\/uploads\/2024\/07\/MAP-INFO-Newsletter.jpg","type":"","width":"","height":""}],"twitter_card":"summary_large_image","schema":{"@context":"https:\/\/schema.org","@graph":[{"@type":"WebPage","@id":"https:\/\/inclusivemap.ca\/fr\/mise-a-jour-sur-les-taxis-et-le-covoiturage\/","url":"https:\/\/inclusivemap.ca\/fr\/mise-a-jour-sur-les-taxis-et-le-covoiturage\/","name":"Mise \u00e0 jour sur les taxis et le covoiturage - Inclusivemap","isPartOf":{"@id":"https:\/\/inclusivemap.ca\/fr\/#website"},"primaryImageOfPage":{"@id":"https:\/\/inclusivemap.ca\/fr\/mise-a-jour-sur-les-taxis-et-le-covoiturage\/#primaryimage"},"image":{"@id":"https:\/\/inclusivemap.ca\/fr\/mise-a-jour-sur-les-taxis-et-le-covoiturage\/#primaryimage"},"thumbnailUrl":"https:\/\/inclusivemap.ca\/wp-content\/uploads\/2024\/07\/MAP-INFO-Newsletter.jpg","datePublished":"2024-07-19T22:02:26+00:00","dateModified":"2024-08-13T23:44:43+00:00","breadcrumb":{"@id":"https:\/\/inclusivemap.ca\/fr\/mise-a-jour-sur-les-taxis-et-le-covoiturage\/#breadcrumb"},"inLanguage":"fr-FR","potentialAction":[{"@type":"ReadAction","target":["https:\/\/inclusivemap.ca\/fr\/mise-a-jour-sur-les-taxis-et-le-covoiturage\/"]}]},{"@type":"ImageObject","inLanguage":"fr-FR","@id":"https:\/\/inclusivemap.ca\/fr\/mise-a-jour-sur-les-taxis-et-le-covoiturage\/#primaryimage","url":"https:\/\/inclusivemap.ca\/wp-content\/uploads\/2024\/07\/MAP-INFO-Newsletter.jpg","contentUrl":"https:\/\/inclusivemap.ca\/wp-content\/uploads\/2024\/07\/MAP-INFO-Newsletter.jpg"},{"@type":"BreadcrumbList","@id":"https:\/\/inclusivemap.ca\/fr\/mise-a-jour-sur-les-taxis-et-le-covoiturage\/#breadcrumb","itemListElement":[{"@type":"ListItem","position":1,"name":"Home","item":"https:\/\/inclusivemap.ca\/fr\/"},{"@type":"ListItem","position":2,"name":"Mise \u00e0 jour sur les taxis et le covoiturage"}]},{"@type":"WebSite","@id":"https:\/\/inclusivemap.ca\/fr\/#website","url":"https:\/\/inclusivemap.ca\/fr\/","name":"Inclusivemap","description":"MAP \u2013 Mobility | Access | Participation","publisher":{"@id":"https:\/\/inclusivemap.ca\/fr\/#organization"},"potentialAction":[{"@type":"SearchAction","target":{"@type":"EntryPoint","urlTemplate":"https:\/\/inclusivemap.ca\/fr\/?s={search_term_string}"},"query-input":{"@type":"PropertyValueSpecification","valueRequired":true,"valueName":"search_term_string"}}],"inLanguage":"fr-FR"},{"@type":"Organization","@id":"https:\/\/inclusivemap.ca\/fr\/#organization","name":"Inclusivemap","url":"https:\/\/inclusivemap.ca\/fr\/","logo":{"@type":"ImageObject","inLanguage":"fr-FR","@id":"https:\/\/inclusivemap.ca\/fr\/#\/schema\/logo\/image\/","url":"https:\/\/inclusivemap.ca\/wp-content\/uploads\/2022\/07\/map_bigprint_lighterblue.png","contentUrl":"https:\/\/inclusivemap.ca\/wp-content\/uploads\/2022\/07\/map_bigprint_lighterblue.png","width":8348,"height":4563,"caption":"Inclusivemap"},"image":{"@id":"https:\/\/inclusivemap.ca\/fr\/#\/schema\/logo\/image\/"}}]}},"_links":{"self":[{"href":"https:\/\/inclusivemap.ca\/fr\/wp-json\/wp\/v2\/pages\/3972","targetHints":{"allow":["GET"]}}],"collection":[{"href":"https:\/\/inclusivemap.ca\/fr\/wp-json\/wp\/v2\/pages"}],"about":[{"href":"https:\/\/inclusivemap.ca\/fr\/wp-json\/wp\/v2\/types\/page"}],"author":[{"embeddable":true,"href":"https:\/\/inclusivemap.ca\/fr\/wp-json\/wp\/v2\/users\/6"}],"replies":[{"embeddable":true,"href":"https:\/\/inclusivemap.ca\/fr\/wp-json\/wp\/v2\/comments?post=3972"}],"version-history":[{"count":1,"href":"https:\/\/inclusivemap.ca\/fr\/wp-json\/wp\/v2\/pages\/3972\/revisions"}],"predecessor-version":[{"id":3973,"href":"https:\/\/inclusivemap.ca\/fr\/wp-json\/wp\/v2\/pages\/3972\/revisions\/3973"}],"wp:attachment":[{"href":"https:\/\/inclusivemap.ca\/fr\/wp-json\/wp\/v2\/media?parent=3972"}],"wp:term":[{"taxonomy":"publication_categories","embeddable":true,"href":"https:\/\/inclusivemap.ca\/fr\/wp-json\/wp\/v2\/publication_categories?post=3972"}],"curies":[{"name":"wp","href":"https:\/\/api.w.org\/{rel}","templated":true}]}}