{"id":4049,"date":"2024-08-19T23:21:03","date_gmt":"2024-08-19T23:21:03","guid":{"rendered":"https:\/\/inclusivemap.ca\/mises-a-jour-de-la-boite-a-outils-sur-le-climat\/"},"modified":"2025-10-15T17:16:58","modified_gmt":"2025-10-15T17:16:58","slug":"mises-a-jour-de-la-boite-a-outils-sur-le-climat","status":"publish","type":"page","link":"https:\/\/inclusivemap.ca\/fr\/mises-a-jour-de-la-boite-a-outils-sur-le-climat\/","title":{"rendered":"Mises \u00e0 jour de la bo\u00eete \u00e0 outils sur le climat"},"content":{"rendered":"\n<figure class=\"wp-block-image size-full\"><img loading=\"lazy\" decoding=\"async\" width=\"816\" height=\"253\" src=\"https:\/\/inclusivemap.ca\/wp-content\/uploads\/2024\/07\/MAP-INFO-Newsletter.jpg\" alt=\"\" class=\"wp-image-3716\" srcset=\"https:\/\/inclusivemap.ca\/wp-content\/uploads\/2024\/07\/MAP-INFO-Newsletter.jpg 816w, https:\/\/inclusivemap.ca\/wp-content\/uploads\/2024\/07\/MAP-INFO-Newsletter-300x93.jpg 300w, https:\/\/inclusivemap.ca\/wp-content\/uploads\/2024\/07\/MAP-INFO-Newsletter-768x238.jpg 768w, https:\/\/inclusivemap.ca\/wp-content\/uploads\/2024\/07\/MAP-INFO-Newsletter-400x124.jpg 400w\" sizes=\"auto, (max-width: 816px) 100vw, 816px\" \/><\/figure>\n\n<h2 class=\"wp-block-heading\">Septembre 2025<\/h2>\n\n<ul class=\"wp-block-list\">\n<li>L&rsquo;\u00e9quipe pr\u00e9sentera une affiche le 9 octobre lors de la 3e retraite annuelle du <strong>Centre for Aging SMART Faculty Retreat and Research Showcase !<\/strong><\/li>\n\n\n\n<li>La collecte de donn\u00e9es et les entretiens avec les participants devraient d\u00e9buter en octobre 2025.<\/li>\n\n\n\n<li>En juin 2025, Farrukh Chishtie, membre de l&rsquo;\u00e9quipe, a assist\u00e9 \u00e0 la r\u00e9union nationale du MAP \u00e0 Qu\u00e9bec afin de pr\u00e9senter un prototype de la bo\u00eete \u00e0 outils web et de recueillir les commentaires des autres chercheurs et partenaires pr\u00e9sents.<\/li>\n<\/ul>\n\n<h2 class=\"wp-block-heading\">juillet 2024<\/h2>\n\n<ul class=\"wp-block-list\">\n<li>Notre projet Fourniture de services d&rsquo;information climatique li\u00e9s \u00e0 la sant\u00e9 afin d&rsquo;accro\u00eetre la r\u00e9silience des communaut\u00e9s vuln\u00e9rables dans les centres urbains soutenu par la Peaceful Society, Science and Innovation Foundation, proc\u00e8de actuellement \u00e0 une analyse de l&rsquo;environnement de Vancouver.<\/li>\n\n\n\n<li>Nous nous sommes r\u00e9cemment inscrits pour une opportunit\u00e9 de subvention des IRSC en collaboration avec les \u00e9quipes de l&rsquo;UBC et d&rsquo;OT-CAN.<\/li>\n<\/ul>\n","protected":false},"excerpt":{"rendered":"<p>Septembre 2025 juillet 2024<\/p>\n","protected":false},"author":6,"featured_media":0,"parent":0,"menu_order":0,"comment_status":"closed","ping_status":"closed","template":"","meta":{"_acf_changed":false,"inline_featured_image":false,"footnotes":""},"publication_categories":[],"class_list":["post-4049","page","type-page","status-publish","hentry","entry"],"acf":[],"yoast_head":"<!-- This site is optimized with the Yoast SEO plugin v26.9 - https:\/\/yoast.com\/product\/yoast-seo-wordpress\/ -->\n<title>Mises \u00e0 jour de la bo\u00eete \u00e0 outils sur le climat - Inclusivemap<\/title>\n<meta name=\"robots\" content=\"index, follow, max-snippet:-1, max-image-preview:large, max-video-preview:-1\" \/>\n<link rel=\"canonical\" href=\"https:\/\/inclusivemap.ca\/fr\/mises-a-jour-de-la-boite-a-outils-sur-le-climat\/\" \/>\n<meta property=\"og:locale\" content=\"fr_FR\" \/>\n<meta property=\"og:type\" content=\"article\" \/>\n<meta property=\"og:title\" content=\"Mises \u00e0 jour de la bo\u00eete \u00e0 outils sur le climat - Inclusivemap\" \/>\n<meta property=\"og:description\" content=\"Septembre 2025 juillet 2024\" \/>\n<meta property=\"og:url\" content=\"https:\/\/inclusivemap.ca\/fr\/mises-a-jour-de-la-boite-a-outils-sur-le-climat\/\" \/>\n<meta property=\"og:site_name\" content=\"Inclusivemap\" \/>\n<meta property=\"article:modified_time\" content=\"2025-10-15T17:16:58+00:00\" \/>\n<meta property=\"og:image\" content=\"https:\/\/inclusivemap.ca\/wp-content\/uploads\/2024\/07\/MAP-INFO-Newsletter.jpg\" \/>\n\t<meta property=\"og:image:width\" content=\"816\" \/>\n\t<meta property=\"og:image:height\" content=\"253\" \/>\n\t<meta property=\"og:image:type\" content=\"image\/jpeg\" \/>\n<meta name=\"twitter:card\" content=\"summary_large_image\" \/>\n<meta name=\"twitter:label1\" content=\"Dur\u00e9e de lecture estim\u00e9e\" \/>\n\t<meta name=\"twitter:data1\" content=\"1 minute\" \/>\n<script type=\"application\/ld+json\" class=\"yoast-schema-graph\">{\"@context\":\"https:\/\/schema.org\",\"@graph\":[{\"@type\":\"WebPage\",\"@id\":\"https:\/\/inclusivemap.ca\/fr\/mises-a-jour-de-la-boite-a-outils-sur-le-climat\/\",\"url\":\"https:\/\/inclusivemap.ca\/fr\/mises-a-jour-de-la-boite-a-outils-sur-le-climat\/\",\"name\":\"Mises \u00e0 jour de la bo\u00eete \u00e0 outils sur le climat - Inclusivemap\",\"isPartOf\":{\"@id\":\"https:\/\/inclusivemap.ca\/fr\/#website\"},\"primaryImageOfPage\":{\"@id\":\"https:\/\/inclusivemap.ca\/fr\/mises-a-jour-de-la-boite-a-outils-sur-le-climat\/#primaryimage\"},\"image\":{\"@id\":\"https:\/\/inclusivemap.ca\/fr\/mises-a-jour-de-la-boite-a-outils-sur-le-climat\/#primaryimage\"},\"thumbnailUrl\":\"https:\/\/inclusivemap.ca\/wp-content\/uploads\/2024\/07\/MAP-INFO-Newsletter.jpg\",\"datePublished\":\"2024-08-19T23:21:03+00:00\",\"dateModified\":\"2025-10-15T17:16:58+00:00\",\"breadcrumb\":{\"@id\":\"https:\/\/inclusivemap.ca\/fr\/mises-a-jour-de-la-boite-a-outils-sur-le-climat\/#breadcrumb\"},\"inLanguage\":\"fr-FR\",\"potentialAction\":[{\"@type\":\"ReadAction\",\"target\":[\"https:\/\/inclusivemap.ca\/fr\/mises-a-jour-de-la-boite-a-outils-sur-le-climat\/\"]}]},{\"@type\":\"ImageObject\",\"inLanguage\":\"fr-FR\",\"@id\":\"https:\/\/inclusivemap.ca\/fr\/mises-a-jour-de-la-boite-a-outils-sur-le-climat\/#primaryimage\",\"url\":\"https:\/\/inclusivemap.ca\/wp-content\/uploads\/2024\/07\/MAP-INFO-Newsletter.jpg\",\"contentUrl\":\"https:\/\/inclusivemap.ca\/wp-content\/uploads\/2024\/07\/MAP-INFO-Newsletter.jpg\"},{\"@type\":\"BreadcrumbList\",\"@id\":\"https:\/\/inclusivemap.ca\/fr\/mises-a-jour-de-la-boite-a-outils-sur-le-climat\/#breadcrumb\",\"itemListElement\":[{\"@type\":\"ListItem\",\"position\":1,\"name\":\"Home\",\"item\":\"https:\/\/inclusivemap.ca\/fr\/\"},{\"@type\":\"ListItem\",\"position\":2,\"name\":\"Mises \u00e0 jour de la bo\u00eete \u00e0 outils sur le climat\"}]},{\"@type\":\"WebSite\",\"@id\":\"https:\/\/inclusivemap.ca\/fr\/#website\",\"url\":\"https:\/\/inclusivemap.ca\/fr\/\",\"name\":\"Inclusivemap\",\"description\":\"MAP \u2013 Mobility | Access | Participation\",\"publisher\":{\"@id\":\"https:\/\/inclusivemap.ca\/fr\/#organization\"},\"potentialAction\":[{\"@type\":\"SearchAction\",\"target\":{\"@type\":\"EntryPoint\",\"urlTemplate\":\"https:\/\/inclusivemap.ca\/fr\/?s={search_term_string}\"},\"query-input\":{\"@type\":\"PropertyValueSpecification\",\"valueRequired\":true,\"valueName\":\"search_term_string\"}}],\"inLanguage\":\"fr-FR\"},{\"@type\":\"Organization\",\"@id\":\"https:\/\/inclusivemap.ca\/fr\/#organization\",\"name\":\"Inclusivemap\",\"url\":\"https:\/\/inclusivemap.ca\/fr\/\",\"logo\":{\"@type\":\"ImageObject\",\"inLanguage\":\"fr-FR\",\"@id\":\"https:\/\/inclusivemap.ca\/fr\/#\/schema\/logo\/image\/\",\"url\":\"https:\/\/inclusivemap.ca\/wp-content\/uploads\/2022\/07\/map_bigprint_lighterblue.png\",\"contentUrl\":\"https:\/\/inclusivemap.ca\/wp-content\/uploads\/2022\/07\/map_bigprint_lighterblue.png\",\"width\":8348,\"height\":4563,\"caption\":\"Inclusivemap\"},\"image\":{\"@id\":\"https:\/\/inclusivemap.ca\/fr\/#\/schema\/logo\/image\/\"}}]}<\/script>\n<!-- \/ Yoast SEO plugin. -->","yoast_head_json":{"title":"Mises \u00e0 jour de la bo\u00eete \u00e0 outils sur le climat - Inclusivemap","robots":{"index":"index","follow":"follow","max-snippet":"max-snippet:-1","max-image-preview":"max-image-preview:large","max-video-preview":"max-video-preview:-1"},"canonical":"https:\/\/inclusivemap.ca\/fr\/mises-a-jour-de-la-boite-a-outils-sur-le-climat\/","og_locale":"fr_FR","og_type":"article","og_title":"Mises \u00e0 jour de la bo\u00eete \u00e0 outils sur le climat - Inclusivemap","og_description":"Septembre 2025 juillet 2024","og_url":"https:\/\/inclusivemap.ca\/fr\/mises-a-jour-de-la-boite-a-outils-sur-le-climat\/","og_site_name":"Inclusivemap","article_modified_time":"2025-10-15T17:16:58+00:00","og_image":[{"width":816,"height":253,"url":"https:\/\/inclusivemap.ca\/wp-content\/uploads\/2024\/07\/MAP-INFO-Newsletter.jpg","type":"image\/jpeg"}],"twitter_card":"summary_large_image","twitter_misc":{"Dur\u00e9e de lecture estim\u00e9e":"1 minute"},"schema":{"@context":"https:\/\/schema.org","@graph":[{"@type":"WebPage","@id":"https:\/\/inclusivemap.ca\/fr\/mises-a-jour-de-la-boite-a-outils-sur-le-climat\/","url":"https:\/\/inclusivemap.ca\/fr\/mises-a-jour-de-la-boite-a-outils-sur-le-climat\/","name":"Mises \u00e0 jour de la bo\u00eete \u00e0 outils sur le climat - Inclusivemap","isPartOf":{"@id":"https:\/\/inclusivemap.ca\/fr\/#website"},"primaryImageOfPage":{"@id":"https:\/\/inclusivemap.ca\/fr\/mises-a-jour-de-la-boite-a-outils-sur-le-climat\/#primaryimage"},"image":{"@id":"https:\/\/inclusivemap.ca\/fr\/mises-a-jour-de-la-boite-a-outils-sur-le-climat\/#primaryimage"},"thumbnailUrl":"https:\/\/inclusivemap.ca\/wp-content\/uploads\/2024\/07\/MAP-INFO-Newsletter.jpg","datePublished":"2024-08-19T23:21:03+00:00","dateModified":"2025-10-15T17:16:58+00:00","breadcrumb":{"@id":"https:\/\/inclusivemap.ca\/fr\/mises-a-jour-de-la-boite-a-outils-sur-le-climat\/#breadcrumb"},"inLanguage":"fr-FR","potentialAction":[{"@type":"ReadAction","target":["https:\/\/inclusivemap.ca\/fr\/mises-a-jour-de-la-boite-a-outils-sur-le-climat\/"]}]},{"@type":"ImageObject","inLanguage":"fr-FR","@id":"https:\/\/inclusivemap.ca\/fr\/mises-a-jour-de-la-boite-a-outils-sur-le-climat\/#primaryimage","url":"https:\/\/inclusivemap.ca\/wp-content\/uploads\/2024\/07\/MAP-INFO-Newsletter.jpg","contentUrl":"https:\/\/inclusivemap.ca\/wp-content\/uploads\/2024\/07\/MAP-INFO-Newsletter.jpg"},{"@type":"BreadcrumbList","@id":"https:\/\/inclusivemap.ca\/fr\/mises-a-jour-de-la-boite-a-outils-sur-le-climat\/#breadcrumb","itemListElement":[{"@type":"ListItem","position":1,"name":"Home","item":"https:\/\/inclusivemap.ca\/fr\/"},{"@type":"ListItem","position":2,"name":"Mises \u00e0 jour de la bo\u00eete \u00e0 outils sur le climat"}]},{"@type":"WebSite","@id":"https:\/\/inclusivemap.ca\/fr\/#website","url":"https:\/\/inclusivemap.ca\/fr\/","name":"Inclusivemap","description":"MAP \u2013 Mobility | Access | Participation","publisher":{"@id":"https:\/\/inclusivemap.ca\/fr\/#organization"},"potentialAction":[{"@type":"SearchAction","target":{"@type":"EntryPoint","urlTemplate":"https:\/\/inclusivemap.ca\/fr\/?s={search_term_string}"},"query-input":{"@type":"PropertyValueSpecification","valueRequired":true,"valueName":"search_term_string"}}],"inLanguage":"fr-FR"},{"@type":"Organization","@id":"https:\/\/inclusivemap.ca\/fr\/#organization","name":"Inclusivemap","url":"https:\/\/inclusivemap.ca\/fr\/","logo":{"@type":"ImageObject","inLanguage":"fr-FR","@id":"https:\/\/inclusivemap.ca\/fr\/#\/schema\/logo\/image\/","url":"https:\/\/inclusivemap.ca\/wp-content\/uploads\/2022\/07\/map_bigprint_lighterblue.png","contentUrl":"https:\/\/inclusivemap.ca\/wp-content\/uploads\/2022\/07\/map_bigprint_lighterblue.png","width":8348,"height":4563,"caption":"Inclusivemap"},"image":{"@id":"https:\/\/inclusivemap.ca\/fr\/#\/schema\/logo\/image\/"}}]}},"_links":{"self":[{"href":"https:\/\/inclusivemap.ca\/fr\/wp-json\/wp\/v2\/pages\/4049","targetHints":{"allow":["GET"]}}],"collection":[{"href":"https:\/\/inclusivemap.ca\/fr\/wp-json\/wp\/v2\/pages"}],"about":[{"href":"https:\/\/inclusivemap.ca\/fr\/wp-json\/wp\/v2\/types\/page"}],"author":[{"embeddable":true,"href":"https:\/\/inclusivemap.ca\/fr\/wp-json\/wp\/v2\/users\/6"}],"replies":[{"embeddable":true,"href":"https:\/\/inclusivemap.ca\/fr\/wp-json\/wp\/v2\/comments?post=4049"}],"version-history":[{"count":4,"href":"https:\/\/inclusivemap.ca\/fr\/wp-json\/wp\/v2\/pages\/4049\/revisions"}],"predecessor-version":[{"id":5870,"href":"https:\/\/inclusivemap.ca\/fr\/wp-json\/wp\/v2\/pages\/4049\/revisions\/5870"}],"wp:attachment":[{"href":"https:\/\/inclusivemap.ca\/fr\/wp-json\/wp\/v2\/media?parent=4049"}],"wp:term":[{"taxonomy":"publication_categories","embeddable":true,"href":"https:\/\/inclusivemap.ca\/fr\/wp-json\/wp\/v2\/publication_categories?post=4049"}],"curies":[{"name":"wp","href":"https:\/\/api.w.org\/{rel}","templated":true}]}}