{"id":4232,"date":"2024-08-20T19:37:08","date_gmt":"2024-08-20T19:37:08","guid":{"rendered":"https:\/\/inclusivemap.ca\/nous-lancons-le-certificat-dexcellence-mobilite-acces-participation-map-ce\/"},"modified":"2024-10-24T23:01:03","modified_gmt":"2024-10-24T23:01:03","slug":"nous-lancons-le-certificat-dexcellence-mobilite-acces-participation-map-ce","status":"publish","type":"page","link":"https:\/\/inclusivemap.ca\/fr\/nous-lancons-le-certificat-dexcellence-mobilite-acces-participation-map-ce\/","title":{"rendered":"Nous lan\u00e7ons le Certificat d&rsquo;Excellence Mobilit\u00e9, Acc\u00e8s, Participation (MAP-CE) !"},"content":{"rendered":"\n<p>Nous sommes ravis d&rsquo;annoncer le lancement du cours du Certificat d&rsquo;Excellence Mobilit\u00e9, Acc\u00e8s, Participation (MAP-CE) ! Ce programme de certificat comprend quatre modules :<\/p>\n\n\n\n<ul class=\"wp-block-list\">\n<li><strong>Qu&rsquo;est-ce que MAP ?<\/strong> Pour en savoir plus sur l&rsquo;approche de MAP en mati\u00e8re d&rsquo;am\u00e9lioration de l&rsquo;accessibilit\u00e9 des communaut\u00e9s.<\/li>\n\n\n\n<li><strong>S&rsquo;impliquer dans MAP<\/strong> : D\u00e9couvrez les nombreuses fa\u00e7ons de vous impliquer et de naviguer dans les ressources de formation de MAP.<\/li>\n\n\n\n<li><strong>Quelle est votre place dans MAP ?<\/strong> Entrez en contact avec d&rsquo;autres \u00e9tudiants et d\u00e9couvrez comment vous pouvez tirer parti de vos perspectives uniques dans MAP.<\/li>\n\n\n\n<li><strong>Activit\u00e9s d&rsquo;apprentissage MAP-CE :<\/strong> D\u00e9veloppez votre apprentissage en participant \u00e0 des ateliers guid\u00e9s par nos quatre objectifs d&rsquo;apprentissage<\/li>\n<\/ul>\n\n\n\n<p>Si l&rsquo;on tient compte de toutes les possibilit\u00e9s d&rsquo;ateliers, il faut compter environ 72 heures pour compl\u00e9ter le MAP-CE, sans date limite!<\/p>\n\n\n\n<div class=\"wp-block-buttons is-layout-flex wp-block-buttons-is-layout-flex\">\n<div class=\"wp-block-button\"><a class=\"wp-block-button__link wp-element-button\" href=\"https:\/\/inclusivemap.ca\/fr\/formation\/\" target=\"_blank\" rel=\"noreferrer noopener\">En savoir plus sur le cours<\/a><\/div>\n\n\n\n<div class=\"wp-block-button\"><a class=\"wp-block-button__link wp-element-button\" href=\"https:\/\/ubc.ca1.qualtrics.com\/jfe\/form\/SV_bqHXPV9spWidGWa\">S&rsquo;inscrire au cours<\/a><\/div>\n<\/div>\n\n\n\n<figure class=\"wp-block-image size-large\"><img loading=\"lazy\" decoding=\"async\" width=\"1024\" height=\"823\" src=\"https:\/\/inclusivemap.ca\/wp-content\/uploads\/2024\/05\/map-ce-logo-transparent-smaller-1024x823.png\" alt=\"\" class=\"wp-image-3430\" srcset=\"https:\/\/inclusivemap.ca\/wp-content\/uploads\/2024\/05\/map-ce-logo-transparent-smaller-1024x823.png 1024w, https:\/\/inclusivemap.ca\/wp-content\/uploads\/2024\/05\/map-ce-logo-transparent-smaller-300x241.png 300w, https:\/\/inclusivemap.ca\/wp-content\/uploads\/2024\/05\/map-ce-logo-transparent-smaller-768x617.png 768w, https:\/\/inclusivemap.ca\/wp-content\/uploads\/2024\/05\/map-ce-logo-transparent-smaller-1536x1235.png 1536w, https:\/\/inclusivemap.ca\/wp-content\/uploads\/2024\/05\/map-ce-logo-transparent-smaller-400x322.png 400w, https:\/\/inclusivemap.ca\/wp-content\/uploads\/2024\/05\/map-ce-logo-transparent-smaller-1568x1261.png 1568w, https:\/\/inclusivemap.ca\/wp-content\/uploads\/2024\/05\/map-ce-logo-transparent-smaller.png 2000w\" sizes=\"auto, (max-width: 1024px) 100vw, 1024px\" \/><\/figure>\n\n\n\n<div class=\"wp-block-buttons is-layout-flex wp-block-buttons-is-layout-flex\">\n<div class=\"wp-block-button\"><a class=\"wp-block-button__link wp-element-button\" href=\"https:\/\/inclusivemap.ca\/fr\/bulletin\/bulletin-dinformation-numero-4\/\">Retour \u00e0 la newsletter<\/a><\/div>\n<\/div>\n","protected":false},"excerpt":{"rendered":"<p>Nous sommes ravis d&rsquo;annoncer le lancement du cours du Certificat d&rsquo;Excellence Mobilit\u00e9, Acc\u00e8s, Participation (MAP-CE) ! Ce programme de certificat comprend quatre modules : Si l&rsquo;on tient compte de toutes les possibilit\u00e9s d&rsquo;ateliers, il faut compter environ 72 heures pour compl\u00e9ter le MAP-CE, sans date limite!<\/p>\n","protected":false},"author":6,"featured_media":0,"parent":0,"menu_order":0,"comment_status":"closed","ping_status":"closed","template":"","meta":{"_acf_changed":false,"inline_featured_image":false,"footnotes":""},"publication_categories":[],"class_list":["post-4232","page","type-page","status-publish","hentry","entry"],"acf":[],"yoast_head":"<!-- This site is optimized with the Yoast SEO plugin v26.9 - https:\/\/yoast.com\/product\/yoast-seo-wordpress\/ -->\n<title>Nous lan\u00e7ons le Certificat d&#039;Excellence Mobilit\u00e9, Acc\u00e8s, Participation (MAP-CE) ! - Inclusivemap<\/title>\n<meta name=\"robots\" content=\"index, follow, max-snippet:-1, max-image-preview:large, max-video-preview:-1\" \/>\n<link rel=\"canonical\" href=\"https:\/\/inclusivemap.ca\/fr\/nous-lancons-le-certificat-dexcellence-mobilite-acces-participation-map-ce\/\" \/>\n<meta property=\"og:locale\" content=\"fr_FR\" \/>\n<meta property=\"og:type\" content=\"article\" \/>\n<meta property=\"og:title\" content=\"Nous lan\u00e7ons le Certificat d&#039;Excellence Mobilit\u00e9, Acc\u00e8s, Participation (MAP-CE) ! - Inclusivemap\" \/>\n<meta property=\"og:description\" content=\"Nous sommes ravis d&rsquo;annoncer le lancement du cours du Certificat d&rsquo;Excellence Mobilit\u00e9, Acc\u00e8s, Participation (MAP-CE) ! Ce programme de certificat comprend quatre modules : Si l&rsquo;on tient compte de toutes les possibilit\u00e9s d&rsquo;ateliers, il faut compter environ 72 heures pour compl\u00e9ter le MAP-CE, sans date limite!\" \/>\n<meta property=\"og:url\" content=\"https:\/\/inclusivemap.ca\/fr\/nous-lancons-le-certificat-dexcellence-mobilite-acces-participation-map-ce\/\" \/>\n<meta property=\"og:site_name\" content=\"Inclusivemap\" \/>\n<meta property=\"article:modified_time\" content=\"2024-10-24T23:01:03+00:00\" \/>\n<meta property=\"og:image\" content=\"https:\/\/inclusivemap.ca\/wp-content\/uploads\/2024\/05\/map-ce-logo-transparent-smaller.png\" \/>\n\t<meta property=\"og:image:width\" content=\"2000\" \/>\n\t<meta property=\"og:image:height\" content=\"1608\" \/>\n\t<meta property=\"og:image:type\" content=\"image\/png\" \/>\n<meta name=\"twitter:card\" content=\"summary_large_image\" \/>\n<meta name=\"twitter:label1\" content=\"Dur\u00e9e de lecture estim\u00e9e\" \/>\n\t<meta name=\"twitter:data1\" content=\"1 minute\" \/>\n<script type=\"application\/ld+json\" class=\"yoast-schema-graph\">{\"@context\":\"https:\/\/schema.org\",\"@graph\":[{\"@type\":\"WebPage\",\"@id\":\"https:\/\/inclusivemap.ca\/fr\/nous-lancons-le-certificat-dexcellence-mobilite-acces-participation-map-ce\/\",\"url\":\"https:\/\/inclusivemap.ca\/fr\/nous-lancons-le-certificat-dexcellence-mobilite-acces-participation-map-ce\/\",\"name\":\"Nous lan\u00e7ons le Certificat d'Excellence Mobilit\u00e9, Acc\u00e8s, Participation (MAP-CE) ! - Inclusivemap\",\"isPartOf\":{\"@id\":\"https:\/\/inclusivemap.ca\/fr\/#website\"},\"primaryImageOfPage\":{\"@id\":\"https:\/\/inclusivemap.ca\/fr\/nous-lancons-le-certificat-dexcellence-mobilite-acces-participation-map-ce\/#primaryimage\"},\"image\":{\"@id\":\"https:\/\/inclusivemap.ca\/fr\/nous-lancons-le-certificat-dexcellence-mobilite-acces-participation-map-ce\/#primaryimage\"},\"thumbnailUrl\":\"https:\/\/inclusivemap.ca\/wp-content\/uploads\/2024\/05\/map-ce-logo-transparent-smaller-1024x823.png\",\"datePublished\":\"2024-08-20T19:37:08+00:00\",\"dateModified\":\"2024-10-24T23:01:03+00:00\",\"breadcrumb\":{\"@id\":\"https:\/\/inclusivemap.ca\/fr\/nous-lancons-le-certificat-dexcellence-mobilite-acces-participation-map-ce\/#breadcrumb\"},\"inLanguage\":\"fr-FR\",\"potentialAction\":[{\"@type\":\"ReadAction\",\"target\":[\"https:\/\/inclusivemap.ca\/fr\/nous-lancons-le-certificat-dexcellence-mobilite-acces-participation-map-ce\/\"]}]},{\"@type\":\"ImageObject\",\"inLanguage\":\"fr-FR\",\"@id\":\"https:\/\/inclusivemap.ca\/fr\/nous-lancons-le-certificat-dexcellence-mobilite-acces-participation-map-ce\/#primaryimage\",\"url\":\"https:\/\/inclusivemap.ca\/wp-content\/uploads\/2024\/05\/map-ce-logo-transparent-smaller-1024x823.png\",\"contentUrl\":\"https:\/\/inclusivemap.ca\/wp-content\/uploads\/2024\/05\/map-ce-logo-transparent-smaller-1024x823.png\"},{\"@type\":\"BreadcrumbList\",\"@id\":\"https:\/\/inclusivemap.ca\/fr\/nous-lancons-le-certificat-dexcellence-mobilite-acces-participation-map-ce\/#breadcrumb\",\"itemListElement\":[{\"@type\":\"ListItem\",\"position\":1,\"name\":\"Home\",\"item\":\"https:\/\/inclusivemap.ca\/fr\/\"},{\"@type\":\"ListItem\",\"position\":2,\"name\":\"Nous lan\u00e7ons le Certificat d&#8217;Excellence Mobilit\u00e9, Acc\u00e8s, Participation (MAP-CE) !\"}]},{\"@type\":\"WebSite\",\"@id\":\"https:\/\/inclusivemap.ca\/fr\/#website\",\"url\":\"https:\/\/inclusivemap.ca\/fr\/\",\"name\":\"Inclusivemap\",\"description\":\"MAP \u2013 Mobility | Access | Participation\",\"publisher\":{\"@id\":\"https:\/\/inclusivemap.ca\/fr\/#organization\"},\"potentialAction\":[{\"@type\":\"SearchAction\",\"target\":{\"@type\":\"EntryPoint\",\"urlTemplate\":\"https:\/\/inclusivemap.ca\/fr\/?s={search_term_string}\"},\"query-input\":{\"@type\":\"PropertyValueSpecification\",\"valueRequired\":true,\"valueName\":\"search_term_string\"}}],\"inLanguage\":\"fr-FR\"},{\"@type\":\"Organization\",\"@id\":\"https:\/\/inclusivemap.ca\/fr\/#organization\",\"name\":\"Inclusivemap\",\"url\":\"https:\/\/inclusivemap.ca\/fr\/\",\"logo\":{\"@type\":\"ImageObject\",\"inLanguage\":\"fr-FR\",\"@id\":\"https:\/\/inclusivemap.ca\/fr\/#\/schema\/logo\/image\/\",\"url\":\"https:\/\/inclusivemap.ca\/wp-content\/uploads\/2022\/07\/map_bigprint_lighterblue.png\",\"contentUrl\":\"https:\/\/inclusivemap.ca\/wp-content\/uploads\/2022\/07\/map_bigprint_lighterblue.png\",\"width\":8348,\"height\":4563,\"caption\":\"Inclusivemap\"},\"image\":{\"@id\":\"https:\/\/inclusivemap.ca\/fr\/#\/schema\/logo\/image\/\"}}]}<\/script>\n<!-- \/ Yoast SEO plugin. -->","yoast_head_json":{"title":"Nous lan\u00e7ons le Certificat d'Excellence Mobilit\u00e9, Acc\u00e8s, Participation (MAP-CE) ! - Inclusivemap","robots":{"index":"index","follow":"follow","max-snippet":"max-snippet:-1","max-image-preview":"max-image-preview:large","max-video-preview":"max-video-preview:-1"},"canonical":"https:\/\/inclusivemap.ca\/fr\/nous-lancons-le-certificat-dexcellence-mobilite-acces-participation-map-ce\/","og_locale":"fr_FR","og_type":"article","og_title":"Nous lan\u00e7ons le Certificat d'Excellence Mobilit\u00e9, Acc\u00e8s, Participation (MAP-CE) ! - Inclusivemap","og_description":"Nous sommes ravis d&rsquo;annoncer le lancement du cours du Certificat d&rsquo;Excellence Mobilit\u00e9, Acc\u00e8s, Participation (MAP-CE) ! Ce programme de certificat comprend quatre modules : Si l&rsquo;on tient compte de toutes les possibilit\u00e9s d&rsquo;ateliers, il faut compter environ 72 heures pour compl\u00e9ter le MAP-CE, sans date limite!","og_url":"https:\/\/inclusivemap.ca\/fr\/nous-lancons-le-certificat-dexcellence-mobilite-acces-participation-map-ce\/","og_site_name":"Inclusivemap","article_modified_time":"2024-10-24T23:01:03+00:00","og_image":[{"width":2000,"height":1608,"url":"https:\/\/inclusivemap.ca\/wp-content\/uploads\/2024\/05\/map-ce-logo-transparent-smaller.png","type":"image\/png"}],"twitter_card":"summary_large_image","twitter_misc":{"Dur\u00e9e de lecture estim\u00e9e":"1 minute"},"schema":{"@context":"https:\/\/schema.org","@graph":[{"@type":"WebPage","@id":"https:\/\/inclusivemap.ca\/fr\/nous-lancons-le-certificat-dexcellence-mobilite-acces-participation-map-ce\/","url":"https:\/\/inclusivemap.ca\/fr\/nous-lancons-le-certificat-dexcellence-mobilite-acces-participation-map-ce\/","name":"Nous lan\u00e7ons le Certificat d'Excellence Mobilit\u00e9, Acc\u00e8s, Participation (MAP-CE) ! - Inclusivemap","isPartOf":{"@id":"https:\/\/inclusivemap.ca\/fr\/#website"},"primaryImageOfPage":{"@id":"https:\/\/inclusivemap.ca\/fr\/nous-lancons-le-certificat-dexcellence-mobilite-acces-participation-map-ce\/#primaryimage"},"image":{"@id":"https:\/\/inclusivemap.ca\/fr\/nous-lancons-le-certificat-dexcellence-mobilite-acces-participation-map-ce\/#primaryimage"},"thumbnailUrl":"https:\/\/inclusivemap.ca\/wp-content\/uploads\/2024\/05\/map-ce-logo-transparent-smaller-1024x823.png","datePublished":"2024-08-20T19:37:08+00:00","dateModified":"2024-10-24T23:01:03+00:00","breadcrumb":{"@id":"https:\/\/inclusivemap.ca\/fr\/nous-lancons-le-certificat-dexcellence-mobilite-acces-participation-map-ce\/#breadcrumb"},"inLanguage":"fr-FR","potentialAction":[{"@type":"ReadAction","target":["https:\/\/inclusivemap.ca\/fr\/nous-lancons-le-certificat-dexcellence-mobilite-acces-participation-map-ce\/"]}]},{"@type":"ImageObject","inLanguage":"fr-FR","@id":"https:\/\/inclusivemap.ca\/fr\/nous-lancons-le-certificat-dexcellence-mobilite-acces-participation-map-ce\/#primaryimage","url":"https:\/\/inclusivemap.ca\/wp-content\/uploads\/2024\/05\/map-ce-logo-transparent-smaller-1024x823.png","contentUrl":"https:\/\/inclusivemap.ca\/wp-content\/uploads\/2024\/05\/map-ce-logo-transparent-smaller-1024x823.png"},{"@type":"BreadcrumbList","@id":"https:\/\/inclusivemap.ca\/fr\/nous-lancons-le-certificat-dexcellence-mobilite-acces-participation-map-ce\/#breadcrumb","itemListElement":[{"@type":"ListItem","position":1,"name":"Home","item":"https:\/\/inclusivemap.ca\/fr\/"},{"@type":"ListItem","position":2,"name":"Nous lan\u00e7ons le Certificat d&#8217;Excellence Mobilit\u00e9, Acc\u00e8s, Participation (MAP-CE) !"}]},{"@type":"WebSite","@id":"https:\/\/inclusivemap.ca\/fr\/#website","url":"https:\/\/inclusivemap.ca\/fr\/","name":"Inclusivemap","description":"MAP \u2013 Mobility | Access | Participation","publisher":{"@id":"https:\/\/inclusivemap.ca\/fr\/#organization"},"potentialAction":[{"@type":"SearchAction","target":{"@type":"EntryPoint","urlTemplate":"https:\/\/inclusivemap.ca\/fr\/?s={search_term_string}"},"query-input":{"@type":"PropertyValueSpecification","valueRequired":true,"valueName":"search_term_string"}}],"inLanguage":"fr-FR"},{"@type":"Organization","@id":"https:\/\/inclusivemap.ca\/fr\/#organization","name":"Inclusivemap","url":"https:\/\/inclusivemap.ca\/fr\/","logo":{"@type":"ImageObject","inLanguage":"fr-FR","@id":"https:\/\/inclusivemap.ca\/fr\/#\/schema\/logo\/image\/","url":"https:\/\/inclusivemap.ca\/wp-content\/uploads\/2022\/07\/map_bigprint_lighterblue.png","contentUrl":"https:\/\/inclusivemap.ca\/wp-content\/uploads\/2022\/07\/map_bigprint_lighterblue.png","width":8348,"height":4563,"caption":"Inclusivemap"},"image":{"@id":"https:\/\/inclusivemap.ca\/fr\/#\/schema\/logo\/image\/"}}]}},"_links":{"self":[{"href":"https:\/\/inclusivemap.ca\/fr\/wp-json\/wp\/v2\/pages\/4232","targetHints":{"allow":["GET"]}}],"collection":[{"href":"https:\/\/inclusivemap.ca\/fr\/wp-json\/wp\/v2\/pages"}],"about":[{"href":"https:\/\/inclusivemap.ca\/fr\/wp-json\/wp\/v2\/types\/page"}],"author":[{"embeddable":true,"href":"https:\/\/inclusivemap.ca\/fr\/wp-json\/wp\/v2\/users\/6"}],"replies":[{"embeddable":true,"href":"https:\/\/inclusivemap.ca\/fr\/wp-json\/wp\/v2\/comments?post=4232"}],"version-history":[{"count":7,"href":"https:\/\/inclusivemap.ca\/fr\/wp-json\/wp\/v2\/pages\/4232\/revisions"}],"predecessor-version":[{"id":4487,"href":"https:\/\/inclusivemap.ca\/fr\/wp-json\/wp\/v2\/pages\/4232\/revisions\/4487"}],"wp:attachment":[{"href":"https:\/\/inclusivemap.ca\/fr\/wp-json\/wp\/v2\/media?parent=4232"}],"wp:term":[{"taxonomy":"publication_categories","embeddable":true,"href":"https:\/\/inclusivemap.ca\/fr\/wp-json\/wp\/v2\/publication_categories?post=4232"}],"curies":[{"name":"wp","href":"https:\/\/api.w.org\/{rel}","templated":true}]}}