{"id":4237,"date":"2024-08-14T01:16:41","date_gmt":"2024-08-14T01:16:41","guid":{"rendered":"https:\/\/inclusivemap.ca\/reunion-des-chercheurs-et-des-collaborateurs\/"},"modified":"2024-11-19T23:32:13","modified_gmt":"2024-11-19T23:32:13","slug":"reunion-des-chercheurs-et-des-collaborateurs","status":"publish","type":"page","link":"https:\/\/inclusivemap.ca\/fr\/reunion-des-chercheurs-et-des-collaborateurs\/","title":{"rendered":"R\u00e9union des chercheurs et des collaborateurs"},"content":{"rendered":"\n<p>Les chercheurs et les collaborateurs du MAP se sont r\u00e9unis pour discuter de leur exp\u00e9rience du processus d&rsquo;application des connaissances (AC) et de ce qu&rsquo;ils ont appris. D\u00e9couvrez les produits d&rsquo;application des connaissances qu&rsquo;ils ont cr\u00e9\u00e9s !<\/p>\n\n\n\n<h2 class=\"wp-block-heading\">Accessibilit\u00e9 des b\u00e2timents patrimoniaux<\/h2>\n\n\n\n<p>Ernesto Morales et David Gotti pr\u00e9sentent l&rsquo;accessibilit\u00e9 des b\u00e2timents patrimoniaux dans le cadre de la s\u00e9rie de vid\u00e9os Xprescience. La vid\u00e9o sensibilise aux normes d&rsquo;accessibilit\u00e9 pour les b\u00e2timents patrimoniaux et d\u00e9crit des solutions pour am\u00e9liorer l&rsquo;accessibilit\u00e9 de ces espaces. Regardez la vid\u00e9o youtube ci-dessous avec les sous-titres anglais et fran\u00e7ais.<\/p>\n\n\n\n<iframe loading=\"lazy\" title=\"XPRESCIENCE | Pour une conciliation harmonieuse entre b\u00e2timents patrimoniaux et accessibilit\u00e9\" width=\"620\" height=\"349\" src=\"https:\/\/www.youtube.com\/embed\/krXwYr4kSIE?feature=oembed\" frameborder=\"0\" allow=\"accelerometer; autoplay; clipboard-write; encrypted-media; gyroscope; picture-in-picture; web-share\" referrerpolicy=\"strict-origin-when-cross-origin\" allowfullscreen><\/iframe>\n\n\n\n<h2 class=\"wp-block-heading\">Penser l\u2019accessibilit\u00e9&nbsp;<\/h2>\n\n\n\n<p>Comment l&rsquo;environnement favorise-t-il ou restreint-il les possibilit\u00e9s de participation sociale et influence-t-il nos droits de l&rsquo;homme ? Dans cette vid\u00e9o, Fran\u00e7ois Routhier pr\u00e9sente des projets qui offrent \u00e0 chacun des chances \u00e9gales de trouver sa place, de s&rsquo;\u00e9panouir et de se r\u00e9aliser. Pour plus d&rsquo;informations, vous pouvez consulter le livre Penser l&rsquo;accessibilit\u00e9 : Favoriser l&rsquo;inclusion sociale.<\/p>\n\n\n\n<iframe loading=\"lazy\" title=\"Penser l&#039;accessibilit\u00e9 \u2014 Favoriser l&#039;inclusion sociale\" width=\"620\" height=\"349\" src=\"https:\/\/www.youtube.com\/embed\/6U9hUZ0c8UQ?feature=oembed\" frameborder=\"0\" allow=\"accelerometer; autoplay; clipboard-write; encrypted-media; gyroscope; picture-in-picture; web-share\" referrerpolicy=\"strict-origin-when-cross-origin\" allowfullscreen><\/iframe>\n\n\n\n<div data-wp-interactive=\"core\/file\" class=\"wp-block-file\"><object data-wp-bind--hidden=\"!state.hasPdfPreview\" hidden class=\"wp-block-file__embed\" data=\"https:\/\/inclusivemap.ca\/wp-content\/uploads\/2024\/08\/penser-accessibilite-2023-10-20.pdf\" type=\"application\/pdf\" style=\"width:100%;height:600px\" aria-label=\"Contenu embarqu\u00e9 penser-accessibilite-2023-10-20.\"><\/object><a id=\"wp-block-file--media-d666dea3-62d4-4bbe-b57c-31e8cadae77d\" href=\"https:\/\/inclusivemap.ca\/wp-content\/uploads\/2024\/08\/penser-accessibilite-2023-10-20.pdf\">penser-accessibilite-2023-10-20<\/a><a href=\"https:\/\/inclusivemap.ca\/wp-content\/uploads\/2024\/08\/penser-accessibilite-2023-10-20.pdf\" class=\"wp-block-file__button wp-element-button\" download aria-describedby=\"wp-block-file--media-d666dea3-62d4-4bbe-b57c-31e8cadae77d\">T\u00e9l\u00e9chargez<\/a><\/div>\n\n\n\n<h2 class=\"wp-block-heading\">S\u00e9rie vid\u00e9o \u00ab On the Move \u00bb (en mouvement)<\/h2>\n\n\n\n<p>L&rsquo;\u00e9quipe de la SFU dirig\u00e9e par Atiya Mahmood pr\u00e9sente les r\u00e9sultats du projet de recherche \u00ab Enabling Mobility and Participation Among Those with Disability \u00bb (dEMAND), \u00e0 l&rsquo;aide de trois vid\u00e9os. Les vid\u00e9os (affich\u00e9es ci-dessous) pr\u00e9sentent les exp\u00e9riences de personnes avec des incapacit\u00e9s qui naviguent, roulent et se connectent dans la communaut\u00e9.<\/p>\n\n\n\n<figure class=\"wp-block-embed is-type-video is-provider-youtube wp-block-embed-youtube wp-embed-aspect-16-9 wp-has-aspect-ratio\"><div class=\"wp-block-embed__wrapper\">\n<iframe loading=\"lazy\" title=\"On the Move: Navigating the Neighbourhood\" width=\"620\" height=\"349\" src=\"https:\/\/www.youtube.com\/embed\/Aq0gplsrxnY?feature=oembed\" frameborder=\"0\" allow=\"accelerometer; autoplay; clipboard-write; encrypted-media; gyroscope; picture-in-picture; web-share\" referrerpolicy=\"strict-origin-when-cross-origin\" allowfullscreen><\/iframe>\n<\/div><figcaption class=\"wp-element-caption\">On the Move: Navigating the Neighbourhood<\/figcaption><\/figure>\n\n\n\n<figure class=\"wp-block-embed is-type-video is-provider-youtube wp-block-embed-youtube wp-embed-aspect-16-9 wp-has-aspect-ratio\"><div class=\"wp-block-embed__wrapper\">\n<iframe loading=\"lazy\" title=\"On the Move : Wheeling the walk\" width=\"620\" height=\"349\" src=\"https:\/\/www.youtube.com\/embed\/bzFNJHUbqWc?feature=oembed\" frameborder=\"0\" allow=\"accelerometer; autoplay; clipboard-write; encrypted-media; gyroscope; picture-in-picture; web-share\" referrerpolicy=\"strict-origin-when-cross-origin\" allowfullscreen><\/iframe>\n<\/div><figcaption class=\"wp-element-caption\">On the Move: Wheeling the walk<\/figcaption><\/figure>\n\n\n\n<figure class=\"wp-block-embed is-type-video is-provider-youtube wp-block-embed-youtube wp-embed-aspect-16-9 wp-has-aspect-ratio\"><div class=\"wp-block-embed__wrapper\">\n<iframe loading=\"lazy\" title=\"On the Move : Connecting in the Community\" width=\"620\" height=\"349\" src=\"https:\/\/www.youtube.com\/embed\/HHYvWVHLgB8?feature=oembed\" frameborder=\"0\" allow=\"accelerometer; autoplay; clipboard-write; encrypted-media; gyroscope; picture-in-picture; web-share\" referrerpolicy=\"strict-origin-when-cross-origin\" allowfullscreen><\/iframe>\n<\/div><figcaption class=\"wp-element-caption\">On the Move: Connecting in the Community<\/figcaption><\/figure>\n\n\n\n<div class=\"wp-block-buttons is-layout-flex wp-block-buttons-is-layout-flex\">\n<div class=\"wp-block-button\"><a class=\"wp-block-button__link wp-element-button\" href=\"https:\/\/inclusivemap.ca\/fr\/bulletin\/bulletin-dinformation-numero-4\/\">Retour \u00e0 la lettre d&rsquo;information<\/a><\/div>\n<\/div>\n","protected":false},"excerpt":{"rendered":"<p>Les chercheurs et les collaborateurs du MAP se sont r\u00e9unis pour discuter de leur exp\u00e9rience du processus d&rsquo;application des connaissances (AC) et de ce qu&rsquo;ils ont appris. D\u00e9couvrez les produits d&rsquo;application des connaissances qu&rsquo;ils ont cr\u00e9\u00e9s ! Accessibilit\u00e9 des b\u00e2timents patrimoniaux Ernesto Morales et David Gotti pr\u00e9sentent l&rsquo;accessibilit\u00e9 des b\u00e2timents patrimoniaux dans le cadre de<a class=\"more-link\" href=\"https:\/\/inclusivemap.ca\/fr\/reunion-des-chercheurs-et-des-collaborateurs\/\">Poursuivre la lecture de <span class=\"screen-reader-text\">\u00ab\u00a0R\u00e9union des chercheurs et des collaborateurs\u00a0\u00bb<\/span><\/a><\/p>\n","protected":false},"author":6,"featured_media":0,"parent":0,"menu_order":0,"comment_status":"closed","ping_status":"closed","template":"","meta":{"_acf_changed":false,"inline_featured_image":false,"footnotes":""},"publication_categories":[],"class_list":["post-4237","page","type-page","status-publish","hentry","entry"],"acf":[],"yoast_head":"<!-- This site is optimized with the Yoast SEO plugin v26.9 - https:\/\/yoast.com\/product\/yoast-seo-wordpress\/ -->\n<title>R\u00e9union des chercheurs et des collaborateurs - Inclusivemap<\/title>\n<meta name=\"robots\" content=\"index, follow, max-snippet:-1, max-image-preview:large, max-video-preview:-1\" \/>\n<link rel=\"canonical\" href=\"https:\/\/inclusivemap.ca\/fr\/reunion-des-chercheurs-et-des-collaborateurs\/\" \/>\n<meta property=\"og:locale\" content=\"fr_FR\" \/>\n<meta property=\"og:type\" content=\"article\" \/>\n<meta property=\"og:title\" content=\"R\u00e9union des chercheurs et des collaborateurs - Inclusivemap\" \/>\n<meta property=\"og:description\" content=\"Les chercheurs et les collaborateurs du MAP se sont r\u00e9unis pour discuter de leur exp\u00e9rience du processus d&rsquo;application des connaissances (AC) et de ce qu&rsquo;ils ont appris. D\u00e9couvrez les produits d&rsquo;application des connaissances qu&rsquo;ils ont cr\u00e9\u00e9s ! Accessibilit\u00e9 des b\u00e2timents patrimoniaux Ernesto Morales et David Gotti pr\u00e9sentent l&rsquo;accessibilit\u00e9 des b\u00e2timents patrimoniaux dans le cadre dePoursuivre la lecture de &quot;R\u00e9union des chercheurs et des collaborateurs&quot;\" \/>\n<meta property=\"og:url\" content=\"https:\/\/inclusivemap.ca\/fr\/reunion-des-chercheurs-et-des-collaborateurs\/\" \/>\n<meta property=\"og:site_name\" content=\"Inclusivemap\" \/>\n<meta property=\"article:modified_time\" content=\"2024-11-19T23:32:13+00:00\" \/>\n<meta name=\"twitter:card\" content=\"summary_large_image\" \/>\n<meta name=\"twitter:label1\" content=\"Dur\u00e9e de lecture estim\u00e9e\" \/>\n\t<meta name=\"twitter:data1\" content=\"2 minutes\" \/>\n<script type=\"application\/ld+json\" class=\"yoast-schema-graph\">{\"@context\":\"https:\/\/schema.org\",\"@graph\":[{\"@type\":\"WebPage\",\"@id\":\"https:\/\/inclusivemap.ca\/fr\/reunion-des-chercheurs-et-des-collaborateurs\/\",\"url\":\"https:\/\/inclusivemap.ca\/fr\/reunion-des-chercheurs-et-des-collaborateurs\/\",\"name\":\"R\u00e9union des chercheurs et des collaborateurs - Inclusivemap\",\"isPartOf\":{\"@id\":\"https:\/\/inclusivemap.ca\/fr\/#website\"},\"datePublished\":\"2024-08-14T01:16:41+00:00\",\"dateModified\":\"2024-11-19T23:32:13+00:00\",\"breadcrumb\":{\"@id\":\"https:\/\/inclusivemap.ca\/fr\/reunion-des-chercheurs-et-des-collaborateurs\/#breadcrumb\"},\"inLanguage\":\"fr-FR\",\"potentialAction\":[{\"@type\":\"ReadAction\",\"target\":[\"https:\/\/inclusivemap.ca\/fr\/reunion-des-chercheurs-et-des-collaborateurs\/\"]}]},{\"@type\":\"BreadcrumbList\",\"@id\":\"https:\/\/inclusivemap.ca\/fr\/reunion-des-chercheurs-et-des-collaborateurs\/#breadcrumb\",\"itemListElement\":[{\"@type\":\"ListItem\",\"position\":1,\"name\":\"Home\",\"item\":\"https:\/\/inclusivemap.ca\/fr\/\"},{\"@type\":\"ListItem\",\"position\":2,\"name\":\"R\u00e9union des chercheurs et des collaborateurs\"}]},{\"@type\":\"WebSite\",\"@id\":\"https:\/\/inclusivemap.ca\/fr\/#website\",\"url\":\"https:\/\/inclusivemap.ca\/fr\/\",\"name\":\"Inclusivemap\",\"description\":\"MAP \u2013 Mobility | Access | Participation\",\"publisher\":{\"@id\":\"https:\/\/inclusivemap.ca\/fr\/#organization\"},\"potentialAction\":[{\"@type\":\"SearchAction\",\"target\":{\"@type\":\"EntryPoint\",\"urlTemplate\":\"https:\/\/inclusivemap.ca\/fr\/?s={search_term_string}\"},\"query-input\":{\"@type\":\"PropertyValueSpecification\",\"valueRequired\":true,\"valueName\":\"search_term_string\"}}],\"inLanguage\":\"fr-FR\"},{\"@type\":\"Organization\",\"@id\":\"https:\/\/inclusivemap.ca\/fr\/#organization\",\"name\":\"Inclusivemap\",\"url\":\"https:\/\/inclusivemap.ca\/fr\/\",\"logo\":{\"@type\":\"ImageObject\",\"inLanguage\":\"fr-FR\",\"@id\":\"https:\/\/inclusivemap.ca\/fr\/#\/schema\/logo\/image\/\",\"url\":\"https:\/\/inclusivemap.ca\/wp-content\/uploads\/2022\/07\/map_bigprint_lighterblue.png\",\"contentUrl\":\"https:\/\/inclusivemap.ca\/wp-content\/uploads\/2022\/07\/map_bigprint_lighterblue.png\",\"width\":8348,\"height\":4563,\"caption\":\"Inclusivemap\"},\"image\":{\"@id\":\"https:\/\/inclusivemap.ca\/fr\/#\/schema\/logo\/image\/\"}}]}<\/script>\n<!-- \/ Yoast SEO plugin. -->","yoast_head_json":{"title":"R\u00e9union des chercheurs et des collaborateurs - Inclusivemap","robots":{"index":"index","follow":"follow","max-snippet":"max-snippet:-1","max-image-preview":"max-image-preview:large","max-video-preview":"max-video-preview:-1"},"canonical":"https:\/\/inclusivemap.ca\/fr\/reunion-des-chercheurs-et-des-collaborateurs\/","og_locale":"fr_FR","og_type":"article","og_title":"R\u00e9union des chercheurs et des collaborateurs - Inclusivemap","og_description":"Les chercheurs et les collaborateurs du MAP se sont r\u00e9unis pour discuter de leur exp\u00e9rience du processus d&rsquo;application des connaissances (AC) et de ce qu&rsquo;ils ont appris. D\u00e9couvrez les produits d&rsquo;application des connaissances qu&rsquo;ils ont cr\u00e9\u00e9s ! Accessibilit\u00e9 des b\u00e2timents patrimoniaux Ernesto Morales et David Gotti pr\u00e9sentent l&rsquo;accessibilit\u00e9 des b\u00e2timents patrimoniaux dans le cadre dePoursuivre la lecture de \"R\u00e9union des chercheurs et des collaborateurs\"","og_url":"https:\/\/inclusivemap.ca\/fr\/reunion-des-chercheurs-et-des-collaborateurs\/","og_site_name":"Inclusivemap","article_modified_time":"2024-11-19T23:32:13+00:00","twitter_card":"summary_large_image","twitter_misc":{"Dur\u00e9e de lecture estim\u00e9e":"2 minutes"},"schema":{"@context":"https:\/\/schema.org","@graph":[{"@type":"WebPage","@id":"https:\/\/inclusivemap.ca\/fr\/reunion-des-chercheurs-et-des-collaborateurs\/","url":"https:\/\/inclusivemap.ca\/fr\/reunion-des-chercheurs-et-des-collaborateurs\/","name":"R\u00e9union des chercheurs et des collaborateurs - Inclusivemap","isPartOf":{"@id":"https:\/\/inclusivemap.ca\/fr\/#website"},"datePublished":"2024-08-14T01:16:41+00:00","dateModified":"2024-11-19T23:32:13+00:00","breadcrumb":{"@id":"https:\/\/inclusivemap.ca\/fr\/reunion-des-chercheurs-et-des-collaborateurs\/#breadcrumb"},"inLanguage":"fr-FR","potentialAction":[{"@type":"ReadAction","target":["https:\/\/inclusivemap.ca\/fr\/reunion-des-chercheurs-et-des-collaborateurs\/"]}]},{"@type":"BreadcrumbList","@id":"https:\/\/inclusivemap.ca\/fr\/reunion-des-chercheurs-et-des-collaborateurs\/#breadcrumb","itemListElement":[{"@type":"ListItem","position":1,"name":"Home","item":"https:\/\/inclusivemap.ca\/fr\/"},{"@type":"ListItem","position":2,"name":"R\u00e9union des chercheurs et des collaborateurs"}]},{"@type":"WebSite","@id":"https:\/\/inclusivemap.ca\/fr\/#website","url":"https:\/\/inclusivemap.ca\/fr\/","name":"Inclusivemap","description":"MAP \u2013 Mobility | Access | Participation","publisher":{"@id":"https:\/\/inclusivemap.ca\/fr\/#organization"},"potentialAction":[{"@type":"SearchAction","target":{"@type":"EntryPoint","urlTemplate":"https:\/\/inclusivemap.ca\/fr\/?s={search_term_string}"},"query-input":{"@type":"PropertyValueSpecification","valueRequired":true,"valueName":"search_term_string"}}],"inLanguage":"fr-FR"},{"@type":"Organization","@id":"https:\/\/inclusivemap.ca\/fr\/#organization","name":"Inclusivemap","url":"https:\/\/inclusivemap.ca\/fr\/","logo":{"@type":"ImageObject","inLanguage":"fr-FR","@id":"https:\/\/inclusivemap.ca\/fr\/#\/schema\/logo\/image\/","url":"https:\/\/inclusivemap.ca\/wp-content\/uploads\/2022\/07\/map_bigprint_lighterblue.png","contentUrl":"https:\/\/inclusivemap.ca\/wp-content\/uploads\/2022\/07\/map_bigprint_lighterblue.png","width":8348,"height":4563,"caption":"Inclusivemap"},"image":{"@id":"https:\/\/inclusivemap.ca\/fr\/#\/schema\/logo\/image\/"}}]}},"_links":{"self":[{"href":"https:\/\/inclusivemap.ca\/fr\/wp-json\/wp\/v2\/pages\/4237","targetHints":{"allow":["GET"]}}],"collection":[{"href":"https:\/\/inclusivemap.ca\/fr\/wp-json\/wp\/v2\/pages"}],"about":[{"href":"https:\/\/inclusivemap.ca\/fr\/wp-json\/wp\/v2\/types\/page"}],"author":[{"embeddable":true,"href":"https:\/\/inclusivemap.ca\/fr\/wp-json\/wp\/v2\/users\/6"}],"replies":[{"embeddable":true,"href":"https:\/\/inclusivemap.ca\/fr\/wp-json\/wp\/v2\/comments?post=4237"}],"version-history":[{"count":9,"href":"https:\/\/inclusivemap.ca\/fr\/wp-json\/wp\/v2\/pages\/4237\/revisions"}],"predecessor-version":[{"id":4703,"href":"https:\/\/inclusivemap.ca\/fr\/wp-json\/wp\/v2\/pages\/4237\/revisions\/4703"}],"wp:attachment":[{"href":"https:\/\/inclusivemap.ca\/fr\/wp-json\/wp\/v2\/media?parent=4237"}],"wp:term":[{"taxonomy":"publication_categories","embeddable":true,"href":"https:\/\/inclusivemap.ca\/fr\/wp-json\/wp\/v2\/publication_categories?post=4237"}],"curies":[{"name":"wp","href":"https:\/\/api.w.org\/{rel}","templated":true}]}}