{"id":4982,"date":"2025-02-10T23:35:55","date_gmt":"2025-02-10T23:35:55","guid":{"rendered":"https:\/\/inclusivemap.ca\/?page_id=4982"},"modified":"2025-04-07T16:42:58","modified_gmt":"2025-04-07T16:42:58","slug":"rendez-vous-avec-samna-sadaf-khan","status":"publish","type":"page","link":"https:\/\/inclusivemap.ca\/fr\/rendez-vous-avec-samna-sadaf-khan\/","title":{"rendered":"Rendez-Vous Avec Samna Sadaf Khan"},"content":{"rendered":"\n<div class=\"wp-block-media-text is-stacked-on-mobile\"><figure class=\"wp-block-media-text__media\"><img loading=\"lazy\" decoding=\"async\" width=\"673\" height=\"1024\" src=\"https:\/\/inclusivemap.ca\/wp-content\/uploads\/2025\/02\/Samna-Sadaf-Khan_Profile-673x1024.jpeg\" alt=\"Samna Sadaf Khan headshot\" class=\"wp-image-4867 size-full\" srcset=\"https:\/\/inclusivemap.ca\/wp-content\/uploads\/2025\/02\/Samna-Sadaf-Khan_Profile-673x1024.jpeg 673w, https:\/\/inclusivemap.ca\/wp-content\/uploads\/2025\/02\/Samna-Sadaf-Khan_Profile-197x300.jpeg 197w, https:\/\/inclusivemap.ca\/wp-content\/uploads\/2025\/02\/Samna-Sadaf-Khan_Profile-768x1168.jpeg 768w, https:\/\/inclusivemap.ca\/wp-content\/uploads\/2025\/02\/Samna-Sadaf-Khan_Profile-400x608.jpeg 400w, https:\/\/inclusivemap.ca\/wp-content\/uploads\/2025\/02\/Samna-Sadaf-Khan_Profile.jpeg 806w\" sizes=\"auto, (max-width: 673px) 100vw, 673px\" \/><\/figure><div class=\"wp-block-media-text__content\">\n<p><strong>Nom :<\/strong> Samna Sadaf Khan<\/p>\n\n\n\n<p><strong>R\u00f4le :<\/strong> Je suis coordinatrice de la mobilisation des connaissances au sein de l&rsquo;\u00e9quipe MAP-SWAN (Stakeholders&rsquo; walkability\/wheelability audit in neighbourhoods).<\/p>\n<\/div><\/div>\n\n\n\n<p><strong>1) D&rsquo;o\u00f9 venez-vous et o\u00f9 avez-vous \u00e9tudi\u00e9 ?<\/strong> J&rsquo;ai r\u00e9cemment quitt\u00e9 le Pakistan pour m&rsquo;installer au Canada. Je suis titulaire d&rsquo;une licence en architecture et d&rsquo;une ma\u00eetrise en gestion et d\u00e9veloppement urbains <\/p>\n\n\n\n<p><strong>2) Qu&rsquo;est-ce qui vous motive \u00e0 rendre le monde plus accessible ?<\/strong> J&rsquo;ai toujours mis l&rsquo;accent sur la conception centr\u00e9e sur les personnes et les espaces publics dans ma pratique de l&rsquo;architecture. Prendre en compte les besoins de chaque utilisateur permet de repousser les limites de la conception tout en restant rationnelle. Ma principale motivation est n\u00e9e de ma vie et de mes voyages dans diff\u00e9rents pays, o\u00f9 j&rsquo;ai r\u00e9alis\u00e9 comment les am\u00e9nagements ext\u00e9rieurs fa\u00e7onnent l&rsquo;exp\u00e9rience de la mobilit\u00e9, am\u00e9liorent notre sant\u00e9 et nous donnent la libert\u00e9 d&rsquo;effectuer des activit\u00e9s. J&rsquo;ai \u00e9galement acquis une meilleure compr\u00e9hension de la gestion urbaine gr\u00e2ce \u00e0 un programme de ma\u00eetrise bas\u00e9 sur la recherche qui a permis de lier mes passions &#8211; avoir des villes accessibles gr\u00e2ce \u00e0 des politiques, des lois et des strat\u00e9gies de conception r\u00e9fl\u00e9chies.<\/p>\n\n\n\n<p><strong>3) Dans un langage simple, d\u00e9crivez votre projet de recherche\/le projet auquel vous collaborez.<\/strong><\/p>\n\n\n\n<p>Je participe au projet SWAN en tant que coordinatrice de la mobilisation des connaissances. Le projet explore l&rsquo;impact des environnements de quartier sur la mobilit\u00e9 et \u00a0l\u2019engagement social des personnes avec des incapacit\u00e9s sensorielles et cognitives, \u00e0 l\u2019aide de l\u2019outil SWAN. Il adopte une approche communautaire, avec des personnes ayant v\u00e9cu des exp\u00e9riences de handicap qui contribuent en tant que co-chercheurs au d\u00e9veloppement de l&rsquo;outil, \u00e0 la collecte de donn\u00e9es et au partage des connaissances<\/p>\n\n\n\n<p><strong>4) Quels sont vos talents cach\u00e9s et vos plus grandes qualit\u00e9s ?<\/strong><\/p>\n\n\n\n<p>Je pense que ma plus grande qualit\u00e9 est de m&rsquo;adapter rapidement \u00e0 de nouveaux environnements. Comment ce talent cach\u00e9 restera-t-il cach\u00e9 si je le partage &#8211; mais je le donnerai. J&rsquo;ai de grandes comp\u00e9tences en couture depuis mon plus jeune \u00e2ge et j&rsquo;ai longtemps eu l&rsquo;habitude de coudre mes robes au lieu de les acheter, car j&rsquo;aimais en faire le design.<\/p>\n\n\n\n<p><strong>5) Quelle est la meilleure fa\u00e7on de se faire sourire ? <\/strong><\/p>\n\n\n\n<p>La nourriture, surtout si c&rsquo;est un dessert &#8211; un g\u00e2teau au fromage !<\/p>\n\n\n\n<p><strong>6) Qu&rsquo;aimez-vous faire pendant vos loisirs ?<\/strong><\/p>\n\n\n\n<p>J&rsquo;aime dessiner et peindre, mais je ne suis pas r\u00e9guli\u00e8re dans la pratique de ces loisirs.<\/p>\n\n\n\n<p><strong>7) Quel endroit du monde r\u00eavez-vous de visiter ?<\/strong><\/p>\n\n\n\n<p>Il est difficile de citer une destination en particulier. J&rsquo;ai eu la chance de beaucoup voyager au cours des 5-6 derni\u00e8res ann\u00e9es, en particulier en Europe. Apr\u00e8s avoir vu de nombreuses villes historiques, je souhaite maintenant changer mes plans de voyage pour des destinations plus orient\u00e9es vers la nature.<\/p>\n\n\n\n<p><strong>8) Quel est le livre que vous avez lu ou le film que vous avez regard\u00e9 qui vous a le plus inspir\u00e9\/marqu\u00e9 ? <\/strong><\/p>\n\n\n\n<p>Certains livres en rapport avec mon domaine, qui continuent \u00e0 m&rsquo;inspirer, sont Happy City de Charles Montgomery et The Death and Life of Great American Cities de Jane Jacobs.<\/p>\n\n\n\n<p><strong>8) Si vous pouviez d\u00eener avec un chercheur\/scientifique\/clinicien\/personne connu, qui serait-il et pourquoi ?<\/strong><\/p>\n\n\n\n<p>Si je pouvais remonter dans le temps et d\u00eener avec Jane Jacobs, ce serait un r\u00eave devenu r\u00e9alit\u00e9. Elle a invent\u00e9 les termes \u00ab usages primaires mixtes \u00bb et \u00ab yeux sur la rue \u00bb et a \u00e9crit un livre stimulant, The Death and Life of Great American Cities (La mort et la vie des grandes villes am\u00e9ricaines). Son travail a profond\u00e9ment inspir\u00e9 ma vision des villes et continue \u00e0 me motiver pour des actions plus r\u00e9fl\u00e9chies en faveur des villes. Je serais int\u00e9ress\u00e9e d&rsquo;\u00e9couter le parcours qu&rsquo;elle a suivi pour parvenir \u00e0 ses observations sur les villes.<\/p>\n\n\n\n<div class=\"wp-block-buttons alignwide is-layout-flex wp-block-buttons-is-layout-flex\">\n<div class=\"wp-block-button has-custom-width wp-block-button__width-50 has-custom-font-size aligncenter is-style-outline has-small-font-size is-style-outline--1\"><a class=\"wp-block-button__link has-primary-color has-tertiary-background-color has-text-color has-background wp-element-button\" href=\"https:\/\/inclusivemap.ca\/fr\/?post_type=newsletter&amp;p=5171\">Retour a la newsletter<\/a><\/div>\n<\/div>\n\n\n\n<p><\/p>\n","protected":false},"excerpt":{"rendered":"<p>Nom : Samna Sadaf Khan R\u00f4le : Je suis coordinatrice de la mobilisation des connaissances au sein de l&rsquo;\u00e9quipe MAP-SWAN (Stakeholders&rsquo; walkability\/wheelability audit in neighbourhoods). 1) D&rsquo;o\u00f9 venez-vous et o\u00f9 avez-vous \u00e9tudi\u00e9 ? J&rsquo;ai r\u00e9cemment quitt\u00e9 le Pakistan pour m&rsquo;installer au Canada. Je suis titulaire d&rsquo;une licence en architecture et d&rsquo;une ma\u00eetrise en gestion et<a class=\"more-link\" href=\"https:\/\/inclusivemap.ca\/fr\/rendez-vous-avec-samna-sadaf-khan\/\">Poursuivre la lecture de <span class=\"screen-reader-text\">\u00ab\u00a0Rendez-Vous Avec Samna Sadaf Khan\u00a0\u00bb<\/span><\/a><\/p>\n","protected":false},"author":6,"featured_media":0,"parent":0,"menu_order":0,"comment_status":"closed","ping_status":"closed","template":"","meta":{"_acf_changed":false,"inline_featured_image":false,"footnotes":""},"publication_categories":[],"class_list":["post-4982","page","type-page","status-publish","hentry","entry"],"acf":[],"yoast_head":"<!-- This site is optimized with the Yoast SEO plugin v26.9 - https:\/\/yoast.com\/product\/yoast-seo-wordpress\/ -->\n<title>Rendez-Vous Avec Samna Sadaf Khan - Inclusivemap<\/title>\n<meta name=\"robots\" content=\"index, follow, max-snippet:-1, max-image-preview:large, max-video-preview:-1\" \/>\n<link rel=\"canonical\" href=\"https:\/\/inclusivemap.ca\/fr\/rendez-vous-avec-samna-sadaf-khan\/\" \/>\n<meta property=\"og:locale\" content=\"fr_FR\" \/>\n<meta property=\"og:type\" content=\"article\" \/>\n<meta property=\"og:title\" content=\"Rendez-Vous Avec Samna Sadaf Khan - Inclusivemap\" \/>\n<meta property=\"og:description\" content=\"Nom : Samna Sadaf Khan R\u00f4le : Je suis coordinatrice de la mobilisation des connaissances au sein de l&rsquo;\u00e9quipe MAP-SWAN (Stakeholders&rsquo; walkability\/wheelability audit in neighbourhoods). 1) D&rsquo;o\u00f9 venez-vous et o\u00f9 avez-vous \u00e9tudi\u00e9 ? J&rsquo;ai r\u00e9cemment quitt\u00e9 le Pakistan pour m&rsquo;installer au Canada. Je suis titulaire d&rsquo;une licence en architecture et d&rsquo;une ma\u00eetrise en gestion etPoursuivre la lecture de &quot;Rendez-Vous Avec Samna Sadaf Khan&quot;\" \/>\n<meta property=\"og:url\" content=\"https:\/\/inclusivemap.ca\/fr\/rendez-vous-avec-samna-sadaf-khan\/\" \/>\n<meta property=\"og:site_name\" content=\"Inclusivemap\" \/>\n<meta property=\"article:modified_time\" content=\"2025-04-07T16:42:58+00:00\" \/>\n<meta property=\"og:image\" content=\"https:\/\/inclusivemap.ca\/wp-content\/uploads\/2025\/02\/Samna-Sadaf-Khan_Profile.jpeg\" \/>\n\t<meta property=\"og:image:width\" content=\"806\" \/>\n\t<meta property=\"og:image:height\" content=\"1226\" \/>\n\t<meta property=\"og:image:type\" content=\"image\/jpeg\" \/>\n<meta name=\"twitter:card\" content=\"summary_large_image\" \/>\n<meta name=\"twitter:label1\" content=\"Dur\u00e9e de lecture estim\u00e9e\" \/>\n\t<meta name=\"twitter:data1\" content=\"3 minutes\" \/>\n<script type=\"application\/ld+json\" class=\"yoast-schema-graph\">{\"@context\":\"https:\/\/schema.org\",\"@graph\":[{\"@type\":\"WebPage\",\"@id\":\"https:\/\/inclusivemap.ca\/fr\/rendez-vous-avec-samna-sadaf-khan\/\",\"url\":\"https:\/\/inclusivemap.ca\/fr\/rendez-vous-avec-samna-sadaf-khan\/\",\"name\":\"Rendez-Vous Avec Samna Sadaf Khan - Inclusivemap\",\"isPartOf\":{\"@id\":\"https:\/\/inclusivemap.ca\/fr\/#website\"},\"primaryImageOfPage\":{\"@id\":\"https:\/\/inclusivemap.ca\/fr\/rendez-vous-avec-samna-sadaf-khan\/#primaryimage\"},\"image\":{\"@id\":\"https:\/\/inclusivemap.ca\/fr\/rendez-vous-avec-samna-sadaf-khan\/#primaryimage\"},\"thumbnailUrl\":\"https:\/\/inclusivemap.ca\/wp-content\/uploads\/2025\/02\/Samna-Sadaf-Khan_Profile-673x1024.jpeg\",\"datePublished\":\"2025-02-10T23:35:55+00:00\",\"dateModified\":\"2025-04-07T16:42:58+00:00\",\"breadcrumb\":{\"@id\":\"https:\/\/inclusivemap.ca\/fr\/rendez-vous-avec-samna-sadaf-khan\/#breadcrumb\"},\"inLanguage\":\"fr-FR\",\"potentialAction\":[{\"@type\":\"ReadAction\",\"target\":[\"https:\/\/inclusivemap.ca\/fr\/rendez-vous-avec-samna-sadaf-khan\/\"]}]},{\"@type\":\"ImageObject\",\"inLanguage\":\"fr-FR\",\"@id\":\"https:\/\/inclusivemap.ca\/fr\/rendez-vous-avec-samna-sadaf-khan\/#primaryimage\",\"url\":\"https:\/\/inclusivemap.ca\/wp-content\/uploads\/2025\/02\/Samna-Sadaf-Khan_Profile-673x1024.jpeg\",\"contentUrl\":\"https:\/\/inclusivemap.ca\/wp-content\/uploads\/2025\/02\/Samna-Sadaf-Khan_Profile-673x1024.jpeg\"},{\"@type\":\"BreadcrumbList\",\"@id\":\"https:\/\/inclusivemap.ca\/fr\/rendez-vous-avec-samna-sadaf-khan\/#breadcrumb\",\"itemListElement\":[{\"@type\":\"ListItem\",\"position\":1,\"name\":\"Home\",\"item\":\"https:\/\/inclusivemap.ca\/fr\/\"},{\"@type\":\"ListItem\",\"position\":2,\"name\":\"Rendez-Vous Avec Samna Sadaf Khan\"}]},{\"@type\":\"WebSite\",\"@id\":\"https:\/\/inclusivemap.ca\/fr\/#website\",\"url\":\"https:\/\/inclusivemap.ca\/fr\/\",\"name\":\"Inclusivemap\",\"description\":\"MAP \u2013 Mobility | Access | Participation\",\"publisher\":{\"@id\":\"https:\/\/inclusivemap.ca\/fr\/#organization\"},\"potentialAction\":[{\"@type\":\"SearchAction\",\"target\":{\"@type\":\"EntryPoint\",\"urlTemplate\":\"https:\/\/inclusivemap.ca\/fr\/?s={search_term_string}\"},\"query-input\":{\"@type\":\"PropertyValueSpecification\",\"valueRequired\":true,\"valueName\":\"search_term_string\"}}],\"inLanguage\":\"fr-FR\"},{\"@type\":\"Organization\",\"@id\":\"https:\/\/inclusivemap.ca\/fr\/#organization\",\"name\":\"Inclusivemap\",\"url\":\"https:\/\/inclusivemap.ca\/fr\/\",\"logo\":{\"@type\":\"ImageObject\",\"inLanguage\":\"fr-FR\",\"@id\":\"https:\/\/inclusivemap.ca\/fr\/#\/schema\/logo\/image\/\",\"url\":\"https:\/\/inclusivemap.ca\/wp-content\/uploads\/2022\/07\/map_bigprint_lighterblue.png\",\"contentUrl\":\"https:\/\/inclusivemap.ca\/wp-content\/uploads\/2022\/07\/map_bigprint_lighterblue.png\",\"width\":8348,\"height\":4563,\"caption\":\"Inclusivemap\"},\"image\":{\"@id\":\"https:\/\/inclusivemap.ca\/fr\/#\/schema\/logo\/image\/\"}}]}<\/script>\n<!-- \/ Yoast SEO plugin. -->","yoast_head_json":{"title":"Rendez-Vous Avec Samna Sadaf Khan - Inclusivemap","robots":{"index":"index","follow":"follow","max-snippet":"max-snippet:-1","max-image-preview":"max-image-preview:large","max-video-preview":"max-video-preview:-1"},"canonical":"https:\/\/inclusivemap.ca\/fr\/rendez-vous-avec-samna-sadaf-khan\/","og_locale":"fr_FR","og_type":"article","og_title":"Rendez-Vous Avec Samna Sadaf Khan - Inclusivemap","og_description":"Nom : Samna Sadaf Khan R\u00f4le : Je suis coordinatrice de la mobilisation des connaissances au sein de l&rsquo;\u00e9quipe MAP-SWAN (Stakeholders&rsquo; walkability\/wheelability audit in neighbourhoods). 1) D&rsquo;o\u00f9 venez-vous et o\u00f9 avez-vous \u00e9tudi\u00e9 ? J&rsquo;ai r\u00e9cemment quitt\u00e9 le Pakistan pour m&rsquo;installer au Canada. Je suis titulaire d&rsquo;une licence en architecture et d&rsquo;une ma\u00eetrise en gestion etPoursuivre la lecture de \"Rendez-Vous Avec Samna Sadaf Khan\"","og_url":"https:\/\/inclusivemap.ca\/fr\/rendez-vous-avec-samna-sadaf-khan\/","og_site_name":"Inclusivemap","article_modified_time":"2025-04-07T16:42:58+00:00","og_image":[{"width":806,"height":1226,"url":"https:\/\/inclusivemap.ca\/wp-content\/uploads\/2025\/02\/Samna-Sadaf-Khan_Profile.jpeg","type":"image\/jpeg"}],"twitter_card":"summary_large_image","twitter_misc":{"Dur\u00e9e de lecture estim\u00e9e":"3 minutes"},"schema":{"@context":"https:\/\/schema.org","@graph":[{"@type":"WebPage","@id":"https:\/\/inclusivemap.ca\/fr\/rendez-vous-avec-samna-sadaf-khan\/","url":"https:\/\/inclusivemap.ca\/fr\/rendez-vous-avec-samna-sadaf-khan\/","name":"Rendez-Vous Avec Samna Sadaf Khan - Inclusivemap","isPartOf":{"@id":"https:\/\/inclusivemap.ca\/fr\/#website"},"primaryImageOfPage":{"@id":"https:\/\/inclusivemap.ca\/fr\/rendez-vous-avec-samna-sadaf-khan\/#primaryimage"},"image":{"@id":"https:\/\/inclusivemap.ca\/fr\/rendez-vous-avec-samna-sadaf-khan\/#primaryimage"},"thumbnailUrl":"https:\/\/inclusivemap.ca\/wp-content\/uploads\/2025\/02\/Samna-Sadaf-Khan_Profile-673x1024.jpeg","datePublished":"2025-02-10T23:35:55+00:00","dateModified":"2025-04-07T16:42:58+00:00","breadcrumb":{"@id":"https:\/\/inclusivemap.ca\/fr\/rendez-vous-avec-samna-sadaf-khan\/#breadcrumb"},"inLanguage":"fr-FR","potentialAction":[{"@type":"ReadAction","target":["https:\/\/inclusivemap.ca\/fr\/rendez-vous-avec-samna-sadaf-khan\/"]}]},{"@type":"ImageObject","inLanguage":"fr-FR","@id":"https:\/\/inclusivemap.ca\/fr\/rendez-vous-avec-samna-sadaf-khan\/#primaryimage","url":"https:\/\/inclusivemap.ca\/wp-content\/uploads\/2025\/02\/Samna-Sadaf-Khan_Profile-673x1024.jpeg","contentUrl":"https:\/\/inclusivemap.ca\/wp-content\/uploads\/2025\/02\/Samna-Sadaf-Khan_Profile-673x1024.jpeg"},{"@type":"BreadcrumbList","@id":"https:\/\/inclusivemap.ca\/fr\/rendez-vous-avec-samna-sadaf-khan\/#breadcrumb","itemListElement":[{"@type":"ListItem","position":1,"name":"Home","item":"https:\/\/inclusivemap.ca\/fr\/"},{"@type":"ListItem","position":2,"name":"Rendez-Vous Avec Samna Sadaf Khan"}]},{"@type":"WebSite","@id":"https:\/\/inclusivemap.ca\/fr\/#website","url":"https:\/\/inclusivemap.ca\/fr\/","name":"Inclusivemap","description":"MAP \u2013 Mobility | Access | Participation","publisher":{"@id":"https:\/\/inclusivemap.ca\/fr\/#organization"},"potentialAction":[{"@type":"SearchAction","target":{"@type":"EntryPoint","urlTemplate":"https:\/\/inclusivemap.ca\/fr\/?s={search_term_string}"},"query-input":{"@type":"PropertyValueSpecification","valueRequired":true,"valueName":"search_term_string"}}],"inLanguage":"fr-FR"},{"@type":"Organization","@id":"https:\/\/inclusivemap.ca\/fr\/#organization","name":"Inclusivemap","url":"https:\/\/inclusivemap.ca\/fr\/","logo":{"@type":"ImageObject","inLanguage":"fr-FR","@id":"https:\/\/inclusivemap.ca\/fr\/#\/schema\/logo\/image\/","url":"https:\/\/inclusivemap.ca\/wp-content\/uploads\/2022\/07\/map_bigprint_lighterblue.png","contentUrl":"https:\/\/inclusivemap.ca\/wp-content\/uploads\/2022\/07\/map_bigprint_lighterblue.png","width":8348,"height":4563,"caption":"Inclusivemap"},"image":{"@id":"https:\/\/inclusivemap.ca\/fr\/#\/schema\/logo\/image\/"}}]}},"_links":{"self":[{"href":"https:\/\/inclusivemap.ca\/fr\/wp-json\/wp\/v2\/pages\/4982","targetHints":{"allow":["GET"]}}],"collection":[{"href":"https:\/\/inclusivemap.ca\/fr\/wp-json\/wp\/v2\/pages"}],"about":[{"href":"https:\/\/inclusivemap.ca\/fr\/wp-json\/wp\/v2\/types\/page"}],"author":[{"embeddable":true,"href":"https:\/\/inclusivemap.ca\/fr\/wp-json\/wp\/v2\/users\/6"}],"replies":[{"embeddable":true,"href":"https:\/\/inclusivemap.ca\/fr\/wp-json\/wp\/v2\/comments?post=4982"}],"version-history":[{"count":5,"href":"https:\/\/inclusivemap.ca\/fr\/wp-json\/wp\/v2\/pages\/4982\/revisions"}],"predecessor-version":[{"id":5291,"href":"https:\/\/inclusivemap.ca\/fr\/wp-json\/wp\/v2\/pages\/4982\/revisions\/5291"}],"wp:attachment":[{"href":"https:\/\/inclusivemap.ca\/fr\/wp-json\/wp\/v2\/media?parent=4982"}],"wp:term":[{"taxonomy":"publication_categories","embeddable":true,"href":"https:\/\/inclusivemap.ca\/fr\/wp-json\/wp\/v2\/publication_categories?post=4982"}],"curies":[{"name":"wp","href":"https:\/\/api.w.org\/{rel}","templated":true}]}}