{"id":5039,"date":"2025-02-13T20:51:50","date_gmt":"2025-02-13T20:51:50","guid":{"rendered":"https:\/\/inclusivemap.ca\/?page_id=5039"},"modified":"2025-02-13T21:09:12","modified_gmt":"2025-02-13T21:09:12","slug":"mise-a-jour-de-sami","status":"publish","type":"page","link":"https:\/\/inclusivemap.ca\/fr\/mise-a-jour-de-sami\/","title":{"rendered":"Mise \u00e0 jour de SAMI"},"content":{"rendered":"\n<figure class=\"wp-block-image alignwide size-full\"><img loading=\"lazy\" decoding=\"async\" width=\"816\" height=\"253\" src=\"https:\/\/inclusivemap.ca\/wp-content\/uploads\/2024\/07\/MAP-INFO-Newsletter.jpg\" alt=\"\" class=\"wp-image-3716\" srcset=\"https:\/\/inclusivemap.ca\/wp-content\/uploads\/2024\/07\/MAP-INFO-Newsletter.jpg 816w, https:\/\/inclusivemap.ca\/wp-content\/uploads\/2024\/07\/MAP-INFO-Newsletter-300x93.jpg 300w, https:\/\/inclusivemap.ca\/wp-content\/uploads\/2024\/07\/MAP-INFO-Newsletter-768x238.jpg 768w, https:\/\/inclusivemap.ca\/wp-content\/uploads\/2024\/07\/MAP-INFO-Newsletter-400x124.jpg 400w\" sizes=\"auto, (max-width: 816px) 100vw, 816px\" \/><\/figure>\n\n\n\n<h2 class=\"wp-block-heading\">F\u00e9vrier 2025<\/h2>\n\n\n\n<ul class=\"wp-block-list\">\n<li>Le recrutement des participants et la collecte des donn\u00e9es sont d\u00e9j\u00e0 termin\u00e9s. Ce projet consistait en une \u00e9tude longitudinale mixte comportant quatre phases de collecte de donn\u00e9es (T1, T2, T3 et T4).<\/li>\n\n\n\n<li>\u00c0 ce jour, toutes les donn\u00e9es quantitatives ont d\u00e9j\u00e0 \u00e9t\u00e9 analys\u00e9es. En ce qui concerne les donn\u00e9es qualitatives, seule la phase T4 reste \u00e0 analyser.<\/li>\n\n\n\n<li>Avant la fin du mois, Claude soumettra pour publication un manuscrit intitul\u00e9 : Travel training program among adults with disabilities : A systematic review.<\/li>\n<\/ul>\n\n\n\n<h2 class=\"wp-block-heading\">F\u00e9vrier 2024<\/h2>\n\n\n\n<ul class=\"wp-block-list\">\n<li>Le 7 janvier 2024, Claudel a publi\u00e9 un article en rapport avec le premier objectif de son projet de th\u00e8se. La r\u00e9f\u00e9rence est la suivante :\n<ul class=\"wp-block-list\">\n<li>Mwaka, C. R., Best, K. L., Cunningham, C., Gagnon, M., &amp; Routhier, F. (2023). Barriers and facilitators of public transport use among people with disabilities : a scoping review. Frontiers in Rehabilitation Sciences, 4.<\/li>\n<\/ul>\n<\/li>\n\n\n\n<li>Le 31 janvier de la m\u00eame ann\u00e9e, Claudel a \u00e9galement soumis pour publication un autre manuscrit relatif au deuxi\u00e8me objectif de son projet de th\u00e8se. La r\u00e9f\u00e9rence de ce manuscrit est la suivante\n<ul class=\"wp-block-list\">\n<li>Claudel R. Mwaka ; Krista L. Best ; Martine Gagnon ; Fran\u00e7ois Routhier. Influence de la formation aux transports publics pour les personnes handicap\u00e9es : Protocole pour une revue syst\u00e9matique. Transportation Research Interdisciplinary Perspectives.<\/li>\n<\/ul>\n<\/li>\n<\/ul>\n\n\n\n<p><\/p>\n","protected":false},"excerpt":{"rendered":"<p>F\u00e9vrier 2025 F\u00e9vrier 2024<\/p>\n","protected":false},"author":6,"featured_media":0,"parent":0,"menu_order":0,"comment_status":"closed","ping_status":"closed","template":"","meta":{"_acf_changed":false,"inline_featured_image":false,"footnotes":""},"publication_categories":[],"class_list":["post-5039","page","type-page","status-publish","hentry","entry"],"acf":[],"yoast_head":"<!-- This site is optimized with the Yoast SEO plugin v26.9 - https:\/\/yoast.com\/product\/yoast-seo-wordpress\/ -->\n<title>Mise \u00e0 jour de SAMI - Inclusivemap<\/title>\n<meta name=\"robots\" content=\"index, follow, max-snippet:-1, max-image-preview:large, max-video-preview:-1\" \/>\n<link rel=\"canonical\" href=\"https:\/\/inclusivemap.ca\/fr\/mise-a-jour-de-sami\/\" \/>\n<meta property=\"og:locale\" content=\"fr_FR\" \/>\n<meta property=\"og:type\" content=\"article\" \/>\n<meta property=\"og:title\" content=\"Mise \u00e0 jour de SAMI - Inclusivemap\" \/>\n<meta property=\"og:description\" content=\"F\u00e9vrier 2025 F\u00e9vrier 2024\" \/>\n<meta property=\"og:url\" content=\"https:\/\/inclusivemap.ca\/fr\/mise-a-jour-de-sami\/\" \/>\n<meta property=\"og:site_name\" content=\"Inclusivemap\" \/>\n<meta property=\"article:modified_time\" content=\"2025-02-13T21:09:12+00:00\" \/>\n<meta property=\"og:image\" content=\"https:\/\/inclusivemap.ca\/wp-content\/uploads\/2024\/07\/MAP-INFO-Newsletter.jpg\" \/>\n\t<meta property=\"og:image:width\" content=\"816\" \/>\n\t<meta property=\"og:image:height\" content=\"253\" \/>\n\t<meta property=\"og:image:type\" content=\"image\/jpeg\" \/>\n<meta name=\"twitter:card\" content=\"summary_large_image\" \/>\n<meta name=\"twitter:label1\" content=\"Dur\u00e9e de lecture estim\u00e9e\" \/>\n\t<meta name=\"twitter:data1\" content=\"2 minutes\" \/>\n<script type=\"application\/ld+json\" class=\"yoast-schema-graph\">{\"@context\":\"https:\/\/schema.org\",\"@graph\":[{\"@type\":\"WebPage\",\"@id\":\"https:\/\/inclusivemap.ca\/fr\/mise-a-jour-de-sami\/\",\"url\":\"https:\/\/inclusivemap.ca\/fr\/mise-a-jour-de-sami\/\",\"name\":\"Mise \u00e0 jour de SAMI - Inclusivemap\",\"isPartOf\":{\"@id\":\"https:\/\/inclusivemap.ca\/fr\/#website\"},\"primaryImageOfPage\":{\"@id\":\"https:\/\/inclusivemap.ca\/fr\/mise-a-jour-de-sami\/#primaryimage\"},\"image\":{\"@id\":\"https:\/\/inclusivemap.ca\/fr\/mise-a-jour-de-sami\/#primaryimage\"},\"thumbnailUrl\":\"https:\/\/inclusivemap.ca\/wp-content\/uploads\/2024\/07\/MAP-INFO-Newsletter.jpg\",\"datePublished\":\"2025-02-13T20:51:50+00:00\",\"dateModified\":\"2025-02-13T21:09:12+00:00\",\"breadcrumb\":{\"@id\":\"https:\/\/inclusivemap.ca\/fr\/mise-a-jour-de-sami\/#breadcrumb\"},\"inLanguage\":\"fr-FR\",\"potentialAction\":[{\"@type\":\"ReadAction\",\"target\":[\"https:\/\/inclusivemap.ca\/fr\/mise-a-jour-de-sami\/\"]}]},{\"@type\":\"ImageObject\",\"inLanguage\":\"fr-FR\",\"@id\":\"https:\/\/inclusivemap.ca\/fr\/mise-a-jour-de-sami\/#primaryimage\",\"url\":\"https:\/\/inclusivemap.ca\/wp-content\/uploads\/2024\/07\/MAP-INFO-Newsletter.jpg\",\"contentUrl\":\"https:\/\/inclusivemap.ca\/wp-content\/uploads\/2024\/07\/MAP-INFO-Newsletter.jpg\"},{\"@type\":\"BreadcrumbList\",\"@id\":\"https:\/\/inclusivemap.ca\/fr\/mise-a-jour-de-sami\/#breadcrumb\",\"itemListElement\":[{\"@type\":\"ListItem\",\"position\":1,\"name\":\"Home\",\"item\":\"https:\/\/inclusivemap.ca\/fr\/\"},{\"@type\":\"ListItem\",\"position\":2,\"name\":\"Mise \u00e0 jour de SAMI\"}]},{\"@type\":\"WebSite\",\"@id\":\"https:\/\/inclusivemap.ca\/fr\/#website\",\"url\":\"https:\/\/inclusivemap.ca\/fr\/\",\"name\":\"Inclusivemap\",\"description\":\"MAP \u2013 Mobility | Access | Participation\",\"publisher\":{\"@id\":\"https:\/\/inclusivemap.ca\/fr\/#organization\"},\"potentialAction\":[{\"@type\":\"SearchAction\",\"target\":{\"@type\":\"EntryPoint\",\"urlTemplate\":\"https:\/\/inclusivemap.ca\/fr\/?s={search_term_string}\"},\"query-input\":{\"@type\":\"PropertyValueSpecification\",\"valueRequired\":true,\"valueName\":\"search_term_string\"}}],\"inLanguage\":\"fr-FR\"},{\"@type\":\"Organization\",\"@id\":\"https:\/\/inclusivemap.ca\/fr\/#organization\",\"name\":\"Inclusivemap\",\"url\":\"https:\/\/inclusivemap.ca\/fr\/\",\"logo\":{\"@type\":\"ImageObject\",\"inLanguage\":\"fr-FR\",\"@id\":\"https:\/\/inclusivemap.ca\/fr\/#\/schema\/logo\/image\/\",\"url\":\"https:\/\/inclusivemap.ca\/wp-content\/uploads\/2022\/07\/map_bigprint_lighterblue.png\",\"contentUrl\":\"https:\/\/inclusivemap.ca\/wp-content\/uploads\/2022\/07\/map_bigprint_lighterblue.png\",\"width\":8348,\"height\":4563,\"caption\":\"Inclusivemap\"},\"image\":{\"@id\":\"https:\/\/inclusivemap.ca\/fr\/#\/schema\/logo\/image\/\"}}]}<\/script>\n<!-- \/ Yoast SEO plugin. -->","yoast_head_json":{"title":"Mise \u00e0 jour de SAMI - Inclusivemap","robots":{"index":"index","follow":"follow","max-snippet":"max-snippet:-1","max-image-preview":"max-image-preview:large","max-video-preview":"max-video-preview:-1"},"canonical":"https:\/\/inclusivemap.ca\/fr\/mise-a-jour-de-sami\/","og_locale":"fr_FR","og_type":"article","og_title":"Mise \u00e0 jour de SAMI - Inclusivemap","og_description":"F\u00e9vrier 2025 F\u00e9vrier 2024","og_url":"https:\/\/inclusivemap.ca\/fr\/mise-a-jour-de-sami\/","og_site_name":"Inclusivemap","article_modified_time":"2025-02-13T21:09:12+00:00","og_image":[{"width":816,"height":253,"url":"https:\/\/inclusivemap.ca\/wp-content\/uploads\/2024\/07\/MAP-INFO-Newsletter.jpg","type":"image\/jpeg"}],"twitter_card":"summary_large_image","twitter_misc":{"Dur\u00e9e de lecture estim\u00e9e":"2 minutes"},"schema":{"@context":"https:\/\/schema.org","@graph":[{"@type":"WebPage","@id":"https:\/\/inclusivemap.ca\/fr\/mise-a-jour-de-sami\/","url":"https:\/\/inclusivemap.ca\/fr\/mise-a-jour-de-sami\/","name":"Mise \u00e0 jour de SAMI - Inclusivemap","isPartOf":{"@id":"https:\/\/inclusivemap.ca\/fr\/#website"},"primaryImageOfPage":{"@id":"https:\/\/inclusivemap.ca\/fr\/mise-a-jour-de-sami\/#primaryimage"},"image":{"@id":"https:\/\/inclusivemap.ca\/fr\/mise-a-jour-de-sami\/#primaryimage"},"thumbnailUrl":"https:\/\/inclusivemap.ca\/wp-content\/uploads\/2024\/07\/MAP-INFO-Newsletter.jpg","datePublished":"2025-02-13T20:51:50+00:00","dateModified":"2025-02-13T21:09:12+00:00","breadcrumb":{"@id":"https:\/\/inclusivemap.ca\/fr\/mise-a-jour-de-sami\/#breadcrumb"},"inLanguage":"fr-FR","potentialAction":[{"@type":"ReadAction","target":["https:\/\/inclusivemap.ca\/fr\/mise-a-jour-de-sami\/"]}]},{"@type":"ImageObject","inLanguage":"fr-FR","@id":"https:\/\/inclusivemap.ca\/fr\/mise-a-jour-de-sami\/#primaryimage","url":"https:\/\/inclusivemap.ca\/wp-content\/uploads\/2024\/07\/MAP-INFO-Newsletter.jpg","contentUrl":"https:\/\/inclusivemap.ca\/wp-content\/uploads\/2024\/07\/MAP-INFO-Newsletter.jpg"},{"@type":"BreadcrumbList","@id":"https:\/\/inclusivemap.ca\/fr\/mise-a-jour-de-sami\/#breadcrumb","itemListElement":[{"@type":"ListItem","position":1,"name":"Home","item":"https:\/\/inclusivemap.ca\/fr\/"},{"@type":"ListItem","position":2,"name":"Mise \u00e0 jour de SAMI"}]},{"@type":"WebSite","@id":"https:\/\/inclusivemap.ca\/fr\/#website","url":"https:\/\/inclusivemap.ca\/fr\/","name":"Inclusivemap","description":"MAP \u2013 Mobility | Access | Participation","publisher":{"@id":"https:\/\/inclusivemap.ca\/fr\/#organization"},"potentialAction":[{"@type":"SearchAction","target":{"@type":"EntryPoint","urlTemplate":"https:\/\/inclusivemap.ca\/fr\/?s={search_term_string}"},"query-input":{"@type":"PropertyValueSpecification","valueRequired":true,"valueName":"search_term_string"}}],"inLanguage":"fr-FR"},{"@type":"Organization","@id":"https:\/\/inclusivemap.ca\/fr\/#organization","name":"Inclusivemap","url":"https:\/\/inclusivemap.ca\/fr\/","logo":{"@type":"ImageObject","inLanguage":"fr-FR","@id":"https:\/\/inclusivemap.ca\/fr\/#\/schema\/logo\/image\/","url":"https:\/\/inclusivemap.ca\/wp-content\/uploads\/2022\/07\/map_bigprint_lighterblue.png","contentUrl":"https:\/\/inclusivemap.ca\/wp-content\/uploads\/2022\/07\/map_bigprint_lighterblue.png","width":8348,"height":4563,"caption":"Inclusivemap"},"image":{"@id":"https:\/\/inclusivemap.ca\/fr\/#\/schema\/logo\/image\/"}}]}},"_links":{"self":[{"href":"https:\/\/inclusivemap.ca\/fr\/wp-json\/wp\/v2\/pages\/5039","targetHints":{"allow":["GET"]}}],"collection":[{"href":"https:\/\/inclusivemap.ca\/fr\/wp-json\/wp\/v2\/pages"}],"about":[{"href":"https:\/\/inclusivemap.ca\/fr\/wp-json\/wp\/v2\/types\/page"}],"author":[{"embeddable":true,"href":"https:\/\/inclusivemap.ca\/fr\/wp-json\/wp\/v2\/users\/6"}],"replies":[{"embeddable":true,"href":"https:\/\/inclusivemap.ca\/fr\/wp-json\/wp\/v2\/comments?post=5039"}],"version-history":[{"count":2,"href":"https:\/\/inclusivemap.ca\/fr\/wp-json\/wp\/v2\/pages\/5039\/revisions"}],"predecessor-version":[{"id":5044,"href":"https:\/\/inclusivemap.ca\/fr\/wp-json\/wp\/v2\/pages\/5039\/revisions\/5044"}],"wp:attachment":[{"href":"https:\/\/inclusivemap.ca\/fr\/wp-json\/wp\/v2\/media?parent=5039"}],"wp:term":[{"taxonomy":"publication_categories","embeddable":true,"href":"https:\/\/inclusivemap.ca\/fr\/wp-json\/wp\/v2\/publication_categories?post=5039"}],"curies":[{"name":"wp","href":"https:\/\/api.w.org\/{rel}","templated":true}]}}