{"id":5159,"date":"2025-03-11T00:06:14","date_gmt":"2025-03-11T00:06:14","guid":{"rendered":"https:\/\/inclusivemap.ca\/?page_id=5159"},"modified":"2025-04-10T23:44:22","modified_gmt":"2025-04-10T23:44:22","slug":"rendez-vous-avec-marie-helene","status":"publish","type":"page","link":"https:\/\/inclusivemap.ca\/fr\/rendez-vous-avec-marie-helene\/","title":{"rendered":"Rendez-Vous Avec Marie-H\u00e9l\u00e8ne"},"content":{"rendered":"\n<div class=\"wp-block-media-text is-stacked-on-mobile\"><figure class=\"wp-block-media-text__media\"><img loading=\"lazy\" decoding=\"async\" width=\"566\" height=\"556\" src=\"https:\/\/inclusivemap.ca\/wp-content\/uploads\/2024\/05\/Capture-decran-le-2023-03-15-a-08.29.22.png\" alt=\"Marie-H\u00e9l\u00e8ne Verret-Corriveau\" class=\"wp-image-3329 size-full\" srcset=\"https:\/\/inclusivemap.ca\/wp-content\/uploads\/2024\/05\/Capture-decran-le-2023-03-15-a-08.29.22.png 566w, https:\/\/inclusivemap.ca\/wp-content\/uploads\/2024\/05\/Capture-decran-le-2023-03-15-a-08.29.22-400x393.png 400w, https:\/\/inclusivemap.ca\/wp-content\/uploads\/2024\/05\/Capture-decran-le-2023-03-15-a-08.29.22-300x295.png 300w, https:\/\/inclusivemap.ca\/wp-content\/uploads\/2024\/05\/Capture-decran-le-2023-03-15-a-08.29.22-80x80.png 80w\" sizes=\"auto, (max-width: 566px) 100vw, 566px\" \/><\/figure><div class=\"wp-block-media-text__content\">\n<p><strong>Nom:<\/strong> Marie-H\u00e9l\u00e8ne <\/p>\n\n\n\n<p><strong>R\u00f4le :<\/strong> \u00c9tudiante \u00e0 la ma\u00eetrise en r\u00e9adaptation Assistante aux communications<\/p>\n<\/div><\/div>\n\n<p><strong>1) D\u2019o\u00f9 venez-vous et o\u00f9 \u00e9tudiez-vous ? <\/strong> <br\/>Je viens de Qu\u00e9bec, j&rsquo;\u00e9tudie \u00e0 la ma\u00eetrise en r\u00e9adaptation avec m\u00e9moire \u00e0 l&rsquo;Universit\u00e9 Laval.<\/p>\n\n<p><strong>2) Qu\u2019est-ce qui vous motive \u00e0 rendre le monde plus accessible ?<\/strong> <br\/>Les iniquit\u00e9s v\u00e9cues et per\u00e7ues dans mon ancienne carri\u00e8re professionnelle.<\/p>\n\n<p><strong>3) Dans un langage simple, d\u00e9cris ton projet de recherche\/le projet dans lequel tu collabores.<\/strong><\/p>\n\n<p>Nous travaillons pr\u00e9sentement \u00e0 mieux comprendre les besoins et perceptions des parents qui sont admissibles au transport adapt\u00e9, sachant que le service peine \u00e0 r\u00e9pondre aux besoins de cette population.<strong>   <\/strong><\/p>\n\n<p><strong>4) Quel est votre talent cach\u00e9 et votre plus grande qualit\u00e9 ? <\/strong> <\/p>\n\n<p>Mon humour (m\u00eame si ce n&rsquo;est pas appr\u00e9ci\u00e9 de tous). Ma pers\u00e9v\u00e9rance est ma plus grande qualit\u00e9. <\/p>\n\n<p><strong>5) Quelle est la meilleure fa\u00e7on de vous faire sourire ? <\/strong> <\/p>\n\n<p>Les jeux de mots et les histoires rocambolesques!<br\/><\/p>\n\n<p><strong>6) Qu\u2019est-ce que vous aimez faire pendant ton temps libre ? <\/strong> <\/p>\n\n<p>\u00catre avec ma famille, marcher en for\u00eat, jouer de la musique, chanter, voir des amis, faire du camping, aller \u00e0 la p\u00eache, aller dans les festivals de musique, faire des siestes en plein air.<\/p>\n\n<p><strong>7) Quel endroit dans le monde r\u00eavez-vous de visiter? <\/strong> <\/p>\n\n<p>Tout ce qui se retrouve au Nord et qui est moins touristique, j&rsquo;aime les beaux paysages.<br\/><br\/><\/p>\n\n<p><strong>8) Quel est le livre ou le film qui vous a le plus inspir\u00e9 ? <\/strong><\/p>\n\n<p>J&rsquo;ai lu \u00e0 plusieurs reprises les Lord of the rings, mais je dirais que le livre de Catherine Dorion Les t\u00eates br\u00fbl\u00e9es: Carnet d&rsquo;espoirs punk, colle plus avec ma personnalit\u00e9 d&rsquo;adulte.<\/p>\n\n<p><strong> 9) Si vous pouviez d\u00eener avec un chercheur\/scientifique\/clinicien\/personne connu, qui serait-il et pourquoi ?<\/strong><\/p>\n\n<p>Guylaine Demers pour discuter de tous les aspects de l&rsquo;iniquit\u00e9 et de comment elle a fait pour r\u00e9ussir \u00e0 passer les donn\u00e9es scientifiques aussi facilement \u00e0 la population.<\/p>\n\n<p><br\/><\/p>\n\n<div class=\"wp-block-buttons alignwide is-layout-flex wp-block-buttons-is-layout-flex\">\n<div class=\"wp-block-button has-custom-width wp-block-button__width-50 has-custom-font-size aligncenter is-style-outline has-small-font-size is-style-outline--1\"><a class=\"wp-block-button__link has-primary-color has-tertiary-background-color has-text-color has-background wp-element-button\" href=\"https:\/\/inclusivemap.ca\/fr\/bulletin\/bulletin-dinformation-numero-5\/\">Retour a la newsletter<\/a><\/div>\n<\/div>\n","protected":false},"excerpt":{"rendered":"<p>Nom: Marie-H\u00e9l\u00e8ne R\u00f4le : \u00c9tudiante \u00e0 la ma\u00eetrise en r\u00e9adaptation Assistante aux communications 1) D\u2019o\u00f9 venez-vous et o\u00f9 \u00e9tudiez-vous ? Je viens de Qu\u00e9bec, j&rsquo;\u00e9tudie \u00e0 la ma\u00eetrise en r\u00e9adaptation avec m\u00e9moire \u00e0 l&rsquo;Universit\u00e9 Laval. 2) Qu\u2019est-ce qui vous motive \u00e0 rendre le monde plus accessible ? Les iniquit\u00e9s v\u00e9cues et per\u00e7ues dans mon ancienne<a class=\"more-link\" href=\"https:\/\/inclusivemap.ca\/fr\/rendez-vous-avec-marie-helene\/\">Poursuivre la lecture de <span class=\"screen-reader-text\">\u00ab\u00a0Rendez-Vous Avec Marie-H\u00e9l\u00e8ne\u00a0\u00bb<\/span><\/a><\/p>\n","protected":false},"author":6,"featured_media":0,"parent":0,"menu_order":0,"comment_status":"closed","ping_status":"closed","template":"","meta":{"_acf_changed":false,"inline_featured_image":false,"footnotes":""},"publication_categories":[],"class_list":["post-5159","page","type-page","status-publish","hentry","entry"],"acf":[],"yoast_head":"<!-- This site is optimized with the Yoast SEO plugin v26.9 - https:\/\/yoast.com\/product\/yoast-seo-wordpress\/ -->\n<title>Rendez-Vous Avec Marie-H\u00e9l\u00e8ne - Inclusivemap<\/title>\n<meta name=\"robots\" content=\"index, follow, max-snippet:-1, max-image-preview:large, max-video-preview:-1\" \/>\n<link rel=\"canonical\" href=\"https:\/\/inclusivemap.ca\/fr\/rendez-vous-avec-marie-helene\/\" \/>\n<meta property=\"og:locale\" content=\"fr_FR\" \/>\n<meta property=\"og:type\" content=\"article\" \/>\n<meta property=\"og:title\" content=\"Rendez-Vous Avec Marie-H\u00e9l\u00e8ne - Inclusivemap\" \/>\n<meta property=\"og:description\" content=\"Nom: Marie-H\u00e9l\u00e8ne R\u00f4le : \u00c9tudiante \u00e0 la ma\u00eetrise en r\u00e9adaptation Assistante aux communications 1) D\u2019o\u00f9 venez-vous et o\u00f9 \u00e9tudiez-vous ? Je viens de Qu\u00e9bec, j&rsquo;\u00e9tudie \u00e0 la ma\u00eetrise en r\u00e9adaptation avec m\u00e9moire \u00e0 l&rsquo;Universit\u00e9 Laval. 2) Qu\u2019est-ce qui vous motive \u00e0 rendre le monde plus accessible ? Les iniquit\u00e9s v\u00e9cues et per\u00e7ues dans mon anciennePoursuivre la lecture de &quot;Rendez-Vous Avec Marie-H\u00e9l\u00e8ne&quot;\" \/>\n<meta property=\"og:url\" content=\"https:\/\/inclusivemap.ca\/fr\/rendez-vous-avec-marie-helene\/\" \/>\n<meta property=\"og:site_name\" content=\"Inclusivemap\" \/>\n<meta property=\"article:modified_time\" content=\"2025-04-10T23:44:22+00:00\" \/>\n<meta property=\"og:image\" content=\"https:\/\/inclusivemap.ca\/wp-content\/uploads\/2024\/05\/Capture-decran-le-2023-03-15-a-08.29.22.png\" \/>\n\t<meta property=\"og:image:width\" content=\"566\" \/>\n\t<meta property=\"og:image:height\" content=\"556\" \/>\n\t<meta property=\"og:image:type\" content=\"image\/png\" \/>\n<meta name=\"twitter:card\" content=\"summary_large_image\" \/>\n<meta name=\"twitter:label1\" content=\"Dur\u00e9e de lecture estim\u00e9e\" \/>\n\t<meta name=\"twitter:data1\" content=\"2 minutes\" \/>\n<script type=\"application\/ld+json\" class=\"yoast-schema-graph\">{\"@context\":\"https:\/\/schema.org\",\"@graph\":[{\"@type\":\"WebPage\",\"@id\":\"https:\/\/inclusivemap.ca\/fr\/rendez-vous-avec-marie-helene\/\",\"url\":\"https:\/\/inclusivemap.ca\/fr\/rendez-vous-avec-marie-helene\/\",\"name\":\"Rendez-Vous Avec Marie-H\u00e9l\u00e8ne - Inclusivemap\",\"isPartOf\":{\"@id\":\"https:\/\/inclusivemap.ca\/fr\/#website\"},\"primaryImageOfPage\":{\"@id\":\"https:\/\/inclusivemap.ca\/fr\/rendez-vous-avec-marie-helene\/#primaryimage\"},\"image\":{\"@id\":\"https:\/\/inclusivemap.ca\/fr\/rendez-vous-avec-marie-helene\/#primaryimage\"},\"thumbnailUrl\":\"https:\/\/inclusivemap.ca\/wp-content\/uploads\/2024\/05\/Capture-decran-le-2023-03-15-a-08.29.22.png\",\"datePublished\":\"2025-03-11T00:06:14+00:00\",\"dateModified\":\"2025-04-10T23:44:22+00:00\",\"breadcrumb\":{\"@id\":\"https:\/\/inclusivemap.ca\/fr\/rendez-vous-avec-marie-helene\/#breadcrumb\"},\"inLanguage\":\"fr-FR\",\"potentialAction\":[{\"@type\":\"ReadAction\",\"target\":[\"https:\/\/inclusivemap.ca\/fr\/rendez-vous-avec-marie-helene\/\"]}]},{\"@type\":\"ImageObject\",\"inLanguage\":\"fr-FR\",\"@id\":\"https:\/\/inclusivemap.ca\/fr\/rendez-vous-avec-marie-helene\/#primaryimage\",\"url\":\"https:\/\/inclusivemap.ca\/wp-content\/uploads\/2024\/05\/Capture-decran-le-2023-03-15-a-08.29.22.png\",\"contentUrl\":\"https:\/\/inclusivemap.ca\/wp-content\/uploads\/2024\/05\/Capture-decran-le-2023-03-15-a-08.29.22.png\"},{\"@type\":\"BreadcrumbList\",\"@id\":\"https:\/\/inclusivemap.ca\/fr\/rendez-vous-avec-marie-helene\/#breadcrumb\",\"itemListElement\":[{\"@type\":\"ListItem\",\"position\":1,\"name\":\"Home\",\"item\":\"https:\/\/inclusivemap.ca\/fr\/\"},{\"@type\":\"ListItem\",\"position\":2,\"name\":\"Rendez-Vous Avec Marie-H\u00e9l\u00e8ne\"}]},{\"@type\":\"WebSite\",\"@id\":\"https:\/\/inclusivemap.ca\/fr\/#website\",\"url\":\"https:\/\/inclusivemap.ca\/fr\/\",\"name\":\"Inclusivemap\",\"description\":\"MAP \u2013 Mobility | Access | Participation\",\"publisher\":{\"@id\":\"https:\/\/inclusivemap.ca\/fr\/#organization\"},\"potentialAction\":[{\"@type\":\"SearchAction\",\"target\":{\"@type\":\"EntryPoint\",\"urlTemplate\":\"https:\/\/inclusivemap.ca\/fr\/?s={search_term_string}\"},\"query-input\":{\"@type\":\"PropertyValueSpecification\",\"valueRequired\":true,\"valueName\":\"search_term_string\"}}],\"inLanguage\":\"fr-FR\"},{\"@type\":\"Organization\",\"@id\":\"https:\/\/inclusivemap.ca\/fr\/#organization\",\"name\":\"Inclusivemap\",\"url\":\"https:\/\/inclusivemap.ca\/fr\/\",\"logo\":{\"@type\":\"ImageObject\",\"inLanguage\":\"fr-FR\",\"@id\":\"https:\/\/inclusivemap.ca\/fr\/#\/schema\/logo\/image\/\",\"url\":\"https:\/\/inclusivemap.ca\/wp-content\/uploads\/2022\/07\/map_bigprint_lighterblue.png\",\"contentUrl\":\"https:\/\/inclusivemap.ca\/wp-content\/uploads\/2022\/07\/map_bigprint_lighterblue.png\",\"width\":8348,\"height\":4563,\"caption\":\"Inclusivemap\"},\"image\":{\"@id\":\"https:\/\/inclusivemap.ca\/fr\/#\/schema\/logo\/image\/\"}}]}<\/script>\n<!-- \/ Yoast SEO plugin. -->","yoast_head_json":{"title":"Rendez-Vous Avec Marie-H\u00e9l\u00e8ne - Inclusivemap","robots":{"index":"index","follow":"follow","max-snippet":"max-snippet:-1","max-image-preview":"max-image-preview:large","max-video-preview":"max-video-preview:-1"},"canonical":"https:\/\/inclusivemap.ca\/fr\/rendez-vous-avec-marie-helene\/","og_locale":"fr_FR","og_type":"article","og_title":"Rendez-Vous Avec Marie-H\u00e9l\u00e8ne - Inclusivemap","og_description":"Nom: Marie-H\u00e9l\u00e8ne R\u00f4le : \u00c9tudiante \u00e0 la ma\u00eetrise en r\u00e9adaptation Assistante aux communications 1) D\u2019o\u00f9 venez-vous et o\u00f9 \u00e9tudiez-vous ? Je viens de Qu\u00e9bec, j&rsquo;\u00e9tudie \u00e0 la ma\u00eetrise en r\u00e9adaptation avec m\u00e9moire \u00e0 l&rsquo;Universit\u00e9 Laval. 2) Qu\u2019est-ce qui vous motive \u00e0 rendre le monde plus accessible ? Les iniquit\u00e9s v\u00e9cues et per\u00e7ues dans mon anciennePoursuivre la lecture de \"Rendez-Vous Avec Marie-H\u00e9l\u00e8ne\"","og_url":"https:\/\/inclusivemap.ca\/fr\/rendez-vous-avec-marie-helene\/","og_site_name":"Inclusivemap","article_modified_time":"2025-04-10T23:44:22+00:00","og_image":[{"width":566,"height":556,"url":"https:\/\/inclusivemap.ca\/wp-content\/uploads\/2024\/05\/Capture-decran-le-2023-03-15-a-08.29.22.png","type":"image\/png"}],"twitter_card":"summary_large_image","twitter_misc":{"Dur\u00e9e de lecture estim\u00e9e":"2 minutes"},"schema":{"@context":"https:\/\/schema.org","@graph":[{"@type":"WebPage","@id":"https:\/\/inclusivemap.ca\/fr\/rendez-vous-avec-marie-helene\/","url":"https:\/\/inclusivemap.ca\/fr\/rendez-vous-avec-marie-helene\/","name":"Rendez-Vous Avec Marie-H\u00e9l\u00e8ne - Inclusivemap","isPartOf":{"@id":"https:\/\/inclusivemap.ca\/fr\/#website"},"primaryImageOfPage":{"@id":"https:\/\/inclusivemap.ca\/fr\/rendez-vous-avec-marie-helene\/#primaryimage"},"image":{"@id":"https:\/\/inclusivemap.ca\/fr\/rendez-vous-avec-marie-helene\/#primaryimage"},"thumbnailUrl":"https:\/\/inclusivemap.ca\/wp-content\/uploads\/2024\/05\/Capture-decran-le-2023-03-15-a-08.29.22.png","datePublished":"2025-03-11T00:06:14+00:00","dateModified":"2025-04-10T23:44:22+00:00","breadcrumb":{"@id":"https:\/\/inclusivemap.ca\/fr\/rendez-vous-avec-marie-helene\/#breadcrumb"},"inLanguage":"fr-FR","potentialAction":[{"@type":"ReadAction","target":["https:\/\/inclusivemap.ca\/fr\/rendez-vous-avec-marie-helene\/"]}]},{"@type":"ImageObject","inLanguage":"fr-FR","@id":"https:\/\/inclusivemap.ca\/fr\/rendez-vous-avec-marie-helene\/#primaryimage","url":"https:\/\/inclusivemap.ca\/wp-content\/uploads\/2024\/05\/Capture-decran-le-2023-03-15-a-08.29.22.png","contentUrl":"https:\/\/inclusivemap.ca\/wp-content\/uploads\/2024\/05\/Capture-decran-le-2023-03-15-a-08.29.22.png"},{"@type":"BreadcrumbList","@id":"https:\/\/inclusivemap.ca\/fr\/rendez-vous-avec-marie-helene\/#breadcrumb","itemListElement":[{"@type":"ListItem","position":1,"name":"Home","item":"https:\/\/inclusivemap.ca\/fr\/"},{"@type":"ListItem","position":2,"name":"Rendez-Vous Avec Marie-H\u00e9l\u00e8ne"}]},{"@type":"WebSite","@id":"https:\/\/inclusivemap.ca\/fr\/#website","url":"https:\/\/inclusivemap.ca\/fr\/","name":"Inclusivemap","description":"MAP \u2013 Mobility | Access | Participation","publisher":{"@id":"https:\/\/inclusivemap.ca\/fr\/#organization"},"potentialAction":[{"@type":"SearchAction","target":{"@type":"EntryPoint","urlTemplate":"https:\/\/inclusivemap.ca\/fr\/?s={search_term_string}"},"query-input":{"@type":"PropertyValueSpecification","valueRequired":true,"valueName":"search_term_string"}}],"inLanguage":"fr-FR"},{"@type":"Organization","@id":"https:\/\/inclusivemap.ca\/fr\/#organization","name":"Inclusivemap","url":"https:\/\/inclusivemap.ca\/fr\/","logo":{"@type":"ImageObject","inLanguage":"fr-FR","@id":"https:\/\/inclusivemap.ca\/fr\/#\/schema\/logo\/image\/","url":"https:\/\/inclusivemap.ca\/wp-content\/uploads\/2022\/07\/map_bigprint_lighterblue.png","contentUrl":"https:\/\/inclusivemap.ca\/wp-content\/uploads\/2022\/07\/map_bigprint_lighterblue.png","width":8348,"height":4563,"caption":"Inclusivemap"},"image":{"@id":"https:\/\/inclusivemap.ca\/fr\/#\/schema\/logo\/image\/"}}]}},"_links":{"self":[{"href":"https:\/\/inclusivemap.ca\/fr\/wp-json\/wp\/v2\/pages\/5159","targetHints":{"allow":["GET"]}}],"collection":[{"href":"https:\/\/inclusivemap.ca\/fr\/wp-json\/wp\/v2\/pages"}],"about":[{"href":"https:\/\/inclusivemap.ca\/fr\/wp-json\/wp\/v2\/types\/page"}],"author":[{"embeddable":true,"href":"https:\/\/inclusivemap.ca\/fr\/wp-json\/wp\/v2\/users\/6"}],"replies":[{"embeddable":true,"href":"https:\/\/inclusivemap.ca\/fr\/wp-json\/wp\/v2\/comments?post=5159"}],"version-history":[{"count":7,"href":"https:\/\/inclusivemap.ca\/fr\/wp-json\/wp\/v2\/pages\/5159\/revisions"}],"predecessor-version":[{"id":5349,"href":"https:\/\/inclusivemap.ca\/fr\/wp-json\/wp\/v2\/pages\/5159\/revisions\/5349"}],"wp:attachment":[{"href":"https:\/\/inclusivemap.ca\/fr\/wp-json\/wp\/v2\/media?parent=5159"}],"wp:term":[{"taxonomy":"publication_categories","embeddable":true,"href":"https:\/\/inclusivemap.ca\/fr\/wp-json\/wp\/v2\/publication_categories?post=5159"}],"curies":[{"name":"wp","href":"https:\/\/api.w.org\/{rel}","templated":true}]}}