{"id":5185,"date":"2025-02-25T01:15:13","date_gmt":"2025-02-25T01:15:13","guid":{"rendered":"https:\/\/inclusivemap.ca\/nouvelles-et-annonces-bulletin-dinformation-n-5\/"},"modified":"2025-04-10T17:13:18","modified_gmt":"2025-04-10T17:13:18","slug":"nouvelles-et-annonces-bulletin-dinformation-n-5","status":"publish","type":"page","link":"https:\/\/inclusivemap.ca\/fr\/nouvelles-et-annonces-bulletin-dinformation-n-5\/","title":{"rendered":"Nouvelles et annonces (bulletin d&rsquo;information n\u00b0 5)"},"content":{"rendered":"\n<p>Les membres de l&rsquo;\u00e9quipe MAP n&rsquo;ont pas ch\u00f4m\u00e9 ces derniers mois! En savoir plus sur les nouveaux partenariats, les pr\u00e9sentations de conf\u00e9rences, la mobilisation des connaissances, l&rsquo;attribution de subventions et bien d&rsquo;autres choses encore !<\/p>\n\n<figure class=\"wp-block-gallery has-nested-images columns-default is-cropped wp-block-gallery-1 is-layout-flex wp-block-gallery-is-layout-flex\">\n<figure class=\"wp-block-image size-large\"><img loading=\"lazy\" decoding=\"async\" width=\"768\" height=\"1024\" data-id=\"4962\" src=\"https:\/\/inclusivemap.ca\/wp-content\/uploads\/2025\/02\/IMG_7693-768x1024.png\" alt=\"\" class=\"wp-image-4962\" srcset=\"https:\/\/inclusivemap.ca\/wp-content\/uploads\/2025\/02\/IMG_7693-768x1024.png 768w, https:\/\/inclusivemap.ca\/wp-content\/uploads\/2025\/02\/IMG_7693-225x300.png 225w, https:\/\/inclusivemap.ca\/wp-content\/uploads\/2025\/02\/IMG_7693-1152x1536.png 1152w, https:\/\/inclusivemap.ca\/wp-content\/uploads\/2025\/02\/IMG_7693-1536x2048.png 1536w, https:\/\/inclusivemap.ca\/wp-content\/uploads\/2025\/02\/IMG_7693-400x533.png 400w, https:\/\/inclusivemap.ca\/wp-content\/uploads\/2025\/02\/IMG_7693-1568x2091.png 1568w\" sizes=\"auto, (max-width: 768px) 100vw, 768px\" \/><\/figure>\n\n\n\n<figure class=\"wp-block-image size-full\"><img loading=\"lazy\" decoding=\"async\" width=\"488\" height=\"650\" data-id=\"4899\" src=\"https:\/\/inclusivemap.ca\/wp-content\/uploads\/2025\/02\/image005-1.jpg\" alt=\"\" class=\"wp-image-4899\" srcset=\"https:\/\/inclusivemap.ca\/wp-content\/uploads\/2025\/02\/image005-1.jpg 488w, https:\/\/inclusivemap.ca\/wp-content\/uploads\/2025\/02\/image005-1-225x300.jpg 225w, https:\/\/inclusivemap.ca\/wp-content\/uploads\/2025\/02\/image005-1-400x533.jpg 400w\" sizes=\"auto, (max-width: 488px) 100vw, 488px\" \/><\/figure>\n\n\n\n<figure class=\"wp-block-image size-large\"><img loading=\"lazy\" decoding=\"async\" width=\"1024\" height=\"768\" data-id=\"5072\" src=\"https:\/\/inclusivemap.ca\/wp-content\/uploads\/2025\/02\/image001-2-1024x768.jpg\" alt=\"\" class=\"wp-image-5072\" srcset=\"https:\/\/inclusivemap.ca\/wp-content\/uploads\/2025\/02\/image001-2-1024x768.jpg 1024w, https:\/\/inclusivemap.ca\/wp-content\/uploads\/2025\/02\/image001-2-300x225.jpg 300w, https:\/\/inclusivemap.ca\/wp-content\/uploads\/2025\/02\/image001-2-768x576.jpg 768w, https:\/\/inclusivemap.ca\/wp-content\/uploads\/2025\/02\/image001-2-400x300.jpg 400w, https:\/\/inclusivemap.ca\/wp-content\/uploads\/2025\/02\/image001-2.jpg 1269w\" sizes=\"auto, (max-width: 1024px) 100vw, 1024px\" \/><\/figure>\n<\/figure>\n\n<h2 class=\"wp-block-heading\">Nomination<\/h2>\n\n<ul class=\"wp-block-list\">\n<li>\u00c0 partir d\u2019avril 2025, Krista Best sera la chercheuse responsable de l&rsquo;\u00e9quipe Participation sociale ville inclusives (PSVI) ! F\u00e9licitations pour ce nouveau r\u00f4le passionnant!  <\/li>\n<\/ul>\n\n<h2 class=\"wp-block-heading\">Partenariats<\/h2>\n\n<ul class=\"wp-block-list\">\n<li>Nous sommes heureux d&rsquo;annoncer le nouveau partenariat entre UBC Athletics &amp; Recreation et le projet RAD. Dans le cadre de cette collaboration, la deuxi\u00e8me RAD Gearbox sera disponible au centre de loisirs de l&rsquo;UBC. Le lancement est pr\u00e9vu pour le 28 f\u00e9vrier, dans le but d&rsquo;am\u00e9liorer l&rsquo;accessibilit\u00e9 et la participation aux loisirs adapt\u00e9s.  <\/li>\n<\/ul>\n\n<h2 class=\"wp-block-heading\">Publications<\/h2>\n\n<ul class=\"wp-block-list\">\n<li>F\u00e9licitations \u00e0 l&rsquo;\u00e9quipe SWAN pour la publication r\u00e9cente du protocole intitul\u00e9 <em>The Stakeholders&rsquo; Walkability\/Wheelability Audit in Neighbourhoods (SWAN) : Protocol for a Mixed Methods Study.<\/em><\/li>\n<\/ul>\n\n<h2 class=\"wp-block-heading\">Subventions<\/h2>\n\n<ul class=\"wp-block-list\">\n<li>F\u00e9licitations \u00e0 l&rsquo;\u00e9quipe d&rsquo;Access to Fly qui a re\u00e7u une subvention de la fondation Craig H Nielsen pour soutenir les \u00e9tudiants avec des incapacit\u00e9s dans le projet.<\/li>\n<\/ul>\n\n<h2 class=\"wp-block-heading\">Conf\u00e9rence et \u00e9v\u00e9nements<\/h2>\n\n<ul class=\"wp-block-list\">\n<li>F\u00e9licitations aux membres de l&rsquo;\u00e9quipe MAP qui participeront \u00e0 la conf\u00e9rence de l&rsquo;AAATE \u00e0 Chypre (septembre 2025)! Nous avons h\u00e2te d&rsquo;entendre vos pr\u00e9sentations Fran\u00e7ois Routhier, Krista Lynn Best, Ben Mortenson, Alfiya Battalova, Alexandre Bled, Marie-H\u00e9l\u00e8ne Verret-Corriveau, B\u00e9rang\u00e8re Naud\u00e9 et Simon Tremblay-Turcotte! <\/li>\n\n\n\n<li> Le 18 octobre, un forum communautaire sur l&rsquo;accessibilit\u00e9 urbaine s&rsquo;est tenu au Bonsor Recreation Complex \u00e0 Burnaby, en Colombie-Britannique. Cet \u00e9v\u00e9nement a \u00e9t\u00e9 organis\u00e9 par l&rsquo;\u00e9quipe MAP-SWAN, Project Sidewalk, DemSCAPE, SFU Centre for Dialogue et SFU Civic Innovation Lab, en collaboration avec Happy Cities.  <\/li>\n\n\n\n<li>L&rsquo;\u00e9quipe de recherche RAD a pr\u00e9sent\u00e9 ses conclusions lors de la conf\u00e9rence de l&rsquo;ACRM en octobre 2024 dans une session Plein Feux (Spotlight), pr\u00e9sent\u00e9e par Pegah Derakhshan, soulignant l&rsquo;impact de l&rsquo;\u00e9quipement adapt\u00e9 sur la participation aux loisirs de plein air.<\/li>\n\n\n\n<li>Alfiya Battalova et Anu Pala ont pr\u00e9sent\u00e9 leurs travaux lors de la conf\u00e9rence annuelle KTDRR (Knowledge Translation for Disability and Rehabilitation Research) 2024 !<\/li>\n<\/ul>\n\n<div class=\"wp-block-buttons is-layout-flex wp-block-buttons-is-layout-flex\">\n<div class=\"wp-block-button has-custom-width wp-block-button__width-100\"><a class=\"wp-block-button__link wp-element-button\" href=\"https:\/\/inclusivemap.ca\/fr\/bulletin\/bulletin-dinformation-numero-5\/\">Retour a la newsletter<\/a><\/div>\n<\/div>\n","protected":false},"excerpt":{"rendered":"<p>Les membres de l&rsquo;\u00e9quipe MAP n&rsquo;ont pas ch\u00f4m\u00e9 ces derniers mois! En savoir plus sur les nouveaux partenariats, les pr\u00e9sentations de conf\u00e9rences, la mobilisation des connaissances, l&rsquo;attribution de subventions et bien d&rsquo;autres choses encore ! Nomination Partenariats Publications Subventions Conf\u00e9rence et \u00e9v\u00e9nements<\/p>\n","protected":false},"author":6,"featured_media":0,"parent":0,"menu_order":0,"comment_status":"closed","ping_status":"closed","template":"","meta":{"_acf_changed":false,"inline_featured_image":false,"footnotes":""},"publication_categories":[],"class_list":["post-5185","page","type-page","status-publish","hentry","entry"],"acf":[],"yoast_head":"<!-- This site is optimized with the Yoast SEO plugin v26.9 - https:\/\/yoast.com\/product\/yoast-seo-wordpress\/ -->\n<title>Nouvelles et annonces (bulletin d&#039;information n\u00b0 5) - Inclusivemap<\/title>\n<meta name=\"robots\" content=\"index, follow, max-snippet:-1, max-image-preview:large, max-video-preview:-1\" \/>\n<link rel=\"canonical\" href=\"https:\/\/inclusivemap.ca\/fr\/nouvelles-et-annonces-bulletin-dinformation-n-5\/\" \/>\n<meta property=\"og:locale\" content=\"fr_FR\" \/>\n<meta property=\"og:type\" content=\"article\" \/>\n<meta property=\"og:title\" content=\"Nouvelles et annonces (bulletin d&#039;information n\u00b0 5) - Inclusivemap\" \/>\n<meta property=\"og:description\" content=\"Les membres de l&rsquo;\u00e9quipe MAP n&rsquo;ont pas ch\u00f4m\u00e9 ces derniers mois! En savoir plus sur les nouveaux partenariats, les pr\u00e9sentations de conf\u00e9rences, la mobilisation des connaissances, l&rsquo;attribution de subventions et bien d&rsquo;autres choses encore ! Nomination Partenariats Publications Subventions Conf\u00e9rence et \u00e9v\u00e9nements\" \/>\n<meta property=\"og:url\" content=\"https:\/\/inclusivemap.ca\/fr\/nouvelles-et-annonces-bulletin-dinformation-n-5\/\" \/>\n<meta property=\"og:site_name\" content=\"Inclusivemap\" \/>\n<meta property=\"article:modified_time\" content=\"2025-04-10T17:13:18+00:00\" \/>\n<meta property=\"og:image\" content=\"https:\/\/inclusivemap.ca\/wp-content\/uploads\/2025\/02\/IMG_7693-768x1024.png\" \/>\n\t<meta property=\"og:image:width\" content=\"768\" \/>\n\t<meta property=\"og:image:height\" content=\"1024\" \/>\n\t<meta property=\"og:image:type\" content=\"image\/png\" \/>\n<meta name=\"twitter:card\" content=\"summary_large_image\" \/>\n<meta name=\"twitter:label1\" content=\"Dur\u00e9e de lecture estim\u00e9e\" \/>\n\t<meta name=\"twitter:data1\" content=\"2 minutes\" \/>\n<script type=\"application\/ld+json\" class=\"yoast-schema-graph\">{\"@context\":\"https:\/\/schema.org\",\"@graph\":[{\"@type\":\"WebPage\",\"@id\":\"https:\/\/inclusivemap.ca\/fr\/nouvelles-et-annonces-bulletin-dinformation-n-5\/\",\"url\":\"https:\/\/inclusivemap.ca\/fr\/nouvelles-et-annonces-bulletin-dinformation-n-5\/\",\"name\":\"Nouvelles et annonces (bulletin d'information n\u00b0 5) - Inclusivemap\",\"isPartOf\":{\"@id\":\"https:\/\/inclusivemap.ca\/fr\/#website\"},\"primaryImageOfPage\":{\"@id\":\"https:\/\/inclusivemap.ca\/fr\/nouvelles-et-annonces-bulletin-dinformation-n-5\/#primaryimage\"},\"image\":{\"@id\":\"https:\/\/inclusivemap.ca\/fr\/nouvelles-et-annonces-bulletin-dinformation-n-5\/#primaryimage\"},\"thumbnailUrl\":\"https:\/\/inclusivemap.ca\/wp-content\/uploads\/2025\/02\/IMG_7693-768x1024.png\",\"datePublished\":\"2025-02-25T01:15:13+00:00\",\"dateModified\":\"2025-04-10T17:13:18+00:00\",\"breadcrumb\":{\"@id\":\"https:\/\/inclusivemap.ca\/fr\/nouvelles-et-annonces-bulletin-dinformation-n-5\/#breadcrumb\"},\"inLanguage\":\"fr-FR\",\"potentialAction\":[{\"@type\":\"ReadAction\",\"target\":[\"https:\/\/inclusivemap.ca\/fr\/nouvelles-et-annonces-bulletin-dinformation-n-5\/\"]}]},{\"@type\":\"ImageObject\",\"inLanguage\":\"fr-FR\",\"@id\":\"https:\/\/inclusivemap.ca\/fr\/nouvelles-et-annonces-bulletin-dinformation-n-5\/#primaryimage\",\"url\":\"https:\/\/inclusivemap.ca\/wp-content\/uploads\/2025\/02\/IMG_7693-768x1024.png\",\"contentUrl\":\"https:\/\/inclusivemap.ca\/wp-content\/uploads\/2025\/02\/IMG_7693-768x1024.png\"},{\"@type\":\"BreadcrumbList\",\"@id\":\"https:\/\/inclusivemap.ca\/fr\/nouvelles-et-annonces-bulletin-dinformation-n-5\/#breadcrumb\",\"itemListElement\":[{\"@type\":\"ListItem\",\"position\":1,\"name\":\"Home\",\"item\":\"https:\/\/inclusivemap.ca\/fr\/\"},{\"@type\":\"ListItem\",\"position\":2,\"name\":\"Nouvelles et annonces (bulletin d&rsquo;information n\u00b0 5)\"}]},{\"@type\":\"WebSite\",\"@id\":\"https:\/\/inclusivemap.ca\/fr\/#website\",\"url\":\"https:\/\/inclusivemap.ca\/fr\/\",\"name\":\"Inclusivemap\",\"description\":\"MAP \u2013 Mobility | Access | Participation\",\"publisher\":{\"@id\":\"https:\/\/inclusivemap.ca\/fr\/#organization\"},\"potentialAction\":[{\"@type\":\"SearchAction\",\"target\":{\"@type\":\"EntryPoint\",\"urlTemplate\":\"https:\/\/inclusivemap.ca\/fr\/?s={search_term_string}\"},\"query-input\":{\"@type\":\"PropertyValueSpecification\",\"valueRequired\":true,\"valueName\":\"search_term_string\"}}],\"inLanguage\":\"fr-FR\"},{\"@type\":\"Organization\",\"@id\":\"https:\/\/inclusivemap.ca\/fr\/#organization\",\"name\":\"Inclusivemap\",\"url\":\"https:\/\/inclusivemap.ca\/fr\/\",\"logo\":{\"@type\":\"ImageObject\",\"inLanguage\":\"fr-FR\",\"@id\":\"https:\/\/inclusivemap.ca\/fr\/#\/schema\/logo\/image\/\",\"url\":\"https:\/\/inclusivemap.ca\/wp-content\/uploads\/2022\/07\/map_bigprint_lighterblue.png\",\"contentUrl\":\"https:\/\/inclusivemap.ca\/wp-content\/uploads\/2022\/07\/map_bigprint_lighterblue.png\",\"width\":8348,\"height\":4563,\"caption\":\"Inclusivemap\"},\"image\":{\"@id\":\"https:\/\/inclusivemap.ca\/fr\/#\/schema\/logo\/image\/\"}}]}<\/script>\n<!-- \/ Yoast SEO plugin. -->","yoast_head_json":{"title":"Nouvelles et annonces (bulletin d'information n\u00b0 5) - Inclusivemap","robots":{"index":"index","follow":"follow","max-snippet":"max-snippet:-1","max-image-preview":"max-image-preview:large","max-video-preview":"max-video-preview:-1"},"canonical":"https:\/\/inclusivemap.ca\/fr\/nouvelles-et-annonces-bulletin-dinformation-n-5\/","og_locale":"fr_FR","og_type":"article","og_title":"Nouvelles et annonces (bulletin d'information n\u00b0 5) - Inclusivemap","og_description":"Les membres de l&rsquo;\u00e9quipe MAP n&rsquo;ont pas ch\u00f4m\u00e9 ces derniers mois! En savoir plus sur les nouveaux partenariats, les pr\u00e9sentations de conf\u00e9rences, la mobilisation des connaissances, l&rsquo;attribution de subventions et bien d&rsquo;autres choses encore ! Nomination Partenariats Publications Subventions Conf\u00e9rence et \u00e9v\u00e9nements","og_url":"https:\/\/inclusivemap.ca\/fr\/nouvelles-et-annonces-bulletin-dinformation-n-5\/","og_site_name":"Inclusivemap","article_modified_time":"2025-04-10T17:13:18+00:00","og_image":[{"width":768,"height":1024,"url":"https:\/\/inclusivemap.ca\/wp-content\/uploads\/2025\/02\/IMG_7693-768x1024.png","type":"image\/png"}],"twitter_card":"summary_large_image","twitter_misc":{"Dur\u00e9e de lecture estim\u00e9e":"2 minutes"},"schema":{"@context":"https:\/\/schema.org","@graph":[{"@type":"WebPage","@id":"https:\/\/inclusivemap.ca\/fr\/nouvelles-et-annonces-bulletin-dinformation-n-5\/","url":"https:\/\/inclusivemap.ca\/fr\/nouvelles-et-annonces-bulletin-dinformation-n-5\/","name":"Nouvelles et annonces (bulletin d'information n\u00b0 5) - Inclusivemap","isPartOf":{"@id":"https:\/\/inclusivemap.ca\/fr\/#website"},"primaryImageOfPage":{"@id":"https:\/\/inclusivemap.ca\/fr\/nouvelles-et-annonces-bulletin-dinformation-n-5\/#primaryimage"},"image":{"@id":"https:\/\/inclusivemap.ca\/fr\/nouvelles-et-annonces-bulletin-dinformation-n-5\/#primaryimage"},"thumbnailUrl":"https:\/\/inclusivemap.ca\/wp-content\/uploads\/2025\/02\/IMG_7693-768x1024.png","datePublished":"2025-02-25T01:15:13+00:00","dateModified":"2025-04-10T17:13:18+00:00","breadcrumb":{"@id":"https:\/\/inclusivemap.ca\/fr\/nouvelles-et-annonces-bulletin-dinformation-n-5\/#breadcrumb"},"inLanguage":"fr-FR","potentialAction":[{"@type":"ReadAction","target":["https:\/\/inclusivemap.ca\/fr\/nouvelles-et-annonces-bulletin-dinformation-n-5\/"]}]},{"@type":"ImageObject","inLanguage":"fr-FR","@id":"https:\/\/inclusivemap.ca\/fr\/nouvelles-et-annonces-bulletin-dinformation-n-5\/#primaryimage","url":"https:\/\/inclusivemap.ca\/wp-content\/uploads\/2025\/02\/IMG_7693-768x1024.png","contentUrl":"https:\/\/inclusivemap.ca\/wp-content\/uploads\/2025\/02\/IMG_7693-768x1024.png"},{"@type":"BreadcrumbList","@id":"https:\/\/inclusivemap.ca\/fr\/nouvelles-et-annonces-bulletin-dinformation-n-5\/#breadcrumb","itemListElement":[{"@type":"ListItem","position":1,"name":"Home","item":"https:\/\/inclusivemap.ca\/fr\/"},{"@type":"ListItem","position":2,"name":"Nouvelles et annonces (bulletin d&rsquo;information n\u00b0 5)"}]},{"@type":"WebSite","@id":"https:\/\/inclusivemap.ca\/fr\/#website","url":"https:\/\/inclusivemap.ca\/fr\/","name":"Inclusivemap","description":"MAP \u2013 Mobility | Access | Participation","publisher":{"@id":"https:\/\/inclusivemap.ca\/fr\/#organization"},"potentialAction":[{"@type":"SearchAction","target":{"@type":"EntryPoint","urlTemplate":"https:\/\/inclusivemap.ca\/fr\/?s={search_term_string}"},"query-input":{"@type":"PropertyValueSpecification","valueRequired":true,"valueName":"search_term_string"}}],"inLanguage":"fr-FR"},{"@type":"Organization","@id":"https:\/\/inclusivemap.ca\/fr\/#organization","name":"Inclusivemap","url":"https:\/\/inclusivemap.ca\/fr\/","logo":{"@type":"ImageObject","inLanguage":"fr-FR","@id":"https:\/\/inclusivemap.ca\/fr\/#\/schema\/logo\/image\/","url":"https:\/\/inclusivemap.ca\/wp-content\/uploads\/2022\/07\/map_bigprint_lighterblue.png","contentUrl":"https:\/\/inclusivemap.ca\/wp-content\/uploads\/2022\/07\/map_bigprint_lighterblue.png","width":8348,"height":4563,"caption":"Inclusivemap"},"image":{"@id":"https:\/\/inclusivemap.ca\/fr\/#\/schema\/logo\/image\/"}}]}},"_links":{"self":[{"href":"https:\/\/inclusivemap.ca\/fr\/wp-json\/wp\/v2\/pages\/5185","targetHints":{"allow":["GET"]}}],"collection":[{"href":"https:\/\/inclusivemap.ca\/fr\/wp-json\/wp\/v2\/pages"}],"about":[{"href":"https:\/\/inclusivemap.ca\/fr\/wp-json\/wp\/v2\/types\/page"}],"author":[{"embeddable":true,"href":"https:\/\/inclusivemap.ca\/fr\/wp-json\/wp\/v2\/users\/6"}],"replies":[{"embeddable":true,"href":"https:\/\/inclusivemap.ca\/fr\/wp-json\/wp\/v2\/comments?post=5185"}],"version-history":[{"count":14,"href":"https:\/\/inclusivemap.ca\/fr\/wp-json\/wp\/v2\/pages\/5185\/revisions"}],"predecessor-version":[{"id":5339,"href":"https:\/\/inclusivemap.ca\/fr\/wp-json\/wp\/v2\/pages\/5185\/revisions\/5339"}],"wp:attachment":[{"href":"https:\/\/inclusivemap.ca\/fr\/wp-json\/wp\/v2\/media?parent=5185"}],"wp:term":[{"taxonomy":"publication_categories","embeddable":true,"href":"https:\/\/inclusivemap.ca\/fr\/wp-json\/wp\/v2\/publication_categories?post=5185"}],"curies":[{"name":"wp","href":"https:\/\/api.w.org\/{rel}","templated":true}]}}