{"id":5216,"date":"2025-03-25T03:27:48","date_gmt":"2025-03-25T03:27:48","guid":{"rendered":"https:\/\/inclusivemap.ca\/nouvelles-ressources-et-publications\/"},"modified":"2025-11-24T14:55:10","modified_gmt":"2025-11-24T14:55:10","slug":"nouvelles-ressources-et-publications","status":"publish","type":"page","link":"https:\/\/inclusivemap.ca\/fr\/nouvelles-ressources-et-publications\/","title":{"rendered":"Nouvelles ressources et publications"},"content":{"rendered":"\n<figure class=\"wp-block-image size-large\"><img decoding=\"async\" src=\"https:\/\/inclusivemap.ca\/wp-content\/uploads\/2025\/03\/Knowledge-Transfer-1-1024x1024.png\" alt=\"MAP Knowledge translation, y compris des affiches, du contenu \u00e9crit, de la musique, des podcasts et des vid\u00e9os!\" class=\"wp-image-5004\"\/><figcaption class=\"wp-element-caption\">MAP Knowledge translation, y compris des affiches, du contenu \u00e9crit, de la musique, des podcasts et des vid\u00e9os!<\/figcaption><\/figure>\n\n\n\n<h2 class=\"wp-block-heading\">Contenu \u00e9crit<\/h2>\n\n\n\n<ul class=\"wp-block-list\">\n<li>\u00ab Rapport sur les r\u00e9sultats du forum communautaire SWAN sur l\u2019accessibilit\u00e9 urbaine et les fa\u00e7ons de promouvoir des environnements inclusifs: <a href=\"https:\/\/www.sfu.ca\/content\/dam\/sfu\/inclusive-environments-lab\/Presentations\/BurnabyCommunityForum\/UrbanAccessibilityForumReport0207.pdf\" target=\"_blank\" rel=\"noreferrer noopener\">Urban accessibility: Promoting inclusive environments Community forum summary (January 2025)<\/a><\/li>\n\n\n\n<li>Article de presse:<a href=\"https:\/\/inclusivemap.ca\/fr\/les-questions-de-securite-dans-les-quartiers-et-au-dela-points-de-vue-des-aines-en-tant-que-membres-de-la-communaute\/\"> Les Questions de S\u00e9curit\u00e9 dans les Quartiers et au-del\u00e0 : Points de vue des A\u00een\u00e9s en tant que Membres de la Communaut\u00e9<\/a> <\/li>\n\n\n\n<li>L\u2019\u00e9quipe SWAN a publi\u00e9 le protocole de leur devis mixte dans le journal JMIR Publications: The Stakeholders\u2019 Walkability\/Wheelability Audit in Neighbourhoods (SWAN): Protocol for a Mixed Methods StudyJMIR Research Protocols. 05\/12\/2024:60553 (forthcoming\/in press)DOI:<a href=\"https:\/\/doi.org\/10.2196\/60553\" target=\"_blank\" rel=\"noreferrer noopener\"> 10.2196\/60553<\/a><\/li>\n<\/ul>\n\n\n\n<h2 class=\"wp-block-heading\">M\u00e9dias<\/h2>\n\n\n\n<ul class=\"wp-block-list\">\n<li>Le podcast, disponible seulement en anglais, s\u2019intitule: Our Voices: Disability through a lens of public engagement: <a href=\"https:\/\/www.youtube.com\/playlist?list=PLx4j52CxiijH2RiqI06dersmYYwj-DqNF\" target=\"_blank\" rel=\"noreferrer noopener\">\u00e9pisodes 1 \u00e0 4 du podcast.<\/a><\/li>\n\n\n\n<li>On the Move Advocating for Access: vid\u00e9o <a href=\"https:\/\/www.youtube.com\/watch?v=loOt0KODkrg&amp;t=29s\" target=\"_blank\" rel=\"noreferrer noopener\">version courte<\/a> et <a href=\"https:\/\/www.youtube.com\/watch?v=H47sQVGMwfk\" target=\"_blank\" rel=\"noreferrer noopener\">version longue<\/a><\/li>\n<\/ul>\n\n\n\n<h2 class=\"wp-block-heading\">\u00c9v\u00e9nements<\/h2>\n\n\n\n<ul class=\"wp-block-list\">\n<li>Forum communautaire SWAN sur l&rsquo;accessibilit\u00e9 urbaine \u00e0 Burnaby, BC. <a href=\"https:\/\/inclusivemap.ca\/fr\/retour-sur-le-forum-communautaire-swan-2024\/\">LIRE LA SUITE<\/a><\/li>\n\n\n\n<li>Pr\u00e9sentation de la mobilisation de connaissance avec Alfiya Battalova et Anu Pala : <a href=\"https:\/\/www.youtube.com\/watch?v=7XCmZG0ldQ8\" target=\"_blank\" rel=\"noreferrer noopener\">Le podcast, disponible seulement en anglais, s\u2019intitule: Our Voices. Expanding the Reach and Deepening Conversations through Podcasting | 2024 KT Conference <\/a><\/li>\n<\/ul>\n\n\n\n<div class=\"wp-block-buttons is-layout-flex wp-block-buttons-is-layout-flex\">\n<div class=\"wp-block-button has-custom-width wp-block-button__width-100\"><a class=\"wp-block-button__link wp-element-button\" href=\"https:\/\/inclusivemap.ca\/fr\/bulletin\/bulletin-dinformation-numero-5\/\">Retour a la newsletter<\/a><\/div>\n<\/div>\n","protected":false},"excerpt":{"rendered":"<p>Contenu \u00e9crit M\u00e9dias \u00c9v\u00e9nements<\/p>\n","protected":false},"author":6,"featured_media":0,"parent":0,"menu_order":0,"comment_status":"closed","ping_status":"closed","template":"","meta":{"_acf_changed":false,"inline_featured_image":false,"footnotes":""},"publication_categories":[],"class_list":["post-5216","page","type-page","status-publish","hentry","entry"],"acf":[],"yoast_head":"<!-- This site is optimized with the Yoast SEO plugin v26.9 - https:\/\/yoast.com\/product\/yoast-seo-wordpress\/ -->\n<title>Nouvelles ressources et publications - Inclusivemap<\/title>\n<meta name=\"robots\" content=\"index, follow, max-snippet:-1, max-image-preview:large, max-video-preview:-1\" \/>\n<link rel=\"canonical\" href=\"https:\/\/inclusivemap.ca\/fr\/nouvelles-ressources-et-publications\/\" \/>\n<meta property=\"og:locale\" content=\"fr_FR\" \/>\n<meta property=\"og:type\" content=\"article\" \/>\n<meta property=\"og:title\" content=\"Nouvelles ressources et publications - Inclusivemap\" \/>\n<meta property=\"og:description\" content=\"Contenu \u00e9crit M\u00e9dias \u00c9v\u00e9nements\" \/>\n<meta property=\"og:url\" content=\"https:\/\/inclusivemap.ca\/fr\/nouvelles-ressources-et-publications\/\" \/>\n<meta property=\"og:site_name\" content=\"Inclusivemap\" \/>\n<meta property=\"article:modified_time\" content=\"2025-11-24T14:55:10+00:00\" \/>\n<meta property=\"og:image\" content=\"https:\/\/inclusivemap.ca\/wp-content\/uploads\/2025\/02\/1.png\" \/>\n\t<meta property=\"og:image:width\" content=\"1080\" \/>\n\t<meta property=\"og:image:height\" content=\"1080\" \/>\n\t<meta property=\"og:image:type\" content=\"image\/png\" \/>\n<meta name=\"twitter:card\" content=\"summary_large_image\" \/>\n<meta name=\"twitter:label1\" content=\"Dur\u00e9e de lecture estim\u00e9e\" \/>\n\t<meta name=\"twitter:data1\" content=\"2 minutes\" \/>\n<script type=\"application\/ld+json\" class=\"yoast-schema-graph\">{\"@context\":\"https:\/\/schema.org\",\"@graph\":[{\"@type\":\"WebPage\",\"@id\":\"https:\/\/inclusivemap.ca\/fr\/nouvelles-ressources-et-publications\/\",\"url\":\"https:\/\/inclusivemap.ca\/fr\/nouvelles-ressources-et-publications\/\",\"name\":\"Nouvelles ressources et publications - Inclusivemap\",\"isPartOf\":{\"@id\":\"https:\/\/inclusivemap.ca\/fr\/#website\"},\"primaryImageOfPage\":{\"@id\":\"https:\/\/inclusivemap.ca\/fr\/nouvelles-ressources-et-publications\/#primaryimage\"},\"image\":{\"@id\":\"https:\/\/inclusivemap.ca\/fr\/nouvelles-ressources-et-publications\/#primaryimage\"},\"thumbnailUrl\":\"https:\/\/inclusivemap.ca\/wp-content\/uploads\/2025\/03\/Knowledge-Transfer-1-1024x1024.png\",\"datePublished\":\"2025-03-25T03:27:48+00:00\",\"dateModified\":\"2025-11-24T14:55:10+00:00\",\"breadcrumb\":{\"@id\":\"https:\/\/inclusivemap.ca\/fr\/nouvelles-ressources-et-publications\/#breadcrumb\"},\"inLanguage\":\"fr-FR\",\"potentialAction\":[{\"@type\":\"ReadAction\",\"target\":[\"https:\/\/inclusivemap.ca\/fr\/nouvelles-ressources-et-publications\/\"]}]},{\"@type\":\"ImageObject\",\"inLanguage\":\"fr-FR\",\"@id\":\"https:\/\/inclusivemap.ca\/fr\/nouvelles-ressources-et-publications\/#primaryimage\",\"url\":\"https:\/\/inclusivemap.ca\/wp-content\/uploads\/2025\/03\/Knowledge-Transfer-1-1024x1024.png\",\"contentUrl\":\"https:\/\/inclusivemap.ca\/wp-content\/uploads\/2025\/03\/Knowledge-Transfer-1-1024x1024.png\"},{\"@type\":\"BreadcrumbList\",\"@id\":\"https:\/\/inclusivemap.ca\/fr\/nouvelles-ressources-et-publications\/#breadcrumb\",\"itemListElement\":[{\"@type\":\"ListItem\",\"position\":1,\"name\":\"Home\",\"item\":\"https:\/\/inclusivemap.ca\/fr\/\"},{\"@type\":\"ListItem\",\"position\":2,\"name\":\"Nouvelles ressources et publications\"}]},{\"@type\":\"WebSite\",\"@id\":\"https:\/\/inclusivemap.ca\/fr\/#website\",\"url\":\"https:\/\/inclusivemap.ca\/fr\/\",\"name\":\"Inclusivemap\",\"description\":\"MAP \u2013 Mobility | Access | Participation\",\"publisher\":{\"@id\":\"https:\/\/inclusivemap.ca\/fr\/#organization\"},\"potentialAction\":[{\"@type\":\"SearchAction\",\"target\":{\"@type\":\"EntryPoint\",\"urlTemplate\":\"https:\/\/inclusivemap.ca\/fr\/?s={search_term_string}\"},\"query-input\":{\"@type\":\"PropertyValueSpecification\",\"valueRequired\":true,\"valueName\":\"search_term_string\"}}],\"inLanguage\":\"fr-FR\"},{\"@type\":\"Organization\",\"@id\":\"https:\/\/inclusivemap.ca\/fr\/#organization\",\"name\":\"Inclusivemap\",\"url\":\"https:\/\/inclusivemap.ca\/fr\/\",\"logo\":{\"@type\":\"ImageObject\",\"inLanguage\":\"fr-FR\",\"@id\":\"https:\/\/inclusivemap.ca\/fr\/#\/schema\/logo\/image\/\",\"url\":\"https:\/\/inclusivemap.ca\/wp-content\/uploads\/2022\/07\/map_bigprint_lighterblue.png\",\"contentUrl\":\"https:\/\/inclusivemap.ca\/wp-content\/uploads\/2022\/07\/map_bigprint_lighterblue.png\",\"width\":8348,\"height\":4563,\"caption\":\"Inclusivemap\"},\"image\":{\"@id\":\"https:\/\/inclusivemap.ca\/fr\/#\/schema\/logo\/image\/\"}}]}<\/script>\n<!-- \/ Yoast SEO plugin. -->","yoast_head_json":{"title":"Nouvelles ressources et publications - Inclusivemap","robots":{"index":"index","follow":"follow","max-snippet":"max-snippet:-1","max-image-preview":"max-image-preview:large","max-video-preview":"max-video-preview:-1"},"canonical":"https:\/\/inclusivemap.ca\/fr\/nouvelles-ressources-et-publications\/","og_locale":"fr_FR","og_type":"article","og_title":"Nouvelles ressources et publications - Inclusivemap","og_description":"Contenu \u00e9crit M\u00e9dias \u00c9v\u00e9nements","og_url":"https:\/\/inclusivemap.ca\/fr\/nouvelles-ressources-et-publications\/","og_site_name":"Inclusivemap","article_modified_time":"2025-11-24T14:55:10+00:00","og_image":[{"width":1080,"height":1080,"url":"https:\/\/inclusivemap.ca\/wp-content\/uploads\/2025\/02\/1.png","type":"image\/png"}],"twitter_card":"summary_large_image","twitter_misc":{"Dur\u00e9e de lecture estim\u00e9e":"2 minutes"},"schema":{"@context":"https:\/\/schema.org","@graph":[{"@type":"WebPage","@id":"https:\/\/inclusivemap.ca\/fr\/nouvelles-ressources-et-publications\/","url":"https:\/\/inclusivemap.ca\/fr\/nouvelles-ressources-et-publications\/","name":"Nouvelles ressources et publications - Inclusivemap","isPartOf":{"@id":"https:\/\/inclusivemap.ca\/fr\/#website"},"primaryImageOfPage":{"@id":"https:\/\/inclusivemap.ca\/fr\/nouvelles-ressources-et-publications\/#primaryimage"},"image":{"@id":"https:\/\/inclusivemap.ca\/fr\/nouvelles-ressources-et-publications\/#primaryimage"},"thumbnailUrl":"https:\/\/inclusivemap.ca\/wp-content\/uploads\/2025\/03\/Knowledge-Transfer-1-1024x1024.png","datePublished":"2025-03-25T03:27:48+00:00","dateModified":"2025-11-24T14:55:10+00:00","breadcrumb":{"@id":"https:\/\/inclusivemap.ca\/fr\/nouvelles-ressources-et-publications\/#breadcrumb"},"inLanguage":"fr-FR","potentialAction":[{"@type":"ReadAction","target":["https:\/\/inclusivemap.ca\/fr\/nouvelles-ressources-et-publications\/"]}]},{"@type":"ImageObject","inLanguage":"fr-FR","@id":"https:\/\/inclusivemap.ca\/fr\/nouvelles-ressources-et-publications\/#primaryimage","url":"https:\/\/inclusivemap.ca\/wp-content\/uploads\/2025\/03\/Knowledge-Transfer-1-1024x1024.png","contentUrl":"https:\/\/inclusivemap.ca\/wp-content\/uploads\/2025\/03\/Knowledge-Transfer-1-1024x1024.png"},{"@type":"BreadcrumbList","@id":"https:\/\/inclusivemap.ca\/fr\/nouvelles-ressources-et-publications\/#breadcrumb","itemListElement":[{"@type":"ListItem","position":1,"name":"Home","item":"https:\/\/inclusivemap.ca\/fr\/"},{"@type":"ListItem","position":2,"name":"Nouvelles ressources et publications"}]},{"@type":"WebSite","@id":"https:\/\/inclusivemap.ca\/fr\/#website","url":"https:\/\/inclusivemap.ca\/fr\/","name":"Inclusivemap","description":"MAP \u2013 Mobility | Access | Participation","publisher":{"@id":"https:\/\/inclusivemap.ca\/fr\/#organization"},"potentialAction":[{"@type":"SearchAction","target":{"@type":"EntryPoint","urlTemplate":"https:\/\/inclusivemap.ca\/fr\/?s={search_term_string}"},"query-input":{"@type":"PropertyValueSpecification","valueRequired":true,"valueName":"search_term_string"}}],"inLanguage":"fr-FR"},{"@type":"Organization","@id":"https:\/\/inclusivemap.ca\/fr\/#organization","name":"Inclusivemap","url":"https:\/\/inclusivemap.ca\/fr\/","logo":{"@type":"ImageObject","inLanguage":"fr-FR","@id":"https:\/\/inclusivemap.ca\/fr\/#\/schema\/logo\/image\/","url":"https:\/\/inclusivemap.ca\/wp-content\/uploads\/2022\/07\/map_bigprint_lighterblue.png","contentUrl":"https:\/\/inclusivemap.ca\/wp-content\/uploads\/2022\/07\/map_bigprint_lighterblue.png","width":8348,"height":4563,"caption":"Inclusivemap"},"image":{"@id":"https:\/\/inclusivemap.ca\/fr\/#\/schema\/logo\/image\/"}}]}},"_links":{"self":[{"href":"https:\/\/inclusivemap.ca\/fr\/wp-json\/wp\/v2\/pages\/5216","targetHints":{"allow":["GET"]}}],"collection":[{"href":"https:\/\/inclusivemap.ca\/fr\/wp-json\/wp\/v2\/pages"}],"about":[{"href":"https:\/\/inclusivemap.ca\/fr\/wp-json\/wp\/v2\/types\/page"}],"author":[{"embeddable":true,"href":"https:\/\/inclusivemap.ca\/fr\/wp-json\/wp\/v2\/users\/6"}],"replies":[{"embeddable":true,"href":"https:\/\/inclusivemap.ca\/fr\/wp-json\/wp\/v2\/comments?post=5216"}],"version-history":[{"count":12,"href":"https:\/\/inclusivemap.ca\/fr\/wp-json\/wp\/v2\/pages\/5216\/revisions"}],"predecessor-version":[{"id":6134,"href":"https:\/\/inclusivemap.ca\/fr\/wp-json\/wp\/v2\/pages\/5216\/revisions\/6134"}],"wp:attachment":[{"href":"https:\/\/inclusivemap.ca\/fr\/wp-json\/wp\/v2\/media?parent=5216"}],"wp:term":[{"taxonomy":"publication_categories","embeddable":true,"href":"https:\/\/inclusivemap.ca\/fr\/wp-json\/wp\/v2\/publication_categories?post=5216"}],"curies":[{"name":"wp","href":"https:\/\/api.w.org\/{rel}","templated":true}]}}