{"id":5692,"date":"2025-09-12T23:13:05","date_gmt":"2025-09-12T23:13:05","guid":{"rendered":"https:\/\/inclusivemap.ca\/?page_id=5692"},"modified":"2025-10-16T20:13:02","modified_gmt":"2025-10-16T20:13:02","slug":"rendez-vous-avec-letitia-zhu","status":"publish","type":"page","link":"https:\/\/inclusivemap.ca\/fr\/rendez-vous-avec-letitia-zhu\/","title":{"rendered":"Rendez-Vous Avec Letitia Zhu"},"content":{"rendered":"\n<div class=\"wp-block-media-text is-stacked-on-mobile\" style=\"grid-template-columns:35% auto\"><figure class=\"wp-block-media-text__media\"><img loading=\"lazy\" decoding=\"async\" width=\"1024\" height=\"1024\" src=\"https:\/\/inclusivemap.ca\/wp-content\/uploads\/2025\/09\/Letitia_Photograph-1024x1024.jpg\" alt=\"headshot of Letitia Zhu\" class=\"wp-image-5681 size-full\" srcset=\"https:\/\/inclusivemap.ca\/wp-content\/uploads\/2025\/09\/Letitia_Photograph-1024x1024.jpg 1024w, https:\/\/inclusivemap.ca\/wp-content\/uploads\/2025\/09\/Letitia_Photograph-300x300.jpg 300w, https:\/\/inclusivemap.ca\/wp-content\/uploads\/2025\/09\/Letitia_Photograph-150x150.jpg 150w, https:\/\/inclusivemap.ca\/wp-content\/uploads\/2025\/09\/Letitia_Photograph-768x768.jpg 768w, https:\/\/inclusivemap.ca\/wp-content\/uploads\/2025\/09\/Letitia_Photograph-1536x1536.jpg 1536w, https:\/\/inclusivemap.ca\/wp-content\/uploads\/2025\/09\/Letitia_Photograph-400x400.jpg 400w, https:\/\/inclusivemap.ca\/wp-content\/uploads\/2025\/09\/Letitia_Photograph-1568x1568.jpg 1568w, https:\/\/inclusivemap.ca\/wp-content\/uploads\/2025\/09\/Letitia_Photograph-80x80.jpg 80w, https:\/\/inclusivemap.ca\/wp-content\/uploads\/2025\/09\/Letitia_Photograph.jpg 1788w\" sizes=\"auto, (max-width: 1024px) 100vw, 1024px\" \/><\/figure><div class=\"wp-block-media-text__content\">\n<p><strong>Nom :<\/strong> Letitia Zhu<\/p>\n\n\n\n<p><strong>R\u00f4le :<\/strong> Je suis coordinatrice du projet MAP-SWAN (Stakeholders\u2019 Walkability\/Wheelability Audit in Neighbourhoods) au Simon Fraser University.<\/p>\n<\/div><\/div>\n\n\n\n<p><strong>1) D&rsquo;o\u00f9 venez-vous et o\u00f9 avez-vous \u00e9tudi\u00e9 ?<\/strong> <\/p>\n\n\n\n<p>Je suis originaire de Chine et je vis actuellement \u00e0 Vancouver o\u00f9 je pr\u00e9pare un doctorat en g\u00e9rontologie \u00e0 l&rsquo;universit\u00e9 Simon Fraser.<\/p>\n\n\n\n<p><strong>2) Qu&rsquo;est-ce qui vous motive \u00e0 rendre le monde plus accessible ?<\/strong> <\/p>\n\n\n\n<p>Ma motivation vient \u00e0 la fois de mon exp\u00e9rience personnelle et de mon parcours universitaire. Dans la vie quotidienne, j&rsquo;ai vu des personnes \u00e2g\u00e9es en fauteuil roulant se renverser sur les trottoirs et d&rsquo;autres avoir du mal \u00e0 se lever des si\u00e8ges du m\u00e9tro a\u00e9rien. Ces situations r\u00e9elles soulignent l&rsquo;importance de l&rsquo;accessibilit\u00e9. Sur le plan universitaire, ma formation en ing\u00e9nierie et en conception m&rsquo;a appris \u00e0 r\u00e9fl\u00e9chir de mani\u00e8re critique \u00e0 la conception universelle et \u00e0 l&rsquo;ergonomie, en me demandant constamment ce qui rend une conception fonctionnelle pour tous.<\/p>\n\n\n\n<p><strong>3) Dans un langage simple, d\u00e9crivez votre projet de recherche\/le projet auquel vous collaborez.<\/strong><\/p>\n\n\n\n<p>Je travaille avec le laboratoire \u00ab&nbsp;Inclusive Environments&nbsp;\u00bb de Dr Atiya Mahmood sur des projets ax\u00e9s sur la mobilit\u00e9, l&rsquo;accessibilit\u00e9, la participation et l&rsquo;environnement b\u00e2ti, auxquels s&rsquo;ajoute depuis peu la dimension climatique. \u00c0 l&rsquo;aide de m\u00e9thodes impliquant la communaut\u00e9, nos recherches se concentrent sur les personnes \u00e2g\u00e9es et les personnes ayant des incapacit\u00e9s.<\/p>\n\n\n\n<p><strong>4) Quels sont vos talents cach\u00e9s et vos plus grandes qualit\u00e9s ?<\/strong><\/p>\n\n\n\n<p>Mon talent cach\u00e9 est que j&rsquo;ai d\u00e9j\u00e0 particip\u00e9 \u00e0 des comp\u00e9titions de gymnastique rythmique et d&rsquo;a\u00e9robic. Pendant mes \u00e9tudes de premier cycle, j&rsquo;\u00e9tais \u00e9galement tr\u00e8s passionn\u00e9e par la chimie, ce qui fait que de passer du lavage des tubes \u00e0 essai et \u00e0 la conception, et maintenant \u00e0 discuter avec les gens, est un changement amusant. Et ma plus grande qualit\u00e9, je suppose, est d&rsquo;\u00eatre tr\u00e8s efficace dans mon travail et de rester stable sur le plan \u00e9motionnel.<\/p>\n\n\n\n<p><strong>5) Quelle est la meilleure fa\u00e7on de se faire sourire ? <\/strong><\/p>\n\n\n\n<p>Je suis quelqu&rsquo;un qui rit facilement dans la vie de tous les jours, mais une chose qui me fait toujours rire aux \u00e9clats, c&rsquo;est de recevoir beaucoup d&rsquo;argent!<\/p>\n\n\n\n<p><strong>6) Qu&rsquo;aimez-vous faire pendant vos loisirs ?<\/strong><\/p>\n\n\n\n<p>Pour \u00eatre tout \u00e0 fait honn\u00eate, pendant mon temps libre, j&rsquo;aime rattraper mon sommeil et cuisiner. J&rsquo;aime pr\u00e9parer de bons petits plats pour moi et mes amis.<\/p>\n\n\n\n<p><strong>7) Quel endroit du monde r\u00eavez-vous de visiter ?<\/strong><\/p>\n\n\n\n<p>Je suis une grande amatrice de voyages et, honn\u00eatement, le monde est trop vaste pour n&rsquo;avoir qu&rsquo;une seule destination de r\u00eave, mais en t\u00eate de ma liste se trouve l&rsquo;Am\u00e9rique du Sud, en particulier les chutes d&rsquo;Iguazu, que je meurs d&rsquo;envie de voir.<\/p>\n\n\n\n<p><strong>8) Quel est le livre que vous avez lu ou le film que vous avez regard\u00e9 qui vous a le plus inspir\u00e9\/marqu\u00e9 ? <\/strong><\/p>\n\n\n\n<p>Il existe tant d&rsquo;excellents livres dans le monde, mais celui qui m&rsquo;a vraiment influenc\u00e9 est What Life Should Mean to You (Ce que la vie devrait signifier pour vous) d&rsquo;Alfred Adler. Bien que je l&rsquo;aie lu il y a plusieurs ann\u00e9es, il a remodel\u00e9 ma fa\u00e7on de penser sur le sens de la vie. Pour moi, apporter une petite contribution au progr\u00e8s ou au bien-\u00eatre de l&rsquo;humanit\u00e9 rend la vie digne d&rsquo;\u00eatre v\u00e9cue. J&rsquo;esp\u00e8re que mes recherches et ma carri\u00e8re peuvent y contribuer. C&rsquo;est devenu mon objectif dans la vie, et c&rsquo;est ce vers quoi je continue de tendre.<\/p>\n\n\n\n<p><strong>9) Si vous pouviez d\u00eener avec un chercheur\/scientifique\/clinicien\/personne connu, qui serait-il et pourquoi ?<\/strong><\/p>\n\n\n\n<p>Je choisirais Rowe JW. Bien que le concept de \u00ab vieillissement r\u00e9ussi \u00bb qu&rsquo;il a propos\u00e9 en 1997 ait ensuite \u00e9t\u00e9 largement critiqu\u00e9, il \u00e9tait vraiment r\u00e9volutionnaire \u00e0 l&rsquo;\u00e9poque et est devenu la pierre angulaire \u00e0 partir de laquelle de nombreuses recherches ult\u00e9rieures se sont d\u00e9velopp\u00e9es. J&rsquo;aimerais savoir ce qui a inspir\u00e9 ses id\u00e9es lorsqu&rsquo;il a pr\u00e9sent\u00e9 ce concept pour la premi\u00e8re fois, ce qu&rsquo;il a ressenti lorsqu&rsquo;il a ensuite critiqu\u00e9 son propre travail et, s&rsquo;il \u00e9tait encore en vie aujourd&rsquo;hui, quelles nouvelles orientations il envisagerait pour ce domaine.<\/p>\n\n\n\n<div class=\"wp-block-buttons alignwide is-layout-flex wp-block-buttons-is-layout-flex\">\n<div class=\"wp-block-button has-custom-width wp-block-button__width-50 aligncenter is-style-outline is-style-outline--1\"><a class=\"wp-block-button__link has-primary-color has-tertiary-background-color has-text-color has-background has-small-font-size has-custom-font-size wp-element-button\" href=\"https:\/\/inclusivemap.ca\/fr\/bulletin\/bulletin-dinformation-numero-6\/\">Retour a la newsletter<\/a><\/div>\n<\/div>\n\n\n\n<p><\/p>\n","protected":false},"excerpt":{"rendered":"<p>Nom : Letitia Zhu R\u00f4le : Je suis coordinatrice du projet MAP-SWAN (Stakeholders\u2019 Walkability\/Wheelability Audit in Neighbourhoods) au Simon Fraser University. 1) D&rsquo;o\u00f9 venez-vous et o\u00f9 avez-vous \u00e9tudi\u00e9 ? Je suis originaire de Chine et je vis actuellement \u00e0 Vancouver o\u00f9 je pr\u00e9pare un doctorat en g\u00e9rontologie \u00e0 l&rsquo;universit\u00e9 Simon Fraser. 2) Qu&rsquo;est-ce qui vous<a class=\"more-link\" href=\"https:\/\/inclusivemap.ca\/fr\/rendez-vous-avec-letitia-zhu\/\">Poursuivre la lecture de <span class=\"screen-reader-text\">\u00ab\u00a0Rendez-Vous Avec Letitia Zhu\u00a0\u00bb<\/span><\/a><\/p>\n","protected":false},"author":6,"featured_media":0,"parent":0,"menu_order":0,"comment_status":"closed","ping_status":"closed","template":"","meta":{"_acf_changed":false,"inline_featured_image":false,"footnotes":""},"publication_categories":[],"class_list":["post-5692","page","type-page","status-publish","hentry","entry"],"acf":[],"yoast_head":"<!-- This site is optimized with the Yoast SEO plugin v26.9 - https:\/\/yoast.com\/product\/yoast-seo-wordpress\/ -->\n<title>Rendez-Vous Avec Letitia Zhu - Inclusivemap<\/title>\n<meta name=\"robots\" content=\"index, follow, max-snippet:-1, max-image-preview:large, max-video-preview:-1\" \/>\n<link rel=\"canonical\" href=\"https:\/\/inclusivemap.ca\/fr\/rendez-vous-avec-letitia-zhu\/\" \/>\n<meta property=\"og:locale\" content=\"fr_FR\" \/>\n<meta property=\"og:type\" content=\"article\" \/>\n<meta property=\"og:title\" content=\"Rendez-Vous Avec Letitia Zhu - Inclusivemap\" \/>\n<meta property=\"og:description\" content=\"Nom : Letitia Zhu R\u00f4le : Je suis coordinatrice du projet MAP-SWAN (Stakeholders\u2019 Walkability\/Wheelability Audit in Neighbourhoods) au Simon Fraser University. 1) D&rsquo;o\u00f9 venez-vous et o\u00f9 avez-vous \u00e9tudi\u00e9 ? Je suis originaire de Chine et je vis actuellement \u00e0 Vancouver o\u00f9 je pr\u00e9pare un doctorat en g\u00e9rontologie \u00e0 l&rsquo;universit\u00e9 Simon Fraser. 2) Qu&rsquo;est-ce qui vousPoursuivre la lecture de &quot;Rendez-Vous Avec Letitia Zhu&quot;\" \/>\n<meta property=\"og:url\" content=\"https:\/\/inclusivemap.ca\/fr\/rendez-vous-avec-letitia-zhu\/\" \/>\n<meta property=\"og:site_name\" content=\"Inclusivemap\" \/>\n<meta property=\"article:modified_time\" content=\"2025-10-16T20:13:02+00:00\" \/>\n<meta property=\"og:image\" content=\"https:\/\/inclusivemap.ca\/wp-content\/uploads\/2025\/09\/Letitia_Photograph.jpg\" \/>\n\t<meta property=\"og:image:width\" content=\"1788\" \/>\n\t<meta property=\"og:image:height\" content=\"1788\" \/>\n\t<meta property=\"og:image:type\" content=\"image\/jpeg\" \/>\n<meta name=\"twitter:card\" content=\"summary_large_image\" \/>\n<meta name=\"twitter:label1\" content=\"Dur\u00e9e de lecture estim\u00e9e\" \/>\n\t<meta name=\"twitter:data1\" content=\"4 minutes\" \/>\n<script type=\"application\/ld+json\" class=\"yoast-schema-graph\">{\"@context\":\"https:\/\/schema.org\",\"@graph\":[{\"@type\":\"WebPage\",\"@id\":\"https:\/\/inclusivemap.ca\/fr\/rendez-vous-avec-letitia-zhu\/\",\"url\":\"https:\/\/inclusivemap.ca\/fr\/rendez-vous-avec-letitia-zhu\/\",\"name\":\"Rendez-Vous Avec Letitia Zhu - Inclusivemap\",\"isPartOf\":{\"@id\":\"https:\/\/inclusivemap.ca\/fr\/#website\"},\"primaryImageOfPage\":{\"@id\":\"https:\/\/inclusivemap.ca\/fr\/rendez-vous-avec-letitia-zhu\/#primaryimage\"},\"image\":{\"@id\":\"https:\/\/inclusivemap.ca\/fr\/rendez-vous-avec-letitia-zhu\/#primaryimage\"},\"thumbnailUrl\":\"https:\/\/inclusivemap.ca\/wp-content\/uploads\/2025\/09\/Letitia_Photograph-1024x1024.jpg\",\"datePublished\":\"2025-09-12T23:13:05+00:00\",\"dateModified\":\"2025-10-16T20:13:02+00:00\",\"breadcrumb\":{\"@id\":\"https:\/\/inclusivemap.ca\/fr\/rendez-vous-avec-letitia-zhu\/#breadcrumb\"},\"inLanguage\":\"fr-FR\",\"potentialAction\":[{\"@type\":\"ReadAction\",\"target\":[\"https:\/\/inclusivemap.ca\/fr\/rendez-vous-avec-letitia-zhu\/\"]}]},{\"@type\":\"ImageObject\",\"inLanguage\":\"fr-FR\",\"@id\":\"https:\/\/inclusivemap.ca\/fr\/rendez-vous-avec-letitia-zhu\/#primaryimage\",\"url\":\"https:\/\/inclusivemap.ca\/wp-content\/uploads\/2025\/09\/Letitia_Photograph-1024x1024.jpg\",\"contentUrl\":\"https:\/\/inclusivemap.ca\/wp-content\/uploads\/2025\/09\/Letitia_Photograph-1024x1024.jpg\"},{\"@type\":\"BreadcrumbList\",\"@id\":\"https:\/\/inclusivemap.ca\/fr\/rendez-vous-avec-letitia-zhu\/#breadcrumb\",\"itemListElement\":[{\"@type\":\"ListItem\",\"position\":1,\"name\":\"Home\",\"item\":\"https:\/\/inclusivemap.ca\/fr\/\"},{\"@type\":\"ListItem\",\"position\":2,\"name\":\"Rendez-Vous Avec Letitia Zhu\"}]},{\"@type\":\"WebSite\",\"@id\":\"https:\/\/inclusivemap.ca\/fr\/#website\",\"url\":\"https:\/\/inclusivemap.ca\/fr\/\",\"name\":\"Inclusivemap\",\"description\":\"MAP \u2013 Mobility | Access | Participation\",\"publisher\":{\"@id\":\"https:\/\/inclusivemap.ca\/fr\/#organization\"},\"potentialAction\":[{\"@type\":\"SearchAction\",\"target\":{\"@type\":\"EntryPoint\",\"urlTemplate\":\"https:\/\/inclusivemap.ca\/fr\/?s={search_term_string}\"},\"query-input\":{\"@type\":\"PropertyValueSpecification\",\"valueRequired\":true,\"valueName\":\"search_term_string\"}}],\"inLanguage\":\"fr-FR\"},{\"@type\":\"Organization\",\"@id\":\"https:\/\/inclusivemap.ca\/fr\/#organization\",\"name\":\"Inclusivemap\",\"url\":\"https:\/\/inclusivemap.ca\/fr\/\",\"logo\":{\"@type\":\"ImageObject\",\"inLanguage\":\"fr-FR\",\"@id\":\"https:\/\/inclusivemap.ca\/fr\/#\/schema\/logo\/image\/\",\"url\":\"https:\/\/inclusivemap.ca\/wp-content\/uploads\/2022\/07\/map_bigprint_lighterblue.png\",\"contentUrl\":\"https:\/\/inclusivemap.ca\/wp-content\/uploads\/2022\/07\/map_bigprint_lighterblue.png\",\"width\":8348,\"height\":4563,\"caption\":\"Inclusivemap\"},\"image\":{\"@id\":\"https:\/\/inclusivemap.ca\/fr\/#\/schema\/logo\/image\/\"}}]}<\/script>\n<!-- \/ Yoast SEO plugin. -->","yoast_head_json":{"title":"Rendez-Vous Avec Letitia Zhu - Inclusivemap","robots":{"index":"index","follow":"follow","max-snippet":"max-snippet:-1","max-image-preview":"max-image-preview:large","max-video-preview":"max-video-preview:-1"},"canonical":"https:\/\/inclusivemap.ca\/fr\/rendez-vous-avec-letitia-zhu\/","og_locale":"fr_FR","og_type":"article","og_title":"Rendez-Vous Avec Letitia Zhu - Inclusivemap","og_description":"Nom : Letitia Zhu R\u00f4le : Je suis coordinatrice du projet MAP-SWAN (Stakeholders\u2019 Walkability\/Wheelability Audit in Neighbourhoods) au Simon Fraser University. 1) D&rsquo;o\u00f9 venez-vous et o\u00f9 avez-vous \u00e9tudi\u00e9 ? Je suis originaire de Chine et je vis actuellement \u00e0 Vancouver o\u00f9 je pr\u00e9pare un doctorat en g\u00e9rontologie \u00e0 l&rsquo;universit\u00e9 Simon Fraser. 2) Qu&rsquo;est-ce qui vousPoursuivre la lecture de \"Rendez-Vous Avec Letitia Zhu\"","og_url":"https:\/\/inclusivemap.ca\/fr\/rendez-vous-avec-letitia-zhu\/","og_site_name":"Inclusivemap","article_modified_time":"2025-10-16T20:13:02+00:00","og_image":[{"width":1788,"height":1788,"url":"https:\/\/inclusivemap.ca\/wp-content\/uploads\/2025\/09\/Letitia_Photograph.jpg","type":"image\/jpeg"}],"twitter_card":"summary_large_image","twitter_misc":{"Dur\u00e9e de lecture estim\u00e9e":"4 minutes"},"schema":{"@context":"https:\/\/schema.org","@graph":[{"@type":"WebPage","@id":"https:\/\/inclusivemap.ca\/fr\/rendez-vous-avec-letitia-zhu\/","url":"https:\/\/inclusivemap.ca\/fr\/rendez-vous-avec-letitia-zhu\/","name":"Rendez-Vous Avec Letitia Zhu - Inclusivemap","isPartOf":{"@id":"https:\/\/inclusivemap.ca\/fr\/#website"},"primaryImageOfPage":{"@id":"https:\/\/inclusivemap.ca\/fr\/rendez-vous-avec-letitia-zhu\/#primaryimage"},"image":{"@id":"https:\/\/inclusivemap.ca\/fr\/rendez-vous-avec-letitia-zhu\/#primaryimage"},"thumbnailUrl":"https:\/\/inclusivemap.ca\/wp-content\/uploads\/2025\/09\/Letitia_Photograph-1024x1024.jpg","datePublished":"2025-09-12T23:13:05+00:00","dateModified":"2025-10-16T20:13:02+00:00","breadcrumb":{"@id":"https:\/\/inclusivemap.ca\/fr\/rendez-vous-avec-letitia-zhu\/#breadcrumb"},"inLanguage":"fr-FR","potentialAction":[{"@type":"ReadAction","target":["https:\/\/inclusivemap.ca\/fr\/rendez-vous-avec-letitia-zhu\/"]}]},{"@type":"ImageObject","inLanguage":"fr-FR","@id":"https:\/\/inclusivemap.ca\/fr\/rendez-vous-avec-letitia-zhu\/#primaryimage","url":"https:\/\/inclusivemap.ca\/wp-content\/uploads\/2025\/09\/Letitia_Photograph-1024x1024.jpg","contentUrl":"https:\/\/inclusivemap.ca\/wp-content\/uploads\/2025\/09\/Letitia_Photograph-1024x1024.jpg"},{"@type":"BreadcrumbList","@id":"https:\/\/inclusivemap.ca\/fr\/rendez-vous-avec-letitia-zhu\/#breadcrumb","itemListElement":[{"@type":"ListItem","position":1,"name":"Home","item":"https:\/\/inclusivemap.ca\/fr\/"},{"@type":"ListItem","position":2,"name":"Rendez-Vous Avec Letitia Zhu"}]},{"@type":"WebSite","@id":"https:\/\/inclusivemap.ca\/fr\/#website","url":"https:\/\/inclusivemap.ca\/fr\/","name":"Inclusivemap","description":"MAP \u2013 Mobility | Access | Participation","publisher":{"@id":"https:\/\/inclusivemap.ca\/fr\/#organization"},"potentialAction":[{"@type":"SearchAction","target":{"@type":"EntryPoint","urlTemplate":"https:\/\/inclusivemap.ca\/fr\/?s={search_term_string}"},"query-input":{"@type":"PropertyValueSpecification","valueRequired":true,"valueName":"search_term_string"}}],"inLanguage":"fr-FR"},{"@type":"Organization","@id":"https:\/\/inclusivemap.ca\/fr\/#organization","name":"Inclusivemap","url":"https:\/\/inclusivemap.ca\/fr\/","logo":{"@type":"ImageObject","inLanguage":"fr-FR","@id":"https:\/\/inclusivemap.ca\/fr\/#\/schema\/logo\/image\/","url":"https:\/\/inclusivemap.ca\/wp-content\/uploads\/2022\/07\/map_bigprint_lighterblue.png","contentUrl":"https:\/\/inclusivemap.ca\/wp-content\/uploads\/2022\/07\/map_bigprint_lighterblue.png","width":8348,"height":4563,"caption":"Inclusivemap"},"image":{"@id":"https:\/\/inclusivemap.ca\/fr\/#\/schema\/logo\/image\/"}}]}},"_links":{"self":[{"href":"https:\/\/inclusivemap.ca\/fr\/wp-json\/wp\/v2\/pages\/5692","targetHints":{"allow":["GET"]}}],"collection":[{"href":"https:\/\/inclusivemap.ca\/fr\/wp-json\/wp\/v2\/pages"}],"about":[{"href":"https:\/\/inclusivemap.ca\/fr\/wp-json\/wp\/v2\/types\/page"}],"author":[{"embeddable":true,"href":"https:\/\/inclusivemap.ca\/fr\/wp-json\/wp\/v2\/users\/6"}],"replies":[{"embeddable":true,"href":"https:\/\/inclusivemap.ca\/fr\/wp-json\/wp\/v2\/comments?post=5692"}],"version-history":[{"count":3,"href":"https:\/\/inclusivemap.ca\/fr\/wp-json\/wp\/v2\/pages\/5692\/revisions"}],"predecessor-version":[{"id":5921,"href":"https:\/\/inclusivemap.ca\/fr\/wp-json\/wp\/v2\/pages\/5692\/revisions\/5921"}],"wp:attachment":[{"href":"https:\/\/inclusivemap.ca\/fr\/wp-json\/wp\/v2\/media?parent=5692"}],"wp:term":[{"taxonomy":"publication_categories","embeddable":true,"href":"https:\/\/inclusivemap.ca\/fr\/wp-json\/wp\/v2\/publication_categories?post=5692"}],"curies":[{"name":"wp","href":"https:\/\/api.w.org\/{rel}","templated":true}]}}