{"id":5747,"date":"2025-10-06T18:39:31","date_gmt":"2025-10-06T18:39:31","guid":{"rendered":"https:\/\/inclusivemap.ca\/?page_id=5747"},"modified":"2025-10-16T20:14:19","modified_gmt":"2025-10-16T20:14:19","slug":"rendez-vous-avec-anne-julie","status":"publish","type":"page","link":"https:\/\/inclusivemap.ca\/fr\/rendez-vous-avec-anne-julie\/","title":{"rendered":"Rendez-Vous Avec Anne-Julie"},"content":{"rendered":"\n<div class=\"wp-block-media-text is-stacked-on-mobile\" style=\"grid-template-columns:30% auto\"><figure class=\"wp-block-media-text__media\"><img loading=\"lazy\" decoding=\"async\" width=\"800\" height=\"800\" src=\"https:\/\/inclusivemap.ca\/wp-content\/uploads\/2025\/10\/1670453107517-1.jpeg\" alt=\"Anne-Julie headshot\" class=\"wp-image-5753 size-full\" srcset=\"https:\/\/inclusivemap.ca\/wp-content\/uploads\/2025\/10\/1670453107517-1.jpeg 800w, https:\/\/inclusivemap.ca\/wp-content\/uploads\/2025\/10\/1670453107517-1-300x300.jpeg 300w, https:\/\/inclusivemap.ca\/wp-content\/uploads\/2025\/10\/1670453107517-1-150x150.jpeg 150w, https:\/\/inclusivemap.ca\/wp-content\/uploads\/2025\/10\/1670453107517-1-768x768.jpeg 768w, https:\/\/inclusivemap.ca\/wp-content\/uploads\/2025\/10\/1670453107517-1-400x400.jpeg 400w, https:\/\/inclusivemap.ca\/wp-content\/uploads\/2025\/10\/1670453107517-1-80x80.jpeg 80w\" sizes=\"auto, (max-width: 800px) 100vw, 800px\" \/><\/figure><div class=\"wp-block-media-text__content\">\n<p><strong>Nom :<\/strong> Anne-Julie Asselin<\/p>\n\n\n\n<p><strong>R\u00f4le :<\/strong> Je suis Coordonnatrice du regroupement de recherche MAP-Qc.<\/p>\n<\/div><\/div>\n\n\n\n<p><strong>1) D&rsquo;o\u00f9 venez-vous et o\u00f9 avez-vous \u00e9tudi\u00e9 ?<\/strong> <\/p>\n\n\n\n<p>Je suis originaire de la Rive-Sud de Qu\u00e9bec. J&rsquo;ai ensuite \u00e9tudi\u00e9 \u00e0 Qu\u00e9bec, \u00e0 l&rsquo;Universit\u00e9 Laval, en anthropologie sociale et culturelle o\u00f9 j&rsquo;y ai obtenu mes dipl\u00f4mes de baccalaur\u00e9at et de ma\u00eetrise.<\/p>\n\n\n\n<p><strong>2) Qu&rsquo;est-ce qui vous motive \u00e0 rendre le monde plus accessible ?<\/strong><\/p>\n\n\n\n<p>Ce qui me motive \u00e0 rendre le monde plus accessible, c\u2019est la conviction profonde que chaque personne m\u00e9rite d\u2019\u00eatre pleinement vue, entendue et incluse, peu importe ses capacit\u00e9s ou son parcours. J\u2019ai constat\u00e9 \u00e0 quel point les obstacles \u2013 qu\u2019ils soient physiques, sociaux ou culturels \u2013 peuvent limiter la participation et la dignit\u00e9 des individus. Contribuer \u00e0 cr\u00e9er des environnements accessibles et inclusifs, c\u2019est non seulement r\u00e9duire ces barri\u00e8res, mais aussi reconna\u00eetre la valeur unique de chacun et permettre \u00e0 toutes et \u00e0 tous de s\u2019\u00e9panouir et de participer activement \u00e0 la soci\u00e9t\u00e9.<\/p>\n\n\n\n<p><strong>3) Dans un langage simple, d\u00e9crivez votre projet de recherche\/le projet auquel vous collaborez.<\/strong><\/p>\n\n\n\n<p>Je coordonne la programmation scientifique du regroupement MAP-Qc, qui rassemble des chercheurs, des organismes et des personnes concern\u00e9es autour de projets visant \u00e0 rendre la soci\u00e9t\u00e9 plus inclusive et accessible. Mon r\u00f4le est de soutenir la collaboration et de faciliter la mise en commun des savoirs pour faire avancer ces projets.<\/p>\n\n\n\n<p><strong>4) Quels sont vos talents cach\u00e9s et vos plus grandes qualit\u00e9s ?<\/strong><\/p>\n\n\n\n<p>Mon talent cach\u00e9 est ma facilit\u00e9 \u00e0 trouver des id\u00e9es originales et cr\u00e9atives, que ce soit pour animer une rencontre ou donner un souffle nouveau \u00e0 un projet. Ma plus grande qualit\u00e9 est mon empathie et ma capacit\u00e9 \u00e0 rassembler, qui permettent de cr\u00e9er un climat de confiance propice \u00e0 la collaboration et \u00e0 l\u2019inclusion.<\/p>\n\n\n\n<p><strong>5) Quelle est la meilleure fa\u00e7on de se faire sourire ? <\/strong><\/p>\n\n\n\n<p>Un bon jeu de mots ou une touche d\u2019humour spontan\u00e9e suffit souvent \u00e0 me faire sourire.<br><\/p>\n\n\n\n<p><strong>6) Qu&rsquo;aimez-vous faire pendant vos loisirs ?<\/strong><\/p>\n\n\n\n<p>Du v\u00e9lo, me promener en for\u00eat avec mon chien et cuisiner.<\/p>\n\n\n\n<p><strong>7) Quel endroit du monde r\u00eavez-vous de visiter ?<\/strong><\/p>\n\n\n\n<p>L&rsquo;Islande !<\/p>\n\n\n\n<p><strong>8) Quel est le livre que vous avez lu ou le film que vous avez regard\u00e9 qui vous a le plus inspir\u00e9\/marqu\u00e9 ? <\/strong><\/p>\n\n\n\n<p>Comme cin\u00e9phile, c&rsquo;est tr\u00e8s difficile pour moi de choisir ! Allons dans le th\u00e8me de l&rsquo;accessibilit\u00e9 et je dirais&#8230; The sound of metal, par Darius Marder. \u00c0 voir !<\/p>\n\n\n\n<p><strong>9) Si vous pouviez d\u00eener avec un chercheur\/scientifique\/clinicien\/personne connu, qui serait-il et pourquoi ?<\/strong><\/p>\n\n\n\n<p>J&rsquo;aimerais d\u00eener avec le Scientifique en chef, R\u00e9mi Quirion, afin de discuter avec lui de sa vision du d\u00e9veloppement de la science au Qu\u00e9bec.<\/p>\n\n\n\n<div class=\"wp-block-buttons alignwide is-layout-flex wp-block-buttons-is-layout-flex\">\n<div class=\"wp-block-button has-custom-width wp-block-button__width-50 aligncenter is-style-outline is-style-outline--1\"><a class=\"wp-block-button__link has-primary-color has-tertiary-background-color has-text-color has-background has-small-font-size has-custom-font-size wp-element-button\" href=\"https:\/\/inclusivemap.ca\/fr\/bulletin\/bulletin-dinformation-numero-6\/\">Retour a la newsletter<\/a><\/div>\n<\/div>\n\n\n\n<p><\/p>\n","protected":false},"excerpt":{"rendered":"<p>Nom : Anne-Julie Asselin R\u00f4le : Je suis Coordonnatrice du regroupement de recherche MAP-Qc. 1) D&rsquo;o\u00f9 venez-vous et o\u00f9 avez-vous \u00e9tudi\u00e9 ? Je suis originaire de la Rive-Sud de Qu\u00e9bec. J&rsquo;ai ensuite \u00e9tudi\u00e9 \u00e0 Qu\u00e9bec, \u00e0 l&rsquo;Universit\u00e9 Laval, en anthropologie sociale et culturelle o\u00f9 j&rsquo;y ai obtenu mes dipl\u00f4mes de baccalaur\u00e9at et de ma\u00eetrise. 2)<a class=\"more-link\" href=\"https:\/\/inclusivemap.ca\/fr\/rendez-vous-avec-anne-julie\/\">Poursuivre la lecture de <span class=\"screen-reader-text\">\u00ab\u00a0Rendez-Vous Avec Anne-Julie\u00a0\u00bb<\/span><\/a><\/p>\n","protected":false},"author":6,"featured_media":0,"parent":0,"menu_order":0,"comment_status":"closed","ping_status":"closed","template":"","meta":{"_acf_changed":false,"inline_featured_image":false,"footnotes":""},"publication_categories":[],"class_list":["post-5747","page","type-page","status-publish","hentry","entry"],"acf":[],"yoast_head":"<!-- This site is optimized with the Yoast SEO plugin v26.9 - https:\/\/yoast.com\/product\/yoast-seo-wordpress\/ -->\n<title>Rendez-Vous Avec Anne-Julie - Inclusivemap<\/title>\n<meta name=\"robots\" content=\"index, follow, max-snippet:-1, max-image-preview:large, max-video-preview:-1\" \/>\n<link rel=\"canonical\" href=\"https:\/\/inclusivemap.ca\/fr\/rendez-vous-avec-anne-julie\/\" \/>\n<meta property=\"og:locale\" content=\"fr_FR\" \/>\n<meta property=\"og:type\" content=\"article\" \/>\n<meta property=\"og:title\" content=\"Rendez-Vous Avec Anne-Julie - Inclusivemap\" \/>\n<meta property=\"og:description\" content=\"Nom : Anne-Julie Asselin R\u00f4le : Je suis Coordonnatrice du regroupement de recherche MAP-Qc. 1) D&rsquo;o\u00f9 venez-vous et o\u00f9 avez-vous \u00e9tudi\u00e9 ? Je suis originaire de la Rive-Sud de Qu\u00e9bec. J&rsquo;ai ensuite \u00e9tudi\u00e9 \u00e0 Qu\u00e9bec, \u00e0 l&rsquo;Universit\u00e9 Laval, en anthropologie sociale et culturelle o\u00f9 j&rsquo;y ai obtenu mes dipl\u00f4mes de baccalaur\u00e9at et de ma\u00eetrise. 2)Poursuivre la lecture de &quot;Rendez-Vous Avec Anne-Julie&quot;\" \/>\n<meta property=\"og:url\" content=\"https:\/\/inclusivemap.ca\/fr\/rendez-vous-avec-anne-julie\/\" \/>\n<meta property=\"og:site_name\" content=\"Inclusivemap\" \/>\n<meta property=\"article:modified_time\" content=\"2025-10-16T20:14:19+00:00\" \/>\n<meta property=\"og:image\" content=\"https:\/\/inclusivemap.ca\/wp-content\/uploads\/2025\/10\/1670453107517-1.jpeg\" \/>\n\t<meta property=\"og:image:width\" content=\"800\" \/>\n\t<meta property=\"og:image:height\" content=\"800\" \/>\n\t<meta property=\"og:image:type\" content=\"image\/jpeg\" \/>\n<meta name=\"twitter:card\" content=\"summary_large_image\" \/>\n<meta name=\"twitter:label1\" content=\"Dur\u00e9e de lecture estim\u00e9e\" \/>\n\t<meta name=\"twitter:data1\" content=\"3 minutes\" \/>\n<script type=\"application\/ld+json\" class=\"yoast-schema-graph\">{\"@context\":\"https:\/\/schema.org\",\"@graph\":[{\"@type\":\"WebPage\",\"@id\":\"https:\/\/inclusivemap.ca\/fr\/rendez-vous-avec-anne-julie\/\",\"url\":\"https:\/\/inclusivemap.ca\/fr\/rendez-vous-avec-anne-julie\/\",\"name\":\"Rendez-Vous Avec Anne-Julie - Inclusivemap\",\"isPartOf\":{\"@id\":\"https:\/\/inclusivemap.ca\/fr\/#website\"},\"primaryImageOfPage\":{\"@id\":\"https:\/\/inclusivemap.ca\/fr\/rendez-vous-avec-anne-julie\/#primaryimage\"},\"image\":{\"@id\":\"https:\/\/inclusivemap.ca\/fr\/rendez-vous-avec-anne-julie\/#primaryimage\"},\"thumbnailUrl\":\"https:\/\/inclusivemap.ca\/wp-content\/uploads\/2025\/10\/1670453107517-1.jpeg\",\"datePublished\":\"2025-10-06T18:39:31+00:00\",\"dateModified\":\"2025-10-16T20:14:19+00:00\",\"breadcrumb\":{\"@id\":\"https:\/\/inclusivemap.ca\/fr\/rendez-vous-avec-anne-julie\/#breadcrumb\"},\"inLanguage\":\"fr-FR\",\"potentialAction\":[{\"@type\":\"ReadAction\",\"target\":[\"https:\/\/inclusivemap.ca\/fr\/rendez-vous-avec-anne-julie\/\"]}]},{\"@type\":\"ImageObject\",\"inLanguage\":\"fr-FR\",\"@id\":\"https:\/\/inclusivemap.ca\/fr\/rendez-vous-avec-anne-julie\/#primaryimage\",\"url\":\"https:\/\/inclusivemap.ca\/wp-content\/uploads\/2025\/10\/1670453107517-1.jpeg\",\"contentUrl\":\"https:\/\/inclusivemap.ca\/wp-content\/uploads\/2025\/10\/1670453107517-1.jpeg\"},{\"@type\":\"BreadcrumbList\",\"@id\":\"https:\/\/inclusivemap.ca\/fr\/rendez-vous-avec-anne-julie\/#breadcrumb\",\"itemListElement\":[{\"@type\":\"ListItem\",\"position\":1,\"name\":\"Home\",\"item\":\"https:\/\/inclusivemap.ca\/fr\/\"},{\"@type\":\"ListItem\",\"position\":2,\"name\":\"Rendez-Vous Avec Anne-Julie\"}]},{\"@type\":\"WebSite\",\"@id\":\"https:\/\/inclusivemap.ca\/fr\/#website\",\"url\":\"https:\/\/inclusivemap.ca\/fr\/\",\"name\":\"Inclusivemap\",\"description\":\"MAP \u2013 Mobility | Access | Participation\",\"publisher\":{\"@id\":\"https:\/\/inclusivemap.ca\/fr\/#organization\"},\"potentialAction\":[{\"@type\":\"SearchAction\",\"target\":{\"@type\":\"EntryPoint\",\"urlTemplate\":\"https:\/\/inclusivemap.ca\/fr\/?s={search_term_string}\"},\"query-input\":{\"@type\":\"PropertyValueSpecification\",\"valueRequired\":true,\"valueName\":\"search_term_string\"}}],\"inLanguage\":\"fr-FR\"},{\"@type\":\"Organization\",\"@id\":\"https:\/\/inclusivemap.ca\/fr\/#organization\",\"name\":\"Inclusivemap\",\"url\":\"https:\/\/inclusivemap.ca\/fr\/\",\"logo\":{\"@type\":\"ImageObject\",\"inLanguage\":\"fr-FR\",\"@id\":\"https:\/\/inclusivemap.ca\/fr\/#\/schema\/logo\/image\/\",\"url\":\"https:\/\/inclusivemap.ca\/wp-content\/uploads\/2022\/07\/map_bigprint_lighterblue.png\",\"contentUrl\":\"https:\/\/inclusivemap.ca\/wp-content\/uploads\/2022\/07\/map_bigprint_lighterblue.png\",\"width\":8348,\"height\":4563,\"caption\":\"Inclusivemap\"},\"image\":{\"@id\":\"https:\/\/inclusivemap.ca\/fr\/#\/schema\/logo\/image\/\"}}]}<\/script>\n<!-- \/ Yoast SEO plugin. -->","yoast_head_json":{"title":"Rendez-Vous Avec Anne-Julie - Inclusivemap","robots":{"index":"index","follow":"follow","max-snippet":"max-snippet:-1","max-image-preview":"max-image-preview:large","max-video-preview":"max-video-preview:-1"},"canonical":"https:\/\/inclusivemap.ca\/fr\/rendez-vous-avec-anne-julie\/","og_locale":"fr_FR","og_type":"article","og_title":"Rendez-Vous Avec Anne-Julie - Inclusivemap","og_description":"Nom : Anne-Julie Asselin R\u00f4le : Je suis Coordonnatrice du regroupement de recherche MAP-Qc. 1) D&rsquo;o\u00f9 venez-vous et o\u00f9 avez-vous \u00e9tudi\u00e9 ? Je suis originaire de la Rive-Sud de Qu\u00e9bec. J&rsquo;ai ensuite \u00e9tudi\u00e9 \u00e0 Qu\u00e9bec, \u00e0 l&rsquo;Universit\u00e9 Laval, en anthropologie sociale et culturelle o\u00f9 j&rsquo;y ai obtenu mes dipl\u00f4mes de baccalaur\u00e9at et de ma\u00eetrise. 2)Poursuivre la lecture de \"Rendez-Vous Avec Anne-Julie\"","og_url":"https:\/\/inclusivemap.ca\/fr\/rendez-vous-avec-anne-julie\/","og_site_name":"Inclusivemap","article_modified_time":"2025-10-16T20:14:19+00:00","og_image":[{"width":800,"height":800,"url":"https:\/\/inclusivemap.ca\/wp-content\/uploads\/2025\/10\/1670453107517-1.jpeg","type":"image\/jpeg"}],"twitter_card":"summary_large_image","twitter_misc":{"Dur\u00e9e de lecture estim\u00e9e":"3 minutes"},"schema":{"@context":"https:\/\/schema.org","@graph":[{"@type":"WebPage","@id":"https:\/\/inclusivemap.ca\/fr\/rendez-vous-avec-anne-julie\/","url":"https:\/\/inclusivemap.ca\/fr\/rendez-vous-avec-anne-julie\/","name":"Rendez-Vous Avec Anne-Julie - Inclusivemap","isPartOf":{"@id":"https:\/\/inclusivemap.ca\/fr\/#website"},"primaryImageOfPage":{"@id":"https:\/\/inclusivemap.ca\/fr\/rendez-vous-avec-anne-julie\/#primaryimage"},"image":{"@id":"https:\/\/inclusivemap.ca\/fr\/rendez-vous-avec-anne-julie\/#primaryimage"},"thumbnailUrl":"https:\/\/inclusivemap.ca\/wp-content\/uploads\/2025\/10\/1670453107517-1.jpeg","datePublished":"2025-10-06T18:39:31+00:00","dateModified":"2025-10-16T20:14:19+00:00","breadcrumb":{"@id":"https:\/\/inclusivemap.ca\/fr\/rendez-vous-avec-anne-julie\/#breadcrumb"},"inLanguage":"fr-FR","potentialAction":[{"@type":"ReadAction","target":["https:\/\/inclusivemap.ca\/fr\/rendez-vous-avec-anne-julie\/"]}]},{"@type":"ImageObject","inLanguage":"fr-FR","@id":"https:\/\/inclusivemap.ca\/fr\/rendez-vous-avec-anne-julie\/#primaryimage","url":"https:\/\/inclusivemap.ca\/wp-content\/uploads\/2025\/10\/1670453107517-1.jpeg","contentUrl":"https:\/\/inclusivemap.ca\/wp-content\/uploads\/2025\/10\/1670453107517-1.jpeg"},{"@type":"BreadcrumbList","@id":"https:\/\/inclusivemap.ca\/fr\/rendez-vous-avec-anne-julie\/#breadcrumb","itemListElement":[{"@type":"ListItem","position":1,"name":"Home","item":"https:\/\/inclusivemap.ca\/fr\/"},{"@type":"ListItem","position":2,"name":"Rendez-Vous Avec Anne-Julie"}]},{"@type":"WebSite","@id":"https:\/\/inclusivemap.ca\/fr\/#website","url":"https:\/\/inclusivemap.ca\/fr\/","name":"Inclusivemap","description":"MAP \u2013 Mobility | Access | Participation","publisher":{"@id":"https:\/\/inclusivemap.ca\/fr\/#organization"},"potentialAction":[{"@type":"SearchAction","target":{"@type":"EntryPoint","urlTemplate":"https:\/\/inclusivemap.ca\/fr\/?s={search_term_string}"},"query-input":{"@type":"PropertyValueSpecification","valueRequired":true,"valueName":"search_term_string"}}],"inLanguage":"fr-FR"},{"@type":"Organization","@id":"https:\/\/inclusivemap.ca\/fr\/#organization","name":"Inclusivemap","url":"https:\/\/inclusivemap.ca\/fr\/","logo":{"@type":"ImageObject","inLanguage":"fr-FR","@id":"https:\/\/inclusivemap.ca\/fr\/#\/schema\/logo\/image\/","url":"https:\/\/inclusivemap.ca\/wp-content\/uploads\/2022\/07\/map_bigprint_lighterblue.png","contentUrl":"https:\/\/inclusivemap.ca\/wp-content\/uploads\/2022\/07\/map_bigprint_lighterblue.png","width":8348,"height":4563,"caption":"Inclusivemap"},"image":{"@id":"https:\/\/inclusivemap.ca\/fr\/#\/schema\/logo\/image\/"}}]}},"_links":{"self":[{"href":"https:\/\/inclusivemap.ca\/fr\/wp-json\/wp\/v2\/pages\/5747","targetHints":{"allow":["GET"]}}],"collection":[{"href":"https:\/\/inclusivemap.ca\/fr\/wp-json\/wp\/v2\/pages"}],"about":[{"href":"https:\/\/inclusivemap.ca\/fr\/wp-json\/wp\/v2\/types\/page"}],"author":[{"embeddable":true,"href":"https:\/\/inclusivemap.ca\/fr\/wp-json\/wp\/v2\/users\/6"}],"replies":[{"embeddable":true,"href":"https:\/\/inclusivemap.ca\/fr\/wp-json\/wp\/v2\/comments?post=5747"}],"version-history":[{"count":3,"href":"https:\/\/inclusivemap.ca\/fr\/wp-json\/wp\/v2\/pages\/5747\/revisions"}],"predecessor-version":[{"id":5923,"href":"https:\/\/inclusivemap.ca\/fr\/wp-json\/wp\/v2\/pages\/5747\/revisions\/5923"}],"wp:attachment":[{"href":"https:\/\/inclusivemap.ca\/fr\/wp-json\/wp\/v2\/media?parent=5747"}],"wp:term":[{"taxonomy":"publication_categories","embeddable":true,"href":"https:\/\/inclusivemap.ca\/fr\/wp-json\/wp\/v2\/publication_categories?post=5747"}],"curies":[{"name":"wp","href":"https:\/\/api.w.org\/{rel}","templated":true}]}}