{"id":5825,"date":"2025-10-14T22:01:07","date_gmt":"2025-10-14T22:01:07","guid":{"rendered":"https:\/\/inclusivemap.ca\/?page_id=5825"},"modified":"2025-10-16T20:09:55","modified_gmt":"2025-10-16T20:09:55","slug":"nouvelles-ressources-et-publications-bulletin-dinformation-n-6","status":"publish","type":"page","link":"https:\/\/inclusivemap.ca\/fr\/nouvelles-ressources-et-publications-bulletin-dinformation-n-6\/","title":{"rendered":"Nouvelles ressources et publications (Bulletin d&rsquo;information n\u00b0 6)"},"content":{"rendered":"\n<figure class=\"wp-block-image size-medium\"><img decoding=\"async\" src=\"https:\/\/inclusivemap.ca\/wp-content\/uploads\/2025\/03\/Knowledge-Transfer-1-300x300.png\" alt=\"MAP Diffusion des connaissances, notamment sous forme d'affiches, de contenus \u00e9crits, de musique, de balados et de vid\u00e9os!\" class=\"wp-image-5004\"\/><figcaption class=\"wp-element-caption\">MAP Diffusion des connaissances, notamment sous forme d&rsquo;affiches, de contenus \u00e9crits, de musique, de balados et de vid\u00e9os!<\/figcaption><\/figure>\n\n\n\n<h2 class=\"wp-block-heading\">Contenu \u00e9crit<\/h2>\n\n\n\n<ul class=\"wp-block-list\">\n<li>Auteurs: Delphine Labb\u00e9, Daryl Yao, Tyrone Scales, Heather McCain, William C. Miller, Ben Mortenson. <em>Inclusion of people with disabilities in public transit: A case study policy review of Canada and US policies<a href=\"https:\/\/doi.org\/10.1177\/10442073251370266\" target=\"_blank\" rel=\"noreferrer noopener\">:<\/a><\/em><a href=\"https:\/\/doi.org\/10.1177\/10442073251370266\" target=\"_blank\" rel=\"noreferrer noopener\"> <strong>Lire l&rsquo;article (en anglais)<\/strong><\/a><\/li>\n\n\n\n<li>Auteurs: Simon Tremblay-Turcotte, Krista Lynn Best, Mike Prescott, David Bouchard, Marie Grandisson, Ernesto Morales, Delphine Labb\u00e9, Atiya Mahmood, Mir Abolfazl Mostafavi, William C. Miller, Ben W. Mortenson and Fran\u00e7ois Routhier: Exploring Accessibility in Three Quebec Parks, Canada for People with Disabilities:<strong><a href=\"https:\/\/inclusivemap.ca\/wp-content\/uploads\/2025\/10\/e6300ff2_6587_4af8_836f_0a51e8a90e5a.pdf\" target=\"_blank\" rel=\"noreferrer noopener\"> Lire l&rsquo;article (en anglais)<\/a><\/strong><\/li>\n\n\n\n<li>Auteurs: Maureen M O&rsquo;Brien, Krista L Best, Cheryl Barnabe, Fran\u00e7ois Routhier, William C Miller, Ranita Harpreet Kaur Manocha: Feasibility of an Interactive Video-Based Training Program for Learning and Reviewing Walking Aid Skills: <strong><a href=\"https:\/\/www.archives-pmr.org\/article\/S0003-9993(25)00654-9\/fulltext\" target=\"_blank\" rel=\"noreferrer noopener\">Lire l&rsquo;article (en anglais)<\/a><br><\/strong><\/li>\n<\/ul>\n\n\n\n<h2 class=\"wp-block-heading\">M\u00e9dias<\/h2>\n\n\n\n<ul class=\"wp-block-list\">\n<li>Inclusive Environments Lab Galerie num\u00e9rique: <strong><a href=\"https:\/\/www.artsteps.com\/view\/681b9ed5d94c8ac2b4bf6e80\" target=\"_blank\" rel=\"noreferrer noopener\">Voir la galerie<\/a><br><\/strong><\/li>\n\n\n\n<li>Transport adapt\u00e9 pour les parents vid\u00e9o pr\u00e9sent\u00e9e \u00e0 ComSciCon<strong><a href=\"https:\/\/www.youtube.com\/watch?v=0hLv7Wmf9Qg\" target=\"_blank\" rel=\"noreferrer noopener\">: Regarder la vid\u00e9o<\/a><br>  <\/strong><\/li>\n\n\n\n<li>Formations offertes par iPASS-\u00e2ge : pr\u00e9vention des incendies, accessibilit\u00e9 et s\u00e9curit\u00e9 pour les personnes \u00e2g\u00e9es : <strong><a href=\"https:\/\/www.youtube.com\/watch?v=EXmdo_m8gBA&amp;t=19s\" target=\"_blank\" rel=\"noreferrer noopener\">regardez la vid\u00e9o<\/a><br><\/strong><\/li>\n\n\n\n<li>Pour en savoir plus sur le projet AXS2Fly: Bienvenue \u00e0 bord <strong><a href=\"https:\/\/www.youtube.com\/watch?v=p9uF6sa8L_A\" target=\"_blank\" rel=\"noreferrer noopener\">regardez la vid\u00e9o<\/a><br><\/strong><\/li>\n<\/ul>\n\n\n\n<h2 class=\"wp-block-heading\">\u00c9v\u00e9nements<\/h2>\n\n\n\n<ul class=\"wp-block-list\">\n<li>L&rsquo;\u00e9quipe du projet Climate Disaster Toolkit a pr\u00e9sent\u00e9 une affiche lors de la 3rd Annual Ageing SMART Research Day. <a href=\"https:\/\/inclusivemap.ca\/wp-content\/uploads\/2024\/08\/Centre-for-Aging-SMART-Poster-PresentationOct_09_25.pdf\" target=\"_blank\" rel=\"noreferrer noopener\"><strong>Voir l&rsquo;affiche<\/strong><\/a><\/li>\n<\/ul>\n\n\n\n<div class=\"wp-block-buttons is-layout-flex wp-block-buttons-is-layout-flex\">\n<div class=\"wp-block-button has-custom-width wp-block-button__width-100\"><a class=\"wp-block-button__link wp-element-button\" href=\"https:\/\/inclusivemap.ca\/fr\/bulletin\/bulletin-dinformation-numero-6\/\">Retour a la newsletter<\/a><\/div>\n<\/div>\n","protected":false},"excerpt":{"rendered":"<p>Contenu \u00e9crit M\u00e9dias \u00c9v\u00e9nements<\/p>\n","protected":false},"author":6,"featured_media":0,"parent":0,"menu_order":0,"comment_status":"closed","ping_status":"closed","template":"","meta":{"_acf_changed":false,"inline_featured_image":false,"footnotes":""},"publication_categories":[],"class_list":["post-5825","page","type-page","status-publish","hentry","entry"],"acf":[],"yoast_head":"<!-- This site is optimized with the Yoast SEO plugin v26.9 - https:\/\/yoast.com\/product\/yoast-seo-wordpress\/ -->\n<title>Nouvelles ressources et publications (Bulletin d&#039;information n\u00b0 6) - Inclusivemap<\/title>\n<meta name=\"robots\" content=\"index, follow, max-snippet:-1, max-image-preview:large, max-video-preview:-1\" \/>\n<link rel=\"canonical\" href=\"https:\/\/inclusivemap.ca\/fr\/nouvelles-ressources-et-publications-bulletin-dinformation-n-6\/\" \/>\n<meta property=\"og:locale\" content=\"fr_FR\" \/>\n<meta property=\"og:type\" content=\"article\" \/>\n<meta property=\"og:title\" content=\"Nouvelles ressources et publications (Bulletin d&#039;information n\u00b0 6) - Inclusivemap\" \/>\n<meta property=\"og:description\" content=\"Contenu \u00e9crit M\u00e9dias \u00c9v\u00e9nements\" \/>\n<meta property=\"og:url\" content=\"https:\/\/inclusivemap.ca\/fr\/nouvelles-ressources-et-publications-bulletin-dinformation-n-6\/\" \/>\n<meta property=\"og:site_name\" content=\"Inclusivemap\" \/>\n<meta property=\"article:modified_time\" content=\"2025-10-16T20:09:55+00:00\" \/>\n<meta property=\"og:image\" content=\"https:\/\/inclusivemap.ca\/wp-content\/uploads\/2025\/02\/1.png\" \/>\n\t<meta property=\"og:image:width\" content=\"1080\" \/>\n\t<meta property=\"og:image:height\" content=\"1080\" \/>\n\t<meta property=\"og:image:type\" content=\"image\/png\" \/>\n<meta name=\"twitter:card\" content=\"summary_large_image\" \/>\n<meta name=\"twitter:label1\" content=\"Dur\u00e9e de lecture estim\u00e9e\" \/>\n\t<meta name=\"twitter:data1\" content=\"2 minutes\" \/>\n<script type=\"application\/ld+json\" class=\"yoast-schema-graph\">{\"@context\":\"https:\/\/schema.org\",\"@graph\":[{\"@type\":\"WebPage\",\"@id\":\"https:\/\/inclusivemap.ca\/fr\/nouvelles-ressources-et-publications-bulletin-dinformation-n-6\/\",\"url\":\"https:\/\/inclusivemap.ca\/fr\/nouvelles-ressources-et-publications-bulletin-dinformation-n-6\/\",\"name\":\"Nouvelles ressources et publications (Bulletin d'information n\u00b0 6) - Inclusivemap\",\"isPartOf\":{\"@id\":\"https:\/\/inclusivemap.ca\/fr\/#website\"},\"primaryImageOfPage\":{\"@id\":\"https:\/\/inclusivemap.ca\/fr\/nouvelles-ressources-et-publications-bulletin-dinformation-n-6\/#primaryimage\"},\"image\":{\"@id\":\"https:\/\/inclusivemap.ca\/fr\/nouvelles-ressources-et-publications-bulletin-dinformation-n-6\/#primaryimage\"},\"thumbnailUrl\":\"https:\/\/inclusivemap.ca\/wp-content\/uploads\/2025\/03\/Knowledge-Transfer-1-300x300.png\",\"datePublished\":\"2025-10-14T22:01:07+00:00\",\"dateModified\":\"2025-10-16T20:09:55+00:00\",\"breadcrumb\":{\"@id\":\"https:\/\/inclusivemap.ca\/fr\/nouvelles-ressources-et-publications-bulletin-dinformation-n-6\/#breadcrumb\"},\"inLanguage\":\"fr-FR\",\"potentialAction\":[{\"@type\":\"ReadAction\",\"target\":[\"https:\/\/inclusivemap.ca\/fr\/nouvelles-ressources-et-publications-bulletin-dinformation-n-6\/\"]}]},{\"@type\":\"ImageObject\",\"inLanguage\":\"fr-FR\",\"@id\":\"https:\/\/inclusivemap.ca\/fr\/nouvelles-ressources-et-publications-bulletin-dinformation-n-6\/#primaryimage\",\"url\":\"https:\/\/inclusivemap.ca\/wp-content\/uploads\/2025\/03\/Knowledge-Transfer-1-300x300.png\",\"contentUrl\":\"https:\/\/inclusivemap.ca\/wp-content\/uploads\/2025\/03\/Knowledge-Transfer-1-300x300.png\"},{\"@type\":\"BreadcrumbList\",\"@id\":\"https:\/\/inclusivemap.ca\/fr\/nouvelles-ressources-et-publications-bulletin-dinformation-n-6\/#breadcrumb\",\"itemListElement\":[{\"@type\":\"ListItem\",\"position\":1,\"name\":\"Home\",\"item\":\"https:\/\/inclusivemap.ca\/fr\/\"},{\"@type\":\"ListItem\",\"position\":2,\"name\":\"Nouvelles ressources et publications (Bulletin d&#8217;information n\u00b0 6)\"}]},{\"@type\":\"WebSite\",\"@id\":\"https:\/\/inclusivemap.ca\/fr\/#website\",\"url\":\"https:\/\/inclusivemap.ca\/fr\/\",\"name\":\"Inclusivemap\",\"description\":\"MAP \u2013 Mobility | Access | Participation\",\"publisher\":{\"@id\":\"https:\/\/inclusivemap.ca\/fr\/#organization\"},\"potentialAction\":[{\"@type\":\"SearchAction\",\"target\":{\"@type\":\"EntryPoint\",\"urlTemplate\":\"https:\/\/inclusivemap.ca\/fr\/?s={search_term_string}\"},\"query-input\":{\"@type\":\"PropertyValueSpecification\",\"valueRequired\":true,\"valueName\":\"search_term_string\"}}],\"inLanguage\":\"fr-FR\"},{\"@type\":\"Organization\",\"@id\":\"https:\/\/inclusivemap.ca\/fr\/#organization\",\"name\":\"Inclusivemap\",\"url\":\"https:\/\/inclusivemap.ca\/fr\/\",\"logo\":{\"@type\":\"ImageObject\",\"inLanguage\":\"fr-FR\",\"@id\":\"https:\/\/inclusivemap.ca\/fr\/#\/schema\/logo\/image\/\",\"url\":\"https:\/\/inclusivemap.ca\/wp-content\/uploads\/2022\/07\/map_bigprint_lighterblue.png\",\"contentUrl\":\"https:\/\/inclusivemap.ca\/wp-content\/uploads\/2022\/07\/map_bigprint_lighterblue.png\",\"width\":8348,\"height\":4563,\"caption\":\"Inclusivemap\"},\"image\":{\"@id\":\"https:\/\/inclusivemap.ca\/fr\/#\/schema\/logo\/image\/\"}}]}<\/script>\n<!-- \/ Yoast SEO plugin. -->","yoast_head_json":{"title":"Nouvelles ressources et publications (Bulletin d'information n\u00b0 6) - Inclusivemap","robots":{"index":"index","follow":"follow","max-snippet":"max-snippet:-1","max-image-preview":"max-image-preview:large","max-video-preview":"max-video-preview:-1"},"canonical":"https:\/\/inclusivemap.ca\/fr\/nouvelles-ressources-et-publications-bulletin-dinformation-n-6\/","og_locale":"fr_FR","og_type":"article","og_title":"Nouvelles ressources et publications (Bulletin d'information n\u00b0 6) - Inclusivemap","og_description":"Contenu \u00e9crit M\u00e9dias \u00c9v\u00e9nements","og_url":"https:\/\/inclusivemap.ca\/fr\/nouvelles-ressources-et-publications-bulletin-dinformation-n-6\/","og_site_name":"Inclusivemap","article_modified_time":"2025-10-16T20:09:55+00:00","og_image":[{"width":1080,"height":1080,"url":"https:\/\/inclusivemap.ca\/wp-content\/uploads\/2025\/02\/1.png","type":"image\/png"}],"twitter_card":"summary_large_image","twitter_misc":{"Dur\u00e9e de lecture estim\u00e9e":"2 minutes"},"schema":{"@context":"https:\/\/schema.org","@graph":[{"@type":"WebPage","@id":"https:\/\/inclusivemap.ca\/fr\/nouvelles-ressources-et-publications-bulletin-dinformation-n-6\/","url":"https:\/\/inclusivemap.ca\/fr\/nouvelles-ressources-et-publications-bulletin-dinformation-n-6\/","name":"Nouvelles ressources et publications (Bulletin d'information n\u00b0 6) - Inclusivemap","isPartOf":{"@id":"https:\/\/inclusivemap.ca\/fr\/#website"},"primaryImageOfPage":{"@id":"https:\/\/inclusivemap.ca\/fr\/nouvelles-ressources-et-publications-bulletin-dinformation-n-6\/#primaryimage"},"image":{"@id":"https:\/\/inclusivemap.ca\/fr\/nouvelles-ressources-et-publications-bulletin-dinformation-n-6\/#primaryimage"},"thumbnailUrl":"https:\/\/inclusivemap.ca\/wp-content\/uploads\/2025\/03\/Knowledge-Transfer-1-300x300.png","datePublished":"2025-10-14T22:01:07+00:00","dateModified":"2025-10-16T20:09:55+00:00","breadcrumb":{"@id":"https:\/\/inclusivemap.ca\/fr\/nouvelles-ressources-et-publications-bulletin-dinformation-n-6\/#breadcrumb"},"inLanguage":"fr-FR","potentialAction":[{"@type":"ReadAction","target":["https:\/\/inclusivemap.ca\/fr\/nouvelles-ressources-et-publications-bulletin-dinformation-n-6\/"]}]},{"@type":"ImageObject","inLanguage":"fr-FR","@id":"https:\/\/inclusivemap.ca\/fr\/nouvelles-ressources-et-publications-bulletin-dinformation-n-6\/#primaryimage","url":"https:\/\/inclusivemap.ca\/wp-content\/uploads\/2025\/03\/Knowledge-Transfer-1-300x300.png","contentUrl":"https:\/\/inclusivemap.ca\/wp-content\/uploads\/2025\/03\/Knowledge-Transfer-1-300x300.png"},{"@type":"BreadcrumbList","@id":"https:\/\/inclusivemap.ca\/fr\/nouvelles-ressources-et-publications-bulletin-dinformation-n-6\/#breadcrumb","itemListElement":[{"@type":"ListItem","position":1,"name":"Home","item":"https:\/\/inclusivemap.ca\/fr\/"},{"@type":"ListItem","position":2,"name":"Nouvelles ressources et publications (Bulletin d&#8217;information n\u00b0 6)"}]},{"@type":"WebSite","@id":"https:\/\/inclusivemap.ca\/fr\/#website","url":"https:\/\/inclusivemap.ca\/fr\/","name":"Inclusivemap","description":"MAP \u2013 Mobility | Access | Participation","publisher":{"@id":"https:\/\/inclusivemap.ca\/fr\/#organization"},"potentialAction":[{"@type":"SearchAction","target":{"@type":"EntryPoint","urlTemplate":"https:\/\/inclusivemap.ca\/fr\/?s={search_term_string}"},"query-input":{"@type":"PropertyValueSpecification","valueRequired":true,"valueName":"search_term_string"}}],"inLanguage":"fr-FR"},{"@type":"Organization","@id":"https:\/\/inclusivemap.ca\/fr\/#organization","name":"Inclusivemap","url":"https:\/\/inclusivemap.ca\/fr\/","logo":{"@type":"ImageObject","inLanguage":"fr-FR","@id":"https:\/\/inclusivemap.ca\/fr\/#\/schema\/logo\/image\/","url":"https:\/\/inclusivemap.ca\/wp-content\/uploads\/2022\/07\/map_bigprint_lighterblue.png","contentUrl":"https:\/\/inclusivemap.ca\/wp-content\/uploads\/2022\/07\/map_bigprint_lighterblue.png","width":8348,"height":4563,"caption":"Inclusivemap"},"image":{"@id":"https:\/\/inclusivemap.ca\/fr\/#\/schema\/logo\/image\/"}}]}},"_links":{"self":[{"href":"https:\/\/inclusivemap.ca\/fr\/wp-json\/wp\/v2\/pages\/5825","targetHints":{"allow":["GET"]}}],"collection":[{"href":"https:\/\/inclusivemap.ca\/fr\/wp-json\/wp\/v2\/pages"}],"about":[{"href":"https:\/\/inclusivemap.ca\/fr\/wp-json\/wp\/v2\/types\/page"}],"author":[{"embeddable":true,"href":"https:\/\/inclusivemap.ca\/fr\/wp-json\/wp\/v2\/users\/6"}],"replies":[{"embeddable":true,"href":"https:\/\/inclusivemap.ca\/fr\/wp-json\/wp\/v2\/comments?post=5825"}],"version-history":[{"count":22,"href":"https:\/\/inclusivemap.ca\/fr\/wp-json\/wp\/v2\/pages\/5825\/revisions"}],"predecessor-version":[{"id":5918,"href":"https:\/\/inclusivemap.ca\/fr\/wp-json\/wp\/v2\/pages\/5825\/revisions\/5918"}],"wp:attachment":[{"href":"https:\/\/inclusivemap.ca\/fr\/wp-json\/wp\/v2\/media?parent=5825"}],"wp:term":[{"taxonomy":"publication_categories","embeddable":true,"href":"https:\/\/inclusivemap.ca\/fr\/wp-json\/wp\/v2\/publication_categories?post=5825"}],"curies":[{"name":"wp","href":"https:\/\/api.w.org\/{rel}","templated":true}]}}