{"id":998,"date":"2022-06-08T13:41:45","date_gmt":"2022-06-08T13:41:45","guid":{"rendered":"https:\/\/inclusivemap.ca\/ce-que-nous-faisons\/"},"modified":"2023-05-11T21:21:39","modified_gmt":"2023-05-11T21:21:39","slug":"ce-que-nous-faisons","status":"publish","type":"page","link":"https:\/\/inclusivemap.ca\/fr\/ce-que-nous-faisons\/","title":{"rendered":"Ce que nous faisons"},"content":{"rendered":"\n<p>De nombreux Canadiens ont diff\u00e9rents types de handicaps, tels que physiques, cognitifs ou sensoriels, qui affectent leur capacit\u00e9 \u00e0 se d\u00e9placer et \u00e0 participer librement au sein de leur communaut\u00e9. <strong>Un partenariat pour am\u00e9liorer la mobilit\u00e9, l\u2019acc\u00e8s et la participation des personnes handicap\u00e9es<\/strong>, connu sous le nom de MAP, qui vise \u00e0 aider les organismes communautaires et les municipalit\u00e9s \u00e0 \u00e9laborer, \u00e9valuer et mettre en \u0153uvre des interventions fond\u00e9es sur des donn\u00e9es probantes pour contribuer au d\u00e9veloppement de communaut\u00e9s sans obstacle.<\/p>\n\n\n\n<div class=\"wp-block-columns is-layout-flex wp-container-core-columns-is-layout-9d6595d7 wp-block-columns-is-layout-flex\">\n<div class=\"wp-block-column is-layout-flow wp-block-column-is-layout-flow\" style=\"flex-basis:100%\">\n<div class=\"wp-block-columns is-layout-flex wp-container-core-columns-is-layout-9d6595d7 wp-block-columns-is-layout-flex\">\n<div class=\"wp-block-column is-layout-flow wp-block-column-is-layout-flow\">\n<figure class=\"wp-block-image size-full\"><img loading=\"lazy\" decoding=\"async\" width=\"511\" height=\"340\" src=\"https:\/\/inclusivemap.ca\/wp-content\/uploads\/2022\/11\/Tactile-pavement.jpeg\" alt=\"\" class=\"wp-image-810\" srcset=\"https:\/\/inclusivemap.ca\/wp-content\/uploads\/2022\/11\/Tactile-pavement.jpeg 511w, https:\/\/inclusivemap.ca\/wp-content\/uploads\/2022\/11\/Tactile-pavement-400x266.jpeg 400w, https:\/\/inclusivemap.ca\/wp-content\/uploads\/2022\/11\/Tactile-pavement-300x200.jpeg 300w\" sizes=\"auto, (max-width: 511px) 100vw, 511px\" \/><figcaption class=\"wp-element-caption\">Chauss\u00e9e tactile<\/figcaption><\/figure>\n<\/div>\n\n\n\n<div class=\"wp-block-column is-layout-flow wp-block-column-is-layout-flow\">\n<figure class=\"wp-block-image size-full is-resized\"><img loading=\"lazy\" decoding=\"async\" src=\"https:\/\/inclusivemap.ca\/wp-content\/uploads\/2022\/11\/train-768x431-4.png\" alt=\"\" class=\"wp-image-812\" width=\"511\" height=\"340\"\/><figcaption class=\"wp-element-caption\">Former dans un quartier urbain<\/figcaption><\/figure>\n<\/div>\n\n\n\n<div class=\"wp-block-column is-layout-flow wp-block-column-is-layout-flow\">\n<figure class=\"wp-block-image size-full\"><img loading=\"lazy\" decoding=\"async\" width=\"530\" height=\"340\" src=\"https:\/\/inclusivemap.ca\/wp-content\/uploads\/2022\/11\/couple-3.jpeg\" alt=\"\" class=\"wp-image-814\" srcset=\"https:\/\/inclusivemap.ca\/wp-content\/uploads\/2022\/11\/couple-3.jpeg 530w, https:\/\/inclusivemap.ca\/wp-content\/uploads\/2022\/11\/couple-3-400x257.jpeg 400w, https:\/\/inclusivemap.ca\/wp-content\/uploads\/2022\/11\/couple-3-300x192.jpeg 300w\" sizes=\"auto, (max-width: 530px) 100vw, 530px\" \/><figcaption class=\"wp-element-caption\">Deux utilisateurs de fauteuils roulants regardant au loin<\/figcaption><\/figure>\n<\/div>\n<\/div>\n<\/div>\n<\/div>\n\n\n\n<p>Notre partenariat se concentrera sur trois domaines\/volets de recherche qui ont \u00e9t\u00e9 identifi\u00e9s comme prioritaires par les intervenants.<\/p>\n\n\n\n<p>1) <a href=\"https:\/\/inclusivemap.ca\/fr\/project\/\"><strong>Accessibilit\u00e9 \u00e0 la navigation et \u00e0 l\u2019environnement pi\u00e9tonnier<\/strong><\/a> : Se concentre sur l\u2019infrastructure pi\u00e9tonne et le d\u00e9veloppement d\u2019outils pour soutenir la navigation dans les espaces publics, y compris l\u2019orientation, la pratique civique et les changements de politique.<\/p>\n\n\n\n<p>2) <a href=\"https:\/\/inclusivemap.ca\/fr\/project\/\"><strong>Accessibilit\u00e9 des transports<\/strong><\/a> : Se concentre sur les services et les politiques de transport, y compris les transports en commun, les taxis, les options de covoiturage et les initiatives communautaires pour les personnes ayant des probl\u00e8mes de mobilit\u00e9 (p. ex., transport adapt\u00e9, arr\u00eats d\u2019autobus accessibles). <\/p>\n\n\n\n<p>3) <a href=\"https:\/\/inclusivemap.ca\/fr\/project\/\"><strong>Accessibilit\u00e9 sociale<\/strong><\/a> : Se concentre sur les attitudes et les facteurs sociaux, une composante essentielle des communaut\u00e9s inclusives qui peut r\u00e9duire ou faciliter la mobilit\u00e9, l\u2019acc\u00e8s et la participation sociale des personnes handicap\u00e9es.<br><\/p>\n\n\n\n<p>Pour plus d\u2019informations sur les projets MAP en cours, consultez les pages <a href=\"https:\/\/inclusivemap.ca\/fr\/project\/\">Nos Projets<\/a> et <a href=\"https:\/\/inclusivemap.ca\/fr\/impliquez-vous\/\">Impliquez-vous<\/a>.<\/p>\n","protected":false},"excerpt":{"rendered":"<p>De nombreux Canadiens ont diff\u00e9rents types de handicaps, tels que physiques, cognitifs ou sensoriels, qui affectent leur capacit\u00e9 \u00e0 se d\u00e9placer et \u00e0 participer librement au sein de leur communaut\u00e9. Un partenariat pour am\u00e9liorer la mobilit\u00e9, l\u2019acc\u00e8s et la participation des personnes handicap\u00e9es, connu sous le nom de MAP, qui vise \u00e0 aider les organismes<a class=\"more-link\" href=\"https:\/\/inclusivemap.ca\/fr\/ce-que-nous-faisons\/\">Poursuivre la lecture de <span class=\"screen-reader-text\">\u00ab\u00a0Ce que nous faisons\u00a0\u00bb<\/span><\/a><\/p>\n","protected":false},"author":1,"featured_media":0,"parent":0,"menu_order":0,"comment_status":"closed","ping_status":"closed","template":"","meta":{"_acf_changed":false,"inline_featured_image":false,"footnotes":""},"publication_categories":[],"class_list":["post-998","page","type-page","status-publish","hentry","entry"],"acf":[],"yoast_head":"<!-- This site is optimized with the Yoast SEO plugin v26.9 - https:\/\/yoast.com\/product\/yoast-seo-wordpress\/ -->\n<title>Ce que nous faisons - Inclusivemap<\/title>\n<meta name=\"robots\" content=\"index, follow, max-snippet:-1, max-image-preview:large, max-video-preview:-1\" \/>\n<link rel=\"canonical\" href=\"https:\/\/inclusivemap.ca\/fr\/ce-que-nous-faisons\/\" \/>\n<meta property=\"og:locale\" content=\"fr_FR\" \/>\n<meta property=\"og:type\" content=\"article\" \/>\n<meta property=\"og:title\" content=\"Ce que nous faisons - Inclusivemap\" \/>\n<meta property=\"og:description\" content=\"De nombreux Canadiens ont diff\u00e9rents types de handicaps, tels que physiques, cognitifs ou sensoriels, qui affectent leur capacit\u00e9 \u00e0 se d\u00e9placer et \u00e0 participer librement au sein de leur communaut\u00e9. Un partenariat pour am\u00e9liorer la mobilit\u00e9, l\u2019acc\u00e8s et la participation des personnes handicap\u00e9es, connu sous le nom de MAP, qui vise \u00e0 aider les organismesPoursuivre la lecture de &quot;Ce que nous faisons&quot;\" \/>\n<meta property=\"og:url\" content=\"https:\/\/inclusivemap.ca\/fr\/ce-que-nous-faisons\/\" \/>\n<meta property=\"og:site_name\" content=\"Inclusivemap\" \/>\n<meta property=\"article:modified_time\" content=\"2023-05-11T21:21:39+00:00\" \/>\n<meta property=\"og:image\" content=\"https:\/\/inclusivemap.ca\/wp-content\/uploads\/2022\/11\/Tactile-pavement.jpeg\" \/>\n<meta name=\"twitter:card\" content=\"summary_large_image\" \/>\n<meta name=\"twitter:label1\" content=\"Dur\u00e9e de lecture estim\u00e9e\" \/>\n\t<meta name=\"twitter:data1\" content=\"2 minutes\" \/>\n<script type=\"application\/ld+json\" class=\"yoast-schema-graph\">{\"@context\":\"https:\/\/schema.org\",\"@graph\":[{\"@type\":\"WebPage\",\"@id\":\"https:\/\/inclusivemap.ca\/fr\/ce-que-nous-faisons\/\",\"url\":\"https:\/\/inclusivemap.ca\/fr\/ce-que-nous-faisons\/\",\"name\":\"Ce que nous faisons - Inclusivemap\",\"isPartOf\":{\"@id\":\"https:\/\/inclusivemap.ca\/fr\/#website\"},\"primaryImageOfPage\":{\"@id\":\"https:\/\/inclusivemap.ca\/fr\/ce-que-nous-faisons\/#primaryimage\"},\"image\":{\"@id\":\"https:\/\/inclusivemap.ca\/fr\/ce-que-nous-faisons\/#primaryimage\"},\"thumbnailUrl\":\"https:\/\/inclusivemap.ca\/wp-content\/uploads\/2022\/11\/Tactile-pavement.jpeg\",\"datePublished\":\"2022-06-08T13:41:45+00:00\",\"dateModified\":\"2023-05-11T21:21:39+00:00\",\"breadcrumb\":{\"@id\":\"https:\/\/inclusivemap.ca\/fr\/ce-que-nous-faisons\/#breadcrumb\"},\"inLanguage\":\"fr-FR\",\"potentialAction\":[{\"@type\":\"ReadAction\",\"target\":[\"https:\/\/inclusivemap.ca\/fr\/ce-que-nous-faisons\/\"]}]},{\"@type\":\"ImageObject\",\"inLanguage\":\"fr-FR\",\"@id\":\"https:\/\/inclusivemap.ca\/fr\/ce-que-nous-faisons\/#primaryimage\",\"url\":\"https:\/\/inclusivemap.ca\/wp-content\/uploads\/2022\/11\/Tactile-pavement.jpeg\",\"contentUrl\":\"https:\/\/inclusivemap.ca\/wp-content\/uploads\/2022\/11\/Tactile-pavement.jpeg\"},{\"@type\":\"BreadcrumbList\",\"@id\":\"https:\/\/inclusivemap.ca\/fr\/ce-que-nous-faisons\/#breadcrumb\",\"itemListElement\":[{\"@type\":\"ListItem\",\"position\":1,\"name\":\"Home\",\"item\":\"https:\/\/inclusivemap.ca\/fr\/\"},{\"@type\":\"ListItem\",\"position\":2,\"name\":\"Ce que nous faisons\"}]},{\"@type\":\"WebSite\",\"@id\":\"https:\/\/inclusivemap.ca\/fr\/#website\",\"url\":\"https:\/\/inclusivemap.ca\/fr\/\",\"name\":\"Inclusivemap\",\"description\":\"MAP \u2013 Mobility | Access | Participation\",\"publisher\":{\"@id\":\"https:\/\/inclusivemap.ca\/fr\/#organization\"},\"potentialAction\":[{\"@type\":\"SearchAction\",\"target\":{\"@type\":\"EntryPoint\",\"urlTemplate\":\"https:\/\/inclusivemap.ca\/fr\/?s={search_term_string}\"},\"query-input\":{\"@type\":\"PropertyValueSpecification\",\"valueRequired\":true,\"valueName\":\"search_term_string\"}}],\"inLanguage\":\"fr-FR\"},{\"@type\":\"Organization\",\"@id\":\"https:\/\/inclusivemap.ca\/fr\/#organization\",\"name\":\"Inclusivemap\",\"url\":\"https:\/\/inclusivemap.ca\/fr\/\",\"logo\":{\"@type\":\"ImageObject\",\"inLanguage\":\"fr-FR\",\"@id\":\"https:\/\/inclusivemap.ca\/fr\/#\/schema\/logo\/image\/\",\"url\":\"https:\/\/inclusivemap.ca\/wp-content\/uploads\/2022\/07\/map_bigprint_lighterblue.png\",\"contentUrl\":\"https:\/\/inclusivemap.ca\/wp-content\/uploads\/2022\/07\/map_bigprint_lighterblue.png\",\"width\":8348,\"height\":4563,\"caption\":\"Inclusivemap\"},\"image\":{\"@id\":\"https:\/\/inclusivemap.ca\/fr\/#\/schema\/logo\/image\/\"}}]}<\/script>\n<!-- \/ Yoast SEO plugin. -->","yoast_head_json":{"title":"Ce que nous faisons - Inclusivemap","robots":{"index":"index","follow":"follow","max-snippet":"max-snippet:-1","max-image-preview":"max-image-preview:large","max-video-preview":"max-video-preview:-1"},"canonical":"https:\/\/inclusivemap.ca\/fr\/ce-que-nous-faisons\/","og_locale":"fr_FR","og_type":"article","og_title":"Ce que nous faisons - Inclusivemap","og_description":"De nombreux Canadiens ont diff\u00e9rents types de handicaps, tels que physiques, cognitifs ou sensoriels, qui affectent leur capacit\u00e9 \u00e0 se d\u00e9placer et \u00e0 participer librement au sein de leur communaut\u00e9. Un partenariat pour am\u00e9liorer la mobilit\u00e9, l\u2019acc\u00e8s et la participation des personnes handicap\u00e9es, connu sous le nom de MAP, qui vise \u00e0 aider les organismesPoursuivre la lecture de \"Ce que nous faisons\"","og_url":"https:\/\/inclusivemap.ca\/fr\/ce-que-nous-faisons\/","og_site_name":"Inclusivemap","article_modified_time":"2023-05-11T21:21:39+00:00","og_image":[{"url":"https:\/\/inclusivemap.ca\/wp-content\/uploads\/2022\/11\/Tactile-pavement.jpeg","type":"","width":"","height":""}],"twitter_card":"summary_large_image","twitter_misc":{"Dur\u00e9e de lecture estim\u00e9e":"2 minutes"},"schema":{"@context":"https:\/\/schema.org","@graph":[{"@type":"WebPage","@id":"https:\/\/inclusivemap.ca\/fr\/ce-que-nous-faisons\/","url":"https:\/\/inclusivemap.ca\/fr\/ce-que-nous-faisons\/","name":"Ce que nous faisons - Inclusivemap","isPartOf":{"@id":"https:\/\/inclusivemap.ca\/fr\/#website"},"primaryImageOfPage":{"@id":"https:\/\/inclusivemap.ca\/fr\/ce-que-nous-faisons\/#primaryimage"},"image":{"@id":"https:\/\/inclusivemap.ca\/fr\/ce-que-nous-faisons\/#primaryimage"},"thumbnailUrl":"https:\/\/inclusivemap.ca\/wp-content\/uploads\/2022\/11\/Tactile-pavement.jpeg","datePublished":"2022-06-08T13:41:45+00:00","dateModified":"2023-05-11T21:21:39+00:00","breadcrumb":{"@id":"https:\/\/inclusivemap.ca\/fr\/ce-que-nous-faisons\/#breadcrumb"},"inLanguage":"fr-FR","potentialAction":[{"@type":"ReadAction","target":["https:\/\/inclusivemap.ca\/fr\/ce-que-nous-faisons\/"]}]},{"@type":"ImageObject","inLanguage":"fr-FR","@id":"https:\/\/inclusivemap.ca\/fr\/ce-que-nous-faisons\/#primaryimage","url":"https:\/\/inclusivemap.ca\/wp-content\/uploads\/2022\/11\/Tactile-pavement.jpeg","contentUrl":"https:\/\/inclusivemap.ca\/wp-content\/uploads\/2022\/11\/Tactile-pavement.jpeg"},{"@type":"BreadcrumbList","@id":"https:\/\/inclusivemap.ca\/fr\/ce-que-nous-faisons\/#breadcrumb","itemListElement":[{"@type":"ListItem","position":1,"name":"Home","item":"https:\/\/inclusivemap.ca\/fr\/"},{"@type":"ListItem","position":2,"name":"Ce que nous faisons"}]},{"@type":"WebSite","@id":"https:\/\/inclusivemap.ca\/fr\/#website","url":"https:\/\/inclusivemap.ca\/fr\/","name":"Inclusivemap","description":"MAP \u2013 Mobility | Access | Participation","publisher":{"@id":"https:\/\/inclusivemap.ca\/fr\/#organization"},"potentialAction":[{"@type":"SearchAction","target":{"@type":"EntryPoint","urlTemplate":"https:\/\/inclusivemap.ca\/fr\/?s={search_term_string}"},"query-input":{"@type":"PropertyValueSpecification","valueRequired":true,"valueName":"search_term_string"}}],"inLanguage":"fr-FR"},{"@type":"Organization","@id":"https:\/\/inclusivemap.ca\/fr\/#organization","name":"Inclusivemap","url":"https:\/\/inclusivemap.ca\/fr\/","logo":{"@type":"ImageObject","inLanguage":"fr-FR","@id":"https:\/\/inclusivemap.ca\/fr\/#\/schema\/logo\/image\/","url":"https:\/\/inclusivemap.ca\/wp-content\/uploads\/2022\/07\/map_bigprint_lighterblue.png","contentUrl":"https:\/\/inclusivemap.ca\/wp-content\/uploads\/2022\/07\/map_bigprint_lighterblue.png","width":8348,"height":4563,"caption":"Inclusivemap"},"image":{"@id":"https:\/\/inclusivemap.ca\/fr\/#\/schema\/logo\/image\/"}}]}},"_links":{"self":[{"href":"https:\/\/inclusivemap.ca\/fr\/wp-json\/wp\/v2\/pages\/998","targetHints":{"allow":["GET"]}}],"collection":[{"href":"https:\/\/inclusivemap.ca\/fr\/wp-json\/wp\/v2\/pages"}],"about":[{"href":"https:\/\/inclusivemap.ca\/fr\/wp-json\/wp\/v2\/types\/page"}],"author":[{"embeddable":true,"href":"https:\/\/inclusivemap.ca\/fr\/wp-json\/wp\/v2\/users\/1"}],"replies":[{"embeddable":true,"href":"https:\/\/inclusivemap.ca\/fr\/wp-json\/wp\/v2\/comments?post=998"}],"version-history":[{"count":5,"href":"https:\/\/inclusivemap.ca\/fr\/wp-json\/wp\/v2\/pages\/998\/revisions"}],"predecessor-version":[{"id":1702,"href":"https:\/\/inclusivemap.ca\/fr\/wp-json\/wp\/v2\/pages\/998\/revisions\/1702"}],"wp:attachment":[{"href":"https:\/\/inclusivemap.ca\/fr\/wp-json\/wp\/v2\/media?parent=998"}],"wp:term":[{"taxonomy":"publication_categories","embeddable":true,"href":"https:\/\/inclusivemap.ca\/fr\/wp-json\/wp\/v2\/publication_categories?post=998"}],"curies":[{"name":"wp","href":"https:\/\/api.w.org\/{rel}","templated":true}]}}